{"id":121550,"date":"2025-12-10T19:04:06","date_gmt":"2025-12-10T18:04:06","guid":{"rendered":"https:\/\/sendapp.live\/?page_id=121550"},"modified":"2025-12-15T16:26:28","modified_gmt":"2025-12-15T15:26:28","slug":"keyword-abonnement-im-sendapp-agenten","status":"publish","type":"page","link":"https:\/\/sendapp.live\/de\/sottoscrizione-per-parole-chiave-in-sendapp-agent\/","title":{"rendered":"Keyword-Abonnement im SendApp-Agenten"},"content":{"rendered":"<div id=\"fws_69e27553065f7\"  data-column-margin=\"default\" data-midnight=\"dark\" data-top-percent=\"2%\"  class=\"wpb_row vc_row-fluid vc_row\"  style=\"padding-top: calc(100vw * 0.02); padding-bottom: 0px; \"><div class=\"row-bg-wrap\" data-bg-animation=\"none\" data-bg-animation-delay=\"\" data-bg-overlay=\"false\"><div class=\"inner-wrap row-bg-layer\" ><div class=\"row-bg viewport-desktop\"  style=\"\"><\/div><\/div><\/div><div class=\"row_col_wrap_12 col span_12 dark left\">\n\t<div  class=\"vc_col-sm-6 wpb_column column_container vc_column_container col no-extra-padding inherit_tablet inherit_phone\"  data-padding-pos=\"all\" data-has-bg-color=\"false\" data-bg-color=\"\" data-bg-opacity=\"1\" data-animation=\"\" data-delay=\"0\" >\n\t\t<div class=\"vc_column-inner\" >\n\t\t\t<div class=\"wpb_wrapper\">\n\t\t\t\t<div class=\"img-with-aniamtion-wrap  custom-size\" data-max-width=\"100%\" data-max-width-mobile=\"default\" data-shadow=\"none\" data-animation=\"fade-in\" >\n      <div class=\"inner\">\n        <div class=\"hover-wrap\"> \n          <div class=\"hover-wrap-inner\">\n            <img loading=\"lazy\" decoding=\"async\" class=\"img-with-animation skip-lazy\" data-delay=\"0\" height=\"826\" width=\"948\" data-animation=\"fade-in\" src=\"https:\/\/sendapp.live\/wp-content\/uploads\/2025\/09\/sendapp-official-mobie.png\" alt=\"\" srcset=\"https:\/\/sendapp.live\/wp-content\/uploads\/2025\/09\/sendapp-official-mobie.png 948w, https:\/\/sendapp.live\/wp-content\/uploads\/2025\/09\/sendapp-official-mobie-300x261.png 300w, https:\/\/sendapp.live\/wp-content\/uploads\/2025\/09\/sendapp-official-mobie-768x669.png 768w, https:\/\/sendapp.live\/wp-content\/uploads\/2025\/09\/sendapp-official-mobie-14x12.png 14w\" sizes=\"auto, (max-width: 948px) 100vw, 948px\" \/>\n          <\/div>\n        <\/div>\n      <\/div>\n    <\/div>\n\t\t\t<\/div> \n\t\t<\/div>\n\t<\/div> \n\n\t<div  class=\"vc_col-sm-6 wpb_column column_container vc_column_container col no-extra-padding inherit_tablet inherit_phone\"  data-padding-pos=\"all\" data-has-bg-color=\"false\" data-bg-color=\"\" data-bg-opacity=\"1\" data-animation=\"\" data-delay=\"0\" >\n\t\t<div class=\"vc_column-inner\" >\n\t\t\t<div class=\"wpb_wrapper\">\n\t\t\t\t\n<div class=\"wpb_text_column wpb_content_element\" >\n\t<div class=\"wpb_wrapper\">\n\t\t<h2 style=\"text-align: left;\"><span style=\"color: #008000;\">Sendapp-Agent<br \/>\nautomatische Anmeldung und Abmeldung<\/span><\/h2>\n\t<\/div>\n<\/div>\n\n\n\n<div class=\"divider-wrap\" data-alignment=\"default\"><div style=\"height: 10px;\" class=\"divider\"><\/div><\/div>\n<div class=\"wpb_text_column wpb_content_element\" >\n\t<div class=\"wpb_wrapper\">\n\t\t<h3 style=\"text-align: left;\">Mit\u00a0<strong>SendApp Agent<\/strong>, automatisches Abonnieren und Abmelden<\/h3>\n\t<\/div>\n<\/div>\n\n\n\n<div class=\"divider-wrap\" data-alignment=\"default\"><div style=\"height: 30px;\" class=\"divider\"><\/div><\/div><a class=\"nectar-button jumbo regular accent-color  regular-button\"  role=\"button\" style=\"\" target=\"_blank\" href=\"https:\/\/sendapp.live\/de\/whatsapp-agentenpreis\/\" data-color-override=\"false\" data-hover-color-override=\"false\" data-hover-text-color-override=\"#fff\"><span>Kostenlose Testphase<\/span><\/a>\n\t\t\t<\/div> \n\t\t<\/div>\n\t<\/div> \n<\/div><\/div>\n\t\t<div id=\"fws_69e2755307568\"  data-column-margin=\"default\" data-midnight=\"dark\"  class=\"wpb_row vc_row-fluid vc_row\"  style=\"padding-top: 0px; padding-bottom: 0px; \"><div class=\"row-bg-wrap\" data-bg-animation=\"none\" data-bg-animation-delay=\"\" data-bg-overlay=\"false\"><div class=\"inner-wrap row-bg-layer\" ><div class=\"row-bg viewport-desktop\"  style=\"\"><\/div><\/div><\/div><div class=\"row_col_wrap_12 col span_12 dark left\">\n\t<div  class=\"vc_col-sm-12 wpb_column column_container vc_column_container col no-extra-padding inherit_tablet inherit_phone\"  data-padding-pos=\"all\" data-has-bg-color=\"false\" data-bg-color=\"\" data-bg-opacity=\"1\" data-animation=\"\" data-delay=\"0\" >\n\t\t<div class=\"vc_column-inner\" >\n\t\t\t<div class=\"wpb_wrapper\">\n\t\t\t\t\n<div class=\"wpb_text_column wpb_content_element\" >\n\t<div class=\"wpb_wrapper\">\n\t\t<h2><strong>So funktioniert die Keyword-Abonnementfunktion im SendApp-Agenten<\/strong><\/h2>\n<p>Die Funktion <strong>Keyword-Abonnement<\/strong> Erm\u00f6glicht es Ihnen, Kontakten automatisch Tags zuzuweisen, wenn diese eine Nachricht mit einem bestimmten Schl\u00fcsselwort senden.<br \/>\nEs ist ein unverzichtbares Werkzeug zur Automatisierung von Abonnements, Abmeldungen, Segmentierung und Marketingaktivierung.<\/p>\n<h2><strong>Wozu dient es?<\/strong><\/h2>\n<p>Mit dem Keyword-Abonnement k\u00f6nnen Sie:<\/p>\n<ul>\n<li>Automatische Kampagnenabonnements erstellen;<\/li>\n<li>Tags ohne menschliches Eingreifen zuweisen oder entfernen;<\/li>\n<li>Schl\u00fcsselw\u00f6rter in Gro\u00df- und Kleinschreibung unterscheiden;<\/li>\n<li>entscheiden, ob eine exakte Nachrichten\u00fcbereinstimmung angefordert werden soll;<\/li>\n<li>Hochpr\u00e4zise Segmentierungsabl\u00e4ufe erstellen.<\/li>\n<\/ul>\n<p>Es eignet sich perfekt f\u00fcr Unternehmen, die Leads, Veranstaltungsanmeldungen, Werbeaktionen, WhatsApp-Newsletter und SMS-Listen verwalten.<\/p>\n<h2><strong>So erstellen Sie Ihr erstes Keyword-Abonnement<\/strong><\/h2>\n<h3><strong>\u00d6ffnen Sie den Abschnitt \u201eAnwendungen\u201c.<\/strong><\/h3>\n<p>Gehen Sie im Seitenmen\u00fc des SendApp-Agenten zu:<\/p>\n<p><strong>Anwendungen \u2192 Einrichtung des Keyword-Abonnements<\/strong><\/p>\n<p>Sie sehen den Einf\u00fchrungsbildschirm mit der Schaltfl\u00e4che:<\/p>\n<p>\u2714\ufe0f <strong>Abonnement erstellen<\/strong><\/p>\n<p>Klicken Sie hier, um die Einrichtung zu starten.<\/p>\n<p>&nbsp;<\/p>\n<p><img loading=\"lazy\" decoding=\"async\" class=\"aligncenter wp-image-121551 size-full\" src=\"https:\/\/sendapp.live\/wp-content\/uploads\/2025\/12\/1-1-scaled.png\" alt=\"\" width=\"2560\" height=\"1430\" srcset=\"https:\/\/sendapp.live\/wp-content\/uploads\/2025\/12\/1-1-scaled.png 2560w, https:\/\/sendapp.live\/wp-content\/uploads\/2025\/12\/1-1-300x168.png 300w, https:\/\/sendapp.live\/wp-content\/uploads\/2025\/12\/1-1-1024x572.png 1024w, https:\/\/sendapp.live\/wp-content\/uploads\/2025\/12\/1-1-768x429.png 768w, https:\/\/sendapp.live\/wp-content\/uploads\/2025\/12\/1-1-1536x858.png 1536w, https:\/\/sendapp.live\/wp-content\/uploads\/2025\/12\/1-1-2048x1144.png 2048w, https:\/\/sendapp.live\/wp-content\/uploads\/2025\/12\/1-1-18x10.png 18w, https:\/\/sendapp.live\/wp-content\/uploads\/2025\/12\/1-1-600x335.png 600w\" sizes=\"auto, (max-width: 2560px) 100vw, 2560px\" \/><\/p>\n<h3><\/h3>\n<h2><strong>Passende Optionen<\/strong><\/h2>\n<p>Diese Optionen machen das System genauer.<\/p>\n<h3>\u2714\ufe0f Gro\u00dfbuchstaben \/ Kleinbuchstaben<\/h3>\n<p>Wenn diese Option aktiviert ist, werden \u201cANMELDEN\u201d und \u201cAbonnieren\u201d als zwei verschiedene W\u00f6rter behandelt.<\/p>\n<h3>\u2714\ufe0f Exakte \u00dcbereinstimmung<\/h3>\n<p>Wenn diese Option aktiviert ist, muss die Nachricht mit dem Schl\u00fcsselwort identisch sein.<\/p>\n<p>Beispiel:<\/p>\n<ul>\n<li>Stichwort: <strong>#1<\/strong><\/li>\n<li>Der Kontakt darf nur senden <strong>#1<\/strong><\/li>\n<\/ul>\n<p>Wenn diese Option deaktiviert ist, erkennt das System das Schl\u00fcsselwort auch innerhalb l\u00e4ngerer S\u00e4tze.<\/p>\n<h2><strong>Praxisbeispiele<\/strong><\/h2>\n<h3><strong>Beispiel 1 \u2013 Klassische Registrierung<\/strong><\/h3>\n<ul>\n<li>Stichwort: <strong>Ich m\u00f6chte mich anmelden<\/strong><\/li>\n<li>Tag zugewiesen: <strong>eingeschrieben<\/strong><\/li>\n<li>Best\u00e4tigungsnachricht: \u201cSie haben unsere Werbekampagnen erfolgreich abonniert.\u201d<\/li>\n<\/ul>\n<p>&nbsp;<\/p>\n<p><img loading=\"lazy\" decoding=\"async\" class=\"aligncenter wp-image-121552 size-full\" src=\"https:\/\/sendapp.live\/wp-content\/uploads\/2025\/12\/2-1-scaled.png\" alt=\"\" width=\"2560\" height=\"1430\" srcset=\"https:\/\/sendapp.live\/wp-content\/uploads\/2025\/12\/2-1-scaled.png 2560w, https:\/\/sendapp.live\/wp-content\/uploads\/2025\/12\/2-1-300x168.png 300w, https:\/\/sendapp.live\/wp-content\/uploads\/2025\/12\/2-1-1024x572.png 1024w, https:\/\/sendapp.live\/wp-content\/uploads\/2025\/12\/2-1-768x429.png 768w, https:\/\/sendapp.live\/wp-content\/uploads\/2025\/12\/2-1-1536x858.png 1536w, https:\/\/sendapp.live\/wp-content\/uploads\/2025\/12\/2-1-2048x1144.png 2048w, https:\/\/sendapp.live\/wp-content\/uploads\/2025\/12\/2-1-18x10.png 18w, https:\/\/sendapp.live\/wp-content\/uploads\/2025\/12\/2-1-600x335.png 600w\" sizes=\"auto, (max-width: 2560px) 100vw, 2560px\" \/><\/p>\n<p>&nbsp;<\/p>\n<p><img loading=\"lazy\" decoding=\"async\" class=\"aligncenter wp-image-121553 size-full\" src=\"https:\/\/sendapp.live\/wp-content\/uploads\/2025\/12\/3-1-scaled.png\" alt=\"\" width=\"2560\" height=\"1477\" srcset=\"https:\/\/sendapp.live\/wp-content\/uploads\/2025\/12\/3-1-scaled.png 2560w, https:\/\/sendapp.live\/wp-content\/uploads\/2025\/12\/3-1-300x173.png 300w, https:\/\/sendapp.live\/wp-content\/uploads\/2025\/12\/3-1-1024x591.png 1024w, https:\/\/sendapp.live\/wp-content\/uploads\/2025\/12\/3-1-768x443.png 768w, https:\/\/sendapp.live\/wp-content\/uploads\/2025\/12\/3-1-1536x886.png 1536w, https:\/\/sendapp.live\/wp-content\/uploads\/2025\/12\/3-1-2048x1182.png 2048w, https:\/\/sendapp.live\/wp-content\/uploads\/2025\/12\/3-1-18x10.png 18w, https:\/\/sendapp.live\/wp-content\/uploads\/2025\/12\/3-1-600x346.png 600w\" sizes=\"auto, (max-width: 2560px) 100vw, 2560px\" \/><\/p>\n<h2><\/h2>\n<h3><strong>Beispiel 2 \u2013 Abmelden<\/strong><\/h3>\n<ul>\n<li>Stichwort: <strong>L\u00d6SCHEN<\/strong><\/li>\n<li>Tag zugewiesen: <strong>gel\u00f6scht<\/strong><\/li>\n<li>Best\u00e4tigungsmeldung: \u201cAbmeldung erfolgreich\u201d<\/li>\n<\/ul>\n<p>&nbsp;<\/p>\n<p><img loading=\"lazy\" decoding=\"async\" class=\"aligncenter wp-image-121554 size-full\" src=\"https:\/\/sendapp.live\/wp-content\/uploads\/2025\/12\/4-scaled.png\" alt=\"\" width=\"2560\" height=\"1477\" srcset=\"https:\/\/sendapp.live\/wp-content\/uploads\/2025\/12\/4-scaled.png 2560w, https:\/\/sendapp.live\/wp-content\/uploads\/2025\/12\/4-300x173.png 300w, https:\/\/sendapp.live\/wp-content\/uploads\/2025\/12\/4-1024x591.png 1024w, https:\/\/sendapp.live\/wp-content\/uploads\/2025\/12\/4-768x443.png 768w, https:\/\/sendapp.live\/wp-content\/uploads\/2025\/12\/4-1536x886.png 1536w, https:\/\/sendapp.live\/wp-content\/uploads\/2025\/12\/4-2048x1182.png 2048w, https:\/\/sendapp.live\/wp-content\/uploads\/2025\/12\/4-18x10.png 18w, https:\/\/sendapp.live\/wp-content\/uploads\/2025\/12\/4-600x346.png 600w\" sizes=\"auto, (max-width: 2560px) 100vw, 2560px\" \/><\/p>\n<p>&nbsp;<\/p>\n<h2><\/h2>\n<h3><strong>Beispiel 3 \u2013 Unternehmenssegmentierung<\/strong><\/h3>\n<ul>\n<li>Stichwort: <strong>#1<\/strong><\/li>\n<li>Tag zugewiesen: <strong>Agentur<\/strong><\/li>\n<li>Option: <strong>Exakte \u00dcbereinstimmung<\/strong><\/li>\n<li>Best\u00e4tigungsnachricht: \u201cVielen Dank, dass Sie uns mitgeteilt haben, dass Sie ein Unternehmen sind.\u201d<\/li>\n<\/ul>\n<p>Ideal zur automatischen Unterscheidung von Einzelpersonen und Unternehmen.<\/p>\n<p>&nbsp;<\/p>\n<p><img loading=\"lazy\" decoding=\"async\" class=\"aligncenter wp-image-121555 size-full\" src=\"https:\/\/sendapp.live\/wp-content\/uploads\/2025\/12\/5-scaled.png\" alt=\"\" width=\"2560\" height=\"1477\" srcset=\"https:\/\/sendapp.live\/wp-content\/uploads\/2025\/12\/5-scaled.png 2560w, https:\/\/sendapp.live\/wp-content\/uploads\/2025\/12\/5-300x173.png 300w, https:\/\/sendapp.live\/wp-content\/uploads\/2025\/12\/5-1024x591.png 1024w, https:\/\/sendapp.live\/wp-content\/uploads\/2025\/12\/5-768x443.png 768w, https:\/\/sendapp.live\/wp-content\/uploads\/2025\/12\/5-1536x886.png 1536w, https:\/\/sendapp.live\/wp-content\/uploads\/2025\/12\/5-2048x1182.png 2048w, https:\/\/sendapp.live\/wp-content\/uploads\/2025\/12\/5-18x10.png 18w, https:\/\/sendapp.live\/wp-content\/uploads\/2025\/12\/5-600x346.png 600w\" sizes=\"auto, (max-width: 2560px) 100vw, 2560px\" \/><\/p>\n<p>&nbsp;<\/p>\n<h3><strong>Die Regel aktivieren<\/strong><\/h3>\n<p>Ganz unten finden Sie den Schalter:<\/p>\n<p>\ud83d\udd18 <strong>Aktiv<\/strong><\/p>\n<p>Wenn die Anzeige gr\u00fcn ist, ist Ihr Abonnement aktiv.<\/p>\n<p>Klicken <strong>speichern<\/strong> um den Vorgang abzuschlie\u00dfen.<\/p>\n<h3><\/h3>\n<h3><strong>Abschluss<\/strong><\/h3>\n<p>SendApp Agents Keyword Subscription ist ein leistungsstarkes Tool zur vollst\u00e4ndigen Automatisierung der WhatsApp- und SMS-Kontaktverwaltung.<br \/>\nEs erm\u00f6glicht Ihnen, intelligente Abl\u00e4ufe zu erstellen, Tags automatisch zuzuweisen und Benutzer mit absoluter Pr\u00e4zision zu segmentieren.<\/p>\n\t<\/div>\n<\/div>\n\n\n\n\n\t\t\t<\/div> \n\t\t<\/div>\n\t<\/div> \n<\/div><\/div>","protected":false},"excerpt":{"rendered":"Automatische Abonnements und Abmeldungen mit SendApp Agent. Mit SendApp Agent k\u00f6nnen Sie Abonnements automatisch abonnieren und abbestellen. Kostenlose Testversion. So funktioniert das Keyword-Abonnement in SendApp Agent: Die Keyword-Abonnement-Funktion...","protected":false},"author":1,"featured_media":121557,"parent":0,"menu_order":0,"comment_status":"closed","ping_status":"closed","template":"","meta":{"_daim_seo_power":"1000","_daim_enable_ail":"1","footnotes":""},"class_list":["post-121550","page","type-page","status-publish","has-post-thumbnail"],"yoast_head":"<!-- This site is optimized with the Yoast SEO Premium plugin v27.3 (Yoast SEO v27.3) - https:\/\/yoast.com\/product\/yoast-seo-premium-wordpress\/ -->\n<title>Sottoscrizione per Parole Chiave in SendApp Agent<\/title>\n<meta name=\"description\" content=\"La funzione Sottoscrizione per Parole Chiave permette di assegnare automaticamente tag ai contatti quando inviano un messaggio...\" \/>\n<meta name=\"robots\" content=\"index, follow, max-snippet:-1, max-image-preview:large, max-video-preview:-1\" \/>\n<link rel=\"canonical\" href=\"https:\/\/sendapp.live\/de\/keyword-abonnement-im-sendapp-agenten\/\" \/>\n<meta property=\"og:locale\" content=\"de_DE\" \/>\n<meta property=\"og:type\" content=\"article\" \/>\n<meta property=\"og:title\" content=\"Sottoscrizione per Parole Chiave in SendApp Agent\" \/>\n<meta property=\"og:description\" content=\"La funzione Sottoscrizione per Parole Chiave permette di assegnare automaticamente tag ai contatti quando inviano un messaggio...\" \/>\n<meta property=\"og:url\" content=\"https:\/\/sendapp.live\/de\/keyword-abonnement-im-sendapp-agenten\/\" \/>\n<meta property=\"og:site_name\" content=\"SendApp - Software Whatsapp Marketing\" \/>\n<meta property=\"article:publisher\" content=\"https:\/\/www.facebook.com\/sendapp.live\" \/>\n<meta property=\"article:modified_time\" content=\"2025-12-15T15:26:28+00:00\" \/>\n<meta property=\"og:image\" content=\"https:\/\/sendapp.live\/wp-content\/uploads\/2025\/12\/ChatGPT-Image-10-dic-2025-18_58_25.png\" \/>\n\t<meta property=\"og:image:width\" content=\"1024\" \/>\n\t<meta property=\"og:image:height\" content=\"1024\" \/>\n\t<meta property=\"og:image:type\" content=\"image\/png\" \/>\n<meta name=\"twitter:card\" content=\"summary_large_image\" \/>\n<meta name=\"twitter:site\" content=\"@sendapp_live\" \/>\n<meta name=\"twitter:label1\" content=\"Gesch\u00e4tzte Lesezeit\" \/>\n\t<meta name=\"twitter:data1\" content=\"4\u00a0Minuten\" \/>\n<script type=\"application\/ld+json\" class=\"yoast-schema-graph\">{\"@context\":\"https:\\\/\\\/schema.org\",\"@graph\":[{\"@type\":\"WebPage\",\"@id\":\"https:\\\/\\\/sendapp.live\\\/sottoscrizione-per-parole-chiave-in-sendapp-agent\\\/\",\"url\":\"https:\\\/\\\/sendapp.live\\\/sottoscrizione-per-parole-chiave-in-sendapp-agent\\\/\",\"name\":\"Sottoscrizione per Parole Chiave in SendApp Agent\",\"isPartOf\":{\"@id\":\"https:\\\/\\\/sendapp.live\\\/it\\\/#website\"},\"primaryImageOfPage\":{\"@id\":\"https:\\\/\\\/sendapp.live\\\/sottoscrizione-per-parole-chiave-in-sendapp-agent\\\/#primaryimage\"},\"image\":{\"@id\":\"https:\\\/\\\/sendapp.live\\\/sottoscrizione-per-parole-chiave-in-sendapp-agent\\\/#primaryimage\"},\"thumbnailUrl\":\"https:\\\/\\\/sendapp.live\\\/wp-content\\\/uploads\\\/2025\\\/12\\\/ChatGPT-Image-10-dic-2025-18_58_25.png\",\"datePublished\":\"2025-12-10T18:04:06+00:00\",\"dateModified\":\"2025-12-15T15:26:28+00:00\",\"description\":\"La funzione Sottoscrizione per Parole Chiave permette di assegnare automaticamente tag ai contatti quando inviano un messaggio...\",\"breadcrumb\":{\"@id\":\"https:\\\/\\\/sendapp.live\\\/sottoscrizione-per-parole-chiave-in-sendapp-agent\\\/#breadcrumb\"},\"inLanguage\":\"de\",\"potentialAction\":[{\"@type\":\"ReadAction\",\"target\":[\"https:\\\/\\\/sendapp.live\\\/sottoscrizione-per-parole-chiave-in-sendapp-agent\\\/\"]}]},{\"@type\":\"ImageObject\",\"inLanguage\":\"de\",\"@id\":\"https:\\\/\\\/sendapp.live\\\/sottoscrizione-per-parole-chiave-in-sendapp-agent\\\/#primaryimage\",\"url\":\"https:\\\/\\\/sendapp.live\\\/wp-content\\\/uploads\\\/2025\\\/12\\\/ChatGPT-Image-10-dic-2025-18_58_25.png\",\"contentUrl\":\"https:\\\/\\\/sendapp.live\\\/wp-content\\\/uploads\\\/2025\\\/12\\\/ChatGPT-Image-10-dic-2025-18_58_25.png\",\"width\":1024,\"height\":1024},{\"@type\":\"BreadcrumbList\",\"@id\":\"https:\\\/\\\/sendapp.live\\\/sottoscrizione-per-parole-chiave-in-sendapp-agent\\\/#breadcrumb\",\"itemListElement\":[{\"@type\":\"ListItem\",\"position\":1,\"name\":\"Home\",\"item\":\"https:\\\/\\\/sendapp.live\\\/\"},{\"@type\":\"ListItem\",\"position\":2,\"name\":\"Sottoscrizione per Parole Chiave in SendApp Agent\"}]},{\"@type\":\"WebSite\",\"@id\":\"https:\\\/\\\/sendapp.live\\\/it\\\/#website\",\"url\":\"https:\\\/\\\/sendapp.live\\\/it\\\/\",\"name\":\"SendApp\",\"description\":\"Automate Your Messages &amp; Grow Your Business\",\"publisher\":{\"@id\":\"https:\\\/\\\/sendapp.live\\\/it\\\/#organization\"},\"alternateName\":\"SendApp WhatsApp Marketing\",\"potentialAction\":[{\"@type\":\"SearchAction\",\"target\":{\"@type\":\"EntryPoint\",\"urlTemplate\":\"https:\\\/\\\/sendapp.live\\\/it\\\/?s={search_term_string}\"},\"query-input\":{\"@type\":\"PropertyValueSpecification\",\"valueRequired\":true,\"valueName\":\"search_term_string\"}}],\"inLanguage\":\"de\"},{\"@type\":\"Organization\",\"@id\":\"https:\\\/\\\/sendapp.live\\\/it\\\/#organization\",\"name\":\"SendApp\",\"url\":\"https:\\\/\\\/sendapp.live\\\/it\\\/\",\"logo\":{\"@type\":\"ImageObject\",\"inLanguage\":\"de\",\"@id\":\"https:\\\/\\\/sendapp.live\\\/it\\\/#\\\/schema\\\/logo\\\/image\\\/\",\"url\":\"https:\\\/\\\/sendapp.live\\\/wp-content\\\/uploads\\\/2025\\\/04\\\/Logo-Sendapp-300x60-1.png\",\"contentUrl\":\"https:\\\/\\\/sendapp.live\\\/wp-content\\\/uploads\\\/2025\\\/04\\\/Logo-Sendapp-300x60-1.png\",\"width\":300,\"height\":60,\"caption\":\"SendApp\"},\"image\":{\"@id\":\"https:\\\/\\\/sendapp.live\\\/it\\\/#\\\/schema\\\/logo\\\/image\\\/\"},\"sameAs\":[\"https:\\\/\\\/www.facebook.com\\\/sendapp.live\",\"https:\\\/\\\/x.com\\\/sendapp_live\",\"https:\\\/\\\/www.instagram.com\\\/sendapp.live\",\"https:\\\/\\\/www.youtube.com\\\/channel\\\/UC2gaLpi0-OJLG4CFbOr6mLw\",\"https:\\\/\\\/it.trustpilot.com\\\/review\\\/sendapp.live\"],\"description\":\"Piattaforma italiana di WhatsApp Marketing con API ufficiali Meta. Assistente AI, campagne massive, SMS Gateway gratuito, Google Calendar, automazioni. Da \u20ac16\\\/mese senza markup sui messaggi.\",\"email\":\"info@sendapp.live\",\"foundingDate\":\"2016-07-25\"}]}<\/script>\n<!-- \/ Yoast SEO Premium plugin. -->","yoast_head_json":{"title":"Keyword-Abonnement im SendApp-Agenten","description":"Mit der Funktion \u201eSchl\u00fcsselwort-Abonnement\u201c k\u00f6nnen Sie Kontakte automatisch taggen, wenn diese Ihnen eine Nachricht senden...","robots":{"index":"index","follow":"follow","max-snippet":"max-snippet:-1","max-image-preview":"max-image-preview:large","max-video-preview":"max-video-preview:-1"},"canonical":"https:\/\/sendapp.live\/de\/keyword-abonnement-im-sendapp-agenten\/","og_locale":"de_DE","og_type":"article","og_title":"Sottoscrizione per Parole Chiave in SendApp Agent","og_description":"La funzione Sottoscrizione per Parole Chiave permette di assegnare automaticamente tag ai contatti quando inviano un messaggio...","og_url":"https:\/\/sendapp.live\/de\/keyword-abonnement-im-sendapp-agenten\/","og_site_name":"SendApp - Software Whatsapp Marketing","article_publisher":"https:\/\/www.facebook.com\/sendapp.live","article_modified_time":"2025-12-15T15:26:28+00:00","og_image":[{"width":1024,"height":1024,"url":"https:\/\/sendapp.live\/wp-content\/uploads\/2025\/12\/ChatGPT-Image-10-dic-2025-18_58_25.png","type":"image\/png"}],"twitter_card":"summary_large_image","twitter_site":"@sendapp_live","twitter_misc":{"Gesch\u00e4tzte Lesezeit":"4\u00a0Minuten"},"schema":{"@context":"https:\/\/schema.org","@graph":[{"@type":"WebPage","@id":"https:\/\/sendapp.live\/sottoscrizione-per-parole-chiave-in-sendapp-agent\/","url":"https:\/\/sendapp.live\/sottoscrizione-per-parole-chiave-in-sendapp-agent\/","name":"Keyword-Abonnement im SendApp-Agenten","isPartOf":{"@id":"https:\/\/sendapp.live\/it\/#website"},"primaryImageOfPage":{"@id":"https:\/\/sendapp.live\/sottoscrizione-per-parole-chiave-in-sendapp-agent\/#primaryimage"},"image":{"@id":"https:\/\/sendapp.live\/sottoscrizione-per-parole-chiave-in-sendapp-agent\/#primaryimage"},"thumbnailUrl":"https:\/\/sendapp.live\/wp-content\/uploads\/2025\/12\/ChatGPT-Image-10-dic-2025-18_58_25.png","datePublished":"2025-12-10T18:04:06+00:00","dateModified":"2025-12-15T15:26:28+00:00","description":"Mit der Funktion \u201eSchl\u00fcsselwort-Abonnement\u201c k\u00f6nnen Sie Kontakte automatisch taggen, wenn diese Ihnen eine Nachricht senden...","breadcrumb":{"@id":"https:\/\/sendapp.live\/sottoscrizione-per-parole-chiave-in-sendapp-agent\/#breadcrumb"},"inLanguage":"de","potentialAction":[{"@type":"ReadAction","target":["https:\/\/sendapp.live\/sottoscrizione-per-parole-chiave-in-sendapp-agent\/"]}]},{"@type":"ImageObject","inLanguage":"de","@id":"https:\/\/sendapp.live\/sottoscrizione-per-parole-chiave-in-sendapp-agent\/#primaryimage","url":"https:\/\/sendapp.live\/wp-content\/uploads\/2025\/12\/ChatGPT-Image-10-dic-2025-18_58_25.png","contentUrl":"https:\/\/sendapp.live\/wp-content\/uploads\/2025\/12\/ChatGPT-Image-10-dic-2025-18_58_25.png","width":1024,"height":1024},{"@type":"BreadcrumbList","@id":"https:\/\/sendapp.live\/sottoscrizione-per-parole-chiave-in-sendapp-agent\/#breadcrumb","itemListElement":[{"@type":"ListItem","position":1,"name":"Home","item":"https:\/\/sendapp.live\/"},{"@type":"ListItem","position":2,"name":"Sottoscrizione per Parole Chiave in SendApp Agent"}]},{"@type":"WebSite","@id":"https:\/\/sendapp.live\/it\/#website","url":"https:\/\/sendapp.live\/it\/","name":"SendApp","description":"Automatisieren Sie Ihre Nachrichten und steigern Sie Ihr Gesch\u00e4ft","publisher":{"@id":"https:\/\/sendapp.live\/it\/#organization"},"alternateName":"SendApp WhatsApp Marketing","potentialAction":[{"@type":"SearchAction","target":{"@type":"EntryPoint","urlTemplate":"https:\/\/sendapp.live\/it\/?s={search_term_string}"},"query-input":{"@type":"PropertyValueSpecification","valueRequired":true,"valueName":"search_term_string"}}],"inLanguage":"de"},{"@type":"Organization","@id":"https:\/\/sendapp.live\/it\/#organization","name":"SendApp","url":"https:\/\/sendapp.live\/it\/","logo":{"@type":"ImageObject","inLanguage":"de","@id":"https:\/\/sendapp.live\/it\/#\/schema\/logo\/image\/","url":"https:\/\/sendapp.live\/wp-content\/uploads\/2025\/04\/Logo-Sendapp-300x60-1.png","contentUrl":"https:\/\/sendapp.live\/wp-content\/uploads\/2025\/04\/Logo-Sendapp-300x60-1.png","width":300,"height":60,"caption":"SendApp"},"image":{"@id":"https:\/\/sendapp.live\/it\/#\/schema\/logo\/image\/"},"sameAs":["https:\/\/www.facebook.com\/sendapp.live","https:\/\/x.com\/sendapp_live","https:\/\/www.instagram.com\/sendapp.live","https:\/\/www.youtube.com\/channel\/UC2gaLpi0-OJLG4CFbOr6mLw","https:\/\/it.trustpilot.com\/review\/sendapp.live"],"description":"Italienische WhatsApp-Marketing-Plattform mit offizieller Meta-API. KI-Assistent, Massenkampagnen, kostenloses SMS-Gateway, Google Kalender, Automatisierungen. Ab 16 \u20ac\/Monat ohne Aufpreis f\u00fcr Nachrichten.","email":"info@sendapp.live","foundingDate":"2016-07-25"}]}},"_links":{"self":[{"href":"https:\/\/sendapp.live\/de\/wp-json\/wp\/v2\/pages\/121550","targetHints":{"allow":["GET"]}}],"collection":[{"href":"https:\/\/sendapp.live\/de\/wp-json\/wp\/v2\/pages"}],"about":[{"href":"https:\/\/sendapp.live\/de\/wp-json\/wp\/v2\/types\/page"}],"author":[{"embeddable":true,"href":"https:\/\/sendapp.live\/de\/wp-json\/wp\/v2\/users\/1"}],"replies":[{"embeddable":true,"href":"https:\/\/sendapp.live\/de\/wp-json\/wp\/v2\/comments?post=121550"}],"version-history":[{"count":5,"href":"https:\/\/sendapp.live\/de\/wp-json\/wp\/v2\/pages\/121550\/revisions"}],"predecessor-version":[{"id":121649,"href":"https:\/\/sendapp.live\/de\/wp-json\/wp\/v2\/pages\/121550\/revisions\/121649"}],"wp:featuredmedia":[{"embeddable":true,"href":"https:\/\/sendapp.live\/de\/wp-json\/wp\/v2\/media\/121557"}],"wp:attachment":[{"href":"https:\/\/sendapp.live\/de\/wp-json\/wp\/v2\/media?parent=121550"}],"curies":[{"name":"wp","href":"https:\/\/api.w.org\/{rel}","templated":true}]}}