{"id":16819,"date":"2020-07-15T16:45:12","date_gmt":"2020-07-15T14:45:12","guid":{"rendered":"https:\/\/sendapp.live\/?page_id=16819"},"modified":"2022-07-15T12:44:09","modified_gmt":"2022-07-15T10:44:09","slug":"sendapp-mobile-ios-unterstutzung","status":"publish","type":"page","link":"https:\/\/sendapp.live\/de\/sendapp-mobile-ios-support\/","title":{"rendered":"Sendapp Mobile iOS-Unterst\u00fctzung"},"content":{"rendered":"<div id=\"fws_69da8ef27a400\"  data-column-margin=\"default\" data-midnight=\"dark\"  class=\"wpb_row vc_row-fluid vc_row full-width-section\"  style=\"padding-top: 0px; padding-bottom: 0px; \"><div class=\"row-bg-wrap\" data-bg-animation=\"none\" data-bg-animation-delay=\"\" data-bg-overlay=\"false\"><div class=\"inner-wrap row-bg-layer\" ><div class=\"row-bg viewport-desktop using-bg-color\"  style=\"background-color: #ffffff; \"><\/div><\/div><\/div><div class=\"row_col_wrap_12 col span_12 dark left\">\n\t<div  class=\"vc_col-sm-2 wpb_column column_container vc_column_container col no-extra-padding\"  data-padding-pos=\"all\" data-has-bg-color=\"false\" data-bg-color=\"\" data-bg-opacity=\"1\" data-animation=\"\" data-delay=\"0\" >\n\t\t<div class=\"vc_column-inner\" >\n\t\t\t<div class=\"wpb_wrapper\">\n\t\t\t\t\n\t\t\t<\/div> \n\t\t<\/div>\n\t<\/div> \n\n\t<div  class=\"vc_col-sm-8 wpb_column column_container vc_column_container col no-extra-padding\"  data-padding-pos=\"all\" data-has-bg-color=\"false\" data-bg-color=\"\" data-bg-opacity=\"1\" data-animation=\"\" data-delay=\"0\" >\n\t\t<div class=\"vc_column-inner\" >\n\t\t\t<div class=\"wpb_wrapper\">\n\t\t\t\t<div class=\"nectar-gradient-text\" data-direction=\"horizontal\" data-color=\"extra-color-gradient-1\" style=\"margin-top: 90px; margin-bottom: 0px; \"><h2>H\u00e4ufig gestellte Fragen ...<\/h2><\/div><div class=\"toggles\" data-br=\"\" data-starting=\"default\" data-style=\"minimal\"><div class=\"toggle default\" data-inner-wrap=\"true\"><h3 class=\"toggle-title\"><a href=\"#\" role=\"button\" class=\"toggle-heading\"><i role=\"presentation\" class=\"fa fa-plus-circle\"><\/i>Kann ich SendApp mit verschiedenen Telefonnummern verwenden?<\/a><\/h3><div><div class=\"inner-toggle-wrap\">\n<div class=\"wpb_text_column wpb_content_element\" >\n\t<div class=\"wpb_wrapper\">\n\t\t<p>Ja. Unsere App kann dank des QR-Codes mit jedem mobilen Ger\u00e4t verbunden werden. Wir haben diesen Modus bereitgestellt, um Ihnen die M\u00f6glichkeit zu geben, mit mehreren Telefonnummern zu vermarkten.<\/p>\n\t<\/div>\n<\/div>\n\n\n\n<\/div><\/div><\/div><div class=\"toggle default\" data-inner-wrap=\"true\"><h3 class=\"toggle-title\"><a href=\"#\" role=\"button\" class=\"toggle-heading\"><i role=\"presentation\" class=\"fa fa-plus-circle\"><\/i>Gibt es nach dem Erwerb einer Lizenz weitere Zahlungen?<\/a><\/h3><div><div class=\"inner-toggle-wrap\">\n<div class=\"wpb_text_column wpb_content_element\" >\n\t<div class=\"wpb_wrapper\">\n\t\t<p>Nein, unsere Lizenz ist lebenslang g\u00fcltig. Einmal erworben, geh\u00f6rt sie immer Ihnen und Sie k\u00f6nnen Ihre Lizenz auf jeden Computer \u00fcbertragen.<\/p>\n\t<\/div>\n<\/div>\n\n\n\n<\/div><\/div><\/div><div class=\"toggle default\" data-inner-wrap=\"true\"><h3 class=\"toggle-title\"><a href=\"#\" role=\"button\" class=\"toggle-heading\"><i role=\"presentation\" class=\"fa fa-plus-circle\"><\/i>Kann ich mein Telefonbuch mit SendApp verbinden?<\/a><\/h3><div><div class=\"inner-toggle-wrap\">\n<div class=\"wpb_text_column wpb_content_element\" >\n\t<div class=\"wpb_wrapper\">\n\t\t<p>Ja. Sie k\u00f6nnen Ihre WhatsApp-Kontakte importieren oder pers\u00f6nliche Kontakte zum Sendapp-Adressbuch hinzuf\u00fcgen. Wichtig ist, dass die Spam-Regeln eingehalten werden. Sie k\u00f6nnen die Nachricht mit dem Namen des Kontakts anpassen, indem Sie #name in den Nachrichtentext einf\u00fcgen.<\/p>\n\t<\/div>\n<\/div>\n\n\n\n<\/div><\/div><\/div><div class=\"toggle default\" data-inner-wrap=\"true\"><h3 class=\"toggle-title\"><a href=\"#\" role=\"button\" class=\"toggle-heading\"><i role=\"presentation\" class=\"fa fa-plus-circle\"><\/i>Wie viele Nachrichten kann ich mit SendApp senden?<\/a><\/h3><div><div class=\"inner-toggle-wrap\">\n<div class=\"wpb_text_column wpb_content_element\" >\n\t<div class=\"wpb_wrapper\">\n\t\t<p>Die Nachrichten, die Sie mit Sendapp Business senden k\u00f6nnen, sind unbegrenzt.<\/p>\n<p>Sendapp Mobile ist in 3 Versionen erh\u00e4ltlich:<br \/>\n* Sendapp Lite iOS - 20 Nachrichten gleichzeitig<br \/>\n* Sendapp Pro iOS - 200 Nachrichten gleichzeitig<br \/>\n* Sendapp Business iOS - unbegrenztes Senden<\/p>\n<p>Die Zeit zum Senden einer Nachricht h\u00e4ngt von der Leistung der Verbindung ab.<\/p>\n<p>Alle Daten werden ausschlie\u00dflich auf Ihrem verwendeten Ger\u00e4t gespeichert, ohne dass sie jemals von unseren (und \/ oder Drittanbietern) Servern oder anderen Online-Systemen \u00fcbertragen oder erreichbar sind. Sendapp hat daher keinerlei Zugriff und \/ oder Verantwortung auf Ihre Daten.<\/p>\n\t<\/div>\n<\/div>\n\n\n\n<\/div><\/div><\/div><div class=\"toggle default\" data-inner-wrap=\"true\"><h3 class=\"toggle-title\"><a href=\"#\" role=\"button\" class=\"toggle-heading\"><i role=\"presentation\" class=\"fa fa-plus-circle\"><\/i>Kann ich eine Nachricht an eine Nummer senden, die nicht auf meinem Smartphone registriert ist?<\/a><\/h3><div><div class=\"inner-toggle-wrap\">\n<div class=\"wpb_text_column wpb_content_element\" >\n\t<div class=\"wpb_wrapper\">\n\t\t<p>Ja. Mit Sendapp ist es m\u00f6glich, Nachrichten an jeden zu senden, auch an Nummern, die nicht in unserem Adressbuch der Messaging-Apps registriert sind oder die unsere Nummer nicht in ihrem Adressbuch registriert haben.<\/p>\n<p><strong>Hinweis:<\/strong> Wenn Sie  Personen kontaktieren, die keine Nachrichten erhalten m\u00f6chten die Sie nicht kennen die noch nie einen Chat mit ihrem Account gef\u00fchrt haben oder die sich nicht an Sie erinnern etc., <strong>besteht die Gefahr, von diesen Usern gemeldet und somit von WhatsApp gesperrt zu werden!<\/strong><\/p>\n<p>Wenn Sie unter Beachtung der DSGV-Richtlinien einen Button generieren, den Sie in Ihre Webseite oder sonstige Quelle einf\u00fcgen und evtl. ein FollowUp hinzuf\u00fcgen ...<br \/>\ngehen Sie keinerlei Risiko und das Ergebnis wird Sie \u00fcberw\u00e4ltigen!<\/p>\n\t<\/div>\n<\/div>\n\n\n\n<\/div><\/div><\/div><div class=\"toggle default\" data-inner-wrap=\"true\"><h3 class=\"toggle-title\"><a href=\"#\" role=\"button\" class=\"toggle-heading\"><i role=\"presentation\" class=\"fa fa-plus-circle\"><\/i>Kann ich meinen Computer benutzen, w\u00e4hrend SendApp l\u00e4uft?<\/a><\/h3><div><div class=\"inner-toggle-wrap\">\n<div class=\"wpb_text_column wpb_content_element\" >\n\t<div class=\"wpb_wrapper\">\n\t\t<p>Ja. Alle Sendapp-Prozesse befinden sich im Hintergrund, sodass Sie Ihren Computer und unsere Software normal verwenden k\u00f6nnen und sich um die Automatisierung Ihres Marketings k\u00fcmmern!<\/p>\n\t<\/div>\n<\/div>\n\n\n\n<\/div><\/div><\/div><div class=\"toggle default\" data-inner-wrap=\"true\"><h3 class=\"toggle-title\"><a href=\"#\" role=\"button\" class=\"toggle-heading\"><i role=\"presentation\" class=\"fa fa-plus-circle\"><\/i>Kann ich WhatsApp auf meinem Smartphone verwenden, w\u00e4hrend SendApp ausgef\u00fchrt wird?<\/a><\/h3><div><div class=\"inner-toggle-wrap\">\n<div class=\"wpb_text_column wpb_content_element\" >\n\t<div class=\"wpb_wrapper\">\n\t\t<p class=\"rteBlock\">Ja. Sendapp verwendet die Webschnittstelle der Messaging-App, sodass Sie Ihr Smartphone w\u00e4hrend unserer Software weiterhin verwenden k\u00f6nnen und die Arbeit f\u00fcr Sie erledigen.<\/p>\n<p class=\"rteBlock\"><strong>Hinweis:<\/strong> Damit SendaApp richtig funktioniert, m\u00fcssen Ihr Smartphone und Ihr Computer \u00fcber eine Internetverbindung verf\u00fcgen.<\/p>\n\t<\/div>\n<\/div>\n\n\n\n<\/div><\/div><\/div><div class=\"toggle default\" data-inner-wrap=\"true\"><h3 class=\"toggle-title\"><a href=\"#\" role=\"button\" class=\"toggle-heading\"><i role=\"presentation\" class=\"fa fa-plus-circle\"><\/i>Kann ich SendApp weiterhin verwenden, wenn WhatsApp meine Telefonnummer sperrt?<\/a><\/h3><div><div class=\"inner-toggle-wrap\">\n<div class=\"wpb_text_column wpb_content_element\" >\n\t<div class=\"wpb_wrapper\">\n\t\t<p class=\"rteBlock\">Ja. Wenn Sie von Messaging-Apps ausgeschlossen sind, liegt dies wahrscheinlich daran, dass Sie unsere Software falsch verwenden.<br \/>\nSie haben jedoch die M\u00f6glichkeit, Sendapp \u00fcber den QR-Code der Messaging-App mit einer anderen Telefonnummer zu verbinden und das Marketing mit unserer Software weiterhin korrekt durchzuf\u00fchren.<\/p>\n\t<\/div>\n<\/div>\n\n\n\n<\/div><\/div><\/div><\/div>\n\n\n\n\n\n\n\n\n\n\n\n\n\n\n\n\n\n\n\n<div class=\"nectar-gradient-text\" data-direction=\"horizontal\" data-color=\"extra-color-gradient-1\" style=\"margin-top: 90px; margin-bottom: 0px; \"><h2>SendApp Funktionalit\u00e4t<\/h2><\/div><div class=\"toggles\" data-br=\"\" data-starting=\"default\" data-style=\"minimal\"><div class=\"toggle default\" data-inner-wrap=\"true\"><h3 class=\"toggle-title\"><a href=\"#\" role=\"button\" class=\"toggle-heading\"><i role=\"presentation\" class=\"fa fa-plus-circle\"><\/i>Mindestanforderungen<\/a><\/h3><div><div class=\"inner-toggle-wrap\">\n<div class=\"wpb_text_column wpb_content_element\" >\n\t<div class=\"wpb_wrapper\">\n\t\t<p>Da SendApp Ihre Kontakte von WhatsApp importiert und WhatsApp-Nachrichten sendet, ist zwangsl\u00e4ufig ein WhatsApp-Konto oder ein WhatsApp Business-Konto erforderlich.<\/p>\n\t<\/div>\n<\/div>\n\n\n\n<\/div><\/div><\/div><\/div>\n\n\n\n\n\n\n\n\n\n\n\n\n\n\n\n\n\n\n\n\n\t\t\t<\/div> \n\t\t<\/div>\n\t<\/div> \n\n\t<div  class=\"vc_col-sm-2 wpb_column column_container vc_column_container col no-extra-padding\"  data-padding-pos=\"all\" data-has-bg-color=\"false\" data-bg-color=\"\" data-bg-opacity=\"1\" data-animation=\"\" data-delay=\"0\" >\n\t\t<div class=\"vc_column-inner\" >\n\t\t\t<div class=\"wpb_wrapper\">\n\t\t\t\t\n\t\t\t<\/div> \n\t\t<\/div>\n\t<\/div> \n<\/div><\/div>","protected":false},"excerpt":{"rendered":"H\u00e4ufig gestellte Fragen ... Kann ich SendApp mit verschiedenen Telefonnummern verwenden? Ja, unsere App l\u00e4sst sich dank QR-Code mit jedem Mobilger\u00e4t verbinden. Wir haben diesen Modus bereitgestellt, um Ihnen ...","protected":false},"author":1,"featured_media":0,"parent":0,"menu_order":0,"comment_status":"closed","ping_status":"open","template":"","meta":{"_daim_seo_power":"","_daim_enable_ail":"","footnotes":""},"class_list":["post-16819","page","type-page","status-publish"],"yoast_head":"<!-- This site is optimized with the Yoast SEO Premium plugin v27.3 (Yoast SEO v27.3) - https:\/\/yoast.com\/product\/yoast-seo-premium-wordpress\/ -->\n<title>Sendapp Mobile iOS Support - SendApp - Software Whatsapp Marketing<\/title>\n<meta name=\"robots\" content=\"index, follow, max-snippet:-1, max-image-preview:large, max-video-preview:-1\" \/>\n<link rel=\"canonical\" href=\"https:\/\/sendapp.live\/de\/sendapp-mobile-ios-unterstutzung\/\" \/>\n<meta property=\"og:locale\" content=\"de_DE\" \/>\n<meta property=\"og:type\" content=\"article\" \/>\n<meta property=\"og:title\" content=\"Sendapp Mobile iOS Support\" \/>\n<meta property=\"og:url\" content=\"https:\/\/sendapp.live\/de\/sendapp-mobile-ios-unterstutzung\/\" \/>\n<meta property=\"og:site_name\" content=\"SendApp - Software Whatsapp Marketing\" \/>\n<meta property=\"article:publisher\" content=\"https:\/\/www.facebook.com\/sendapp.live\" \/>\n<meta property=\"article:modified_time\" content=\"2022-07-15T10:44:09+00:00\" \/>\n<meta name=\"twitter:card\" content=\"summary_large_image\" \/>\n<meta name=\"twitter:site\" content=\"@sendapp_live\" \/>\n<meta name=\"twitter:label1\" content=\"Gesch\u00e4tzte Lesezeit\" \/>\n\t<meta name=\"twitter:data1\" content=\"4\u00a0Minuten\" \/>\n<script type=\"application\/ld+json\" class=\"yoast-schema-graph\">{\"@context\":\"https:\\\/\\\/schema.org\",\"@graph\":[{\"@type\":\"WebPage\",\"@id\":\"https:\\\/\\\/sendapp.live\\\/fr\\\/sendapp-mobile-ios-support\\\/\",\"url\":\"https:\\\/\\\/sendapp.live\\\/fr\\\/sendapp-mobile-ios-support\\\/\",\"name\":\"Sendapp Mobile iOS Support - SendApp - Software Whatsapp Marketing\",\"isPartOf\":{\"@id\":\"https:\\\/\\\/sendapp.live\\\/it\\\/#website\"},\"datePublished\":\"2020-07-15T14:45:12+00:00\",\"dateModified\":\"2022-07-15T10:44:09+00:00\",\"breadcrumb\":{\"@id\":\"https:\\\/\\\/sendapp.live\\\/fr\\\/sendapp-mobile-ios-support\\\/#breadcrumb\"},\"inLanguage\":\"de\",\"potentialAction\":[{\"@type\":\"ReadAction\",\"target\":[\"https:\\\/\\\/sendapp.live\\\/fr\\\/sendapp-mobile-ios-support\\\/\"]}]},{\"@type\":\"BreadcrumbList\",\"@id\":\"https:\\\/\\\/sendapp.live\\\/fr\\\/sendapp-mobile-ios-support\\\/#breadcrumb\",\"itemListElement\":[{\"@type\":\"ListItem\",\"position\":1,\"name\":\"Home\",\"item\":\"https:\\\/\\\/sendapp.live\\\/\"},{\"@type\":\"ListItem\",\"position\":2,\"name\":\"Sendapp Mobile iOS Support\"}]},{\"@type\":\"WebSite\",\"@id\":\"https:\\\/\\\/sendapp.live\\\/it\\\/#website\",\"url\":\"https:\\\/\\\/sendapp.live\\\/it\\\/\",\"name\":\"SendApp\",\"description\":\"Automate Your Messages &amp; Grow Your Business\",\"publisher\":{\"@id\":\"https:\\\/\\\/sendapp.live\\\/it\\\/#organization\"},\"alternateName\":\"SendApp WhatsApp Marketing\",\"potentialAction\":[{\"@type\":\"SearchAction\",\"target\":{\"@type\":\"EntryPoint\",\"urlTemplate\":\"https:\\\/\\\/sendapp.live\\\/it\\\/?s={search_term_string}\"},\"query-input\":{\"@type\":\"PropertyValueSpecification\",\"valueRequired\":true,\"valueName\":\"search_term_string\"}}],\"inLanguage\":\"de\"},{\"@type\":\"Organization\",\"@id\":\"https:\\\/\\\/sendapp.live\\\/it\\\/#organization\",\"name\":\"SendApp\",\"url\":\"https:\\\/\\\/sendapp.live\\\/it\\\/\",\"logo\":{\"@type\":\"ImageObject\",\"inLanguage\":\"de\",\"@id\":\"https:\\\/\\\/sendapp.live\\\/it\\\/#\\\/schema\\\/logo\\\/image\\\/\",\"url\":\"https:\\\/\\\/sendapp.live\\\/wp-content\\\/uploads\\\/2025\\\/04\\\/Logo-Sendapp-300x60-1.png\",\"contentUrl\":\"https:\\\/\\\/sendapp.live\\\/wp-content\\\/uploads\\\/2025\\\/04\\\/Logo-Sendapp-300x60-1.png\",\"width\":300,\"height\":60,\"caption\":\"SendApp\"},\"image\":{\"@id\":\"https:\\\/\\\/sendapp.live\\\/it\\\/#\\\/schema\\\/logo\\\/image\\\/\"},\"sameAs\":[\"https:\\\/\\\/www.facebook.com\\\/sendapp.live\",\"https:\\\/\\\/x.com\\\/sendapp_live\",\"https:\\\/\\\/www.instagram.com\\\/sendapp.live\",\"https:\\\/\\\/www.youtube.com\\\/channel\\\/UC2gaLpi0-OJLG4CFbOr6mLw\",\"https:\\\/\\\/it.trustpilot.com\\\/review\\\/sendapp.live\"],\"description\":\"Piattaforma italiana di WhatsApp Marketing con API ufficiali Meta. Assistente AI, campagne massive, SMS Gateway gratuito, Google Calendar, automazioni. Da \u20ac16\\\/mese senza markup sui messaggi.\",\"email\":\"info@sendapp.live\",\"foundingDate\":\"2016-07-25\"}]}<\/script>\n<!-- \/ Yoast SEO Premium plugin. -->","yoast_head_json":{"title":"Sendapp Mobile iOS Unterst\u00fctzung - SendApp - Whatsapp Marketing Software","robots":{"index":"index","follow":"follow","max-snippet":"max-snippet:-1","max-image-preview":"max-image-preview:large","max-video-preview":"max-video-preview:-1"},"canonical":"https:\/\/sendapp.live\/de\/sendapp-mobile-ios-unterstutzung\/","og_locale":"de_DE","og_type":"article","og_title":"Sendapp Mobile iOS Support","og_url":"https:\/\/sendapp.live\/de\/sendapp-mobile-ios-unterstutzung\/","og_site_name":"SendApp - Software Whatsapp Marketing","article_publisher":"https:\/\/www.facebook.com\/sendapp.live","article_modified_time":"2022-07-15T10:44:09+00:00","twitter_card":"summary_large_image","twitter_site":"@sendapp_live","twitter_misc":{"Gesch\u00e4tzte Lesezeit":"4\u00a0Minuten"},"schema":{"@context":"https:\/\/schema.org","@graph":[{"@type":"WebPage","@id":"https:\/\/sendapp.live\/fr\/sendapp-mobile-ios-support\/","url":"https:\/\/sendapp.live\/fr\/sendapp-mobile-ios-support\/","name":"Sendapp Mobile iOS Unterst\u00fctzung - SendApp - Whatsapp Marketing Software","isPartOf":{"@id":"https:\/\/sendapp.live\/it\/#website"},"datePublished":"2020-07-15T14:45:12+00:00","dateModified":"2022-07-15T10:44:09+00:00","breadcrumb":{"@id":"https:\/\/sendapp.live\/fr\/sendapp-mobile-ios-support\/#breadcrumb"},"inLanguage":"de","potentialAction":[{"@type":"ReadAction","target":["https:\/\/sendapp.live\/fr\/sendapp-mobile-ios-support\/"]}]},{"@type":"BreadcrumbList","@id":"https:\/\/sendapp.live\/fr\/sendapp-mobile-ios-support\/#breadcrumb","itemListElement":[{"@type":"ListItem","position":1,"name":"Home","item":"https:\/\/sendapp.live\/"},{"@type":"ListItem","position":2,"name":"Sendapp Mobile iOS Support"}]},{"@type":"WebSite","@id":"https:\/\/sendapp.live\/it\/#website","url":"https:\/\/sendapp.live\/it\/","name":"SendApp","description":"Automatisieren Sie Ihre Nachrichten und steigern Sie Ihr Gesch\u00e4ft","publisher":{"@id":"https:\/\/sendapp.live\/it\/#organization"},"alternateName":"SendApp WhatsApp Marketing","potentialAction":[{"@type":"SearchAction","target":{"@type":"EntryPoint","urlTemplate":"https:\/\/sendapp.live\/it\/?s={search_term_string}"},"query-input":{"@type":"PropertyValueSpecification","valueRequired":true,"valueName":"search_term_string"}}],"inLanguage":"de"},{"@type":"Organization","@id":"https:\/\/sendapp.live\/it\/#organization","name":"SendApp","url":"https:\/\/sendapp.live\/it\/","logo":{"@type":"ImageObject","inLanguage":"de","@id":"https:\/\/sendapp.live\/it\/#\/schema\/logo\/image\/","url":"https:\/\/sendapp.live\/wp-content\/uploads\/2025\/04\/Logo-Sendapp-300x60-1.png","contentUrl":"https:\/\/sendapp.live\/wp-content\/uploads\/2025\/04\/Logo-Sendapp-300x60-1.png","width":300,"height":60,"caption":"SendApp"},"image":{"@id":"https:\/\/sendapp.live\/it\/#\/schema\/logo\/image\/"},"sameAs":["https:\/\/www.facebook.com\/sendapp.live","https:\/\/x.com\/sendapp_live","https:\/\/www.instagram.com\/sendapp.live","https:\/\/www.youtube.com\/channel\/UC2gaLpi0-OJLG4CFbOr6mLw","https:\/\/it.trustpilot.com\/review\/sendapp.live"],"description":"Italienische WhatsApp-Marketing-Plattform mit offizieller Meta-API. KI-Assistent, Massenkampagnen, kostenloses SMS-Gateway, Google Kalender, Automatisierungen. Ab 16 \u20ac\/Monat ohne Aufpreis f\u00fcr Nachrichten.","email":"info@sendapp.live","foundingDate":"2016-07-25"}]}},"_links":{"self":[{"href":"https:\/\/sendapp.live\/de\/wp-json\/wp\/v2\/pages\/16819","targetHints":{"allow":["GET"]}}],"collection":[{"href":"https:\/\/sendapp.live\/de\/wp-json\/wp\/v2\/pages"}],"about":[{"href":"https:\/\/sendapp.live\/de\/wp-json\/wp\/v2\/types\/page"}],"author":[{"embeddable":true,"href":"https:\/\/sendapp.live\/de\/wp-json\/wp\/v2\/users\/1"}],"replies":[{"embeddable":true,"href":"https:\/\/sendapp.live\/de\/wp-json\/wp\/v2\/comments?post=16819"}],"version-history":[{"count":0,"href":"https:\/\/sendapp.live\/de\/wp-json\/wp\/v2\/pages\/16819\/revisions"}],"wp:attachment":[{"href":"https:\/\/sendapp.live\/de\/wp-json\/wp\/v2\/media?parent=16819"}],"curies":[{"name":"wp","href":"https:\/\/api.w.org\/{rel}","templated":true}]}}