{"id":2184,"date":"2019-08-29T15:26:34","date_gmt":"2019-08-29T13:26:34","guid":{"rendered":"https:\/\/sendapp.live\/affiliate-home\/"},"modified":"2025-01-22T00:17:19","modified_gmt":"2025-01-21T23:17:19","slug":"affiliate-home","status":"publish","type":"page","link":"https:\/\/sendapp.live\/de\/affiliate-home\/","title":{"rendered":"Partner-Dashboard"},"content":{"rendered":"<p>Dies ist der Partnerbereich dieses Shops. Wenn Sie ein bestehender Partner sind, bitte <a href=\"https:\/\/sendapp.live\/de\/affiliate-home\/verbundene-login\/\">einloggen<\/a> um auf Ihr Control Panel zuzugreifen.<\/p>\n<p>Wenn Sie kein Partner sind, aber einer werden m\u00f6chten, m\u00fcssen Sie sich bewerben. Um sich zu bewerben, m\u00fcssen Sie ein registrierter Benutzer in diesem Blog sein. Wenn Sie ein Konto in diesem Blog haben, bitte <a href=\"https:\/\/sendapp.live\/de\/affiliate-home\/verbundene-login\/\">einloggen<\/a>. Wenn nicht, bitte <a href=\"https:\/\/sendapp.live\/de\/affiliate-home\/affiliate-register\/\">registrieren<\/a>.<\/p>","protected":false},"excerpt":{"rendered":"Dies ist der Affiliate-Bereich dieses Shops. Wenn Sie ein bestehender Partner sind, melden Sie sich bitte an, um auf Ihr Steuerungsfeld zuzugreifen. Wenn Sie kein Affiliate sind, aber w\u00fcnschen ...","protected":false},"author":1,"featured_media":0,"parent":0,"menu_order":0,"comment_status":"closed","ping_status":"open","template":"","meta":{"_daim_seo_power":"1000","_daim_enable_ail":"1","footnotes":""},"class_list":["post-2184","page","type-page","status-publish"],"yoast_head":"<!-- This site is optimized with the Yoast SEO Premium plugin v27.3 (Yoast SEO v27.3) - https:\/\/yoast.com\/product\/yoast-seo-premium-wordpress\/ -->\n<title>Dashboard Affiliati - SendApp - Software Whatsapp Marketing<\/title>\n<meta name=\"description\" content=\"Risparmia tempo utilizzando SendApp. SendApp ti consente di creare campagne di marketing con WhatsApp, SMS e Telegram. Invia messaggi...\" \/>\n<meta name=\"robots\" content=\"index, follow, max-snippet:-1, max-image-preview:large, max-video-preview:-1\" \/>\n<link rel=\"canonical\" href=\"https:\/\/sendapp.live\/de\/affiliate-home\/\" \/>\n<meta property=\"og:locale\" content=\"de_DE\" \/>\n<meta property=\"og:type\" content=\"article\" \/>\n<meta property=\"og:title\" content=\"Dashboard Affiliati\" \/>\n<meta property=\"og:description\" content=\"Risparmia tempo utilizzando SendApp. SendApp ti consente di creare campagne di marketing con WhatsApp, SMS e Telegram. Invia messaggi...\" \/>\n<meta property=\"og:url\" content=\"https:\/\/sendapp.live\/de\/affiliate-home\/\" \/>\n<meta property=\"og:site_name\" content=\"SendApp - Software Whatsapp Marketing\" \/>\n<meta property=\"article:publisher\" content=\"https:\/\/www.facebook.com\/sendapp.live\" \/>\n<meta property=\"article:modified_time\" content=\"2025-01-21T23:17:19+00:00\" \/>\n<meta name=\"twitter:card\" content=\"summary_large_image\" \/>\n<meta name=\"twitter:site\" content=\"@sendapp_live\" \/>\n<meta name=\"twitter:label1\" content=\"Gesch\u00e4tzte Lesezeit\" \/>\n\t<meta name=\"twitter:data1\" content=\"1\u00a0Minute\" \/>\n<script type=\"application\/ld+json\" class=\"yoast-schema-graph\">{\"@context\":\"https:\\\/\\\/schema.org\",\"@graph\":[{\"@type\":\"WebPage\",\"@id\":\"https:\\\/\\\/sendapp.live\\\/en\\\/affiliated-home\\\/\",\"url\":\"https:\\\/\\\/sendapp.live\\\/en\\\/affiliated-home\\\/\",\"name\":\"Dashboard Affiliati - SendApp - Software Whatsapp Marketing\",\"isPartOf\":{\"@id\":\"https:\\\/\\\/sendapp.live\\\/it\\\/#website\"},\"datePublished\":\"2019-08-29T13:26:34+00:00\",\"dateModified\":\"2025-01-21T23:17:19+00:00\",\"description\":\"Risparmia tempo utilizzando SendApp. SendApp ti consente di creare campagne di marketing con WhatsApp, SMS e Telegram. Invia messaggi...\",\"breadcrumb\":{\"@id\":\"https:\\\/\\\/sendapp.live\\\/en\\\/affiliated-home\\\/#breadcrumb\"},\"inLanguage\":\"de\",\"potentialAction\":[{\"@type\":\"ReadAction\",\"target\":[\"https:\\\/\\\/sendapp.live\\\/en\\\/affiliated-home\\\/\"]}]},{\"@type\":\"BreadcrumbList\",\"@id\":\"https:\\\/\\\/sendapp.live\\\/en\\\/affiliated-home\\\/#breadcrumb\",\"itemListElement\":[{\"@type\":\"ListItem\",\"position\":1,\"name\":\"Home\",\"item\":\"https:\\\/\\\/sendapp.live\\\/\"},{\"@type\":\"ListItem\",\"position\":2,\"name\":\"Dashboard Affiliati\"}]},{\"@type\":\"WebSite\",\"@id\":\"https:\\\/\\\/sendapp.live\\\/it\\\/#website\",\"url\":\"https:\\\/\\\/sendapp.live\\\/it\\\/\",\"name\":\"SendApp\",\"description\":\"Automate Your Messages &amp; Grow Your Business\",\"publisher\":{\"@id\":\"https:\\\/\\\/sendapp.live\\\/it\\\/#organization\"},\"alternateName\":\"SendApp WhatsApp Marketing\",\"potentialAction\":[{\"@type\":\"SearchAction\",\"target\":{\"@type\":\"EntryPoint\",\"urlTemplate\":\"https:\\\/\\\/sendapp.live\\\/it\\\/?s={search_term_string}\"},\"query-input\":{\"@type\":\"PropertyValueSpecification\",\"valueRequired\":true,\"valueName\":\"search_term_string\"}}],\"inLanguage\":\"de\"},{\"@type\":\"Organization\",\"@id\":\"https:\\\/\\\/sendapp.live\\\/it\\\/#organization\",\"name\":\"SendApp\",\"url\":\"https:\\\/\\\/sendapp.live\\\/it\\\/\",\"logo\":{\"@type\":\"ImageObject\",\"inLanguage\":\"de\",\"@id\":\"https:\\\/\\\/sendapp.live\\\/it\\\/#\\\/schema\\\/logo\\\/image\\\/\",\"url\":\"https:\\\/\\\/sendapp.live\\\/wp-content\\\/uploads\\\/2025\\\/04\\\/Logo-Sendapp-300x60-1.png\",\"contentUrl\":\"https:\\\/\\\/sendapp.live\\\/wp-content\\\/uploads\\\/2025\\\/04\\\/Logo-Sendapp-300x60-1.png\",\"width\":300,\"height\":60,\"caption\":\"SendApp\"},\"image\":{\"@id\":\"https:\\\/\\\/sendapp.live\\\/it\\\/#\\\/schema\\\/logo\\\/image\\\/\"},\"sameAs\":[\"https:\\\/\\\/www.facebook.com\\\/sendapp.live\",\"https:\\\/\\\/x.com\\\/sendapp_live\",\"https:\\\/\\\/www.instagram.com\\\/sendapp.live\",\"https:\\\/\\\/www.youtube.com\\\/channel\\\/UC2gaLpi0-OJLG4CFbOr6mLw\",\"https:\\\/\\\/it.trustpilot.com\\\/review\\\/sendapp.live\"],\"description\":\"Piattaforma italiana di WhatsApp Marketing con API ufficiali Meta. Assistente AI, campagne massive, SMS Gateway gratuito, Google Calendar, automazioni. Da \u20ac16\\\/mese senza markup sui messaggi.\",\"email\":\"info@sendapp.live\",\"foundingDate\":\"2016-07-25\"}]}<\/script>\n<!-- \/ Yoast SEO Premium plugin. -->","yoast_head_json":{"title":"Affiliate-Dashboard \u2013 SendApp \u2013 WhatsApp-Marketing-Software","description":"Sparen Sie Zeit mit SendApp. Mit SendApp k\u00f6nnen Sie Marketingkampagnen mit WhatsApp, SMS und Telegram erstellen. Senden Sie Nachrichten...","robots":{"index":"index","follow":"follow","max-snippet":"max-snippet:-1","max-image-preview":"max-image-preview:large","max-video-preview":"max-video-preview:-1"},"canonical":"https:\/\/sendapp.live\/de\/affiliate-home\/","og_locale":"de_DE","og_type":"article","og_title":"Dashboard Affiliati","og_description":"Risparmia tempo utilizzando SendApp. SendApp ti consente di creare campagne di marketing con WhatsApp, SMS e Telegram. Invia messaggi...","og_url":"https:\/\/sendapp.live\/de\/affiliate-home\/","og_site_name":"SendApp - Software Whatsapp Marketing","article_publisher":"https:\/\/www.facebook.com\/sendapp.live","article_modified_time":"2025-01-21T23:17:19+00:00","twitter_card":"summary_large_image","twitter_site":"@sendapp_live","twitter_misc":{"Gesch\u00e4tzte Lesezeit":"1\u00a0Minute"},"schema":{"@context":"https:\/\/schema.org","@graph":[{"@type":"WebPage","@id":"https:\/\/sendapp.live\/en\/affiliated-home\/","url":"https:\/\/sendapp.live\/en\/affiliated-home\/","name":"Affiliate-Dashboard \u2013 SendApp \u2013 WhatsApp-Marketing-Software","isPartOf":{"@id":"https:\/\/sendapp.live\/it\/#website"},"datePublished":"2019-08-29T13:26:34+00:00","dateModified":"2025-01-21T23:17:19+00:00","description":"Sparen Sie Zeit mit SendApp. Mit SendApp k\u00f6nnen Sie Marketingkampagnen mit WhatsApp, SMS und Telegram erstellen. Senden Sie Nachrichten...","breadcrumb":{"@id":"https:\/\/sendapp.live\/en\/affiliated-home\/#breadcrumb"},"inLanguage":"de","potentialAction":[{"@type":"ReadAction","target":["https:\/\/sendapp.live\/en\/affiliated-home\/"]}]},{"@type":"BreadcrumbList","@id":"https:\/\/sendapp.live\/en\/affiliated-home\/#breadcrumb","itemListElement":[{"@type":"ListItem","position":1,"name":"Home","item":"https:\/\/sendapp.live\/"},{"@type":"ListItem","position":2,"name":"Dashboard Affiliati"}]},{"@type":"WebSite","@id":"https:\/\/sendapp.live\/it\/#website","url":"https:\/\/sendapp.live\/it\/","name":"SendApp","description":"Automatisieren Sie Ihre Nachrichten und steigern Sie Ihr Gesch\u00e4ft","publisher":{"@id":"https:\/\/sendapp.live\/it\/#organization"},"alternateName":"SendApp WhatsApp Marketing","potentialAction":[{"@type":"SearchAction","target":{"@type":"EntryPoint","urlTemplate":"https:\/\/sendapp.live\/it\/?s={search_term_string}"},"query-input":{"@type":"PropertyValueSpecification","valueRequired":true,"valueName":"search_term_string"}}],"inLanguage":"de"},{"@type":"Organization","@id":"https:\/\/sendapp.live\/it\/#organization","name":"SendApp","url":"https:\/\/sendapp.live\/it\/","logo":{"@type":"ImageObject","inLanguage":"de","@id":"https:\/\/sendapp.live\/it\/#\/schema\/logo\/image\/","url":"https:\/\/sendapp.live\/wp-content\/uploads\/2025\/04\/Logo-Sendapp-300x60-1.png","contentUrl":"https:\/\/sendapp.live\/wp-content\/uploads\/2025\/04\/Logo-Sendapp-300x60-1.png","width":300,"height":60,"caption":"SendApp"},"image":{"@id":"https:\/\/sendapp.live\/it\/#\/schema\/logo\/image\/"},"sameAs":["https:\/\/www.facebook.com\/sendapp.live","https:\/\/x.com\/sendapp_live","https:\/\/www.instagram.com\/sendapp.live","https:\/\/www.youtube.com\/channel\/UC2gaLpi0-OJLG4CFbOr6mLw","https:\/\/it.trustpilot.com\/review\/sendapp.live"],"description":"Italienische WhatsApp-Marketing-Plattform mit offizieller Meta-API. KI-Assistent, Massenkampagnen, kostenloses SMS-Gateway, Google Kalender, Automatisierungen. Ab 16 \u20ac\/Monat ohne Aufpreis f\u00fcr Nachrichten.","email":"info@sendapp.live","foundingDate":"2016-07-25"}]}},"_links":{"self":[{"href":"https:\/\/sendapp.live\/de\/wp-json\/wp\/v2\/pages\/2184","targetHints":{"allow":["GET"]}}],"collection":[{"href":"https:\/\/sendapp.live\/de\/wp-json\/wp\/v2\/pages"}],"about":[{"href":"https:\/\/sendapp.live\/de\/wp-json\/wp\/v2\/types\/page"}],"author":[{"embeddable":true,"href":"https:\/\/sendapp.live\/de\/wp-json\/wp\/v2\/users\/1"}],"replies":[{"embeddable":true,"href":"https:\/\/sendapp.live\/de\/wp-json\/wp\/v2\/comments?post=2184"}],"version-history":[{"count":3,"href":"https:\/\/sendapp.live\/de\/wp-json\/wp\/v2\/pages\/2184\/revisions"}],"predecessor-version":[{"id":33885,"href":"https:\/\/sendapp.live\/de\/wp-json\/wp\/v2\/pages\/2184\/revisions\/33885"}],"wp:attachment":[{"href":"https:\/\/sendapp.live\/de\/wp-json\/wp\/v2\/media?parent=2184"}],"curies":[{"name":"wp","href":"https:\/\/api.w.org\/{rel}","templated":true}]}}