{"id":2187,"date":"2019-08-29T15:26:34","date_gmt":"2019-08-29T13:26:34","guid":{"rendered":"https:\/\/sendapp.live\/terms-and-conditions\/"},"modified":"2024-03-26T12:52:59","modified_gmt":"2024-03-26T11:52:59","slug":"terms-und-bedingungen","status":"publish","type":"page","link":"https:\/\/sendapp.live\/de\/terms-and-conditions\/","title":{"rendered":"Gesch\u00e4ftsbedingungen"},"content":{"rendered":"<div id=\"fws_69e276e4c75f2\"  data-column-margin=\"default\" data-midnight=\"dark\"  class=\"wpb_row vc_row-fluid vc_row\"  style=\"padding-top: 0px; padding-bottom: 0px; \"><div class=\"row-bg-wrap\" data-bg-animation=\"none\" data-bg-animation-delay=\"\" data-bg-overlay=\"false\"><div class=\"inner-wrap row-bg-layer\" ><div class=\"row-bg viewport-desktop\"  style=\"\"><\/div><\/div><\/div><div class=\"row_col_wrap_12 col span_12 dark left\">\n\t<div  class=\"vc_col-sm-2 wpb_column column_container vc_column_container col no-extra-padding inherit_tablet inherit_phone\"  data-padding-pos=\"all\" data-has-bg-color=\"false\" data-bg-color=\"\" data-bg-opacity=\"1\" data-animation=\"\" data-delay=\"0\" >\n\t\t<div class=\"vc_column-inner\" >\n\t\t\t<div class=\"wpb_wrapper\">\n\t\t\t\t\n\t\t\t<\/div> \n\t\t<\/div>\n\t<\/div> \n\n\t<div  class=\"vc_col-sm-8 wpb_column column_container vc_column_container col no-extra-padding inherit_tablet inherit_phone\"  data-padding-pos=\"all\" data-has-bg-color=\"false\" data-bg-color=\"\" data-bg-opacity=\"1\" data-animation=\"\" data-delay=\"0\" >\n\t\t<div class=\"vc_column-inner\" >\n\t\t\t<div class=\"wpb_wrapper\">\n\t\t\t\t\n<div class=\"wpb_text_column wpb_content_element\" >\n\t<div class=\"wpb_wrapper\">\n\t\t<h1>SendApp-Partnerprogramm<br \/>\nNutzungsbedingungen<\/h1>\n<h2>Vereinbarung<\/h2>\n<p>Partnerprogramm im SendApp-Partnerprogramm (&quot;Programm&quot;). &quot;Nutzungsbedingungen&quot;.<\/p>\n<p><strong>SendApp<\/strong> Reserven von Zeit zu Zeit ohne Vorank\u00fcndigung. Alle neuen Funktionen, die das aktuelle Programm erweitern oder verbessern und die Gegenstand der Nutzungsbedingungen sind. Fortgesetzte Nutzung des Programms nach solchen \u00c4nderungen.<\/p>\n<p>Versto\u00df gegen die Bestimmungen und Bedingungen des Versto\u00dfes. Sie stimmen zu, das Partnerprogramm auf eigenes Risiko zu nutzen.<\/p>\n<h2>Kontobedingungen<\/h2>\n<ul>\n<li>Sie m\u00fcssen mindestens 18 Jahre alt sein, um an diesem Programm teilnehmen zu k\u00f6nnen.<\/li>\n<li>Du musst ein Mensch sein. Konten, die durch &quot;Bots&quot; oder andere automatisierte Methoden registriert wurden, sind nicht zul\u00e4ssig.<\/li>\n<li>Sie m\u00fcssen Ihren vollst\u00e4ndigen Namen, eine g\u00fcltige E-Mail-Adresse und alle anderen erforderlichen Informationen angeben, um den Vorgang abzuschlie\u00dfen.<\/li>\n<li>Ihr Login darf nur von einer Person verwendet werden - ein von mehreren Personen geteiltes Login ist nicht zul\u00e4ssig.<\/li>\n<li>Sie sind f\u00fcr die Wahrung der Sicherheit Ihres Kontos und Ihres Passworts verantwortlich. <strong>SendApp<\/strong> kann nicht durch die Nichteinhaltung dieser Sicherheitsverpflichtung verhindert werden.<\/li>\n<li>Sie sind f\u00fcr alle Inhalte und Aktivit\u00e4ten verantwortlich, die unter Ihrem Konto ver\u00f6ffentlicht werden.<\/li>\n<li>Eine Person oder juristische Person darf nicht mehr als ein Konto f\u00fchren.<\/li>\n<li>Sie d\u00fcrfen das Partnerprogramm nicht f\u00fcr illegale oder nicht autorisierte Zwecke verwenden. Sie d\u00fcrfen im Rahmen des Dienstes keine Gesetze in Ihrer Gerichtsbarkeit verletzen (einschlie\u00dflich, aber nicht beschr\u00e4nkt auf Urheberrechtsgesetze).<\/li>\n<li>Sie d\u00fcrfen das Partnerprogramm nicht verwenden, um selbst Geld zu verdienen <strong>SendApp<\/strong> Produktkonten.<\/li>\n<\/ul>\n<h2>Links \/ Grafiken auf Ihrer Website, in Ihren E-Mails oder anderen Mitteilungen<\/h2>\n<p>Sobald Sie sich f\u00fcr das Partnerprogramm angemeldet haben, wird Ihnen ein eindeutiger Partnercode zugewiesen. Sie d\u00fcrfen Links, Banner oder andere Grafiken, die wir mit Ihrem Partnercode versehen, auf Ihrer Website, in Ihren E-Mails oder in anderen Mitteilungen platzieren. Wir stellen Ihnen Richtlinien, Verkn\u00fcpfungsstile und grafische Grafiken zur Verf\u00fcgung, mit denen Sie verkn\u00fcpfen k\u00f6nnen <strong>SendApp<\/strong>. Wir k\u00f6nnen das Design jederzeit ohne vorherige Ank\u00fcndigung \u00e4ndern, aber wir werden die Gr\u00f6\u00dfe der Bilder nicht ohne vorherige Ank\u00fcndigung \u00e4ndern.<\/p>\n<p>Um eine genaue Nachverfolgung, Berichterstellung und Verweisgeb\u00fchren zu erm\u00f6glichen, stellen wir Ihnen spezielle Links zu Ihrer Website zur Verf\u00fcgung. <strong>SendApp<\/strong>. Sie m\u00fcssen sicherstellen, dass jeder der Links zwischen Ihrer Website und der <strong>SendApp<\/strong> verwendet solche speziellen Linkformate ordnungsgem\u00e4\u00df. Links zum <strong>SendApp<\/strong> Empfehlungsgeb\u00fchren erhalten Sie nur in Bezug auf Verk\u00e4ufe am <strong>SendApp<\/strong> Produkt, das direkt durch spezielle Verbindungen auftritt; Wir sind nicht in der Lage, Ihnen irgendwelche Probleme zu l\u00f6sen. Wir k\u00f6nnen Ihnen helfen. gem\u00e4\u00df dieser Vereinbarung.<\/p>\n<p>Affiliate-Links sollten auf die Seite des beworbenen Produkts verweisen.<\/p>\n<h2>Empfehlungsgeb\u00fchren \/ Provisionen und Zahlung<\/h2>\n<p>Damit f\u00fcr einen Produktverkauf eine Empfehlungsgeb\u00fchr erhoben werden kann, muss der Kunde von Ihrer Website, per E-Mail oder durch andere Mitteilungen an auf Special Link klicken <strong>https:\/\/sendapp.live<\/strong> und schlie\u00dfen Sie w\u00e4hrend dieser Sitzung eine Bestellung f\u00fcr ein Produkt ab.<\/p>\n<p>Wir zahlen nur Provisionen f\u00fcr Links, die von unseren Systemen automatisch erfasst und gemeldet werden. Wenn es nicht von unserem System erfasst wurde, zahlen wir keine Provisionen, wenn jemand angibt, dass es nicht erfasst wurde. Wir k\u00f6nnen Provisionen nur f\u00fcr ordnungsgem\u00e4\u00df erstellte, formatierte Speziallinks zahlen, die von unseren Systemen automatisch erfasst wurden.<\/p>\n<p>Wir behalten uns das Recht vor, Provisionen, die durch betr\u00fcgerische, illegale oder \u00fcberm\u00e4\u00dfig aggressive, fragw\u00fcrdige Verkaufs- oder Marketingmethoden verdient wurden, zu disqualifizieren.<\/p>\n<p>Zahlungen beginnen erst, wenn Sie mehr als verdient haben <strong>$200<\/strong> im Affiliate-Einkommen. Wenn Ihr Affiliate-Konto niemals das \u00fcberschreitet <strong>$200 <\/strong>Schwelle wird Ihre Provision nicht realisiert oder ausgezahlt. Wir sind verantwortlich f\u00fcr die Zahlung von Konten, die die Grenze \u00fcberschritten haben <strong>$200 <\/strong>Schwelle.<\/p>\n<h2>Identifizieren Sie sich als SendApp-Partner<\/h2>\n<p>M\u00f6glicherweise geben Sie keine Pressemitteilung zu dieser Vereinbarung oder Ihrer Teilnahme am Programm heraus. Eine solche Aktion kann dazu f\u00fchren, dass Sie aus dem Programm ausscheiden. Dar\u00fcber hinaus k\u00f6nnen Sie Ihre Produkte entwickeln, sagen, Sie sind ein Teil von <strong>SendApp<\/strong> Eine Beziehung oder Zugeh\u00f6rigkeit zwischen uns und einer anderen Person oder Organisation ausdr\u00fccklich oder implizit zu erkl\u00e4ren, es sei denn, dies ist ausdr\u00fccklich in dieser Vereinbarung gestattet (einschlie\u00dflich der ausdr\u00fccklichen oder impliziten Zusage, dass wir wohlt\u00e4tige Zwecke oder sonstige Zwecke unterst\u00fctzen, unterst\u00fctzen, unterst\u00fctzen oder Geld spenden).<\/p>\n<p>Sie k\u00f6nnen Produkte \u00fcber Ihre Partnerlinks f\u00fcr Ihren eigenen Gebrauch erwerben. Solche K\u00e4ufe k\u00f6nnen nach unserem alleinigen Ermessen zum Einbehalten von \u00dcberweisungsgeb\u00fchren und \/ oder zur K\u00fcndigung dieses Vertrags f\u00fchren.<\/p>\n<h2>Zahlungsplan<\/h2>\n<p>Solange Ihr aktuelles Affiliate-Einkommen vorbei ist <strong>$200 <\/strong>Sie werden jeden Monat bezahlt. Wenn Sie nicht verdient haben <strong>$200 <\/strong>Seit Ihrer letzten Zahlung zahlen wir den folgenden Betrag, nachdem Sie die Schwelle \u00fcberschritten haben.<\/p>\n<h2>Kundendefinition<\/h2>\n<p>Kunden, die Produkte \u00fcber dieses Programm kaufen, gelten als unsere Kunden. Gem\u00e4\u00df unseren Regeln, Richtlinien und Betriebsverfahren in Bezug auf Kundenbestellungen, Kundendienst und Produktverk\u00e4ufe gelten wir f\u00fcr diese Kunden. Wir k\u00f6nnen unsere Richtlinien und Betriebsverfahren jederzeit \u00e4ndern. Beispielsweise legen wir die Preise f\u00fcr Produkte fest, die im Rahmen dieses Programms verkauft werden. Produktpreise und -verf\u00fcgbarkeit k\u00f6nnen von Zeit zu Zeit variieren. Da Preis\u00e4nderungen Auswirkungen auf Produkte haben k\u00f6nnen, die sich auf Ihrer Website befinden, sollten Sie auf Ihrer Website keine Produktpreise anzeigen. Wir k\u00f6nnen die Verf\u00fcgbarkeit oder den Preis eines bestimmten Produkts nicht garantieren.<\/p>\n<h2>Ihre Verantwortlichkeiten<\/h2>\n<p>Sie sind f\u00fcr die Entwicklung, den Betrieb und die Wartung Ihrer Website verantwortlich. Beispielsweise sind Sie allein verantwortlich f\u00fcr:<\/p>\n<p>- Der technische Betrieb Ihrer Website und aller damit verbundenen Ger\u00e4te<br \/>\n- Wenn Sie sicherstellen, dass die Anzeige von speziellen Links auf Ihrer Website nicht gegen Vereinbarungen zwischen Dritten verst\u00f6\u00dft (ohne Einschr\u00e4nkungen)<br \/>\n- Die Richtigkeit, Wahrheit und Angemessenheit der auf Ihrer Website ver\u00f6ffentlichten Materialien (einschlie\u00dflich aller zugeh\u00f6rigen Materialien und Informationen, die Sie in spezielle Links aufnehmen oder mit diesen in Verbindung bringen).<br \/>\n- Sicherstellen, dass auf Ihrer Website ver\u00f6ffentlichtes Material oder Rechte Dritter verletzt werden (z. B. Urheberrechte, Marken, Datenschutz oder andere pers\u00f6nliche oder Eigentumsrechte)<br \/>\n- Sicherstellen, dass auf Ihrer Website ver\u00f6ffentlichtes Material nicht verleumderisch oder auf andere Weise illegal ist<br \/>\n- Sicherstellen, dass Ihre Website entweder durch Datenschutzrichtlinien oder auf andere Weise korrekt und angemessen offenlegt, wie Daten von Besuchern gesammelt, verwendet, gespeichert oder offengelegt werden, einschlie\u00dflich, wo zutreffend, welche Dritten (einschlie\u00dflich Werbetreibende) Inhalte liefern und oder Werbung und Sammeln von Informationen von Besuchern und Platzieren oder Erkennen von Cookies in den Browsern der Besucher.<\/p>\n<h2>Einhaltung von Gesetzen<\/h2>\n<p>Mit Hilfe aller Gesetze, Vorschriften, Verordnungen, Anordnungen, Lizenzen, Genehmigungen, Urteile, Entscheidungen oder sonstigen Anforderungen einer Regierungsbeh\u00f6rde, die dies hat Gerichtsbarkeit \u00fcber Sie, ob diese Gesetze usw. sind jetzt in Kraft oder sp\u00e4ter als ein Effekt w\u00e4hrend der Zeit, in der Sie ein Programmteilnehmer sind. Ohne die vorstehende Verpflichtung einzuschr\u00e4nken, gilt das CAN-SPAM-Gesetz von 2003 und alle andere Anti-Spam-Gesetze.<\/p>\n<h2>Laufzeit der Vereinbarung und des Programms<\/h2>\n<p>Die Laufzeit dieser Vereinbarung beginnt mit der Annahme Ihres Programms und endet mit der K\u00fcndigung durch eine der Parteien. Entweder Sie oder wir k\u00f6nnen diesen Vertrag mit oder ohne Angabe von Gr\u00fcnden durch schriftliche K\u00fcndigung durch die andere Partei k\u00fcndigen. Bei Beendigung dieser Vereinbarung <strong>https:\/\/sendapp.live<\/strong>und im Zusammenhang mit der Marke die Marke, die Marke von <strong>SendApp<\/strong> beh\u00e4lt sich das Recht vor, das Programm jederzeit zu beenden. Nach Beendigung des Programms <strong>SendApp<\/strong> zahlt alle oben aufgelaufenen ausstehenden Gewinne <strong>$200 <\/strong>.<\/p>\n<h2>K\u00fcndigung<\/h2>\n<p><strong>SendApp<\/strong>hat nach eigenem Ermessen das Recht, Ihr Konto zu sperren oder zu k\u00fcndigen und jegliche gegenw\u00e4rtige oder zuk\u00fcnftige Nutzung des Programms oder eines anderen zu verweigern <strong>SendApp<\/strong> Service, aus irgendeinem Grund zu jeder Zeit. Eine solche K\u00fcndigung des Dienstes f\u00fchrt zur Deaktivierung Ihres Kontos oder Ihres Zugriffs auf Ihr Konto und zum Verlust und zur R\u00fcckerstattung aller potenziell zu zahlenden Provisionen auf Ihrem Konto, wenn diese durch betr\u00fcgerische, rechtswidrige oder betr\u00fcgerische Handlungen verdient wurden \u00fcberm\u00e4\u00dfig aggressive, fragw\u00fcrdige Verkaufs- oder Marketingmethoden. <strong>SendApp<\/strong> Reserven aus irgendeinem Grund.<\/p>\n<h2>Beziehung der Parteien<\/h2>\n<p>Sie schaffen unabh\u00e4ngige Partnerschaften, Joint Ventures, Agenturen, Franchise-Unternehmen, Handelsvertreter oder Beziehungen zwischen den Parteien. Sie sind nicht befugt, in unserem Namen Angebote oder Zusicherungen abzugeben oder anzunehmen. Sie werden weder auf Ihrer Website noch auf andere Weise eine Erkl\u00e4rung abgeben, die in diesem Abschnitt einen angemessenen Widerspruch darstellt.<\/p>\n<h2>Haftungsbeschr\u00e4nkungen<\/h2>\n<p>\u00dcber solche Sch\u00e4den k\u00f6nnen wir Ihnen keine Auskunft geben. Unsere gesamte Haftung im Zusammenhang mit dieser Vereinbarung betr\u00e4gt<\/p>\n<h2>Haftungsausschluss<\/h2>\n<p>Wir sind in der Lage, mit unserem Programm Krieg zu f\u00fchren (einschlie\u00dflich, ohne Einschr\u00e4nkung, Eignungsgarantien, Handels\u00fcblichkeit, Nichtverletzung oder impliziter Garantien, die sich aus einem Leistungsverlauf, Handel oder Service ergeben Handelsgebrauch). Dar\u00fcber hinaus machen wir keine Zusicherung, dass die Funktionsweise der <strong>SendApp<\/strong> wird ohne Unterbrechung oder fehlerfrei sein, und wir haften nicht f\u00fcr die Folgen von Unterbrechungen oder Fehlern.<\/p>\n<h2>Unabh\u00e4ngige Untersuchung<\/h2>\n<p>SIE BEST\u00c4TIGEN, DASS SIE DIESE VEREINBARUNG GELESEN HABEN UND ALLEN IHREN GESCH\u00c4FTSBEDINGUNGEN ZUSTIMMEN. SIE ERKENNEN AN, DASS WIR ZU JEDEM ZEITPUNKT (DIREKT ODER UNMITTELBAR) KUNDENVERWEISE ABWEICHEN K\u00d6NNEN VON DEN IN DIESEM VERTRAG ENTHALTENEN ODER MIT IHRER WEBSITE IN VERBINDUNG STEHENDEN ODER MIT IHRER WEBSITE WETTBEWERBEN K\u00d6NNEN. SIE HABEN UNABH\u00c4NGIG DIE WIDERSTANDSF\u00c4HIGKEIT DER TEILNAHME AN DEM PROGRAMM BEWERTET UND VERLASSEN SICH NICHT AUF ANDERE VERTRETUNGEN, GARANTIEN ODER ERKL\u00c4RUNGEN, ALS IN DIESER VEREINBARUNG FESTGELEGT.<\/p>\n<h2>Schlichtung<\/h2>\n<p>Alle Streitigkeiten im Zusammenhang mit dieser Vereinbarung, Transaktionen oder Aktivit\u00e4ten im Rahmen dieser Vereinbarung oder Ihre Ausweitung auf Sie, an jedem Gericht oder an jedem anderen zust\u00e4ndigen Gericht oder an jedem anderen zust\u00e4ndigen Gericht . Die Schiedsgerichtsbarkeit im Rahmen dieser Vereinbarung richtet sich nach den geltenden Bestimmungen der American Arbitration Association. Der Schiedsspruch des Schiedsrichters ist bindend und kann bei jedem zust\u00e4ndigen Gericht als Urteil eingetragen werden. Im vollen Umfang des Schiedsverfahrens oder auf andere Weise, im Rahmen des Schiedsverfahrens oder auf andere Weise.<\/p>\n<h2>verschieden<\/h2>\n<p>Diese Vereinbarung unterliegt den Gesetzen der Vereinigten Staaten von Amerika, ohne dass auf Regeln f\u00fcr die Rechtswahl Bezug genommen wird. Ohne unsere vorherige schriftliche Zustimmung k\u00f6nnen Sie dieser Vereinbarung weder gesetzlich noch anderweitig zustimmen. Vorbehaltlich dieser Einschr\u00e4nkung ist diese Vereinbarung f\u00fcr die Parteien und ihre jeweiligen Nachfolger und Bevollm\u00e4chtigten bindend und gegen\u00fcber diesen durchsetzbar. Dies ist eine Vereinbarung zur Bereitstellung des Rechts zur Durchsetzung einer solchen Bestimmung oder einer anderen Bestimmung dieser Vereinbarung.<\/p>\n<p>Das Scheitern von <strong>SendApp<\/strong> das Recht, auf ein solches Recht oder eine solche Bestimmung zu verzichten. Die Nutzungsbedingungen stellen die gesamte Vereinbarung zwischen Ihnen und dar <strong>SendApp<\/strong> und das Ersetzen jeglicher vorheriger Vereinbarungen zwischen Ihnen und <strong>SendApp<\/strong> (einschlie\u00dflich, aber nicht beschr\u00e4nkt auf eine fr\u00fchere Version der Nutzungsbedingungen).<\/p>\n\t<\/div>\n<\/div>\n\n\n\n\n\t\t\t<\/div> \n\t\t<\/div>\n\t<\/div> \n\n\t<div  class=\"vc_col-sm-2 wpb_column column_container vc_column_container col no-extra-padding inherit_tablet inherit_phone\"  data-padding-pos=\"all\" data-has-bg-color=\"false\" data-bg-color=\"\" data-bg-opacity=\"1\" data-animation=\"\" data-delay=\"0\" >\n\t\t<div class=\"vc_column-inner\" >\n\t\t\t<div class=\"wpb_wrapper\">\n\t\t\t\t\n\t\t\t<\/div> \n\t\t<\/div>\n\t<\/div> \n<\/div><\/div>","protected":false},"excerpt":{"rendered":"Vereinbarung zu den Nutzungsbedingungen des SendApp-Partnerprogramms: Indem Sie sich als Partner im SendApp-Partnerprogramm (\u201eProgramm\u201c) anmelden, erkl\u00e4ren Sie sich mit den folgenden Bedingungen einverstanden \u2026","protected":false},"author":1,"featured_media":0,"parent":0,"menu_order":0,"comment_status":"closed","ping_status":"open","template":"","meta":{"_daim_seo_power":"","_daim_enable_ail":"","footnotes":""},"class_list":["post-2187","page","type-page","status-publish"],"yoast_head":"<!-- This site is optimized with the Yoast SEO Premium plugin v27.3 (Yoast SEO v27.3) - https:\/\/yoast.com\/product\/yoast-seo-premium-wordpress\/ -->\n<title>Terms and Conditions massive message sendings whatsapp- SendApp - Software Whatsapp Marketing<\/title>\n<meta name=\"description\" content=\"Terms and Conditions - sendapp - create massive text, image, video, link message campaign - send to whatsapp contacts and other imported contacts to sendapp\" \/>\n<meta name=\"robots\" content=\"index, follow, max-snippet:-1, max-image-preview:large, max-video-preview:-1\" \/>\n<link rel=\"canonical\" href=\"https:\/\/sendapp.live\/de\/terms-und-bedingungen\/\" \/>\n<meta property=\"og:locale\" content=\"de_DE\" \/>\n<meta property=\"og:type\" content=\"article\" \/>\n<meta property=\"og:title\" content=\"Terms and Conditions\" \/>\n<meta property=\"og:description\" content=\"Terms and Conditions - sendapp - create massive text, image, video, link message campaign - send to whatsapp contacts and other imported contacts to sendapp\" \/>\n<meta property=\"og:url\" content=\"https:\/\/sendapp.live\/de\/terms-und-bedingungen\/\" \/>\n<meta property=\"og:site_name\" content=\"SendApp - Software Whatsapp Marketing\" \/>\n<meta property=\"article:publisher\" content=\"https:\/\/www.facebook.com\/sendapp.live\" \/>\n<meta property=\"article:modified_time\" content=\"2024-03-26T11:52:59+00:00\" \/>\n<meta name=\"twitter:card\" content=\"summary_large_image\" \/>\n<meta name=\"twitter:site\" content=\"@sendapp_live\" \/>\n<meta name=\"twitter:label1\" content=\"Gesch\u00e4tzte Lesezeit\" \/>\n\t<meta name=\"twitter:data1\" content=\"11\u00a0Minuten\" \/>\n<script type=\"application\/ld+json\" class=\"yoast-schema-graph\">{\"@context\":\"https:\\\/\\\/schema.org\",\"@graph\":[{\"@type\":\"WebPage\",\"@id\":\"https:\\\/\\\/sendapp.live\\\/en\\\/terms-and-conditions\\\/\",\"url\":\"https:\\\/\\\/sendapp.live\\\/en\\\/terms-and-conditions\\\/\",\"name\":\"Terms and Conditions massive message sendings whatsapp- SendApp - Software Whatsapp Marketing\",\"isPartOf\":{\"@id\":\"https:\\\/\\\/sendapp.live\\\/it\\\/#website\"},\"datePublished\":\"2019-08-29T13:26:34+00:00\",\"dateModified\":\"2024-03-26T11:52:59+00:00\",\"description\":\"Terms and Conditions - sendapp - create massive text, image, video, link message campaign - send to whatsapp contacts and other imported contacts to sendapp\",\"breadcrumb\":{\"@id\":\"https:\\\/\\\/sendapp.live\\\/en\\\/terms-and-conditions\\\/#breadcrumb\"},\"inLanguage\":\"de\",\"potentialAction\":[{\"@type\":\"ReadAction\",\"target\":[\"https:\\\/\\\/sendapp.live\\\/en\\\/terms-and-conditions\\\/\"]}]},{\"@type\":\"BreadcrumbList\",\"@id\":\"https:\\\/\\\/sendapp.live\\\/en\\\/terms-and-conditions\\\/#breadcrumb\",\"itemListElement\":[{\"@type\":\"ListItem\",\"position\":1,\"name\":\"Home\",\"item\":\"https:\\\/\\\/sendapp.live\\\/\"},{\"@type\":\"ListItem\",\"position\":2,\"name\":\"Terms and Conditions\"}]},{\"@type\":\"WebSite\",\"@id\":\"https:\\\/\\\/sendapp.live\\\/it\\\/#website\",\"url\":\"https:\\\/\\\/sendapp.live\\\/it\\\/\",\"name\":\"SendApp\",\"description\":\"Automate Your Messages &amp; Grow Your Business\",\"publisher\":{\"@id\":\"https:\\\/\\\/sendapp.live\\\/it\\\/#organization\"},\"alternateName\":\"SendApp WhatsApp Marketing\",\"potentialAction\":[{\"@type\":\"SearchAction\",\"target\":{\"@type\":\"EntryPoint\",\"urlTemplate\":\"https:\\\/\\\/sendapp.live\\\/it\\\/?s={search_term_string}\"},\"query-input\":{\"@type\":\"PropertyValueSpecification\",\"valueRequired\":true,\"valueName\":\"search_term_string\"}}],\"inLanguage\":\"de\"},{\"@type\":\"Organization\",\"@id\":\"https:\\\/\\\/sendapp.live\\\/it\\\/#organization\",\"name\":\"SendApp\",\"url\":\"https:\\\/\\\/sendapp.live\\\/it\\\/\",\"logo\":{\"@type\":\"ImageObject\",\"inLanguage\":\"de\",\"@id\":\"https:\\\/\\\/sendapp.live\\\/it\\\/#\\\/schema\\\/logo\\\/image\\\/\",\"url\":\"https:\\\/\\\/sendapp.live\\\/wp-content\\\/uploads\\\/2025\\\/04\\\/Logo-Sendapp-300x60-1.png\",\"contentUrl\":\"https:\\\/\\\/sendapp.live\\\/wp-content\\\/uploads\\\/2025\\\/04\\\/Logo-Sendapp-300x60-1.png\",\"width\":300,\"height\":60,\"caption\":\"SendApp\"},\"image\":{\"@id\":\"https:\\\/\\\/sendapp.live\\\/it\\\/#\\\/schema\\\/logo\\\/image\\\/\"},\"sameAs\":[\"https:\\\/\\\/www.facebook.com\\\/sendapp.live\",\"https:\\\/\\\/x.com\\\/sendapp_live\",\"https:\\\/\\\/www.instagram.com\\\/sendapp.live\",\"https:\\\/\\\/www.youtube.com\\\/channel\\\/UC2gaLpi0-OJLG4CFbOr6mLw\",\"https:\\\/\\\/it.trustpilot.com\\\/review\\\/sendapp.live\"],\"description\":\"Piattaforma italiana di WhatsApp Marketing con API ufficiali Meta. Assistente AI, campagne massive, SMS Gateway gratuito, Google Calendar, automazioni. Da \u20ac16\\\/mese senza markup sui messaggi.\",\"email\":\"info@sendapp.live\",\"foundingDate\":\"2016-07-25\"}]}<\/script>\n<!-- \/ Yoast SEO Premium plugin. -->","yoast_head_json":{"title":"Allgemeine Gesch\u00e4ftsbedingungen f\u00fcr den Massenversand von Nachrichten \u00fcber WhatsApp \u2013 SendApp \u2013 Software f\u00fcr WhatsApp-Marketing","description":"Allgemeine Gesch\u00e4ftsbedingungen - sendapp - Erstellen Sie umfangreiche Text-, Bild-, Video- und Link-Nachrichten-Kampagnen - Senden Sie diese an WhatsApp-Kontakte und andere importierte Kontakte an sendapp","robots":{"index":"index","follow":"follow","max-snippet":"max-snippet:-1","max-image-preview":"max-image-preview:large","max-video-preview":"max-video-preview:-1"},"canonical":"https:\/\/sendapp.live\/de\/terms-und-bedingungen\/","og_locale":"de_DE","og_type":"article","og_title":"Terms and Conditions","og_description":"Terms and Conditions - sendapp - create massive text, image, video, link message campaign - send to whatsapp contacts and other imported contacts to sendapp","og_url":"https:\/\/sendapp.live\/de\/terms-und-bedingungen\/","og_site_name":"SendApp - Software Whatsapp Marketing","article_publisher":"https:\/\/www.facebook.com\/sendapp.live","article_modified_time":"2024-03-26T11:52:59+00:00","twitter_card":"summary_large_image","twitter_site":"@sendapp_live","twitter_misc":{"Gesch\u00e4tzte Lesezeit":"11\u00a0Minuten"},"schema":{"@context":"https:\/\/schema.org","@graph":[{"@type":"WebPage","@id":"https:\/\/sendapp.live\/en\/terms-and-conditions\/","url":"https:\/\/sendapp.live\/en\/terms-and-conditions\/","name":"Allgemeine Gesch\u00e4ftsbedingungen f\u00fcr den Massenversand von Nachrichten \u00fcber WhatsApp \u2013 SendApp \u2013 Software f\u00fcr WhatsApp-Marketing","isPartOf":{"@id":"https:\/\/sendapp.live\/it\/#website"},"datePublished":"2019-08-29T13:26:34+00:00","dateModified":"2024-03-26T11:52:59+00:00","description":"Allgemeine Gesch\u00e4ftsbedingungen - sendapp - Erstellen Sie umfangreiche Text-, Bild-, Video- und Link-Nachrichten-Kampagnen - Senden Sie diese an WhatsApp-Kontakte und andere importierte Kontakte an sendapp","breadcrumb":{"@id":"https:\/\/sendapp.live\/en\/terms-and-conditions\/#breadcrumb"},"inLanguage":"de","potentialAction":[{"@type":"ReadAction","target":["https:\/\/sendapp.live\/en\/terms-and-conditions\/"]}]},{"@type":"BreadcrumbList","@id":"https:\/\/sendapp.live\/en\/terms-and-conditions\/#breadcrumb","itemListElement":[{"@type":"ListItem","position":1,"name":"Home","item":"https:\/\/sendapp.live\/"},{"@type":"ListItem","position":2,"name":"Terms and Conditions"}]},{"@type":"WebSite","@id":"https:\/\/sendapp.live\/it\/#website","url":"https:\/\/sendapp.live\/it\/","name":"SendApp","description":"Automatisieren Sie Ihre Nachrichten und steigern Sie Ihr Gesch\u00e4ft","publisher":{"@id":"https:\/\/sendapp.live\/it\/#organization"},"alternateName":"SendApp WhatsApp Marketing","potentialAction":[{"@type":"SearchAction","target":{"@type":"EntryPoint","urlTemplate":"https:\/\/sendapp.live\/it\/?s={search_term_string}"},"query-input":{"@type":"PropertyValueSpecification","valueRequired":true,"valueName":"search_term_string"}}],"inLanguage":"de"},{"@type":"Organization","@id":"https:\/\/sendapp.live\/it\/#organization","name":"SendApp","url":"https:\/\/sendapp.live\/it\/","logo":{"@type":"ImageObject","inLanguage":"de","@id":"https:\/\/sendapp.live\/it\/#\/schema\/logo\/image\/","url":"https:\/\/sendapp.live\/wp-content\/uploads\/2025\/04\/Logo-Sendapp-300x60-1.png","contentUrl":"https:\/\/sendapp.live\/wp-content\/uploads\/2025\/04\/Logo-Sendapp-300x60-1.png","width":300,"height":60,"caption":"SendApp"},"image":{"@id":"https:\/\/sendapp.live\/it\/#\/schema\/logo\/image\/"},"sameAs":["https:\/\/www.facebook.com\/sendapp.live","https:\/\/x.com\/sendapp_live","https:\/\/www.instagram.com\/sendapp.live","https:\/\/www.youtube.com\/channel\/UC2gaLpi0-OJLG4CFbOr6mLw","https:\/\/it.trustpilot.com\/review\/sendapp.live"],"description":"Italienische WhatsApp-Marketing-Plattform mit offizieller Meta-API. KI-Assistent, Massenkampagnen, kostenloses SMS-Gateway, Google Kalender, Automatisierungen. Ab 16 \u20ac\/Monat ohne Aufpreis f\u00fcr Nachrichten.","email":"info@sendapp.live","foundingDate":"2016-07-25"}]}},"_links":{"self":[{"href":"https:\/\/sendapp.live\/de\/wp-json\/wp\/v2\/pages\/2187","targetHints":{"allow":["GET"]}}],"collection":[{"href":"https:\/\/sendapp.live\/de\/wp-json\/wp\/v2\/pages"}],"about":[{"href":"https:\/\/sendapp.live\/de\/wp-json\/wp\/v2\/types\/page"}],"author":[{"embeddable":true,"href":"https:\/\/sendapp.live\/de\/wp-json\/wp\/v2\/users\/1"}],"replies":[{"embeddable":true,"href":"https:\/\/sendapp.live\/de\/wp-json\/wp\/v2\/comments?post=2187"}],"version-history":[{"count":2,"href":"https:\/\/sendapp.live\/de\/wp-json\/wp\/v2\/pages\/2187\/revisions"}],"predecessor-version":[{"id":29152,"href":"https:\/\/sendapp.live\/de\/wp-json\/wp\/v2\/pages\/2187\/revisions\/29152"}],"wp:attachment":[{"href":"https:\/\/sendapp.live\/de\/wp-json\/wp\/v2\/media?parent=2187"}],"curies":[{"name":"wp","href":"https:\/\/api.w.org\/{rel}","templated":true}]}}