{"id":23066,"date":"2022-05-08T19:53:55","date_gmt":"2022-05-08T17:53:55","guid":{"rendered":"https:\/\/sendapp.live\/?page_id=23066"},"modified":"2025-07-23T23:20:04","modified_gmt":"2025-07-23T21:20:04","slug":"shopify-sms-und-whatsapp-benachrichtigungen-2","status":"publish","type":"page","link":"https:\/\/sendapp.live\/de\/shopify-sms-and-whatsapp-notifications\/","title":{"rendered":"Shopify SMS und WhatsApp-Benachrichtigungen"},"content":{"rendered":"<div id=\"fws_69dd14081196f\"  data-column-margin=\"default\" data-midnight=\"dark\"  class=\"wpb_row vc_row-fluid vc_row  top_margin_5pct\"  style=\"padding-top: 0px; padding-bottom: 0px; \"><div class=\"row-bg-wrap\" data-bg-animation=\"none\" data-bg-animation-delay=\"\" data-bg-overlay=\"false\"><div class=\"inner-wrap row-bg-layer\" ><div class=\"row-bg viewport-desktop\"  style=\"\"><\/div><\/div><\/div><div class=\"row_col_wrap_12 col span_12 dark left\">\n\t<div  class=\"vc_col-sm-2\/5 wpb_column column_container vc_column_container col no-extra-padding inherit_tablet inherit_phone\"  data-padding-pos=\"top\" data-has-bg-color=\"false\" data-bg-color=\"\" data-bg-opacity=\"1\" data-animation=\"\" data-delay=\"0\" >\n\t\t<div class=\"vc_column-inner\" >\n\t\t\t<div class=\"wpb_wrapper\">\n\t\t\t\t<div class=\"img-with-aniamtion-wrap\" data-max-width=\"100%\" data-max-width-mobile=\"default\" data-shadow=\"none\" data-animation=\"fade-in\" >\n      <div class=\"inner\">\n        <div class=\"hover-wrap\"> \n          <div class=\"hover-wrap-inner\">\n            <img loading=\"lazy\" decoding=\"async\" class=\"img-with-animation skip-lazy\" data-delay=\"0\" height=\"600\" width=\"600\" data-animation=\"fade-in\" src=\"https:\/\/sendapp.live\/wp-content\/uploads\/2022\/06\/banner-shopify-logo-02.jpg\" alt=\"\" srcset=\"https:\/\/sendapp.live\/wp-content\/uploads\/2022\/06\/banner-shopify-logo-02.jpg 600w, https:\/\/sendapp.live\/wp-content\/uploads\/2022\/06\/banner-shopify-logo-02-300x300.jpg 300w, https:\/\/sendapp.live\/wp-content\/uploads\/2022\/06\/banner-shopify-logo-02-150x150.jpg 150w, https:\/\/sendapp.live\/wp-content\/uploads\/2022\/06\/banner-shopify-logo-02-12x12.jpg 12w, https:\/\/sendapp.live\/wp-content\/uploads\/2022\/06\/banner-shopify-logo-02-100x100.jpg 100w, https:\/\/sendapp.live\/wp-content\/uploads\/2022\/06\/banner-shopify-logo-02-140x140.jpg 140w, https:\/\/sendapp.live\/wp-content\/uploads\/2022\/06\/banner-shopify-logo-02-500x500.jpg 500w, https:\/\/sendapp.live\/wp-content\/uploads\/2022\/06\/banner-shopify-logo-02-350x350.jpg 350w\" sizes=\"auto, (max-width: 600px) 100vw, 600px\" \/>\n          <\/div>\n        <\/div>\n      <\/div>\n    <\/div>\n\t\t\t<\/div> \n\t\t<\/div>\n\t<\/div> \n\n\t<div  class=\"vc_col-sm-3\/5 wpb_column column_container vc_column_container col no-extra-padding inherit_tablet inherit_phone\"  data-padding-pos=\"all\" data-has-bg-color=\"false\" data-bg-color=\"\" data-bg-opacity=\"1\" data-animation=\"\" data-delay=\"0\" >\n\t\t<div class=\"vc_column-inner\" >\n\t\t\t<div class=\"wpb_wrapper\">\n\t\t\t\t\n<div class=\"wpb_text_column wpb_content_element\" >\n\t<div class=\"wpb_wrapper\">\n\t\t<h2><span style=\"color: #008000;\">Schalten Sie WhatsApp-Benachrichtigungen ein<br \/>\nin Ihrem Shopify eCommerce<br \/>\nf\u00fcr Bestellungen und Status\u00e4nderungen.<\/span><\/h2>\n\t<\/div>\n<\/div>\n\n\n\n\n<div class=\"wpb_text_column wpb_content_element\" >\n\t<div class=\"wpb_wrapper\">\n\t\t<h3>Senden Sie WhatsApp-Benachrichtigungen f\u00fcr Bestellungen und Status\u00e4nderungen<br \/>\num die Interaktion mit Ihren Kunden zu steigern<br \/>\nunsere kostenlose Integration f\u00fcr Shopify.<\/h3>\n\t<\/div>\n<\/div>\n\n\n\n<a class=\"nectar-button jumbo regular accent-color  regular-button\"  role=\"button\" style=\"margin-top: 30px; \" target=\"_blank\" href=\"https:\/\/shopify.sendapp.live\/generate.php\" data-color-override=\"false\" data-hover-color-override=\"false\" data-hover-text-color-override=\"#fff\"><span>Generieren Sie Ihren Webhook<\/span><\/a>\n\t\t\t<\/div> \n\t\t<\/div>\n\t<\/div> \n<\/div><\/div>\n\t\t<div id=\"fws_69dd14081244e\"  data-column-margin=\"default\" data-midnight=\"dark\"  class=\"wpb_row vc_row-fluid vc_row full-width-section\"  style=\"padding-top: 0px; padding-bottom: 100px; \"><div class=\"row-bg-wrap\" data-bg-animation=\"none\" data-bg-animation-delay=\"\" data-bg-overlay=\"false\"><div class=\"inner-wrap row-bg-layer\" ><div class=\"row-bg viewport-desktop using-bg-color\"  style=\"background-color: #ffffff; \"><\/div><\/div><\/div><div class=\"row_col_wrap_12 col span_12 dark left\">\n\t<div  class=\"vc_col-sm-12 wpb_column column_container vc_column_container col no-extra-padding inherit_tablet inherit_phone\"  data-padding-pos=\"all\" data-has-bg-color=\"false\" data-bg-color=\"\" data-bg-opacity=\"1\" data-animation=\"\" data-delay=\"0\" >\n\t\t<div class=\"vc_column-inner\" >\n\t\t\t<div class=\"wpb_wrapper\">\n\t\t\t\t<div class=\"nectar-gradient-text\" data-direction=\"horizontal\" data-color=\"extra-color-gradient-1\" style=\"margin-top: 90px; margin-bottom: 0px; \"><h2>Gebrauchsanweisung SendApp WhatsApp-Benachrichtigungen f\u00fcr Shopify<\/h2><\/div><div class=\"toggles\" data-br=\"\" data-starting=\"default\" data-style=\"minimal\"><div class=\"toggle default\" data-inner-wrap=\"true\"><h3 class=\"toggle-title\"><a href=\"#\" role=\"button\" class=\"toggle-heading\"><i role=\"presentation\" class=\"fa fa-plus-circle\"><\/i>Einstellung<\/a><\/h3><div><div class=\"inner-toggle-wrap\">\n<div class=\"wpb_text_column wpb_content_element\" >\n\t<div class=\"wpb_wrapper\">\n\t\t<p><strong>Generieren Sie Ihre WhatsApp-API auf Sendapp Colud<br \/>\n<\/strong>Melden Sie sich an oder registrieren Sie sich <a href=\"https:\/\/app.sendapp.cloud\" target=\"_blank\" rel=\"noopener\">https:\/\/app.sendapp.cloud<\/a> und erstellen Sie eine Instanz mit Ihrem WhatsApp Business- oder Personal-Multisession-Konto.<br \/>\nNachdem Sie die Instanz erstellt haben, k\u00f6nnen Sie Ihren Token und Ihre Isatnza-ID kopieren, um sie in den Shopify-Webhook-Konfigurator einzuf\u00fcgen <a href=\"https:\/\/shopify.sendapp.live\/generate.php\" target=\"_blank\" rel=\"noopener\">https:\/\/shopify.sendapp.live\/generate.php<\/a><\/p>\n<p><img loading=\"lazy\" decoding=\"async\" class=\"alignnone wp-image-25571 size-full\" src=\"https:\/\/sendapp.live\/wp-content\/uploads\/2023\/06\/istanza3.jpg\" alt=\"\" width=\"1680\" height=\"897\" srcset=\"https:\/\/sendapp.live\/wp-content\/uploads\/2023\/06\/istanza3.jpg 1680w, https:\/\/sendapp.live\/wp-content\/uploads\/2023\/06\/istanza3-300x160.jpg 300w, https:\/\/sendapp.live\/wp-content\/uploads\/2023\/06\/istanza3-1024x547.jpg 1024w, https:\/\/sendapp.live\/wp-content\/uploads\/2023\/06\/istanza3-768x410.jpg 768w, https:\/\/sendapp.live\/wp-content\/uploads\/2023\/06\/istanza3-1536x820.jpg 1536w, https:\/\/sendapp.live\/wp-content\/uploads\/2023\/06\/istanza3-18x10.jpg 18w, https:\/\/sendapp.live\/wp-content\/uploads\/2023\/06\/istanza3-600x320.jpg 600w\" sizes=\"auto, (max-width: 1680px) 100vw, 1680px\" \/><\/p>\n\t<\/div>\n<\/div>\n\n\n\n<\/div><\/div><\/div><div class=\"toggle default\" data-inner-wrap=\"true\"><h3 class=\"toggle-title\"><a href=\"#\" role=\"button\" class=\"toggle-heading\"><i role=\"presentation\" class=\"fa fa-plus-circle\"><\/i>Benachrichtigungsmeldungen konfigurieren<\/a><\/h3><div><div class=\"inner-toggle-wrap\">\n<div class=\"wpb_text_column wpb_content_element\" >\n\t<div class=\"wpb_wrapper\">\n\t\t<h4><strong>Nachrichtenkonfiguration\u00a0<\/strong><\/h4>\n<p>Gehen Sie zur Webhook-Konfiguration <a href=\"https:\/\/shopify.sendapp.live\/generate.php\" target=\"_blank\" rel=\"noopener\">https:\/\/shopify.sendapp.live\/generate.php<\/a> um die Benachrichtigungen anzupassen, die Sie an Ihre Kunden senden m\u00f6chten. Wenn Sie die Nachrichten eines bereits bestehenden Kontos \u00e4ndern m\u00f6chten, nachdem Sie Ihren Token und die Instanz eingegeben haben, dr\u00fccken Sie die Taste EDIT, Ihre zu \u00e4ndernden Benachrichtigungen werden angezeigt. Im Benachrichtigungsfeld WhatsApp-Telefonnummer f\u00fcr den Administrator m\u00fcssen Sie eine WhatsApp-Telefonnummer einschlie\u00dflich der internationalen Vorwahl ohne Zeichen, Bindestrich oder Klammern eingeben. Unter dieser Nummer erhalten Sie als Administrator Benachrichtigungen. Wenn Sie mit der Anpassung fertig sind, m\u00fcssen Sie auf die Schaltfl\u00e4che &quot;URL F\u00dcR SHOPIFY GENERIEREN&quot; klicken. Sie sehen die benutzerdefinierte URL, die Sie in Ihre Shopify-Administration einf\u00fcgen m\u00fcssen.<\/p>\n<p><img loading=\"lazy\" decoding=\"async\" class=\"wp-image-23357 size-full aligncenter\" src=\"https:\/\/sendapp.live\/wp-content\/uploads\/2022\/06\/shopify-configuration.jpg\" alt=\"\" width=\"850\" height=\"1690\" srcset=\"https:\/\/sendapp.live\/wp-content\/uploads\/2022\/06\/shopify-configuration.jpg 850w, https:\/\/sendapp.live\/wp-content\/uploads\/2022\/06\/shopify-configuration-151x300.jpg 151w, https:\/\/sendapp.live\/wp-content\/uploads\/2022\/06\/shopify-configuration-515x1024.jpg 515w, https:\/\/sendapp.live\/wp-content\/uploads\/2022\/06\/shopify-configuration-768x1527.jpg 768w, https:\/\/sendapp.live\/wp-content\/uploads\/2022\/06\/shopify-configuration-773x1536.jpg 773w, https:\/\/sendapp.live\/wp-content\/uploads\/2022\/06\/shopify-configuration-6x12.jpg 6w, https:\/\/sendapp.live\/wp-content\/uploads\/2022\/06\/shopify-configuration-600x1193.jpg 600w\" sizes=\"auto, (max-width: 850px) 100vw, 850px\" \/><\/p>\n\t<\/div>\n<\/div>\n\n\n\n<\/div><\/div><\/div><div class=\"toggle default\" data-inner-wrap=\"true\"><h3 class=\"toggle-title\"><a href=\"#\" role=\"button\" class=\"toggle-heading\"><i role=\"presentation\" class=\"fa fa-plus-circle\"><\/i>Richten Sie Shopify ein, um Benachrichtigungen zu senden<\/a><\/h3><div><div class=\"inner-toggle-wrap\">\n<div class=\"wpb_text_column wpb_content_element\" >\n\t<div class=\"wpb_wrapper\">\n\t\t<h4><strong>Einrichtung von Shopify-Benachrichtigungen<\/strong><\/h4>\n<p>Melden Sie sich bei Ihrer Shopfy-Administration an, gehen Sie zu <strong>Einstellungen \/ Benachrichtigungen <\/strong>Am Ende dieser Seite finden Sie den Abschnitt <strong>Webhook<br \/>\n<\/strong>Klicken Sie auf die Schaltfl\u00e4che \u201eWebhook erstellen\u201c. W\u00e4hlen Sie die \u201eBestell\u201c-Ereignisse aus, die Sie zum Senden von Benachrichtigungen verwenden m\u00f6chten, wie im Beispielbild gezeigt.<br \/>\nVerwenden Sie das \u201eJSON\u201c-Format, f\u00fcgen Sie die Sendapp-URL in das URL-Feld ein und w\u00e4hlen Sie im Men\u00fc die Webhook-API-Version 2025-10 () aus.<br \/>\nUm das Versenden von Benachrichtigungen zu best\u00e4tigen, m\u00fcssen Sie auf die Schaltfl\u00e4che Speichern klicken und Sie k\u00f6nnen sofort WhatsApp-Benachrichtigungen aus Ihrem Store versenden.<\/p>\n<p>&nbsp;<\/p>\n<p><img loading=\"lazy\" decoding=\"async\" class=\"size-full wp-image-35555 aligncenter\" src=\"https:\/\/sendapp.live\/wp-content\/uploads\/2025\/07\/webhook-shopify-config.jpg\" alt=\"\" width=\"1024\" height=\"606\" srcset=\"https:\/\/sendapp.live\/wp-content\/uploads\/2025\/07\/webhook-shopify-config.jpg 1024w, https:\/\/sendapp.live\/wp-content\/uploads\/2025\/07\/webhook-shopify-config-300x178.jpg 300w, https:\/\/sendapp.live\/wp-content\/uploads\/2025\/07\/webhook-shopify-config-768x455.jpg 768w, https:\/\/sendapp.live\/wp-content\/uploads\/2025\/07\/webhook-shopify-config-18x12.jpg 18w, https:\/\/sendapp.live\/wp-content\/uploads\/2025\/07\/webhook-shopify-config-600x355.jpg 600w\" sizes=\"auto, (max-width: 1024px) 100vw, 1024px\" \/><\/p>\n<p>&nbsp;<\/p>\n<p><img loading=\"lazy\" decoding=\"async\" class=\"size-full wp-image-35569 aligncenter\" src=\"https:\/\/sendapp.live\/wp-content\/uploads\/2025\/07\/webhook-shopify-config-new.jpg\" alt=\"\" width=\"1061\" height=\"797\" srcset=\"https:\/\/sendapp.live\/wp-content\/uploads\/2025\/07\/webhook-shopify-config-new.jpg 1061w, https:\/\/sendapp.live\/wp-content\/uploads\/2025\/07\/webhook-shopify-config-new-300x225.jpg 300w, https:\/\/sendapp.live\/wp-content\/uploads\/2025\/07\/webhook-shopify-config-new-1024x769.jpg 1024w, https:\/\/sendapp.live\/wp-content\/uploads\/2025\/07\/webhook-shopify-config-new-768x577.jpg 768w, https:\/\/sendapp.live\/wp-content\/uploads\/2025\/07\/webhook-shopify-config-new-16x12.jpg 16w, https:\/\/sendapp.live\/wp-content\/uploads\/2025\/07\/webhook-shopify-config-new-600x451.jpg 600w\" sizes=\"auto, (max-width: 1061px) 100vw, 1061px\" \/><\/p>\n\t<\/div>\n<\/div>\n\n\n\n<\/div><\/div><\/div><\/div>\n\n\n\n\n\n\n\n\n\n\n\n\n\n\n\n\n\n\n\n\n\t\t\t<\/div> \n\t\t<\/div>\n\t<\/div> \n<\/div><\/div>","protected":false},"excerpt":{"rendered":"Aktivieren Sie WhatsApp-Benachrichtigungen f\u00fcr Bestellungen und Status\u00e4nderungen auf Ihrer Shopify-E-Commerce-Site. Senden Sie WhatsApp-Benachrichtigungen f\u00fcr Bestellungen und Status\u00e4nderungen, um die Anzahl der Bestellungen zu erh\u00f6hen.","protected":false},"author":1,"featured_media":0,"parent":0,"menu_order":0,"comment_status":"closed","ping_status":"closed","template":"","meta":{"_daim_seo_power":"1000","_daim_enable_ail":"1","footnotes":""},"class_list":["post-23066","page","type-page","status-publish"],"yoast_head":"<!-- This site is optimized with the Yoast SEO Premium plugin v27.3 (Yoast SEO v27.3) - https:\/\/yoast.com\/product\/yoast-seo-premium-wordpress\/ -->\n<title>shopify sms and whatsapp notifications - SendApp - Software Whatsapp Marketing<\/title>\n<meta name=\"robots\" content=\"index, follow, max-snippet:-1, max-image-preview:large, max-video-preview:-1\" \/>\n<link rel=\"canonical\" href=\"https:\/\/sendapp.live\/de\/shopify-sms-und-whatsapp-benachrichtigungen-2\/\" \/>\n<meta property=\"og:locale\" content=\"de_DE\" \/>\n<meta property=\"og:type\" content=\"article\" \/>\n<meta property=\"og:title\" content=\"shopify sms and whatsapp notifications\" \/>\n<meta property=\"og:url\" content=\"https:\/\/sendapp.live\/de\/shopify-sms-und-whatsapp-benachrichtigungen-2\/\" \/>\n<meta property=\"og:site_name\" content=\"SendApp - Software Whatsapp Marketing\" \/>\n<meta property=\"article:publisher\" content=\"https:\/\/www.facebook.com\/sendapp.live\" \/>\n<meta property=\"article:modified_time\" content=\"2025-07-23T21:20:04+00:00\" \/>\n<meta property=\"og:image\" content=\"https:\/\/sendapp.live\/wp-content\/uploads\/2023\/06\/istanza3.jpg\" \/>\n<meta name=\"twitter:card\" content=\"summary_large_image\" \/>\n<meta name=\"twitter:site\" content=\"@sendapp_live\" \/>\n<meta name=\"twitter:label1\" content=\"Gesch\u00e4tzte Lesezeit\" \/>\n\t<meta name=\"twitter:data1\" content=\"3\u00a0Minuten\" \/>\n<script type=\"application\/ld+json\" class=\"yoast-schema-graph\">{\"@context\":\"https:\\\/\\\/schema.org\",\"@graph\":[{\"@type\":\"WebPage\",\"@id\":\"https:\\\/\\\/sendapp.live\\\/en\\\/shopify-sms-and-whatsapp-notifications\\\/\",\"url\":\"https:\\\/\\\/sendapp.live\\\/en\\\/shopify-sms-and-whatsapp-notifications\\\/\",\"name\":\"shopify sms and whatsapp notifications - SendApp - Software Whatsapp Marketing\",\"isPartOf\":{\"@id\":\"https:\\\/\\\/sendapp.live\\\/it\\\/#website\"},\"primaryImageOfPage\":{\"@id\":\"https:\\\/\\\/sendapp.live\\\/en\\\/shopify-sms-and-whatsapp-notifications\\\/#primaryimage\"},\"image\":{\"@id\":\"https:\\\/\\\/sendapp.live\\\/en\\\/shopify-sms-and-whatsapp-notifications\\\/#primaryimage\"},\"thumbnailUrl\":\"https:\\\/\\\/sendapp.live\\\/wp-content\\\/uploads\\\/2023\\\/06\\\/istanza3.jpg\",\"datePublished\":\"2022-05-08T17:53:55+00:00\",\"dateModified\":\"2025-07-23T21:20:04+00:00\",\"breadcrumb\":{\"@id\":\"https:\\\/\\\/sendapp.live\\\/en\\\/shopify-sms-and-whatsapp-notifications\\\/#breadcrumb\"},\"inLanguage\":\"de\",\"potentialAction\":[{\"@type\":\"ReadAction\",\"target\":[\"https:\\\/\\\/sendapp.live\\\/en\\\/shopify-sms-and-whatsapp-notifications\\\/\"]}]},{\"@type\":\"ImageObject\",\"inLanguage\":\"de\",\"@id\":\"https:\\\/\\\/sendapp.live\\\/en\\\/shopify-sms-and-whatsapp-notifications\\\/#primaryimage\",\"url\":\"https:\\\/\\\/sendapp.live\\\/wp-content\\\/uploads\\\/2023\\\/06\\\/istanza3.jpg\",\"contentUrl\":\"https:\\\/\\\/sendapp.live\\\/wp-content\\\/uploads\\\/2023\\\/06\\\/istanza3.jpg\"},{\"@type\":\"BreadcrumbList\",\"@id\":\"https:\\\/\\\/sendapp.live\\\/en\\\/shopify-sms-and-whatsapp-notifications\\\/#breadcrumb\",\"itemListElement\":[{\"@type\":\"ListItem\",\"position\":1,\"name\":\"Home\",\"item\":\"https:\\\/\\\/sendapp.live\\\/\"},{\"@type\":\"ListItem\",\"position\":2,\"name\":\"shopify sms and whatsapp notifications\"}]},{\"@type\":\"WebSite\",\"@id\":\"https:\\\/\\\/sendapp.live\\\/it\\\/#website\",\"url\":\"https:\\\/\\\/sendapp.live\\\/it\\\/\",\"name\":\"SendApp\",\"description\":\"Automate Your Messages &amp; Grow Your Business\",\"publisher\":{\"@id\":\"https:\\\/\\\/sendapp.live\\\/it\\\/#organization\"},\"alternateName\":\"SendApp WhatsApp Marketing\",\"potentialAction\":[{\"@type\":\"SearchAction\",\"target\":{\"@type\":\"EntryPoint\",\"urlTemplate\":\"https:\\\/\\\/sendapp.live\\\/it\\\/?s={search_term_string}\"},\"query-input\":{\"@type\":\"PropertyValueSpecification\",\"valueRequired\":true,\"valueName\":\"search_term_string\"}}],\"inLanguage\":\"de\"},{\"@type\":\"Organization\",\"@id\":\"https:\\\/\\\/sendapp.live\\\/it\\\/#organization\",\"name\":\"SendApp\",\"url\":\"https:\\\/\\\/sendapp.live\\\/it\\\/\",\"logo\":{\"@type\":\"ImageObject\",\"inLanguage\":\"de\",\"@id\":\"https:\\\/\\\/sendapp.live\\\/it\\\/#\\\/schema\\\/logo\\\/image\\\/\",\"url\":\"https:\\\/\\\/sendapp.live\\\/wp-content\\\/uploads\\\/2025\\\/04\\\/Logo-Sendapp-300x60-1.png\",\"contentUrl\":\"https:\\\/\\\/sendapp.live\\\/wp-content\\\/uploads\\\/2025\\\/04\\\/Logo-Sendapp-300x60-1.png\",\"width\":300,\"height\":60,\"caption\":\"SendApp\"},\"image\":{\"@id\":\"https:\\\/\\\/sendapp.live\\\/it\\\/#\\\/schema\\\/logo\\\/image\\\/\"},\"sameAs\":[\"https:\\\/\\\/www.facebook.com\\\/sendapp.live\",\"https:\\\/\\\/x.com\\\/sendapp_live\",\"https:\\\/\\\/www.instagram.com\\\/sendapp.live\",\"https:\\\/\\\/www.youtube.com\\\/channel\\\/UC2gaLpi0-OJLG4CFbOr6mLw\",\"https:\\\/\\\/it.trustpilot.com\\\/review\\\/sendapp.live\"],\"description\":\"Piattaforma italiana di WhatsApp Marketing con API ufficiali Meta. Assistente AI, campagne massive, SMS Gateway gratuito, Google Calendar, automazioni. Da \u20ac16\\\/mese senza markup sui messaggi.\",\"email\":\"info@sendapp.live\",\"foundingDate\":\"2016-07-25\"}]}<\/script>\n<!-- \/ Yoast SEO Premium plugin. -->","yoast_head_json":{"title":"Shopify-SMS- und WhatsApp-Benachrichtigungen \u2013 SendApp \u2013 WhatsApp-Marketing-Software","robots":{"index":"index","follow":"follow","max-snippet":"max-snippet:-1","max-image-preview":"max-image-preview:large","max-video-preview":"max-video-preview:-1"},"canonical":"https:\/\/sendapp.live\/de\/shopify-sms-und-whatsapp-benachrichtigungen-2\/","og_locale":"de_DE","og_type":"article","og_title":"shopify sms and whatsapp notifications","og_url":"https:\/\/sendapp.live\/de\/shopify-sms-und-whatsapp-benachrichtigungen-2\/","og_site_name":"SendApp - Software Whatsapp Marketing","article_publisher":"https:\/\/www.facebook.com\/sendapp.live","article_modified_time":"2025-07-23T21:20:04+00:00","og_image":[{"url":"https:\/\/sendapp.live\/wp-content\/uploads\/2023\/06\/istanza3.jpg","type":"","width":"","height":""}],"twitter_card":"summary_large_image","twitter_site":"@sendapp_live","twitter_misc":{"Gesch\u00e4tzte Lesezeit":"3\u00a0Minuten"},"schema":{"@context":"https:\/\/schema.org","@graph":[{"@type":"WebPage","@id":"https:\/\/sendapp.live\/en\/shopify-sms-and-whatsapp-notifications\/","url":"https:\/\/sendapp.live\/en\/shopify-sms-and-whatsapp-notifications\/","name":"Shopify-SMS- und WhatsApp-Benachrichtigungen \u2013 SendApp \u2013 WhatsApp-Marketing-Software","isPartOf":{"@id":"https:\/\/sendapp.live\/it\/#website"},"primaryImageOfPage":{"@id":"https:\/\/sendapp.live\/en\/shopify-sms-and-whatsapp-notifications\/#primaryimage"},"image":{"@id":"https:\/\/sendapp.live\/en\/shopify-sms-and-whatsapp-notifications\/#primaryimage"},"thumbnailUrl":"https:\/\/sendapp.live\/wp-content\/uploads\/2023\/06\/istanza3.jpg","datePublished":"2022-05-08T17:53:55+00:00","dateModified":"2025-07-23T21:20:04+00:00","breadcrumb":{"@id":"https:\/\/sendapp.live\/en\/shopify-sms-and-whatsapp-notifications\/#breadcrumb"},"inLanguage":"de","potentialAction":[{"@type":"ReadAction","target":["https:\/\/sendapp.live\/en\/shopify-sms-and-whatsapp-notifications\/"]}]},{"@type":"ImageObject","inLanguage":"de","@id":"https:\/\/sendapp.live\/en\/shopify-sms-and-whatsapp-notifications\/#primaryimage","url":"https:\/\/sendapp.live\/wp-content\/uploads\/2023\/06\/istanza3.jpg","contentUrl":"https:\/\/sendapp.live\/wp-content\/uploads\/2023\/06\/istanza3.jpg"},{"@type":"BreadcrumbList","@id":"https:\/\/sendapp.live\/en\/shopify-sms-and-whatsapp-notifications\/#breadcrumb","itemListElement":[{"@type":"ListItem","position":1,"name":"Home","item":"https:\/\/sendapp.live\/"},{"@type":"ListItem","position":2,"name":"shopify sms and whatsapp notifications"}]},{"@type":"WebSite","@id":"https:\/\/sendapp.live\/it\/#website","url":"https:\/\/sendapp.live\/it\/","name":"SendApp","description":"Automatisieren Sie Ihre Nachrichten und steigern Sie Ihr Gesch\u00e4ft","publisher":{"@id":"https:\/\/sendapp.live\/it\/#organization"},"alternateName":"SendApp WhatsApp Marketing","potentialAction":[{"@type":"SearchAction","target":{"@type":"EntryPoint","urlTemplate":"https:\/\/sendapp.live\/it\/?s={search_term_string}"},"query-input":{"@type":"PropertyValueSpecification","valueRequired":true,"valueName":"search_term_string"}}],"inLanguage":"de"},{"@type":"Organization","@id":"https:\/\/sendapp.live\/it\/#organization","name":"SendApp","url":"https:\/\/sendapp.live\/it\/","logo":{"@type":"ImageObject","inLanguage":"de","@id":"https:\/\/sendapp.live\/it\/#\/schema\/logo\/image\/","url":"https:\/\/sendapp.live\/wp-content\/uploads\/2025\/04\/Logo-Sendapp-300x60-1.png","contentUrl":"https:\/\/sendapp.live\/wp-content\/uploads\/2025\/04\/Logo-Sendapp-300x60-1.png","width":300,"height":60,"caption":"SendApp"},"image":{"@id":"https:\/\/sendapp.live\/it\/#\/schema\/logo\/image\/"},"sameAs":["https:\/\/www.facebook.com\/sendapp.live","https:\/\/x.com\/sendapp_live","https:\/\/www.instagram.com\/sendapp.live","https:\/\/www.youtube.com\/channel\/UC2gaLpi0-OJLG4CFbOr6mLw","https:\/\/it.trustpilot.com\/review\/sendapp.live"],"description":"Italienische WhatsApp-Marketing-Plattform mit offizieller Meta-API. KI-Assistent, Massenkampagnen, kostenloses SMS-Gateway, Google Kalender, Automatisierungen. Ab 16 \u20ac\/Monat ohne Aufpreis f\u00fcr Nachrichten.","email":"info@sendapp.live","foundingDate":"2016-07-25"}]}},"_links":{"self":[{"href":"https:\/\/sendapp.live\/de\/wp-json\/wp\/v2\/pages\/23066","targetHints":{"allow":["GET"]}}],"collection":[{"href":"https:\/\/sendapp.live\/de\/wp-json\/wp\/v2\/pages"}],"about":[{"href":"https:\/\/sendapp.live\/de\/wp-json\/wp\/v2\/types\/page"}],"author":[{"embeddable":true,"href":"https:\/\/sendapp.live\/de\/wp-json\/wp\/v2\/users\/1"}],"replies":[{"embeddable":true,"href":"https:\/\/sendapp.live\/de\/wp-json\/wp\/v2\/comments?post=23066"}],"version-history":[{"count":5,"href":"https:\/\/sendapp.live\/de\/wp-json\/wp\/v2\/pages\/23066\/revisions"}],"predecessor-version":[{"id":35570,"href":"https:\/\/sendapp.live\/de\/wp-json\/wp\/v2\/pages\/23066\/revisions\/35570"}],"wp:attachment":[{"href":"https:\/\/sendapp.live\/de\/wp-json\/wp\/v2\/media?parent=23066"}],"curies":[{"name":"wp","href":"https:\/\/api.w.org\/{rel}","templated":true}]}}