{"id":24067,"date":"2022-11-03T10:17:29","date_gmt":"2022-11-03T09:17:29","guid":{"rendered":"https:\/\/sendapp.live\/?page_id=24067"},"modified":"2025-01-21T23:21:54","modified_gmt":"2025-01-21T22:21:54","slug":"best-wordpress-whatsapp-sms-messaging-and-notification-plugin","status":"publish","type":"page","link":"https:\/\/sendapp.live\/de\/best-wordpress-whatsapp-sms-messagging-and-notification-plugin\/","title":{"rendered":"Bestes WordPress-Plugin f\u00fcr WhatsApp-SMS-Nachrichten und Benachrichtigungen"},"content":{"rendered":"<div id=\"fws_69d6a4a952bc8\"  data-column-margin=\"default\" data-midnight=\"dark\"  class=\"wpb_row vc_row-fluid vc_row  top_margin_5pct\"  style=\"padding-top: 0px; padding-bottom: 0px; \"><div class=\"row-bg-wrap\" data-bg-animation=\"none\" data-bg-animation-delay=\"\" data-bg-overlay=\"false\"><div class=\"inner-wrap row-bg-layer\" ><div class=\"row-bg viewport-desktop\"  style=\"\"><\/div><\/div><\/div><div class=\"row_col_wrap_12 col span_12 dark left\">\n\t<div  class=\"vc_col-sm-2\/5 wpb_column column_container vc_column_container col no-extra-padding inherit_tablet inherit_phone\"  data-padding-pos=\"top\" data-has-bg-color=\"false\" data-bg-color=\"\" data-bg-opacity=\"1\" data-animation=\"\" data-delay=\"0\" >\n\t\t<div class=\"vc_column-inner\" >\n\t\t\t<div class=\"wpb_wrapper\">\n\t\t\t\t<div class=\"img-with-aniamtion-wrap\" data-max-width=\"100%\" data-max-width-mobile=\"default\" data-shadow=\"none\" data-animation=\"fade-in\" >\n      <div class=\"inner\">\n        <div class=\"hover-wrap\"> \n          <div class=\"hover-wrap-inner\">\n            <img loading=\"lazy\" decoding=\"async\" class=\"img-with-animation skip-lazy\" data-delay=\"0\" height=\"910\" width=\"854\" data-animation=\"fade-in\" src=\"https:\/\/sendapp.live\/wp-content\/uploads\/2022\/03\/whatsapp-notification.jpg\" alt=\"\" srcset=\"https:\/\/sendapp.live\/wp-content\/uploads\/2022\/03\/whatsapp-notification.jpg 854w, https:\/\/sendapp.live\/wp-content\/uploads\/2022\/03\/whatsapp-notification-282x300.jpg 282w, https:\/\/sendapp.live\/wp-content\/uploads\/2022\/03\/whatsapp-notification-768x818.jpg 768w, https:\/\/sendapp.live\/wp-content\/uploads\/2022\/03\/whatsapp-notification-11x12.jpg 11w, https:\/\/sendapp.live\/wp-content\/uploads\/2022\/03\/whatsapp-notification-600x639.jpg 600w\" sizes=\"auto, (max-width: 854px) 100vw, 854px\" \/>\n          <\/div>\n        <\/div>\n      <\/div>\n    <\/div>\n\t\t\t<\/div> \n\t\t<\/div>\n\t<\/div> \n\n\t<div  class=\"vc_col-sm-3\/5 wpb_column column_container vc_column_container col no-extra-padding inherit_tablet inherit_phone\"  data-padding-pos=\"all\" data-has-bg-color=\"false\" data-bg-color=\"\" data-bg-opacity=\"1\" data-animation=\"\" data-delay=\"0\" >\n\t\t<div class=\"vc_column-inner\" >\n\t\t\t<div class=\"wpb_wrapper\">\n\t\t\t\t\n<div class=\"wpb_text_column wpb_content_element\" >\n\t<div class=\"wpb_wrapper\">\n\t\t<h2><span style=\"color: #008000;\">Das beste WordPress WhatsApp SMS-Messaging- und Benachrichtigungs-Plugin<\/span><\/h2>\n\t<\/div>\n<\/div>\n\n\n\n\n<div class=\"wpb_text_column wpb_content_element\" >\n\t<div class=\"wpb_wrapper\">\n\t\t<h3>Senden Sie Nachrichten zur Wiederherstellung abgebrochener Warenk\u00f6rbe<br \/>\nBestellbenachrichtigungen per WhatsApp \/ SMS zu erh\u00f6hen<br \/>\nEngagement mit Ihren Kunden durch<br \/>\nunsere kostenlose WooCommerce-Integration.<\/h3>\n\t<\/div>\n<\/div>\n\n\n\n<a class=\"nectar-button jumbo regular accent-color  regular-button\"  role=\"button\" style=\"margin-top: 30px; \" target=\"_blank\" href=\"https:\/\/wordpress.org\/plugins\/wp-sms\/\" data-color-override=\"false\" data-hover-color-override=\"false\" data-hover-text-color-override=\"#fff\"><span>jetzt downloaden<\/span><\/a>\n\t\t\t<\/div> \n\t\t<\/div>\n\t<\/div> \n<\/div><\/div>\n\t\t<div id=\"fws_69d6a4a9536af\"  data-column-margin=\"default\" data-midnight=\"dark\"  class=\"wpb_row vc_row-fluid vc_row full-width-section\"  style=\"padding-top: 0px; padding-bottom: 100px; \"><div class=\"row-bg-wrap\" data-bg-animation=\"none\" data-bg-animation-delay=\"\" data-bg-overlay=\"false\"><div class=\"inner-wrap row-bg-layer\" ><div class=\"row-bg viewport-desktop using-bg-color\"  style=\"background-color: #ffffff; \"><\/div><\/div><\/div><div class=\"row_col_wrap_12 col span_12 dark left\">\n\t<div  class=\"vc_col-sm-12 wpb_column column_container vc_column_container col no-extra-padding inherit_tablet inherit_phone\"  data-padding-pos=\"all\" data-has-bg-color=\"false\" data-bg-color=\"\" data-bg-opacity=\"1\" data-animation=\"\" data-delay=\"0\" >\n\t\t<div class=\"vc_column-inner\" >\n\t\t\t<div class=\"wpb_wrapper\">\n\t\t\t\t<div class=\"nectar-gradient-text\" data-direction=\"horizontal\" data-color=\"extra-color-gradient-1\" style=\"margin-top: 90px; margin-bottom: 0px; \"><h2>Gebrauchsanweisung SendApp Plugin WordPress Woocommerce<\/h2><\/div><div class=\"toggles\" data-br=\"\" data-starting=\"default\" data-style=\"minimal\"><div class=\"toggle default\" data-inner-wrap=\"true\"><h3 class=\"toggle-title\"><a href=\"#\" role=\"button\" class=\"toggle-heading\"><i role=\"presentation\" class=\"fa fa-plus-circle\"><\/i>Installieren und aktivieren Sie das wp-sms-Plugin<\/a><\/h3><div><div class=\"inner-toggle-wrap\">\n<div class=\"wpb_text_column wpb_content_element\" >\n\t<div class=\"wpb_wrapper\">\n\t\t<h4>\u00dcber das WordPress-Admin-Dashboard (\/ wp-admin)<\/h4>\n<ol>\n<li>Plugin \/ Neu hinzuf\u00fcgen<\/li>\n<li>Geben Sie im Suchfeld WP-SMS ein und es wird in der Suche WP SMS - Messaging &amp; SMS Notification for WordPress, WooCommerce angezeigt.<\/li>\n<li>Klicken Sie auf Jetzt installieren und WordPress wird seine Magie vollbringen und das Plugin installieren.<\/li>\n<li>Aktivieren Sie nach Abschluss der Installation das Plug-In.<\/li>\n<\/ol>\n<p>&nbsp;<\/p>\n<p><img loading=\"lazy\" decoding=\"async\" class=\"aligncenter wp-image-24072 size-large\" src=\"https:\/\/sendapp.live\/wp-content\/uploads\/2022\/11\/wp-sms-whatsapp-1-1-1024x622.jpg\" alt=\"\" width=\"1024\" height=\"622\" srcset=\"https:\/\/sendapp.live\/wp-content\/uploads\/2022\/11\/wp-sms-whatsapp-1-1-1024x622.jpg 1024w, https:\/\/sendapp.live\/wp-content\/uploads\/2022\/11\/wp-sms-whatsapp-1-1-300x182.jpg 300w, https:\/\/sendapp.live\/wp-content\/uploads\/2022\/11\/wp-sms-whatsapp-1-1-768x466.jpg 768w, https:\/\/sendapp.live\/wp-content\/uploads\/2022\/11\/wp-sms-whatsapp-1-1-1536x933.jpg 1536w, https:\/\/sendapp.live\/wp-content\/uploads\/2022\/11\/wp-sms-whatsapp-1-1-18x12.jpg 18w, https:\/\/sendapp.live\/wp-content\/uploads\/2022\/11\/wp-sms-whatsapp-1-1-600x364.jpg 600w, https:\/\/sendapp.live\/wp-content\/uploads\/2022\/11\/wp-sms-whatsapp-1-1.jpg 1625w\" sizes=\"auto, (max-width: 1024px) 100vw, 1024px\" \/><\/p>\n\t<\/div>\n<\/div>\n\n\n\n<\/div><\/div><\/div><div class=\"toggle default\" data-inner-wrap=\"true\"><h3 class=\"toggle-title\"><a href=\"#\" role=\"button\" class=\"toggle-heading\"><i role=\"presentation\" class=\"fa fa-plus-circle\"><\/i>Einstellung<\/a><\/h3><div><div class=\"inner-toggle-wrap\">\n<div class=\"wpb_text_column wpb_content_element\" >\n\t<div class=\"wpb_wrapper\">\n\t\t<p>Unser Ziel ist es, die maximal m\u00f6gliche Funktionalit\u00e4t bereitzustellen, damit Sie als Websitebesitzer das Plug-In auf die gew\u00fcnschte Weise konfigurieren k\u00f6nnen und dabei die Benutzeroberfl\u00e4che leicht verst\u00e4ndlich halten k\u00f6nnen. Aber es ist immer gut, alle Optionen zu kennen.<br \/>\nDas Plugin ist in drei Hauptabschnitte unterteilt<strong>.<\/strong><\/p>\n<p>&nbsp;<\/p>\n<p><strong>Einstellung<br \/>\n<\/strong>Auf diese Weise k\u00f6nnen Sie die Sendapp-API und das Gateway festlegen, die Sie zum Senden von WhatsApp- oder SMS-Nachrichten verwenden m\u00f6chten.<\/p>\n<h4><img loading=\"lazy\" decoding=\"async\" class=\"aligncenter wp-image-24074 size-large\" src=\"https:\/\/sendapp.live\/wp-content\/uploads\/2022\/11\/wp-sms-whatsapp-2-1024x622.jpg\" alt=\"\" width=\"1024\" height=\"622\" srcset=\"https:\/\/sendapp.live\/wp-content\/uploads\/2022\/11\/wp-sms-whatsapp-2-1024x622.jpg 1024w, https:\/\/sendapp.live\/wp-content\/uploads\/2022\/11\/wp-sms-whatsapp-2-300x182.jpg 300w, https:\/\/sendapp.live\/wp-content\/uploads\/2022\/11\/wp-sms-whatsapp-2-768x466.jpg 768w, https:\/\/sendapp.live\/wp-content\/uploads\/2022\/11\/wp-sms-whatsapp-2-1536x933.jpg 1536w, https:\/\/sendapp.live\/wp-content\/uploads\/2022\/11\/wp-sms-whatsapp-2-18x12.jpg 18w, https:\/\/sendapp.live\/wp-content\/uploads\/2022\/11\/wp-sms-whatsapp-2-600x364.jpg 600w, https:\/\/sendapp.live\/wp-content\/uploads\/2022\/11\/wp-sms-whatsapp-2.jpg 1625w\" sizes=\"auto, (max-width: 1024px) 100vw, 1024px\" \/><\/h4>\n<p>&nbsp;<\/p>\n<p><strong>Sendapp Cloud API<br \/>\n<\/strong>Wenn Sie die haben <a href=\"https:\/\/app.sendapp.cloud\" target=\"_blank\" rel=\"noopener\">https:\/\/app.sendapp.cloud<\/a> Sie k\u00f6nnen eine Instanz mit Ihrem pers\u00f6nlichen Multisession- oder gesch\u00e4ftlichen Multisession-WhatsApp-Konto erstellen<br \/>\nNachdem Sie die Instanz erstellt haben, k\u00f6nnen Sie Ihr Zugriffstoken und Ihre Instanz-ID kopieren, um sie in Ihr WordPress Sendapp-Benachrichtigungs-Plugin einzuf\u00fcgen<\/p>\n<p><img loading=\"lazy\" decoding=\"async\" class=\"alignnone wp-image-25571 size-full\" src=\"https:\/\/sendapp.live\/wp-content\/uploads\/2023\/06\/istanza3.jpg\" alt=\"\" width=\"1680\" height=\"897\" srcset=\"https:\/\/sendapp.live\/wp-content\/uploads\/2023\/06\/istanza3.jpg 1680w, https:\/\/sendapp.live\/wp-content\/uploads\/2023\/06\/istanza3-300x160.jpg 300w, https:\/\/sendapp.live\/wp-content\/uploads\/2023\/06\/istanza3-1024x547.jpg 1024w, https:\/\/sendapp.live\/wp-content\/uploads\/2023\/06\/istanza3-768x410.jpg 768w, https:\/\/sendapp.live\/wp-content\/uploads\/2023\/06\/istanza3-1536x820.jpg 1536w, https:\/\/sendapp.live\/wp-content\/uploads\/2023\/06\/istanza3-18x10.jpg 18w, https:\/\/sendapp.live\/wp-content\/uploads\/2023\/06\/istanza3-600x320.jpg 600w\" sizes=\"auto, (max-width: 1680px) 100vw, 1680px\" \/><\/p>\n<p>&nbsp;<\/p>\n<p><strong>Sendapp-SMS-API<br \/>\n<\/strong>Wenn Sie die haben <a href=\"https:\/\/sms.sendapp.live\" target=\"_blank\" rel=\"noopener\">https:\/\/sms.sendapp.live<\/a> Sie k\u00f6nnen auf Ihren API-SCHL\u00dcSSEL zugreifen, um ihn zu kopieren und in Ihr WordPress-Plugin einzuf\u00fcgen<\/p>\n<p><img loading=\"lazy\" decoding=\"async\" class=\"size-large wp-image-22768 aligncenter\" src=\"https:\/\/sendapp.live\/wp-content\/uploads\/2022\/03\/sendapp-sms-api-key-1024x593.png\" alt=\"\" width=\"1024\" height=\"593\" srcset=\"https:\/\/sendapp.live\/wp-content\/uploads\/2022\/03\/sendapp-sms-api-key-1024x593.png 1024w, https:\/\/sendapp.live\/wp-content\/uploads\/2022\/03\/sendapp-sms-api-key-300x174.png 300w, https:\/\/sendapp.live\/wp-content\/uploads\/2022\/03\/sendapp-sms-api-key-768x445.png 768w, https:\/\/sendapp.live\/wp-content\/uploads\/2022\/03\/sendapp-sms-api-key-18x10.png 18w, https:\/\/sendapp.live\/wp-content\/uploads\/2022\/03\/sendapp-sms-api-key-600x348.png 600w, https:\/\/sendapp.live\/wp-content\/uploads\/2022\/03\/sendapp-sms-api-key.png 1357w\" sizes=\"auto, (max-width: 1024px) 100vw, 1024px\" \/><\/p>\n\t<\/div>\n<\/div>\n\n\n\n<\/div><\/div><\/div><div class=\"toggle default\" data-inner-wrap=\"true\"><h3 class=\"toggle-title\"><a href=\"#\" role=\"button\" class=\"toggle-heading\"><i role=\"presentation\" class=\"fa fa-plus-circle\"><\/i>Benachrichtigungsmeldungen konfigurieren<\/a><\/h3><div><div class=\"inner-toggle-wrap\">\n<div class=\"wpb_text_column wpb_content_element\" >\n\t<div class=\"wpb_wrapper\">\n\t\t<h4><strong>Nachrichtenkonfiguration\u00a0<\/strong><\/h4>\n<p>In dieser Sitzung k\u00f6nnen Sie die Benachrichtigungen, die Sie an Ihre Kunden senden m\u00f6chten, aktivieren und anpassen.<\/p>\n<p><img loading=\"lazy\" decoding=\"async\" class=\"aligncenter wp-image-24076 size-full\" src=\"https:\/\/sendapp.live\/wp-content\/uploads\/2022\/11\/wp-sms-whatsapp-3.jpg\" alt=\"\" width=\"1625\" height=\"987\" srcset=\"https:\/\/sendapp.live\/wp-content\/uploads\/2022\/11\/wp-sms-whatsapp-3.jpg 1625w, https:\/\/sendapp.live\/wp-content\/uploads\/2022\/11\/wp-sms-whatsapp-3-300x182.jpg 300w, https:\/\/sendapp.live\/wp-content\/uploads\/2022\/11\/wp-sms-whatsapp-3-1024x622.jpg 1024w, https:\/\/sendapp.live\/wp-content\/uploads\/2022\/11\/wp-sms-whatsapp-3-768x466.jpg 768w, https:\/\/sendapp.live\/wp-content\/uploads\/2022\/11\/wp-sms-whatsapp-3-1536x933.jpg 1536w, https:\/\/sendapp.live\/wp-content\/uploads\/2022\/11\/wp-sms-whatsapp-3-18x12.jpg 18w, https:\/\/sendapp.live\/wp-content\/uploads\/2022\/11\/wp-sms-whatsapp-3-600x364.jpg 600w\" sizes=\"auto, (max-width: 1625px) 100vw, 1625px\" \/><\/p>\n\t<\/div>\n<\/div>\n\n\n\n<\/div><\/div><\/div><\/div>\n\n\n\n\n\n\n\n\n\n\n\n\n\n\n\n\n\n\n\n\n\t\t\t<\/div> \n\t\t<\/div>\n\t<\/div> \n<\/div><\/div>","protected":false},"excerpt":{"rendered":"Bestes WordPress WhatsApp SMS-Messaging- und Benachrichtigungs-Plugin. Senden Sie Nachrichten zur Wiederherstellung abgebrochener Warenk\u00f6rbe und Bestellbenachrichtigungen per WhatsApp\/SMS, um die Interaktion mit Ihren Kunden zu erh\u00f6hen durch...","protected":false},"author":1,"featured_media":0,"parent":0,"menu_order":0,"comment_status":"closed","ping_status":"closed","template":"","meta":{"_daim_seo_power":"1000","_daim_enable_ail":"1","footnotes":""},"class_list":["post-24067","page","type-page","status-publish"],"yoast_head":"<!-- This site is optimized with the Yoast SEO Premium plugin v27.3 (Yoast SEO v27.3) - https:\/\/yoast.com\/product\/yoast-seo-premium-wordpress\/ -->\n<title>Best WordPress Whatsapp-SMS Messagging and Notification Plugin - SendApp - Software Whatsapp Marketing<\/title>\n<meta name=\"robots\" content=\"index, follow, max-snippet:-1, max-image-preview:large, max-video-preview:-1\" \/>\n<link rel=\"canonical\" href=\"https:\/\/sendapp.live\/de\/best-wordpress-whatsapp-sms-messaging-and-notification-plugin\/\" \/>\n<meta property=\"og:locale\" content=\"de_DE\" \/>\n<meta property=\"og:type\" content=\"article\" \/>\n<meta property=\"og:title\" content=\"Best WordPress Whatsapp-SMS Messagging and Notification Plugin\" \/>\n<meta property=\"og:url\" content=\"https:\/\/sendapp.live\/de\/best-wordpress-whatsapp-sms-messaging-and-notification-plugin\/\" \/>\n<meta property=\"og:site_name\" content=\"SendApp - Software Whatsapp Marketing\" \/>\n<meta property=\"article:publisher\" content=\"https:\/\/www.facebook.com\/sendapp.live\" \/>\n<meta property=\"article:modified_time\" content=\"2025-01-21T22:21:54+00:00\" \/>\n<meta property=\"og:image\" content=\"https:\/\/sendapp.live\/wp-content\/uploads\/2022\/11\/wp-sms-whatsapp-1-1-1024x622.jpg\" \/>\n<meta name=\"twitter:card\" content=\"summary_large_image\" \/>\n<meta name=\"twitter:site\" content=\"@sendapp_live\" \/>\n<meta name=\"twitter:label1\" content=\"Gesch\u00e4tzte Lesezeit\" \/>\n\t<meta name=\"twitter:data1\" content=\"3\u00a0Minuten\" \/>\n<script type=\"application\/ld+json\" class=\"yoast-schema-graph\">{\"@context\":\"https:\\\/\\\/schema.org\",\"@graph\":[{\"@type\":\"WebPage\",\"@id\":\"https:\\\/\\\/sendapp.live\\\/en\\\/best-wordpress-whatsapp-sms-messagging-and-notification-plugin\\\/\",\"url\":\"https:\\\/\\\/sendapp.live\\\/en\\\/best-wordpress-whatsapp-sms-messagging-and-notification-plugin\\\/\",\"name\":\"Best WordPress Whatsapp-SMS Messagging and Notification Plugin - SendApp - Software Whatsapp Marketing\",\"isPartOf\":{\"@id\":\"https:\\\/\\\/sendapp.live\\\/it\\\/#website\"},\"primaryImageOfPage\":{\"@id\":\"https:\\\/\\\/sendapp.live\\\/en\\\/best-wordpress-whatsapp-sms-messagging-and-notification-plugin\\\/#primaryimage\"},\"image\":{\"@id\":\"https:\\\/\\\/sendapp.live\\\/en\\\/best-wordpress-whatsapp-sms-messagging-and-notification-plugin\\\/#primaryimage\"},\"thumbnailUrl\":\"https:\\\/\\\/sendapp.live\\\/wp-content\\\/uploads\\\/2022\\\/11\\\/wp-sms-whatsapp-1-1-1024x622.jpg\",\"datePublished\":\"2022-11-03T09:17:29+00:00\",\"dateModified\":\"2025-01-21T22:21:54+00:00\",\"breadcrumb\":{\"@id\":\"https:\\\/\\\/sendapp.live\\\/en\\\/best-wordpress-whatsapp-sms-messagging-and-notification-plugin\\\/#breadcrumb\"},\"inLanguage\":\"de\",\"potentialAction\":[{\"@type\":\"ReadAction\",\"target\":[\"https:\\\/\\\/sendapp.live\\\/en\\\/best-wordpress-whatsapp-sms-messagging-and-notification-plugin\\\/\"]}]},{\"@type\":\"ImageObject\",\"inLanguage\":\"de\",\"@id\":\"https:\\\/\\\/sendapp.live\\\/en\\\/best-wordpress-whatsapp-sms-messagging-and-notification-plugin\\\/#primaryimage\",\"url\":\"https:\\\/\\\/sendapp.live\\\/wp-content\\\/uploads\\\/2022\\\/11\\\/wp-sms-whatsapp-1-1-1024x622.jpg\",\"contentUrl\":\"https:\\\/\\\/sendapp.live\\\/wp-content\\\/uploads\\\/2022\\\/11\\\/wp-sms-whatsapp-1-1-1024x622.jpg\"},{\"@type\":\"BreadcrumbList\",\"@id\":\"https:\\\/\\\/sendapp.live\\\/en\\\/best-wordpress-whatsapp-sms-messagging-and-notification-plugin\\\/#breadcrumb\",\"itemListElement\":[{\"@type\":\"ListItem\",\"position\":1,\"name\":\"Home\",\"item\":\"https:\\\/\\\/sendapp.live\\\/\"},{\"@type\":\"ListItem\",\"position\":2,\"name\":\"Best WordPress Whatsapp-SMS Messagging and Notification Plugin\"}]},{\"@type\":\"WebSite\",\"@id\":\"https:\\\/\\\/sendapp.live\\\/it\\\/#website\",\"url\":\"https:\\\/\\\/sendapp.live\\\/it\\\/\",\"name\":\"SendApp\",\"description\":\"Automate Your Messages &amp; Grow Your Business\",\"publisher\":{\"@id\":\"https:\\\/\\\/sendapp.live\\\/it\\\/#organization\"},\"alternateName\":\"SendApp WhatsApp Marketing\",\"potentialAction\":[{\"@type\":\"SearchAction\",\"target\":{\"@type\":\"EntryPoint\",\"urlTemplate\":\"https:\\\/\\\/sendapp.live\\\/it\\\/?s={search_term_string}\"},\"query-input\":{\"@type\":\"PropertyValueSpecification\",\"valueRequired\":true,\"valueName\":\"search_term_string\"}}],\"inLanguage\":\"de\"},{\"@type\":\"Organization\",\"@id\":\"https:\\\/\\\/sendapp.live\\\/it\\\/#organization\",\"name\":\"SendApp\",\"url\":\"https:\\\/\\\/sendapp.live\\\/it\\\/\",\"logo\":{\"@type\":\"ImageObject\",\"inLanguage\":\"de\",\"@id\":\"https:\\\/\\\/sendapp.live\\\/it\\\/#\\\/schema\\\/logo\\\/image\\\/\",\"url\":\"https:\\\/\\\/sendapp.live\\\/wp-content\\\/uploads\\\/2025\\\/04\\\/Logo-Sendapp-300x60-1.png\",\"contentUrl\":\"https:\\\/\\\/sendapp.live\\\/wp-content\\\/uploads\\\/2025\\\/04\\\/Logo-Sendapp-300x60-1.png\",\"width\":300,\"height\":60,\"caption\":\"SendApp\"},\"image\":{\"@id\":\"https:\\\/\\\/sendapp.live\\\/it\\\/#\\\/schema\\\/logo\\\/image\\\/\"},\"sameAs\":[\"https:\\\/\\\/www.facebook.com\\\/sendapp.live\",\"https:\\\/\\\/x.com\\\/sendapp_live\",\"https:\\\/\\\/www.instagram.com\\\/sendapp.live\",\"https:\\\/\\\/www.youtube.com\\\/channel\\\/UC2gaLpi0-OJLG4CFbOr6mLw\",\"https:\\\/\\\/it.trustpilot.com\\\/review\\\/sendapp.live\"],\"description\":\"Piattaforma italiana di WhatsApp Marketing con API ufficiali Meta. Assistente AI, campagne massive, SMS Gateway gratuito, Google Calendar, automazioni. Da \u20ac16\\\/mese senza markup sui messaggi.\",\"email\":\"info@sendapp.live\",\"foundingDate\":\"2016-07-25\"}]}<\/script>\n<!-- \/ Yoast SEO Premium plugin. -->","yoast_head_json":{"title":"Bestes WordPress-WhatsApp-SMS-Messaging- und Benachrichtigungs-Plugin \u2013 SendApp \u2013 WhatsApp-Marketing-Software","robots":{"index":"index","follow":"follow","max-snippet":"max-snippet:-1","max-image-preview":"max-image-preview:large","max-video-preview":"max-video-preview:-1"},"canonical":"https:\/\/sendapp.live\/de\/best-wordpress-whatsapp-sms-messaging-and-notification-plugin\/","og_locale":"de_DE","og_type":"article","og_title":"Best WordPress Whatsapp-SMS Messagging and Notification Plugin","og_url":"https:\/\/sendapp.live\/de\/best-wordpress-whatsapp-sms-messaging-and-notification-plugin\/","og_site_name":"SendApp - Software Whatsapp Marketing","article_publisher":"https:\/\/www.facebook.com\/sendapp.live","article_modified_time":"2025-01-21T22:21:54+00:00","og_image":[{"url":"https:\/\/sendapp.live\/wp-content\/uploads\/2022\/11\/wp-sms-whatsapp-1-1-1024x622.jpg","type":"","width":"","height":""}],"twitter_card":"summary_large_image","twitter_site":"@sendapp_live","twitter_misc":{"Gesch\u00e4tzte Lesezeit":"3\u00a0Minuten"},"schema":{"@context":"https:\/\/schema.org","@graph":[{"@type":"WebPage","@id":"https:\/\/sendapp.live\/en\/best-wordpress-whatsapp-sms-messagging-and-notification-plugin\/","url":"https:\/\/sendapp.live\/en\/best-wordpress-whatsapp-sms-messagging-and-notification-plugin\/","name":"Bestes WordPress-WhatsApp-SMS-Messaging- und Benachrichtigungs-Plugin \u2013 SendApp \u2013 WhatsApp-Marketing-Software","isPartOf":{"@id":"https:\/\/sendapp.live\/it\/#website"},"primaryImageOfPage":{"@id":"https:\/\/sendapp.live\/en\/best-wordpress-whatsapp-sms-messagging-and-notification-plugin\/#primaryimage"},"image":{"@id":"https:\/\/sendapp.live\/en\/best-wordpress-whatsapp-sms-messagging-and-notification-plugin\/#primaryimage"},"thumbnailUrl":"https:\/\/sendapp.live\/wp-content\/uploads\/2022\/11\/wp-sms-whatsapp-1-1-1024x622.jpg","datePublished":"2022-11-03T09:17:29+00:00","dateModified":"2025-01-21T22:21:54+00:00","breadcrumb":{"@id":"https:\/\/sendapp.live\/en\/best-wordpress-whatsapp-sms-messagging-and-notification-plugin\/#breadcrumb"},"inLanguage":"de","potentialAction":[{"@type":"ReadAction","target":["https:\/\/sendapp.live\/en\/best-wordpress-whatsapp-sms-messagging-and-notification-plugin\/"]}]},{"@type":"ImageObject","inLanguage":"de","@id":"https:\/\/sendapp.live\/en\/best-wordpress-whatsapp-sms-messagging-and-notification-plugin\/#primaryimage","url":"https:\/\/sendapp.live\/wp-content\/uploads\/2022\/11\/wp-sms-whatsapp-1-1-1024x622.jpg","contentUrl":"https:\/\/sendapp.live\/wp-content\/uploads\/2022\/11\/wp-sms-whatsapp-1-1-1024x622.jpg"},{"@type":"BreadcrumbList","@id":"https:\/\/sendapp.live\/en\/best-wordpress-whatsapp-sms-messagging-and-notification-plugin\/#breadcrumb","itemListElement":[{"@type":"ListItem","position":1,"name":"Home","item":"https:\/\/sendapp.live\/"},{"@type":"ListItem","position":2,"name":"Best WordPress Whatsapp-SMS Messagging and Notification Plugin"}]},{"@type":"WebSite","@id":"https:\/\/sendapp.live\/it\/#website","url":"https:\/\/sendapp.live\/it\/","name":"SendApp","description":"Automatisieren Sie Ihre Nachrichten und steigern Sie Ihr Gesch\u00e4ft","publisher":{"@id":"https:\/\/sendapp.live\/it\/#organization"},"alternateName":"SendApp WhatsApp Marketing","potentialAction":[{"@type":"SearchAction","target":{"@type":"EntryPoint","urlTemplate":"https:\/\/sendapp.live\/it\/?s={search_term_string}"},"query-input":{"@type":"PropertyValueSpecification","valueRequired":true,"valueName":"search_term_string"}}],"inLanguage":"de"},{"@type":"Organization","@id":"https:\/\/sendapp.live\/it\/#organization","name":"SendApp","url":"https:\/\/sendapp.live\/it\/","logo":{"@type":"ImageObject","inLanguage":"de","@id":"https:\/\/sendapp.live\/it\/#\/schema\/logo\/image\/","url":"https:\/\/sendapp.live\/wp-content\/uploads\/2025\/04\/Logo-Sendapp-300x60-1.png","contentUrl":"https:\/\/sendapp.live\/wp-content\/uploads\/2025\/04\/Logo-Sendapp-300x60-1.png","width":300,"height":60,"caption":"SendApp"},"image":{"@id":"https:\/\/sendapp.live\/it\/#\/schema\/logo\/image\/"},"sameAs":["https:\/\/www.facebook.com\/sendapp.live","https:\/\/x.com\/sendapp_live","https:\/\/www.instagram.com\/sendapp.live","https:\/\/www.youtube.com\/channel\/UC2gaLpi0-OJLG4CFbOr6mLw","https:\/\/it.trustpilot.com\/review\/sendapp.live"],"description":"Italienische WhatsApp-Marketing-Plattform mit offizieller Meta-API. KI-Assistent, Massenkampagnen, kostenloses SMS-Gateway, Google Kalender, Automatisierungen. Ab 16 \u20ac\/Monat ohne Aufpreis f\u00fcr Nachrichten.","email":"info@sendapp.live","foundingDate":"2016-07-25"}]}},"_links":{"self":[{"href":"https:\/\/sendapp.live\/de\/wp-json\/wp\/v2\/pages\/24067","targetHints":{"allow":["GET"]}}],"collection":[{"href":"https:\/\/sendapp.live\/de\/wp-json\/wp\/v2\/pages"}],"about":[{"href":"https:\/\/sendapp.live\/de\/wp-json\/wp\/v2\/types\/page"}],"author":[{"embeddable":true,"href":"https:\/\/sendapp.live\/de\/wp-json\/wp\/v2\/users\/1"}],"replies":[{"embeddable":true,"href":"https:\/\/sendapp.live\/de\/wp-json\/wp\/v2\/comments?post=24067"}],"version-history":[{"count":3,"href":"https:\/\/sendapp.live\/de\/wp-json\/wp\/v2\/pages\/24067\/revisions"}],"predecessor-version":[{"id":33866,"href":"https:\/\/sendapp.live\/de\/wp-json\/wp\/v2\/pages\/24067\/revisions\/33866"}],"wp:attachment":[{"href":"https:\/\/sendapp.live\/de\/wp-json\/wp\/v2\/media?parent=24067"}],"curies":[{"name":"wp","href":"https:\/\/api.w.org\/{rel}","templated":true}]}}