{"id":24372,"date":"2022-11-17T19:34:20","date_gmt":"2022-11-17T18:34:20","guid":{"rendered":"https:\/\/sendapp.live\/?page_id=24372"},"modified":"2025-01-22T00:06:13","modified_gmt":"2025-01-21T23:06:13","slug":"leeren-sie-den-sendapp-desktop-cache","status":"publish","type":"page","link":"https:\/\/sendapp.live\/de\/cancellare-la-cache-di-sendapp-desktop\/","title":{"rendered":"Leeren Sie den SendApp Desktop-Cache"},"content":{"rendered":"<div id=\"fws_69decd2657fdb\"  data-column-margin=\"default\" data-midnight=\"dark\"  class=\"wpb_row vc_row-fluid vc_row\"  style=\"padding-top: 0px; padding-bottom: 0px; \"><div class=\"row-bg-wrap\" data-bg-animation=\"none\" data-bg-animation-delay=\"\" data-bg-overlay=\"false\"><div class=\"inner-wrap row-bg-layer\" ><div class=\"row-bg viewport-desktop\"  style=\"\"><\/div><\/div><\/div><div class=\"row_col_wrap_12 col span_12 dark left\">\n\t<div  class=\"vc_col-sm-6 wpb_column column_container vc_column_container col no-extra-padding inherit_tablet inherit_phone\"  data-padding-pos=\"all\" data-has-bg-color=\"false\" data-bg-color=\"\" data-bg-opacity=\"1\" data-animation=\"\" data-delay=\"0\" >\n\t\t<div class=\"vc_column-inner\" >\n\t\t\t<div class=\"wpb_wrapper\">\n\t\t\t\t<div class=\"img-with-aniamtion-wrap\" data-max-width=\"100%\" data-max-width-mobile=\"default\" data-shadow=\"none\" data-animation=\"fade-in\" >\n      <div class=\"inner\">\n        <div class=\"hover-wrap\"> \n          <div class=\"hover-wrap-inner\">\n            <img loading=\"lazy\" decoding=\"async\" class=\"img-with-animation skip-lazy\" data-delay=\"0\" height=\"100\" width=\"100\" data-animation=\"fade-in\" src=\"http:\/\/file-476mt4vUxyQKvJddBHzNYg\" alt=\"\"  \/>\n          <\/div>\n        <\/div>\n      <\/div>\n    <\/div><div class=\"img-with-aniamtion-wrap center\" data-max-width=\"100%\" data-max-width-mobile=\"default\" data-shadow=\"none\" data-animation=\"none\" >\n      <div class=\"inner\">\n        <div class=\"hover-wrap\"> \n          <div class=\"hover-wrap-inner\">\n            <img loading=\"lazy\" decoding=\"async\" class=\"img-with-animation skip-lazy\" data-delay=\"0\" height=\"1707\" width=\"2560\" data-animation=\"none\" src=\"https:\/\/sendapp.live\/wp-content\/uploads\/2025\/01\/20945235-scaled.jpg\" alt=\"\" srcset=\"https:\/\/sendapp.live\/wp-content\/uploads\/2025\/01\/20945235-scaled.jpg 2560w, https:\/\/sendapp.live\/wp-content\/uploads\/2025\/01\/20945235-300x200.jpg 300w, https:\/\/sendapp.live\/wp-content\/uploads\/2025\/01\/20945235-1024x683.jpg 1024w, https:\/\/sendapp.live\/wp-content\/uploads\/2025\/01\/20945235-768x512.jpg 768w, https:\/\/sendapp.live\/wp-content\/uploads\/2025\/01\/20945235-1536x1024.jpg 1536w, https:\/\/sendapp.live\/wp-content\/uploads\/2025\/01\/20945235-2048x1365.jpg 2048w, https:\/\/sendapp.live\/wp-content\/uploads\/2025\/01\/20945235-18x12.jpg 18w, https:\/\/sendapp.live\/wp-content\/uploads\/2025\/01\/20945235-900x600.jpg 900w, https:\/\/sendapp.live\/wp-content\/uploads\/2025\/01\/20945235-600x400.jpg 600w\" sizes=\"auto, (max-width: 2560px) 100vw, 2560px\" \/>\n          <\/div>\n        <\/div>\n      <\/div>\n    <\/div>\n\t\t\t<\/div> \n\t\t<\/div>\n\t<\/div> \n\n\t<div style=\"margin-top: 10%; \" class=\"vc_col-sm-6 wpb_column column_container vc_column_container col no-extra-padding inherit_tablet inherit_phone\"  data-padding-pos=\"all\" data-has-bg-color=\"false\" data-bg-color=\"\" data-bg-opacity=\"1\" data-animation=\"\" data-delay=\"0\" >\n\t\t<div class=\"vc_column-inner\" >\n\t\t\t<div class=\"wpb_wrapper\">\n\t\t\t\t\n<div class=\"wpb_text_column wpb_content_element\" >\n\t<div class=\"wpb_wrapper\">\n\t\t<h1 style=\"text-align: left;\"><span style=\"color: #008000;\">Anleitung zum L\u00f6schen des Cache<\/span><\/h1>\n<h1 style=\"text-align: left;\"><span style=\"color: #008000;\">von SendApp Desktop<\/span><\/h1>\n\t<\/div>\n<\/div>\n\n\n\n\n\t\t\t<\/div> \n\t\t<\/div>\n\t<\/div> \n<\/div><\/div>\n\t\t<div id=\"fws_69decd2658b56\"  data-column-margin=\"default\" data-midnight=\"dark\"  class=\"wpb_row vc_row-fluid vc_row\"  style=\"padding-top: 0px; padding-bottom: 0px; \"><div class=\"row-bg-wrap\" data-bg-animation=\"none\" data-bg-animation-delay=\"\" data-bg-overlay=\"false\"><div class=\"inner-wrap row-bg-layer\" ><div class=\"row-bg viewport-desktop\"  style=\"\"><\/div><\/div><\/div><div class=\"row_col_wrap_12 col span_12 dark left\">\n\t<div  class=\"vc_col-sm-12 wpb_column column_container vc_column_container col no-extra-padding inherit_tablet inherit_phone\"  data-padding-pos=\"all\" data-has-bg-color=\"false\" data-bg-color=\"\" data-bg-opacity=\"1\" data-animation=\"\" data-delay=\"0\" >\n\t\t<div class=\"vc_column-inner\" >\n\t\t\t<div class=\"wpb_wrapper\">\n\t\t\t\t\n<div class=\"wpb_text_column wpb_content_element\" >\n\t<div class=\"wpb_wrapper\">\n\t\t<p>die <b>Cache leeren<\/b> An <a href=\"https:\/\/sendapp.live\/de\/\" target=\"_blank\" rel=\"noopener\">SendApp Desktop<\/a> Es ist ein grundlegender Schritt zur Verbesserung der Softwareleistung. <b>Zum Beispiel<\/b>, das Entfernen tempor\u00e4rer Dateien kann Verlangsamungen oder unerwartete Fehler beheben. <b>Au\u00dferdem<\/b>, dieser Vorgang gibt Speicherplatz auf Ihrem Computer frei. <b>Folglich<\/b>, ist es empfehlenswert, diese Aktion regelm\u00e4\u00dfig durchzuf\u00fchren.<\/p>\n<p><img loading=\"lazy\" decoding=\"async\" class=\"alignnone wp-image-33872 size-full\" src=\"https:\/\/sendapp.live\/wp-content\/uploads\/2025\/01\/Cattura01.png\" alt=\"\" width=\"1368\" height=\"810\" srcset=\"https:\/\/sendapp.live\/wp-content\/uploads\/2025\/01\/Cattura01.png 1368w, https:\/\/sendapp.live\/wp-content\/uploads\/2025\/01\/Cattura01-300x178.png 300w, https:\/\/sendapp.live\/wp-content\/uploads\/2025\/01\/Cattura01-1024x606.png 1024w, https:\/\/sendapp.live\/wp-content\/uploads\/2025\/01\/Cattura01-768x455.png 768w, https:\/\/sendapp.live\/wp-content\/uploads\/2025\/01\/Cattura01-18x12.png 18w, https:\/\/sendapp.live\/wp-content\/uploads\/2025\/01\/Cattura01-600x355.png 600w\" sizes=\"auto, (max-width: 1368px) 100vw, 1368px\" \/><\/p>\n<h3><b>1. Gehen Sie zu Einstellungen<\/b><\/h3>\n<p><b>Erstens<\/b>, offen <b>SendApp Desktop<\/b>. <b>Dann<\/b>Klicken Sie oben rechts auf die drei horizontalen Linien, um das Hauptmen\u00fc zu \u00f6ffnen. <b>An dieser Stelle<\/b>, w\u00e4hlen Sie die Option <b>\u201eEinstellungen\u201c<\/b>, wie im Bild oben gezeigt.<\/p>\n<h3><b>2. Suchen Sie die Option \u201eCaches anzeigen\u201c<\/b><\/h3>\n<p>Sobald das Einstellungsfenster ge\u00f6ffnet ist, scrollen Sie nach unten, bis Sie die Schaltfl\u00e4che finden <b>\u201eCaches anzeigen\u201c<\/b>. <b>Durch Klicken auf diese Schaltfl\u00e4che<\/b>, \u00f6ffnet das Programm automatisch den Ordner mit den Cache-Dateien.<\/p>\n<p><img loading=\"lazy\" decoding=\"async\" class=\"alignnone wp-image-33873 size-full\" src=\"https:\/\/sendapp.live\/wp-content\/uploads\/2025\/01\/Cattura02.png\" alt=\"\" width=\"1296\" height=\"808\" srcset=\"https:\/\/sendapp.live\/wp-content\/uploads\/2025\/01\/Cattura02.png 1296w, https:\/\/sendapp.live\/wp-content\/uploads\/2025\/01\/Cattura02-300x187.png 300w, https:\/\/sendapp.live\/wp-content\/uploads\/2025\/01\/Cattura02-1024x638.png 1024w, https:\/\/sendapp.live\/wp-content\/uploads\/2025\/01\/Cattura02-768x479.png 768w, https:\/\/sendapp.live\/wp-content\/uploads\/2025\/01\/Cattura02-18x12.png 18w, https:\/\/sendapp.live\/wp-content\/uploads\/2025\/01\/Cattura02-600x374.png 600w\" sizes=\"auto, (max-width: 1296px) 100vw, 1296px\" \/><\/p>\n<h3><b>3. Cache-Dateien l\u00f6schen<\/b><\/h3>\n<p><b>So schlie\u00dfen Sie den Vorgang ab<\/b>, schlie\u00dfen Sie SendApp und w\u00e4hlen Sie alle Dateien und Ordner im Cache-Verzeichnis aus. <b>Dann<\/b>, klicken Sie mit der rechten Maustaste und w\u00e4hlen Sie \u201eL\u00f6schen\u201c. <b>Alternativ<\/b>k\u00f6nnen Sie die Tastenkombination <b>Umschalt + Entf<\/b> um sie dauerhaft zu entfernen. <b>Achtung:<\/b> Stellen Sie sicher, dass Sie nur tempor\u00e4re Dateien l\u00f6schen, um zu vermeiden, dass wichtige Dateien entfernt werden.<\/p>\n<h3><b>4. Starten Sie SendApp Desktop neu<\/b><\/h3>\n<p><b>Am Ende<\/b>, \u00f6ffnen Sie SendApp erneut. Der Neustart ist wichtig, um die \u00c4nderungen zu \u00fcbernehmen und sicherzustellen, dass das Programm reibungslos l\u00e4uft. <b>Jetzt<\/b>, SendApp Desktop wird schneller und reaktionsf\u00e4higer sein.<\/p>\n<h3><b>Warum den Cache leeren?<\/b><\/h3>\n<p>Der Cache speichert tempor\u00e4re Dateien, die bestimmte Vorg\u00e4nge beschleunigen. Allerdings k\u00f6nnen diese Dateien zu zahlreich werden und Probleme wie Verlangsamungen oder Fehler verursachen. Regelm\u00e4\u00dfiges Leeren des Caches tr\u00e4gt dazu bei, dass die Anwendung effizient l\u00e4uft und Speicherplatz frei wird.<\/p>\n<p><b>Probieren Sie dieses Verfahren jetzt aus, um die Leistung von SendApp Desktop zu verbessern!<\/b><\/p>\n\t<\/div>\n<\/div>\n\n\n\n\n\t\t\t<\/div> \n\t\t<\/div>\n\t<\/div> \n<\/div><\/div>\n\t\t<div id=\"fws_69decd2658fb2\"  data-column-margin=\"default\" data-midnight=\"dark\"  class=\"wpb_row vc_row-fluid vc_row\"  style=\"padding-top: 0px; padding-bottom: 0px; \"><div class=\"row-bg-wrap\" data-bg-animation=\"none\" data-bg-animation-delay=\"\" data-bg-overlay=\"false\"><div class=\"inner-wrap row-bg-layer\" ><div class=\"row-bg viewport-desktop\"  style=\"\"><\/div><\/div><\/div><div class=\"row_col_wrap_12 col span_12 dark left\">\n\t<div  class=\"vc_col-sm-12 wpb_column column_container vc_column_container col no-extra-padding inherit_tablet inherit_phone\"  data-padding-pos=\"all\" data-has-bg-color=\"false\" data-bg-color=\"\" data-bg-opacity=\"1\" data-animation=\"\" data-delay=\"0\" >\n\t\t<div class=\"vc_column-inner\" >\n\t\t\t<div class=\"wpb_wrapper\">\n\t\t\t\t<div class=\"divider-wrap\" data-alignment=\"default\"><div style=\"height: 50px;\" class=\"divider\"><\/div><\/div>\n\t\t\t<\/div> \n\t\t<\/div>\n\t<\/div> \n<\/div><\/div>","protected":false},"excerpt":{"rendered":"So l\u00f6schen Sie den SendApp Desktop-Cache Das L\u00f6schen des SendApp Desktop-Cache ist ein entscheidender Schritt zur Verbesserung der Softwareleistung. Beispielsweise k\u00f6nnen Sie Dateien l\u00f6schen...","protected":false},"author":1,"featured_media":0,"parent":0,"menu_order":0,"comment_status":"closed","ping_status":"closed","template":"","meta":{"_daim_seo_power":"1000","_daim_enable_ail":"1","footnotes":""},"class_list":["post-24372","page","type-page","status-publish"],"yoast_head":"<!-- This site is optimized with the Yoast SEO Premium plugin v27.3 (Yoast SEO v27.3) - https:\/\/yoast.com\/product\/yoast-seo-premium-wordpress\/ -->\n<title>Cancellare la cache di SendApp Desktop - SendApp - Software Whatsapp Marketing<\/title>\n<meta name=\"description\" content=\"Scopri come cancellare la cache di SendApp Desktop per migliorare le prestazioni del software. Segui la guida passo passo con immagini...\" \/>\n<meta name=\"robots\" content=\"index, follow, max-snippet:-1, max-image-preview:large, max-video-preview:-1\" \/>\n<link rel=\"canonical\" href=\"https:\/\/sendapp.live\/de\/leeren-sie-den-sendapp-desktop-cache\/\" \/>\n<meta property=\"og:locale\" content=\"de_DE\" \/>\n<meta property=\"og:type\" content=\"article\" \/>\n<meta property=\"og:title\" content=\"Cancellare la cache di SendApp Desktop\" \/>\n<meta property=\"og:description\" content=\"Scopri come cancellare la cache di SendApp Desktop per migliorare le prestazioni del software. Segui la guida passo passo con immagini...\" \/>\n<meta property=\"og:url\" content=\"https:\/\/sendapp.live\/de\/leeren-sie-den-sendapp-desktop-cache\/\" \/>\n<meta property=\"og:site_name\" content=\"SendApp - Software Whatsapp Marketing\" \/>\n<meta property=\"article:publisher\" content=\"https:\/\/www.facebook.com\/sendapp.live\" \/>\n<meta property=\"article:modified_time\" content=\"2025-01-21T23:06:13+00:00\" \/>\n<meta property=\"og:image\" content=\"https:\/\/sendapp.live\/wp-content\/uploads\/2025\/01\/Cattura01.png\" \/>\n<meta name=\"twitter:card\" content=\"summary_large_image\" \/>\n<meta name=\"twitter:site\" content=\"@sendapp_live\" \/>\n<meta name=\"twitter:label1\" content=\"Gesch\u00e4tzte Lesezeit\" \/>\n\t<meta name=\"twitter:data1\" content=\"3\u00a0Minuten\" \/>\n<script type=\"application\/ld+json\" class=\"yoast-schema-graph\">{\"@context\":\"https:\\\/\\\/schema.org\",\"@graph\":[{\"@type\":\"WebPage\",\"@id\":\"https:\\\/\\\/sendapp.live\\\/cancellare-la-cache-di-sendapp-desktop\\\/\",\"url\":\"https:\\\/\\\/sendapp.live\\\/cancellare-la-cache-di-sendapp-desktop\\\/\",\"name\":\"Cancellare la cache di SendApp Desktop - SendApp - Software Whatsapp Marketing\",\"isPartOf\":{\"@id\":\"https:\\\/\\\/sendapp.live\\\/it\\\/#website\"},\"primaryImageOfPage\":{\"@id\":\"https:\\\/\\\/sendapp.live\\\/cancellare-la-cache-di-sendapp-desktop\\\/#primaryimage\"},\"image\":{\"@id\":\"https:\\\/\\\/sendapp.live\\\/cancellare-la-cache-di-sendapp-desktop\\\/#primaryimage\"},\"thumbnailUrl\":\"https:\\\/\\\/sendapp.live\\\/wp-content\\\/uploads\\\/2025\\\/01\\\/Cattura01.png\",\"datePublished\":\"2022-11-17T18:34:20+00:00\",\"dateModified\":\"2025-01-21T23:06:13+00:00\",\"description\":\"Scopri come cancellare la cache di SendApp Desktop per migliorare le prestazioni del software. Segui la guida passo passo con immagini...\",\"breadcrumb\":{\"@id\":\"https:\\\/\\\/sendapp.live\\\/cancellare-la-cache-di-sendapp-desktop\\\/#breadcrumb\"},\"inLanguage\":\"de\",\"potentialAction\":[{\"@type\":\"ReadAction\",\"target\":[\"https:\\\/\\\/sendapp.live\\\/cancellare-la-cache-di-sendapp-desktop\\\/\"]}]},{\"@type\":\"ImageObject\",\"inLanguage\":\"de\",\"@id\":\"https:\\\/\\\/sendapp.live\\\/cancellare-la-cache-di-sendapp-desktop\\\/#primaryimage\",\"url\":\"https:\\\/\\\/sendapp.live\\\/wp-content\\\/uploads\\\/2025\\\/01\\\/Cattura01.png\",\"contentUrl\":\"https:\\\/\\\/sendapp.live\\\/wp-content\\\/uploads\\\/2025\\\/01\\\/Cattura01.png\"},{\"@type\":\"BreadcrumbList\",\"@id\":\"https:\\\/\\\/sendapp.live\\\/cancellare-la-cache-di-sendapp-desktop\\\/#breadcrumb\",\"itemListElement\":[{\"@type\":\"ListItem\",\"position\":1,\"name\":\"Home\",\"item\":\"https:\\\/\\\/sendapp.live\\\/\"},{\"@type\":\"ListItem\",\"position\":2,\"name\":\"Cancellare la cache di SendApp Desktop\"}]},{\"@type\":\"WebSite\",\"@id\":\"https:\\\/\\\/sendapp.live\\\/it\\\/#website\",\"url\":\"https:\\\/\\\/sendapp.live\\\/it\\\/\",\"name\":\"SendApp\",\"description\":\"Automate Your Messages &amp; Grow Your Business\",\"publisher\":{\"@id\":\"https:\\\/\\\/sendapp.live\\\/it\\\/#organization\"},\"alternateName\":\"SendApp WhatsApp Marketing\",\"potentialAction\":[{\"@type\":\"SearchAction\",\"target\":{\"@type\":\"EntryPoint\",\"urlTemplate\":\"https:\\\/\\\/sendapp.live\\\/it\\\/?s={search_term_string}\"},\"query-input\":{\"@type\":\"PropertyValueSpecification\",\"valueRequired\":true,\"valueName\":\"search_term_string\"}}],\"inLanguage\":\"de\"},{\"@type\":\"Organization\",\"@id\":\"https:\\\/\\\/sendapp.live\\\/it\\\/#organization\",\"name\":\"SendApp\",\"url\":\"https:\\\/\\\/sendapp.live\\\/it\\\/\",\"logo\":{\"@type\":\"ImageObject\",\"inLanguage\":\"de\",\"@id\":\"https:\\\/\\\/sendapp.live\\\/it\\\/#\\\/schema\\\/logo\\\/image\\\/\",\"url\":\"https:\\\/\\\/sendapp.live\\\/wp-content\\\/uploads\\\/2025\\\/04\\\/Logo-Sendapp-300x60-1.png\",\"contentUrl\":\"https:\\\/\\\/sendapp.live\\\/wp-content\\\/uploads\\\/2025\\\/04\\\/Logo-Sendapp-300x60-1.png\",\"width\":300,\"height\":60,\"caption\":\"SendApp\"},\"image\":{\"@id\":\"https:\\\/\\\/sendapp.live\\\/it\\\/#\\\/schema\\\/logo\\\/image\\\/\"},\"sameAs\":[\"https:\\\/\\\/www.facebook.com\\\/sendapp.live\",\"https:\\\/\\\/x.com\\\/sendapp_live\",\"https:\\\/\\\/www.instagram.com\\\/sendapp.live\",\"https:\\\/\\\/www.youtube.com\\\/channel\\\/UC2gaLpi0-OJLG4CFbOr6mLw\",\"https:\\\/\\\/it.trustpilot.com\\\/review\\\/sendapp.live\"],\"description\":\"Piattaforma italiana di WhatsApp Marketing con API ufficiali Meta. Assistente AI, campagne massive, SMS Gateway gratuito, Google Calendar, automazioni. Da \u20ac16\\\/mese senza markup sui messaggi.\",\"email\":\"info@sendapp.live\",\"foundingDate\":\"2016-07-25\"}]}<\/script>\n<!-- \/ Yoast SEO Premium plugin. -->","yoast_head_json":{"title":"Leeren des SendApp-Desktop-Cache - SendApp - WhatsApp-Marketing-Software","description":"Erfahren Sie, wie Sie den SendApp Desktop-Cache leeren, um die Softwareleistung zu verbessern. Folgen Sie der Schritt-f\u00fcr-Schritt-Anleitung mit Bildern ...","robots":{"index":"index","follow":"follow","max-snippet":"max-snippet:-1","max-image-preview":"max-image-preview:large","max-video-preview":"max-video-preview:-1"},"canonical":"https:\/\/sendapp.live\/de\/leeren-sie-den-sendapp-desktop-cache\/","og_locale":"de_DE","og_type":"article","og_title":"Cancellare la cache di SendApp Desktop","og_description":"Scopri come cancellare la cache di SendApp Desktop per migliorare le prestazioni del software. Segui la guida passo passo con immagini...","og_url":"https:\/\/sendapp.live\/de\/leeren-sie-den-sendapp-desktop-cache\/","og_site_name":"SendApp - Software Whatsapp Marketing","article_publisher":"https:\/\/www.facebook.com\/sendapp.live","article_modified_time":"2025-01-21T23:06:13+00:00","og_image":[{"url":"https:\/\/sendapp.live\/wp-content\/uploads\/2025\/01\/Cattura01.png","type":"","width":"","height":""}],"twitter_card":"summary_large_image","twitter_site":"@sendapp_live","twitter_misc":{"Gesch\u00e4tzte Lesezeit":"3\u00a0Minuten"},"schema":{"@context":"https:\/\/schema.org","@graph":[{"@type":"WebPage","@id":"https:\/\/sendapp.live\/cancellare-la-cache-di-sendapp-desktop\/","url":"https:\/\/sendapp.live\/cancellare-la-cache-di-sendapp-desktop\/","name":"Leeren des SendApp-Desktop-Cache - SendApp - WhatsApp-Marketing-Software","isPartOf":{"@id":"https:\/\/sendapp.live\/it\/#website"},"primaryImageOfPage":{"@id":"https:\/\/sendapp.live\/cancellare-la-cache-di-sendapp-desktop\/#primaryimage"},"image":{"@id":"https:\/\/sendapp.live\/cancellare-la-cache-di-sendapp-desktop\/#primaryimage"},"thumbnailUrl":"https:\/\/sendapp.live\/wp-content\/uploads\/2025\/01\/Cattura01.png","datePublished":"2022-11-17T18:34:20+00:00","dateModified":"2025-01-21T23:06:13+00:00","description":"Erfahren Sie, wie Sie den SendApp Desktop-Cache leeren, um die Softwareleistung zu verbessern. Folgen Sie der Schritt-f\u00fcr-Schritt-Anleitung mit Bildern ...","breadcrumb":{"@id":"https:\/\/sendapp.live\/cancellare-la-cache-di-sendapp-desktop\/#breadcrumb"},"inLanguage":"de","potentialAction":[{"@type":"ReadAction","target":["https:\/\/sendapp.live\/cancellare-la-cache-di-sendapp-desktop\/"]}]},{"@type":"ImageObject","inLanguage":"de","@id":"https:\/\/sendapp.live\/cancellare-la-cache-di-sendapp-desktop\/#primaryimage","url":"https:\/\/sendapp.live\/wp-content\/uploads\/2025\/01\/Cattura01.png","contentUrl":"https:\/\/sendapp.live\/wp-content\/uploads\/2025\/01\/Cattura01.png"},{"@type":"BreadcrumbList","@id":"https:\/\/sendapp.live\/cancellare-la-cache-di-sendapp-desktop\/#breadcrumb","itemListElement":[{"@type":"ListItem","position":1,"name":"Home","item":"https:\/\/sendapp.live\/"},{"@type":"ListItem","position":2,"name":"Cancellare la cache di SendApp Desktop"}]},{"@type":"WebSite","@id":"https:\/\/sendapp.live\/it\/#website","url":"https:\/\/sendapp.live\/it\/","name":"SendApp","description":"Automatisieren Sie Ihre Nachrichten und steigern Sie Ihr Gesch\u00e4ft","publisher":{"@id":"https:\/\/sendapp.live\/it\/#organization"},"alternateName":"SendApp WhatsApp Marketing","potentialAction":[{"@type":"SearchAction","target":{"@type":"EntryPoint","urlTemplate":"https:\/\/sendapp.live\/it\/?s={search_term_string}"},"query-input":{"@type":"PropertyValueSpecification","valueRequired":true,"valueName":"search_term_string"}}],"inLanguage":"de"},{"@type":"Organization","@id":"https:\/\/sendapp.live\/it\/#organization","name":"SendApp","url":"https:\/\/sendapp.live\/it\/","logo":{"@type":"ImageObject","inLanguage":"de","@id":"https:\/\/sendapp.live\/it\/#\/schema\/logo\/image\/","url":"https:\/\/sendapp.live\/wp-content\/uploads\/2025\/04\/Logo-Sendapp-300x60-1.png","contentUrl":"https:\/\/sendapp.live\/wp-content\/uploads\/2025\/04\/Logo-Sendapp-300x60-1.png","width":300,"height":60,"caption":"SendApp"},"image":{"@id":"https:\/\/sendapp.live\/it\/#\/schema\/logo\/image\/"},"sameAs":["https:\/\/www.facebook.com\/sendapp.live","https:\/\/x.com\/sendapp_live","https:\/\/www.instagram.com\/sendapp.live","https:\/\/www.youtube.com\/channel\/UC2gaLpi0-OJLG4CFbOr6mLw","https:\/\/it.trustpilot.com\/review\/sendapp.live"],"description":"Italienische WhatsApp-Marketing-Plattform mit offizieller Meta-API. KI-Assistent, Massenkampagnen, kostenloses SMS-Gateway, Google Kalender, Automatisierungen. Ab 16 \u20ac\/Monat ohne Aufpreis f\u00fcr Nachrichten.","email":"info@sendapp.live","foundingDate":"2016-07-25"}]}},"_links":{"self":[{"href":"https:\/\/sendapp.live\/de\/wp-json\/wp\/v2\/pages\/24372","targetHints":{"allow":["GET"]}}],"collection":[{"href":"https:\/\/sendapp.live\/de\/wp-json\/wp\/v2\/pages"}],"about":[{"href":"https:\/\/sendapp.live\/de\/wp-json\/wp\/v2\/types\/page"}],"author":[{"embeddable":true,"href":"https:\/\/sendapp.live\/de\/wp-json\/wp\/v2\/users\/1"}],"replies":[{"embeddable":true,"href":"https:\/\/sendapp.live\/de\/wp-json\/wp\/v2\/comments?post=24372"}],"version-history":[{"count":10,"href":"https:\/\/sendapp.live\/de\/wp-json\/wp\/v2\/pages\/24372\/revisions"}],"predecessor-version":[{"id":33883,"href":"https:\/\/sendapp.live\/de\/wp-json\/wp\/v2\/pages\/24372\/revisions\/33883"}],"wp:attachment":[{"href":"https:\/\/sendapp.live\/de\/wp-json\/wp\/v2\/media?parent=24372"}],"curies":[{"name":"wp","href":"https:\/\/api.w.org\/{rel}","templated":true}]}}