{"id":29111,"date":"2024-03-25T09:43:34","date_gmt":"2024-03-25T08:43:34","guid":{"rendered":"https:\/\/sendapp.live\/?page_id=29111"},"modified":"2025-01-21T22:54:47","modified_gmt":"2025-01-21T21:54:47","slug":"halten-sie-ihre-whatsapp-sitzung-aktiv","status":"publish","type":"page","link":"https:\/\/sendapp.live\/de\/mantenere-la-tua-sessione-di-whatsapp-attiva\/","title":{"rendered":"Halten Sie Ihre WhatsApp-Sitzung auf SendApp aktiv"},"content":{"rendered":"<div id=\"fws_69e1bfc3a0c79\"  data-column-margin=\"default\" data-midnight=\"dark\"  class=\"wpb_row vc_row-fluid vc_row full-width-section\"  style=\"padding-top: 0px; padding-bottom: 0px; \"><div class=\"row-bg-wrap\" data-bg-animation=\"none\" data-bg-animation-delay=\"\" data-bg-overlay=\"false\"><div class=\"inner-wrap row-bg-layer using-image\" ><div class=\"row-bg viewport-desktop using-image\"  style=\"background-image: url(https:\/\/sendapp.live\/wp-content\/uploads\/2024\/03\/Mantenere-Attiva-la-Tua-Sessione-WhatsApp-1.png); background-position: center center; background-repeat: no-repeat; \"><\/div><\/div><\/div><div class=\"row_col_wrap_12 col span_12 dark center\">\n\t<div  class=\"vc_col-sm-12 wpb_column column_container vc_column_container col no-extra-padding inherit_tablet inherit_phone\"  data-padding-pos=\"all\" data-has-bg-color=\"false\" data-bg-color=\"\" data-bg-opacity=\"1\" data-animation=\"\" data-delay=\"0\" >\n\t\t<div class=\"vc_column-inner\" >\n\t\t\t<div class=\"wpb_wrapper\">\n\t\t\t\t<div class=\"divider-wrap\" data-alignment=\"default\"><div style=\"height: 300px;\" class=\"divider\"><\/div><\/div>\n\t\t\t<\/div> \n\t\t<\/div>\n\t<\/div> \n<\/div><\/div>\n\t\t<div id=\"fws_69e1bfc3a115d\"  data-column-margin=\"default\" data-midnight=\"dark\" data-top-percent=\"5%\"  class=\"wpb_row vc_row-fluid vc_row\"  style=\"padding-top: calc(100vw * 0.05); padding-bottom: 0px; \"><div class=\"row-bg-wrap\" data-bg-animation=\"none\" data-bg-animation-delay=\"\" data-bg-overlay=\"false\"><div class=\"inner-wrap row-bg-layer\" ><div class=\"row-bg viewport-desktop\"  style=\"\"><\/div><\/div><\/div><div class=\"row_col_wrap_12 col span_12 dark left\">\n\t<div  class=\"vc_col-sm-1\/5 wpb_column column_container vc_column_container col no-extra-padding inherit_tablet inherit_phone\"  data-padding-pos=\"all\" data-has-bg-color=\"false\" data-bg-color=\"\" data-bg-opacity=\"1\" data-animation=\"\" data-delay=\"0\" >\n\t\t<div class=\"vc_column-inner\" >\n\t\t\t<div class=\"wpb_wrapper\">\n\t\t\t\t\n\t\t\t<\/div> \n\t\t<\/div>\n\t<\/div> \n\n\t<div  class=\"vc_col-sm-3\/5 wpb_column column_container vc_column_container col no-extra-padding inherit_tablet inherit_phone\"  data-padding-pos=\"all\" data-has-bg-color=\"false\" data-bg-color=\"\" data-bg-opacity=\"1\" data-animation=\"\" data-delay=\"0\" >\n\t\t<div class=\"vc_column-inner\" >\n\t\t\t<div class=\"wpb_wrapper\">\n\t\t\t\t\n<div class=\"wpb_text_column wpb_content_element\" >\n\t<div class=\"wpb_wrapper\">\n\t\t<h1>Halten Sie Ihre WhatsApp-Sitzung auf SendApp aktiv<\/h1>\n<p>\u00dcber WhatsApp ohne h\u00e4ufige Unterbrechungen in Verbindung zu bleiben, ist einfacher als Sie denken. Hier sind f\u00fcnf praktische Tipps, die direkt an Ihr Telefon gebunden sind und Ihnen dabei helfen k\u00f6nnen, die Aktivit\u00e4t Ihrer Sitzung zu verl\u00e4ngern.<\/p>\n<h2>1. Bleiben Sie mit dem Internet verbunden<\/h2>\n<p>Damit WhatsApp unterbrechungsfrei l\u00e4uft, ben\u00f6tigt Ihr Telefon eine stabile Internetverbindung.<\/p>\n<p>&nbsp;<\/p>\n<h2>2. Halten Sie Ihr Telefon aufgeladen<\/h2>\n<p>Ein aufgeladenes Telefon ist entscheidend, damit Ihre WhatsApp-Sitzung aktiv bleibt. Stellen Sie sicher, dass der Akku Ihres Ger\u00e4ts nicht vollst\u00e4ndig leer ist.<\/p>\n<p>&nbsp;<\/p>\n<h2>3. Minimieren Sie die Batterieoptimierung f\u00fcr WhatsApp<\/h2>\n<p>Passen Sie die Akkuoptimierungseinstellungen Ihres Telefons f\u00fcr WhatsApp an, sodass die App im Hintergrund ausgef\u00fchrt werden kann und Ihre Sitzung aktiv bleibt.<\/p>\n<p>&nbsp;<\/p>\n<h2>4. Halten Sie WhatsApp auf Ihrem Telefon aktiv<\/h2>\n<p>\u00d6ffnen Sie WhatsApp regelm\u00e4\u00dfig auf Ihrem Telefon, um sicherzustellen, dass die Sitzung als aktiv erkannt wird.<\/p>\n<p>&nbsp;<\/p>\n<h2>5. Aktualisieren Sie WhatsApp regelm\u00e4\u00dfig<\/h2>\n<p>Halten Sie die App auf Ihrem Telefon auf dem neuesten Stand, um von den neuesten Funktionen und Konnektivit\u00e4tsverbesserungen zu profitieren, Ihr WhatsApp-Erlebnis zu verbessern und Ihre Sitzung auf dem neuesten Stand zu halten.<\/p>\n<p>&nbsp;<\/p>\n<p>Wenn Sie diese einfachen, aber effektiven Tipps befolgen, k\u00f6nnen Sie eine stabilere und l\u00e4ngere WhatsApp-Sitzung genie\u00dfen und sicherstellen, dass Ihre Chats und Kommunikation unterbrechungsfrei bleiben.<\/p>\n\t<\/div>\n<\/div>\n\n\n\n\n\t\t\t<\/div> \n\t\t<\/div>\n\t<\/div> \n\n\t<div  class=\"vc_col-sm-1\/5 wpb_column column_container vc_column_container col no-extra-padding inherit_tablet inherit_phone\"  data-padding-pos=\"all\" data-has-bg-color=\"false\" data-bg-color=\"\" data-bg-opacity=\"1\" data-animation=\"\" data-delay=\"0\" >\n\t\t<div class=\"vc_column-inner\" >\n\t\t\t<div class=\"wpb_wrapper\">\n\t\t\t\t\n\t\t\t<\/div> \n\t\t<\/div>\n\t<\/div> \n<\/div><\/div>","protected":false},"excerpt":{"rendered":"Halten Sie Ihre WhatsApp-Sitzung auf SendApp aktiv. \u00dcber WhatsApp ohne h\u00e4ufige Unterbrechungen in Verbindung zu bleiben, ist einfacher als Sie denken. Hier sind f\u00fcnf praktische Tipps, die direkt mit Ihrer \u2026 zusammenh\u00e4ngen.","protected":false},"author":1,"featured_media":0,"parent":0,"menu_order":0,"comment_status":"closed","ping_status":"closed","template":"","meta":{"_daim_seo_power":"1000","_daim_enable_ail":"1","footnotes":""},"class_list":["post-29111","page","type-page","status-publish"],"yoast_head":"<!-- This site is optimized with the Yoast SEO Premium plugin v27.3 (Yoast SEO v27.3) - https:\/\/yoast.com\/product\/yoast-seo-premium-wordpress\/ -->\n<title>Mantenere la tua sessione di WhatsApp attiva su SendApp - SendApp - Software Whatsapp Marketing<\/title>\n<meta name=\"description\" content=\"Scopri come mantenere WhatsApp sempre attivo su SendApp con 5 consigli pratici: connessione stabile, batteria ottimizzata, impostazioni...\" \/>\n<meta name=\"robots\" content=\"index, follow, max-snippet:-1, max-image-preview:large, max-video-preview:-1\" \/>\n<link rel=\"canonical\" href=\"https:\/\/sendapp.live\/de\/halten-sie-ihre-whatsapp-sitzung-aktiv\/\" \/>\n<meta property=\"og:locale\" content=\"de_DE\" \/>\n<meta property=\"og:type\" content=\"article\" \/>\n<meta property=\"og:title\" content=\"Mantenere la tua sessione di WhatsApp attiva su SendApp\" \/>\n<meta property=\"og:description\" content=\"Scopri come mantenere WhatsApp sempre attivo su SendApp con 5 consigli pratici: connessione stabile, batteria ottimizzata, impostazioni...\" \/>\n<meta property=\"og:url\" content=\"https:\/\/sendapp.live\/de\/halten-sie-ihre-whatsapp-sitzung-aktiv\/\" \/>\n<meta property=\"og:site_name\" content=\"SendApp - Software Whatsapp Marketing\" \/>\n<meta property=\"article:publisher\" content=\"https:\/\/www.facebook.com\/sendapp.live\" \/>\n<meta property=\"article:modified_time\" content=\"2025-01-21T21:54:47+00:00\" \/>\n<meta name=\"twitter:card\" content=\"summary_large_image\" \/>\n<meta name=\"twitter:site\" content=\"@sendapp_live\" \/>\n<meta name=\"twitter:label1\" content=\"Gesch\u00e4tzte Lesezeit\" \/>\n\t<meta name=\"twitter:data1\" content=\"1\u00a0Minute\" \/>\n<script type=\"application\/ld+json\" class=\"yoast-schema-graph\">{\"@context\":\"https:\\\/\\\/schema.org\",\"@graph\":[{\"@type\":\"WebPage\",\"@id\":\"https:\\\/\\\/sendapp.live\\\/mantenere-la-tua-sessione-di-whatsapp-attiva\\\/\",\"url\":\"https:\\\/\\\/sendapp.live\\\/mantenere-la-tua-sessione-di-whatsapp-attiva\\\/\",\"name\":\"Mantenere la tua sessione di WhatsApp attiva su SendApp - SendApp - Software Whatsapp Marketing\",\"isPartOf\":{\"@id\":\"https:\\\/\\\/sendapp.live\\\/it\\\/#website\"},\"datePublished\":\"2024-03-25T08:43:34+00:00\",\"dateModified\":\"2025-01-21T21:54:47+00:00\",\"description\":\"Scopri come mantenere WhatsApp sempre attivo su SendApp con 5 consigli pratici: connessione stabile, batteria ottimizzata, impostazioni...\",\"breadcrumb\":{\"@id\":\"https:\\\/\\\/sendapp.live\\\/mantenere-la-tua-sessione-di-whatsapp-attiva\\\/#breadcrumb\"},\"inLanguage\":\"de\",\"potentialAction\":[{\"@type\":\"ReadAction\",\"target\":[\"https:\\\/\\\/sendapp.live\\\/mantenere-la-tua-sessione-di-whatsapp-attiva\\\/\"]}]},{\"@type\":\"BreadcrumbList\",\"@id\":\"https:\\\/\\\/sendapp.live\\\/mantenere-la-tua-sessione-di-whatsapp-attiva\\\/#breadcrumb\",\"itemListElement\":[{\"@type\":\"ListItem\",\"position\":1,\"name\":\"Home\",\"item\":\"https:\\\/\\\/sendapp.live\\\/\"},{\"@type\":\"ListItem\",\"position\":2,\"name\":\"Mantenere la tua sessione di WhatsApp attiva su SendApp\"}]},{\"@type\":\"WebSite\",\"@id\":\"https:\\\/\\\/sendapp.live\\\/it\\\/#website\",\"url\":\"https:\\\/\\\/sendapp.live\\\/it\\\/\",\"name\":\"SendApp\",\"description\":\"Automate Your Messages &amp; Grow Your Business\",\"publisher\":{\"@id\":\"https:\\\/\\\/sendapp.live\\\/it\\\/#organization\"},\"alternateName\":\"SendApp WhatsApp Marketing\",\"potentialAction\":[{\"@type\":\"SearchAction\",\"target\":{\"@type\":\"EntryPoint\",\"urlTemplate\":\"https:\\\/\\\/sendapp.live\\\/it\\\/?s={search_term_string}\"},\"query-input\":{\"@type\":\"PropertyValueSpecification\",\"valueRequired\":true,\"valueName\":\"search_term_string\"}}],\"inLanguage\":\"de\"},{\"@type\":\"Organization\",\"@id\":\"https:\\\/\\\/sendapp.live\\\/it\\\/#organization\",\"name\":\"SendApp\",\"url\":\"https:\\\/\\\/sendapp.live\\\/it\\\/\",\"logo\":{\"@type\":\"ImageObject\",\"inLanguage\":\"de\",\"@id\":\"https:\\\/\\\/sendapp.live\\\/it\\\/#\\\/schema\\\/logo\\\/image\\\/\",\"url\":\"https:\\\/\\\/sendapp.live\\\/wp-content\\\/uploads\\\/2025\\\/04\\\/Logo-Sendapp-300x60-1.png\",\"contentUrl\":\"https:\\\/\\\/sendapp.live\\\/wp-content\\\/uploads\\\/2025\\\/04\\\/Logo-Sendapp-300x60-1.png\",\"width\":300,\"height\":60,\"caption\":\"SendApp\"},\"image\":{\"@id\":\"https:\\\/\\\/sendapp.live\\\/it\\\/#\\\/schema\\\/logo\\\/image\\\/\"},\"sameAs\":[\"https:\\\/\\\/www.facebook.com\\\/sendapp.live\",\"https:\\\/\\\/x.com\\\/sendapp_live\",\"https:\\\/\\\/www.instagram.com\\\/sendapp.live\",\"https:\\\/\\\/www.youtube.com\\\/channel\\\/UC2gaLpi0-OJLG4CFbOr6mLw\",\"https:\\\/\\\/it.trustpilot.com\\\/review\\\/sendapp.live\"],\"description\":\"Piattaforma italiana di WhatsApp Marketing con API ufficiali Meta. Assistente AI, campagne massive, SMS Gateway gratuito, Google Calendar, automazioni. Da \u20ac16\\\/mese senza markup sui messaggi.\",\"email\":\"info@sendapp.live\",\"foundingDate\":\"2016-07-25\"}]}<\/script>\n<!-- \/ Yoast SEO Premium plugin. -->","yoast_head_json":{"title":"Halten Sie Ihre WhatsApp-Sitzung auf SendApp aktiv \u2013 SendApp \u2013 WhatsApp-Marketingsoftware","description":"Erfahren Sie mit 5 praktischen Tipps, wie Sie WhatsApp auf SendApp immer aktiv halten: stabile Verbindung, optimierter Akku, Einstellungen \u2026","robots":{"index":"index","follow":"follow","max-snippet":"max-snippet:-1","max-image-preview":"max-image-preview:large","max-video-preview":"max-video-preview:-1"},"canonical":"https:\/\/sendapp.live\/de\/halten-sie-ihre-whatsapp-sitzung-aktiv\/","og_locale":"de_DE","og_type":"article","og_title":"Mantenere la tua sessione di WhatsApp attiva su SendApp","og_description":"Scopri come mantenere WhatsApp sempre attivo su SendApp con 5 consigli pratici: connessione stabile, batteria ottimizzata, impostazioni...","og_url":"https:\/\/sendapp.live\/de\/halten-sie-ihre-whatsapp-sitzung-aktiv\/","og_site_name":"SendApp - Software Whatsapp Marketing","article_publisher":"https:\/\/www.facebook.com\/sendapp.live","article_modified_time":"2025-01-21T21:54:47+00:00","twitter_card":"summary_large_image","twitter_site":"@sendapp_live","twitter_misc":{"Gesch\u00e4tzte Lesezeit":"1\u00a0Minute"},"schema":{"@context":"https:\/\/schema.org","@graph":[{"@type":"WebPage","@id":"https:\/\/sendapp.live\/mantenere-la-tua-sessione-di-whatsapp-attiva\/","url":"https:\/\/sendapp.live\/mantenere-la-tua-sessione-di-whatsapp-attiva\/","name":"Halten Sie Ihre WhatsApp-Sitzung auf SendApp aktiv \u2013 SendApp \u2013 WhatsApp-Marketingsoftware","isPartOf":{"@id":"https:\/\/sendapp.live\/it\/#website"},"datePublished":"2024-03-25T08:43:34+00:00","dateModified":"2025-01-21T21:54:47+00:00","description":"Erfahren Sie mit 5 praktischen Tipps, wie Sie WhatsApp auf SendApp immer aktiv halten: stabile Verbindung, optimierter Akku, Einstellungen \u2026","breadcrumb":{"@id":"https:\/\/sendapp.live\/mantenere-la-tua-sessione-di-whatsapp-attiva\/#breadcrumb"},"inLanguage":"de","potentialAction":[{"@type":"ReadAction","target":["https:\/\/sendapp.live\/mantenere-la-tua-sessione-di-whatsapp-attiva\/"]}]},{"@type":"BreadcrumbList","@id":"https:\/\/sendapp.live\/mantenere-la-tua-sessione-di-whatsapp-attiva\/#breadcrumb","itemListElement":[{"@type":"ListItem","position":1,"name":"Home","item":"https:\/\/sendapp.live\/"},{"@type":"ListItem","position":2,"name":"Mantenere la tua sessione di WhatsApp attiva su SendApp"}]},{"@type":"WebSite","@id":"https:\/\/sendapp.live\/it\/#website","url":"https:\/\/sendapp.live\/it\/","name":"SendApp","description":"Automatisieren Sie Ihre Nachrichten und steigern Sie Ihr Gesch\u00e4ft","publisher":{"@id":"https:\/\/sendapp.live\/it\/#organization"},"alternateName":"SendApp WhatsApp Marketing","potentialAction":[{"@type":"SearchAction","target":{"@type":"EntryPoint","urlTemplate":"https:\/\/sendapp.live\/it\/?s={search_term_string}"},"query-input":{"@type":"PropertyValueSpecification","valueRequired":true,"valueName":"search_term_string"}}],"inLanguage":"de"},{"@type":"Organization","@id":"https:\/\/sendapp.live\/it\/#organization","name":"SendApp","url":"https:\/\/sendapp.live\/it\/","logo":{"@type":"ImageObject","inLanguage":"de","@id":"https:\/\/sendapp.live\/it\/#\/schema\/logo\/image\/","url":"https:\/\/sendapp.live\/wp-content\/uploads\/2025\/04\/Logo-Sendapp-300x60-1.png","contentUrl":"https:\/\/sendapp.live\/wp-content\/uploads\/2025\/04\/Logo-Sendapp-300x60-1.png","width":300,"height":60,"caption":"SendApp"},"image":{"@id":"https:\/\/sendapp.live\/it\/#\/schema\/logo\/image\/"},"sameAs":["https:\/\/www.facebook.com\/sendapp.live","https:\/\/x.com\/sendapp_live","https:\/\/www.instagram.com\/sendapp.live","https:\/\/www.youtube.com\/channel\/UC2gaLpi0-OJLG4CFbOr6mLw","https:\/\/it.trustpilot.com\/review\/sendapp.live"],"description":"Italienische WhatsApp-Marketing-Plattform mit offizieller Meta-API. KI-Assistent, Massenkampagnen, kostenloses SMS-Gateway, Google Kalender, Automatisierungen. Ab 16 \u20ac\/Monat ohne Aufpreis f\u00fcr Nachrichten.","email":"info@sendapp.live","foundingDate":"2016-07-25"}]}},"_links":{"self":[{"href":"https:\/\/sendapp.live\/de\/wp-json\/wp\/v2\/pages\/29111","targetHints":{"allow":["GET"]}}],"collection":[{"href":"https:\/\/sendapp.live\/de\/wp-json\/wp\/v2\/pages"}],"about":[{"href":"https:\/\/sendapp.live\/de\/wp-json\/wp\/v2\/types\/page"}],"author":[{"embeddable":true,"href":"https:\/\/sendapp.live\/de\/wp-json\/wp\/v2\/users\/1"}],"replies":[{"embeddable":true,"href":"https:\/\/sendapp.live\/de\/wp-json\/wp\/v2\/comments?post=29111"}],"version-history":[{"count":10,"href":"https:\/\/sendapp.live\/de\/wp-json\/wp\/v2\/pages\/29111\/revisions"}],"predecessor-version":[{"id":33861,"href":"https:\/\/sendapp.live\/de\/wp-json\/wp\/v2\/pages\/29111\/revisions\/33861"}],"wp:attachment":[{"href":"https:\/\/sendapp.live\/de\/wp-json\/wp\/v2\/media?parent=29111"}],"curies":[{"name":"wp","href":"https:\/\/api.w.org\/{rel}","templated":true}]}}