{"id":30103,"date":"2024-06-20T19:30:54","date_gmt":"2024-06-20T17:30:54","guid":{"rendered":"https:\/\/sendapp.live\/?page_id=30103"},"modified":"2024-11-18T16:58:56","modified_gmt":"2024-11-18T15:58:56","slug":"geplante-whatsapp-nachrichten","status":"publish","type":"page","link":"https:\/\/sendapp.live\/de\/messaggi-programmati-whatsapp\/","title":{"rendered":"Geplante WhatsApp-Nachrichten"},"content":{"rendered":"<div id=\"fws_69f3ca19b9bd4\"  data-column-margin=\"default\" data-midnight=\"dark\" data-top-percent=\"5%\" data-bottom-percent=\"5%\"  class=\"wpb_row vc_row-fluid vc_row  right_padding_5pct left_padding_5pct\"  style=\"padding-top: calc(100vw * 0.05); padding-bottom: calc(100vw * 0.05); \"><div class=\"row-bg-wrap\" data-bg-animation=\"none\" data-bg-animation-delay=\"\" data-bg-overlay=\"false\"><div class=\"inner-wrap row-bg-layer\" ><div class=\"row-bg viewport-desktop\"  style=\"\"><\/div><\/div><\/div><div class=\"row_col_wrap_12 col span_12 dark left\">\n\t<div  class=\"vc_col-sm-12 wpb_column column_container vc_column_container col no-extra-padding inherit_tablet inherit_phone\"  data-padding-pos=\"all\" data-has-bg-color=\"false\" data-bg-color=\"\" data-bg-opacity=\"1\" data-animation=\"\" data-delay=\"0\" >\n\t\t<div class=\"vc_column-inner\" >\n\t\t\t<div class=\"wpb_wrapper\">\n\t\t\t\t<h1 style=\"font-size: 65px;color: #4b5b75;text-align: center;font-family:Raleway;font-weight:400;font-style:normal\" class=\"vc_custom_heading vc_do_custom_heading vc_custom_1718918017951\" >Planen Sie WhatsApp-Nachrichten mit SendApp<\/h1>\n\t\t\t<\/div> \n\t\t<\/div>\n\t<\/div> \n<\/div><\/div>\n\t\t<div id=\"fws_69f3ca19ba293\"  data-column-margin=\"default\" data-midnight=\"dark\"  class=\"wpb_row vc_row-fluid vc_row\"  style=\"padding-top: 0px; padding-bottom: 0px; \"><div class=\"row-bg-wrap\" data-bg-animation=\"none\" data-bg-animation-delay=\"\" data-bg-overlay=\"false\"><div class=\"inner-wrap row-bg-layer\" ><div class=\"row-bg viewport-desktop\"  style=\"\"><\/div><\/div><\/div><div class=\"row_col_wrap_12 col span_12 dark left\">\n\t<div  class=\"vc_col-sm-12 wpb_column column_container vc_column_container col no-extra-padding inherit_tablet inherit_phone\"  data-padding-pos=\"all\" data-has-bg-color=\"false\" data-bg-color=\"\" data-bg-opacity=\"1\" data-animation=\"\" data-delay=\"0\" >\n\t\t<div class=\"vc_column-inner\" >\n\t\t\t<div class=\"wpb_wrapper\">\n\t\t\t\t\n<div class=\"wpb_text_column wpb_content_element\" >\n\t<div class=\"wpb_wrapper\">\n\t\t<p>WhatsApp hat sich in den letzten Jahren zu einer der weltweit am h\u00e4ufigsten genutzten Instant-Messaging-Plattformen entwickelt. Angesichts der wachsenden Bedeutung digitaler Kommunikation in der Gesch\u00e4ftswelt ist es unerl\u00e4sslich, Ihre WhatsApp-Pr\u00e4senz effizient und strategisch zu verwalten. SendApp ist ein leistungsstarkes Tool, mit dem Sie geplante Nachrichten \u00fcber WhatsApp versenden k\u00f6nnen. So k\u00f6nnen Sie Ihre Kommunikation einfacher verwalten und Ihre Marketingstrategien im Voraus planen. Entdecken wir gemeinsam, wie Sie mit SendApp Ihre WhatsApp-Kommunikation optimieren k\u00f6nnen.<\/p>\n<h2>So senden Sie geplante Nachrichten auf WhatsApp<\/h2>\n<p>Mit SendApp k\u00f6nnen Sie schnell und einfach geplante Nachrichten \u00fcber WhatsApp versenden. Legen Sie einfach Datum und Uhrzeit f\u00fcr den Nachrichtenversand fest \u2013 fertig. Mit dieser Funktion k\u00f6nnen Sie Ihre Kommunikation effizient organisieren und einen konstanten Nachrichtenfluss an Ihre Kontakte gew\u00e4hrleisten.<\/p>\n<h2>Verwenden von SendApp zum Planen von Nachrichten<\/h2>\n<p>SendApp ist ein umfassendes Tool zur einfachen Verwaltung Ihrer WhatsApp-Nachrichten. Sie k\u00f6nnen Kontaktlisten erstellen, Marketingkampagnen planen, Multimedia-Nachrichten versenden und vieles mehr. Mit seiner intuitiven Benutzeroberfl\u00e4che und erweiterten Funktionen hilft SendApp Ihnen, Ihre WhatsApp-Pr\u00e4senz effektiv zu optimieren.<\/p>\n<h2>Verwalten Sie Ihre WhatsApp-Nachrichten im Voraus<\/h2>\n<p>Mit SendApp k\u00f6nnen Sie Ihre WhatsApp-Nachrichten im Voraus planen. Das spart Zeit und beh\u00e4lt die genaue Kontrolle \u00fcber Ihre Kommunikation. Mit dieser Funktion k\u00f6nnen Sie Ihre Aufgaben effizient organisieren und sicherstellen, dass Ihre Nachrichten zum g\u00fcnstigsten Zeitpunkt gesendet werden.<\/p>\n<h2>Automatisieren Sie die Kommunikation \u00fcber WhatsApp<\/h2>\n<p>Mit SendApp k\u00f6nnen Sie Ihre WhatsApp-Kommunikation automatisieren, geplante Nachrichten versenden, Marketingkampagnen erstellen und Ihre Kundeninteraktionen effizient verwalten. Mit dieser Funktion k\u00f6nnen Sie Ihre Zeit optimieren und sich auf die strategisch wichtigsten Aktivit\u00e4ten f\u00fcr Ihr Unternehmen konzentrieren.<\/p>\n<h2>Sparen Sie Zeit mit SendApp<\/h2>\n<p>SendApp hilft Ihnen, Zeit bei der Verwaltung Ihrer WhatsApp-Kommunikation zu sparen. Dank der M\u00f6glichkeit, geplante Nachrichten zu versenden und Aufgaben zu automatisieren, k\u00f6nnen Sie sich auf andere wichtige Aufgaben f\u00fcr Ihr Unternehmen konzentrieren und so Zeit- und Ressourcenverschwendung minimieren.<\/p>\n<h2>Erstellen Sie effektive Marketingkampagnen auf WhatsApp<\/h2>\n<p>Mit SendApp k\u00f6nnen Sie effektive Marketingkampagnen auf WhatsApp erstellen und verwalten und so Ihre Kunden gezielt und strategisch erreichen. Sie k\u00f6nnen personalisierte Nachrichten planen und versenden, die Kampagnenleistung \u00fcberwachen und Ihre Marketingstrategie kontinuierlich verbessern.<\/p>\n<h2>Einfaches Einrichten geplanter Nachrichten<\/h2>\n<p>Mit SendApp k\u00f6nnen Sie Nachrichten ganz einfach planen. W\u00e4hlen Sie einfach die Kontakte aus, an die Sie die Nachricht senden m\u00f6chten, w\u00e4hlen Sie Datum und Uhrzeit aus \u2013 fertig. Dank der intuitiven Benutzeroberfl\u00e4che und den erweiterten Funktionen macht SendApp das Planen von WhatsApp-Nachrichten zum Kinderspiel.<\/p>\n<h2>Steigern Sie die Effizienz Ihrer Kommunikation<\/h2>\n<p>SendApp hilft Ihnen, die Effizienz Ihrer WhatsApp-Kommunikation zu steigern, indem Sie geplante Nachrichten versenden, Ihre Aufgaben automatisieren und Ihre Kundeninteraktionen strategisch und zielgerichtet verwalten k\u00f6nnen. Mit SendApp optimieren Sie Ihre WhatsApp-Pr\u00e4senz und sorgen f\u00fcr eine effektive Kommunikation mit Ihren Kontakten.<\/p>\n<h2>Optimieren Sie Ihre Pr\u00e4senz auf WhatsApp<\/h2>\n<p>Mit SendApp optimieren Sie Ihre WhatsApp-Pr\u00e4senz, verwalten Ihre Kommunikation effizient und pflegen die Beziehungen zu Ihren Kunden. Dank der erweiterten Funktionen und der einfachen Bedienung unterst\u00fctzt Sie SendApp dabei, eine strategische und zielgerichtete Pr\u00e4senz auf WhatsApp zu pflegen.<\/p>\n<h2>Das Potenzial von SendApp optimal nutzen<\/h2>\n<p>SendApp ist ein leistungsstarkes Tool, mit dem Sie das volle Potenzial von WhatsApp f\u00fcr Ihre Kommunikation nutzen k\u00f6nnen. Mit SendApp k\u00f6nnen Sie geplante Nachrichten versenden, effektive Marketingkampagnen erstellen, Ihre Aufgaben automatisieren und die Effizienz Ihrer Kommunikation steigern. Erfahren Sie, wie SendApp Ihnen hilft, Ihre WhatsApp-Pr\u00e4senz zu optimieren und Ihre Gesch\u00e4ftsziele zu erreichen.<\/p>\n<p>SendApp ist die ideale L\u00f6sung f\u00fcr alle, die ihre WhatsApp-Kommunikation effizient verwalten m\u00f6chten. Mit SendApp k\u00f6nnen Sie geplante Nachrichten versenden, Ihre Aufgaben automatisieren und effektive Marketingkampagnen erstellen. So sparen Sie Zeit und optimieren Ihre Pr\u00e4senz auf digitalen Plattformen. Erfahren Sie, wie SendApp Ihnen helfen kann, Ihre WhatsApp-Kommunikationsstrategie zu verbessern und Ihre Gesch\u00e4ftsziele zu erreichen.<\/p>\n\t<\/div>\n<\/div>\n\n\n\n\n\t\t\t<\/div> \n\t\t<\/div>\n\t<\/div> \n<\/div><\/div>\n\t\t<div id=\"price\"  data-column-margin=\"default\" data-midnight=\"dark\" data-top-percent=\"4%\" data-bottom-percent=\"7%\"  class=\"wpb_row vc_row-fluid vc_row full-width-section\"  style=\"padding-top: calc(100vw * 0.04); padding-bottom: calc(100vw * 0.07); \"><div class=\"row-bg-wrap\" data-bg-animation=\"none\" data-bg-animation-delay=\"\" data-bg-overlay=\"false\"><div class=\"inner-wrap row-bg-layer\" ><div class=\"row-bg viewport-desktop\"  style=\"\"><\/div><\/div><\/div><div class=\"row_col_wrap_12 col span_12 dark left\">\n\t<div  class=\"vc_col-sm-12 wpb_column column_container vc_column_container col no-extra-padding inherit_tablet inherit_phone\"  data-padding-pos=\"all\" data-has-bg-color=\"false\" data-bg-color=\"\" data-bg-opacity=\"1\" data-animation=\"\" data-delay=\"0\" >\n\t\t<div class=\"vc_column-inner\" >\n\t\t\t<div class=\"wpb_wrapper\">\n\t\t\t\t<div id=\"fws_69f3ca19baaac\" data-midnight=\"\" data-column-margin=\"default\" class=\"wpb_row vc_row-fluid vc_row inner_row\"  style=\"\"><div class=\"row-bg-wrap\"> <div class=\"row-bg\" ><\/div> <\/div><div class=\"row_col_wrap_12_inner col span_12  left\">\n\t<div  class=\"vc_col-sm-12 wpb_column column_container vc_column_container col child_column centered-text has-animation no-extra-padding inherit_tablet inherit_phone\"   data-padding-pos=\"all\" data-has-bg-color=\"false\" data-bg-color=\"\" data-bg-opacity=\"1\" data-animation=\"fade-in\" data-delay=\"0\" >\n\t\t<div class=\"vc_column-inner\" >\n\t\t<div class=\"wpb_wrapper\">\n\t\t\t\n<div class=\"wpb_text_column wpb_content_element  vc_custom_1712152870190\" >\n\t<div class=\"wpb_wrapper\">\n\t\t<section class=\"main-section main-section-full main-section-slim\">\n<h1 class=\"row\">Einfache und transparente Preisgestaltung<\/h1>\n<h3 class=\"row\">Keine Geb\u00fchren und keine Kosten pro Nachricht.<\/h3>\n<p><span style=\"color: #999999;\">Der Preis variiert je nach den enthaltenen Funktionen und der Anzahl der automatischen Sendungen.<\/span><\/p>\n<\/section>\n\t<\/div>\n<\/div>\n\n\n\n\n\t\t<\/div> \n\t<\/div>\n\t<\/div> \n<\/div><\/div><div class=\"row pricing-table four-cols\" data-style=\"flat-alternative\"><div class=\"pricing-column no-highlight accent-color\">\n\t\t\t<h3>Free<\/h3>\n          <div class=\"pricing-column-content\">\n\t\t\t<h4> <span class=\"dollar-sign\">\u20ac<\/span> 0 <\/h4>\n\t\t\t<span class=\"interval\">7 Tage<\/span>\n<div class=\"wpb_text_column wpb_content_element\" >\n\t<div class=\"wpb_wrapper\">\n\t\t<h6><a class=\"nectar-button n-sc-button large accent-color has-icon regular-button\"  href=\"https:\/\/sendapp.live\/de\/produkt\/sendapp-frei\/\" data-color-override=\"false\" data-hover-color-override=\"false\" data-hover-text-color-override=\"#fff\"><span>Download<\/span><i class=\"icon-button-arrow\"><\/i><\/a><\/h6>\n<h6><i class=\"icon-tiny fa fa-check accent-color\"><\/i> 20 automatisierte Nachrichten<\/h6>\n<h6><i class=\"icon-tiny fa fa-check accent-color\"><\/i> 7 Tage<\/h6>\n<h6><i class=\"icon-tiny fa fa-check accent-color\"><\/i> Adressbuch<\/h6>\n<h6><i class=\"icon-tiny fa fa-check accent-color\"><\/i> Sendebericht<\/h6>\n<h6><i class=\"icon-tiny fa fa-check accent-color\"><\/i> Automatische Antwort<\/h6>\n<h6><i class=\"icon-tiny fa fa-check accent-color\"><\/i> Bildarchiv<\/h6>\n<h6><i class=\"icon-tiny fa fa-check accent-color\"><\/i> Stockfoto kostenlos<\/h6>\n<h6><i class=\"icon-tiny fa fa-check accent-color\"><\/i> Bildbearbeitung<\/h6>\n<h6><del><i class=\"icon-tiny fa fa-check accent-color\"><\/i> Planung<\/del><\/h6>\n<h6><del><i class=\"icon-tiny fa fa-check accent-color\"><\/i>\u00a0 WhatsApp Gateway<\/del><\/h6>\n<h6><del><i class=\"icon-tiny fa fa-check accent-color\"><\/i>\u00a0 SMS Gateway<\/del><\/h6>\n<h6><del><i class=\"icon-tiny fa fa-check accent-color\"><\/i> WordPress Plugin<\/del><\/h6>\n<h6><del><i class=\"icon-tiny fa fa-check accent-color\"><\/i> Kundenbetreuung<\/del><\/h6>\n\t<\/div>\n<\/div>\n\n\n\n<\/div><\/div><div class=\"pricing-column no-highlight accent-color\">\n\t\t\t<h3>Pro<\/h3>\n          <div class=\"pricing-column-content\">\n\t\t\t<h4> <span class=\"dollar-sign\">\u20ac<\/span> 90 <\/h4>\n\t\t\t<span class=\"interval\">Einmalig<\/span>\n<div class=\"wpb_text_column wpb_content_element\" >\n\t<div class=\"wpb_wrapper\">\n\t\t<h6><a class=\"nectar-button n-sc-button large accent-color has-icon regular-button\"  href=\"https:\/\/sendapp.live\/de\/produkt\/sendapp-professional\/\" data-color-override=\"false\" data-hover-color-override=\"false\" data-hover-text-color-override=\"#fff\"><span>kaufen<\/span><i class=\"icon-button-arrow\"><\/i><\/a><\/h6>\n<h6><i class=\"icon-tiny fa fa-check accent-color\"><\/i> 200 automatisierte Nachrichten<\/h6>\n<h6><i class=\"icon-tiny fa fa-check accent-color\"><\/i> Unbegrenzte Laufzeit<\/h6>\n<h6><i class=\"icon-tiny fa fa-check accent-color\"><\/i> Adressbuch<\/h6>\n<h6><i class=\"icon-tiny fa fa-check accent-color\"><\/i> Sendebericht<\/h6>\n<h6><del><i class=\"icon-tiny fa fa-check accent-color\"><\/i> Automatische Antwort<\/del><\/h6>\n<h6><i class=\"icon-tiny fa fa-check accent-color\"><\/i> Bildarchiv<\/h6>\n<h6><i class=\"icon-tiny fa fa-check accent-color\"><\/i> Stockfoto kostenlos<\/h6>\n<h6><i class=\"icon-tiny fa fa-check accent-color\"><\/i> Bildbearbeitung<\/h6>\n<h6><del><i class=\"icon-tiny fa fa-check accent-color\"><\/i> Planung<\/del><\/h6>\n<h6><del><i class=\"icon-tiny fa fa-check accent-color\"><\/i>\u00a0WhatsApp Gateway<\/del><\/h6>\n<h6><del><i class=\"icon-tiny fa fa-check accent-color\"><\/i>\u00a0SMS Gateway<\/del><\/h6>\n<h6><del><i class=\"icon-tiny fa fa-check accent-color\"><\/i> WordPress Plugin<\/del><\/h6>\n<h6><i class=\"icon-tiny fa fa-check accent-color\"><\/i> Kundenbetreuung<\/h6>\n\t<\/div>\n<\/div>\n\n\n\n<\/div><\/div><div class=\"pricing-column highlight accent-color\">\n\t\t\t<h3>Business<span class=\"highlight-reason\">empfohlen<\/span><\/h3>\n          <div class=\"pricing-column-content\">\n\t\t\t<h4> <span class=\"dollar-sign\">\u20ac<\/span> 199 <\/h4>\n\t\t\t<span class=\"interval\">Einmalig<\/span>\n<div class=\"wpb_text_column wpb_content_element\" >\n\t<div class=\"wpb_wrapper\">\n\t\t<h6><a class=\"nectar-button n-sc-button large accent-color has-icon regular-button\"  href=\"https:\/\/sendapp.live\/de\/produkt\/sendapp-business\/\" data-color-override=\"false\" data-hover-color-override=\"false\" data-hover-text-color-override=\"#fff\"><span>kaufen<\/span><i class=\"icon-button-arrow\"><\/i><\/a><\/h6>\n<h6><i class=\"icon-tiny fa fa-check accent-color\"><\/i> Unbegrenzter Versand von Nachrichten<\/h6>\n<h6><i class=\"icon-tiny fa fa-check accent-color\"><\/i> Unbegrenzte Laufzeit<\/h6>\n<h6><i class=\"icon-tiny fa fa-check accent-color\"><\/i> Adressbuch<\/h6>\n<h6><i class=\"icon-tiny fa fa-check accent-color\"><\/i> Sendebericht<\/h6>\n<h6><i class=\"icon-tiny fa fa-check accent-color\"><\/i> Automatische Antwort<\/h6>\n<h6><i class=\"icon-tiny fa fa-check accent-color\"><\/i> Bildarchiv<\/h6>\n<h6><i class=\"icon-tiny fa fa-check accent-color\"><\/i> Stockfoto kostenlos<\/h6>\n<h6><i class=\"icon-tiny fa fa-check accent-color\"><\/i> Bildbearbeitung<\/h6>\n<h6><i class=\"icon-tiny fa fa-check accent-color\"><\/i> Planung<\/h6>\n<h6><del><i class=\"icon-tiny fa fa-check accent-color\"><\/i> WhatsApp Gateway<\/del><\/h6>\n<h6><i class=\"icon-tiny fa fa-check accent-color\"><\/i> SMS Gateway<\/h6>\n<h6><del><i class=\"icon-tiny fa fa-check accent-color\"><\/i> WordPress Plugin<\/del><\/h6>\n<h6><i class=\"icon-tiny fa fa-check accent-color\"><\/i> Kundenbetreuung<\/h6>\n\t<\/div>\n<\/div>\n\n\n\n<\/div><\/div><div class=\"pricing-column no-highlight accent-color\">\n\t\t\t<h3>Connect<\/h3>\n          <div class=\"pricing-column-content\">\n\t\t\t<h4> <span class=\"dollar-sign\">\u20ac<\/span> 299 <\/h4>\n\t\t\t<span class=\"interval\">Einmalig<\/span>\n<div class=\"wpb_text_column wpb_content_element\" >\n\t<div class=\"wpb_wrapper\">\n\t\t<h6><a class=\"nectar-button n-sc-button large accent-color has-icon regular-button\"  href=\"https:\/\/sendapp.live\/de\/produkt\/sendapp-web-connect\/\" data-color-override=\"false\" data-hover-color-override=\"false\" data-hover-text-color-override=\"#fff\"><span>kaufen<\/span><i class=\"icon-button-arrow\"><\/i><\/a><\/h6>\n<h6><i class=\"icon-tiny fa fa-check accent-color\"><\/i> Unbegrenzter Versand von Nachrichten<\/h6>\n<h6><i class=\"icon-tiny fa fa-check accent-color\"><\/i> Unbegrenzte Laufzeit<\/h6>\n<h6><i class=\"icon-tiny fa fa-check accent-color\"><\/i> Adressbuch<\/h6>\n<h6><i class=\"icon-tiny fa fa-check accent-color\"><\/i> Sendebericht<\/h6>\n<h6><i class=\"icon-tiny fa fa-check accent-color\"><\/i> Automatische Antwort<\/h6>\n<h6><i class=\"icon-tiny fa fa-check accent-color\"><\/i> Bildarchiv<\/h6>\n<h6><i class=\"icon-tiny fa fa-check accent-color\"><\/i> Stockfoto kostenlos<\/h6>\n<h6><i class=\"icon-tiny fa fa-check accent-color\"><\/i> Bildbearbeitung<\/h6>\n<h6><i class=\"icon-tiny fa fa-check accent-color\"><\/i> Planung<\/h6>\n<h6><i class=\"icon-tiny fa fa-check accent-color\"><\/i>\u00a0WhatsApp Gateway<\/h6>\n<h6><i class=\"icon-tiny fa fa-check accent-color\"><\/i>\u00a0SMS Gateway<\/h6>\n<h6><i class=\"icon-tiny fa fa-check accent-color\"><\/i> WordPress Plugin<\/h6>\n<h6><i class=\"icon-tiny fa fa-check accent-color\"><\/i> Kundenbetreuung<\/h6>\n\t<\/div>\n<\/div>\n\n\n\n<\/div><\/div><\/div>\n\t\t\t<\/div> \n\t\t<\/div>\n\t<\/div> \n<\/div><\/div>","protected":false},"excerpt":{"rendered":"Planen Sie WhatsApp-Nachrichten mit SendApp. In den letzten Jahren hat sich WhatsApp zu einer der am h\u00e4ufigsten genutzten Instant-Messaging-Plattformen der Welt entwickelt. Mit der wachsenden Bedeutung der digitalen Kommunikation in der Welt...","protected":false},"author":1,"featured_media":0,"parent":0,"menu_order":0,"comment_status":"closed","ping_status":"closed","template":"","meta":{"_daim_seo_power":"","_daim_enable_ail":"","footnotes":""},"class_list":["post-30103","page","type-page","status-publish"],"yoast_head":"<!-- This site is optimized with the Yoast SEO Premium plugin v27.5 (Yoast SEO v27.5) - https:\/\/yoast.com\/product\/yoast-seo-premium-wordpress\/ -->\n<title>Messaggi programmati WhatsApp con Sendapp<\/title>\n<meta name=\"description\" content=\"Messaggi programmati whatsapp. Effortlessly send bulk WhatsApp messages and automate your marketing campaigns with SendApp. Increase your reach and attract immediate interest.\" \/>\n<meta name=\"robots\" content=\"index, follow, max-snippet:-1, max-image-preview:large, max-video-preview:-1\" \/>\n<link rel=\"canonical\" href=\"https:\/\/sendapp.live\/de\/geplante-whatsapp-nachrichten\/\" \/>\n<meta property=\"og:locale\" content=\"de_DE\" \/>\n<meta property=\"og:type\" content=\"article\" \/>\n<meta property=\"og:title\" content=\"messaggi programmati whatsapp\" \/>\n<meta property=\"og:description\" content=\"Messaggi programmati whatsapp. Effortlessly send bulk WhatsApp messages and automate your marketing campaigns with SendApp. Increase your reach and attract immediate interest.\" \/>\n<meta property=\"og:url\" content=\"https:\/\/sendapp.live\/de\/geplante-whatsapp-nachrichten\/\" \/>\n<meta property=\"og:site_name\" content=\"SendApp - Software Whatsapp Marketing\" \/>\n<meta property=\"article:publisher\" content=\"https:\/\/www.facebook.com\/sendapp.live\" \/>\n<meta property=\"article:modified_time\" content=\"2024-11-18T15:58:56+00:00\" \/>\n<meta name=\"twitter:card\" content=\"summary_large_image\" \/>\n<meta name=\"twitter:site\" content=\"@sendapp_live\" \/>\n<meta name=\"twitter:label1\" content=\"Gesch\u00e4tzte Lesezeit\" \/>\n\t<meta name=\"twitter:data1\" content=\"6\u00a0Minuten\" \/>\n<script type=\"application\/ld+json\" class=\"yoast-schema-graph\">{\"@context\":\"https:\\\/\\\/schema.org\",\"@graph\":[{\"@type\":\"WebPage\",\"@id\":\"https:\\\/\\\/sendapp.live\\\/messaggi-programmati-whatsapp\\\/\",\"url\":\"https:\\\/\\\/sendapp.live\\\/messaggi-programmati-whatsapp\\\/\",\"name\":\"Messaggi programmati WhatsApp con Sendapp\",\"isPartOf\":{\"@id\":\"https:\\\/\\\/sendapp.live\\\/it\\\/#website\"},\"datePublished\":\"2024-06-20T17:30:54+00:00\",\"dateModified\":\"2024-11-18T15:58:56+00:00\",\"description\":\"Messaggi programmati whatsapp. Effortlessly send bulk WhatsApp messages and automate your marketing campaigns with SendApp. Increase your reach and attract immediate interest.\",\"breadcrumb\":{\"@id\":\"https:\\\/\\\/sendapp.live\\\/messaggi-programmati-whatsapp\\\/#breadcrumb\"},\"inLanguage\":\"de\",\"potentialAction\":[{\"@type\":\"ReadAction\",\"target\":[\"https:\\\/\\\/sendapp.live\\\/messaggi-programmati-whatsapp\\\/\"]}]},{\"@type\":\"BreadcrumbList\",\"@id\":\"https:\\\/\\\/sendapp.live\\\/messaggi-programmati-whatsapp\\\/#breadcrumb\",\"itemListElement\":[{\"@type\":\"ListItem\",\"position\":1,\"name\":\"Home\",\"item\":\"https:\\\/\\\/sendapp.live\\\/\"},{\"@type\":\"ListItem\",\"position\":2,\"name\":\"messaggi programmati whatsapp\"}]},{\"@type\":\"WebSite\",\"@id\":\"https:\\\/\\\/sendapp.live\\\/it\\\/#website\",\"url\":\"https:\\\/\\\/sendapp.live\\\/it\\\/\",\"name\":\"SendApp\",\"description\":\"Automate Your Messages &amp; Grow Your Business\",\"publisher\":{\"@id\":\"https:\\\/\\\/sendapp.live\\\/it\\\/#organization\"},\"alternateName\":\"SendApp WhatsApp Marketing\",\"potentialAction\":[{\"@type\":\"SearchAction\",\"target\":{\"@type\":\"EntryPoint\",\"urlTemplate\":\"https:\\\/\\\/sendapp.live\\\/it\\\/?s={search_term_string}\"},\"query-input\":{\"@type\":\"PropertyValueSpecification\",\"valueRequired\":true,\"valueName\":\"search_term_string\"}}],\"inLanguage\":\"de\"},{\"@type\":\"Organization\",\"@id\":\"https:\\\/\\\/sendapp.live\\\/it\\\/#organization\",\"name\":\"SendApp\",\"url\":\"https:\\\/\\\/sendapp.live\\\/it\\\/\",\"logo\":{\"@type\":\"ImageObject\",\"inLanguage\":\"de\",\"@id\":\"https:\\\/\\\/sendapp.live\\\/it\\\/#\\\/schema\\\/logo\\\/image\\\/\",\"url\":\"https:\\\/\\\/sendapp.live\\\/wp-content\\\/uploads\\\/2025\\\/04\\\/Logo-Sendapp-300x60-1.png\",\"contentUrl\":\"https:\\\/\\\/sendapp.live\\\/wp-content\\\/uploads\\\/2025\\\/04\\\/Logo-Sendapp-300x60-1.png\",\"width\":300,\"height\":60,\"caption\":\"SendApp\"},\"image\":{\"@id\":\"https:\\\/\\\/sendapp.live\\\/it\\\/#\\\/schema\\\/logo\\\/image\\\/\"},\"sameAs\":[\"https:\\\/\\\/www.facebook.com\\\/sendapp.live\",\"https:\\\/\\\/x.com\\\/sendapp_live\",\"https:\\\/\\\/www.instagram.com\\\/sendapp.live\",\"https:\\\/\\\/www.youtube.com\\\/channel\\\/UC2gaLpi0-OJLG4CFbOr6mLw\",\"https:\\\/\\\/it.trustpilot.com\\\/review\\\/sendapp.live\"],\"description\":\"Piattaforma italiana di WhatsApp Marketing con API ufficiali Meta. Assistente AI, campagne massive, SMS Gateway gratuito, Google Calendar, automazioni. Da \u20ac16\\\/mese senza markup sui messaggi.\",\"email\":\"info@sendapp.live\",\"foundingDate\":\"2016-07-25\"}]}<\/script>\n<!-- \/ Yoast SEO Premium plugin. -->","yoast_head_json":{"title":"Planen Sie WhatsApp-Nachrichten mit Sendapp","description":"Planen Sie WhatsApp-Nachrichten. Versenden Sie m\u00fchelos Massen-WhatsApp-Nachrichten und automatisieren Sie Ihre Marketingkampagnen mit SendApp. Erh\u00f6hen Sie Ihre Reichweite und wecken Sie sofort Interesse.","robots":{"index":"index","follow":"follow","max-snippet":"max-snippet:-1","max-image-preview":"max-image-preview:large","max-video-preview":"max-video-preview:-1"},"canonical":"https:\/\/sendapp.live\/de\/geplante-whatsapp-nachrichten\/","og_locale":"de_DE","og_type":"article","og_title":"messaggi programmati whatsapp","og_description":"Messaggi programmati whatsapp. Effortlessly send bulk WhatsApp messages and automate your marketing campaigns with SendApp. Increase your reach and attract immediate interest.","og_url":"https:\/\/sendapp.live\/de\/geplante-whatsapp-nachrichten\/","og_site_name":"SendApp - Software Whatsapp Marketing","article_publisher":"https:\/\/www.facebook.com\/sendapp.live","article_modified_time":"2024-11-18T15:58:56+00:00","twitter_card":"summary_large_image","twitter_site":"@sendapp_live","twitter_misc":{"Gesch\u00e4tzte Lesezeit":"6\u00a0Minuten"},"schema":{"@context":"https:\/\/schema.org","@graph":[{"@type":"WebPage","@id":"https:\/\/sendapp.live\/messaggi-programmati-whatsapp\/","url":"https:\/\/sendapp.live\/messaggi-programmati-whatsapp\/","name":"Planen Sie WhatsApp-Nachrichten mit Sendapp","isPartOf":{"@id":"https:\/\/sendapp.live\/it\/#website"},"datePublished":"2024-06-20T17:30:54+00:00","dateModified":"2024-11-18T15:58:56+00:00","description":"Planen Sie WhatsApp-Nachrichten. Versenden Sie m\u00fchelos Massen-WhatsApp-Nachrichten und automatisieren Sie Ihre Marketingkampagnen mit SendApp. Erh\u00f6hen Sie Ihre Reichweite und wecken Sie sofort Interesse.","breadcrumb":{"@id":"https:\/\/sendapp.live\/messaggi-programmati-whatsapp\/#breadcrumb"},"inLanguage":"de","potentialAction":[{"@type":"ReadAction","target":["https:\/\/sendapp.live\/messaggi-programmati-whatsapp\/"]}]},{"@type":"BreadcrumbList","@id":"https:\/\/sendapp.live\/messaggi-programmati-whatsapp\/#breadcrumb","itemListElement":[{"@type":"ListItem","position":1,"name":"Home","item":"https:\/\/sendapp.live\/"},{"@type":"ListItem","position":2,"name":"messaggi programmati whatsapp"}]},{"@type":"WebSite","@id":"https:\/\/sendapp.live\/it\/#website","url":"https:\/\/sendapp.live\/it\/","name":"SendApp","description":"Automatisieren Sie Ihre Nachrichten und steigern Sie Ihr Gesch\u00e4ft","publisher":{"@id":"https:\/\/sendapp.live\/it\/#organization"},"alternateName":"SendApp WhatsApp Marketing","potentialAction":[{"@type":"SearchAction","target":{"@type":"EntryPoint","urlTemplate":"https:\/\/sendapp.live\/it\/?s={search_term_string}"},"query-input":{"@type":"PropertyValueSpecification","valueRequired":true,"valueName":"search_term_string"}}],"inLanguage":"de"},{"@type":"Organization","@id":"https:\/\/sendapp.live\/it\/#organization","name":"SendApp","url":"https:\/\/sendapp.live\/it\/","logo":{"@type":"ImageObject","inLanguage":"de","@id":"https:\/\/sendapp.live\/it\/#\/schema\/logo\/image\/","url":"https:\/\/sendapp.live\/wp-content\/uploads\/2025\/04\/Logo-Sendapp-300x60-1.png","contentUrl":"https:\/\/sendapp.live\/wp-content\/uploads\/2025\/04\/Logo-Sendapp-300x60-1.png","width":300,"height":60,"caption":"SendApp"},"image":{"@id":"https:\/\/sendapp.live\/it\/#\/schema\/logo\/image\/"},"sameAs":["https:\/\/www.facebook.com\/sendapp.live","https:\/\/x.com\/sendapp_live","https:\/\/www.instagram.com\/sendapp.live","https:\/\/www.youtube.com\/channel\/UC2gaLpi0-OJLG4CFbOr6mLw","https:\/\/it.trustpilot.com\/review\/sendapp.live"],"description":"Italienische WhatsApp-Marketing-Plattform mit offizieller Meta-API. KI-Assistent, Massenkampagnen, kostenloses SMS-Gateway, Google Kalender, Automatisierungen. Ab 16 \u20ac\/Monat ohne Aufpreis f\u00fcr Nachrichten.","email":"info@sendapp.live","foundingDate":"2016-07-25"}]}},"_links":{"self":[{"href":"https:\/\/sendapp.live\/de\/wp-json\/wp\/v2\/pages\/30103","targetHints":{"allow":["GET"]}}],"collection":[{"href":"https:\/\/sendapp.live\/de\/wp-json\/wp\/v2\/pages"}],"about":[{"href":"https:\/\/sendapp.live\/de\/wp-json\/wp\/v2\/types\/page"}],"author":[{"embeddable":true,"href":"https:\/\/sendapp.live\/de\/wp-json\/wp\/v2\/users\/1"}],"replies":[{"embeddable":true,"href":"https:\/\/sendapp.live\/de\/wp-json\/wp\/v2\/comments?post=30103"}],"version-history":[{"count":5,"href":"https:\/\/sendapp.live\/de\/wp-json\/wp\/v2\/pages\/30103\/revisions"}],"predecessor-version":[{"id":30259,"href":"https:\/\/sendapp.live\/de\/wp-json\/wp\/v2\/pages\/30103\/revisions\/30259"}],"wp:attachment":[{"href":"https:\/\/sendapp.live\/de\/wp-json\/wp\/v2\/media?parent=30103"}],"curies":[{"name":"wp","href":"https:\/\/api.w.org\/{rel}","templated":true}]}}