{"id":30115,"date":"2024-06-20T19:36:38","date_gmt":"2024-06-20T17:36:38","guid":{"rendered":"https:\/\/sendapp.live\/?page_id=30115"},"modified":"2024-11-18T16:58:51","modified_gmt":"2024-11-18T15:58:51","slug":"versenden-von-massen-textnachrichten","status":"publish","type":"page","link":"https:\/\/sendapp.live\/de\/invio-sms-massivi\/","title":{"rendered":"Versenden von Massen-Textnachrichten"},"content":{"rendered":"<div id=\"fws_69fa251f9bbee\"  data-column-margin=\"default\" data-midnight=\"dark\" data-top-percent=\"5%\" data-bottom-percent=\"5%\"  class=\"wpb_row vc_row-fluid vc_row  right_padding_5pct left_padding_5pct\"  style=\"padding-top: calc(100vw * 0.05); padding-bottom: calc(100vw * 0.05); \"><div class=\"row-bg-wrap\" data-bg-animation=\"none\" data-bg-animation-delay=\"\" data-bg-overlay=\"false\"><div class=\"inner-wrap row-bg-layer\" ><div class=\"row-bg viewport-desktop\"  style=\"\"><\/div><\/div><\/div><div class=\"row_col_wrap_12 col span_12 dark left\">\n\t<div  class=\"vc_col-sm-12 wpb_column column_container vc_column_container col no-extra-padding inherit_tablet inherit_phone\"  data-padding-pos=\"all\" data-has-bg-color=\"false\" data-bg-color=\"\" data-bg-opacity=\"1\" data-animation=\"\" data-delay=\"0\" >\n\t\t<div class=\"vc_column-inner\" >\n\t\t\t<div class=\"wpb_wrapper\">\n\t\t\t\t<h1 style=\"font-size: 65px;color: #4b5b75;text-align: center;font-family:Raleway;font-weight:400;font-style:normal\" class=\"vc_custom_heading vc_do_custom_heading vc_custom_1718918326747\" >Versenden von Massentextnachrichten mit SendApp<\/h1>\n\t\t\t<\/div> \n\t\t<\/div>\n\t<\/div> \n<\/div><\/div>\n\t\t<div id=\"fws_69fa251f9c2ed\"  data-column-margin=\"default\" data-midnight=\"dark\"  class=\"wpb_row vc_row-fluid vc_row\"  style=\"padding-top: 0px; padding-bottom: 0px; \"><div class=\"row-bg-wrap\" data-bg-animation=\"none\" data-bg-animation-delay=\"\" data-bg-overlay=\"false\"><div class=\"inner-wrap row-bg-layer\" ><div class=\"row-bg viewport-desktop\"  style=\"\"><\/div><\/div><\/div><div class=\"row_col_wrap_12 col span_12 dark left\">\n\t<div  class=\"vc_col-sm-12 wpb_column column_container vc_column_container col no-extra-padding inherit_tablet inherit_phone\"  data-padding-pos=\"all\" data-has-bg-color=\"false\" data-bg-color=\"\" data-bg-opacity=\"1\" data-animation=\"\" data-delay=\"0\" >\n\t\t<div class=\"vc_column-inner\" >\n\t\t\t<div class=\"wpb_wrapper\">\n\t\t\t\t\n<div class=\"wpb_text_column wpb_content_element\" >\n\t<div class=\"wpb_wrapper\">\n\t\t<p>Der Massenversand von SMS erfreut sich bei Unternehmen, die schnell und effektiv mit ihren Kunden kommunizieren m\u00f6chten, zunehmender Beliebtheit. SendApp bietet sich als ideale L\u00f6sung f\u00fcr den schnellen und einfachen Versand von Massen-SMS an. In diesem Artikel stellen wir die Funktionen von SendApp und die Vorteile f\u00fcr Unternehmen vor, die ihre Kundenkommunikation verbessern m\u00f6chten.<\/p>\n<h2>Massen-SMS versenden: Die effektive L\u00f6sung von SendApp<\/h2>\n<p>SendApp ist eine Plattform, mit der Sie effizient Massen-SMS-Nachrichten an eine gro\u00dfe Anzahl von Empf\u00e4ngern versenden k\u00f6nnen. Dank der benutzerfreundlichen Oberfl\u00e4che und erweiterten Funktionen k\u00f6nnen Unternehmen ihre SMS-Kommunikationskampagnen effizient verwalten.<\/p>\n<h2>So senden Sie Massen-SMS mit SendApp<\/h2>\n<p>Um Massen-SMS mit SendApp zu versenden, erstellen Sie einfach ein Konto, laden Sie die Empf\u00e4ngerkontakte hoch, verfassen Sie die Nachricht und planen Sie sie. SendApp erm\u00f6glicht Ihnen au\u00dferdem, Nachrichten an die Kommunikationsanforderungen Ihres Unternehmens anzupassen.<\/p>\n<h2>SendApp: die Plattform zum Versenden von Massen-SMS<\/h2>\n<p>SendApp zeichnet sich durch die M\u00f6glichkeit aus, Massen-SMS zu versenden und so eine breite Reichweite und effektive Kommunikation mit den Empf\u00e4ngern zu gew\u00e4hrleisten. Dank der erweiterten Funktionen k\u00f6nnen Sie au\u00dferdem die Kampagnenleistung \u00fcberwachen und detaillierte Berichte zur Effektivit\u00e4t Ihrer Kommunikation erhalten.<\/p>\n<h2>Die Vorteile des Massen-SMS-Versands mit SendApp<\/h2>\n<p>Die Verwendung von SendApp f\u00fcr Massen-SMS-Nachrichten bietet zahlreiche Vorteile: h\u00f6here Kommunikationseffizienz, Zeit- und Ressourcenersparnis, Personalisierung der Nachrichten, Kampagnen\u00fcberwachung und detaillierte Berichte zur Kommunikationsleistung.<\/p>\n<h2>Senden Sie Massen-SMS ganz einfach mit SendApp<\/h2>\n<p>SendApp macht das Versenden von Massen-SMS-Nachrichten dank seiner intuitiven Benutzeroberfl\u00e4che und erweiterten Funktionen schnell und einfach, sodass Unternehmen ihre Kommunikationskampagnen besser verwalten k\u00f6nnen.<\/p>\n<h2>SendApp: die ideale L\u00f6sung zum Versenden von Massen-SMS-Nachrichten<\/h2>\n<p>SendApp hat sich als ideale Wahl f\u00fcr Unternehmen erwiesen, die schnell und effizient Massen-SMS versenden m\u00f6chten. Die hochmoderne Plattform erm\u00f6glicht es Ihnen, die Kundenkommunikation zu verbessern und signifikante Ergebnisse hinsichtlich des Engagements zu erzielen.<\/p>\n<h2>Verbessern Sie die Kommunikation mit Ihren Kunden dank SendApp<\/h2>\n<p>SendApp erm\u00f6glicht Unternehmen, die Kundenkommunikation durch den Versand personalisierter und zielgerichteter Textnachrichten zu verbessern. Dank der erweiterten Funktionen k\u00f6nnen Sie effektive Kommunikationskampagnen erstellen und sp\u00fcrbare Ergebnisse in Bezug auf Kundentreue und Kundenzufriedenheit erzielen.<\/p>\n<h2>Massen-SMS versenden: Die Erfolgsstrategie mit SendApp<\/h2>\n<p>Der Massenversand von SMS-Nachrichten mit SendApp hat sich als erfolgreiche Strategie f\u00fcr Unternehmen erwiesen, die effektiv mit ihren Kunden kommunizieren m\u00f6chten. Dank seiner erweiterten Funktionen und der einfachen Bedienung erm\u00f6glicht SendApp zudem signifikante Ergebnisse in Bezug auf Engagement und Conversions.<\/p>\n<h2>Verwalten Sie Ihre Massen-SMS-Kampagne besser mit SendApp<\/h2>\n<p>SendApp bietet Benutzern die M\u00f6glichkeit, ihre Massen-SMS-Kampagnen besser zu verwalten. Dies ist auf die intuitive Plattform und die erweiterten Funktionen zur\u00fcckzuf\u00fchren, mit denen sie den Kommunikationsverlauf \u00fcberwachen und greifbare Ergebnisse hinsichtlich der Konvertierungen erzielen k\u00f6nnen.<\/p>\n<h2>SendApp: die richtige Wahl f\u00fcr den Massenversand von SMS-Nachrichten<\/h2>\n<p>SendApp hat sich als die richtige Wahl f\u00fcr Unternehmen erwiesen, die schnell und effizient Massen-SMS versenden m\u00f6chten. Dank der hochmodernen Plattform und erweiterten Funktionen erm\u00f6glicht SendApp Ihnen, die Kundenkommunikation zu verbessern und signifikante Ergebnisse in Bezug auf Engagement und Kundenzufriedenheit zu erzielen.<\/p>\n<h2>Abschluss<\/h2>\n<p>Zusammenfassend erweist sich SendApp als ideale L\u00f6sung f\u00fcr Unternehmen, die ihre Kundenkommunikation durch Massen-SMS verbessern m\u00f6chten. Dank der erweiterten Funktionen und der Benutzerfreundlichkeit erm\u00f6glicht SendApp Ihnen die Erstellung effektiver Kommunikationskampagnen und die Erzielung sp\u00fcrbarer Ergebnisse in Bezug auf Engagement und Conversions. Wenn Sie Ihre Kundenkommunikationsstrategie optimieren m\u00f6chten, ist SendApp die richtige Wahl f\u00fcr Sie.<\/p>\n\t<\/div>\n<\/div>\n\n\n\n\n\t\t\t<\/div> \n\t\t<\/div>\n\t<\/div> \n<\/div><\/div>\n\t\t<div id=\"price\"  data-column-margin=\"default\" data-midnight=\"dark\" data-top-percent=\"4%\" data-bottom-percent=\"7%\"  class=\"wpb_row vc_row-fluid vc_row full-width-section\"  style=\"padding-top: calc(100vw * 0.04); padding-bottom: calc(100vw * 0.07); \"><div class=\"row-bg-wrap\" data-bg-animation=\"none\" data-bg-animation-delay=\"\" data-bg-overlay=\"false\"><div class=\"inner-wrap row-bg-layer\" ><div class=\"row-bg viewport-desktop\"  style=\"\"><\/div><\/div><\/div><div class=\"row_col_wrap_12 col span_12 dark left\">\n\t<div  class=\"vc_col-sm-12 wpb_column column_container vc_column_container col no-extra-padding inherit_tablet inherit_phone\"  data-padding-pos=\"all\" data-has-bg-color=\"false\" data-bg-color=\"\" data-bg-opacity=\"1\" data-animation=\"\" data-delay=\"0\" >\n\t\t<div class=\"vc_column-inner\" >\n\t\t\t<div class=\"wpb_wrapper\">\n\t\t\t\t<div id=\"fws_69fa251f9cb12\" data-midnight=\"\" data-column-margin=\"default\" class=\"wpb_row vc_row-fluid vc_row inner_row\"  style=\"\"><div class=\"row-bg-wrap\"> <div class=\"row-bg\" ><\/div> <\/div><div class=\"row_col_wrap_12_inner col span_12  left\">\n\t<div  class=\"vc_col-sm-12 wpb_column column_container vc_column_container col child_column centered-text has-animation no-extra-padding inherit_tablet inherit_phone\"   data-padding-pos=\"all\" data-has-bg-color=\"false\" data-bg-color=\"\" data-bg-opacity=\"1\" data-animation=\"fade-in\" data-delay=\"0\" >\n\t\t<div class=\"vc_column-inner\" >\n\t\t<div class=\"wpb_wrapper\">\n\t\t\t\n<div class=\"wpb_text_column wpb_content_element  vc_custom_1712152870190\" >\n\t<div class=\"wpb_wrapper\">\n\t\t<section class=\"main-section main-section-full main-section-slim\">\n<h1 class=\"row\">Einfache und transparente Preisgestaltung<\/h1>\n<h3 class=\"row\">Keine Geb\u00fchren und keine Kosten pro Nachricht.<\/h3>\n<p><span style=\"color: #999999;\">Der Preis variiert je nach den enthaltenen Funktionen und der Anzahl der automatischen Sendungen.<\/span><\/p>\n<\/section>\n\t<\/div>\n<\/div>\n\n\n\n\n\t\t<\/div> \n\t<\/div>\n\t<\/div> \n<\/div><\/div><div class=\"row pricing-table four-cols\" data-style=\"flat-alternative\"><div class=\"pricing-column no-highlight accent-color\">\n\t\t\t<h3>Free<\/h3>\n          <div class=\"pricing-column-content\">\n\t\t\t<h4> <span class=\"dollar-sign\">\u20ac<\/span> 0 <\/h4>\n\t\t\t<span class=\"interval\">7 Tage<\/span>\n<div class=\"wpb_text_column wpb_content_element\" >\n\t<div class=\"wpb_wrapper\">\n\t\t<h6><a class=\"nectar-button n-sc-button large accent-color has-icon regular-button\"  href=\"https:\/\/sendapp.live\/de\/produkt\/sendapp-frei\/\" data-color-override=\"false\" data-hover-color-override=\"false\" data-hover-text-color-override=\"#fff\"><span>Download<\/span><i class=\"icon-button-arrow\"><\/i><\/a><\/h6>\n<h6><i class=\"icon-tiny fa fa-check accent-color\"><\/i> 20 automatisierte Nachrichten<\/h6>\n<h6><i class=\"icon-tiny fa fa-check accent-color\"><\/i> 7 Tage<\/h6>\n<h6><i class=\"icon-tiny fa fa-check accent-color\"><\/i> Adressbuch<\/h6>\n<h6><i class=\"icon-tiny fa fa-check accent-color\"><\/i> Sendebericht<\/h6>\n<h6><i class=\"icon-tiny fa fa-check accent-color\"><\/i> Automatische Antwort<\/h6>\n<h6><i class=\"icon-tiny fa fa-check accent-color\"><\/i> Bildarchiv<\/h6>\n<h6><i class=\"icon-tiny fa fa-check accent-color\"><\/i> Stockfoto kostenlos<\/h6>\n<h6><i class=\"icon-tiny fa fa-check accent-color\"><\/i> Bildbearbeitung<\/h6>\n<h6><del><i class=\"icon-tiny fa fa-check accent-color\"><\/i> Planung<\/del><\/h6>\n<h6><del><i class=\"icon-tiny fa fa-check accent-color\"><\/i>\u00a0 WhatsApp Gateway<\/del><\/h6>\n<h6><del><i class=\"icon-tiny fa fa-check accent-color\"><\/i>\u00a0 SMS Gateway<\/del><\/h6>\n<h6><del><i class=\"icon-tiny fa fa-check accent-color\"><\/i> WordPress Plugin<\/del><\/h6>\n<h6><del><i class=\"icon-tiny fa fa-check accent-color\"><\/i> Kundenbetreuung<\/del><\/h6>\n\t<\/div>\n<\/div>\n\n\n\n<\/div><\/div><div class=\"pricing-column no-highlight accent-color\">\n\t\t\t<h3>Pro<\/h3>\n          <div class=\"pricing-column-content\">\n\t\t\t<h4> <span class=\"dollar-sign\">\u20ac<\/span> 90 <\/h4>\n\t\t\t<span class=\"interval\">Einmalig<\/span>\n<div class=\"wpb_text_column wpb_content_element\" >\n\t<div class=\"wpb_wrapper\">\n\t\t<h6><a class=\"nectar-button n-sc-button large accent-color has-icon regular-button\"  href=\"https:\/\/sendapp.live\/de\/produkt\/sendapp-professional\/\" data-color-override=\"false\" data-hover-color-override=\"false\" data-hover-text-color-override=\"#fff\"><span>kaufen<\/span><i class=\"icon-button-arrow\"><\/i><\/a><\/h6>\n<h6><i class=\"icon-tiny fa fa-check accent-color\"><\/i> 200 automatisierte Nachrichten<\/h6>\n<h6><i class=\"icon-tiny fa fa-check accent-color\"><\/i> Unbegrenzte Laufzeit<\/h6>\n<h6><i class=\"icon-tiny fa fa-check accent-color\"><\/i> Adressbuch<\/h6>\n<h6><i class=\"icon-tiny fa fa-check accent-color\"><\/i> Sendebericht<\/h6>\n<h6><del><i class=\"icon-tiny fa fa-check accent-color\"><\/i> Automatische Antwort<\/del><\/h6>\n<h6><i class=\"icon-tiny fa fa-check accent-color\"><\/i> Bildarchiv<\/h6>\n<h6><i class=\"icon-tiny fa fa-check accent-color\"><\/i> Stockfoto kostenlos<\/h6>\n<h6><i class=\"icon-tiny fa fa-check accent-color\"><\/i> Bildbearbeitung<\/h6>\n<h6><del><i class=\"icon-tiny fa fa-check accent-color\"><\/i> Planung<\/del><\/h6>\n<h6><del><i class=\"icon-tiny fa fa-check accent-color\"><\/i>\u00a0WhatsApp Gateway<\/del><\/h6>\n<h6><del><i class=\"icon-tiny fa fa-check accent-color\"><\/i>\u00a0SMS Gateway<\/del><\/h6>\n<h6><del><i class=\"icon-tiny fa fa-check accent-color\"><\/i> WordPress Plugin<\/del><\/h6>\n<h6><i class=\"icon-tiny fa fa-check accent-color\"><\/i> Kundenbetreuung<\/h6>\n\t<\/div>\n<\/div>\n\n\n\n<\/div><\/div><div class=\"pricing-column highlight accent-color\">\n\t\t\t<h3>Business<span class=\"highlight-reason\">empfohlen<\/span><\/h3>\n          <div class=\"pricing-column-content\">\n\t\t\t<h4> <span class=\"dollar-sign\">\u20ac<\/span> 199 <\/h4>\n\t\t\t<span class=\"interval\">Einmalig<\/span>\n<div class=\"wpb_text_column wpb_content_element\" >\n\t<div class=\"wpb_wrapper\">\n\t\t<h6><a class=\"nectar-button n-sc-button large accent-color has-icon regular-button\"  href=\"https:\/\/sendapp.live\/de\/produkt\/sendapp-business\/\" data-color-override=\"false\" data-hover-color-override=\"false\" data-hover-text-color-override=\"#fff\"><span>kaufen<\/span><i class=\"icon-button-arrow\"><\/i><\/a><\/h6>\n<h6><i class=\"icon-tiny fa fa-check accent-color\"><\/i> Unbegrenzter Versand von Nachrichten<\/h6>\n<h6><i class=\"icon-tiny fa fa-check accent-color\"><\/i> Unbegrenzte Laufzeit<\/h6>\n<h6><i class=\"icon-tiny fa fa-check accent-color\"><\/i> Adressbuch<\/h6>\n<h6><i class=\"icon-tiny fa fa-check accent-color\"><\/i> Sendebericht<\/h6>\n<h6><i class=\"icon-tiny fa fa-check accent-color\"><\/i> Automatische Antwort<\/h6>\n<h6><i class=\"icon-tiny fa fa-check accent-color\"><\/i> Bildarchiv<\/h6>\n<h6><i class=\"icon-tiny fa fa-check accent-color\"><\/i> Stockfoto kostenlos<\/h6>\n<h6><i class=\"icon-tiny fa fa-check accent-color\"><\/i> Bildbearbeitung<\/h6>\n<h6><i class=\"icon-tiny fa fa-check accent-color\"><\/i> Planung<\/h6>\n<h6><del><i class=\"icon-tiny fa fa-check accent-color\"><\/i> WhatsApp Gateway<\/del><\/h6>\n<h6><i class=\"icon-tiny fa fa-check accent-color\"><\/i> SMS Gateway<\/h6>\n<h6><del><i class=\"icon-tiny fa fa-check accent-color\"><\/i> WordPress Plugin<\/del><\/h6>\n<h6><i class=\"icon-tiny fa fa-check accent-color\"><\/i> Kundenbetreuung<\/h6>\n\t<\/div>\n<\/div>\n\n\n\n<\/div><\/div><div class=\"pricing-column no-highlight accent-color\">\n\t\t\t<h3>Connect<\/h3>\n          <div class=\"pricing-column-content\">\n\t\t\t<h4> <span class=\"dollar-sign\">\u20ac<\/span> 299 <\/h4>\n\t\t\t<span class=\"interval\">Einmalig<\/span>\n<div class=\"wpb_text_column wpb_content_element\" >\n\t<div class=\"wpb_wrapper\">\n\t\t<h6><a class=\"nectar-button n-sc-button large accent-color has-icon regular-button\"  href=\"https:\/\/sendapp.live\/de\/produkt\/sendapp-web-connect\/\" data-color-override=\"false\" data-hover-color-override=\"false\" data-hover-text-color-override=\"#fff\"><span>kaufen<\/span><i class=\"icon-button-arrow\"><\/i><\/a><\/h6>\n<h6><i class=\"icon-tiny fa fa-check accent-color\"><\/i> Unbegrenzter Versand von Nachrichten<\/h6>\n<h6><i class=\"icon-tiny fa fa-check accent-color\"><\/i> Unbegrenzte Laufzeit<\/h6>\n<h6><i class=\"icon-tiny fa fa-check accent-color\"><\/i> Adressbuch<\/h6>\n<h6><i class=\"icon-tiny fa fa-check accent-color\"><\/i> Sendebericht<\/h6>\n<h6><i class=\"icon-tiny fa fa-check accent-color\"><\/i> Automatische Antwort<\/h6>\n<h6><i class=\"icon-tiny fa fa-check accent-color\"><\/i> Bildarchiv<\/h6>\n<h6><i class=\"icon-tiny fa fa-check accent-color\"><\/i> Stockfoto kostenlos<\/h6>\n<h6><i class=\"icon-tiny fa fa-check accent-color\"><\/i> Bildbearbeitung<\/h6>\n<h6><i class=\"icon-tiny fa fa-check accent-color\"><\/i> Planung<\/h6>\n<h6><i class=\"icon-tiny fa fa-check accent-color\"><\/i>\u00a0WhatsApp Gateway<\/h6>\n<h6><i class=\"icon-tiny fa fa-check accent-color\"><\/i>\u00a0SMS Gateway<\/h6>\n<h6><i class=\"icon-tiny fa fa-check accent-color\"><\/i> WordPress Plugin<\/h6>\n<h6><i class=\"icon-tiny fa fa-check accent-color\"><\/i> Kundenbetreuung<\/h6>\n\t<\/div>\n<\/div>\n\n\n\n<\/div><\/div><\/div>\n\t\t\t<\/div> \n\t\t<\/div>\n\t<\/div> \n<\/div><\/div>","protected":false},"excerpt":{"rendered":"Massen-SMS-Versand mit SendApp Der Massen-SMS-Versand ist f\u00fcr Unternehmen, die schnell und effektiv mit ihren Kunden kommunizieren m\u00f6chten, zu einer immer beliebteren Strategie geworden.","protected":false},"author":1,"featured_media":0,"parent":0,"menu_order":0,"comment_status":"closed","ping_status":"closed","template":"","meta":{"_daim_seo_power":"","_daim_enable_ail":"","footnotes":""},"class_list":["post-30115","page","type-page","status-publish"],"yoast_head":"<!-- This site is optimized with the Yoast SEO Premium plugin v27.5 (Yoast SEO v27.5) - https:\/\/yoast.com\/product\/yoast-seo-premium-wordpress\/ -->\n<title>Invio sms massivi con SendApp<\/title>\n<meta name=\"description\" content=\"Invio sms massivi. Unlock the potential of SendApp for marketing success. Send personalized messages with text, images, emoji, video, and links to attract immediate interest.\" \/>\n<meta name=\"robots\" content=\"index, follow, max-snippet:-1, max-image-preview:large, max-video-preview:-1\" \/>\n<link rel=\"canonical\" href=\"https:\/\/sendapp.live\/de\/versenden-von-massen-textnachrichten\/\" \/>\n<meta property=\"og:locale\" content=\"de_DE\" \/>\n<meta property=\"og:type\" content=\"article\" \/>\n<meta property=\"og:title\" content=\"invio sms massivi\" \/>\n<meta property=\"og:description\" content=\"Invio sms massivi. Unlock the potential of SendApp for marketing success. Send personalized messages with text, images, emoji, video, and links to attract immediate interest.\" \/>\n<meta property=\"og:url\" content=\"https:\/\/sendapp.live\/de\/versenden-von-massen-textnachrichten\/\" \/>\n<meta property=\"og:site_name\" content=\"SendApp - Software Whatsapp Marketing\" \/>\n<meta property=\"article:publisher\" content=\"https:\/\/www.facebook.com\/sendapp.live\" \/>\n<meta property=\"article:modified_time\" content=\"2024-11-18T15:58:51+00:00\" \/>\n<meta name=\"twitter:card\" content=\"summary_large_image\" \/>\n<meta name=\"twitter:site\" content=\"@sendapp_live\" \/>\n<meta name=\"twitter:label1\" content=\"Gesch\u00e4tzte Lesezeit\" \/>\n\t<meta name=\"twitter:data1\" content=\"6\u00a0Minuten\" \/>\n<script type=\"application\/ld+json\" class=\"yoast-schema-graph\">{\"@context\":\"https:\\\/\\\/schema.org\",\"@graph\":[{\"@type\":\"WebPage\",\"@id\":\"https:\\\/\\\/sendapp.live\\\/invio-sms-massivi\\\/\",\"url\":\"https:\\\/\\\/sendapp.live\\\/invio-sms-massivi\\\/\",\"name\":\"Invio sms massivi con SendApp\",\"isPartOf\":{\"@id\":\"https:\\\/\\\/sendapp.live\\\/it\\\/#website\"},\"datePublished\":\"2024-06-20T17:36:38+00:00\",\"dateModified\":\"2024-11-18T15:58:51+00:00\",\"description\":\"Invio sms massivi. Unlock the potential of SendApp for marketing success. Send personalized messages with text, images, emoji, video, and links to attract immediate interest.\",\"breadcrumb\":{\"@id\":\"https:\\\/\\\/sendapp.live\\\/invio-sms-massivi\\\/#breadcrumb\"},\"inLanguage\":\"de\",\"potentialAction\":[{\"@type\":\"ReadAction\",\"target\":[\"https:\\\/\\\/sendapp.live\\\/invio-sms-massivi\\\/\"]}]},{\"@type\":\"BreadcrumbList\",\"@id\":\"https:\\\/\\\/sendapp.live\\\/invio-sms-massivi\\\/#breadcrumb\",\"itemListElement\":[{\"@type\":\"ListItem\",\"position\":1,\"name\":\"Home\",\"item\":\"https:\\\/\\\/sendapp.live\\\/\"},{\"@type\":\"ListItem\",\"position\":2,\"name\":\"invio sms massivi\"}]},{\"@type\":\"WebSite\",\"@id\":\"https:\\\/\\\/sendapp.live\\\/it\\\/#website\",\"url\":\"https:\\\/\\\/sendapp.live\\\/it\\\/\",\"name\":\"SendApp\",\"description\":\"Automate Your Messages &amp; Grow Your Business\",\"publisher\":{\"@id\":\"https:\\\/\\\/sendapp.live\\\/it\\\/#organization\"},\"alternateName\":\"SendApp WhatsApp Marketing\",\"potentialAction\":[{\"@type\":\"SearchAction\",\"target\":{\"@type\":\"EntryPoint\",\"urlTemplate\":\"https:\\\/\\\/sendapp.live\\\/it\\\/?s={search_term_string}\"},\"query-input\":{\"@type\":\"PropertyValueSpecification\",\"valueRequired\":true,\"valueName\":\"search_term_string\"}}],\"inLanguage\":\"de\"},{\"@type\":\"Organization\",\"@id\":\"https:\\\/\\\/sendapp.live\\\/it\\\/#organization\",\"name\":\"SendApp\",\"url\":\"https:\\\/\\\/sendapp.live\\\/it\\\/\",\"logo\":{\"@type\":\"ImageObject\",\"inLanguage\":\"de\",\"@id\":\"https:\\\/\\\/sendapp.live\\\/it\\\/#\\\/schema\\\/logo\\\/image\\\/\",\"url\":\"https:\\\/\\\/sendapp.live\\\/wp-content\\\/uploads\\\/2025\\\/04\\\/Logo-Sendapp-300x60-1.png\",\"contentUrl\":\"https:\\\/\\\/sendapp.live\\\/wp-content\\\/uploads\\\/2025\\\/04\\\/Logo-Sendapp-300x60-1.png\",\"width\":300,\"height\":60,\"caption\":\"SendApp\"},\"image\":{\"@id\":\"https:\\\/\\\/sendapp.live\\\/it\\\/#\\\/schema\\\/logo\\\/image\\\/\"},\"sameAs\":[\"https:\\\/\\\/www.facebook.com\\\/sendapp.live\",\"https:\\\/\\\/x.com\\\/sendapp_live\",\"https:\\\/\\\/www.instagram.com\\\/sendapp.live\",\"https:\\\/\\\/www.youtube.com\\\/channel\\\/UC2gaLpi0-OJLG4CFbOr6mLw\",\"https:\\\/\\\/it.trustpilot.com\\\/review\\\/sendapp.live\"],\"description\":\"Piattaforma italiana di WhatsApp Marketing con API ufficiali Meta. Assistente AI, campagne massive, SMS Gateway gratuito, Google Calendar, automazioni. Da \u20ac16\\\/mese senza markup sui messaggi.\",\"email\":\"info@sendapp.live\",\"foundingDate\":\"2016-07-25\"}]}<\/script>\n<!-- \/ Yoast SEO Premium plugin. -->","yoast_head_json":{"title":"Versenden von Massentextnachrichten mit SendApp","description":"Senden Sie Massen-Textnachrichten. Sch\u00f6pfen Sie das Potenzial von SendApp f\u00fcr Ihren Marketingerfolg aus. Senden Sie personalisierte Nachrichten mit Text, Bildern, Emoji, Videos und Links, um sofortiges Interesse zu wecken.","robots":{"index":"index","follow":"follow","max-snippet":"max-snippet:-1","max-image-preview":"max-image-preview:large","max-video-preview":"max-video-preview:-1"},"canonical":"https:\/\/sendapp.live\/de\/versenden-von-massen-textnachrichten\/","og_locale":"de_DE","og_type":"article","og_title":"invio sms massivi","og_description":"Invio sms massivi. Unlock the potential of SendApp for marketing success. Send personalized messages with text, images, emoji, video, and links to attract immediate interest.","og_url":"https:\/\/sendapp.live\/de\/versenden-von-massen-textnachrichten\/","og_site_name":"SendApp - Software Whatsapp Marketing","article_publisher":"https:\/\/www.facebook.com\/sendapp.live","article_modified_time":"2024-11-18T15:58:51+00:00","twitter_card":"summary_large_image","twitter_site":"@sendapp_live","twitter_misc":{"Gesch\u00e4tzte Lesezeit":"6\u00a0Minuten"},"schema":{"@context":"https:\/\/schema.org","@graph":[{"@type":"WebPage","@id":"https:\/\/sendapp.live\/invio-sms-massivi\/","url":"https:\/\/sendapp.live\/invio-sms-massivi\/","name":"Versenden von Massentextnachrichten mit SendApp","isPartOf":{"@id":"https:\/\/sendapp.live\/it\/#website"},"datePublished":"2024-06-20T17:36:38+00:00","dateModified":"2024-11-18T15:58:51+00:00","description":"Senden Sie Massen-Textnachrichten. Sch\u00f6pfen Sie das Potenzial von SendApp f\u00fcr Ihren Marketingerfolg aus. Senden Sie personalisierte Nachrichten mit Text, Bildern, Emoji, Videos und Links, um sofortiges Interesse zu wecken.","breadcrumb":{"@id":"https:\/\/sendapp.live\/invio-sms-massivi\/#breadcrumb"},"inLanguage":"de","potentialAction":[{"@type":"ReadAction","target":["https:\/\/sendapp.live\/invio-sms-massivi\/"]}]},{"@type":"BreadcrumbList","@id":"https:\/\/sendapp.live\/invio-sms-massivi\/#breadcrumb","itemListElement":[{"@type":"ListItem","position":1,"name":"Home","item":"https:\/\/sendapp.live\/"},{"@type":"ListItem","position":2,"name":"invio sms massivi"}]},{"@type":"WebSite","@id":"https:\/\/sendapp.live\/it\/#website","url":"https:\/\/sendapp.live\/it\/","name":"SendApp","description":"Automatisieren Sie Ihre Nachrichten und steigern Sie Ihr Gesch\u00e4ft","publisher":{"@id":"https:\/\/sendapp.live\/it\/#organization"},"alternateName":"SendApp WhatsApp Marketing","potentialAction":[{"@type":"SearchAction","target":{"@type":"EntryPoint","urlTemplate":"https:\/\/sendapp.live\/it\/?s={search_term_string}"},"query-input":{"@type":"PropertyValueSpecification","valueRequired":true,"valueName":"search_term_string"}}],"inLanguage":"de"},{"@type":"Organization","@id":"https:\/\/sendapp.live\/it\/#organization","name":"SendApp","url":"https:\/\/sendapp.live\/it\/","logo":{"@type":"ImageObject","inLanguage":"de","@id":"https:\/\/sendapp.live\/it\/#\/schema\/logo\/image\/","url":"https:\/\/sendapp.live\/wp-content\/uploads\/2025\/04\/Logo-Sendapp-300x60-1.png","contentUrl":"https:\/\/sendapp.live\/wp-content\/uploads\/2025\/04\/Logo-Sendapp-300x60-1.png","width":300,"height":60,"caption":"SendApp"},"image":{"@id":"https:\/\/sendapp.live\/it\/#\/schema\/logo\/image\/"},"sameAs":["https:\/\/www.facebook.com\/sendapp.live","https:\/\/x.com\/sendapp_live","https:\/\/www.instagram.com\/sendapp.live","https:\/\/www.youtube.com\/channel\/UC2gaLpi0-OJLG4CFbOr6mLw","https:\/\/it.trustpilot.com\/review\/sendapp.live"],"description":"Italienische WhatsApp-Marketing-Plattform mit offizieller Meta-API. KI-Assistent, Massenkampagnen, kostenloses SMS-Gateway, Google Kalender, Automatisierungen. Ab 16 \u20ac\/Monat ohne Aufpreis f\u00fcr Nachrichten.","email":"info@sendapp.live","foundingDate":"2016-07-25"}]}},"_links":{"self":[{"href":"https:\/\/sendapp.live\/de\/wp-json\/wp\/v2\/pages\/30115","targetHints":{"allow":["GET"]}}],"collection":[{"href":"https:\/\/sendapp.live\/de\/wp-json\/wp\/v2\/pages"}],"about":[{"href":"https:\/\/sendapp.live\/de\/wp-json\/wp\/v2\/types\/page"}],"author":[{"embeddable":true,"href":"https:\/\/sendapp.live\/de\/wp-json\/wp\/v2\/users\/1"}],"replies":[{"embeddable":true,"href":"https:\/\/sendapp.live\/de\/wp-json\/wp\/v2\/comments?post=30115"}],"version-history":[{"count":13,"href":"https:\/\/sendapp.live\/de\/wp-json\/wp\/v2\/pages\/30115\/revisions"}],"predecessor-version":[{"id":30252,"href":"https:\/\/sendapp.live\/de\/wp-json\/wp\/v2\/pages\/30115\/revisions\/30252"}],"wp:attachment":[{"href":"https:\/\/sendapp.live\/de\/wp-json\/wp\/v2\/media?parent=30115"}],"curies":[{"name":"wp","href":"https:\/\/api.w.org\/{rel}","templated":true}]}}