{"id":30118,"date":"2024-06-20T19:37:41","date_gmt":"2024-06-20T17:37:41","guid":{"rendered":"https:\/\/sendapp.live\/?page_id=30118"},"modified":"2024-11-18T16:58:20","modified_gmt":"2024-11-18T15:58:20","slug":"whatsapp-cloud-api","status":"publish","type":"page","link":"https:\/\/sendapp.live\/de\/api-cloud-whatsapp\/","title":{"rendered":"WhatsApp Cloud-API"},"content":{"rendered":"<div id=\"fws_69d7294febde4\"  data-column-margin=\"default\" data-midnight=\"dark\" data-top-percent=\"5%\" data-bottom-percent=\"5%\"  class=\"wpb_row vc_row-fluid vc_row  right_padding_5pct left_padding_5pct\"  style=\"padding-top: calc(100vw * 0.05); padding-bottom: calc(100vw * 0.05); \"><div class=\"row-bg-wrap\" data-bg-animation=\"none\" data-bg-animation-delay=\"\" data-bg-overlay=\"false\"><div class=\"inner-wrap row-bg-layer\" ><div class=\"row-bg viewport-desktop\"  style=\"\"><\/div><\/div><\/div><div class=\"row_col_wrap_12 col span_12 dark left\">\n\t<div  class=\"vc_col-sm-12 wpb_column column_container vc_column_container col no-extra-padding inherit_tablet inherit_phone\"  data-padding-pos=\"all\" data-has-bg-color=\"false\" data-bg-color=\"\" data-bg-opacity=\"1\" data-animation=\"\" data-delay=\"0\" >\n\t\t<div class=\"vc_column-inner\" >\n\t\t\t<div class=\"wpb_wrapper\">\n\t\t\t\t<h2 style=\"font-size: 65px;color: #4b5b75;text-align: center;font-family:Raleway;font-weight:400;font-style:normal\" class=\"vc_custom_heading vc_do_custom_heading vc_custom_1720954643920\" >WhatsApp Cloud API mit SendApp<\/h2>\n\t\t\t<\/div> \n\t\t<\/div>\n\t<\/div> \n<\/div><\/div>\n\t\t<div id=\"fws_69d7294fec44e\"  data-column-margin=\"default\" data-midnight=\"dark\"  class=\"wpb_row vc_row-fluid vc_row\"  style=\"padding-top: 0px; padding-bottom: 0px; \"><div class=\"row-bg-wrap\" data-bg-animation=\"none\" data-bg-animation-delay=\"\" data-bg-overlay=\"false\"><div class=\"inner-wrap row-bg-layer\" ><div class=\"row-bg viewport-desktop\"  style=\"\"><\/div><\/div><\/div><div class=\"row_col_wrap_12 col span_12 dark left\">\n\t<div  class=\"vc_col-sm-12 wpb_column column_container vc_column_container col no-extra-padding inherit_tablet inherit_phone\"  data-padding-pos=\"all\" data-has-bg-color=\"false\" data-bg-color=\"\" data-bg-opacity=\"1\" data-animation=\"\" data-delay=\"0\" >\n\t\t<div class=\"vc_column-inner\" >\n\t\t\t<div class=\"wpb_wrapper\">\n\t\t\t\t\n<div class=\"wpb_text_column wpb_content_element\" >\n\t<div class=\"wpb_wrapper\">\n\t\t<p>Die Nutzung von Cloud-APIs zur Integration von WhatsApp in Unternehmenskommunikationsstrategien erfreut sich zunehmender Beliebtheit, da sie eine gro\u00dfe Zielgruppe direkt und personalisiert erreichen. SendApp zeichnet sich dabei als vielseitiges und zuverl\u00e4ssiges Tool f\u00fcr die effiziente und sichere Verwaltung von WhatsApp-Marketingkampagnen aus. In diesem Artikel untersuchen wir die Vorteile und Funktionen der WhatsApp Cloud API mit SendApp.<\/p>\n<h2>Einf\u00fchrung in die WhatsApp Cloud API mit SendApp<\/h2>\n<p>SendApp ist eine Plattform, die es Unternehmen erm\u00f6glicht, Nachrichten und Mitteilungen automatisch \u00fcber WhatsApp zu versenden und so die Effizienz und Personalisierung von Marketingkampagnen zu verbessern. Dank der Integration mit der Cloud-API bietet SendApp eine umfassende und hochgradig anpassbare Erfahrung f\u00fcr die Verwaltung von Kundeninteraktionen \u00fcber WhatsApp.<\/p>\n<h2>Vorteile der Verwendung von SendApp f\u00fcr WhatsApp<\/h2>\n<p>SendApp bietet zahlreiche Vorteile bei der Verwendung von WhatsApp als Gesch\u00e4ftskommunikationskanal, darunter die M\u00f6glichkeit, personalisierte Nachrichten zu senden, Broadcast-Listen zu verwalten, die Kampagnenleistung zu \u00fcberwachen und die Datensicherheit und DSGVO-Konformit\u00e4t sicherzustellen.<\/p>\n<h2>So funktioniert die Cloud-API-Integration<\/h2>\n<p>Durch die Integration mit der Cloud-API kann SendApp auf die erweiterten Funktionen von WhatsApp zugreifen und Nutzern ein umfassendes Marketingkampagnenmanagement bieten. Diese Integration erm\u00f6glicht es Unternehmen, Kundeninteraktionen auf WhatsApp effizient und skalierbar zu automatisieren und zu optimieren.<\/p>\n<h2>Personalisieren von Nachrichten mit SendApp<\/h2>\n<p>Mit SendApp k\u00f6nnen Unternehmen \u00fcber WhatsApp gesendete Nachrichten basierend auf den Pr\u00e4ferenzen und dem Verhalten der Empf\u00e4nger personalisieren. Dies verbessert das Engagement und erh\u00f6ht die Effektivit\u00e4t von Marketingkampagnen und sorgt f\u00fcr ein ansprechenderes und personalisiertes Benutzererlebnis.<\/p>\n<h2>Verwalten von Kontakten und Broadcast-Listen<\/h2>\n<p>SendApp bietet erweiterte Tools zur Verwaltung von Kontakten und Broadcast-Listen auf WhatsApp. Unternehmen k\u00f6nnen ihre Kontakte nach bestimmten Kriterien segmentieren und gezielte und relevante Nachrichten versenden. Dies f\u00f6rdert eine effektivere und personalisierte Kommunikation mit Kunden.<\/p>\n<h2>\u00dcberwachung der Kampagnenleistung<\/h2>\n<p>SendApp bietet erweiterte Analyse- und Berichtstools zur \u00dcberwachung der Leistung von WhatsApp-Marketingkampagnen. So k\u00f6nnen Unternehmen die Effektivit\u00e4t ihrer Strategien bewerten und in Echtzeit Verbesserungen vornehmen. Dies tr\u00e4gt zur Optimierung der Ergebnisse und Maximierung des Return on Investment bei.<\/p>\n<h2>Sicherheit und DSGVO-Konformit\u00e4t<\/h2>\n<p>SendApp garantiert maximale Datensicherheit und DSGVO-Konformit\u00e4t, sch\u00fctzt die pers\u00f6nlichen Daten der Kunden und gew\u00e4hrleistet Transparenz und Respekt f\u00fcr die Privatsph\u00e4re. Dies ist unerl\u00e4sslich, um Vertrauen bei den Kunden aufzubauen und rechtliche und Reputationsrisiken f\u00fcr das Unternehmen zu vermeiden.<\/p>\n<h2>Kosten und verf\u00fcgbare Pl\u00e4ne f\u00fcr die Verwendung von SendApp<\/h2>\n<p>SendApp bietet verschiedene Tarife und Preisoptionen f\u00fcr seine Dienste an, sodass Unternehmen die L\u00f6sung w\u00e4hlen k\u00f6nnen, die ihren Anforderungen und ihrem Budget am besten entspricht. Die Tarife sind flexibel und skalierbar, sodass Sie Ihre Ausgaben an Ihre Bed\u00fcrfnisse und Marketingziele anpassen k\u00f6nnen.<\/p>\n<h2>Erfahrungsberichte von Unternehmen, die SendApp verwendet haben<\/h2>\n<p>Zahlreiche Unternehmen haben bereits die Vorteile der Nutzung von SendApp f\u00fcr die Verwaltung ihrer WhatsApp-Marketingkampagnen erlebt und positive Ergebnisse in Bezug auf Engagement, Conversions und Kundenbindung erzielt. Die Erfahrungsberichte dieser Unternehmen best\u00e4tigen die Effektivit\u00e4t und Zuverl\u00e4ssigkeit von SendApp als Tool f\u00fcr die Unternehmenskommunikation.<\/p>\n<h2>Testen Sie die WhatsApp Cloud API kostenlos mit SendApp<\/h2>\n<p>SendApp bietet eine zeitlich begrenzte kostenlose Testversion der WhatsApp Cloud API an. Unternehmen k\u00f6nnen die Funktionen und M\u00f6glichkeiten der Plattform testen, bevor sie sich f\u00fcr einen kostenpflichtigen Tarif entscheiden. So k\u00f6nnen sie die Vorteile und den Nutzen von SendApp f\u00fcr ihre WhatsApp-Marketingstrategien konkret bewerten.<\/p>\n<p>Zusammenfassend l\u00e4sst sich sagen, dass die Nutzung der WhatsApp Cloud API mit SendApp eine effektive und zuverl\u00e4ssige L\u00f6sung f\u00fcr Unternehmen darstellt, die das Potenzial von WhatsApp als Kommunikations- und Marketingkanal nutzen m\u00f6chten. Dank seiner erweiterten Funktionen, der Nachrichtenpersonalisierung, des Kontaktmanagements und der \u00dcberwachung der Kampagnenleistung erweist sich SendApp als wertvoller Verb\u00fcndeter zur Optimierung von Marketingstrategien und zur Verbesserung des Kundenengagements auf WhatsApp.<\/p>\n\t<\/div>\n<\/div>\n\n\n\n\n\t\t\t<\/div> \n\t\t<\/div>\n\t<\/div> \n<\/div><\/div>\n\t\t<div id=\"price\"  data-column-margin=\"default\" data-midnight=\"dark\" data-top-percent=\"4%\" data-bottom-percent=\"7%\"  class=\"wpb_row vc_row-fluid vc_row full-width-section\"  style=\"padding-top: calc(100vw * 0.04); padding-bottom: calc(100vw * 0.07); \"><div class=\"row-bg-wrap\" data-bg-animation=\"none\" data-bg-animation-delay=\"\" data-bg-overlay=\"false\"><div class=\"inner-wrap row-bg-layer\" ><div class=\"row-bg viewport-desktop\"  style=\"\"><\/div><\/div><\/div><div class=\"row_col_wrap_12 col span_12 dark left\">\n\t<div  class=\"vc_col-sm-12 wpb_column column_container vc_column_container col no-extra-padding inherit_tablet inherit_phone\"  data-padding-pos=\"all\" data-has-bg-color=\"false\" data-bg-color=\"\" data-bg-opacity=\"1\" data-animation=\"\" data-delay=\"0\" >\n\t\t<div class=\"vc_column-inner\" >\n\t\t\t<div class=\"wpb_wrapper\">\n\t\t\t\t<div id=\"fws_69d7294fecbcb\" data-midnight=\"\" data-column-margin=\"default\" class=\"wpb_row vc_row-fluid vc_row inner_row\"  style=\"\"><div class=\"row-bg-wrap\"> <div class=\"row-bg\" ><\/div> <\/div><div class=\"row_col_wrap_12_inner col span_12  left\">\n\t<div  class=\"vc_col-sm-12 wpb_column column_container vc_column_container col child_column centered-text has-animation no-extra-padding inherit_tablet inherit_phone\"   data-padding-pos=\"all\" data-has-bg-color=\"false\" data-bg-color=\"\" data-bg-opacity=\"1\" data-animation=\"fade-in\" data-delay=\"0\" >\n\t\t<div class=\"vc_column-inner\" >\n\t\t<div class=\"wpb_wrapper\">\n\t\t\t\n<div class=\"wpb_text_column wpb_content_element  vc_custom_1712152870190\" >\n\t<div class=\"wpb_wrapper\">\n\t\t<section class=\"main-section main-section-full main-section-slim\">\n<h1 class=\"row\">Einfache und transparente Preisgestaltung<\/h1>\n<h3 class=\"row\">Keine Geb\u00fchren und keine Kosten pro Nachricht.<\/h3>\n<p><span style=\"color: #999999;\">Der Preis variiert je nach den enthaltenen Funktionen und der Anzahl der automatischen Sendungen.<\/span><\/p>\n<\/section>\n\t<\/div>\n<\/div>\n\n\n\n\n\t\t<\/div> \n\t<\/div>\n\t<\/div> \n<\/div><\/div><div class=\"row pricing-table four-cols\" data-style=\"flat-alternative\"><div class=\"pricing-column no-highlight accent-color\">\n\t\t\t<h3>Free<\/h3>\n          <div class=\"pricing-column-content\">\n\t\t\t<h4> <span class=\"dollar-sign\">\u20ac<\/span> 0 <\/h4>\n\t\t\t<span class=\"interval\">7 Tage<\/span>\n<div class=\"wpb_text_column wpb_content_element\" >\n\t<div class=\"wpb_wrapper\">\n\t\t<h6><a class=\"nectar-button n-sc-button large accent-color has-icon regular-button\"  href=\"https:\/\/sendapp.live\/de\/produkt\/sendapp-frei\/\" data-color-override=\"false\" data-hover-color-override=\"false\" data-hover-text-color-override=\"#fff\"><span>Download<\/span><i class=\"icon-button-arrow\"><\/i><\/a><\/h6>\n<h6><i class=\"icon-tiny fa fa-check accent-color\"><\/i> 20 automatisierte Nachrichten<\/h6>\n<h6><i class=\"icon-tiny fa fa-check accent-color\"><\/i> 7 Tage<\/h6>\n<h6><i class=\"icon-tiny fa fa-check accent-color\"><\/i> Adressbuch<\/h6>\n<h6><i class=\"icon-tiny fa fa-check accent-color\"><\/i> Sendebericht<\/h6>\n<h6><i class=\"icon-tiny fa fa-check accent-color\"><\/i> Automatische Antwort<\/h6>\n<h6><i class=\"icon-tiny fa fa-check accent-color\"><\/i> Bildarchiv<\/h6>\n<h6><i class=\"icon-tiny fa fa-check accent-color\"><\/i> Stockfoto kostenlos<\/h6>\n<h6><i class=\"icon-tiny fa fa-check accent-color\"><\/i> Bildbearbeitung<\/h6>\n<h6><del><i class=\"icon-tiny fa fa-check accent-color\"><\/i> Planung<\/del><\/h6>\n<h6><del><i class=\"icon-tiny fa fa-check accent-color\"><\/i>\u00a0 WhatsApp Gateway<\/del><\/h6>\n<h6><del><i class=\"icon-tiny fa fa-check accent-color\"><\/i>\u00a0 SMS Gateway<\/del><\/h6>\n<h6><del><i class=\"icon-tiny fa fa-check accent-color\"><\/i> WordPress Plugin<\/del><\/h6>\n<h6><del><i class=\"icon-tiny fa fa-check accent-color\"><\/i> Kundenbetreuung<\/del><\/h6>\n\t<\/div>\n<\/div>\n\n\n\n<\/div><\/div><div class=\"pricing-column no-highlight accent-color\">\n\t\t\t<h3>Pro<\/h3>\n          <div class=\"pricing-column-content\">\n\t\t\t<h4> <span class=\"dollar-sign\">\u20ac<\/span> 90 <\/h4>\n\t\t\t<span class=\"interval\">Einmalig<\/span>\n<div class=\"wpb_text_column wpb_content_element\" >\n\t<div class=\"wpb_wrapper\">\n\t\t<h6><a class=\"nectar-button n-sc-button large accent-color has-icon regular-button\"  href=\"https:\/\/sendapp.live\/de\/produkt\/sendapp-professional\/\" data-color-override=\"false\" data-hover-color-override=\"false\" data-hover-text-color-override=\"#fff\"><span>kaufen<\/span><i class=\"icon-button-arrow\"><\/i><\/a><\/h6>\n<h6><i class=\"icon-tiny fa fa-check accent-color\"><\/i> 200 automatisierte Nachrichten<\/h6>\n<h6><i class=\"icon-tiny fa fa-check accent-color\"><\/i> Unbegrenzte Laufzeit<\/h6>\n<h6><i class=\"icon-tiny fa fa-check accent-color\"><\/i> Adressbuch<\/h6>\n<h6><i class=\"icon-tiny fa fa-check accent-color\"><\/i> Sendebericht<\/h6>\n<h6><del><i class=\"icon-tiny fa fa-check accent-color\"><\/i> Automatische Antwort<\/del><\/h6>\n<h6><i class=\"icon-tiny fa fa-check accent-color\"><\/i> Bildarchiv<\/h6>\n<h6><i class=\"icon-tiny fa fa-check accent-color\"><\/i> Stockfoto kostenlos<\/h6>\n<h6><i class=\"icon-tiny fa fa-check accent-color\"><\/i> Bildbearbeitung<\/h6>\n<h6><del><i class=\"icon-tiny fa fa-check accent-color\"><\/i> Planung<\/del><\/h6>\n<h6><del><i class=\"icon-tiny fa fa-check accent-color\"><\/i>\u00a0WhatsApp Gateway<\/del><\/h6>\n<h6><del><i class=\"icon-tiny fa fa-check accent-color\"><\/i>\u00a0SMS Gateway<\/del><\/h6>\n<h6><del><i class=\"icon-tiny fa fa-check accent-color\"><\/i> WordPress Plugin<\/del><\/h6>\n<h6><i class=\"icon-tiny fa fa-check accent-color\"><\/i> Kundenbetreuung<\/h6>\n\t<\/div>\n<\/div>\n\n\n\n<\/div><\/div><div class=\"pricing-column highlight accent-color\">\n\t\t\t<h3>Business<span class=\"highlight-reason\">empfohlen<\/span><\/h3>\n          <div class=\"pricing-column-content\">\n\t\t\t<h4> <span class=\"dollar-sign\">\u20ac<\/span> 199 <\/h4>\n\t\t\t<span class=\"interval\">Einmalig<\/span>\n<div class=\"wpb_text_column wpb_content_element\" >\n\t<div class=\"wpb_wrapper\">\n\t\t<h6><a class=\"nectar-button n-sc-button large accent-color has-icon regular-button\"  href=\"https:\/\/sendapp.live\/de\/produkt\/sendapp-business\/\" data-color-override=\"false\" data-hover-color-override=\"false\" data-hover-text-color-override=\"#fff\"><span>kaufen<\/span><i class=\"icon-button-arrow\"><\/i><\/a><\/h6>\n<h6><i class=\"icon-tiny fa fa-check accent-color\"><\/i> Unbegrenzter Versand von Nachrichten<\/h6>\n<h6><i class=\"icon-tiny fa fa-check accent-color\"><\/i> Unbegrenzte Laufzeit<\/h6>\n<h6><i class=\"icon-tiny fa fa-check accent-color\"><\/i> Adressbuch<\/h6>\n<h6><i class=\"icon-tiny fa fa-check accent-color\"><\/i> Sendebericht<\/h6>\n<h6><i class=\"icon-tiny fa fa-check accent-color\"><\/i> Automatische Antwort<\/h6>\n<h6><i class=\"icon-tiny fa fa-check accent-color\"><\/i> Bildarchiv<\/h6>\n<h6><i class=\"icon-tiny fa fa-check accent-color\"><\/i> Stockfoto kostenlos<\/h6>\n<h6><i class=\"icon-tiny fa fa-check accent-color\"><\/i> Bildbearbeitung<\/h6>\n<h6><i class=\"icon-tiny fa fa-check accent-color\"><\/i> Planung<\/h6>\n<h6><del><i class=\"icon-tiny fa fa-check accent-color\"><\/i> WhatsApp Gateway<\/del><\/h6>\n<h6><i class=\"icon-tiny fa fa-check accent-color\"><\/i> SMS Gateway<\/h6>\n<h6><del><i class=\"icon-tiny fa fa-check accent-color\"><\/i> WordPress Plugin<\/del><\/h6>\n<h6><i class=\"icon-tiny fa fa-check accent-color\"><\/i> Kundenbetreuung<\/h6>\n\t<\/div>\n<\/div>\n\n\n\n<\/div><\/div><div class=\"pricing-column no-highlight accent-color\">\n\t\t\t<h3>Connect<\/h3>\n          <div class=\"pricing-column-content\">\n\t\t\t<h4> <span class=\"dollar-sign\">\u20ac<\/span> 299 <\/h4>\n\t\t\t<span class=\"interval\">Einmalig<\/span>\n<div class=\"wpb_text_column wpb_content_element\" >\n\t<div class=\"wpb_wrapper\">\n\t\t<h6><a class=\"nectar-button n-sc-button large accent-color has-icon regular-button\"  href=\"https:\/\/sendapp.live\/de\/produkt\/sendapp-web-connect\/\" data-color-override=\"false\" data-hover-color-override=\"false\" data-hover-text-color-override=\"#fff\"><span>kaufen<\/span><i class=\"icon-button-arrow\"><\/i><\/a><\/h6>\n<h6><i class=\"icon-tiny fa fa-check accent-color\"><\/i> Unbegrenzter Versand von Nachrichten<\/h6>\n<h6><i class=\"icon-tiny fa fa-check accent-color\"><\/i> Unbegrenzte Laufzeit<\/h6>\n<h6><i class=\"icon-tiny fa fa-check accent-color\"><\/i> Adressbuch<\/h6>\n<h6><i class=\"icon-tiny fa fa-check accent-color\"><\/i> Sendebericht<\/h6>\n<h6><i class=\"icon-tiny fa fa-check accent-color\"><\/i> Automatische Antwort<\/h6>\n<h6><i class=\"icon-tiny fa fa-check accent-color\"><\/i> Bildarchiv<\/h6>\n<h6><i class=\"icon-tiny fa fa-check accent-color\"><\/i> Stockfoto kostenlos<\/h6>\n<h6><i class=\"icon-tiny fa fa-check accent-color\"><\/i> Bildbearbeitung<\/h6>\n<h6><i class=\"icon-tiny fa fa-check accent-color\"><\/i> Planung<\/h6>\n<h6><i class=\"icon-tiny fa fa-check accent-color\"><\/i>\u00a0WhatsApp Gateway<\/h6>\n<h6><i class=\"icon-tiny fa fa-check accent-color\"><\/i>\u00a0SMS Gateway<\/h6>\n<h6><i class=\"icon-tiny fa fa-check accent-color\"><\/i> WordPress Plugin<\/h6>\n<h6><i class=\"icon-tiny fa fa-check accent-color\"><\/i> Kundenbetreuung<\/h6>\n\t<\/div>\n<\/div>\n\n\n\n<\/div><\/div><\/div>\n\t\t\t<\/div> \n\t\t<\/div>\n\t<\/div> \n<\/div><\/div>","protected":false},"excerpt":{"rendered":"WhatsApp Cloud API mit SendApp Die Verwendung der Cloud API zur Integration von WhatsApp in Unternehmenskommunikationsstrategien erfreut sich dank ihrer Effektivit\u00e4t bei der Erreichung einer breiten Zielgruppe zunehmender Beliebtheit.","protected":false},"author":1,"featured_media":0,"parent":0,"menu_order":0,"comment_status":"closed","ping_status":"closed","template":"","meta":{"_daim_seo_power":"","_daim_enable_ail":"","footnotes":""},"class_list":["post-30118","page","type-page","status-publish"],"yoast_head":"<!-- This site is optimized with the Yoast SEO Premium plugin v27.3 (Yoast SEO v27.3) - https:\/\/yoast.com\/product\/yoast-seo-premium-wordpress\/ -->\n<title>API Cloud WhatsApp con SendApp<\/title>\n<meta name=\"description\" content=\"API Cloud WhatsApp. Create powerful marketing campaigns with SendApp: personalized, informative, and advertising messages for your WhatsApp contacts.\" \/>\n<meta name=\"robots\" content=\"index, follow, max-snippet:-1, max-image-preview:large, max-video-preview:-1\" \/>\n<link rel=\"canonical\" href=\"https:\/\/sendapp.live\/de\/whatsapp-cloud-api\/\" \/>\n<meta property=\"og:locale\" content=\"de_DE\" \/>\n<meta property=\"og:type\" content=\"article\" \/>\n<meta property=\"og:title\" content=\"api cloud whatsapp\" \/>\n<meta property=\"og:description\" content=\"API Cloud WhatsApp. Create powerful marketing campaigns with SendApp: personalized, informative, and advertising messages for your WhatsApp contacts.\" \/>\n<meta property=\"og:url\" content=\"https:\/\/sendapp.live\/de\/whatsapp-cloud-api\/\" \/>\n<meta property=\"og:site_name\" content=\"SendApp - Software Whatsapp Marketing\" \/>\n<meta property=\"article:publisher\" content=\"https:\/\/www.facebook.com\/sendapp.live\" \/>\n<meta property=\"article:modified_time\" content=\"2024-11-18T15:58:20+00:00\" \/>\n<meta name=\"twitter:card\" content=\"summary_large_image\" \/>\n<meta name=\"twitter:site\" content=\"@sendapp_live\" \/>\n<meta name=\"twitter:label1\" content=\"Gesch\u00e4tzte Lesezeit\" \/>\n\t<meta name=\"twitter:data1\" content=\"6\u00a0Minuten\" \/>\n<script type=\"application\/ld+json\" class=\"yoast-schema-graph\">{\"@context\":\"https:\\\/\\\/schema.org\",\"@graph\":[{\"@type\":\"WebPage\",\"@id\":\"https:\\\/\\\/sendapp.live\\\/it\\\/api-cloud-whatsapp\\\/\",\"url\":\"https:\\\/\\\/sendapp.live\\\/it\\\/api-cloud-whatsapp\\\/\",\"name\":\"API Cloud WhatsApp con SendApp\",\"isPartOf\":{\"@id\":\"https:\\\/\\\/sendapp.live\\\/it\\\/#website\"},\"datePublished\":\"2024-06-20T17:37:41+00:00\",\"dateModified\":\"2024-11-18T15:58:20+00:00\",\"description\":\"API Cloud WhatsApp. Create powerful marketing campaigns with SendApp: personalized, informative, and advertising messages for your WhatsApp contacts.\",\"breadcrumb\":{\"@id\":\"https:\\\/\\\/sendapp.live\\\/it\\\/api-cloud-whatsapp\\\/#breadcrumb\"},\"inLanguage\":\"de\",\"potentialAction\":[{\"@type\":\"ReadAction\",\"target\":[\"https:\\\/\\\/sendapp.live\\\/it\\\/api-cloud-whatsapp\\\/\"]}]},{\"@type\":\"BreadcrumbList\",\"@id\":\"https:\\\/\\\/sendapp.live\\\/it\\\/api-cloud-whatsapp\\\/#breadcrumb\",\"itemListElement\":[{\"@type\":\"ListItem\",\"position\":1,\"name\":\"Home\",\"item\":\"https:\\\/\\\/sendapp.live\\\/\"},{\"@type\":\"ListItem\",\"position\":2,\"name\":\"api cloud whatsapp\"}]},{\"@type\":\"WebSite\",\"@id\":\"https:\\\/\\\/sendapp.live\\\/it\\\/#website\",\"url\":\"https:\\\/\\\/sendapp.live\\\/it\\\/\",\"name\":\"SendApp\",\"description\":\"Automate Your Messages &amp; Grow Your Business\",\"publisher\":{\"@id\":\"https:\\\/\\\/sendapp.live\\\/it\\\/#organization\"},\"alternateName\":\"SendApp WhatsApp Marketing\",\"potentialAction\":[{\"@type\":\"SearchAction\",\"target\":{\"@type\":\"EntryPoint\",\"urlTemplate\":\"https:\\\/\\\/sendapp.live\\\/it\\\/?s={search_term_string}\"},\"query-input\":{\"@type\":\"PropertyValueSpecification\",\"valueRequired\":true,\"valueName\":\"search_term_string\"}}],\"inLanguage\":\"de\"},{\"@type\":\"Organization\",\"@id\":\"https:\\\/\\\/sendapp.live\\\/it\\\/#organization\",\"name\":\"SendApp\",\"url\":\"https:\\\/\\\/sendapp.live\\\/it\\\/\",\"logo\":{\"@type\":\"ImageObject\",\"inLanguage\":\"de\",\"@id\":\"https:\\\/\\\/sendapp.live\\\/it\\\/#\\\/schema\\\/logo\\\/image\\\/\",\"url\":\"https:\\\/\\\/sendapp.live\\\/wp-content\\\/uploads\\\/2025\\\/04\\\/Logo-Sendapp-300x60-1.png\",\"contentUrl\":\"https:\\\/\\\/sendapp.live\\\/wp-content\\\/uploads\\\/2025\\\/04\\\/Logo-Sendapp-300x60-1.png\",\"width\":300,\"height\":60,\"caption\":\"SendApp\"},\"image\":{\"@id\":\"https:\\\/\\\/sendapp.live\\\/it\\\/#\\\/schema\\\/logo\\\/image\\\/\"},\"sameAs\":[\"https:\\\/\\\/www.facebook.com\\\/sendapp.live\",\"https:\\\/\\\/x.com\\\/sendapp_live\",\"https:\\\/\\\/www.instagram.com\\\/sendapp.live\",\"https:\\\/\\\/www.youtube.com\\\/channel\\\/UC2gaLpi0-OJLG4CFbOr6mLw\",\"https:\\\/\\\/it.trustpilot.com\\\/review\\\/sendapp.live\"],\"description\":\"Piattaforma italiana di WhatsApp Marketing con API ufficiali Meta. Assistente AI, campagne massive, SMS Gateway gratuito, Google Calendar, automazioni. Da \u20ac16\\\/mese senza markup sui messaggi.\",\"email\":\"info@sendapp.live\",\"foundingDate\":\"2016-07-25\"}]}<\/script>\n<!-- \/ Yoast SEO Premium plugin. -->","yoast_head_json":{"title":"WhatsApp Cloud API mit SendApp","description":"WhatsApp Cloud API. Erstellen Sie leistungsstarke Marketingkampagnen mit SendApp: personalisierte, informative und Werbenachrichten f\u00fcr Ihre WhatsApp-Kontakte.","robots":{"index":"index","follow":"follow","max-snippet":"max-snippet:-1","max-image-preview":"max-image-preview:large","max-video-preview":"max-video-preview:-1"},"canonical":"https:\/\/sendapp.live\/de\/whatsapp-cloud-api\/","og_locale":"de_DE","og_type":"article","og_title":"api cloud whatsapp","og_description":"API Cloud WhatsApp. Create powerful marketing campaigns with SendApp: personalized, informative, and advertising messages for your WhatsApp contacts.","og_url":"https:\/\/sendapp.live\/de\/whatsapp-cloud-api\/","og_site_name":"SendApp - Software Whatsapp Marketing","article_publisher":"https:\/\/www.facebook.com\/sendapp.live","article_modified_time":"2024-11-18T15:58:20+00:00","twitter_card":"summary_large_image","twitter_site":"@sendapp_live","twitter_misc":{"Gesch\u00e4tzte Lesezeit":"6\u00a0Minuten"},"schema":{"@context":"https:\/\/schema.org","@graph":[{"@type":"WebPage","@id":"https:\/\/sendapp.live\/it\/api-cloud-whatsapp\/","url":"https:\/\/sendapp.live\/it\/api-cloud-whatsapp\/","name":"WhatsApp Cloud API mit SendApp","isPartOf":{"@id":"https:\/\/sendapp.live\/it\/#website"},"datePublished":"2024-06-20T17:37:41+00:00","dateModified":"2024-11-18T15:58:20+00:00","description":"WhatsApp Cloud API. Erstellen Sie leistungsstarke Marketingkampagnen mit SendApp: personalisierte, informative und Werbenachrichten f\u00fcr Ihre WhatsApp-Kontakte.","breadcrumb":{"@id":"https:\/\/sendapp.live\/it\/api-cloud-whatsapp\/#breadcrumb"},"inLanguage":"de","potentialAction":[{"@type":"ReadAction","target":["https:\/\/sendapp.live\/it\/api-cloud-whatsapp\/"]}]},{"@type":"BreadcrumbList","@id":"https:\/\/sendapp.live\/it\/api-cloud-whatsapp\/#breadcrumb","itemListElement":[{"@type":"ListItem","position":1,"name":"Home","item":"https:\/\/sendapp.live\/"},{"@type":"ListItem","position":2,"name":"api cloud whatsapp"}]},{"@type":"WebSite","@id":"https:\/\/sendapp.live\/it\/#website","url":"https:\/\/sendapp.live\/it\/","name":"SendApp","description":"Automatisieren Sie Ihre Nachrichten und steigern Sie Ihr Gesch\u00e4ft","publisher":{"@id":"https:\/\/sendapp.live\/it\/#organization"},"alternateName":"SendApp WhatsApp Marketing","potentialAction":[{"@type":"SearchAction","target":{"@type":"EntryPoint","urlTemplate":"https:\/\/sendapp.live\/it\/?s={search_term_string}"},"query-input":{"@type":"PropertyValueSpecification","valueRequired":true,"valueName":"search_term_string"}}],"inLanguage":"de"},{"@type":"Organization","@id":"https:\/\/sendapp.live\/it\/#organization","name":"SendApp","url":"https:\/\/sendapp.live\/it\/","logo":{"@type":"ImageObject","inLanguage":"de","@id":"https:\/\/sendapp.live\/it\/#\/schema\/logo\/image\/","url":"https:\/\/sendapp.live\/wp-content\/uploads\/2025\/04\/Logo-Sendapp-300x60-1.png","contentUrl":"https:\/\/sendapp.live\/wp-content\/uploads\/2025\/04\/Logo-Sendapp-300x60-1.png","width":300,"height":60,"caption":"SendApp"},"image":{"@id":"https:\/\/sendapp.live\/it\/#\/schema\/logo\/image\/"},"sameAs":["https:\/\/www.facebook.com\/sendapp.live","https:\/\/x.com\/sendapp_live","https:\/\/www.instagram.com\/sendapp.live","https:\/\/www.youtube.com\/channel\/UC2gaLpi0-OJLG4CFbOr6mLw","https:\/\/it.trustpilot.com\/review\/sendapp.live"],"description":"Italienische WhatsApp-Marketing-Plattform mit offizieller Meta-API. KI-Assistent, Massenkampagnen, kostenloses SMS-Gateway, Google Kalender, Automatisierungen. Ab 16 \u20ac\/Monat ohne Aufpreis f\u00fcr Nachrichten.","email":"info@sendapp.live","foundingDate":"2016-07-25"}]}},"_links":{"self":[{"href":"https:\/\/sendapp.live\/de\/wp-json\/wp\/v2\/pages\/30118","targetHints":{"allow":["GET"]}}],"collection":[{"href":"https:\/\/sendapp.live\/de\/wp-json\/wp\/v2\/pages"}],"about":[{"href":"https:\/\/sendapp.live\/de\/wp-json\/wp\/v2\/types\/page"}],"author":[{"embeddable":true,"href":"https:\/\/sendapp.live\/de\/wp-json\/wp\/v2\/users\/1"}],"replies":[{"embeddable":true,"href":"https:\/\/sendapp.live\/de\/wp-json\/wp\/v2\/comments?post=30118"}],"version-history":[{"count":5,"href":"https:\/\/sendapp.live\/de\/wp-json\/wp\/v2\/pages\/30118\/revisions"}],"predecessor-version":[{"id":31486,"href":"https:\/\/sendapp.live\/de\/wp-json\/wp\/v2\/pages\/30118\/revisions\/31486"}],"wp:attachment":[{"href":"https:\/\/sendapp.live\/de\/wp-json\/wp\/v2\/media?parent=30118"}],"curies":[{"name":"wp","href":"https:\/\/api.w.org\/{rel}","templated":true}]}}