{"id":30124,"date":"2024-06-20T19:53:37","date_gmt":"2024-06-20T17:53:37","guid":{"rendered":"https:\/\/sendapp.live\/?page_id=30124"},"modified":"2024-11-18T16:58:49","modified_gmt":"2024-11-18T15:58:49","slug":"mehrere-whatsapp-eingaben","status":"publish","type":"page","link":"https:\/\/sendapp.live\/de\/invii-multipli-whatsapp\/","title":{"rendered":"mehrere Whatsapp-Eingaben"},"content":{"rendered":"<div id=\"fws_69f5e16025f5b\"  data-column-margin=\"default\" data-midnight=\"dark\" data-top-percent=\"5%\" data-bottom-percent=\"5%\"  class=\"wpb_row vc_row-fluid vc_row  right_padding_5pct left_padding_5pct\"  style=\"padding-top: calc(100vw * 0.05); padding-bottom: calc(100vw * 0.05); \"><div class=\"row-bg-wrap\" data-bg-animation=\"none\" data-bg-animation-delay=\"\" data-bg-overlay=\"false\"><div class=\"inner-wrap row-bg-layer\" ><div class=\"row-bg viewport-desktop\"  style=\"\"><\/div><\/div><\/div><div class=\"row_col_wrap_12 col span_12 dark left\">\n\t<div  class=\"vc_col-sm-12 wpb_column column_container vc_column_container col no-extra-padding inherit_tablet inherit_phone\"  data-padding-pos=\"all\" data-has-bg-color=\"false\" data-bg-color=\"\" data-bg-opacity=\"1\" data-animation=\"\" data-delay=\"0\" >\n\t\t<div class=\"vc_column-inner\" >\n\t\t\t<div class=\"wpb_wrapper\">\n\t\t\t\t<h1 style=\"font-size: 65px;color: #4b5b75;text-align: center;font-family:Raleway;font-weight:400;font-style:normal\" class=\"vc_custom_heading vc_do_custom_heading vc_custom_1718918698979\" >Senden Sie mit SendApp mehrere WhatsApp-Nachrichten f\u00fcr Ihre Marketingkampagnen.<\/h1>\n\t\t\t<\/div> \n\t\t<\/div>\n\t<\/div> \n<\/div><\/div>\n\t\t<div id=\"fws_69f5e16026511\"  data-column-margin=\"default\" data-midnight=\"dark\"  class=\"wpb_row vc_row-fluid vc_row\"  style=\"padding-top: 0px; padding-bottom: 0px; \"><div class=\"row-bg-wrap\" data-bg-animation=\"none\" data-bg-animation-delay=\"\" data-bg-overlay=\"false\"><div class=\"inner-wrap row-bg-layer\" ><div class=\"row-bg viewport-desktop\"  style=\"\"><\/div><\/div><\/div><div class=\"row_col_wrap_12 col span_12 dark left\">\n\t<div  class=\"vc_col-sm-12 wpb_column column_container vc_column_container col no-extra-padding inherit_tablet inherit_phone\"  data-padding-pos=\"all\" data-has-bg-color=\"false\" data-bg-color=\"\" data-bg-opacity=\"1\" data-animation=\"\" data-delay=\"0\" >\n\t\t<div class=\"vc_column-inner\" >\n\t\t\t<div class=\"wpb_wrapper\">\n\t\t\t\t\n<div class=\"wpb_text_column wpb_content_element\" >\n\t<div class=\"wpb_wrapper\">\n\t\t<p>Wenn Sie nach einer effizienten M\u00f6glichkeit suchen, Nachrichten an mehrere Kontakte auf WhatsApp zu senden, ist SendApp m\u00f6glicherweise die L\u00f6sung f\u00fcr Sie. Mit dieser innovativen App k\u00f6nnen Sie schnell und einfach mehrere Nachrichten verschicken und sparen so wertvolle Zeit bei der Verwaltung Ihrer Nachrichten. Erfahren Sie mehr dar\u00fcber, wie SendApp Ihre WhatsApp-Kommunikation verbessern kann.<\/p>\n<h2>Senden Sie Nachrichten an mehrere Kontakte auf WhatsApp<\/h2>\n<p>Mit SendApp k\u00f6nnen Sie Nachrichten an mehrere WhatsApp-Kontakte gleichzeitig senden, ohne Gruppen erstellen oder Nachrichten einzeln senden zu m\u00fcssen. Diese Funktion ist besonders n\u00fctzlich f\u00fcr diejenigen, die schnell und effizient mit einer gro\u00dfen Anzahl von Personen kommunizieren m\u00fcssen.<\/p>\n<h2>So senden Sie mehrere E-Mails mit SendApp<\/h2>\n<p>Das Versenden von Massennachrichten mit SendApp ist ganz einfach. Erstellen Sie einfach eine Kontaktliste in der App, schreiben Sie die gew\u00fcnschte Nachricht und w\u00e4hlen Sie die Empf\u00e4nger aus der Liste aus. SendApp k\u00fcmmert sich um den Rest und sendet die Nachricht in wenigen Schritten an alle ausgew\u00e4hlten Kontakte.<\/p>\n<h2>Die L\u00f6sung zum Zeitsparen bei WhatsApp<\/h2>\n<p>SendApp ist die ideale L\u00f6sung f\u00fcr alle, die Zeit bei der Verwaltung von WhatsApp-Nachrichten sparen m\u00f6chten. Dank der M\u00f6glichkeit, Massennachrichten schnell und automatisch zu versenden, k\u00f6nnen Sie mit einer gro\u00dfen Anzahl von Personen kommunizieren, ohne stundenlang am Telefon zu verbringen.<\/p>\n<h2>SendApp: die App zur Verwaltung mehrerer Sendungen<\/h2>\n<p>SendApp ist eine intuitive und benutzerfreundliche Anwendung, mit der Sie Massennachrichten auf WhatsApp effizient verwalten k\u00f6nnen. Mit erweiterten Funktionen und einer Vielzahl anpassbarer Optionen ist SendApp eine der besten L\u00f6sungen auf dem Markt zur Verbesserung der Kommunikation in sozialen Netzwerken.<\/p>\n<h2>Senden Sie ganz einfach Nachrichten an mehrere Personen<\/h2>\n<p>Mit SendApp k\u00f6nnen Sie mit nur wenigen Klicks ganz einfach Nachrichten an mehrere Personen auf WhatsApp senden. Diese Funktion ist besonders n\u00fctzlich f\u00fcr diejenigen, die Kontaktlisten verwalten oder schnell und effizient mit einer gro\u00dfen Anzahl von Personen kommunizieren m\u00fcssen.<\/p>\n<h2>Verbessern Sie Ihre Kommunikation auf WhatsApp<\/h2>\n<p>Mit SendApp k\u00f6nnen Sie Ihre WhatsApp-Kommunikation verbessern, indem Sie personalisierte Nachrichten an mehrere Kontakte gleichzeitig senden. Dies erm\u00f6glicht eine fl\u00fcssigere und ansprechendere Konversation mit Ihren Kontakten und erh\u00f6ht die Effektivit\u00e4t Ihrer Kommunikation.<\/p>\n<h2>Sparen Sie Zeit mit SendApp<\/h2>\n<p>Einer der Hauptvorteile von SendApp ist die Zeitersparnis bei der Verwaltung von WhatsApp-Nachrichten. Dank der M\u00f6glichkeit, mehrere Nachrichten automatisch zu versenden, k\u00f6nnen Sie mehr Zeit f\u00fcr andere Aktivit\u00e4ten verwenden, ohne die Qualit\u00e4t Ihrer Kommunikation zu beeintr\u00e4chtigen.<\/p>\n<h2>Senden Sie personalisierte Nachrichten an mehrere Kontakte<\/h2>\n<p>Mit SendApp k\u00f6nnen Sie personalisierte Nachrichten an mehrere Kontakte auf WhatsApp senden und so ein pers\u00f6nlicheres und ansprechenderes Kommunikationserlebnis gew\u00e4hrleisten. Diese Funktion ist besonders n\u00fctzlich f\u00fcr diejenigen, die eine engere Beziehung zu ihren Kontakten pflegen und einen effektiveren Dialog schaffen m\u00f6chten.<\/p>\n<h2>Verwalten Sie Ihre Listen ganz einfach auf WhatsApp<\/h2>\n<p>Mit SendApp k\u00f6nnen Sie Ihre WhatsApp-Kontaktlisten einfach verwalten und so schnell und effizient Nachrichten an bestimmte Gruppen senden. Diese Funktion ist n\u00fctzlich f\u00fcr alle, die ihre Kontakte schnell und einfach organisieren m\u00f6chten.<\/p>\n<h2>Automatisieren Sie Ihre WhatsApp-Nachrichten mit SendApp<\/h2>\n<p>Dank der M\u00f6glichkeit, Ihre WhatsApp-Nachrichten mit SendApp zu automatisieren, sparen Sie wertvolle Zeit bei der Verwaltung Ihrer Kommunikation. Diese Funktion ist besonders n\u00fctzlich f\u00fcr diejenigen, die regelm\u00e4\u00dfig oder geplant Nachrichten an ihre Kontakte senden m\u00fcssen, um eine kontinuierliche und effektive Kommunikation zu gew\u00e4hrleisten.<\/p>\n<p>Zusammenfassend l\u00e4sst sich sagen, dass SendApp eine vielseitige und intuitive Anwendung ist, mit der Sie WhatsApp-Massennachrichten schnell und effizient verwalten k\u00f6nnen. Dank der zahlreichen anpassbaren Funktionen und der M\u00f6glichkeit, personalisierte Nachrichten an mehrere Kontakte zu senden, ist SendApp die ideale L\u00f6sung zur Verbesserung Ihrer Social-Media-Kommunikation. Wenn Sie Zeit bei der Verwaltung von WhatsApp-Nachrichten sparen und eine effektive Kommunikation mit Ihren Kontakten aufrechterhalten m\u00f6chten, testen Sie SendApp noch heute.<\/p>\n\t<\/div>\n<\/div>\n\n\n\n\n\t\t\t<\/div> \n\t\t<\/div>\n\t<\/div> \n<\/div><\/div>\n\t\t<div id=\"price\"  data-column-margin=\"default\" data-midnight=\"dark\" data-top-percent=\"4%\" data-bottom-percent=\"7%\"  class=\"wpb_row vc_row-fluid vc_row full-width-section\"  style=\"padding-top: calc(100vw * 0.04); padding-bottom: calc(100vw * 0.07); \"><div class=\"row-bg-wrap\" data-bg-animation=\"none\" data-bg-animation-delay=\"\" data-bg-overlay=\"false\"><div class=\"inner-wrap row-bg-layer\" ><div class=\"row-bg viewport-desktop\"  style=\"\"><\/div><\/div><\/div><div class=\"row_col_wrap_12 col span_12 dark left\">\n\t<div  class=\"vc_col-sm-12 wpb_column column_container vc_column_container col no-extra-padding inherit_tablet inherit_phone\"  data-padding-pos=\"all\" data-has-bg-color=\"false\" data-bg-color=\"\" data-bg-opacity=\"1\" data-animation=\"\" data-delay=\"0\" >\n\t\t<div class=\"vc_column-inner\" >\n\t\t\t<div class=\"wpb_wrapper\">\n\t\t\t\t<div id=\"fws_69f5e16026c43\" data-midnight=\"\" data-column-margin=\"default\" class=\"wpb_row vc_row-fluid vc_row inner_row\"  style=\"\"><div class=\"row-bg-wrap\"> <div class=\"row-bg\" ><\/div> <\/div><div class=\"row_col_wrap_12_inner col span_12  left\">\n\t<div  class=\"vc_col-sm-12 wpb_column column_container vc_column_container col child_column centered-text has-animation no-extra-padding inherit_tablet inherit_phone\"   data-padding-pos=\"all\" data-has-bg-color=\"false\" data-bg-color=\"\" data-bg-opacity=\"1\" data-animation=\"fade-in\" data-delay=\"0\" >\n\t\t<div class=\"vc_column-inner\" >\n\t\t<div class=\"wpb_wrapper\">\n\t\t\t\n<div class=\"wpb_text_column wpb_content_element  vc_custom_1712152870190\" >\n\t<div class=\"wpb_wrapper\">\n\t\t<section class=\"main-section main-section-full main-section-slim\">\n<h1 class=\"row\">Einfache und transparente Preisgestaltung<\/h1>\n<h3 class=\"row\">Keine Geb\u00fchren und keine Kosten pro Nachricht.<\/h3>\n<p><span style=\"color: #999999;\">Der Preis variiert je nach den enthaltenen Funktionen und der Anzahl der automatischen Sendungen.<\/span><\/p>\n<\/section>\n\t<\/div>\n<\/div>\n\n\n\n\n\t\t<\/div> \n\t<\/div>\n\t<\/div> \n<\/div><\/div><div class=\"row pricing-table four-cols\" data-style=\"flat-alternative\"><div class=\"pricing-column no-highlight accent-color\">\n\t\t\t<h3>Free<\/h3>\n          <div class=\"pricing-column-content\">\n\t\t\t<h4> <span class=\"dollar-sign\">\u20ac<\/span> 0 <\/h4>\n\t\t\t<span class=\"interval\">7 Tage<\/span>\n<div class=\"wpb_text_column wpb_content_element\" >\n\t<div class=\"wpb_wrapper\">\n\t\t<h6><a class=\"nectar-button n-sc-button large accent-color has-icon regular-button\"  href=\"https:\/\/sendapp.live\/de\/produkt\/sendapp-frei\/\" data-color-override=\"false\" data-hover-color-override=\"false\" data-hover-text-color-override=\"#fff\"><span>Download<\/span><i class=\"icon-button-arrow\"><\/i><\/a><\/h6>\n<h6><i class=\"icon-tiny fa fa-check accent-color\"><\/i> 20 automatisierte Nachrichten<\/h6>\n<h6><i class=\"icon-tiny fa fa-check accent-color\"><\/i> 7 Tage<\/h6>\n<h6><i class=\"icon-tiny fa fa-check accent-color\"><\/i> Adressbuch<\/h6>\n<h6><i class=\"icon-tiny fa fa-check accent-color\"><\/i> Sendebericht<\/h6>\n<h6><i class=\"icon-tiny fa fa-check accent-color\"><\/i> Automatische Antwort<\/h6>\n<h6><i class=\"icon-tiny fa fa-check accent-color\"><\/i> Bildarchiv<\/h6>\n<h6><i class=\"icon-tiny fa fa-check accent-color\"><\/i> Stockfoto kostenlos<\/h6>\n<h6><i class=\"icon-tiny fa fa-check accent-color\"><\/i> Bildbearbeitung<\/h6>\n<h6><del><i class=\"icon-tiny fa fa-check accent-color\"><\/i> Planung<\/del><\/h6>\n<h6><del><i class=\"icon-tiny fa fa-check accent-color\"><\/i>\u00a0 WhatsApp Gateway<\/del><\/h6>\n<h6><del><i class=\"icon-tiny fa fa-check accent-color\"><\/i>\u00a0 SMS Gateway<\/del><\/h6>\n<h6><del><i class=\"icon-tiny fa fa-check accent-color\"><\/i> WordPress Plugin<\/del><\/h6>\n<h6><del><i class=\"icon-tiny fa fa-check accent-color\"><\/i> Kundenbetreuung<\/del><\/h6>\n\t<\/div>\n<\/div>\n\n\n\n<\/div><\/div><div class=\"pricing-column no-highlight accent-color\">\n\t\t\t<h3>Pro<\/h3>\n          <div class=\"pricing-column-content\">\n\t\t\t<h4> <span class=\"dollar-sign\">\u20ac<\/span> 90 <\/h4>\n\t\t\t<span class=\"interval\">Einmalig<\/span>\n<div class=\"wpb_text_column wpb_content_element\" >\n\t<div class=\"wpb_wrapper\">\n\t\t<h6><a class=\"nectar-button n-sc-button large accent-color has-icon regular-button\"  href=\"https:\/\/sendapp.live\/de\/produkt\/sendapp-professional\/\" data-color-override=\"false\" data-hover-color-override=\"false\" data-hover-text-color-override=\"#fff\"><span>kaufen<\/span><i class=\"icon-button-arrow\"><\/i><\/a><\/h6>\n<h6><i class=\"icon-tiny fa fa-check accent-color\"><\/i> 200 automatisierte Nachrichten<\/h6>\n<h6><i class=\"icon-tiny fa fa-check accent-color\"><\/i> Unbegrenzte Laufzeit<\/h6>\n<h6><i class=\"icon-tiny fa fa-check accent-color\"><\/i> Adressbuch<\/h6>\n<h6><i class=\"icon-tiny fa fa-check accent-color\"><\/i> Sendebericht<\/h6>\n<h6><del><i class=\"icon-tiny fa fa-check accent-color\"><\/i> Automatische Antwort<\/del><\/h6>\n<h6><i class=\"icon-tiny fa fa-check accent-color\"><\/i> Bildarchiv<\/h6>\n<h6><i class=\"icon-tiny fa fa-check accent-color\"><\/i> Stockfoto kostenlos<\/h6>\n<h6><i class=\"icon-tiny fa fa-check accent-color\"><\/i> Bildbearbeitung<\/h6>\n<h6><del><i class=\"icon-tiny fa fa-check accent-color\"><\/i> Planung<\/del><\/h6>\n<h6><del><i class=\"icon-tiny fa fa-check accent-color\"><\/i>\u00a0WhatsApp Gateway<\/del><\/h6>\n<h6><del><i class=\"icon-tiny fa fa-check accent-color\"><\/i>\u00a0SMS Gateway<\/del><\/h6>\n<h6><del><i class=\"icon-tiny fa fa-check accent-color\"><\/i> WordPress Plugin<\/del><\/h6>\n<h6><i class=\"icon-tiny fa fa-check accent-color\"><\/i> Kundenbetreuung<\/h6>\n\t<\/div>\n<\/div>\n\n\n\n<\/div><\/div><div class=\"pricing-column highlight accent-color\">\n\t\t\t<h3>Business<span class=\"highlight-reason\">empfohlen<\/span><\/h3>\n          <div class=\"pricing-column-content\">\n\t\t\t<h4> <span class=\"dollar-sign\">\u20ac<\/span> 199 <\/h4>\n\t\t\t<span class=\"interval\">Einmalig<\/span>\n<div class=\"wpb_text_column wpb_content_element\" >\n\t<div class=\"wpb_wrapper\">\n\t\t<h6><a class=\"nectar-button n-sc-button large accent-color has-icon regular-button\"  href=\"https:\/\/sendapp.live\/de\/produkt\/sendapp-business\/\" data-color-override=\"false\" data-hover-color-override=\"false\" data-hover-text-color-override=\"#fff\"><span>kaufen<\/span><i class=\"icon-button-arrow\"><\/i><\/a><\/h6>\n<h6><i class=\"icon-tiny fa fa-check accent-color\"><\/i> Unbegrenzter Versand von Nachrichten<\/h6>\n<h6><i class=\"icon-tiny fa fa-check accent-color\"><\/i> Unbegrenzte Laufzeit<\/h6>\n<h6><i class=\"icon-tiny fa fa-check accent-color\"><\/i> Adressbuch<\/h6>\n<h6><i class=\"icon-tiny fa fa-check accent-color\"><\/i> Sendebericht<\/h6>\n<h6><i class=\"icon-tiny fa fa-check accent-color\"><\/i> Automatische Antwort<\/h6>\n<h6><i class=\"icon-tiny fa fa-check accent-color\"><\/i> Bildarchiv<\/h6>\n<h6><i class=\"icon-tiny fa fa-check accent-color\"><\/i> Stockfoto kostenlos<\/h6>\n<h6><i class=\"icon-tiny fa fa-check accent-color\"><\/i> Bildbearbeitung<\/h6>\n<h6><i class=\"icon-tiny fa fa-check accent-color\"><\/i> Planung<\/h6>\n<h6><del><i class=\"icon-tiny fa fa-check accent-color\"><\/i> WhatsApp Gateway<\/del><\/h6>\n<h6><i class=\"icon-tiny fa fa-check accent-color\"><\/i> SMS Gateway<\/h6>\n<h6><del><i class=\"icon-tiny fa fa-check accent-color\"><\/i> WordPress Plugin<\/del><\/h6>\n<h6><i class=\"icon-tiny fa fa-check accent-color\"><\/i> Kundenbetreuung<\/h6>\n\t<\/div>\n<\/div>\n\n\n\n<\/div><\/div><div class=\"pricing-column no-highlight accent-color\">\n\t\t\t<h3>Connect<\/h3>\n          <div class=\"pricing-column-content\">\n\t\t\t<h4> <span class=\"dollar-sign\">\u20ac<\/span> 299 <\/h4>\n\t\t\t<span class=\"interval\">Einmalig<\/span>\n<div class=\"wpb_text_column wpb_content_element\" >\n\t<div class=\"wpb_wrapper\">\n\t\t<h6><a class=\"nectar-button n-sc-button large accent-color has-icon regular-button\"  href=\"https:\/\/sendapp.live\/de\/produkt\/sendapp-web-connect\/\" data-color-override=\"false\" data-hover-color-override=\"false\" data-hover-text-color-override=\"#fff\"><span>kaufen<\/span><i class=\"icon-button-arrow\"><\/i><\/a><\/h6>\n<h6><i class=\"icon-tiny fa fa-check accent-color\"><\/i> Unbegrenzter Versand von Nachrichten<\/h6>\n<h6><i class=\"icon-tiny fa fa-check accent-color\"><\/i> Unbegrenzte Laufzeit<\/h6>\n<h6><i class=\"icon-tiny fa fa-check accent-color\"><\/i> Adressbuch<\/h6>\n<h6><i class=\"icon-tiny fa fa-check accent-color\"><\/i> Sendebericht<\/h6>\n<h6><i class=\"icon-tiny fa fa-check accent-color\"><\/i> Automatische Antwort<\/h6>\n<h6><i class=\"icon-tiny fa fa-check accent-color\"><\/i> Bildarchiv<\/h6>\n<h6><i class=\"icon-tiny fa fa-check accent-color\"><\/i> Stockfoto kostenlos<\/h6>\n<h6><i class=\"icon-tiny fa fa-check accent-color\"><\/i> Bildbearbeitung<\/h6>\n<h6><i class=\"icon-tiny fa fa-check accent-color\"><\/i> Planung<\/h6>\n<h6><i class=\"icon-tiny fa fa-check accent-color\"><\/i>\u00a0WhatsApp Gateway<\/h6>\n<h6><i class=\"icon-tiny fa fa-check accent-color\"><\/i>\u00a0SMS Gateway<\/h6>\n<h6><i class=\"icon-tiny fa fa-check accent-color\"><\/i> WordPress Plugin<\/h6>\n<h6><i class=\"icon-tiny fa fa-check accent-color\"><\/i> Kundenbetreuung<\/h6>\n\t<\/div>\n<\/div>\n\n\n\n<\/div><\/div><\/div>\n\t\t\t<\/div> \n\t\t<\/div>\n\t<\/div> \n<\/div><\/div>","protected":false},"excerpt":{"rendered":"Senden Sie WhatsApp-Massennachrichten mit SendApp f\u00fcr Ihre Marketingkampagnen. Wenn Sie nach einer effizienten M\u00f6glichkeit suchen, Nachrichten an mehrere Kontakte auf WhatsApp zu senden, dann ist SendApp m\u00f6glicherweise das Richtige f\u00fcr Sie ...","protected":false},"author":1,"featured_media":0,"parent":0,"menu_order":0,"comment_status":"closed","ping_status":"closed","template":"","meta":{"_daim_seo_power":"","_daim_enable_ail":"","footnotes":""},"class_list":["post-30124","page","type-page","status-publish"],"yoast_head":"<!-- This site is optimized with the Yoast SEO Premium plugin v27.5 (Yoast SEO v27.5) - https:\/\/yoast.com\/product\/yoast-seo-premium-wordpress\/ -->\n<title>invii multipli whatsapp<\/title>\n<meta name=\"description\" content=\"Invii multipli whatsapp. Experience the convenience of SendApp for your marketing needs. Easily send mass WhatsApp messages and automate marketing campaigns.\" \/>\n<meta name=\"robots\" content=\"index, follow, max-snippet:-1, max-image-preview:large, max-video-preview:-1\" \/>\n<link rel=\"canonical\" href=\"https:\/\/sendapp.live\/de\/mehrere-whatsapp-eingaben\/\" \/>\n<meta property=\"og:locale\" content=\"de_DE\" \/>\n<meta property=\"og:type\" content=\"article\" \/>\n<meta property=\"og:title\" content=\"invii multipli whatsapp\" \/>\n<meta property=\"og:description\" content=\"Invii multipli whatsapp. Experience the convenience of SendApp for your marketing needs. Easily send mass WhatsApp messages and automate marketing campaigns.\" \/>\n<meta property=\"og:url\" content=\"https:\/\/sendapp.live\/de\/mehrere-whatsapp-eingaben\/\" \/>\n<meta property=\"og:site_name\" content=\"SendApp - Software Whatsapp Marketing\" \/>\n<meta property=\"article:publisher\" content=\"https:\/\/www.facebook.com\/sendapp.live\" \/>\n<meta property=\"article:modified_time\" content=\"2024-11-18T15:58:49+00:00\" \/>\n<meta name=\"twitter:card\" content=\"summary_large_image\" \/>\n<meta name=\"twitter:site\" content=\"@sendapp_live\" \/>\n<meta name=\"twitter:label1\" content=\"Gesch\u00e4tzte Lesezeit\" \/>\n\t<meta name=\"twitter:data1\" content=\"6\u00a0Minuten\" \/>\n<script type=\"application\/ld+json\" class=\"yoast-schema-graph\">{\"@context\":\"https:\\\/\\\/schema.org\",\"@graph\":[{\"@type\":\"WebPage\",\"@id\":\"https:\\\/\\\/sendapp.live\\\/it\\\/invii-multipli-whatsapp\\\/\",\"url\":\"https:\\\/\\\/sendapp.live\\\/it\\\/invii-multipli-whatsapp\\\/\",\"name\":\"invii multipli whatsapp\",\"isPartOf\":{\"@id\":\"https:\\\/\\\/sendapp.live\\\/it\\\/#website\"},\"datePublished\":\"2024-06-20T17:53:37+00:00\",\"dateModified\":\"2024-11-18T15:58:49+00:00\",\"description\":\"Invii multipli whatsapp. Experience the convenience of SendApp for your marketing needs. Easily send mass WhatsApp messages and automate marketing campaigns.\",\"breadcrumb\":{\"@id\":\"https:\\\/\\\/sendapp.live\\\/it\\\/invii-multipli-whatsapp\\\/#breadcrumb\"},\"inLanguage\":\"de\",\"potentialAction\":[{\"@type\":\"ReadAction\",\"target\":[\"https:\\\/\\\/sendapp.live\\\/it\\\/invii-multipli-whatsapp\\\/\"]}]},{\"@type\":\"BreadcrumbList\",\"@id\":\"https:\\\/\\\/sendapp.live\\\/it\\\/invii-multipli-whatsapp\\\/#breadcrumb\",\"itemListElement\":[{\"@type\":\"ListItem\",\"position\":1,\"name\":\"Home\",\"item\":\"https:\\\/\\\/sendapp.live\\\/\"},{\"@type\":\"ListItem\",\"position\":2,\"name\":\"invii multipli whatsapp\"}]},{\"@type\":\"WebSite\",\"@id\":\"https:\\\/\\\/sendapp.live\\\/it\\\/#website\",\"url\":\"https:\\\/\\\/sendapp.live\\\/it\\\/\",\"name\":\"SendApp\",\"description\":\"Automate Your Messages &amp; Grow Your Business\",\"publisher\":{\"@id\":\"https:\\\/\\\/sendapp.live\\\/it\\\/#organization\"},\"alternateName\":\"SendApp WhatsApp Marketing\",\"potentialAction\":[{\"@type\":\"SearchAction\",\"target\":{\"@type\":\"EntryPoint\",\"urlTemplate\":\"https:\\\/\\\/sendapp.live\\\/it\\\/?s={search_term_string}\"},\"query-input\":{\"@type\":\"PropertyValueSpecification\",\"valueRequired\":true,\"valueName\":\"search_term_string\"}}],\"inLanguage\":\"de\"},{\"@type\":\"Organization\",\"@id\":\"https:\\\/\\\/sendapp.live\\\/it\\\/#organization\",\"name\":\"SendApp\",\"url\":\"https:\\\/\\\/sendapp.live\\\/it\\\/\",\"logo\":{\"@type\":\"ImageObject\",\"inLanguage\":\"de\",\"@id\":\"https:\\\/\\\/sendapp.live\\\/it\\\/#\\\/schema\\\/logo\\\/image\\\/\",\"url\":\"https:\\\/\\\/sendapp.live\\\/wp-content\\\/uploads\\\/2025\\\/04\\\/Logo-Sendapp-300x60-1.png\",\"contentUrl\":\"https:\\\/\\\/sendapp.live\\\/wp-content\\\/uploads\\\/2025\\\/04\\\/Logo-Sendapp-300x60-1.png\",\"width\":300,\"height\":60,\"caption\":\"SendApp\"},\"image\":{\"@id\":\"https:\\\/\\\/sendapp.live\\\/it\\\/#\\\/schema\\\/logo\\\/image\\\/\"},\"sameAs\":[\"https:\\\/\\\/www.facebook.com\\\/sendapp.live\",\"https:\\\/\\\/x.com\\\/sendapp_live\",\"https:\\\/\\\/www.instagram.com\\\/sendapp.live\",\"https:\\\/\\\/www.youtube.com\\\/channel\\\/UC2gaLpi0-OJLG4CFbOr6mLw\",\"https:\\\/\\\/it.trustpilot.com\\\/review\\\/sendapp.live\"],\"description\":\"Piattaforma italiana di WhatsApp Marketing con API ufficiali Meta. Assistente AI, campagne massive, SMS Gateway gratuito, Google Calendar, automazioni. Da \u20ac16\\\/mese senza markup sui messaggi.\",\"email\":\"info@sendapp.live\",\"foundingDate\":\"2016-07-25\"}]}<\/script>\n<!-- \/ Yoast SEO Premium plugin. -->","yoast_head_json":{"title":"mehrere Whatsapp-Eingaben","description":"Mehrere Whatsapp-Sendungen. Erleben Sie den Komfort von SendApp f\u00fcr Ihre Marketingbed\u00fcrfnisse. Senden Sie m\u00fchelos Massen-WhatsApp-Nachrichten und automatisieren Sie Marketingkampagnen.","robots":{"index":"index","follow":"follow","max-snippet":"max-snippet:-1","max-image-preview":"max-image-preview:large","max-video-preview":"max-video-preview:-1"},"canonical":"https:\/\/sendapp.live\/de\/mehrere-whatsapp-eingaben\/","og_locale":"de_DE","og_type":"article","og_title":"invii multipli whatsapp","og_description":"Invii multipli whatsapp. Experience the convenience of SendApp for your marketing needs. Easily send mass WhatsApp messages and automate marketing campaigns.","og_url":"https:\/\/sendapp.live\/de\/mehrere-whatsapp-eingaben\/","og_site_name":"SendApp - Software Whatsapp Marketing","article_publisher":"https:\/\/www.facebook.com\/sendapp.live","article_modified_time":"2024-11-18T15:58:49+00:00","twitter_card":"summary_large_image","twitter_site":"@sendapp_live","twitter_misc":{"Gesch\u00e4tzte Lesezeit":"6\u00a0Minuten"},"schema":{"@context":"https:\/\/schema.org","@graph":[{"@type":"WebPage","@id":"https:\/\/sendapp.live\/it\/invii-multipli-whatsapp\/","url":"https:\/\/sendapp.live\/it\/invii-multipli-whatsapp\/","name":"mehrere Whatsapp-Eingaben","isPartOf":{"@id":"https:\/\/sendapp.live\/it\/#website"},"datePublished":"2024-06-20T17:53:37+00:00","dateModified":"2024-11-18T15:58:49+00:00","description":"Mehrere Whatsapp-Sendungen. Erleben Sie den Komfort von SendApp f\u00fcr Ihre Marketingbed\u00fcrfnisse. Senden Sie m\u00fchelos Massen-WhatsApp-Nachrichten und automatisieren Sie Marketingkampagnen.","breadcrumb":{"@id":"https:\/\/sendapp.live\/it\/invii-multipli-whatsapp\/#breadcrumb"},"inLanguage":"de","potentialAction":[{"@type":"ReadAction","target":["https:\/\/sendapp.live\/it\/invii-multipli-whatsapp\/"]}]},{"@type":"BreadcrumbList","@id":"https:\/\/sendapp.live\/it\/invii-multipli-whatsapp\/#breadcrumb","itemListElement":[{"@type":"ListItem","position":1,"name":"Home","item":"https:\/\/sendapp.live\/"},{"@type":"ListItem","position":2,"name":"invii multipli whatsapp"}]},{"@type":"WebSite","@id":"https:\/\/sendapp.live\/it\/#website","url":"https:\/\/sendapp.live\/it\/","name":"SendApp","description":"Automatisieren Sie Ihre Nachrichten und steigern Sie Ihr Gesch\u00e4ft","publisher":{"@id":"https:\/\/sendapp.live\/it\/#organization"},"alternateName":"SendApp WhatsApp Marketing","potentialAction":[{"@type":"SearchAction","target":{"@type":"EntryPoint","urlTemplate":"https:\/\/sendapp.live\/it\/?s={search_term_string}"},"query-input":{"@type":"PropertyValueSpecification","valueRequired":true,"valueName":"search_term_string"}}],"inLanguage":"de"},{"@type":"Organization","@id":"https:\/\/sendapp.live\/it\/#organization","name":"SendApp","url":"https:\/\/sendapp.live\/it\/","logo":{"@type":"ImageObject","inLanguage":"de","@id":"https:\/\/sendapp.live\/it\/#\/schema\/logo\/image\/","url":"https:\/\/sendapp.live\/wp-content\/uploads\/2025\/04\/Logo-Sendapp-300x60-1.png","contentUrl":"https:\/\/sendapp.live\/wp-content\/uploads\/2025\/04\/Logo-Sendapp-300x60-1.png","width":300,"height":60,"caption":"SendApp"},"image":{"@id":"https:\/\/sendapp.live\/it\/#\/schema\/logo\/image\/"},"sameAs":["https:\/\/www.facebook.com\/sendapp.live","https:\/\/x.com\/sendapp_live","https:\/\/www.instagram.com\/sendapp.live","https:\/\/www.youtube.com\/channel\/UC2gaLpi0-OJLG4CFbOr6mLw","https:\/\/it.trustpilot.com\/review\/sendapp.live"],"description":"Italienische WhatsApp-Marketing-Plattform mit offizieller Meta-API. KI-Assistent, Massenkampagnen, kostenloses SMS-Gateway, Google Kalender, Automatisierungen. Ab 16 \u20ac\/Monat ohne Aufpreis f\u00fcr Nachrichten.","email":"info@sendapp.live","foundingDate":"2016-07-25"}]}},"_links":{"self":[{"href":"https:\/\/sendapp.live\/de\/wp-json\/wp\/v2\/pages\/30124","targetHints":{"allow":["GET"]}}],"collection":[{"href":"https:\/\/sendapp.live\/de\/wp-json\/wp\/v2\/pages"}],"about":[{"href":"https:\/\/sendapp.live\/de\/wp-json\/wp\/v2\/types\/page"}],"author":[{"embeddable":true,"href":"https:\/\/sendapp.live\/de\/wp-json\/wp\/v2\/users\/1"}],"replies":[{"embeddable":true,"href":"https:\/\/sendapp.live\/de\/wp-json\/wp\/v2\/comments?post=30124"}],"version-history":[{"count":6,"href":"https:\/\/sendapp.live\/de\/wp-json\/wp\/v2\/pages\/30124\/revisions"}],"predecessor-version":[{"id":30235,"href":"https:\/\/sendapp.live\/de\/wp-json\/wp\/v2\/pages\/30124\/revisions\/30235"}],"wp:attachment":[{"href":"https:\/\/sendapp.live\/de\/wp-json\/wp\/v2\/media?parent=30124"}],"curies":[{"name":"wp","href":"https:\/\/api.w.org\/{rel}","templated":true}]}}