{"id":30127,"date":"2024-06-20T19:55:37","date_gmt":"2024-06-20T17:55:37","guid":{"rendered":"https:\/\/sendapp.live\/?page_id=30127"},"modified":"2024-06-24T15:49:54","modified_gmt":"2024-06-24T13:49:54","slug":"whatsapp-massenabsender","status":"publish","type":"page","link":"https:\/\/sendapp.live\/de\/whatsapp-bulk-sender\/","title":{"rendered":"whatsapp massenabsender"},"content":{"rendered":"<div id=\"fws_69e24ac8ebc73\"  data-column-margin=\"default\" data-midnight=\"dark\" data-top-percent=\"5%\" data-bottom-percent=\"5%\"  class=\"wpb_row vc_row-fluid vc_row  right_padding_5pct left_padding_5pct\"  style=\"padding-top: calc(100vw * 0.05); padding-bottom: calc(100vw * 0.05); \"><div class=\"row-bg-wrap\" data-bg-animation=\"none\" data-bg-animation-delay=\"\" data-bg-overlay=\"false\"><div class=\"inner-wrap row-bg-layer\" ><div class=\"row-bg viewport-desktop\"  style=\"\"><\/div><\/div><\/div><div class=\"row_col_wrap_12 col span_12 dark left\">\n\t<div  class=\"vc_col-sm-12 wpb_column column_container vc_column_container col no-extra-padding inherit_tablet inherit_phone\"  data-padding-pos=\"all\" data-has-bg-color=\"false\" data-bg-color=\"\" data-bg-opacity=\"1\" data-animation=\"\" data-delay=\"0\" >\n\t\t<div class=\"vc_column-inner\" >\n\t\t\t<div class=\"wpb_wrapper\">\n\t\t\t\t<h1 style=\"font-size: 65px;color: #4b5b75;text-align: center;font-family:Raleway;font-weight:400;font-style:normal\" class=\"vc_custom_heading vc_do_custom_heading vc_custom_1719235433564\" >WhatsApp-Massenversand mit SendApp<\/h1>\n\t\t\t<\/div> \n\t\t<\/div>\n\t<\/div> \n<\/div><\/div>\n\t\t<div id=\"fws_69e24ac8ec22e\"  data-column-margin=\"default\" data-midnight=\"dark\"  class=\"wpb_row vc_row-fluid vc_row\"  style=\"padding-top: 0px; padding-bottom: 0px; \"><div class=\"row-bg-wrap\" data-bg-animation=\"none\" data-bg-animation-delay=\"\" data-bg-overlay=\"false\"><div class=\"inner-wrap row-bg-layer\" ><div class=\"row-bg viewport-desktop\"  style=\"\"><\/div><\/div><\/div><div class=\"row_col_wrap_12 col span_12 dark left\">\n\t<div  class=\"vc_col-sm-12 wpb_column column_container vc_column_container col no-extra-padding inherit_tablet inherit_phone\"  data-padding-pos=\"all\" data-has-bg-color=\"false\" data-bg-color=\"\" data-bg-opacity=\"1\" data-animation=\"\" data-delay=\"0\" >\n\t\t<div class=\"vc_column-inner\" >\n\t\t\t<div class=\"wpb_wrapper\">\n\t\t\t\t\n<div class=\"wpb_text_column wpb_content_element\" >\n\t<div class=\"wpb_wrapper\">\n\t\t<p><a href=\"https:\/\/sendapp.live\/de\/sendapp-desktop-preis\/\">SendApp<\/a> SendApp ist eine Software, mit der Sie schnell und effizient Massennachrichten \u00fcber WhatsApp versenden k\u00f6nnen. Mit dieser innovativen Plattform k\u00f6nnen Sie Kontaktlisten organisieren, die Sendeleistung \u00fcberwachen und die Effektivit\u00e4t von WhatsApp-Marketingkampagnen maximieren. In diesem Artikel erfahren Sie, wie SendApp funktioniert und welche Vorteile der Einsatz f\u00fcr den Massenversand von Nachrichten \u00fcber WhatsApp bietet.<\/p>\n<h2>Einf\u00fchrung in Sendapp zum Senden von Massennachrichten \u00fcber WhatsApp<\/h2>\n<p>Sendapp ist ein umfassendes Tool, das den Massenversand von Nachrichten \u00fcber WhatsApp vereinfacht. Dank seiner intuitiven Benutzeroberfl\u00e4che und umfangreichen Funktionen ist es zu einem unverzichtbaren Tool f\u00fcr Unternehmen geworden, die ihre Kunden direkt und effektiv erreichen m\u00f6chten.<\/p>\n<h2>So funktioniert die Software <a href=\"https:\/\/sendapp.live\/de\/sendapp-desktop-preis\/\" target=\"_blank\" rel=\"noopener\">SendApp<\/a> mehrere Nachrichten senden<\/h2>\n<p>Sendapp nutzt die WhatsApp-API-Technologie f\u00fcr automatisierte Massennachrichten. Nutzer k\u00f6nnen personalisierte Marketingkampagnen erstellen, Kontaktlisten organisieren und die Kampagnenleistung direkt von der Plattform aus verfolgen.<\/p>\n<h2>Vorteile der Verwendung von Sendapp zum Senden von Massennachrichten \u00fcber WhatsApp<\/h2>\n<p>Die Verwendung von sendapp bietet zahlreiche Vorteile: Sie sparen Zeit und Energie beim Senden mehrerer Nachrichten, Sie k\u00f6nnen schnell und effektiv ein gro\u00dfes Publikum erreichen und Sie k\u00f6nnen den Fortschritt Ihrer Kampagnen in Echtzeit \u00fcberwachen.<\/p>\n<h2>Schritte zum Senden von Massennachrichten auf WhatsApp mit <a href=\"https:\/\/sendapp.live\/de\/sendapp-desktop-preis\/\" target=\"_blank\" rel=\"noopener\">SendApp<\/a><\/h2>\n<p>Um Massennachrichten \u00fcber WhatsApp mit sendapp zu versenden, erstellen Sie einfach ein Konto, laden Sie eine Kontaktliste hoch, erstellen Sie eine benutzerdefinierte Nachricht und planen Sie den Versand. Sendapp k\u00fcmmert sich um den Rest und sorgt daf\u00fcr, dass Ihre Nachrichten effizient und pr\u00e4zise zugestellt werden.<\/p>\n<h2>Kontoeinrichtung <a href=\"https:\/\/sendapp.live\/de\/sendapp-desktop-preis\/\" target=\"_blank\" rel=\"noopener\">SendApp <\/a>mehrere Nachrichten senden<\/h2>\n<p>Die Einrichtung eines Sendapp-Kontos ist schnell und einfach. Benutzer k\u00f6nnen ihre Einstellungen anpassen, ihre Kontaktlisten verwalten und die Kampagnenleistung direkt \u00fcber das Sendapp-Dashboard \u00fcberwachen.<\/p>\n<h2>So organisieren Sie Kontaktlisten f\u00fcr SendApp auf WhatsApp<\/h2>\n<p>Die Organisation von Kontaktlisten auf sendapp ist f\u00fcr den Erfolg Ihrer Marketingkampagnen unerl\u00e4sslich. Benutzer k\u00f6nnen Kontaktgruppen basierend auf bestimmten Kriterien wie Interessen oder demografischen Merkmalen erstellen, um gezielte und personalisierte Nachrichten zu versenden.<\/p>\n<h2>\u00dcberwachen und analysieren Sie mehrere Sendungen mit sendapp auf <a href=\"https:\/\/it.wikipedia.org\/wiki\/WhatsApp\" target=\"_blank\" rel=\"noopener\">WhatsApp<\/a><\/h2>\n<p>Sendapp bietet Nutzern die M\u00f6glichkeit, die Leistung von Massensendungen \u00fcber WhatsApp zu \u00fcberwachen und zu analysieren. Mithilfe detaillierter Berichte und Echtzeitstatistiken k\u00f6nnen Sie die Effektivit\u00e4t Ihrer Kampagnen bewerten und Anpassungen vornehmen, um die Ergebnisse zu maximieren.<\/p>\n<h2>Einschr\u00e4nkungen und Beschr\u00e4nkungen beim Versenden von Massen-E-Mails mit sendapp<\/h2>\n<p>Es ist wichtig zu beachten, dass das Senden von Massennachrichten \u00fcber WhatsApp mit Sendapp bestimmten Einschr\u00e4nkungen und Beschr\u00e4nkungen unterliegt, z. B. der Einhaltung der Anti-Spam-Richtlinien von WhatsApp und der Einhaltung der t\u00e4glichen Sendelimits.<\/p>\n<h2>Tipps zur Maximierung der Effektivit\u00e4t mehrerer Mailings auf <a href=\"https:\/\/it.wikipedia.org\/wiki\/WhatsApp\" target=\"_blank\" rel=\"noopener\">WhatsApp<\/a><\/h2>\n<p>Um die Effektivit\u00e4t mehrerer Mailings zu maximieren <a href=\"https:\/\/it.wikipedia.org\/wiki\/WhatsApp\" target=\"_blank\" rel=\"noopener\">WhatsApp<\/a> mit <a href=\"https:\/\/sendapp.live\/de\/sendapp-desktop-preis\/\" target=\"_blank\" rel=\"noopener\">SendApp<\/a>ist es ratsam, personalisierte Nachrichten zu erstellen, Kontaktlisten anhand bestimmter Kriterien zu segmentieren und die Leistung Ihrer Kampagnen st\u00e4ndig zu \u00fcberwachen, um gegebenenfalls Korrekturen vorzunehmen.<\/p>\n<p>Zusammenfassend l\u00e4sst sich sagen, dass sendapp ein leistungsstarkes und vielseitiges Tool ist, mit dem Sie effizient und professionell Massennachrichten \u00fcber WhatsApp versenden k\u00f6nnen. Dank seiner zahlreichen Funktionen und seiner Benutzerfreundlichkeit hat sich sendapp als eine der besten L\u00f6sungen auf dem Markt f\u00fcr Unternehmen etabliert, die das Potenzial von WhatsApp f\u00fcr Marketing und Kommunikation voll aussch\u00f6pfen m\u00f6chten.<\/p>\n\t<\/div>\n<\/div>\n\n\n\n\n\t\t\t<\/div> \n\t\t<\/div>\n\t<\/div> \n<\/div><\/div>\n\t\t<div id=\"price\"  data-column-margin=\"default\" data-midnight=\"dark\" data-top-percent=\"4%\" data-bottom-percent=\"7%\"  class=\"wpb_row vc_row-fluid vc_row full-width-section\"  style=\"padding-top: calc(100vw * 0.04); padding-bottom: calc(100vw * 0.07); \"><div class=\"row-bg-wrap\" data-bg-animation=\"none\" data-bg-animation-delay=\"\" data-bg-overlay=\"false\"><div class=\"inner-wrap row-bg-layer\" ><div class=\"row-bg viewport-desktop\"  style=\"\"><\/div><\/div><\/div><div class=\"row_col_wrap_12 col span_12 dark left\">\n\t<div  class=\"vc_col-sm-12 wpb_column column_container vc_column_container col no-extra-padding inherit_tablet inherit_phone\"  data-padding-pos=\"all\" data-has-bg-color=\"false\" data-bg-color=\"\" data-bg-opacity=\"1\" data-animation=\"\" data-delay=\"0\" >\n\t\t<div class=\"vc_column-inner\" >\n\t\t\t<div class=\"wpb_wrapper\">\n\t\t\t\t<div id=\"fws_69e24ac8ec9f0\" data-midnight=\"\" data-column-margin=\"default\" class=\"wpb_row vc_row-fluid vc_row inner_row\"  style=\"\"><div class=\"row-bg-wrap\"> <div class=\"row-bg\" ><\/div> <\/div><div class=\"row_col_wrap_12_inner col span_12  left\">\n\t<div  class=\"vc_col-sm-12 wpb_column column_container vc_column_container col child_column centered-text has-animation no-extra-padding inherit_tablet inherit_phone\"   data-padding-pos=\"all\" data-has-bg-color=\"false\" data-bg-color=\"\" data-bg-opacity=\"1\" data-animation=\"fade-in\" data-delay=\"0\" >\n\t\t<div class=\"vc_column-inner\" >\n\t\t<div class=\"wpb_wrapper\">\n\t\t\t\n<div class=\"wpb_text_column wpb_content_element  vc_custom_1712152870190\" >\n\t<div class=\"wpb_wrapper\">\n\t\t<section class=\"main-section main-section-full main-section-slim\">\n<h1 class=\"row\">Einfache und transparente Preisgestaltung<\/h1>\n<h3 class=\"row\">Keine Geb\u00fchren und keine Kosten pro Nachricht.<\/h3>\n<p><span style=\"color: #999999;\">Der Preis variiert je nach den enthaltenen Funktionen und der Anzahl der automatischen Sendungen.<\/span><\/p>\n<\/section>\n\t<\/div>\n<\/div>\n\n\n\n\n\t\t<\/div> \n\t<\/div>\n\t<\/div> \n<\/div><\/div><div class=\"row pricing-table four-cols\" data-style=\"flat-alternative\"><div class=\"pricing-column no-highlight accent-color\">\n\t\t\t<h3>Free<\/h3>\n          <div class=\"pricing-column-content\">\n\t\t\t<h4> <span class=\"dollar-sign\">\u20ac<\/span> 0 <\/h4>\n\t\t\t<span class=\"interval\">7 Tage<\/span>\n<div class=\"wpb_text_column wpb_content_element\" >\n\t<div class=\"wpb_wrapper\">\n\t\t<h6><a class=\"nectar-button n-sc-button large accent-color has-icon regular-button\"  href=\"https:\/\/sendapp.live\/de\/produkt\/sendapp-frei\/\" data-color-override=\"false\" data-hover-color-override=\"false\" data-hover-text-color-override=\"#fff\"><span>Download<\/span><i class=\"icon-button-arrow\"><\/i><\/a><\/h6>\n<h6><i class=\"icon-tiny fa fa-check accent-color\"><\/i> 20 automatisierte Nachrichten<\/h6>\n<h6><i class=\"icon-tiny fa fa-check accent-color\"><\/i> 7 Tage<\/h6>\n<h6><i class=\"icon-tiny fa fa-check accent-color\"><\/i> Adressbuch<\/h6>\n<h6><i class=\"icon-tiny fa fa-check accent-color\"><\/i> Sendebericht<\/h6>\n<h6><i class=\"icon-tiny fa fa-check accent-color\"><\/i> Automatische Antwort<\/h6>\n<h6><i class=\"icon-tiny fa fa-check accent-color\"><\/i> Bildarchiv<\/h6>\n<h6><i class=\"icon-tiny fa fa-check accent-color\"><\/i> Stockfoto kostenlos<\/h6>\n<h6><i class=\"icon-tiny fa fa-check accent-color\"><\/i> Bildbearbeitung<\/h6>\n<h6><del><i class=\"icon-tiny fa fa-check accent-color\"><\/i> Planung<\/del><\/h6>\n<h6><del><i class=\"icon-tiny fa fa-check accent-color\"><\/i>\u00a0 WhatsApp Gateway<\/del><\/h6>\n<h6><del><i class=\"icon-tiny fa fa-check accent-color\"><\/i>\u00a0 SMS Gateway<\/del><\/h6>\n<h6><del><i class=\"icon-tiny fa fa-check accent-color\"><\/i> WordPress Plugin<\/del><\/h6>\n<h6><del><i class=\"icon-tiny fa fa-check accent-color\"><\/i> Kundenbetreuung<\/del><\/h6>\n\t<\/div>\n<\/div>\n\n\n\n<\/div><\/div><div class=\"pricing-column no-highlight accent-color\">\n\t\t\t<h3>Pro<\/h3>\n          <div class=\"pricing-column-content\">\n\t\t\t<h4> <span class=\"dollar-sign\">\u20ac<\/span> 90 <\/h4>\n\t\t\t<span class=\"interval\">Einmalig<\/span>\n<div class=\"wpb_text_column wpb_content_element\" >\n\t<div class=\"wpb_wrapper\">\n\t\t<h6><a class=\"nectar-button n-sc-button large accent-color has-icon regular-button\"  href=\"https:\/\/sendapp.live\/de\/produkt\/sendapp-professional\/\" data-color-override=\"false\" data-hover-color-override=\"false\" data-hover-text-color-override=\"#fff\"><span>kaufen<\/span><i class=\"icon-button-arrow\"><\/i><\/a><\/h6>\n<h6><i class=\"icon-tiny fa fa-check accent-color\"><\/i> 200 automatisierte Nachrichten<\/h6>\n<h6><i class=\"icon-tiny fa fa-check accent-color\"><\/i> Unbegrenzte Laufzeit<\/h6>\n<h6><i class=\"icon-tiny fa fa-check accent-color\"><\/i> Adressbuch<\/h6>\n<h6><i class=\"icon-tiny fa fa-check accent-color\"><\/i> Sendebericht<\/h6>\n<h6><del><i class=\"icon-tiny fa fa-check accent-color\"><\/i> Automatische Antwort<\/del><\/h6>\n<h6><i class=\"icon-tiny fa fa-check accent-color\"><\/i> Bildarchiv<\/h6>\n<h6><i class=\"icon-tiny fa fa-check accent-color\"><\/i> Stockfoto kostenlos<\/h6>\n<h6><i class=\"icon-tiny fa fa-check accent-color\"><\/i> Bildbearbeitung<\/h6>\n<h6><del><i class=\"icon-tiny fa fa-check accent-color\"><\/i> Planung<\/del><\/h6>\n<h6><del><i class=\"icon-tiny fa fa-check accent-color\"><\/i>\u00a0WhatsApp Gateway<\/del><\/h6>\n<h6><del><i class=\"icon-tiny fa fa-check accent-color\"><\/i>\u00a0SMS Gateway<\/del><\/h6>\n<h6><del><i class=\"icon-tiny fa fa-check accent-color\"><\/i> WordPress Plugin<\/del><\/h6>\n<h6><i class=\"icon-tiny fa fa-check accent-color\"><\/i> Kundenbetreuung<\/h6>\n\t<\/div>\n<\/div>\n\n\n\n<\/div><\/div><div class=\"pricing-column highlight accent-color\">\n\t\t\t<h3>Business<span class=\"highlight-reason\">empfohlen<\/span><\/h3>\n          <div class=\"pricing-column-content\">\n\t\t\t<h4> <span class=\"dollar-sign\">\u20ac<\/span> 199 <\/h4>\n\t\t\t<span class=\"interval\">Einmalig<\/span>\n<div class=\"wpb_text_column wpb_content_element\" >\n\t<div class=\"wpb_wrapper\">\n\t\t<h6><a class=\"nectar-button n-sc-button large accent-color has-icon regular-button\"  href=\"https:\/\/sendapp.live\/de\/produkt\/sendapp-business\/\" data-color-override=\"false\" data-hover-color-override=\"false\" data-hover-text-color-override=\"#fff\"><span>kaufen<\/span><i class=\"icon-button-arrow\"><\/i><\/a><\/h6>\n<h6><i class=\"icon-tiny fa fa-check accent-color\"><\/i> Unbegrenzter Versand von Nachrichten<\/h6>\n<h6><i class=\"icon-tiny fa fa-check accent-color\"><\/i> Unbegrenzte Laufzeit<\/h6>\n<h6><i class=\"icon-tiny fa fa-check accent-color\"><\/i> Adressbuch<\/h6>\n<h6><i class=\"icon-tiny fa fa-check accent-color\"><\/i> Sendebericht<\/h6>\n<h6><i class=\"icon-tiny fa fa-check accent-color\"><\/i> Automatische Antwort<\/h6>\n<h6><i class=\"icon-tiny fa fa-check accent-color\"><\/i> Bildarchiv<\/h6>\n<h6><i class=\"icon-tiny fa fa-check accent-color\"><\/i> Stockfoto kostenlos<\/h6>\n<h6><i class=\"icon-tiny fa fa-check accent-color\"><\/i> Bildbearbeitung<\/h6>\n<h6><i class=\"icon-tiny fa fa-check accent-color\"><\/i> Planung<\/h6>\n<h6><del><i class=\"icon-tiny fa fa-check accent-color\"><\/i> WhatsApp Gateway<\/del><\/h6>\n<h6><i class=\"icon-tiny fa fa-check accent-color\"><\/i> SMS Gateway<\/h6>\n<h6><del><i class=\"icon-tiny fa fa-check accent-color\"><\/i> WordPress Plugin<\/del><\/h6>\n<h6><i class=\"icon-tiny fa fa-check accent-color\"><\/i> Kundenbetreuung<\/h6>\n\t<\/div>\n<\/div>\n\n\n\n<\/div><\/div><div class=\"pricing-column no-highlight accent-color\">\n\t\t\t<h3>Connect<\/h3>\n          <div class=\"pricing-column-content\">\n\t\t\t<h4> <span class=\"dollar-sign\">\u20ac<\/span> 299 <\/h4>\n\t\t\t<span class=\"interval\">Einmalig<\/span>\n<div class=\"wpb_text_column wpb_content_element\" >\n\t<div class=\"wpb_wrapper\">\n\t\t<h6><a class=\"nectar-button n-sc-button large accent-color has-icon regular-button\"  href=\"https:\/\/sendapp.live\/de\/produkt\/sendapp-web-connect\/\" data-color-override=\"false\" data-hover-color-override=\"false\" data-hover-text-color-override=\"#fff\"><span>kaufen<\/span><i class=\"icon-button-arrow\"><\/i><\/a><\/h6>\n<h6><i class=\"icon-tiny fa fa-check accent-color\"><\/i> Unbegrenzter Versand von Nachrichten<\/h6>\n<h6><i class=\"icon-tiny fa fa-check accent-color\"><\/i> Unbegrenzte Laufzeit<\/h6>\n<h6><i class=\"icon-tiny fa fa-check accent-color\"><\/i> Adressbuch<\/h6>\n<h6><i class=\"icon-tiny fa fa-check accent-color\"><\/i> Sendebericht<\/h6>\n<h6><i class=\"icon-tiny fa fa-check accent-color\"><\/i> Automatische Antwort<\/h6>\n<h6><i class=\"icon-tiny fa fa-check accent-color\"><\/i> Bildarchiv<\/h6>\n<h6><i class=\"icon-tiny fa fa-check accent-color\"><\/i> Stockfoto kostenlos<\/h6>\n<h6><i class=\"icon-tiny fa fa-check accent-color\"><\/i> Bildbearbeitung<\/h6>\n<h6><i class=\"icon-tiny fa fa-check accent-color\"><\/i> Planung<\/h6>\n<h6><i class=\"icon-tiny fa fa-check accent-color\"><\/i>\u00a0WhatsApp Gateway<\/h6>\n<h6><i class=\"icon-tiny fa fa-check accent-color\"><\/i>\u00a0SMS Gateway<\/h6>\n<h6><i class=\"icon-tiny fa fa-check accent-color\"><\/i> WordPress Plugin<\/h6>\n<h6><i class=\"icon-tiny fa fa-check accent-color\"><\/i> Kundenbetreuung<\/h6>\n\t<\/div>\n<\/div>\n\n\n\n<\/div><\/div><\/div>\n\t\t\t<\/div> \n\t\t<\/div>\n\t<\/div> \n<\/div><\/div>","protected":false},"excerpt":{"rendered":"WhatsApp Bulk Sender mit SendApp Sendapp ist eine Software, mit der Sie schnell und effizient Massennachrichten \u00fcber WhatsApp versenden k\u00f6nnen. Diese innovative Plattform erm\u00f6glicht Ihnen die Organisation...","protected":false},"author":1,"featured_media":0,"parent":0,"menu_order":0,"comment_status":"closed","ping_status":"closed","template":"","meta":{"_daim_seo_power":"","_daim_enable_ail":"","footnotes":""},"class_list":["post-30127","page","type-page","status-publish"],"yoast_head":"<!-- This site is optimized with the Yoast SEO Premium plugin v27.3 (Yoast SEO v27.3) - https:\/\/yoast.com\/product\/yoast-seo-premium-wordpress\/ -->\n<title>WhatsApp Bulk Sender con SendApp<\/title>\n<meta name=\"robots\" content=\"index, follow, max-snippet:-1, max-image-preview:large, max-video-preview:-1\" \/>\n<link rel=\"canonical\" href=\"https:\/\/sendapp.live\/de\/whatsapp-massenabsender\/\" \/>\n<meta property=\"og:locale\" content=\"de_DE\" \/>\n<meta property=\"og:type\" content=\"article\" \/>\n<meta property=\"og:title\" content=\"whatsapp bulk sender\" \/>\n<meta property=\"og:url\" content=\"https:\/\/sendapp.live\/de\/whatsapp-massenabsender\/\" \/>\n<meta property=\"og:site_name\" content=\"SendApp - Software Whatsapp Marketing\" \/>\n<meta property=\"article:publisher\" content=\"https:\/\/www.facebook.com\/sendapp.live\" \/>\n<meta property=\"article:modified_time\" content=\"2024-06-24T13:49:54+00:00\" \/>\n<meta name=\"twitter:card\" content=\"summary_large_image\" \/>\n<meta name=\"twitter:site\" content=\"@sendapp_live\" \/>\n<meta name=\"twitter:label1\" content=\"Gesch\u00e4tzte Lesezeit\" \/>\n\t<meta name=\"twitter:data1\" content=\"6\u00a0Minuten\" \/>\n<script type=\"application\/ld+json\" class=\"yoast-schema-graph\">{\"@context\":\"https:\\\/\\\/schema.org\",\"@graph\":[{\"@type\":\"WebPage\",\"@id\":\"https:\\\/\\\/sendapp.live\\\/en\\\/whatsapp-bulk-sender\\\/\",\"url\":\"https:\\\/\\\/sendapp.live\\\/en\\\/whatsapp-bulk-sender\\\/\",\"name\":\"WhatsApp Bulk Sender con SendApp\",\"isPartOf\":{\"@id\":\"https:\\\/\\\/sendapp.live\\\/it\\\/#website\"},\"datePublished\":\"2024-06-20T17:55:37+00:00\",\"dateModified\":\"2024-06-24T13:49:54+00:00\",\"breadcrumb\":{\"@id\":\"https:\\\/\\\/sendapp.live\\\/en\\\/whatsapp-bulk-sender\\\/#breadcrumb\"},\"inLanguage\":\"de\",\"potentialAction\":[{\"@type\":\"ReadAction\",\"target\":[\"https:\\\/\\\/sendapp.live\\\/en\\\/whatsapp-bulk-sender\\\/\"]}]},{\"@type\":\"BreadcrumbList\",\"@id\":\"https:\\\/\\\/sendapp.live\\\/en\\\/whatsapp-bulk-sender\\\/#breadcrumb\",\"itemListElement\":[{\"@type\":\"ListItem\",\"position\":1,\"name\":\"Home\",\"item\":\"https:\\\/\\\/sendapp.live\\\/\"},{\"@type\":\"ListItem\",\"position\":2,\"name\":\"whatsapp bulk sender\"}]},{\"@type\":\"WebSite\",\"@id\":\"https:\\\/\\\/sendapp.live\\\/it\\\/#website\",\"url\":\"https:\\\/\\\/sendapp.live\\\/it\\\/\",\"name\":\"SendApp\",\"description\":\"Automate Your Messages &amp; Grow Your Business\",\"publisher\":{\"@id\":\"https:\\\/\\\/sendapp.live\\\/it\\\/#organization\"},\"alternateName\":\"SendApp WhatsApp Marketing\",\"potentialAction\":[{\"@type\":\"SearchAction\",\"target\":{\"@type\":\"EntryPoint\",\"urlTemplate\":\"https:\\\/\\\/sendapp.live\\\/it\\\/?s={search_term_string}\"},\"query-input\":{\"@type\":\"PropertyValueSpecification\",\"valueRequired\":true,\"valueName\":\"search_term_string\"}}],\"inLanguage\":\"de\"},{\"@type\":\"Organization\",\"@id\":\"https:\\\/\\\/sendapp.live\\\/it\\\/#organization\",\"name\":\"SendApp\",\"url\":\"https:\\\/\\\/sendapp.live\\\/it\\\/\",\"logo\":{\"@type\":\"ImageObject\",\"inLanguage\":\"de\",\"@id\":\"https:\\\/\\\/sendapp.live\\\/it\\\/#\\\/schema\\\/logo\\\/image\\\/\",\"url\":\"https:\\\/\\\/sendapp.live\\\/wp-content\\\/uploads\\\/2025\\\/04\\\/Logo-Sendapp-300x60-1.png\",\"contentUrl\":\"https:\\\/\\\/sendapp.live\\\/wp-content\\\/uploads\\\/2025\\\/04\\\/Logo-Sendapp-300x60-1.png\",\"width\":300,\"height\":60,\"caption\":\"SendApp\"},\"image\":{\"@id\":\"https:\\\/\\\/sendapp.live\\\/it\\\/#\\\/schema\\\/logo\\\/image\\\/\"},\"sameAs\":[\"https:\\\/\\\/www.facebook.com\\\/sendapp.live\",\"https:\\\/\\\/x.com\\\/sendapp_live\",\"https:\\\/\\\/www.instagram.com\\\/sendapp.live\",\"https:\\\/\\\/www.youtube.com\\\/channel\\\/UC2gaLpi0-OJLG4CFbOr6mLw\",\"https:\\\/\\\/it.trustpilot.com\\\/review\\\/sendapp.live\"],\"description\":\"Piattaforma italiana di WhatsApp Marketing con API ufficiali Meta. Assistente AI, campagne massive, SMS Gateway gratuito, Google Calendar, automazioni. Da \u20ac16\\\/mese senza markup sui messaggi.\",\"email\":\"info@sendapp.live\",\"foundingDate\":\"2016-07-25\"}]}<\/script>\n<!-- \/ Yoast SEO Premium plugin. -->","yoast_head_json":{"title":"WhatsApp-Massenversand mit SendApp","robots":{"index":"index","follow":"follow","max-snippet":"max-snippet:-1","max-image-preview":"max-image-preview:large","max-video-preview":"max-video-preview:-1"},"canonical":"https:\/\/sendapp.live\/de\/whatsapp-massenabsender\/","og_locale":"de_DE","og_type":"article","og_title":"whatsapp bulk sender","og_url":"https:\/\/sendapp.live\/de\/whatsapp-massenabsender\/","og_site_name":"SendApp - Software Whatsapp Marketing","article_publisher":"https:\/\/www.facebook.com\/sendapp.live","article_modified_time":"2024-06-24T13:49:54+00:00","twitter_card":"summary_large_image","twitter_site":"@sendapp_live","twitter_misc":{"Gesch\u00e4tzte Lesezeit":"6\u00a0Minuten"},"schema":{"@context":"https:\/\/schema.org","@graph":[{"@type":"WebPage","@id":"https:\/\/sendapp.live\/en\/whatsapp-bulk-sender\/","url":"https:\/\/sendapp.live\/en\/whatsapp-bulk-sender\/","name":"WhatsApp-Massenversand mit SendApp","isPartOf":{"@id":"https:\/\/sendapp.live\/it\/#website"},"datePublished":"2024-06-20T17:55:37+00:00","dateModified":"2024-06-24T13:49:54+00:00","breadcrumb":{"@id":"https:\/\/sendapp.live\/en\/whatsapp-bulk-sender\/#breadcrumb"},"inLanguage":"de","potentialAction":[{"@type":"ReadAction","target":["https:\/\/sendapp.live\/en\/whatsapp-bulk-sender\/"]}]},{"@type":"BreadcrumbList","@id":"https:\/\/sendapp.live\/en\/whatsapp-bulk-sender\/#breadcrumb","itemListElement":[{"@type":"ListItem","position":1,"name":"Home","item":"https:\/\/sendapp.live\/"},{"@type":"ListItem","position":2,"name":"whatsapp bulk sender"}]},{"@type":"WebSite","@id":"https:\/\/sendapp.live\/it\/#website","url":"https:\/\/sendapp.live\/it\/","name":"SendApp","description":"Automatisieren Sie Ihre Nachrichten und steigern Sie Ihr Gesch\u00e4ft","publisher":{"@id":"https:\/\/sendapp.live\/it\/#organization"},"alternateName":"SendApp WhatsApp Marketing","potentialAction":[{"@type":"SearchAction","target":{"@type":"EntryPoint","urlTemplate":"https:\/\/sendapp.live\/it\/?s={search_term_string}"},"query-input":{"@type":"PropertyValueSpecification","valueRequired":true,"valueName":"search_term_string"}}],"inLanguage":"de"},{"@type":"Organization","@id":"https:\/\/sendapp.live\/it\/#organization","name":"SendApp","url":"https:\/\/sendapp.live\/it\/","logo":{"@type":"ImageObject","inLanguage":"de","@id":"https:\/\/sendapp.live\/it\/#\/schema\/logo\/image\/","url":"https:\/\/sendapp.live\/wp-content\/uploads\/2025\/04\/Logo-Sendapp-300x60-1.png","contentUrl":"https:\/\/sendapp.live\/wp-content\/uploads\/2025\/04\/Logo-Sendapp-300x60-1.png","width":300,"height":60,"caption":"SendApp"},"image":{"@id":"https:\/\/sendapp.live\/it\/#\/schema\/logo\/image\/"},"sameAs":["https:\/\/www.facebook.com\/sendapp.live","https:\/\/x.com\/sendapp_live","https:\/\/www.instagram.com\/sendapp.live","https:\/\/www.youtube.com\/channel\/UC2gaLpi0-OJLG4CFbOr6mLw","https:\/\/it.trustpilot.com\/review\/sendapp.live"],"description":"Italienische WhatsApp-Marketing-Plattform mit offizieller Meta-API. KI-Assistent, Massenkampagnen, kostenloses SMS-Gateway, Google Kalender, Automatisierungen. Ab 16 \u20ac\/Monat ohne Aufpreis f\u00fcr Nachrichten.","email":"info@sendapp.live","foundingDate":"2016-07-25"}]}},"_links":{"self":[{"href":"https:\/\/sendapp.live\/de\/wp-json\/wp\/v2\/pages\/30127","targetHints":{"allow":["GET"]}}],"collection":[{"href":"https:\/\/sendapp.live\/de\/wp-json\/wp\/v2\/pages"}],"about":[{"href":"https:\/\/sendapp.live\/de\/wp-json\/wp\/v2\/types\/page"}],"author":[{"embeddable":true,"href":"https:\/\/sendapp.live\/de\/wp-json\/wp\/v2\/users\/1"}],"replies":[{"embeddable":true,"href":"https:\/\/sendapp.live\/de\/wp-json\/wp\/v2\/comments?post=30127"}],"version-history":[{"count":11,"href":"https:\/\/sendapp.live\/de\/wp-json\/wp\/v2\/pages\/30127\/revisions"}],"predecessor-version":[{"id":30231,"href":"https:\/\/sendapp.live\/de\/wp-json\/wp\/v2\/pages\/30127\/revisions\/30231"}],"wp:attachment":[{"href":"https:\/\/sendapp.live\/de\/wp-json\/wp\/v2\/media?parent=30127"}],"curies":[{"name":"wp","href":"https:\/\/api.w.org\/{rel}","templated":true}]}}