{"id":32180,"date":"2024-09-21T16:13:20","date_gmt":"2024-09-21T14:13:20","guid":{"rendered":"https:\/\/sendapp.live\/?page_id=32180"},"modified":"2025-04-07T18:07:52","modified_gmt":"2025-04-07T16:07:52","slug":"whatsapp-mit-make-automatisieren","status":"publish","type":"page","link":"https:\/\/sendapp.live\/de\/automatizzare-whatsapp-con-make\/","title":{"rendered":"Automatisieren Sie WhatsApp mit Make"},"content":{"rendered":"<div id=\"fws_69d8d2a9b9d13\"  data-column-margin=\"default\" data-midnight=\"dark\"  class=\"wpb_row vc_row-fluid vc_row\"  style=\"padding-top: 0px; padding-bottom: 0px; \"><div class=\"row-bg-wrap\" data-bg-animation=\"none\" data-bg-animation-delay=\"\" data-bg-overlay=\"false\"><div class=\"inner-wrap row-bg-layer\" ><div class=\"row-bg viewport-desktop\"  style=\"\"><\/div><\/div><\/div><div class=\"row_col_wrap_12 col span_12 dark left\">\n\t<div  class=\"vc_col-sm-6 wpb_column column_container vc_column_container col no-extra-padding inherit_tablet inherit_phone\"  data-padding-pos=\"all\" data-has-bg-color=\"false\" data-bg-color=\"\" data-bg-opacity=\"1\" data-animation=\"\" data-delay=\"0\" >\n\t\t<div class=\"vc_column-inner\" >\n\t\t\t<div class=\"wpb_wrapper\">\n\t\t\t\t<div class=\"img-with-aniamtion-wrap\" data-max-width=\"100%\" data-max-width-mobile=\"default\" data-shadow=\"none\" data-animation=\"fade-in\" >\n      <div class=\"inner\">\n        <div class=\"hover-wrap\"> \n          <div class=\"hover-wrap-inner\">\n            <img loading=\"lazy\" decoding=\"async\" class=\"img-with-animation skip-lazy\" data-delay=\"0\" height=\"2000\" width=\"2000\" data-animation=\"fade-in\" src=\"https:\/\/sendapp.live\/wp-content\/uploads\/2025\/01\/3917249.jpg\" alt=\"\" srcset=\"https:\/\/sendapp.live\/wp-content\/uploads\/2025\/01\/3917249.jpg 2000w, https:\/\/sendapp.live\/wp-content\/uploads\/2025\/01\/3917249-300x300.jpg 300w, https:\/\/sendapp.live\/wp-content\/uploads\/2025\/01\/3917249-1024x1024.jpg 1024w, https:\/\/sendapp.live\/wp-content\/uploads\/2025\/01\/3917249-150x150.jpg 150w, https:\/\/sendapp.live\/wp-content\/uploads\/2025\/01\/3917249-768x768.jpg 768w, https:\/\/sendapp.live\/wp-content\/uploads\/2025\/01\/3917249-1536x1536.jpg 1536w, https:\/\/sendapp.live\/wp-content\/uploads\/2025\/01\/3917249-12x12.jpg 12w, https:\/\/sendapp.live\/wp-content\/uploads\/2025\/01\/3917249-140x140.jpg 140w, https:\/\/sendapp.live\/wp-content\/uploads\/2025\/01\/3917249-100x100.jpg 100w, https:\/\/sendapp.live\/wp-content\/uploads\/2025\/01\/3917249-500x500.jpg 500w, https:\/\/sendapp.live\/wp-content\/uploads\/2025\/01\/3917249-350x350.jpg 350w, https:\/\/sendapp.live\/wp-content\/uploads\/2025\/01\/3917249-1000x1000.jpg 1000w, https:\/\/sendapp.live\/wp-content\/uploads\/2025\/01\/3917249-800x800.jpg 800w, https:\/\/sendapp.live\/wp-content\/uploads\/2025\/01\/3917249-600x600.jpg 600w\" sizes=\"auto, (max-width: 2000px) 100vw, 2000px\" \/>\n          <\/div>\n        <\/div>\n      <\/div>\n    <\/div>\n\t\t\t<\/div> \n\t\t<\/div>\n\t<\/div> \n\n\t<div style=\"margin-top: 10%; \" class=\"vc_col-sm-6 wpb_column column_container vc_column_container col no-extra-padding inherit_tablet inherit_phone\"  data-padding-pos=\"all\" data-has-bg-color=\"false\" data-bg-color=\"\" data-bg-opacity=\"1\" data-animation=\"\" data-delay=\"0\" >\n\t\t<div class=\"vc_column-inner\" >\n\t\t\t<div class=\"wpb_wrapper\">\n\t\t\t\t\n<div class=\"wpb_text_column wpb_content_element\" >\n\t<div class=\"wpb_wrapper\">\n\t\t<h1 style=\"text-align: left;\"><span style=\"color: #008000;\">Automatisieren Sie WhatsApp-Nachrichten mit Sendapp und Google Sheets<\/span><\/h1>\n<h1 style=\"text-align: left;\"><span style=\"color: #008000;\">Vollst\u00e4ndige Anleitung zur Integration mit Make<\/span><\/h1>\n\t<\/div>\n<\/div>\n\n\n\n\n\t\t\t<\/div> \n\t\t<\/div>\n\t<\/div> \n<\/div><\/div>\n\t\t<div id=\"fws_69d8d2a9ba636\"  data-column-margin=\"default\" data-midnight=\"dark\"  class=\"wpb_row vc_row-fluid vc_row\"  style=\"padding-top: 0px; padding-bottom: 0px; \"><div class=\"row-bg-wrap\" data-bg-animation=\"none\" data-bg-animation-delay=\"\" data-bg-overlay=\"false\"><div class=\"inner-wrap row-bg-layer\" ><div class=\"row-bg viewport-desktop\"  style=\"\"><\/div><\/div><\/div><div class=\"row_col_wrap_12 col span_12 dark left\">\n\t<div  class=\"vc_col-sm-12 wpb_column column_container vc_column_container col no-extra-padding inherit_tablet inherit_phone\"  data-padding-pos=\"all\" data-has-bg-color=\"false\" data-bg-color=\"\" data-bg-opacity=\"1\" data-animation=\"\" data-delay=\"0\" >\n\t\t<div class=\"vc_column-inner\" >\n\t\t\t<div class=\"wpb_wrapper\">\n\t\t\t\t\n<div class=\"wpb_text_column wpb_content_element\" >\n\t<div class=\"wpb_wrapper\">\n\t\t<p><b>Automatisieren Sie WhatsApp-Nachrichten<\/b> Sie sparen Zeit und verbessern die Effizienz Ihrer Kommunikation. In dieser Anleitung erfahren Sie, wie Sie eine Verbindung herstellen <b>SendApp<\/b> zu <b>Google Sheets<\/b> mit <b>Machen Sie<\/b> (ehemals Integromat), um automatisch WhatsApp-Nachrichten zu senden, wenn Sie Ihrer Tabelle neue Daten hinzuf\u00fcgen.<\/p>\n<h3><b>1. Was Sie brauchen<\/b><\/h3>\n<p>Bevor Sie beginnen, stellen Sie sicher, dass Sie alles haben, was Sie brauchen:<\/p>\n<ul>\n<li>ein <b>aktives Konto in der SendApp Cloud<\/b>. <a href=\"https:\/\/app.sendapp.cloud\" target=\"_blank\" rel=\"noopener\">Hier registrieren<\/a>.<\/li>\n<li>ein <b>Konto auf Make<\/b>. <a href=\"https:\/\/www.make.com\/en\/register?pc=sendapp\" target=\"_blank\" rel=\"noopener\">Hier anmelden<\/a>.<\/li>\n<li>Zugang zu <b>Google Sheets<\/b> mit einem <b>CSV-Vorlage<\/b> bereit mit Telefonnummern und Nachrichten.<\/li>\n<\/ul>\n<p><img decoding=\"async\" src=\"https:\/\/sendapp.live\/wp-content\/uploads\/2024\/09\/1.png\" alt=\"SendApp Cloud-Zugriff\" width=\"800\" \/><\/p>\n<h3><b>2. Erstellen Sie ein Szenario in Make<\/b><\/h3>\n<p><b>Erstens<\/b>, melden Sie sich bei Ihrem Make-Konto an und klicken Sie auf <b>\u201eErstellen Sie ein neues Szenario\u201c<\/b>. Dann:<\/p>\n<ul>\n<li>Klicken Sie auf das \u201e+\u201c-Symbol und suchen Sie <b>Google Sheets<\/b> als erstes Modul.<\/li>\n<li>Konfigurieren Sie das Formular, indem Sie das <b>CSV-Vorlage<\/b> von Ihrem Google Drive.<\/li>\n<li>W\u00e4hlen Sie das <b>Blattname<\/b> welches die Daten enth\u00e4lt (Blattname).<\/li>\n<\/ul>\n<p><img decoding=\"async\" src=\"https:\/\/sendapp.live\/wp-content\/uploads\/2024\/09\/4-1.png\" alt=\"Szenarioerstellung in Make\" width=\"800\" \/><\/p>\n<h3><b>3. SendApp als zweites Modul hinzuf\u00fcgen<\/b><\/h3>\n<p><b>Anschlie\u00dfend<\/b>, f\u00fcgen Sie das zweite Modul hinzu. Klicken Sie auf das \u201e+\u201c-Symbol und w\u00e4hlen Sie <b>SendApp<\/b>:<\/p>\n<ul>\n<li>Verbinden Sie Ihr SendApp-Konto, indem Sie die<b>Zugangs-Token<\/b> und der<b>Instanz-ID<\/b>Sie k\u00f6nnen sie von Ihrem Profil abrufen, indem Sie den QR-Code scannen.<\/li>\n<\/ul>\n<p><img decoding=\"async\" src=\"https:\/\/sendapp.live\/wp-content\/uploads\/2024\/09\/12.png\" alt=\"SendApp-Konfiguration\" width=\"800\" \/><\/p>\n<h3><b>4. SendApp-Felder konfigurieren<\/b><\/h3>\n<p><b>Am Ende<\/b>, konfigurieren Sie die erforderlichen Felder:<\/p>\n<ul>\n<li>Auf dem Feld <b>Rufnummer<\/b>, w\u00e4hlen Sie Telefonnummern aus dem Google Sheet aus.<\/li>\n<li>Auf dem Feld <b>Nachrichtentyp<\/b>, Sie w\u00e4hlen <b>Text<\/b>.<\/li>\n<li>Auf dem Feld <b>Botschaft<\/b>, personalisieren Sie die Nachricht mit Daten aus dem Blatt (z. B. dem Namen des Empf\u00e4ngers).<\/li>\n<\/ul>\n<p><img decoding=\"async\" src=\"https:\/\/sendapp.live\/wp-content\/uploads\/2024\/09\/13.png\" alt=\"SendApp-Feldkonfiguration\" width=\"800\" \/><\/p>\n<h3><b>5. F\u00fchren Sie den Test durch<\/b><\/h3>\n<p><b>Vor der Ver\u00f6ffentlichung des Szenarios<\/b>, f\u00fchren Sie einen Test durch. F\u00fcgen Sie dem Google Sheet eine Zeile hinzu und \u00fcberpr\u00fcfen Sie, ob die Nachricht korrekt \u00fcber Sendapp gesendet wird.<\/p>\n<h3><b>6. Ver\u00f6ffentlichen Sie das Szenario<\/b><\/h3>\n<p>Wenn der Test erfolgreich abgeschlossen wurde, klicken Sie auf <b>Ver\u00f6ffentlichen<\/b>Von nun an wird f\u00fcr jede neue Zeile, die zum Google Sheet hinzugef\u00fcgt wird, automatisch eine personalisierte WhatsApp-Nachricht gesendet.<\/p>\n<p><img decoding=\"async\" src=\"https:\/\/sendapp.live\/wp-content\/uploads\/2024\/09\/15.png\" alt=\"Szenario ver\u00f6ffentlichen\" width=\"800\" \/><\/p>\n<h3><b>Abschluss<\/b><\/h3>\n<p>Dank der Integration zwischen <b>SendApp<\/b> und <b>Google Sheets<\/b> \u00fcber <b>Machen Sie<\/b>automatisieren Sie Ihre Kommunikationsprozesse und steigern die Effizienz. Probieren Sie jetzt diese Anleitung aus, um personalisierte WhatsApp-Nachrichten zu versenden und wertvolle Zeit zu sparen!<\/p>\n\t<\/div>\n<\/div>\n\n\n\n\n\t\t\t<\/div> \n\t\t<\/div>\n\t<\/div> \n<\/div><\/div>","protected":false},"excerpt":{"rendered":"Automatisieren Sie WhatsApp-Nachrichten mit Sendapp und Google Sheets: Eine vollst\u00e4ndige Anleitung zur Integration mit Make. Die Automatisierung von WhatsApp-Nachrichten spart Ihnen Zeit und verbessert die Effizienz Ihrer Kommunikation. In...","protected":false},"author":1,"featured_media":32178,"parent":0,"menu_order":0,"comment_status":"closed","ping_status":"closed","template":"","meta":{"_daim_seo_power":"1000","_daim_enable_ail":"1","footnotes":""},"class_list":["post-32180","page","type-page","status-publish","has-post-thumbnail"],"yoast_head":"<!-- This site is optimized with the Yoast SEO Premium plugin v27.3 (Yoast SEO v27.3) - https:\/\/yoast.com\/product\/yoast-seo-premium-wordpress\/ -->\n<title>Automatizzare WhatsApp con Make - SendApp - Software Whatsapp Marketing<\/title>\n<meta name=\"description\" content=\"Automatizzare i processi di invio di messaggi WhatsApp tramite SendApp e Google Sheets utilizzando Make (ex Integromat)...\" \/>\n<meta name=\"robots\" content=\"index, follow, max-snippet:-1, max-image-preview:large, max-video-preview:-1\" \/>\n<link rel=\"canonical\" href=\"https:\/\/sendapp.live\/de\/whatsapp-mit-make-automatisieren\/\" \/>\n<meta property=\"og:locale\" content=\"de_DE\" \/>\n<meta property=\"og:type\" content=\"article\" \/>\n<meta property=\"og:title\" content=\"Automatizzare WhatsApp con Make\" \/>\n<meta property=\"og:description\" content=\"Automatizzare i processi di invio di messaggi WhatsApp tramite SendApp e Google Sheets utilizzando Make (ex Integromat)...\" \/>\n<meta property=\"og:url\" content=\"https:\/\/sendapp.live\/de\/whatsapp-mit-make-automatisieren\/\" \/>\n<meta property=\"og:site_name\" content=\"SendApp - Software Whatsapp Marketing\" \/>\n<meta property=\"article:publisher\" content=\"https:\/\/www.facebook.com\/sendapp.live\" \/>\n<meta property=\"article:modified_time\" content=\"2025-04-07T16:07:52+00:00\" \/>\n<meta property=\"og:image\" content=\"https:\/\/sendapp.live\/wp-content\/uploads\/2024\/09\/Copertina-Make-Sendapp-copia.jpg\" \/>\n\t<meta property=\"og:image:width\" content=\"1920\" \/>\n\t<meta property=\"og:image:height\" content=\"1080\" \/>\n\t<meta property=\"og:image:type\" content=\"image\/jpeg\" \/>\n<meta name=\"twitter:card\" content=\"summary_large_image\" \/>\n<meta name=\"twitter:site\" content=\"@sendapp_live\" \/>\n<meta name=\"twitter:label1\" content=\"Gesch\u00e4tzte Lesezeit\" \/>\n\t<meta name=\"twitter:data1\" content=\"3\u00a0Minuten\" \/>\n<script type=\"application\/ld+json\" class=\"yoast-schema-graph\">{\"@context\":\"https:\\\/\\\/schema.org\",\"@graph\":[{\"@type\":\"WebPage\",\"@id\":\"https:\\\/\\\/sendapp.live\\\/it\\\/automatizzare-whatsapp-con-make\\\/\",\"url\":\"https:\\\/\\\/sendapp.live\\\/it\\\/automatizzare-whatsapp-con-make\\\/\",\"name\":\"Automatizzare WhatsApp con Make - SendApp - Software Whatsapp Marketing\",\"isPartOf\":{\"@id\":\"https:\\\/\\\/sendapp.live\\\/it\\\/#website\"},\"primaryImageOfPage\":{\"@id\":\"https:\\\/\\\/sendapp.live\\\/it\\\/automatizzare-whatsapp-con-make\\\/#primaryimage\"},\"image\":{\"@id\":\"https:\\\/\\\/sendapp.live\\\/it\\\/automatizzare-whatsapp-con-make\\\/#primaryimage\"},\"thumbnailUrl\":\"https:\\\/\\\/sendapp.live\\\/wp-content\\\/uploads\\\/2024\\\/09\\\/Copertina-Make-Sendapp-copia.jpg\",\"datePublished\":\"2024-09-21T14:13:20+00:00\",\"dateModified\":\"2025-04-07T16:07:52+00:00\",\"description\":\"Automatizzare i processi di invio di messaggi WhatsApp tramite SendApp e Google Sheets utilizzando Make (ex Integromat)...\",\"breadcrumb\":{\"@id\":\"https:\\\/\\\/sendapp.live\\\/it\\\/automatizzare-whatsapp-con-make\\\/#breadcrumb\"},\"inLanguage\":\"de\",\"potentialAction\":[{\"@type\":\"ReadAction\",\"target\":[\"https:\\\/\\\/sendapp.live\\\/it\\\/automatizzare-whatsapp-con-make\\\/\"]}]},{\"@type\":\"ImageObject\",\"inLanguage\":\"de\",\"@id\":\"https:\\\/\\\/sendapp.live\\\/it\\\/automatizzare-whatsapp-con-make\\\/#primaryimage\",\"url\":\"https:\\\/\\\/sendapp.live\\\/wp-content\\\/uploads\\\/2024\\\/09\\\/Copertina-Make-Sendapp-copia.jpg\",\"contentUrl\":\"https:\\\/\\\/sendapp.live\\\/wp-content\\\/uploads\\\/2024\\\/09\\\/Copertina-Make-Sendapp-copia.jpg\",\"width\":1920,\"height\":1080,\"caption\":\"Blank computer screen on a desk in a retro home office\"},{\"@type\":\"BreadcrumbList\",\"@id\":\"https:\\\/\\\/sendapp.live\\\/it\\\/automatizzare-whatsapp-con-make\\\/#breadcrumb\",\"itemListElement\":[{\"@type\":\"ListItem\",\"position\":1,\"name\":\"Home\",\"item\":\"https:\\\/\\\/sendapp.live\\\/\"},{\"@type\":\"ListItem\",\"position\":2,\"name\":\"Automatizzare WhatsApp con Make\"}]},{\"@type\":\"WebSite\",\"@id\":\"https:\\\/\\\/sendapp.live\\\/it\\\/#website\",\"url\":\"https:\\\/\\\/sendapp.live\\\/it\\\/\",\"name\":\"SendApp\",\"description\":\"Automate Your Messages &amp; Grow Your Business\",\"publisher\":{\"@id\":\"https:\\\/\\\/sendapp.live\\\/it\\\/#organization\"},\"alternateName\":\"SendApp WhatsApp Marketing\",\"potentialAction\":[{\"@type\":\"SearchAction\",\"target\":{\"@type\":\"EntryPoint\",\"urlTemplate\":\"https:\\\/\\\/sendapp.live\\\/it\\\/?s={search_term_string}\"},\"query-input\":{\"@type\":\"PropertyValueSpecification\",\"valueRequired\":true,\"valueName\":\"search_term_string\"}}],\"inLanguage\":\"de\"},{\"@type\":\"Organization\",\"@id\":\"https:\\\/\\\/sendapp.live\\\/it\\\/#organization\",\"name\":\"SendApp\",\"url\":\"https:\\\/\\\/sendapp.live\\\/it\\\/\",\"logo\":{\"@type\":\"ImageObject\",\"inLanguage\":\"de\",\"@id\":\"https:\\\/\\\/sendapp.live\\\/it\\\/#\\\/schema\\\/logo\\\/image\\\/\",\"url\":\"https:\\\/\\\/sendapp.live\\\/wp-content\\\/uploads\\\/2025\\\/04\\\/Logo-Sendapp-300x60-1.png\",\"contentUrl\":\"https:\\\/\\\/sendapp.live\\\/wp-content\\\/uploads\\\/2025\\\/04\\\/Logo-Sendapp-300x60-1.png\",\"width\":300,\"height\":60,\"caption\":\"SendApp\"},\"image\":{\"@id\":\"https:\\\/\\\/sendapp.live\\\/it\\\/#\\\/schema\\\/logo\\\/image\\\/\"},\"sameAs\":[\"https:\\\/\\\/www.facebook.com\\\/sendapp.live\",\"https:\\\/\\\/x.com\\\/sendapp_live\",\"https:\\\/\\\/www.instagram.com\\\/sendapp.live\",\"https:\\\/\\\/www.youtube.com\\\/channel\\\/UC2gaLpi0-OJLG4CFbOr6mLw\",\"https:\\\/\\\/it.trustpilot.com\\\/review\\\/sendapp.live\"],\"description\":\"Piattaforma italiana di WhatsApp Marketing con API ufficiali Meta. Assistente AI, campagne massive, SMS Gateway gratuito, Google Calendar, automazioni. Da \u20ac16\\\/mese senza markup sui messaggi.\",\"email\":\"info@sendapp.live\",\"foundingDate\":\"2016-07-25\"}]}<\/script>\n<!-- \/ Yoast SEO Premium plugin. -->","yoast_head_json":{"title":"Automatisieren Sie WhatsApp mit Make \u2013 SendApp \u2013 WhatsApp-Marketingsoftware","description":"Automatisieren Sie den Versand von WhatsApp-Nachrichten \u00fcber SendApp und Google Sheets mit Make (ehemals Integromat) ...","robots":{"index":"index","follow":"follow","max-snippet":"max-snippet:-1","max-image-preview":"max-image-preview:large","max-video-preview":"max-video-preview:-1"},"canonical":"https:\/\/sendapp.live\/de\/whatsapp-mit-make-automatisieren\/","og_locale":"de_DE","og_type":"article","og_title":"Automatizzare WhatsApp con Make","og_description":"Automatizzare i processi di invio di messaggi WhatsApp tramite SendApp e Google Sheets utilizzando Make (ex Integromat)...","og_url":"https:\/\/sendapp.live\/de\/whatsapp-mit-make-automatisieren\/","og_site_name":"SendApp - Software Whatsapp Marketing","article_publisher":"https:\/\/www.facebook.com\/sendapp.live","article_modified_time":"2025-04-07T16:07:52+00:00","og_image":[{"width":1920,"height":1080,"url":"https:\/\/sendapp.live\/wp-content\/uploads\/2024\/09\/Copertina-Make-Sendapp-copia.jpg","type":"image\/jpeg"}],"twitter_card":"summary_large_image","twitter_site":"@sendapp_live","twitter_misc":{"Gesch\u00e4tzte Lesezeit":"3\u00a0Minuten"},"schema":{"@context":"https:\/\/schema.org","@graph":[{"@type":"WebPage","@id":"https:\/\/sendapp.live\/it\/automatizzare-whatsapp-con-make\/","url":"https:\/\/sendapp.live\/it\/automatizzare-whatsapp-con-make\/","name":"Automatisieren Sie WhatsApp mit Make \u2013 SendApp \u2013 WhatsApp-Marketingsoftware","isPartOf":{"@id":"https:\/\/sendapp.live\/it\/#website"},"primaryImageOfPage":{"@id":"https:\/\/sendapp.live\/it\/automatizzare-whatsapp-con-make\/#primaryimage"},"image":{"@id":"https:\/\/sendapp.live\/it\/automatizzare-whatsapp-con-make\/#primaryimage"},"thumbnailUrl":"https:\/\/sendapp.live\/wp-content\/uploads\/2024\/09\/Copertina-Make-Sendapp-copia.jpg","datePublished":"2024-09-21T14:13:20+00:00","dateModified":"2025-04-07T16:07:52+00:00","description":"Automatisieren Sie den Versand von WhatsApp-Nachrichten \u00fcber SendApp und Google Sheets mit Make (ehemals Integromat) ...","breadcrumb":{"@id":"https:\/\/sendapp.live\/it\/automatizzare-whatsapp-con-make\/#breadcrumb"},"inLanguage":"de","potentialAction":[{"@type":"ReadAction","target":["https:\/\/sendapp.live\/it\/automatizzare-whatsapp-con-make\/"]}]},{"@type":"ImageObject","inLanguage":"de","@id":"https:\/\/sendapp.live\/it\/automatizzare-whatsapp-con-make\/#primaryimage","url":"https:\/\/sendapp.live\/wp-content\/uploads\/2024\/09\/Copertina-Make-Sendapp-copia.jpg","contentUrl":"https:\/\/sendapp.live\/wp-content\/uploads\/2024\/09\/Copertina-Make-Sendapp-copia.jpg","width":1920,"height":1080,"caption":"Blank computer screen on a desk in a retro home office"},{"@type":"BreadcrumbList","@id":"https:\/\/sendapp.live\/it\/automatizzare-whatsapp-con-make\/#breadcrumb","itemListElement":[{"@type":"ListItem","position":1,"name":"Home","item":"https:\/\/sendapp.live\/"},{"@type":"ListItem","position":2,"name":"Automatizzare WhatsApp con Make"}]},{"@type":"WebSite","@id":"https:\/\/sendapp.live\/it\/#website","url":"https:\/\/sendapp.live\/it\/","name":"SendApp","description":"Automatisieren Sie Ihre Nachrichten und steigern Sie Ihr Gesch\u00e4ft","publisher":{"@id":"https:\/\/sendapp.live\/it\/#organization"},"alternateName":"SendApp WhatsApp Marketing","potentialAction":[{"@type":"SearchAction","target":{"@type":"EntryPoint","urlTemplate":"https:\/\/sendapp.live\/it\/?s={search_term_string}"},"query-input":{"@type":"PropertyValueSpecification","valueRequired":true,"valueName":"search_term_string"}}],"inLanguage":"de"},{"@type":"Organization","@id":"https:\/\/sendapp.live\/it\/#organization","name":"SendApp","url":"https:\/\/sendapp.live\/it\/","logo":{"@type":"ImageObject","inLanguage":"de","@id":"https:\/\/sendapp.live\/it\/#\/schema\/logo\/image\/","url":"https:\/\/sendapp.live\/wp-content\/uploads\/2025\/04\/Logo-Sendapp-300x60-1.png","contentUrl":"https:\/\/sendapp.live\/wp-content\/uploads\/2025\/04\/Logo-Sendapp-300x60-1.png","width":300,"height":60,"caption":"SendApp"},"image":{"@id":"https:\/\/sendapp.live\/it\/#\/schema\/logo\/image\/"},"sameAs":["https:\/\/www.facebook.com\/sendapp.live","https:\/\/x.com\/sendapp_live","https:\/\/www.instagram.com\/sendapp.live","https:\/\/www.youtube.com\/channel\/UC2gaLpi0-OJLG4CFbOr6mLw","https:\/\/it.trustpilot.com\/review\/sendapp.live"],"description":"Italienische WhatsApp-Marketing-Plattform mit offizieller Meta-API. KI-Assistent, Massenkampagnen, kostenloses SMS-Gateway, Google Kalender, Automatisierungen. Ab 16 \u20ac\/Monat ohne Aufpreis f\u00fcr Nachrichten.","email":"info@sendapp.live","foundingDate":"2016-07-25"}]}},"_links":{"self":[{"href":"https:\/\/sendapp.live\/de\/wp-json\/wp\/v2\/pages\/32180","targetHints":{"allow":["GET"]}}],"collection":[{"href":"https:\/\/sendapp.live\/de\/wp-json\/wp\/v2\/pages"}],"about":[{"href":"https:\/\/sendapp.live\/de\/wp-json\/wp\/v2\/types\/page"}],"author":[{"embeddable":true,"href":"https:\/\/sendapp.live\/de\/wp-json\/wp\/v2\/users\/1"}],"replies":[{"embeddable":true,"href":"https:\/\/sendapp.live\/de\/wp-json\/wp\/v2\/comments?post=32180"}],"version-history":[{"count":6,"href":"https:\/\/sendapp.live\/de\/wp-json\/wp\/v2\/pages\/32180\/revisions"}],"predecessor-version":[{"id":33880,"href":"https:\/\/sendapp.live\/de\/wp-json\/wp\/v2\/pages\/32180\/revisions\/33880"}],"wp:featuredmedia":[{"embeddable":true,"href":"https:\/\/sendapp.live\/de\/wp-json\/wp\/v2\/media\/32178"}],"wp:attachment":[{"href":"https:\/\/sendapp.live\/de\/wp-json\/wp\/v2\/media?parent=32180"}],"curies":[{"name":"wp","href":"https:\/\/api.w.org\/{rel}","templated":true}]}}