{"id":630,"date":"2019-05-23T18:36:15","date_gmt":"2019-05-23T16:36:15","guid":{"rendered":"https:\/\/sendapp.live\/?page_id=630"},"modified":"2025-06-05T13:02:58","modified_gmt":"2025-06-05T11:02:58","slug":"terms-und-bedingungen-der-nutzung","status":"publish","type":"page","link":"https:\/\/sendapp.live\/de\/terms-and-conditions-of-use\/","title":{"rendered":"Nutzungsbedingungen"},"content":{"rendered":"<div id=\"fws_69d84f1d8d6fe\"  data-column-margin=\"default\" data-midnight=\"dark\"  class=\"wpb_row vc_row-fluid vc_row\"  style=\"padding-top: 0px; padding-bottom: 0px; \"><div class=\"row-bg-wrap\" data-bg-animation=\"none\" data-bg-animation-delay=\"\" data-bg-overlay=\"false\"><div class=\"inner-wrap row-bg-layer\" ><div class=\"row-bg viewport-desktop\"  style=\"\"><\/div><\/div><\/div><div class=\"row_col_wrap_12 col span_12 dark left\">\n\t<div  class=\"vc_col-sm-2 wpb_column column_container vc_column_container col no-extra-padding inherit_tablet inherit_phone\"  data-padding-pos=\"all\" data-has-bg-color=\"false\" data-bg-color=\"\" data-bg-opacity=\"1\" data-animation=\"\" data-delay=\"0\" >\n\t\t<div class=\"vc_column-inner\" >\n\t\t\t<div class=\"wpb_wrapper\">\n\t\t\t\t\n\t\t\t<\/div> \n\t\t<\/div>\n\t<\/div> \n\n\t<div  class=\"vc_col-sm-8 wpb_column column_container vc_column_container col no-extra-padding inherit_tablet inherit_phone\"  data-padding-pos=\"all\" data-has-bg-color=\"false\" data-bg-color=\"\" data-bg-opacity=\"1\" data-animation=\"\" data-delay=\"0\" >\n\t\t<div class=\"vc_column-inner\" >\n\t\t\t<div class=\"wpb_wrapper\">\n\t\t\t\t\n<div class=\"wpb_text_column wpb_content_element\" >\n\t<div class=\"wpb_wrapper\">\n\t\t<h2>SendApp - Allgemeine Gesch\u00e4ftsbedingungen<\/h2>\n<p>Die folgenden allgemeinen Gesch\u00e4ftsbedingungen (im Folgenden \"Gesch\u00e4ftsbedingungen\") regeln die Nutzung dieser Website und der \u00fcber die Websites (im Folgenden \"Sites\") sendapp.live, sendapp.cloud zur Verf\u00fcgung gestellten Inhalte, einschlie\u00dflich, aber nicht beschr\u00e4nkt auf:<\/p>\n<p><strong>Name der Standorte<\/strong>sendapp.live, sendapp.cloud<\/p>\n<p>Die Sites sind Eigentum von SendApp, einem Produkt von SendApp Inc. (im Folgenden \"SendApp\", \"wir\", \"uns\" oder \"unser\") und werden von diesem betrieben. Ihr Zugriff auf die Sites und deren Nutzung bedeutet, dass Sie diese Allgemeinen Gesch\u00e4ftsbedingungen in ihrer Gesamtheit akzeptieren.<\/p>\n<h3><\/h3>\n<h3>1. Anmeldung<\/h3>\n<p>Es ist nicht notwendig, sich auf den Seiten zu registrieren, um auf Inhalte oder Dienste zuzugreifen, jedoch k\u00f6nnen einige Bereiche und Funktionen auf registrierte Benutzer beschr\u00e4nkt sein. In diesem Fall muss der Nutzer eine separate Abonnementvereinbarung akzeptieren.<\/p>\n<h3>2. Eigentumsrechte<\/h3>\n<p>Durch die Nutzung der Websites werden Ihnen keine Rechte am geistigen Eigentum des Inhalts, des Codes, der Daten oder der Materialien, auf die Sie zugreifen, einger\u00e4umt. Es darf nur eine Kopie des Inhalts f\u00fcr den pers\u00f6nlichen, nicht-kommerziellen Gebrauch heruntergeladen werden. Jede unbefugte Nutzung kann eine Verletzung der italienischen oder internationalen Gesetze darstellen.<\/p>\n<h3>3. Urheberrechtsvertreter<\/h3>\n<p>Im Falle einer vermuteten Urheberrechtsverletzung kann der Nutzer SendApp kontaktieren und die gesetzlich vorgeschriebenen detaillierten Informationen zur Verf\u00fcgung stellen.<\/p>\n<h3>4. Marken<\/h3>\n<p>Die Marken auf den Sites sind von SendApp oder Dritten eingetragen. Kein Teil der Sites darf als Gew\u00e4hrung einer Lizenz zur Nutzung solcher Marken ausgelegt werden.<\/p>\n<h3>5. \u00c4nderungen der Allgemeinen Gesch\u00e4ftsbedingungen<\/h3>\n<p>SendApp beh\u00e4lt sich das Recht vor, die Allgemeinen Gesch\u00e4ftsbedingungen jederzeit zu \u00e4ndern. Die \u00c4nderungen werden mit ihrer Ver\u00f6ffentlichung auf den Sites wirksam.<\/p>\n<h3>6. Benutzerinformationen<\/h3>\n<p>Sie sind f\u00fcr die Richtigkeit der von Ihnen angegebenen pers\u00f6nlichen Daten verantwortlich. Unsere Datenschutzrichtlinie finden Sie im Abschnitt Datenschutz.<\/p>\n<h3>7. Links zu Websites<\/h3>\n<p>Es ist nur erlaubt, Links zu den Sites auf vollst\u00e4ndige HTML-Seiten zu setzen. SendApp beh\u00e4lt sich das Recht vor, diese Erlaubnis jederzeit zu widerrufen.<\/p>\n<h3>8. Websites von Dritten<\/h3>\n<p>SendApp ist nicht verantwortlich f\u00fcr den Inhalt, die Dienstleistungen oder das Material auf verlinkten Websites. Die Aufnahme eines Links bedeutet nicht, dass SendApp diesen bef\u00fcrwortet.<\/p>\n<h3><\/h3>\n<h3>9. R\u00fcckerstattungsausschlussklausel<\/h3>\n<p>Alle Softwareprodukte, die \u00fcber die Websites verkauft werden, gelten als <strong>digitale Assets aktiviert und sofort nutzbar<\/strong>. Gem\u00e4\u00df den geltenden Rechtsvorschriften (Richtlinie 2011\/83\/EU), <strong>es besteht kein R\u00fccktritts- oder Erstattungsrecht f\u00fcr aktivierte digitale Produkte<\/strong>.<\/p>\n<p>Der Nutzer akzeptiert unwiderruflich, dass der Kauf den Verzicht auf jegliches Recht auf R\u00fcckerstattung mit sich bringt, es sei denn, SendApp verzichtet ausnahmsweise ausdr\u00fccklich und schriftlich darauf.<\/p>\n<h3><\/h3>\n<h3>10. Haftungsausschluss<\/h3>\n<p>SendApp <strong>\u00fcbernimmt keine Haftung f\u00fcr die unsachgem\u00e4\u00dfe, rechtswidrige oder nicht konforme Nutzung der Software durch den Nutzer<\/strong>. Der Nutzer ist verpflichtet, das Tool in voller \u00dcbereinstimmung mit den Vorschriften zu nutzen, einschlie\u00dflich der Richtlinien der Plattformen (z. B. WhatsApp) und der GDPR.<\/p>\n<p>Eine missbr\u00e4uchliche Nutzung des Tools, wie z. B. das Versenden von Spam oder das Hochladen von unprofilierten Adressb\u00fcchern, kann zur Sperrung der Nummer oder zur Unterbrechung des Dienstes durch Dritte f\u00fchren. <strong>SendApp lehnt jede Haftung f\u00fcr direkte oder indirekte Sch\u00e4den, Blockierungen, Unterbrechungen oder Verluste ab, die durch einen solchen Missbrauch verursacht werden.<\/strong>.<\/p>\n<h3><\/h3>\n<h3>11. Ausschluss von Garantien<\/h3>\n<p>Im Rahmen der gesetzlichen Bestimmungen:<br \/>\n- Der Inhalt und die Dienste werden ohne M\u00e4ngelgew\u00e4hr bereitgestellt.<br \/>\n- SendApp \u00fcbernimmt keine Garantie f\u00fcr die ununterbrochene oder fehlerfreie Verf\u00fcgbarkeit der Sites.<br \/>\n- SendApp haftet nicht f\u00fcr indirekte Sch\u00e4den, Daten- oder Gewinnverluste, die durch die Nutzung der Sites entstehen.<\/p>\n<h3><\/h3>\n<h3>12. Lizenz<\/h3>\n<p>Die Lizenz ist lebenslang g\u00fcltig, kann aber jeweils nur auf einem Ger\u00e4t verwendet werden. Im Falle eines Fehlers k\u00f6nnen Sie eine R\u00fccksetzung anfordern, indem Sie eine E-Mail senden an <a href=\"mailto:info@sendapp.live\">info@sendapp.live<\/a>.<\/p>\n<h3><\/h3>\n<h3>13. Geltende Rechtsvorschriften<\/h3>\n<p>Diese Allgemeinen Gesch\u00e4ftsbedingungen unterliegen italienischem Recht. Der Zugriff auf die Seiten aus anderen Rechtsordnungen unterliegt der Verantwortung des Nutzers.<\/p>\n<h3><\/h3>\n<h3>14. Anti-Spam-Politik<\/h3>\n<p>Die Verwendung der Software zum Versenden von Spam ist verboten. Verst\u00f6\u00dfe f\u00fchren zur Aussetzung oder Beendigung des Dienstes, sowie zu m\u00f6glichen rechtlichen Schritten.<\/p>\n<h3><\/h3>\n<h3>15. Pers\u00f6nliche Daten<\/h3>\n<p>Indem Sie diese Bedingungen akzeptieren, stimmen Sie der Verwendung Ihrer Daten f\u00fcr Werbezwecke zu. Sie k\u00f6nnen jederzeit die L\u00f6schung der Daten verlangen.<\/p>\n<p>&nbsp;<\/p>\n<p><strong>Notiz<\/strong>SendApp ist nicht mit WhatsApp (WhatsApp Inc. und\/oder WhatsApp Ireland Limited) oder einem anderen Meta-Unternehmen verbunden. Jegliche \u00c4nderungen dieser Plattformen k\u00f6nnen den Betrieb der Software beeintr\u00e4chtigen oder verhindern. Die Daten bleiben lokal auf dem Ger\u00e4t des Nutzers gespeichert.<\/p>\n\t<\/div>\n<\/div>\n\n\n\n\n\t\t\t<\/div> \n\t\t<\/div>\n\t<\/div> \n\n\t<div  class=\"vc_col-sm-2 wpb_column column_container vc_column_container col no-extra-padding inherit_tablet inherit_phone\"  data-padding-pos=\"all\" data-has-bg-color=\"false\" data-bg-color=\"\" data-bg-opacity=\"1\" data-animation=\"\" data-delay=\"0\" >\n\t\t<div class=\"vc_column-inner\" >\n\t\t\t<div class=\"wpb_wrapper\">\n\t\t\t\t\n\t\t\t<\/div> \n\t\t<\/div>\n\t<\/div> \n<\/div><\/div>","protected":false},"excerpt":{"rendered":"SendApp \u2013 Nutzungsbedingungen Die folgenden allgemeinen Bedingungen (nachfolgend \u201eNutzungsbedingungen\u201c) regeln die Nutzung dieser Website und der \u00fcber die Websites bereitgestellten Inhalte \u2026","protected":false},"author":1,"featured_media":0,"parent":0,"menu_order":0,"comment_status":"closed","ping_status":"open","template":"","meta":{"_daim_seo_power":"1000","_daim_enable_ail":"1","footnotes":""},"class_list":["post-630","page","type-page","status-publish"],"yoast_head":"<!-- This site is optimized with the Yoast SEO Premium plugin v27.3 (Yoast SEO v27.3) - https:\/\/yoast.com\/product\/yoast-seo-premium-wordpress\/ -->\n<title>Terms and conditions of use message campaing whatsapp- SendApp - Software Whatsapp Marketing<\/title>\n<meta name=\"description\" content=\"terms and conditions of use - sendapp - create massive message campaign with whatsapp to all phone numbers. Get sending report. Programm sendings.\" \/>\n<meta name=\"robots\" content=\"index, follow, max-snippet:-1, max-image-preview:large, max-video-preview:-1\" \/>\n<link rel=\"canonical\" href=\"https:\/\/sendapp.live\/de\/terms-und-bedingungen-der-nutzung\/\" \/>\n<meta property=\"og:locale\" content=\"de_DE\" \/>\n<meta property=\"og:type\" content=\"article\" \/>\n<meta property=\"og:title\" content=\"Terms and conditions of use\" \/>\n<meta property=\"og:description\" content=\"terms and conditions of use - sendapp - create massive message campaign with whatsapp to all phone numbers. Get sending report. Programm sendings.\" \/>\n<meta property=\"og:url\" content=\"https:\/\/sendapp.live\/de\/terms-und-bedingungen-der-nutzung\/\" \/>\n<meta property=\"og:site_name\" content=\"SendApp - Software Whatsapp Marketing\" \/>\n<meta property=\"article:publisher\" content=\"https:\/\/www.facebook.com\/sendapp.live\" \/>\n<meta property=\"article:modified_time\" content=\"2025-06-05T11:02:58+00:00\" \/>\n<meta name=\"twitter:card\" content=\"summary_large_image\" \/>\n<meta name=\"twitter:site\" content=\"@sendapp_live\" \/>\n<meta name=\"twitter:label1\" content=\"Gesch\u00e4tzte Lesezeit\" \/>\n\t<meta name=\"twitter:data1\" content=\"4\u00a0Minuten\" \/>\n<script type=\"application\/ld+json\" class=\"yoast-schema-graph\">{\"@context\":\"https:\\\/\\\/schema.org\",\"@graph\":[{\"@type\":\"WebPage\",\"@id\":\"https:\\\/\\\/sendapp.live\\\/en\\\/terms-and-conditions-of-use\\\/\",\"url\":\"https:\\\/\\\/sendapp.live\\\/en\\\/terms-and-conditions-of-use\\\/\",\"name\":\"Terms and conditions of use message campaing whatsapp- SendApp - Software Whatsapp Marketing\",\"isPartOf\":{\"@id\":\"https:\\\/\\\/sendapp.live\\\/it\\\/#website\"},\"datePublished\":\"2019-05-23T16:36:15+00:00\",\"dateModified\":\"2025-06-05T11:02:58+00:00\",\"description\":\"terms and conditions of use - sendapp - create massive message campaign with whatsapp to all phone numbers. Get sending report. Programm sendings.\",\"breadcrumb\":{\"@id\":\"https:\\\/\\\/sendapp.live\\\/en\\\/terms-and-conditions-of-use\\\/#breadcrumb\"},\"inLanguage\":\"de\",\"potentialAction\":[{\"@type\":\"ReadAction\",\"target\":[\"https:\\\/\\\/sendapp.live\\\/en\\\/terms-and-conditions-of-use\\\/\"]}]},{\"@type\":\"BreadcrumbList\",\"@id\":\"https:\\\/\\\/sendapp.live\\\/en\\\/terms-and-conditions-of-use\\\/#breadcrumb\",\"itemListElement\":[{\"@type\":\"ListItem\",\"position\":1,\"name\":\"Home\",\"item\":\"https:\\\/\\\/sendapp.live\\\/\"},{\"@type\":\"ListItem\",\"position\":2,\"name\":\"Terms and conditions of use\"}]},{\"@type\":\"WebSite\",\"@id\":\"https:\\\/\\\/sendapp.live\\\/it\\\/#website\",\"url\":\"https:\\\/\\\/sendapp.live\\\/it\\\/\",\"name\":\"SendApp\",\"description\":\"Automate Your Messages &amp; Grow Your Business\",\"publisher\":{\"@id\":\"https:\\\/\\\/sendapp.live\\\/it\\\/#organization\"},\"alternateName\":\"SendApp WhatsApp Marketing\",\"potentialAction\":[{\"@type\":\"SearchAction\",\"target\":{\"@type\":\"EntryPoint\",\"urlTemplate\":\"https:\\\/\\\/sendapp.live\\\/it\\\/?s={search_term_string}\"},\"query-input\":{\"@type\":\"PropertyValueSpecification\",\"valueRequired\":true,\"valueName\":\"search_term_string\"}}],\"inLanguage\":\"de\"},{\"@type\":\"Organization\",\"@id\":\"https:\\\/\\\/sendapp.live\\\/it\\\/#organization\",\"name\":\"SendApp\",\"url\":\"https:\\\/\\\/sendapp.live\\\/it\\\/\",\"logo\":{\"@type\":\"ImageObject\",\"inLanguage\":\"de\",\"@id\":\"https:\\\/\\\/sendapp.live\\\/it\\\/#\\\/schema\\\/logo\\\/image\\\/\",\"url\":\"https:\\\/\\\/sendapp.live\\\/wp-content\\\/uploads\\\/2025\\\/04\\\/Logo-Sendapp-300x60-1.png\",\"contentUrl\":\"https:\\\/\\\/sendapp.live\\\/wp-content\\\/uploads\\\/2025\\\/04\\\/Logo-Sendapp-300x60-1.png\",\"width\":300,\"height\":60,\"caption\":\"SendApp\"},\"image\":{\"@id\":\"https:\\\/\\\/sendapp.live\\\/it\\\/#\\\/schema\\\/logo\\\/image\\\/\"},\"sameAs\":[\"https:\\\/\\\/www.facebook.com\\\/sendapp.live\",\"https:\\\/\\\/x.com\\\/sendapp_live\",\"https:\\\/\\\/www.instagram.com\\\/sendapp.live\",\"https:\\\/\\\/www.youtube.com\\\/channel\\\/UC2gaLpi0-OJLG4CFbOr6mLw\",\"https:\\\/\\\/it.trustpilot.com\\\/review\\\/sendapp.live\"],\"description\":\"Piattaforma italiana di WhatsApp Marketing con API ufficiali Meta. Assistente AI, campagne massive, SMS Gateway gratuito, Google Calendar, automazioni. Da \u20ac16\\\/mese senza markup sui messaggi.\",\"email\":\"info@sendapp.live\",\"foundingDate\":\"2016-07-25\"}]}<\/script>\n<!-- \/ Yoast SEO Premium plugin. -->","yoast_head_json":{"title":"Nutzungsbedingungen f\u00fcr WhatsApp-Nachrichtenkampagnen \u2013 SendApp \u2013 WhatsApp-Marketingsoftware","description":"Nutzungsbedingungen - sendapp - erstellen Sie mit whatsapp eine massive Nachrichtenkampagne zu allen Telefonnummern. Sendebericht abrufen. Programm-Sendungen.","robots":{"index":"index","follow":"follow","max-snippet":"max-snippet:-1","max-image-preview":"max-image-preview:large","max-video-preview":"max-video-preview:-1"},"canonical":"https:\/\/sendapp.live\/de\/terms-und-bedingungen-der-nutzung\/","og_locale":"de_DE","og_type":"article","og_title":"Terms and conditions of use","og_description":"terms and conditions of use - sendapp - create massive message campaign with whatsapp to all phone numbers. Get sending report. Programm sendings.","og_url":"https:\/\/sendapp.live\/de\/terms-und-bedingungen-der-nutzung\/","og_site_name":"SendApp - Software Whatsapp Marketing","article_publisher":"https:\/\/www.facebook.com\/sendapp.live","article_modified_time":"2025-06-05T11:02:58+00:00","twitter_card":"summary_large_image","twitter_site":"@sendapp_live","twitter_misc":{"Gesch\u00e4tzte Lesezeit":"4\u00a0Minuten"},"schema":{"@context":"https:\/\/schema.org","@graph":[{"@type":"WebPage","@id":"https:\/\/sendapp.live\/en\/terms-and-conditions-of-use\/","url":"https:\/\/sendapp.live\/en\/terms-and-conditions-of-use\/","name":"Nutzungsbedingungen f\u00fcr WhatsApp-Nachrichtenkampagnen \u2013 SendApp \u2013 WhatsApp-Marketingsoftware","isPartOf":{"@id":"https:\/\/sendapp.live\/it\/#website"},"datePublished":"2019-05-23T16:36:15+00:00","dateModified":"2025-06-05T11:02:58+00:00","description":"Nutzungsbedingungen - sendapp - erstellen Sie mit whatsapp eine massive Nachrichtenkampagne zu allen Telefonnummern. Sendebericht abrufen. Programm-Sendungen.","breadcrumb":{"@id":"https:\/\/sendapp.live\/en\/terms-and-conditions-of-use\/#breadcrumb"},"inLanguage":"de","potentialAction":[{"@type":"ReadAction","target":["https:\/\/sendapp.live\/en\/terms-and-conditions-of-use\/"]}]},{"@type":"BreadcrumbList","@id":"https:\/\/sendapp.live\/en\/terms-and-conditions-of-use\/#breadcrumb","itemListElement":[{"@type":"ListItem","position":1,"name":"Home","item":"https:\/\/sendapp.live\/"},{"@type":"ListItem","position":2,"name":"Terms and conditions of use"}]},{"@type":"WebSite","@id":"https:\/\/sendapp.live\/it\/#website","url":"https:\/\/sendapp.live\/it\/","name":"SendApp","description":"Automatisieren Sie Ihre Nachrichten und steigern Sie Ihr Gesch\u00e4ft","publisher":{"@id":"https:\/\/sendapp.live\/it\/#organization"},"alternateName":"SendApp WhatsApp Marketing","potentialAction":[{"@type":"SearchAction","target":{"@type":"EntryPoint","urlTemplate":"https:\/\/sendapp.live\/it\/?s={search_term_string}"},"query-input":{"@type":"PropertyValueSpecification","valueRequired":true,"valueName":"search_term_string"}}],"inLanguage":"de"},{"@type":"Organization","@id":"https:\/\/sendapp.live\/it\/#organization","name":"SendApp","url":"https:\/\/sendapp.live\/it\/","logo":{"@type":"ImageObject","inLanguage":"de","@id":"https:\/\/sendapp.live\/it\/#\/schema\/logo\/image\/","url":"https:\/\/sendapp.live\/wp-content\/uploads\/2025\/04\/Logo-Sendapp-300x60-1.png","contentUrl":"https:\/\/sendapp.live\/wp-content\/uploads\/2025\/04\/Logo-Sendapp-300x60-1.png","width":300,"height":60,"caption":"SendApp"},"image":{"@id":"https:\/\/sendapp.live\/it\/#\/schema\/logo\/image\/"},"sameAs":["https:\/\/www.facebook.com\/sendapp.live","https:\/\/x.com\/sendapp_live","https:\/\/www.instagram.com\/sendapp.live","https:\/\/www.youtube.com\/channel\/UC2gaLpi0-OJLG4CFbOr6mLw","https:\/\/it.trustpilot.com\/review\/sendapp.live"],"description":"Italienische WhatsApp-Marketing-Plattform mit offizieller Meta-API. KI-Assistent, Massenkampagnen, kostenloses SMS-Gateway, Google Kalender, Automatisierungen. Ab 16 \u20ac\/Monat ohne Aufpreis f\u00fcr Nachrichten.","email":"info@sendapp.live","foundingDate":"2016-07-25"}]}},"_links":{"self":[{"href":"https:\/\/sendapp.live\/de\/wp-json\/wp\/v2\/pages\/630","targetHints":{"allow":["GET"]}}],"collection":[{"href":"https:\/\/sendapp.live\/de\/wp-json\/wp\/v2\/pages"}],"about":[{"href":"https:\/\/sendapp.live\/de\/wp-json\/wp\/v2\/types\/page"}],"author":[{"embeddable":true,"href":"https:\/\/sendapp.live\/de\/wp-json\/wp\/v2\/users\/1"}],"replies":[{"embeddable":true,"href":"https:\/\/sendapp.live\/de\/wp-json\/wp\/v2\/comments?post=630"}],"version-history":[{"count":10,"href":"https:\/\/sendapp.live\/de\/wp-json\/wp\/v2\/pages\/630\/revisions"}],"predecessor-version":[{"id":36730,"href":"https:\/\/sendapp.live\/de\/wp-json\/wp\/v2\/pages\/630\/revisions\/36730"}],"wp:attachment":[{"href":"https:\/\/sendapp.live\/de\/wp-json\/wp\/v2\/media?parent=630"}],"curies":[{"name":"wp","href":"https:\/\/api.w.org\/{rel}","templated":true}]}}