{"id":781,"date":"2019-06-11T14:41:38","date_gmt":"2019-06-11T12:41:38","guid":{"rendered":"https:\/\/sendapp.live\/?page_id=781"},"modified":"2025-01-22T16:18:33","modified_gmt":"2025-01-22T15:18:33","slug":"google-kontakte-importieren-iphone-sendapp","status":"publish","type":"page","link":"https:\/\/sendapp.live\/de\/importare-contatti-google-iphone-sendapp\/","title":{"rendered":"Google-Kontakte in SendApp und iPhone importieren \u2013 Eine praktische Anleitung"},"content":{"rendered":"<div id=\"fws_69e48f09c463d\"  data-column-margin=\"default\" data-midnight=\"dark\"  class=\"wpb_row vc_row-fluid vc_row full-width-section\"  style=\"padding-top: 0px; padding-bottom: 100px; \"><div class=\"row-bg-wrap\" data-bg-animation=\"none\" data-bg-animation-delay=\"\" data-bg-overlay=\"false\"><div class=\"inner-wrap row-bg-layer\" ><div class=\"row-bg viewport-desktop using-bg-color\"  style=\"background-color: #ffffff; \"><\/div><\/div><\/div><div class=\"row_col_wrap_12 col span_12 dark left\">\n\t<div  class=\"vc_col-sm-2 wpb_column column_container vc_column_container col no-extra-padding inherit_tablet inherit_phone\"  data-padding-pos=\"all\" data-has-bg-color=\"false\" data-bg-color=\"\" data-bg-opacity=\"1\" data-animation=\"\" data-delay=\"0\" >\n\t\t<div class=\"vc_column-inner\" >\n\t\t\t<div class=\"wpb_wrapper\">\n\t\t\t\t\n\t\t\t<\/div> \n\t\t<\/div>\n\t<\/div> \n\n\t<div  class=\"vc_col-sm-8 wpb_column column_container vc_column_container col no-extra-padding inherit_tablet inherit_phone\"  data-padding-pos=\"all\" data-has-bg-color=\"false\" data-bg-color=\"\" data-bg-opacity=\"1\" data-animation=\"\" data-delay=\"0\" >\n\t\t<div class=\"vc_column-inner\" >\n\t\t\t<div class=\"wpb_wrapper\">\n\t\t\t\t<div class=\"nectar-gradient-text\" data-direction=\"horizontal\" data-color=\"extra-color-gradient-1\" style=\"margin-top: 90px; margin-bottom: 0px; \"><h2>Importieren von Google-Kontakten in SendApp<\/h2><\/div><div class=\"toggles\" data-br=\"\" data-starting=\"default\" data-style=\"minimal\"><div class=\"toggle default\" data-inner-wrap=\"true\"><h3 class=\"toggle-title\"><a href=\"#\" role=\"button\" class=\"toggle-heading\"><i role=\"presentation\" class=\"fa fa-plus-circle\"><\/i>Wie importiere ich die Kontakte meines Android-Telefons in SendApp?<\/a><\/h3><div><div class=\"inner-toggle-wrap\">\n<div class=\"wpb_text_column wpb_content_element\" >\n\t<div class=\"wpb_wrapper\">\n\t\t<p>Der Import von Google-Kontakten in SendApp ist f\u00fcr die effiziente Organisation Ihrer Kommunikation unerl\u00e4sslich. Mit dieser Funktion k\u00f6nnen Sie benutzerdefinierte Kontaktlisten erstellen, um die Kommunikation mit Ihren Kunden zu verbessern.<\/p>\n\t<\/div>\n<\/div>\n\n\n\n<div class=\"img-with-aniamtion-wrap\" data-max-width=\"100%\" data-max-width-mobile=\"default\" data-shadow=\"none\" data-animation=\"fade-in\" >\n      <div class=\"inner\">\n        <div class=\"hover-wrap\"> \n          <div class=\"hover-wrap-inner\">\n            <img loading=\"lazy\" decoding=\"async\" class=\"img-with-animation skip-lazy\" data-delay=\"0\" height=\"726\" width=\"1358\" data-animation=\"fade-in\" src=\"https:\/\/sendapp.live\/wp-content\/uploads\/2019\/08\/Google-Contacts_1.jpg\" alt=\"Google Kontakte exportieren\" srcset=\"https:\/\/sendapp.live\/wp-content\/uploads\/2019\/08\/Google-Contacts_1.jpg 1358w, https:\/\/sendapp.live\/wp-content\/uploads\/2019\/08\/Google-Contacts_1-600x321.jpg 600w, https:\/\/sendapp.live\/wp-content\/uploads\/2019\/08\/Google-Contacts_1-300x160.jpg 300w, https:\/\/sendapp.live\/wp-content\/uploads\/2019\/08\/Google-Contacts_1-768x411.jpg 768w, https:\/\/sendapp.live\/wp-content\/uploads\/2019\/08\/Google-Contacts_1-1024x547.jpg 1024w\" sizes=\"auto, (max-width: 1358px) 100vw, 1358px\" \/>\n          <\/div>\n        <\/div>\n      <\/div>\n    <\/div>\n<div class=\"wpb_text_column wpb_content_element\" >\n\t<div class=\"wpb_wrapper\">\n\t\t<div class=\"flex max-w-full flex-col flex-grow\">\n<div class=\"min-h-8 text-message flex w-full flex-col items-end gap-2 whitespace-normal break-words text-start &#091;.text-message+&amp;&#093;:mt-5\" dir=\"auto\" data-message-author-role=\"assistant\" data-message-id=\"2dc7c017-2c11-4b87-a43a-ebeaf6d044a5\" data-message-model-slug=\"gpt-4o\">\n<div class=\"flex w-full flex-col gap-1 empty:hidden first:pt-&#091;3px&#093;\">\n<div class=\"markdown prose w-full break-words dark:prose-invert light\">\n<p>Zugang <a href=\"https:\/\/contacts.google.com\/\">Google Kontakte<\/a>Exportieren Sie die gew\u00fcnschten Kontakte in eine kompatible Datei und importieren Sie sie in SendApp, um eine neue Kontaktliste zu erstellen. Mit diesem einfachen Prozess k\u00f6nnen Sie Ihre Gesch\u00e4ftskommunikation effizient verwalten.<\/p>\n<\/div>\n<\/div>\n<\/div>\n<\/div>\n\t<\/div>\n<\/div>\n\n\n\n<div class=\"img-with-aniamtion-wrap\" data-max-width=\"100%\" data-max-width-mobile=\"default\" data-shadow=\"none\" data-animation=\"fade-in\" >\n      <div class=\"inner\">\n        <div class=\"hover-wrap\"> \n          <div class=\"hover-wrap-inner\">\n            <img loading=\"lazy\" decoding=\"async\" class=\"img-with-animation skip-lazy\" data-delay=\"0\" height=\"750\" width=\"1276\" data-animation=\"fade-in\" src=\"https:\/\/sendapp.live\/wp-content\/uploads\/2019\/08\/SendApp_Google-Contacts_1.jpg\" alt=\"Google-Kontakte in Sendapp importieren\" srcset=\"https:\/\/sendapp.live\/wp-content\/uploads\/2019\/08\/SendApp_Google-Contacts_1.jpg 1276w, https:\/\/sendapp.live\/wp-content\/uploads\/2019\/08\/SendApp_Google-Contacts_1-600x353.jpg 600w, https:\/\/sendapp.live\/wp-content\/uploads\/2019\/08\/SendApp_Google-Contacts_1-300x176.jpg 300w, https:\/\/sendapp.live\/wp-content\/uploads\/2019\/08\/SendApp_Google-Contacts_1-768x451.jpg 768w, https:\/\/sendapp.live\/wp-content\/uploads\/2019\/08\/SendApp_Google-Contacts_1-1024x602.jpg 1024w\" sizes=\"auto, (max-width: 1276px) 100vw, 1276px\" \/>\n          <\/div>\n        <\/div>\n      <\/div>\n    <\/div><\/div><\/div><\/div><\/div>\n\n\n\n\n\n\n\n\n\n\n\n\n\n\n\n\n\n\n\n<div class=\"nectar-gradient-text\" data-direction=\"horizontal\" data-color=\"extra-color-gradient-1\" style=\"margin-top: 90px; margin-bottom: 0px; \"><h2>Kontakte vom iPhone in SendApp importieren<\/h2><\/div><div class=\"toggles\" data-br=\"\" data-starting=\"default\" data-style=\"minimal\"><div class=\"toggle default\" data-inner-wrap=\"true\"><h3 class=\"toggle-title\"><a href=\"#\" role=\"button\" class=\"toggle-heading\"><i role=\"presentation\" class=\"fa fa-plus-circle\"><\/i>Wie importiere ich die Kontakte meines iPhones in SendApp?<\/a><\/h3><div><div class=\"inner-toggle-wrap\">\n<div class=\"wpb_text_column wpb_content_element\" >\n\t<div class=\"wpb_wrapper\">\n\t\t<p>Das Importieren von iPhone-Kontakten in SendApp ist schnell und einfach. In nur wenigen Schritten k\u00f6nnen Sie Ihre Kontakte \u00fcbertragen und effektiv verwalten.<\/p>\n\t<\/div>\n<\/div>\n\n\n\n<div class=\"img-with-aniamtion-wrap\" data-max-width=\"100%\" data-max-width-mobile=\"default\" data-shadow=\"none\" data-animation=\"fade-in\" >\n      <div class=\"inner\">\n        <div class=\"hover-wrap\"> \n          <div class=\"hover-wrap-inner\">\n            <img loading=\"lazy\" decoding=\"async\" class=\"img-with-animation skip-lazy\" data-delay=\"0\" height=\"726\" width=\"1358\" data-animation=\"fade-in\" src=\"https:\/\/sendapp.live\/wp-content\/uploads\/2019\/08\/ICloud_Contacts.jpg\" alt=\"iCloud-Kontaktexport f\u00fcr SendApp\" srcset=\"https:\/\/sendapp.live\/wp-content\/uploads\/2019\/08\/ICloud_Contacts.jpg 1358w, https:\/\/sendapp.live\/wp-content\/uploads\/2019\/08\/ICloud_Contacts-600x321.jpg 600w, https:\/\/sendapp.live\/wp-content\/uploads\/2019\/08\/ICloud_Contacts-300x160.jpg 300w, https:\/\/sendapp.live\/wp-content\/uploads\/2019\/08\/ICloud_Contacts-768x411.jpg 768w, https:\/\/sendapp.live\/wp-content\/uploads\/2019\/08\/ICloud_Contacts-1024x547.jpg 1024w\" sizes=\"auto, (max-width: 1358px) 100vw, 1358px\" \/>\n          <\/div>\n        <\/div>\n      <\/div>\n    <\/div>\n<div class=\"wpb_text_column wpb_content_element\" >\n\t<div class=\"wpb_wrapper\">\n\t\t<p>Zugang <a href=\"https:\/\/www.icloud.com\/contacts\/\">iCloud-Kontakte<\/a> W\u00e4hlen Sie alle oder einige Kontakte mit der Umschalttaste auf Ihrer Tastatur aus. W\u00e4hlen Sie im Men\u00fc \u201eAktionen\u201c die Option \u201evCard exportieren\u201c. Die resultierende Datei ist mit SendApp kompatibel und l\u00e4sst sich problemlos importieren.<\/p>\n\t<\/div>\n<\/div>\n\n\n\n\n<div class=\"wpb_text_column wpb_content_element\" >\n\t<div class=\"wpb_wrapper\">\n\t\t<p>Sobald die Datei exportiert ist, melden Sie sich bei SendApp an, erstellen Sie eine neue Kontaktliste und importieren Sie die vCard-Datei. So k\u00f6nnen Sie Kontakte schnell und effizient in Ihre Kommunikationskampagnen integrieren.<\/p>\n\t<\/div>\n<\/div>\n\n\n\n<div class=\"img-with-aniamtion-wrap\" data-max-width=\"100%\" data-max-width-mobile=\"default\" data-shadow=\"none\" data-animation=\"fade-in\" >\n      <div class=\"inner\">\n        <div class=\"hover-wrap\"> \n          <div class=\"hover-wrap-inner\">\n            <img loading=\"lazy\" decoding=\"async\" class=\"img-with-animation skip-lazy\" data-delay=\"0\" height=\"720\" width=\"1276\" data-animation=\"fade-in\" src=\"https:\/\/sendapp.live\/wp-content\/uploads\/2019\/08\/SendApp_iPhone_contacts.jpg\" alt=\"iPhone-Kontakte in SendApp importieren\" srcset=\"https:\/\/sendapp.live\/wp-content\/uploads\/2019\/08\/SendApp_iPhone_contacts.jpg 1276w, https:\/\/sendapp.live\/wp-content\/uploads\/2019\/08\/SendApp_iPhone_contacts-600x339.jpg 600w, https:\/\/sendapp.live\/wp-content\/uploads\/2019\/08\/SendApp_iPhone_contacts-300x169.jpg 300w, https:\/\/sendapp.live\/wp-content\/uploads\/2019\/08\/SendApp_iPhone_contacts-768x433.jpg 768w, https:\/\/sendapp.live\/wp-content\/uploads\/2019\/08\/SendApp_iPhone_contacts-1024x578.jpg 1024w\" sizes=\"auto, (max-width: 1276px) 100vw, 1276px\" \/>\n          <\/div>\n        <\/div>\n      <\/div>\n    <\/div><\/div><\/div><\/div><\/div>\n\n\n\n\n\n\n\n\n\n\n\n\n\n\n\n\n\n\n\n\n<div class=\"wpb_text_column wpb_content_element\" >\n\t<div class=\"wpb_wrapper\">\n\t\t<p>Entdecken Sie auch unseren Leitfaden auf <a href=\"https:\/\/sendapp.live\/de\/gebrauchsanweisung\/\">So richten Sie ein SendApp-Konto ein<\/a> um Ihr Erlebnis weiter zu optimieren.<\/p>\n\t<\/div>\n<\/div>\n\n\n\n\n\t\t\t<\/div> \n\t\t<\/div>\n\t<\/div> \n\n\t<div  class=\"vc_col-sm-2 wpb_column column_container vc_column_container col no-extra-padding inherit_tablet inherit_phone\"  data-padding-pos=\"all\" data-has-bg-color=\"false\" data-bg-color=\"\" data-bg-opacity=\"1\" data-animation=\"\" data-delay=\"0\" >\n\t\t<div class=\"vc_column-inner\" >\n\t\t\t<div class=\"wpb_wrapper\">\n\t\t\t\t\n\t\t\t<\/div> \n\t\t<\/div>\n\t<\/div> \n<\/div><\/div>","protected":false},"excerpt":{"rendered":"Google-Kontakte in SendApp importierenWie importiere ich die Kontakte meines Android-Telefons in SendApp? Das Importieren von Google-Kontakten in SendApp ist f\u00fcr die effiziente Organisation Ihrer Kommunikation unerl\u00e4sslich....","protected":false},"author":1,"featured_media":0,"parent":0,"menu_order":0,"comment_status":"closed","ping_status":"open","template":"","meta":{"_daim_seo_power":"1000","_daim_enable_ail":"1","footnotes":""},"class_list":["post-781","page","type-page","status-publish"],"yoast_head":"<!-- This site is optimized with the Yoast SEO Premium plugin v27.4 (Yoast SEO v27.4) - https:\/\/yoast.com\/product\/yoast-seo-premium-wordpress\/ -->\n<title>Importazione contatti Google in SendApp e iPhone \u2013 Guida pratica - SendApp - Software Whatsapp Marketing<\/title>\n<meta name=\"description\" content=\"Scopri come effettuare l&#039;importazione contatti Google in SendApp e iPhone in pochi passi. Segui le nostre guide per ottimizzare la gestione..\" \/>\n<meta name=\"robots\" content=\"index, follow, max-snippet:-1, max-image-preview:large, max-video-preview:-1\" \/>\n<link rel=\"canonical\" href=\"https:\/\/sendapp.live\/de\/google-kontakte-importieren-iphone-sendapp\/\" \/>\n<meta property=\"og:locale\" content=\"de_DE\" \/>\n<meta property=\"og:type\" content=\"article\" \/>\n<meta property=\"og:title\" content=\"Importazione contatti Google in SendApp e iPhone \u2013 Guida pratica\" \/>\n<meta property=\"og:description\" content=\"Scopri come effettuare l&#039;importazione contatti Google in SendApp e iPhone in pochi passi. Segui le nostre guide per ottimizzare la gestione..\" \/>\n<meta property=\"og:url\" content=\"https:\/\/sendapp.live\/de\/google-kontakte-importieren-iphone-sendapp\/\" \/>\n<meta property=\"og:site_name\" content=\"SendApp - Software Whatsapp Marketing\" \/>\n<meta property=\"article:publisher\" content=\"https:\/\/www.facebook.com\/sendapp.live\" \/>\n<meta property=\"article:modified_time\" content=\"2025-01-22T15:18:33+00:00\" \/>\n<meta name=\"twitter:card\" content=\"summary_large_image\" \/>\n<meta name=\"twitter:site\" content=\"@sendapp_live\" \/>\n<meta name=\"twitter:label1\" content=\"Gesch\u00e4tzte Lesezeit\" \/>\n\t<meta name=\"twitter:data1\" content=\"3\u00a0Minuten\" \/>\n<script type=\"application\/ld+json\" class=\"yoast-schema-graph\">{\"@context\":\"https:\\\/\\\/schema.org\",\"@graph\":[{\"@type\":\"WebPage\",\"@id\":\"https:\\\/\\\/sendapp.live\\\/importare-contatti-google-iphone-sendapp\\\/\",\"url\":\"https:\\\/\\\/sendapp.live\\\/importare-contatti-google-iphone-sendapp\\\/\",\"name\":\"Importazione contatti Google in SendApp e iPhone \u2013 Guida pratica - SendApp - Software Whatsapp Marketing\",\"isPartOf\":{\"@id\":\"https:\\\/\\\/sendapp.live\\\/it\\\/#website\"},\"datePublished\":\"2019-06-11T12:41:38+00:00\",\"dateModified\":\"2025-01-22T15:18:33+00:00\",\"description\":\"Scopri come effettuare l'importazione contatti Google in SendApp e iPhone in pochi passi. Segui le nostre guide per ottimizzare la gestione..\",\"breadcrumb\":{\"@id\":\"https:\\\/\\\/sendapp.live\\\/importare-contatti-google-iphone-sendapp\\\/#breadcrumb\"},\"inLanguage\":\"de\",\"potentialAction\":[{\"@type\":\"ReadAction\",\"target\":[\"https:\\\/\\\/sendapp.live\\\/importare-contatti-google-iphone-sendapp\\\/\"]}]},{\"@type\":\"BreadcrumbList\",\"@id\":\"https:\\\/\\\/sendapp.live\\\/importare-contatti-google-iphone-sendapp\\\/#breadcrumb\",\"itemListElement\":[{\"@type\":\"ListItem\",\"position\":1,\"name\":\"Home\",\"item\":\"https:\\\/\\\/sendapp.live\\\/\"},{\"@type\":\"ListItem\",\"position\":2,\"name\":\"Importazione contatti Google in SendApp e iPhone \u2013 Guida pratica\"}]},{\"@type\":\"WebSite\",\"@id\":\"https:\\\/\\\/sendapp.live\\\/it\\\/#website\",\"url\":\"https:\\\/\\\/sendapp.live\\\/it\\\/\",\"name\":\"SendApp\",\"description\":\"Automate Your Messages &amp; Grow Your Business\",\"publisher\":{\"@id\":\"https:\\\/\\\/sendapp.live\\\/it\\\/#organization\"},\"alternateName\":\"SendApp WhatsApp Marketing\",\"potentialAction\":[{\"@type\":\"SearchAction\",\"target\":{\"@type\":\"EntryPoint\",\"urlTemplate\":\"https:\\\/\\\/sendapp.live\\\/it\\\/?s={search_term_string}\"},\"query-input\":{\"@type\":\"PropertyValueSpecification\",\"valueRequired\":true,\"valueName\":\"search_term_string\"}}],\"inLanguage\":\"de\"},{\"@type\":\"Organization\",\"@id\":\"https:\\\/\\\/sendapp.live\\\/it\\\/#organization\",\"name\":\"SendApp\",\"url\":\"https:\\\/\\\/sendapp.live\\\/it\\\/\",\"logo\":{\"@type\":\"ImageObject\",\"inLanguage\":\"de\",\"@id\":\"https:\\\/\\\/sendapp.live\\\/it\\\/#\\\/schema\\\/logo\\\/image\\\/\",\"url\":\"https:\\\/\\\/sendapp.live\\\/wp-content\\\/uploads\\\/2025\\\/04\\\/Logo-Sendapp-300x60-1.png\",\"contentUrl\":\"https:\\\/\\\/sendapp.live\\\/wp-content\\\/uploads\\\/2025\\\/04\\\/Logo-Sendapp-300x60-1.png\",\"width\":300,\"height\":60,\"caption\":\"SendApp\"},\"image\":{\"@id\":\"https:\\\/\\\/sendapp.live\\\/it\\\/#\\\/schema\\\/logo\\\/image\\\/\"},\"sameAs\":[\"https:\\\/\\\/www.facebook.com\\\/sendapp.live\",\"https:\\\/\\\/x.com\\\/sendapp_live\",\"https:\\\/\\\/www.instagram.com\\\/sendapp.live\",\"https:\\\/\\\/www.youtube.com\\\/channel\\\/UC2gaLpi0-OJLG4CFbOr6mLw\",\"https:\\\/\\\/it.trustpilot.com\\\/review\\\/sendapp.live\"],\"description\":\"Piattaforma italiana di WhatsApp Marketing con API ufficiali Meta. Assistente AI, campagne massive, SMS Gateway gratuito, Google Calendar, automazioni. Da \u20ac16\\\/mese senza markup sui messaggi.\",\"email\":\"info@sendapp.live\",\"foundingDate\":\"2016-07-25\"}]}<\/script>\n<!-- \/ Yoast SEO Premium plugin. -->","yoast_head_json":{"title":"Google-Kontakte in SendApp und iPhone importieren \u2013 Eine praktische Anleitung \u2013 SendApp \u2013 WhatsApp-Marketingsoftware","description":"Erfahren Sie, wie Sie Google-Kontakte in nur wenigen Schritten in SendApp und iPhone importieren. Folgen Sie unseren Anleitungen, um Ihre Verwaltung zu optimieren.","robots":{"index":"index","follow":"follow","max-snippet":"max-snippet:-1","max-image-preview":"max-image-preview:large","max-video-preview":"max-video-preview:-1"},"canonical":"https:\/\/sendapp.live\/de\/google-kontakte-importieren-iphone-sendapp\/","og_locale":"de_DE","og_type":"article","og_title":"Importazione contatti Google in SendApp e iPhone \u2013 Guida pratica","og_description":"Scopri come effettuare l'importazione contatti Google in SendApp e iPhone in pochi passi. Segui le nostre guide per ottimizzare la gestione..","og_url":"https:\/\/sendapp.live\/de\/google-kontakte-importieren-iphone-sendapp\/","og_site_name":"SendApp - Software Whatsapp Marketing","article_publisher":"https:\/\/www.facebook.com\/sendapp.live","article_modified_time":"2025-01-22T15:18:33+00:00","twitter_card":"summary_large_image","twitter_site":"@sendapp_live","twitter_misc":{"Gesch\u00e4tzte Lesezeit":"3\u00a0Minuten"},"schema":{"@context":"https:\/\/schema.org","@graph":[{"@type":"WebPage","@id":"https:\/\/sendapp.live\/importare-contatti-google-iphone-sendapp\/","url":"https:\/\/sendapp.live\/importare-contatti-google-iphone-sendapp\/","name":"Google-Kontakte in SendApp und iPhone importieren \u2013 Eine praktische Anleitung \u2013 SendApp \u2013 WhatsApp-Marketingsoftware","isPartOf":{"@id":"https:\/\/sendapp.live\/it\/#website"},"datePublished":"2019-06-11T12:41:38+00:00","dateModified":"2025-01-22T15:18:33+00:00","description":"Erfahren Sie, wie Sie Google-Kontakte in nur wenigen Schritten in SendApp und iPhone importieren. Folgen Sie unseren Anleitungen, um Ihre Verwaltung zu optimieren.","breadcrumb":{"@id":"https:\/\/sendapp.live\/importare-contatti-google-iphone-sendapp\/#breadcrumb"},"inLanguage":"de","potentialAction":[{"@type":"ReadAction","target":["https:\/\/sendapp.live\/importare-contatti-google-iphone-sendapp\/"]}]},{"@type":"BreadcrumbList","@id":"https:\/\/sendapp.live\/importare-contatti-google-iphone-sendapp\/#breadcrumb","itemListElement":[{"@type":"ListItem","position":1,"name":"Home","item":"https:\/\/sendapp.live\/"},{"@type":"ListItem","position":2,"name":"Importazione contatti Google in SendApp e iPhone \u2013 Guida pratica"}]},{"@type":"WebSite","@id":"https:\/\/sendapp.live\/it\/#website","url":"https:\/\/sendapp.live\/it\/","name":"SendApp","description":"Automatisieren Sie Ihre Nachrichten und steigern Sie Ihr Gesch\u00e4ft","publisher":{"@id":"https:\/\/sendapp.live\/it\/#organization"},"alternateName":"SendApp WhatsApp Marketing","potentialAction":[{"@type":"SearchAction","target":{"@type":"EntryPoint","urlTemplate":"https:\/\/sendapp.live\/it\/?s={search_term_string}"},"query-input":{"@type":"PropertyValueSpecification","valueRequired":true,"valueName":"search_term_string"}}],"inLanguage":"de"},{"@type":"Organization","@id":"https:\/\/sendapp.live\/it\/#organization","name":"SendApp","url":"https:\/\/sendapp.live\/it\/","logo":{"@type":"ImageObject","inLanguage":"de","@id":"https:\/\/sendapp.live\/it\/#\/schema\/logo\/image\/","url":"https:\/\/sendapp.live\/wp-content\/uploads\/2025\/04\/Logo-Sendapp-300x60-1.png","contentUrl":"https:\/\/sendapp.live\/wp-content\/uploads\/2025\/04\/Logo-Sendapp-300x60-1.png","width":300,"height":60,"caption":"SendApp"},"image":{"@id":"https:\/\/sendapp.live\/it\/#\/schema\/logo\/image\/"},"sameAs":["https:\/\/www.facebook.com\/sendapp.live","https:\/\/x.com\/sendapp_live","https:\/\/www.instagram.com\/sendapp.live","https:\/\/www.youtube.com\/channel\/UC2gaLpi0-OJLG4CFbOr6mLw","https:\/\/it.trustpilot.com\/review\/sendapp.live"],"description":"Italienische WhatsApp-Marketing-Plattform mit offizieller Meta-API. KI-Assistent, Massenkampagnen, kostenloses SMS-Gateway, Google Kalender, Automatisierungen. Ab 16 \u20ac\/Monat ohne Aufpreis f\u00fcr Nachrichten.","email":"info@sendapp.live","foundingDate":"2016-07-25"}]}},"_links":{"self":[{"href":"https:\/\/sendapp.live\/de\/wp-json\/wp\/v2\/pages\/781","targetHints":{"allow":["GET"]}}],"collection":[{"href":"https:\/\/sendapp.live\/de\/wp-json\/wp\/v2\/pages"}],"about":[{"href":"https:\/\/sendapp.live\/de\/wp-json\/wp\/v2\/types\/page"}],"author":[{"embeddable":true,"href":"https:\/\/sendapp.live\/de\/wp-json\/wp\/v2\/users\/1"}],"replies":[{"embeddable":true,"href":"https:\/\/sendapp.live\/de\/wp-json\/wp\/v2\/comments?post=781"}],"version-history":[{"count":5,"href":"https:\/\/sendapp.live\/de\/wp-json\/wp\/v2\/pages\/781\/revisions"}],"predecessor-version":[{"id":33916,"href":"https:\/\/sendapp.live\/de\/wp-json\/wp\/v2\/pages\/781\/revisions\/33916"}],"wp:attachment":[{"href":"https:\/\/sendapp.live\/de\/wp-json\/wp\/v2\/media?parent=781"}],"curies":[{"name":"wp","href":"https:\/\/api.w.org\/{rel}","templated":true}]}}