{"id":12431,"date":"2020-03-03T12:08:34","date_gmt":"2020-03-03T11:08:34","guid":{"rendered":"https:\/\/sendapp.live\/?post_type=product&#038;p=12431"},"modified":"2026-04-08T23:29:48","modified_gmt":"2026-04-08T21:29:48","slug":"sendapp-web-connect-free-sms-whatsapp-gateway-wordpress-plugin","status":"publish","type":"product","link":"https:\/\/sendapp.live\/de\/product\/sendapp-web-connect-free-sms-whatsapp-gateway-wordpress-plugin\/","title":{"rendered":"Sendapp Connect"},"content":{"rendered":"<p>SendApp Connect - sendet Benachrichtigungen von der WordPress-Plattform per SMS und Chat-Apps an den Kunden und den Administrator. Installation <a href=\"https:\/\/sendapp.live\/download\/sendapp-wp.zip\">WordPress Plugin<\/a> Alle Statusbenachrichtigungen zu Bestellungen, Zahlungen, Anzeigen, Angeboten und neuen Produkten werden kostenlos per SMS, Chat oder beidem an alle registrierten Kunden gesendet. Der Administrator erh\u00e4lt dieselbe Benachrichtigung auf seinem Telefon. SendApp Connect ist ein kostenloses Chat- und SMS-Gateway, mit dem Sie immer mit Ihren Kunden verbunden sein k\u00f6nnen. Das Senden personalisierter Werbe- und Informationsnachrichten an Ihre Kunden und noch mehr an andere Kontakte mit Sendapp Connect ist ganz einfach.<\/p>\n<p>Das Wichtigste ist, dass das Erstellen der umfangreichen Informations- oder Marketingkampagne zum Senden von Nachrichten angenehm und einfach wird, sodass Sie mit SendApp Connect Zeit und M\u00fche sparen.<br \/>\nMachen Sie sich also an die Arbeit mit einer All-in-One-Marketingplattform, die mit der modernen Kommunikation Schritt h\u00e4lt. Es sind keine technischen Kenntnisse erforderlich: Personalisieren Sie Ihre Nachricht einfach mit Texten, Bildern, Emojis, Videos und Links, um eine erfolgreiche Werbekampagne mit nur wenigen Klicks zu erstellen.<\/p>\n<p>Daher darf SendApp Chat-Nachrichten vom PC an alle Ihre Chat-Kontakte und noch mehr an jede andere Liste von Empf\u00e4ngern senden, die in den folgenden Formaten in SendApp importiert wurden: .vcf. csv. txt * Wenden Sie sich an Google und Apple.<\/p>\n<p>Dar\u00fcber hinaus k\u00f6nnen Sie Ihre Marketingkampagnen planen und sind mit Sicherheit immer mit Ihren Kunden in Kontakt, indem Sie die automatische Antwortnachricht senden und schlie\u00dflich allen Ihren Kunden die personalisierte Nachricht mit dem Namen, dem Nachnamen und anderen Informationen senden. Sie erhalten den Sendebericht, um zu pr\u00fcfen, ob Ihre Nachrichten Ihre Kunden erreichen. Sie k\u00f6nnen dieselbe Nachricht also nur f\u00fcr nicht zugestellte Kontexte planen und erneut senden. Dar\u00fcber hinaus k\u00f6nnen Sie die automatische Antwort an Ihre Kunden basierend auf dem Schl\u00fcsselwort in der Frage erstellen.<\/p>\n<p data-start=\"1176\" data-end=\"1509\">\u26a0\ufe0f Das Versenden von Werbenachrichten in gro\u00dfen Mengen oder an unbekannte Empf\u00e4nger kann gem\u00e4\u00df den Richtlinien von WhatsApp zu Einschr\u00e4nkungen oder Sperrungen f\u00fchren. F\u00fcr umfangreiche Werbekampagnen oder die Gewinnung neuer Leads empfehlen wir die Verwendung von SendApp Agent oder SendApp Official mit der offiziellen Meta-API.<\/p>\n<p>Mit der Connect-Version von SendApp ist Folgendes m\u00f6glich:<\/p>\n<ul class=\"features\">\n<li>\u00a0Unbegrenzter Versand von Nachrichten<\/li>\n<li><i class=\"icon-tiny fa fa-check accent-color\"><\/i>\u00a0Unbegrenzte Laufzeit<\/li>\n<li><i class=\"icon-tiny fa fa-check accent-color\"><\/i>\u00a0Kostenlose SMS und WhatsApp Gateway<\/li>\n<li><i class=\"icon-tiny fa fa-check accent-color\"><\/i>\u00a0Wordpress Plugin<\/li>\n<li><i class=\"icon-tiny fa fa-check accent-color\"><\/i>\u00a0Adressbuch<\/li>\n<li><i class=\"icon-tiny fa fa-check accent-color\"><\/i>\u00a0Sendebericht<\/li>\n<li><i class=\"icon-tiny fa fa-check accent-color\"><\/i>\u00a0Bildarchiv<\/li>\n<li><i class=\"icon-tiny fa fa-check accent-color\"><\/i>\u00a0Stockfoto kostenlos<\/li>\n<li><i class=\"icon-tiny fa fa-check accent-color\"><\/i>\u00a0Bildbearbeitung<\/li>\n<li><i class=\"icon-tiny fa fa-check accent-color\"><\/i>\u00a0Planung<\/li>\n<li><i class=\"icon-tiny fa fa-check accent-color\"><\/i>\u00a0Kundenbetreuung<\/li>\n<\/ul>\n<p>Holen Sie sich die Testversion <a href=\"https:\/\/sendapp.live\/de\/downloads\/sendapp-frei\/\" target=\"_blank\" rel=\"noopener noreferrer\"> HIER<\/a><\/p>\n<p>Laden Sie das WordPress Plugin herunter <a href=\"https:\/\/sendapp.live\/download\/sendapp-wp.zip\">HIER<\/a><\/p>\n<p><a href=\"https:\/\/youtu.be\/rVoqbJYl6O8\" target=\"_blank\" rel=\"noopener noreferrer\">Wie es funktioniert<\/a> &amp; #8211; YOUTUBE-VIDEO<\/p>","protected":false},"excerpt":{"rendered":"<p>SendApp Connect \u2013 Senden Sie Benachrichtigungen von der WordPress-Plattform per SMS und Chat-App an Kunden und Administratoren. Durch die Installation des kostenlosen WordPress-Plugins werden alle Benachrichtigungen zum Bestellstatus,\u2026<\/p>","protected":false},"featured_media":122438,"comment_status":"open","ping_status":"closed","template":"","meta":{"_daim_seo_power":"","_daim_enable_ail":""},"product_brand":[],"product_cat":[15],"product_tag":[2520,2517,21,67,2519,2518,2516],"class_list":{"0":"post-12431","1":"product","2":"type-product","3":"status-publish","4":"has-post-thumbnail","6":"product_cat-sendapp-desktop","7":"product_tag-api-whatsapp","8":"product_tag-sms-woocommerce-notification","9":"product_tag-whatsapp","10":"product_tag-whatsapp-massive-marketing","11":"product_tag-whatsapp-notification","12":"product_tag-whatsapp-woocommerce-notification","13":"product_tag-woocommerce-notification","15":"first","16":"instock","17":"downloadable","18":"virtual","19":"taxable","20":"purchasable","21":"product-type-simple"},"yoast_head":"<!-- This site is optimized with the Yoast SEO Premium plugin v27.5 (Yoast SEO v27.5) - https:\/\/yoast.com\/product\/yoast-seo-premium-wordpress\/ -->\n<title>Sendapp Connect - SendApp - Software Whatsapp Marketing<\/title>\n<meta name=\"description\" content=\"SendApp Connect- invia notifiche dalla piattaforma WordPress tramite messaggi SMS e WhatsApp a cliente e al aministratore. Installando WordPress Plugin Gratuito tutti le notifiche ordini, pagamenti, pubblicit\u00e0, offerti, nuovi prodotti vengono inviati a tutti clienti registrati tramite un sms, o whatsapp, o entrambi.\" \/>\n<meta name=\"robots\" content=\"index, follow, max-snippet:-1, max-image-preview:large, max-video-preview:-1\" \/>\n<link rel=\"canonical\" href=\"https:\/\/sendapp.live\/de\/produkt\/sendapp-web-connect-free-sms-whatsapp-gateway-wordpress-plugin\/\" \/>\n<meta property=\"og:locale\" content=\"de_DE\" \/>\n<meta property=\"og:type\" content=\"article\" \/>\n<meta property=\"og:title\" content=\"Sendapp Connect\" \/>\n<meta property=\"og:description\" content=\"SendApp Connect- invia notifiche dalla piattaforma WordPress tramite messaggi SMS e WhatsApp a cliente e al aministratore. Installando WordPress Plugin Gratuito tutti le notifiche ordini, pagamenti, pubblicit\u00e0, offerti, nuovi prodotti vengono inviati a tutti clienti registrati tramite un sms, o whatsapp, o entrambi.\" \/>\n<meta property=\"og:url\" content=\"https:\/\/sendapp.live\/de\/produkt\/sendapp-web-connect-free-sms-whatsapp-gateway-wordpress-plugin\/\" \/>\n<meta property=\"og:site_name\" content=\"SendApp - Software Whatsapp Marketing\" \/>\n<meta property=\"article:publisher\" content=\"https:\/\/www.facebook.com\/sendapp.live\" \/>\n<meta property=\"article:modified_time\" content=\"2026-04-08T21:29:48+00:00\" \/>\n<meta property=\"og:image\" content=\"https:\/\/sendapp.live\/wp-content\/uploads\/2020\/03\/connect.png\" \/>\n\t<meta property=\"og:image:width\" content=\"1024\" \/>\n\t<meta property=\"og:image:height\" content=\"1024\" \/>\n\t<meta property=\"og:image:type\" content=\"image\/png\" \/>\n<meta name=\"twitter:card\" content=\"summary_large_image\" \/>\n<meta name=\"twitter:site\" content=\"@sendapp_live\" \/>\n<meta name=\"twitter:label1\" content=\"Gesch\u00e4tzte Lesezeit\" \/>\n\t<meta name=\"twitter:data1\" content=\"2\u00a0Minuten\" \/>\n<script type=\"application\/ld+json\" class=\"yoast-schema-graph\">{\"@context\":\"https:\\\/\\\/schema.org\",\"@graph\":[{\"@type\":\"WebPage\",\"@id\":\"https:\\\/\\\/sendapp.live\\\/product\\\/sendapp-web-connect-free-sms-whatsapp-gateway-wordpress-plugin\\\/\",\"url\":\"https:\\\/\\\/sendapp.live\\\/product\\\/sendapp-web-connect-free-sms-whatsapp-gateway-wordpress-plugin\\\/\",\"name\":\"Sendapp Connect - SendApp - Software Whatsapp Marketing\",\"isPartOf\":{\"@id\":\"https:\\\/\\\/sendapp.live\\\/it\\\/#website\"},\"primaryImageOfPage\":{\"@id\":\"https:\\\/\\\/sendapp.live\\\/product\\\/sendapp-web-connect-free-sms-whatsapp-gateway-wordpress-plugin\\\/#primaryimage\"},\"image\":{\"@id\":\"https:\\\/\\\/sendapp.live\\\/product\\\/sendapp-web-connect-free-sms-whatsapp-gateway-wordpress-plugin\\\/#primaryimage\"},\"thumbnailUrl\":\"https:\\\/\\\/sendapp.live\\\/wp-content\\\/uploads\\\/2020\\\/03\\\/connect.png\",\"datePublished\":\"2020-03-03T11:08:34+00:00\",\"dateModified\":\"2026-04-08T21:29:48+00:00\",\"description\":\"SendApp Connect- invia notifiche dalla piattaforma WordPress tramite messaggi SMS e WhatsApp a cliente e al aministratore. Installando WordPress Plugin Gratuito tutti le notifiche ordini, pagamenti, pubblicit\u00e0, offerti, nuovi prodotti vengono inviati a tutti clienti registrati tramite un sms, o whatsapp, o entrambi.\",\"breadcrumb\":{\"@id\":\"https:\\\/\\\/sendapp.live\\\/product\\\/sendapp-web-connect-free-sms-whatsapp-gateway-wordpress-plugin\\\/#breadcrumb\"},\"inLanguage\":\"de\",\"potentialAction\":[{\"@type\":\"ReadAction\",\"target\":[\"https:\\\/\\\/sendapp.live\\\/product\\\/sendapp-web-connect-free-sms-whatsapp-gateway-wordpress-plugin\\\/\"]}]},{\"@type\":\"ImageObject\",\"inLanguage\":\"de\",\"@id\":\"https:\\\/\\\/sendapp.live\\\/product\\\/sendapp-web-connect-free-sms-whatsapp-gateway-wordpress-plugin\\\/#primaryimage\",\"url\":\"https:\\\/\\\/sendapp.live\\\/wp-content\\\/uploads\\\/2020\\\/03\\\/connect.png\",\"contentUrl\":\"https:\\\/\\\/sendapp.live\\\/wp-content\\\/uploads\\\/2020\\\/03\\\/connect.png\",\"width\":1024,\"height\":1024},{\"@type\":\"BreadcrumbList\",\"@id\":\"https:\\\/\\\/sendapp.live\\\/product\\\/sendapp-web-connect-free-sms-whatsapp-gateway-wordpress-plugin\\\/#breadcrumb\",\"itemListElement\":[{\"@type\":\"ListItem\",\"position\":1,\"name\":\"Home\",\"item\":\"https:\\\/\\\/sendapp.live\\\/\"},{\"@type\":\"ListItem\",\"position\":2,\"name\":\"Shop\",\"item\":\"https:\\\/\\\/sendapp.live\\\/shop\\\/\"},{\"@type\":\"ListItem\",\"position\":3,\"name\":\"Sendapp Connect\"}]},{\"@type\":\"WebSite\",\"@id\":\"https:\\\/\\\/sendapp.live\\\/it\\\/#website\",\"url\":\"https:\\\/\\\/sendapp.live\\\/it\\\/\",\"name\":\"SendApp\",\"description\":\"Automate Your Messages &amp; Grow Your Business\",\"publisher\":{\"@id\":\"https:\\\/\\\/sendapp.live\\\/it\\\/#organization\"},\"alternateName\":\"SendApp WhatsApp Marketing\",\"potentialAction\":[{\"@type\":\"SearchAction\",\"target\":{\"@type\":\"EntryPoint\",\"urlTemplate\":\"https:\\\/\\\/sendapp.live\\\/it\\\/?s={search_term_string}\"},\"query-input\":{\"@type\":\"PropertyValueSpecification\",\"valueRequired\":true,\"valueName\":\"search_term_string\"}}],\"inLanguage\":\"de\"},{\"@type\":\"Organization\",\"@id\":\"https:\\\/\\\/sendapp.live\\\/it\\\/#organization\",\"name\":\"SendApp\",\"url\":\"https:\\\/\\\/sendapp.live\\\/it\\\/\",\"logo\":{\"@type\":\"ImageObject\",\"inLanguage\":\"de\",\"@id\":\"https:\\\/\\\/sendapp.live\\\/it\\\/#\\\/schema\\\/logo\\\/image\\\/\",\"url\":\"https:\\\/\\\/sendapp.live\\\/wp-content\\\/uploads\\\/2025\\\/04\\\/Logo-Sendapp-300x60-1.png\",\"contentUrl\":\"https:\\\/\\\/sendapp.live\\\/wp-content\\\/uploads\\\/2025\\\/04\\\/Logo-Sendapp-300x60-1.png\",\"width\":300,\"height\":60,\"caption\":\"SendApp\"},\"image\":{\"@id\":\"https:\\\/\\\/sendapp.live\\\/it\\\/#\\\/schema\\\/logo\\\/image\\\/\"},\"sameAs\":[\"https:\\\/\\\/www.facebook.com\\\/sendapp.live\",\"https:\\\/\\\/x.com\\\/sendapp_live\",\"https:\\\/\\\/www.instagram.com\\\/sendapp.live\",\"https:\\\/\\\/www.youtube.com\\\/channel\\\/UC2gaLpi0-OJLG4CFbOr6mLw\",\"https:\\\/\\\/it.trustpilot.com\\\/review\\\/sendapp.live\"],\"description\":\"Piattaforma italiana di WhatsApp Marketing con API ufficiali Meta. Assistente AI, campagne massive, SMS Gateway gratuito, Google Calendar, automazioni. Da \u20ac16\\\/mese senza markup sui messaggi.\",\"email\":\"info@sendapp.live\",\"foundingDate\":\"2016-07-25\"}]}<\/script>\n<!-- \/ Yoast SEO Premium plugin. -->","yoast_head_json":{"title":"Sendapp Connect \u2013 SendApp \u2013 WhatsApp-Marketing-Software","description":"SendApp Connect - sendet Benachrichtigungen von der WordPress-Plattform per SMS und WhatsApp an den Kunden und den Administrator. Durch die Installation des kostenlosen WordPress-Plugins werden alle Benachrichtigungen \u00fcber Bestellungen, Zahlungen, Anzeigen, Angebote und neue Produkte per SMS oder WhatsApp oder beidem an alle registrierten Kunden gesendet.","robots":{"index":"index","follow":"follow","max-snippet":"max-snippet:-1","max-image-preview":"max-image-preview:large","max-video-preview":"max-video-preview:-1"},"canonical":"https:\/\/sendapp.live\/de\/produkt\/sendapp-web-connect-free-sms-whatsapp-gateway-wordpress-plugin\/","og_locale":"de_DE","og_type":"article","og_title":"Sendapp Connect","og_description":"SendApp Connect- invia notifiche dalla piattaforma WordPress tramite messaggi SMS e WhatsApp a cliente e al aministratore. Installando WordPress Plugin Gratuito tutti le notifiche ordini, pagamenti, pubblicit\u00e0, offerti, nuovi prodotti vengono inviati a tutti clienti registrati tramite un sms, o whatsapp, o entrambi.","og_url":"https:\/\/sendapp.live\/de\/produkt\/sendapp-web-connect-free-sms-whatsapp-gateway-wordpress-plugin\/","og_site_name":"SendApp - Software Whatsapp Marketing","article_publisher":"https:\/\/www.facebook.com\/sendapp.live","article_modified_time":"2026-04-08T21:29:48+00:00","og_image":[{"width":1024,"height":1024,"url":"https:\/\/sendapp.live\/wp-content\/uploads\/2020\/03\/connect.png","type":"image\/png"}],"twitter_card":"summary_large_image","twitter_site":"@sendapp_live","twitter_misc":{"Gesch\u00e4tzte Lesezeit":"2\u00a0Minuten"},"schema":{"@context":"https:\/\/schema.org","@graph":[{"@type":"WebPage","@id":"https:\/\/sendapp.live\/product\/sendapp-web-connect-free-sms-whatsapp-gateway-wordpress-plugin\/","url":"https:\/\/sendapp.live\/product\/sendapp-web-connect-free-sms-whatsapp-gateway-wordpress-plugin\/","name":"Sendapp Connect \u2013 SendApp \u2013 WhatsApp-Marketing-Software","isPartOf":{"@id":"https:\/\/sendapp.live\/it\/#website"},"primaryImageOfPage":{"@id":"https:\/\/sendapp.live\/product\/sendapp-web-connect-free-sms-whatsapp-gateway-wordpress-plugin\/#primaryimage"},"image":{"@id":"https:\/\/sendapp.live\/product\/sendapp-web-connect-free-sms-whatsapp-gateway-wordpress-plugin\/#primaryimage"},"thumbnailUrl":"https:\/\/sendapp.live\/wp-content\/uploads\/2020\/03\/connect.png","datePublished":"2020-03-03T11:08:34+00:00","dateModified":"2026-04-08T21:29:48+00:00","description":"SendApp Connect - sendet Benachrichtigungen von der WordPress-Plattform per SMS und WhatsApp an den Kunden und den Administrator. Durch die Installation des kostenlosen WordPress-Plugins werden alle Benachrichtigungen \u00fcber Bestellungen, Zahlungen, Anzeigen, Angebote und neue Produkte per SMS oder WhatsApp oder beidem an alle registrierten Kunden gesendet.","breadcrumb":{"@id":"https:\/\/sendapp.live\/product\/sendapp-web-connect-free-sms-whatsapp-gateway-wordpress-plugin\/#breadcrumb"},"inLanguage":"de","potentialAction":[{"@type":"ReadAction","target":["https:\/\/sendapp.live\/product\/sendapp-web-connect-free-sms-whatsapp-gateway-wordpress-plugin\/"]}]},{"@type":"ImageObject","inLanguage":"de","@id":"https:\/\/sendapp.live\/product\/sendapp-web-connect-free-sms-whatsapp-gateway-wordpress-plugin\/#primaryimage","url":"https:\/\/sendapp.live\/wp-content\/uploads\/2020\/03\/connect.png","contentUrl":"https:\/\/sendapp.live\/wp-content\/uploads\/2020\/03\/connect.png","width":1024,"height":1024},{"@type":"BreadcrumbList","@id":"https:\/\/sendapp.live\/product\/sendapp-web-connect-free-sms-whatsapp-gateway-wordpress-plugin\/#breadcrumb","itemListElement":[{"@type":"ListItem","position":1,"name":"Home","item":"https:\/\/sendapp.live\/"},{"@type":"ListItem","position":2,"name":"Shop","item":"https:\/\/sendapp.live\/shop\/"},{"@type":"ListItem","position":3,"name":"Sendapp Connect"}]},{"@type":"WebSite","@id":"https:\/\/sendapp.live\/it\/#website","url":"https:\/\/sendapp.live\/it\/","name":"SendApp","description":"Automatisieren Sie Ihre Nachrichten und steigern Sie Ihr Gesch\u00e4ft","publisher":{"@id":"https:\/\/sendapp.live\/it\/#organization"},"alternateName":"SendApp WhatsApp Marketing","potentialAction":[{"@type":"SearchAction","target":{"@type":"EntryPoint","urlTemplate":"https:\/\/sendapp.live\/it\/?s={search_term_string}"},"query-input":{"@type":"PropertyValueSpecification","valueRequired":true,"valueName":"search_term_string"}}],"inLanguage":"de"},{"@type":"Organization","@id":"https:\/\/sendapp.live\/it\/#organization","name":"SendApp","url":"https:\/\/sendapp.live\/it\/","logo":{"@type":"ImageObject","inLanguage":"de","@id":"https:\/\/sendapp.live\/it\/#\/schema\/logo\/image\/","url":"https:\/\/sendapp.live\/wp-content\/uploads\/2025\/04\/Logo-Sendapp-300x60-1.png","contentUrl":"https:\/\/sendapp.live\/wp-content\/uploads\/2025\/04\/Logo-Sendapp-300x60-1.png","width":300,"height":60,"caption":"SendApp"},"image":{"@id":"https:\/\/sendapp.live\/it\/#\/schema\/logo\/image\/"},"sameAs":["https:\/\/www.facebook.com\/sendapp.live","https:\/\/x.com\/sendapp_live","https:\/\/www.instagram.com\/sendapp.live","https:\/\/www.youtube.com\/channel\/UC2gaLpi0-OJLG4CFbOr6mLw","https:\/\/it.trustpilot.com\/review\/sendapp.live"],"description":"Italienische WhatsApp-Marketing-Plattform mit offizieller Meta-API. KI-Assistent, Massenkampagnen, kostenloses SMS-Gateway, Google Kalender, Automatisierungen. Ab 16 \u20ac\/Monat ohne Aufpreis f\u00fcr Nachrichten.","email":"info@sendapp.live","foundingDate":"2016-07-25"}]}},"_links":{"self":[{"href":"https:\/\/sendapp.live\/de\/wp-json\/wp\/v2\/product\/12431","targetHints":{"allow":["GET"]}}],"collection":[{"href":"https:\/\/sendapp.live\/de\/wp-json\/wp\/v2\/product"}],"about":[{"href":"https:\/\/sendapp.live\/de\/wp-json\/wp\/v2\/types\/product"}],"replies":[{"embeddable":true,"href":"https:\/\/sendapp.live\/de\/wp-json\/wp\/v2\/comments?post=12431"}],"wp:featuredmedia":[{"embeddable":true,"href":"https:\/\/sendapp.live\/de\/wp-json\/wp\/v2\/media\/122438"}],"wp:attachment":[{"href":"https:\/\/sendapp.live\/de\/wp-json\/wp\/v2\/media?parent=12431"}],"wp:term":[{"taxonomy":"product_brand","embeddable":true,"href":"https:\/\/sendapp.live\/de\/wp-json\/wp\/v2\/product_brand?post=12431"},{"taxonomy":"product_cat","embeddable":true,"href":"https:\/\/sendapp.live\/de\/wp-json\/wp\/v2\/product_cat?post=12431"},{"taxonomy":"product_tag","embeddable":true,"href":"https:\/\/sendapp.live\/de\/wp-json\/wp\/v2\/product_tag?post=12431"}],"curies":[{"name":"wp","href":"https:\/\/api.w.org\/{rel}","templated":true}]}}