{"id":36425,"date":"2025-09-26T12:42:31","date_gmt":"2025-09-26T10:42:31","guid":{"rendered":"https:\/\/sendapp.live\/?post_type=product&#038;p=36425"},"modified":"2026-01-29T19:46:12","modified_gmt":"2026-01-29T18:46:12","slug":"whatsapp-benachrichtigungen-mit-google-kalender","status":"publish","type":"product","link":"https:\/\/sendapp.live\/de\/product\/notifiche-whatsapp-con-google-calendar\/","title":{"rendered":"Notifyme \u2013 Automatische WhatsApp-Benachrichtigungen f\u00fcr Google Kalender-Termine"},"content":{"rendered":"<h2>Was bewirkt es?<\/h2>\n<ul>\n<li>Termine aus Ihrem Google Kalender \u00fcber ein Google Sheet-Backup lesen<\/li>\n<li>Senden Sie vor\/nach dem Termin automatische WhatsApp-Nachrichten an den Kunden<\/li>\n<li>Text, Sendezeiten, dynamische Felder (Name, Datum, Uhrzeit, Ort, Link, Notizen) anpassen<\/li>\n<li>Protokollieren Sie \u00dcbermittlungen in Google Tabellen zur Nachverfolgung und Kontrolle<\/li>\n<\/ul>\n<h2>Was ist im Paket enthalten<\/h2>\n<ul>\n<li>Gebrauchsfertiges Skript f\u00fcr Google Apps Script + vorkonfiguriertes Google Sheet<\/li>\n<li>1 Jahr <strong>SendApp Cloud<\/strong> <em>oder<\/em> <strong>SendApp Official<\/strong> (Offizielle WhatsApp-API)<\/li>\n<li>45 Minuten <strong>Fernunterst\u00fctzung<\/strong> zur Installation und Erstkonfiguration<\/li>\n<li>Nachrichtenvorlage auf Italienisch + Beispiele in anderen Sprachen<\/li>\n<li>Schnelle Schritt-f\u00fcr-Schritt-Anleitung (PDF)<\/li>\n<\/ul>\n<h2>F\u00fcr wen ist es ideal?<\/h2>\n<p>Arztpraxen, Kosmetik- und Friseursalons, Reparaturwerkst\u00e4tten, Beratungsunternehmen, Fitnessstudios, Fahrschulen, Ausstellungsr\u00e4ume, Agenturen und alle Unternehmen, die nach Terminvereinbarung arbeiten.<\/p>\n<h2>Hauptfunktionen<\/h2>\n<ul>\n<li>Automatische Erinnerungen nach 24 Stunden, 3 Stunden oder zu benutzerdefinierten Zeiten<\/li>\n<li>Best\u00e4tigungs-, Erinnerungs-, Folge- und \u00dcberpr\u00fcfungsanfragenachrichten<\/li>\n<li>Dynamische Kalendervariablen: Titel, Datum\/Uhrzeit, Ort, Beschreibung, Meet\/Maps-Link<\/li>\n<li>Protokollieren Sie \u00dcbermittlungen, Fehler und grundlegende Statistiken in Google Tabellen<\/li>\n<li>Unterst\u00fctzt mehrere Kalender und mehrere Standorte<\/li>\n<li>Kompatibel mit bereits im Google Sheet vorhandenen Kontaktlisten<\/li>\n<\/ul>\n<h2>Bedarf<\/h2>\n<ul>\n<li>Google-Konto (Kalender + Drive)<\/li>\n<li>Mit SendApp Cloud oder SendApp Official verkn\u00fcpfte WhatsApp-Nummer<\/li>\n<li>PC mit Chrome\/Edge-Browser f\u00fcr die Ersteinrichtung<\/li>\n<li>Zustimmung des Kunden zum Empfang von Nachrichten \u00fcber WhatsApp<\/li>\n<\/ul>\n<h2>So funktioniert es (kurz gesagt)<\/h2>\n<ol>\n<li>Duplizieren Sie das bereitgestellte Google Sheet<\/li>\n<li>F\u00fcgen Sie das Skript ein und richten Sie automatische Ausl\u00f6ser ein<\/li>\n<li>W\u00e4hlen Sie den Kalender aus und ordnen Sie die Felder zu<\/li>\n<li>W\u00e4hlen Sie Nachrichtenvorlagen und Sendezeiten<\/li>\n<li>Texten und live gehen: Termine generieren automatisch Nachrichten<\/li>\n<\/ol>\n<h2>Konkrete Vorteile<\/h2>\n<ul>\n<li>Weniger Nichterscheinen und eine vollere Agenda<\/li>\n<li>Weniger manuelle Anrufe, mehr Zeit f\u00fcr Kunden<\/li>\n<li>Klare und verst\u00e4ndliche Botschaften, immer p\u00fcnktlich<\/li>\n<li>Kontrollsicherer Sendungsverlauf<\/li>\n<\/ul>\n<h2>Hilfestellung und Aktivierung<\/h2>\n<p>In den enthaltenen 30 Minuten konfigurieren wir gemeinsam: SendApp-Verbindung, Zeitausl\u00f6ser, Feldzuordnung und abschlie\u00dfende Tests. Zus\u00e4tzlicher Support auf Anfrage erh\u00e4ltlich.<\/p>\n<h2>Wichtige Hinweise<\/h2>\n<ul>\n<li>F\u00fcr die Verwendung mit SendApp Official sind Vorlagen erforderlich, die den Meta-Richtlinien entsprechen<\/li>\n<li>Sendeh\u00e4ufigkeit und -volumen m\u00fcssen den Grenzen des aktiven SendApp-Plans entsprechen<\/li>\n<li>DSGVO-konform: Wir stellen Richtlinien zur Einwilligung und Abmeldung bereit<\/li>\n<\/ul>\n<p>M\u00f6chten Sie die Zahl der Nichterscheinen reduzieren und Erinnerungen automatisieren? Aktivieren Sie Notifyme noch heute und lassen Sie sich von Terminen automatisch erinnern.<\/p>","protected":false},"excerpt":{"rendered":"<p data-start=\"82\" data-end=\"212\">Verwandeln Sie jedes Ereignis in Ihrem Google-Kalender in eine automatische WhatsApp-Erinnerung: keine Vergesslichkeit mehr, mehr Anwesenheit, weniger Nichterscheinen.<\/p>","protected":false},"featured_media":36439,"comment_status":"open","ping_status":"closed","template":"","meta":{"_daim_seo_power":"","_daim_enable_ail":""},"product_brand":[],"product_cat":[15],"product_tag":[82,69,68,79,75,21,73,67,81,2519,96,2518],"class_list":{"0":"post-36425","1":"product","2":"type-product","3":"status-publish","4":"has-post-thumbnail","6":"product_cat-sendapp-desktop","7":"product_tag-bulk-message","8":"product_tag-marketing-campaign","9":"product_tag-massive-marketing","10":"product_tag-send-message","11":"product_tag-sendapp-bussiness","12":"product_tag-whatsapp","13":"product_tag-whatsapp-chat","14":"product_tag-whatsapp-massive-marketing","15":"product_tag-whatsapp-message","16":"product_tag-whatsapp-notification","17":"product_tag-whatsapp-schedule-message","18":"product_tag-whatsapp-woocommerce-notification","20":"first","21":"instock","22":"downloadable","23":"taxable","24":"shipping-taxable","25":"purchasable","26":"product-type-simple"},"yoast_head":"<!-- This site is optimized with the Yoast SEO Premium plugin v27.5 (Yoast SEO v27.5) - https:\/\/yoast.com\/product\/yoast-seo-premium-wordpress\/ -->\n<title>Notifiche WhatsApp con Google Calendar<\/title>\n<meta name=\"description\" content=\"Invia messaggi WhatsApp automatici al cliente dal tuo Google Calendar prima\/dopo l\u2019appuntamento. Personalizza testo, orari di invio.\" \/>\n<meta name=\"robots\" content=\"index, follow, max-snippet:-1, max-image-preview:large, max-video-preview:-1\" \/>\n<link rel=\"canonical\" href=\"https:\/\/sendapp.live\/de\/produkt\/whatsapp-benachrichtigungen-mit-google-kalender\/\" \/>\n<meta property=\"og:locale\" content=\"de_DE\" \/>\n<meta property=\"og:type\" content=\"article\" \/>\n<meta property=\"og:title\" content=\"Notifyme \u2013 Notifiche WhatsApp automatiche per appuntamenti con Google Calendar\" \/>\n<meta property=\"og:description\" content=\"Invia messaggi WhatsApp automatici al cliente dal tuo Google Calendar prima\/dopo l\u2019appuntamento. Personalizza testo, orari di invio.\" \/>\n<meta property=\"og:url\" content=\"https:\/\/sendapp.live\/de\/produkt\/whatsapp-benachrichtigungen-mit-google-kalender\/\" \/>\n<meta property=\"og:site_name\" content=\"SendApp - Software Whatsapp Marketing\" \/>\n<meta property=\"article:publisher\" content=\"https:\/\/www.facebook.com\/sendapp.live\" \/>\n<meta property=\"article:modified_time\" content=\"2026-01-29T18:46:12+00:00\" \/>\n<meta property=\"og:image\" content=\"https:\/\/sendapp.live\/wp-content\/uploads\/2025\/09\/Notifiche-Whatsapp-Google-Calendar-1.jpg\" \/>\n\t<meta property=\"og:image:width\" content=\"1024\" \/>\n\t<meta property=\"og:image:height\" content=\"1024\" \/>\n\t<meta property=\"og:image:type\" content=\"image\/jpeg\" \/>\n<meta name=\"twitter:card\" content=\"summary_large_image\" \/>\n<meta name=\"twitter:site\" content=\"@sendapp_live\" \/>\n<meta name=\"twitter:label1\" content=\"Gesch\u00e4tzte Lesezeit\" \/>\n\t<meta name=\"twitter:data1\" content=\"2\u00a0Minuten\" \/>\n<script type=\"application\/ld+json\" class=\"yoast-schema-graph\">{\"@context\":\"https:\\\/\\\/schema.org\",\"@graph\":[{\"@type\":\"WebPage\",\"@id\":\"https:\\\/\\\/sendapp.live\\\/product\\\/notifiche-whatsapp-con-google-calendar\\\/\",\"url\":\"https:\\\/\\\/sendapp.live\\\/product\\\/notifiche-whatsapp-con-google-calendar\\\/\",\"name\":\"Notifiche WhatsApp con Google Calendar\",\"isPartOf\":{\"@id\":\"https:\\\/\\\/sendapp.live\\\/it\\\/#website\"},\"primaryImageOfPage\":{\"@id\":\"https:\\\/\\\/sendapp.live\\\/product\\\/notifiche-whatsapp-con-google-calendar\\\/#primaryimage\"},\"image\":{\"@id\":\"https:\\\/\\\/sendapp.live\\\/product\\\/notifiche-whatsapp-con-google-calendar\\\/#primaryimage\"},\"thumbnailUrl\":\"https:\\\/\\\/sendapp.live\\\/wp-content\\\/uploads\\\/2025\\\/09\\\/Notifiche-Whatsapp-Google-Calendar-1.jpg\",\"datePublished\":\"2025-09-26T10:42:31+00:00\",\"dateModified\":\"2026-01-29T18:46:12+00:00\",\"description\":\"Invia messaggi WhatsApp automatici al cliente dal tuo Google Calendar prima\\\/dopo l\u2019appuntamento. Personalizza testo, orari di invio.\",\"breadcrumb\":{\"@id\":\"https:\\\/\\\/sendapp.live\\\/product\\\/notifiche-whatsapp-con-google-calendar\\\/#breadcrumb\"},\"inLanguage\":\"de\",\"potentialAction\":[{\"@type\":\"ReadAction\",\"target\":[\"https:\\\/\\\/sendapp.live\\\/product\\\/notifiche-whatsapp-con-google-calendar\\\/\"]}]},{\"@type\":\"ImageObject\",\"inLanguage\":\"de\",\"@id\":\"https:\\\/\\\/sendapp.live\\\/product\\\/notifiche-whatsapp-con-google-calendar\\\/#primaryimage\",\"url\":\"https:\\\/\\\/sendapp.live\\\/wp-content\\\/uploads\\\/2025\\\/09\\\/Notifiche-Whatsapp-Google-Calendar-1.jpg\",\"contentUrl\":\"https:\\\/\\\/sendapp.live\\\/wp-content\\\/uploads\\\/2025\\\/09\\\/Notifiche-Whatsapp-Google-Calendar-1.jpg\",\"width\":1024,\"height\":1024},{\"@type\":\"BreadcrumbList\",\"@id\":\"https:\\\/\\\/sendapp.live\\\/product\\\/notifiche-whatsapp-con-google-calendar\\\/#breadcrumb\",\"itemListElement\":[{\"@type\":\"ListItem\",\"position\":1,\"name\":\"Home\",\"item\":\"https:\\\/\\\/sendapp.live\\\/\"},{\"@type\":\"ListItem\",\"position\":2,\"name\":\"Shop\",\"item\":\"https:\\\/\\\/sendapp.live\\\/shop\\\/\"},{\"@type\":\"ListItem\",\"position\":3,\"name\":\"Notifyme \u2013 Notifiche WhatsApp automatiche per appuntamenti con Google Calendar\"}]},{\"@type\":\"WebSite\",\"@id\":\"https:\\\/\\\/sendapp.live\\\/it\\\/#website\",\"url\":\"https:\\\/\\\/sendapp.live\\\/it\\\/\",\"name\":\"SendApp\",\"description\":\"Automate Your Messages &amp; Grow Your Business\",\"publisher\":{\"@id\":\"https:\\\/\\\/sendapp.live\\\/it\\\/#organization\"},\"alternateName\":\"SendApp WhatsApp Marketing\",\"potentialAction\":[{\"@type\":\"SearchAction\",\"target\":{\"@type\":\"EntryPoint\",\"urlTemplate\":\"https:\\\/\\\/sendapp.live\\\/it\\\/?s={search_term_string}\"},\"query-input\":{\"@type\":\"PropertyValueSpecification\",\"valueRequired\":true,\"valueName\":\"search_term_string\"}}],\"inLanguage\":\"de\"},{\"@type\":\"Organization\",\"@id\":\"https:\\\/\\\/sendapp.live\\\/it\\\/#organization\",\"name\":\"SendApp\",\"url\":\"https:\\\/\\\/sendapp.live\\\/it\\\/\",\"logo\":{\"@type\":\"ImageObject\",\"inLanguage\":\"de\",\"@id\":\"https:\\\/\\\/sendapp.live\\\/it\\\/#\\\/schema\\\/logo\\\/image\\\/\",\"url\":\"https:\\\/\\\/sendapp.live\\\/wp-content\\\/uploads\\\/2025\\\/04\\\/Logo-Sendapp-300x60-1.png\",\"contentUrl\":\"https:\\\/\\\/sendapp.live\\\/wp-content\\\/uploads\\\/2025\\\/04\\\/Logo-Sendapp-300x60-1.png\",\"width\":300,\"height\":60,\"caption\":\"SendApp\"},\"image\":{\"@id\":\"https:\\\/\\\/sendapp.live\\\/it\\\/#\\\/schema\\\/logo\\\/image\\\/\"},\"sameAs\":[\"https:\\\/\\\/www.facebook.com\\\/sendapp.live\",\"https:\\\/\\\/x.com\\\/sendapp_live\",\"https:\\\/\\\/www.instagram.com\\\/sendapp.live\",\"https:\\\/\\\/www.youtube.com\\\/channel\\\/UC2gaLpi0-OJLG4CFbOr6mLw\",\"https:\\\/\\\/it.trustpilot.com\\\/review\\\/sendapp.live\"],\"description\":\"Piattaforma italiana di WhatsApp Marketing con API ufficiali Meta. Assistente AI, campagne massive, SMS Gateway gratuito, Google Calendar, automazioni. Da \u20ac16\\\/mese senza markup sui messaggi.\",\"email\":\"info@sendapp.live\",\"foundingDate\":\"2016-07-25\"}]}<\/script>\n<!-- \/ Yoast SEO Premium plugin. -->","yoast_head_json":{"title":"WhatsApp-Benachrichtigungen mit Google Kalender","description":"Senden Sie Ihren Kunden vor und nach ihrem Termin automatische WhatsApp-Nachrichten aus Ihrem Google Kalender. Passen Sie Text und Zeitpunkt individuell an.","robots":{"index":"index","follow":"follow","max-snippet":"max-snippet:-1","max-image-preview":"max-image-preview:large","max-video-preview":"max-video-preview:-1"},"canonical":"https:\/\/sendapp.live\/de\/produkt\/whatsapp-benachrichtigungen-mit-google-kalender\/","og_locale":"de_DE","og_type":"article","og_title":"Notifyme \u2013 Notifiche WhatsApp automatiche per appuntamenti con Google Calendar","og_description":"Invia messaggi WhatsApp automatici al cliente dal tuo Google Calendar prima\/dopo l\u2019appuntamento. Personalizza testo, orari di invio.","og_url":"https:\/\/sendapp.live\/de\/produkt\/whatsapp-benachrichtigungen-mit-google-kalender\/","og_site_name":"SendApp - Software Whatsapp Marketing","article_publisher":"https:\/\/www.facebook.com\/sendapp.live","article_modified_time":"2026-01-29T18:46:12+00:00","og_image":[{"width":1024,"height":1024,"url":"https:\/\/sendapp.live\/wp-content\/uploads\/2025\/09\/Notifiche-Whatsapp-Google-Calendar-1.jpg","type":"image\/jpeg"}],"twitter_card":"summary_large_image","twitter_site":"@sendapp_live","twitter_misc":{"Gesch\u00e4tzte Lesezeit":"2\u00a0Minuten"},"schema":{"@context":"https:\/\/schema.org","@graph":[{"@type":"WebPage","@id":"https:\/\/sendapp.live\/product\/notifiche-whatsapp-con-google-calendar\/","url":"https:\/\/sendapp.live\/product\/notifiche-whatsapp-con-google-calendar\/","name":"WhatsApp-Benachrichtigungen mit Google Kalender","isPartOf":{"@id":"https:\/\/sendapp.live\/it\/#website"},"primaryImageOfPage":{"@id":"https:\/\/sendapp.live\/product\/notifiche-whatsapp-con-google-calendar\/#primaryimage"},"image":{"@id":"https:\/\/sendapp.live\/product\/notifiche-whatsapp-con-google-calendar\/#primaryimage"},"thumbnailUrl":"https:\/\/sendapp.live\/wp-content\/uploads\/2025\/09\/Notifiche-Whatsapp-Google-Calendar-1.jpg","datePublished":"2025-09-26T10:42:31+00:00","dateModified":"2026-01-29T18:46:12+00:00","description":"Senden Sie Ihren Kunden vor und nach ihrem Termin automatische WhatsApp-Nachrichten aus Ihrem Google Kalender. Passen Sie Text und Zeitpunkt individuell an.","breadcrumb":{"@id":"https:\/\/sendapp.live\/product\/notifiche-whatsapp-con-google-calendar\/#breadcrumb"},"inLanguage":"de","potentialAction":[{"@type":"ReadAction","target":["https:\/\/sendapp.live\/product\/notifiche-whatsapp-con-google-calendar\/"]}]},{"@type":"ImageObject","inLanguage":"de","@id":"https:\/\/sendapp.live\/product\/notifiche-whatsapp-con-google-calendar\/#primaryimage","url":"https:\/\/sendapp.live\/wp-content\/uploads\/2025\/09\/Notifiche-Whatsapp-Google-Calendar-1.jpg","contentUrl":"https:\/\/sendapp.live\/wp-content\/uploads\/2025\/09\/Notifiche-Whatsapp-Google-Calendar-1.jpg","width":1024,"height":1024},{"@type":"BreadcrumbList","@id":"https:\/\/sendapp.live\/product\/notifiche-whatsapp-con-google-calendar\/#breadcrumb","itemListElement":[{"@type":"ListItem","position":1,"name":"Home","item":"https:\/\/sendapp.live\/"},{"@type":"ListItem","position":2,"name":"Shop","item":"https:\/\/sendapp.live\/shop\/"},{"@type":"ListItem","position":3,"name":"Notifyme \u2013 Notifiche WhatsApp automatiche per appuntamenti con Google Calendar"}]},{"@type":"WebSite","@id":"https:\/\/sendapp.live\/it\/#website","url":"https:\/\/sendapp.live\/it\/","name":"SendApp","description":"Automatisieren Sie Ihre Nachrichten und steigern Sie Ihr Gesch\u00e4ft","publisher":{"@id":"https:\/\/sendapp.live\/it\/#organization"},"alternateName":"SendApp WhatsApp Marketing","potentialAction":[{"@type":"SearchAction","target":{"@type":"EntryPoint","urlTemplate":"https:\/\/sendapp.live\/it\/?s={search_term_string}"},"query-input":{"@type":"PropertyValueSpecification","valueRequired":true,"valueName":"search_term_string"}}],"inLanguage":"de"},{"@type":"Organization","@id":"https:\/\/sendapp.live\/it\/#organization","name":"SendApp","url":"https:\/\/sendapp.live\/it\/","logo":{"@type":"ImageObject","inLanguage":"de","@id":"https:\/\/sendapp.live\/it\/#\/schema\/logo\/image\/","url":"https:\/\/sendapp.live\/wp-content\/uploads\/2025\/04\/Logo-Sendapp-300x60-1.png","contentUrl":"https:\/\/sendapp.live\/wp-content\/uploads\/2025\/04\/Logo-Sendapp-300x60-1.png","width":300,"height":60,"caption":"SendApp"},"image":{"@id":"https:\/\/sendapp.live\/it\/#\/schema\/logo\/image\/"},"sameAs":["https:\/\/www.facebook.com\/sendapp.live","https:\/\/x.com\/sendapp_live","https:\/\/www.instagram.com\/sendapp.live","https:\/\/www.youtube.com\/channel\/UC2gaLpi0-OJLG4CFbOr6mLw","https:\/\/it.trustpilot.com\/review\/sendapp.live"],"description":"Italienische WhatsApp-Marketing-Plattform mit offizieller Meta-API. KI-Assistent, Massenkampagnen, kostenloses SMS-Gateway, Google Kalender, Automatisierungen. Ab 16 \u20ac\/Monat ohne Aufpreis f\u00fcr Nachrichten.","email":"info@sendapp.live","foundingDate":"2016-07-25"}]}},"_links":{"self":[{"href":"https:\/\/sendapp.live\/de\/wp-json\/wp\/v2\/product\/36425","targetHints":{"allow":["GET"]}}],"collection":[{"href":"https:\/\/sendapp.live\/de\/wp-json\/wp\/v2\/product"}],"about":[{"href":"https:\/\/sendapp.live\/de\/wp-json\/wp\/v2\/types\/product"}],"replies":[{"embeddable":true,"href":"https:\/\/sendapp.live\/de\/wp-json\/wp\/v2\/comments?post=36425"}],"wp:featuredmedia":[{"embeddable":true,"href":"https:\/\/sendapp.live\/de\/wp-json\/wp\/v2\/media\/36439"}],"wp:attachment":[{"href":"https:\/\/sendapp.live\/de\/wp-json\/wp\/v2\/media?parent=36425"}],"wp:term":[{"taxonomy":"product_brand","embeddable":true,"href":"https:\/\/sendapp.live\/de\/wp-json\/wp\/v2\/product_brand?post=36425"},{"taxonomy":"product_cat","embeddable":true,"href":"https:\/\/sendapp.live\/de\/wp-json\/wp\/v2\/product_cat?post=36425"},{"taxonomy":"product_tag","embeddable":true,"href":"https:\/\/sendapp.live\/de\/wp-json\/wp\/v2\/product_tag?post=36425"}],"curies":[{"name":"wp","href":"https:\/\/api.w.org\/{rel}","templated":true}]}}