{"id":474,"date":"2019-05-22T13:33:25","date_gmt":"2019-05-22T11:33:25","guid":{"rendered":"https:\/\/sendapp.live\/?post_type=product&#038;p=474"},"modified":"2026-04-08T23:29:53","modified_gmt":"2026-04-08T21:29:53","slug":"sendapp-kostenlos-testen","status":"publish","type":"product","link":"https:\/\/sendapp.live\/de\/product\/sendapp-free-trial\/","title":{"rendered":"SendApp Free"},"content":{"rendered":"<p>SendApp FREE - Senden Sie Nachrichten mit der Messaging-App. Das Senden personalisierter, werblicher und informativer Nachrichten an Ihre Chat-Kontakte und noch mehr an andere Kontakte mit Sendapp \u00fcber Whatsapp ist ganz einfach.<\/p>\n<p>Das Wichtigste ist, dass die Erstellung einer umfangreichen Marketingkampagne zum Versenden von Nachrichten angenehm und einfach wird, sodass Sie mit SendApp Zeit und M\u00fche sparen.<br \/>\nMachen Sie sich also an die Arbeit mit einer All-in-One-Marketingplattform, die mit der modernen Kommunikation Schritt h\u00e4lt. Es sind keine technischen Kenntnisse erforderlich: Personalisieren Sie Ihre Nachricht einfach mit Texten, Bildern, Emojis, Videos und Links, um eine erfolgreiche Werbekampagne mit nur wenigen Klicks zu erstellen.<\/p>\n<p>Daher darf SendApp Chat-Nachrichten vom PC an alle Ihre Chat-Kontakte und noch mehr an jede andere Liste von Empf\u00e4ngern senden, die in den folgenden Formaten in SendApp importiert wurden: .vcf. csv. txt * Wenden Sie sich an Google und Apple.<\/p>\n<p>Dar\u00fcber hinaus k\u00f6nnen Sie Ihre Marketingkampagnen planen und sind mit Sicherheit immer mit Ihren Kunden in Kontakt, indem Sie die automatische Antwortnachricht senden und schlie\u00dflich allen Ihren Kunden die personalisierte Nachricht mit dem Namen, dem Nachnamen und anderen Informationen senden. Sie erhalten den Sendebericht, um zu pr\u00fcfen, ob Ihre Nachrichten Ihre Kunden erreichen. Sie k\u00f6nnen dieselbe Nachricht also nur f\u00fcr nicht zugestellte Kontexte planen und erneut senden. Dar\u00fcber hinaus k\u00f6nnen Sie die automatische Antwort an Ihre Kunden basierend auf dem Schl\u00fcsselwort in der Frage erstellen.<\/p>\n<p>Mit der KOSTENLOSEN Testversion von SendApp k\u00f6nnen Sie:<\/p>\n<div class=\"wpb_text_column wpb_content_element vc_custom_1561030909334\">\n<div class=\"wpb_wrapper\">\n<ul class=\"features\">\n<li>20 automatisierte Nachrichten<\/li>\n<li><i class=\"icon-tiny fa fa-check accent-color\"><\/i>\u00a07-t\u00e4gige Testversion<\/li>\n<li><i class=\"icon-tiny fa fa-check accent-color\"><\/i> Adressbuch<\/li>\n<li><i class=\"icon-tiny fa fa-check accent-color\"><\/i> Sendebericht<\/li>\n<li><i class=\"icon-tiny fa fa-check accent-color\"><\/i> Bildarchiv<\/li>\n<li><i class=\"icon-tiny fa fa-check accent-color\"><\/i>\u00a0Stockfoto kostenlos<\/li>\n<li><i class=\"icon-tiny fa fa-check accent-color\"><\/i> Bildbearbeitung<\/li>\n<li><del><i class=\"icon-tiny fa fa-check accent-color\"><\/i> <del>Planung<\/del><\/del><\/li>\n<li><del><i class=\"icon-tiny fa fa-check accent-color\"><\/i>\u00a0Kundenbetreuung<\/del><\/li>\n<\/ul>\n<\/div>\n<p><a href=\"https:\/\/youtu.be\/zag9AJnsq8w\" target=\"_blank\" rel=\"noopener noreferrer\">Wie es funktioniert<\/a> &amp; #8211; YOUTUBE-VIDEO<\/p>\n<p>Wenn Sie Massennachrichten senden m\u00fcssen, verwenden Sie unsere SendApp Desktop Win- und MAC-Anwendung:<\/p>\n<p>SendApp Professional Version <a href=\"https:\/\/sendapp.live\/de\/produkt\/sendapp-professional\/\" target=\"_blank\" rel=\"noopener noreferrer\">HIER<\/a><br \/>\nSendApp Business Version <a href=\"https:\/\/sendapp.live\/de\/produkt\/sendapp-business-whatsapp-massive-message-sending-campaign\/\" target=\"_blank\" rel=\"noopener noreferrer\">HIER<\/a><\/p>\n<\/div>\n<div class=\"wpb_text_column wpb_content_element vc_custom_1561030909334\">\n<p>&nbsp;<\/p>\n<\/div>","protected":false},"excerpt":{"rendered":"<p>SendApp FREE \u2013 Senden Sie Nachrichten mit Messaging-Apps. Senden Sie personalisierte, werbliche und informative Nachrichten an Ihre Chat-Kontakte und noch mehr an andere Kontakte mit Sendapp \u00fcber\u2026<\/p>","protected":false},"featured_media":122441,"comment_status":"open","ping_status":"closed","template":"","meta":{"_daim_seo_power":"","_daim_enable_ail":""},"product_brand":[],"product_cat":[15],"product_tag":[103,82,97,105,93,80,86,69,68,95,94,85,92,102,79,100,104,89,75,91,87,90,88,101,99,98,106,73,67,81,96],"class_list":{"0":"post-474","1":"product","2":"type-product","3":"status-publish","4":"has-post-thumbnail","6":"product_cat-sendapp-desktop","7":"product_tag-auto-responce-message","8":"product_tag-bulk-message","9":"product_tag-custom-message-sending","10":"product_tag-google-contacts","11":"product_tag-how-to-create-massive-sending-campaign","12":"product_tag-how-to-message","13":"product_tag-info-campaign","14":"product_tag-marketing-campaign","15":"product_tag-massive-marketing","16":"product_tag-massive-message","17":"product_tag-massive-sendings","18":"product_tag-publicity-campaign","19":"product_tag-schedule-message-campaign","20":"product_tag-send-emoji","21":"product_tag-send-message","22":"product_tag-send-text-message","23":"product_tag-send-whatsapp-messages-from-pc","24":"product_tag-sendapp-android","25":"product_tag-sendapp-bussiness","26":"product_tag-sendapp-desktop","27":"product_tag-sendapp-free","28":"product_tag-sendapp-iphone","29":"product_tag-sendapp-trial","30":"product_tag-sending-link","31":"product_tag-sending-pdf","32":"product_tag-sending-report","33":"product_tag-wantapp-web","34":"product_tag-whatsapp-chat","35":"product_tag-whatsapp-massive-marketing","36":"product_tag-whatsapp-message","37":"product_tag-whatsapp-schedule-message","39":"first","40":"instock","41":"downloadable","42":"virtual","43":"taxable","44":"purchasable","45":"product-type-simple"},"yoast_head":"<!-- This site is optimized with the Yoast SEO Premium plugin v27.5 (Yoast SEO v27.5) - https:\/\/yoast.com\/product\/yoast-seo-premium-wordpress\/ -->\n<title>SendApp Free invii messaggi whatsapp- SendApp - Software Whatsapp Marketing<\/title>\n<meta name=\"description\" content=\"SendApp GRATUITO - invii messaggi personalizzati con WhatsApp, invii messaggi info e publicitari a contatti WhatsApp e a contatti importati nell SendApp\" \/>\n<meta name=\"robots\" content=\"index, follow, max-snippet:-1, max-image-preview:large, max-video-preview:-1\" \/>\n<link rel=\"canonical\" href=\"https:\/\/sendapp.live\/de\/produkt\/sendapp-kostenlos-testen\/\" \/>\n<meta property=\"og:locale\" content=\"de_DE\" \/>\n<meta property=\"og:type\" content=\"article\" \/>\n<meta property=\"og:title\" content=\"SendApp Free\" \/>\n<meta property=\"og:description\" content=\"SendApp GRATUITO - invii messaggi personalizzati con WhatsApp, invii messaggi info e publicitari a contatti WhatsApp e a contatti importati nell SendApp\" \/>\n<meta property=\"og:url\" content=\"https:\/\/sendapp.live\/de\/produkt\/sendapp-kostenlos-testen\/\" \/>\n<meta property=\"og:site_name\" content=\"SendApp - Software Whatsapp Marketing\" \/>\n<meta property=\"article:publisher\" content=\"https:\/\/www.facebook.com\/sendapp.live\" \/>\n<meta property=\"article:modified_time\" content=\"2026-04-08T21:29:53+00:00\" \/>\n<meta property=\"og:image\" content=\"https:\/\/sendapp.live\/wp-content\/uploads\/2019\/05\/free.png\" \/>\n\t<meta property=\"og:image:width\" content=\"1024\" \/>\n\t<meta property=\"og:image:height\" content=\"1024\" \/>\n\t<meta property=\"og:image:type\" content=\"image\/png\" \/>\n<meta name=\"twitter:card\" content=\"summary_large_image\" \/>\n<meta name=\"twitter:site\" content=\"@sendapp_live\" \/>\n<meta name=\"twitter:label1\" content=\"Gesch\u00e4tzte Lesezeit\" \/>\n\t<meta name=\"twitter:data1\" content=\"2\u00a0Minuten\" \/>\n<script type=\"application\/ld+json\" class=\"yoast-schema-graph\">{\"@context\":\"https:\\\/\\\/schema.org\",\"@graph\":[{\"@type\":\"WebPage\",\"@id\":\"https:\\\/\\\/sendapp.live\\\/product\\\/sendapp-free-trial\\\/\",\"url\":\"https:\\\/\\\/sendapp.live\\\/product\\\/sendapp-free-trial\\\/\",\"name\":\"SendApp Free invii messaggi whatsapp- SendApp - Software Whatsapp Marketing\",\"isPartOf\":{\"@id\":\"https:\\\/\\\/sendapp.live\\\/it\\\/#website\"},\"primaryImageOfPage\":{\"@id\":\"https:\\\/\\\/sendapp.live\\\/product\\\/sendapp-free-trial\\\/#primaryimage\"},\"image\":{\"@id\":\"https:\\\/\\\/sendapp.live\\\/product\\\/sendapp-free-trial\\\/#primaryimage\"},\"thumbnailUrl\":\"https:\\\/\\\/sendapp.live\\\/wp-content\\\/uploads\\\/2019\\\/05\\\/free.png\",\"datePublished\":\"2019-05-22T11:33:25+00:00\",\"dateModified\":\"2026-04-08T21:29:53+00:00\",\"description\":\"SendApp GRATUITO - invii messaggi personalizzati con WhatsApp, invii messaggi info e publicitari a contatti WhatsApp e a contatti importati nell SendApp\",\"breadcrumb\":{\"@id\":\"https:\\\/\\\/sendapp.live\\\/product\\\/sendapp-free-trial\\\/#breadcrumb\"},\"inLanguage\":\"de\",\"potentialAction\":[{\"@type\":\"ReadAction\",\"target\":[\"https:\\\/\\\/sendapp.live\\\/product\\\/sendapp-free-trial\\\/\"]}]},{\"@type\":\"ImageObject\",\"inLanguage\":\"de\",\"@id\":\"https:\\\/\\\/sendapp.live\\\/product\\\/sendapp-free-trial\\\/#primaryimage\",\"url\":\"https:\\\/\\\/sendapp.live\\\/wp-content\\\/uploads\\\/2019\\\/05\\\/free.png\",\"contentUrl\":\"https:\\\/\\\/sendapp.live\\\/wp-content\\\/uploads\\\/2019\\\/05\\\/free.png\",\"width\":1024,\"height\":1024},{\"@type\":\"BreadcrumbList\",\"@id\":\"https:\\\/\\\/sendapp.live\\\/product\\\/sendapp-free-trial\\\/#breadcrumb\",\"itemListElement\":[{\"@type\":\"ListItem\",\"position\":1,\"name\":\"Home\",\"item\":\"https:\\\/\\\/sendapp.live\\\/\"},{\"@type\":\"ListItem\",\"position\":2,\"name\":\"Shop\",\"item\":\"https:\\\/\\\/sendapp.live\\\/shop\\\/\"},{\"@type\":\"ListItem\",\"position\":3,\"name\":\"SendApp Free\"}]},{\"@type\":\"WebSite\",\"@id\":\"https:\\\/\\\/sendapp.live\\\/it\\\/#website\",\"url\":\"https:\\\/\\\/sendapp.live\\\/it\\\/\",\"name\":\"SendApp\",\"description\":\"Automate Your Messages &amp; Grow Your Business\",\"publisher\":{\"@id\":\"https:\\\/\\\/sendapp.live\\\/it\\\/#organization\"},\"alternateName\":\"SendApp WhatsApp Marketing\",\"potentialAction\":[{\"@type\":\"SearchAction\",\"target\":{\"@type\":\"EntryPoint\",\"urlTemplate\":\"https:\\\/\\\/sendapp.live\\\/it\\\/?s={search_term_string}\"},\"query-input\":{\"@type\":\"PropertyValueSpecification\",\"valueRequired\":true,\"valueName\":\"search_term_string\"}}],\"inLanguage\":\"de\"},{\"@type\":\"Organization\",\"@id\":\"https:\\\/\\\/sendapp.live\\\/it\\\/#organization\",\"name\":\"SendApp\",\"url\":\"https:\\\/\\\/sendapp.live\\\/it\\\/\",\"logo\":{\"@type\":\"ImageObject\",\"inLanguage\":\"de\",\"@id\":\"https:\\\/\\\/sendapp.live\\\/it\\\/#\\\/schema\\\/logo\\\/image\\\/\",\"url\":\"https:\\\/\\\/sendapp.live\\\/wp-content\\\/uploads\\\/2025\\\/04\\\/Logo-Sendapp-300x60-1.png\",\"contentUrl\":\"https:\\\/\\\/sendapp.live\\\/wp-content\\\/uploads\\\/2025\\\/04\\\/Logo-Sendapp-300x60-1.png\",\"width\":300,\"height\":60,\"caption\":\"SendApp\"},\"image\":{\"@id\":\"https:\\\/\\\/sendapp.live\\\/it\\\/#\\\/schema\\\/logo\\\/image\\\/\"},\"sameAs\":[\"https:\\\/\\\/www.facebook.com\\\/sendapp.live\",\"https:\\\/\\\/x.com\\\/sendapp_live\",\"https:\\\/\\\/www.instagram.com\\\/sendapp.live\",\"https:\\\/\\\/www.youtube.com\\\/channel\\\/UC2gaLpi0-OJLG4CFbOr6mLw\",\"https:\\\/\\\/it.trustpilot.com\\\/review\\\/sendapp.live\"],\"description\":\"Piattaforma italiana di WhatsApp Marketing con API ufficiali Meta. Assistente AI, campagne massive, SMS Gateway gratuito, Google Calendar, automazioni. Da \u20ac16\\\/mese senza markup sui messaggi.\",\"email\":\"info@sendapp.live\",\"foundingDate\":\"2016-07-25\"}]}<\/script>\n<!-- \/ Yoast SEO Premium plugin. -->","yoast_head_json":{"title":"SendApp Kostenlos WhatsApp-Nachrichten senden \u2013 SendApp \u2013 WhatsApp-Marketing-Software","description":"KOSTENLOSE SendApp - Senden Sie personalisierte Nachrichten mit WhatsApp, senden Sie Informationen und Werbebotschaften an WhatsApp-Kontakte und an Kontakte, die in die SendApp importiert wurden","robots":{"index":"index","follow":"follow","max-snippet":"max-snippet:-1","max-image-preview":"max-image-preview:large","max-video-preview":"max-video-preview:-1"},"canonical":"https:\/\/sendapp.live\/de\/produkt\/sendapp-kostenlos-testen\/","og_locale":"de_DE","og_type":"article","og_title":"SendApp Free","og_description":"SendApp GRATUITO - invii messaggi personalizzati con WhatsApp, invii messaggi info e publicitari a contatti WhatsApp e a contatti importati nell SendApp","og_url":"https:\/\/sendapp.live\/de\/produkt\/sendapp-kostenlos-testen\/","og_site_name":"SendApp - Software Whatsapp Marketing","article_publisher":"https:\/\/www.facebook.com\/sendapp.live","article_modified_time":"2026-04-08T21:29:53+00:00","og_image":[{"width":1024,"height":1024,"url":"https:\/\/sendapp.live\/wp-content\/uploads\/2019\/05\/free.png","type":"image\/png"}],"twitter_card":"summary_large_image","twitter_site":"@sendapp_live","twitter_misc":{"Gesch\u00e4tzte Lesezeit":"2\u00a0Minuten"},"schema":{"@context":"https:\/\/schema.org","@graph":[{"@type":"WebPage","@id":"https:\/\/sendapp.live\/product\/sendapp-free-trial\/","url":"https:\/\/sendapp.live\/product\/sendapp-free-trial\/","name":"SendApp Kostenlos WhatsApp-Nachrichten senden \u2013 SendApp \u2013 WhatsApp-Marketing-Software","isPartOf":{"@id":"https:\/\/sendapp.live\/it\/#website"},"primaryImageOfPage":{"@id":"https:\/\/sendapp.live\/product\/sendapp-free-trial\/#primaryimage"},"image":{"@id":"https:\/\/sendapp.live\/product\/sendapp-free-trial\/#primaryimage"},"thumbnailUrl":"https:\/\/sendapp.live\/wp-content\/uploads\/2019\/05\/free.png","datePublished":"2019-05-22T11:33:25+00:00","dateModified":"2026-04-08T21:29:53+00:00","description":"KOSTENLOSE SendApp - Senden Sie personalisierte Nachrichten mit WhatsApp, senden Sie Informationen und Werbebotschaften an WhatsApp-Kontakte und an Kontakte, die in die SendApp importiert wurden","breadcrumb":{"@id":"https:\/\/sendapp.live\/product\/sendapp-free-trial\/#breadcrumb"},"inLanguage":"de","potentialAction":[{"@type":"ReadAction","target":["https:\/\/sendapp.live\/product\/sendapp-free-trial\/"]}]},{"@type":"ImageObject","inLanguage":"de","@id":"https:\/\/sendapp.live\/product\/sendapp-free-trial\/#primaryimage","url":"https:\/\/sendapp.live\/wp-content\/uploads\/2019\/05\/free.png","contentUrl":"https:\/\/sendapp.live\/wp-content\/uploads\/2019\/05\/free.png","width":1024,"height":1024},{"@type":"BreadcrumbList","@id":"https:\/\/sendapp.live\/product\/sendapp-free-trial\/#breadcrumb","itemListElement":[{"@type":"ListItem","position":1,"name":"Home","item":"https:\/\/sendapp.live\/"},{"@type":"ListItem","position":2,"name":"Shop","item":"https:\/\/sendapp.live\/shop\/"},{"@type":"ListItem","position":3,"name":"SendApp Free"}]},{"@type":"WebSite","@id":"https:\/\/sendapp.live\/it\/#website","url":"https:\/\/sendapp.live\/it\/","name":"SendApp","description":"Automatisieren Sie Ihre Nachrichten und steigern Sie Ihr Gesch\u00e4ft","publisher":{"@id":"https:\/\/sendapp.live\/it\/#organization"},"alternateName":"SendApp WhatsApp Marketing","potentialAction":[{"@type":"SearchAction","target":{"@type":"EntryPoint","urlTemplate":"https:\/\/sendapp.live\/it\/?s={search_term_string}"},"query-input":{"@type":"PropertyValueSpecification","valueRequired":true,"valueName":"search_term_string"}}],"inLanguage":"de"},{"@type":"Organization","@id":"https:\/\/sendapp.live\/it\/#organization","name":"SendApp","url":"https:\/\/sendapp.live\/it\/","logo":{"@type":"ImageObject","inLanguage":"de","@id":"https:\/\/sendapp.live\/it\/#\/schema\/logo\/image\/","url":"https:\/\/sendapp.live\/wp-content\/uploads\/2025\/04\/Logo-Sendapp-300x60-1.png","contentUrl":"https:\/\/sendapp.live\/wp-content\/uploads\/2025\/04\/Logo-Sendapp-300x60-1.png","width":300,"height":60,"caption":"SendApp"},"image":{"@id":"https:\/\/sendapp.live\/it\/#\/schema\/logo\/image\/"},"sameAs":["https:\/\/www.facebook.com\/sendapp.live","https:\/\/x.com\/sendapp_live","https:\/\/www.instagram.com\/sendapp.live","https:\/\/www.youtube.com\/channel\/UC2gaLpi0-OJLG4CFbOr6mLw","https:\/\/it.trustpilot.com\/review\/sendapp.live"],"description":"Italienische WhatsApp-Marketing-Plattform mit offizieller Meta-API. KI-Assistent, Massenkampagnen, kostenloses SMS-Gateway, Google Kalender, Automatisierungen. Ab 16 \u20ac\/Monat ohne Aufpreis f\u00fcr Nachrichten.","email":"info@sendapp.live","foundingDate":"2016-07-25"}]}},"_links":{"self":[{"href":"https:\/\/sendapp.live\/de\/wp-json\/wp\/v2\/product\/474","targetHints":{"allow":["GET"]}}],"collection":[{"href":"https:\/\/sendapp.live\/de\/wp-json\/wp\/v2\/product"}],"about":[{"href":"https:\/\/sendapp.live\/de\/wp-json\/wp\/v2\/types\/product"}],"replies":[{"embeddable":true,"href":"https:\/\/sendapp.live\/de\/wp-json\/wp\/v2\/comments?post=474"}],"wp:featuredmedia":[{"embeddable":true,"href":"https:\/\/sendapp.live\/de\/wp-json\/wp\/v2\/media\/122441"}],"wp:attachment":[{"href":"https:\/\/sendapp.live\/de\/wp-json\/wp\/v2\/media?parent=474"}],"wp:term":[{"taxonomy":"product_brand","embeddable":true,"href":"https:\/\/sendapp.live\/de\/wp-json\/wp\/v2\/product_brand?post=474"},{"taxonomy":"product_cat","embeddable":true,"href":"https:\/\/sendapp.live\/de\/wp-json\/wp\/v2\/product_cat?post=474"},{"taxonomy":"product_tag","embeddable":true,"href":"https:\/\/sendapp.live\/de\/wp-json\/wp\/v2\/product_tag?post=474"}],"curies":[{"name":"wp","href":"https:\/\/api.w.org\/{rel}","templated":true}]}}