{"id":575,"date":"2019-05-22T19:13:24","date_gmt":"2019-05-22T17:13:24","guid":{"rendered":"https:\/\/sendapp.live\/?post_type=product&#038;p=575"},"modified":"2026-04-08T23:28:07","modified_gmt":"2026-04-08T21:28:07","slug":"sendapp-professional-send-message-whatsapp","status":"publish","type":"product","link":"https:\/\/sendapp.live\/de\/product\/sendapp-professional-invio-messaggio-whatsapp\/","title":{"rendered":"SendApp Professional"},"content":{"rendered":"<p>SendApp Professional - Senden von Nachrichten mit WhatsApp. Das Senden personalisierter, werblicher und informativer Nachrichten an Ihre Chat-Kontakte und noch mehr an andere Kontakte mit Sendapp ist ganz einfach.<\/p>\n<p>Das Wichtigste ist, dass die Erstellung einer umfangreichen Marketingkampagne zum Versenden von Nachrichten angenehm und einfach wird, sodass Sie mit SendApp Zeit und M\u00fche sparen.<br \/>\nMachen Sie sich also an die Arbeit mit einer All-in-One-Marketingplattform, die mit der modernen Kommunikation Schritt h\u00e4lt. Es sind keine technischen Kenntnisse erforderlich: Personalisieren Sie Ihre Nachricht einfach mit Texten, Bildern, Emojis, Videos und Links, um eine erfolgreiche Werbekampagne mit nur wenigen Klicks zu erstellen.<\/p>\n<p>Aus diesem Grund haben Sie mit SendApp Chat-Nachrichten mit WhatsApp von Ihrem PC an alle Ihre Chat-Kontakte und noch mehr an jede andere Liste von Empf\u00e4ngern gesendet, die in den folgenden Formaten in SendApp importiert wurden: .vcf. csv. txt * Google- und Apple-Kontakte.<\/p>\n<p>Dar\u00fcber hinaus k\u00f6nnen Sie Ihre Marketingkampagnen planen und sind mit Sicherheit immer mit Ihren Kunden in Kontakt, indem Sie die automatische Antwortnachricht senden und schlie\u00dflich allen Ihren Kunden die personalisierte Nachricht mit dem Namen, dem Nachnamen und anderen Informationen senden. Sie erhalten den Sendebericht, um zu pr\u00fcfen, ob Ihre Nachrichten Ihre Kunden erreichen. Sie k\u00f6nnen dieselbe Nachricht also nur f\u00fcr nicht zugestellte Kontexte planen und erneut senden. Dar\u00fcber hinaus k\u00f6nnen Sie die automatische Antwort an Ihre Kunden basierend auf dem Schl\u00fcsselwort in der Frage erstellen.<\/p>\n<p data-start=\"1176\" data-end=\"1509\">\u26a0\ufe0f Das Versenden von Werbenachrichten in gro\u00dfen Mengen oder an unbekannte Empf\u00e4nger kann gem\u00e4\u00df den Richtlinien von WhatsApp zu Einschr\u00e4nkungen oder Sperrungen f\u00fchren. F\u00fcr umfangreiche Werbekampagnen oder die Gewinnung neuer Leads empfehlen wir die Verwendung von SendApp Agent oder SendApp Official mit der offiziellen Meta-API.<\/p>\n<p>Mit der PROFESSIONAL-Version von SendApp ist es m\u00f6glich:<\/p>\n<ul>\n<li>200 automatisierte Nachrichten<\/li>\n<li><i class=\"icon-tiny fa fa-check accent-color\"><\/i>\u00a0Unbegrenzte Laufzeit<\/li>\n<li><i class=\"icon-tiny fa fa-check accent-color\"><\/i>\u00a0Adressbuch<\/li>\n<li><i class=\"icon-tiny fa fa-check accent-color\"><\/i>\u00a0Sendebericht<\/li>\n<li><i class=\"icon-tiny fa fa-check accent-color\"><\/i>\u00a0Bildarchiv<\/li>\n<li><i class=\"icon-tiny fa fa-check accent-color\"><\/i>\u00a0Stockfoto kostenlos<\/li>\n<li><i class=\"icon-tiny fa fa-check accent-color\"><\/i>\u00a0Bildbearbeitung<\/li>\n<li><del><i class=\"icon-tiny fa fa-check accent-color\"><\/i>\u00a0Planung<\/del><\/li>\n<li><i class=\"icon-tiny fa fa-check accent-color\"><\/i>\u00a0Kundenbetreuung<\/li>\n<\/ul>\n<p>Holen Sie sich die Testversion <a href=\"https:\/\/sendapp.live\/de\/downloads\/sendapp-frei\/\" target=\"_blank\" rel=\"noopener noreferrer\"> HIER<\/a><\/p>\n<p><a href=\"https:\/\/youtu.be\/zag9AJnsq8w\" target=\"_blank\" rel=\"noopener noreferrer\">Wie es funktioniert<\/a> &amp; #8211; YOUTUBE-VIDEO<\/p>","protected":false},"excerpt":{"rendered":"<p>SendApp Professional \u2013 Senden Sie Nachrichten mit WhatsApp. Senden Sie mit Sendapp personalisierte, werbliche und informative Nachrichten an Ihre Chat-Kontakte und noch mehr an andere Kontakte.<\/p>","protected":false},"featured_media":122440,"comment_status":"open","ping_status":"closed","template":"","meta":{"_daim_seo_power":"","_daim_enable_ail":""},"product_brand":[],"product_cat":[15],"product_tag":[82,74,78,86,76,69,70,72,83,85,79,71,84,21,73,67,81],"class_list":{"0":"post-575","1":"product","2":"type-product","3":"status-publish","4":"has-post-thumbnail","6":"product_cat-sendapp-desktop","7":"product_tag-bulk-message","8":"product_tag-come-mandare-messaggi","9":"product_tag-how-to-send","10":"product_tag-info-campaign","11":"product_tag-mandare-messaggi-con-sendapp","12":"product_tag-marketing-campaign","13":"product_tag-massive-message-sending","14":"product_tag-message-sending","15":"product_tag-messaggi-con-sendapp-professional","16":"product_tag-publicity-campaign","17":"product_tag-send-message","18":"product_tag-sendapp","19":"product_tag-sendapp-professional","20":"product_tag-whatsapp","21":"product_tag-whatsapp-chat","22":"product_tag-whatsapp-massive-marketing","23":"product_tag-whatsapp-message","25":"first","26":"instock","27":"downloadable","28":"virtual","29":"taxable","30":"purchasable","31":"product-type-simple"},"yoast_head":"<!-- This site is optimized with the Yoast SEO Premium plugin v27.5 (Yoast SEO v27.5) - https:\/\/yoast.com\/product\/yoast-seo-premium-wordpress\/ -->\n<title>SendApp Professional invio messaggio WhatsApp - SendApp - Software Whatsapp Marketing<\/title>\n<meta name=\"description\" content=\"SendApp Professional - invio messaggio personalizzati con WhatsApp, invio messaggio info e publicitari a contatti WhatsApp e contatti importati nell SendApp\" \/>\n<meta name=\"robots\" content=\"index, follow, max-snippet:-1, max-image-preview:large, max-video-preview:-1\" \/>\n<link rel=\"canonical\" href=\"https:\/\/sendapp.live\/de\/produkt\/sendapp-professional-send-message-whatsapp\/\" \/>\n<meta property=\"og:locale\" content=\"de_DE\" \/>\n<meta property=\"og:type\" content=\"article\" \/>\n<meta property=\"og:title\" content=\"SendApp Professional\" \/>\n<meta property=\"og:description\" content=\"SendApp Professional - invio messaggio personalizzati con WhatsApp, invio messaggio info e publicitari a contatti WhatsApp e contatti importati nell SendApp\" \/>\n<meta property=\"og:url\" content=\"https:\/\/sendapp.live\/de\/produkt\/sendapp-professional-send-message-whatsapp\/\" \/>\n<meta property=\"og:site_name\" content=\"SendApp - Software Whatsapp Marketing\" \/>\n<meta property=\"article:publisher\" content=\"https:\/\/www.facebook.com\/sendapp.live\" \/>\n<meta property=\"article:modified_time\" content=\"2026-04-08T21:28:07+00:00\" \/>\n<meta property=\"og:image\" content=\"https:\/\/sendapp.live\/wp-content\/uploads\/2019\/05\/professional.png\" \/>\n\t<meta property=\"og:image:width\" content=\"1024\" \/>\n\t<meta property=\"og:image:height\" content=\"1024\" \/>\n\t<meta property=\"og:image:type\" content=\"image\/png\" \/>\n<meta name=\"twitter:card\" content=\"summary_large_image\" \/>\n<meta name=\"twitter:site\" content=\"@sendapp_live\" \/>\n<meta name=\"twitter:label1\" content=\"Gesch\u00e4tzte Lesezeit\" \/>\n\t<meta name=\"twitter:data1\" content=\"2\u00a0Minuten\" \/>\n<script type=\"application\/ld+json\" class=\"yoast-schema-graph\">{\"@context\":\"https:\\\/\\\/schema.org\",\"@graph\":[{\"@type\":\"WebPage\",\"@id\":\"https:\\\/\\\/sendapp.live\\\/product\\\/sendapp-professional-invio-messaggio-whatsapp\\\/\",\"url\":\"https:\\\/\\\/sendapp.live\\\/product\\\/sendapp-professional-invio-messaggio-whatsapp\\\/\",\"name\":\"SendApp Professional invio messaggio WhatsApp - SendApp - Software Whatsapp Marketing\",\"isPartOf\":{\"@id\":\"https:\\\/\\\/sendapp.live\\\/it\\\/#website\"},\"primaryImageOfPage\":{\"@id\":\"https:\\\/\\\/sendapp.live\\\/product\\\/sendapp-professional-invio-messaggio-whatsapp\\\/#primaryimage\"},\"image\":{\"@id\":\"https:\\\/\\\/sendapp.live\\\/product\\\/sendapp-professional-invio-messaggio-whatsapp\\\/#primaryimage\"},\"thumbnailUrl\":\"https:\\\/\\\/sendapp.live\\\/wp-content\\\/uploads\\\/2019\\\/05\\\/professional.png\",\"datePublished\":\"2019-05-22T17:13:24+00:00\",\"dateModified\":\"2026-04-08T21:28:07+00:00\",\"description\":\"SendApp Professional - invio messaggio personalizzati con WhatsApp, invio messaggio info e publicitari a contatti WhatsApp e contatti importati nell SendApp\",\"breadcrumb\":{\"@id\":\"https:\\\/\\\/sendapp.live\\\/product\\\/sendapp-professional-invio-messaggio-whatsapp\\\/#breadcrumb\"},\"inLanguage\":\"de\",\"potentialAction\":[{\"@type\":\"ReadAction\",\"target\":[\"https:\\\/\\\/sendapp.live\\\/product\\\/sendapp-professional-invio-messaggio-whatsapp\\\/\"]}]},{\"@type\":\"ImageObject\",\"inLanguage\":\"de\",\"@id\":\"https:\\\/\\\/sendapp.live\\\/product\\\/sendapp-professional-invio-messaggio-whatsapp\\\/#primaryimage\",\"url\":\"https:\\\/\\\/sendapp.live\\\/wp-content\\\/uploads\\\/2019\\\/05\\\/professional.png\",\"contentUrl\":\"https:\\\/\\\/sendapp.live\\\/wp-content\\\/uploads\\\/2019\\\/05\\\/professional.png\",\"width\":1024,\"height\":1024},{\"@type\":\"BreadcrumbList\",\"@id\":\"https:\\\/\\\/sendapp.live\\\/product\\\/sendapp-professional-invio-messaggio-whatsapp\\\/#breadcrumb\",\"itemListElement\":[{\"@type\":\"ListItem\",\"position\":1,\"name\":\"Home\",\"item\":\"https:\\\/\\\/sendapp.live\\\/\"},{\"@type\":\"ListItem\",\"position\":2,\"name\":\"Shop\",\"item\":\"https:\\\/\\\/sendapp.live\\\/shop\\\/\"},{\"@type\":\"ListItem\",\"position\":3,\"name\":\"SendApp Professional\"}]},{\"@type\":\"WebSite\",\"@id\":\"https:\\\/\\\/sendapp.live\\\/it\\\/#website\",\"url\":\"https:\\\/\\\/sendapp.live\\\/it\\\/\",\"name\":\"SendApp\",\"description\":\"Automate Your Messages &amp; Grow Your Business\",\"publisher\":{\"@id\":\"https:\\\/\\\/sendapp.live\\\/it\\\/#organization\"},\"alternateName\":\"SendApp WhatsApp Marketing\",\"potentialAction\":[{\"@type\":\"SearchAction\",\"target\":{\"@type\":\"EntryPoint\",\"urlTemplate\":\"https:\\\/\\\/sendapp.live\\\/it\\\/?s={search_term_string}\"},\"query-input\":{\"@type\":\"PropertyValueSpecification\",\"valueRequired\":true,\"valueName\":\"search_term_string\"}}],\"inLanguage\":\"de\"},{\"@type\":\"Organization\",\"@id\":\"https:\\\/\\\/sendapp.live\\\/it\\\/#organization\",\"name\":\"SendApp\",\"url\":\"https:\\\/\\\/sendapp.live\\\/it\\\/\",\"logo\":{\"@type\":\"ImageObject\",\"inLanguage\":\"de\",\"@id\":\"https:\\\/\\\/sendapp.live\\\/it\\\/#\\\/schema\\\/logo\\\/image\\\/\",\"url\":\"https:\\\/\\\/sendapp.live\\\/wp-content\\\/uploads\\\/2025\\\/04\\\/Logo-Sendapp-300x60-1.png\",\"contentUrl\":\"https:\\\/\\\/sendapp.live\\\/wp-content\\\/uploads\\\/2025\\\/04\\\/Logo-Sendapp-300x60-1.png\",\"width\":300,\"height\":60,\"caption\":\"SendApp\"},\"image\":{\"@id\":\"https:\\\/\\\/sendapp.live\\\/it\\\/#\\\/schema\\\/logo\\\/image\\\/\"},\"sameAs\":[\"https:\\\/\\\/www.facebook.com\\\/sendapp.live\",\"https:\\\/\\\/x.com\\\/sendapp_live\",\"https:\\\/\\\/www.instagram.com\\\/sendapp.live\",\"https:\\\/\\\/www.youtube.com\\\/channel\\\/UC2gaLpi0-OJLG4CFbOr6mLw\",\"https:\\\/\\\/it.trustpilot.com\\\/review\\\/sendapp.live\"],\"description\":\"Piattaforma italiana di WhatsApp Marketing con API ufficiali Meta. Assistente AI, campagne massive, SMS Gateway gratuito, Google Calendar, automazioni. Da \u20ac16\\\/mese senza markup sui messaggi.\",\"email\":\"info@sendapp.live\",\"foundingDate\":\"2016-07-25\"}]}<\/script>\n<!-- \/ Yoast SEO Premium plugin. -->","yoast_head_json":{"title":"SendApp Professional sendet WhatsApp-Nachrichten \u2013 SendApp \u2013 WhatsApp-Marketing-Software","description":"SendApp Professional - Senden personalisierter Nachrichten mit WhatsApp, Senden von Informationen und Werbebotschaften an WhatsApp-Kontakte und in die SendApp importierte Kontakte","robots":{"index":"index","follow":"follow","max-snippet":"max-snippet:-1","max-image-preview":"max-image-preview:large","max-video-preview":"max-video-preview:-1"},"canonical":"https:\/\/sendapp.live\/de\/produkt\/sendapp-professional-send-message-whatsapp\/","og_locale":"de_DE","og_type":"article","og_title":"SendApp Professional","og_description":"SendApp Professional - invio messaggio personalizzati con WhatsApp, invio messaggio info e publicitari a contatti WhatsApp e contatti importati nell SendApp","og_url":"https:\/\/sendapp.live\/de\/produkt\/sendapp-professional-send-message-whatsapp\/","og_site_name":"SendApp - Software Whatsapp Marketing","article_publisher":"https:\/\/www.facebook.com\/sendapp.live","article_modified_time":"2026-04-08T21:28:07+00:00","og_image":[{"width":1024,"height":1024,"url":"https:\/\/sendapp.live\/wp-content\/uploads\/2019\/05\/professional.png","type":"image\/png"}],"twitter_card":"summary_large_image","twitter_site":"@sendapp_live","twitter_misc":{"Gesch\u00e4tzte Lesezeit":"2\u00a0Minuten"},"schema":{"@context":"https:\/\/schema.org","@graph":[{"@type":"WebPage","@id":"https:\/\/sendapp.live\/product\/sendapp-professional-invio-messaggio-whatsapp\/","url":"https:\/\/sendapp.live\/product\/sendapp-professional-invio-messaggio-whatsapp\/","name":"SendApp Professional sendet WhatsApp-Nachrichten \u2013 SendApp \u2013 WhatsApp-Marketing-Software","isPartOf":{"@id":"https:\/\/sendapp.live\/it\/#website"},"primaryImageOfPage":{"@id":"https:\/\/sendapp.live\/product\/sendapp-professional-invio-messaggio-whatsapp\/#primaryimage"},"image":{"@id":"https:\/\/sendapp.live\/product\/sendapp-professional-invio-messaggio-whatsapp\/#primaryimage"},"thumbnailUrl":"https:\/\/sendapp.live\/wp-content\/uploads\/2019\/05\/professional.png","datePublished":"2019-05-22T17:13:24+00:00","dateModified":"2026-04-08T21:28:07+00:00","description":"SendApp Professional - Senden personalisierter Nachrichten mit WhatsApp, Senden von Informationen und Werbebotschaften an WhatsApp-Kontakte und in die SendApp importierte Kontakte","breadcrumb":{"@id":"https:\/\/sendapp.live\/product\/sendapp-professional-invio-messaggio-whatsapp\/#breadcrumb"},"inLanguage":"de","potentialAction":[{"@type":"ReadAction","target":["https:\/\/sendapp.live\/product\/sendapp-professional-invio-messaggio-whatsapp\/"]}]},{"@type":"ImageObject","inLanguage":"de","@id":"https:\/\/sendapp.live\/product\/sendapp-professional-invio-messaggio-whatsapp\/#primaryimage","url":"https:\/\/sendapp.live\/wp-content\/uploads\/2019\/05\/professional.png","contentUrl":"https:\/\/sendapp.live\/wp-content\/uploads\/2019\/05\/professional.png","width":1024,"height":1024},{"@type":"BreadcrumbList","@id":"https:\/\/sendapp.live\/product\/sendapp-professional-invio-messaggio-whatsapp\/#breadcrumb","itemListElement":[{"@type":"ListItem","position":1,"name":"Home","item":"https:\/\/sendapp.live\/"},{"@type":"ListItem","position":2,"name":"Shop","item":"https:\/\/sendapp.live\/shop\/"},{"@type":"ListItem","position":3,"name":"SendApp Professional"}]},{"@type":"WebSite","@id":"https:\/\/sendapp.live\/it\/#website","url":"https:\/\/sendapp.live\/it\/","name":"SendApp","description":"Automatisieren Sie Ihre Nachrichten und steigern Sie Ihr Gesch\u00e4ft","publisher":{"@id":"https:\/\/sendapp.live\/it\/#organization"},"alternateName":"SendApp WhatsApp Marketing","potentialAction":[{"@type":"SearchAction","target":{"@type":"EntryPoint","urlTemplate":"https:\/\/sendapp.live\/it\/?s={search_term_string}"},"query-input":{"@type":"PropertyValueSpecification","valueRequired":true,"valueName":"search_term_string"}}],"inLanguage":"de"},{"@type":"Organization","@id":"https:\/\/sendapp.live\/it\/#organization","name":"SendApp","url":"https:\/\/sendapp.live\/it\/","logo":{"@type":"ImageObject","inLanguage":"de","@id":"https:\/\/sendapp.live\/it\/#\/schema\/logo\/image\/","url":"https:\/\/sendapp.live\/wp-content\/uploads\/2025\/04\/Logo-Sendapp-300x60-1.png","contentUrl":"https:\/\/sendapp.live\/wp-content\/uploads\/2025\/04\/Logo-Sendapp-300x60-1.png","width":300,"height":60,"caption":"SendApp"},"image":{"@id":"https:\/\/sendapp.live\/it\/#\/schema\/logo\/image\/"},"sameAs":["https:\/\/www.facebook.com\/sendapp.live","https:\/\/x.com\/sendapp_live","https:\/\/www.instagram.com\/sendapp.live","https:\/\/www.youtube.com\/channel\/UC2gaLpi0-OJLG4CFbOr6mLw","https:\/\/it.trustpilot.com\/review\/sendapp.live"],"description":"Italienische WhatsApp-Marketing-Plattform mit offizieller Meta-API. KI-Assistent, Massenkampagnen, kostenloses SMS-Gateway, Google Kalender, Automatisierungen. Ab 16 \u20ac\/Monat ohne Aufpreis f\u00fcr Nachrichten.","email":"info@sendapp.live","foundingDate":"2016-07-25"}]}},"_links":{"self":[{"href":"https:\/\/sendapp.live\/de\/wp-json\/wp\/v2\/product\/575","targetHints":{"allow":["GET"]}}],"collection":[{"href":"https:\/\/sendapp.live\/de\/wp-json\/wp\/v2\/product"}],"about":[{"href":"https:\/\/sendapp.live\/de\/wp-json\/wp\/v2\/types\/product"}],"replies":[{"embeddable":true,"href":"https:\/\/sendapp.live\/de\/wp-json\/wp\/v2\/comments?post=575"}],"wp:featuredmedia":[{"embeddable":true,"href":"https:\/\/sendapp.live\/de\/wp-json\/wp\/v2\/media\/122440"}],"wp:attachment":[{"href":"https:\/\/sendapp.live\/de\/wp-json\/wp\/v2\/media?parent=575"}],"wp:term":[{"taxonomy":"product_brand","embeddable":true,"href":"https:\/\/sendapp.live\/de\/wp-json\/wp\/v2\/product_brand?post=575"},{"taxonomy":"product_cat","embeddable":true,"href":"https:\/\/sendapp.live\/de\/wp-json\/wp\/v2\/product_cat?post=575"},{"taxonomy":"product_tag","embeddable":true,"href":"https:\/\/sendapp.live\/de\/wp-json\/wp\/v2\/product_tag?post=575"}],"curies":[{"name":"wp","href":"https:\/\/api.w.org\/{rel}","templated":true}]}}