{"id":580,"date":"2019-05-22T19:31:11","date_gmt":"2019-05-22T17:31:11","guid":{"rendered":"https:\/\/sendapp.live\/?post_type=product&#038;p=580"},"modified":"2026-04-08T23:29:34","modified_gmt":"2026-04-08T21:29:34","slug":"sendapp-business-send-message-whatsapp","status":"publish","type":"product","link":"https:\/\/sendapp.live\/de\/product\/sendapp-business-inviare-messaggi-whatsapp\/","title":{"rendered":"SendApp Business"},"content":{"rendered":"<p>SendApp Business - Senden Sie Nachrichten mit WhatsApp. Das Senden personalisierter, werblicher und informativer Nachrichten an Chat-Kontakte und noch mehr an andere Kontakte mit Sendapp ist wirklich einfach.<\/p>\n<p>Das Wichtigste ist, dass die Erstellung einer umfangreichen Marketingkampagne zum Versenden von Nachrichten angenehm und einfach wird, sodass Sie mit SendApp Zeit und M\u00fche sparen.<br \/>\nMachen Sie sich also an die Arbeit mit einer All-in-One-Marketingplattform, die mit der modernen Kommunikation Schritt h\u00e4lt. Es sind keine technischen Kenntnisse erforderlich: Personalisieren Sie Ihre Nachricht einfach mit Texten, Bildern, Emojis, Videos und Links, um eine erfolgreiche Werbekampagne mit nur wenigen Klicks zu erstellen.<\/p>\n<p>Aus diesem Grund konnten Sie mit SendApp Chat-Nachrichten von Ihrem PC mit Whatsapp an alle Ihre Chat-Kontakte und noch mehr an alle anderen in SendApp importierten Empf\u00e4ngerlisten in den folgenden Formaten senden: .vcf. csv. txt * Google- und Apple-Kontakte.<\/p>\n<p>Dar\u00fcber hinaus k\u00f6nnen Sie Ihre Marketingkampagnen planen und sind mit Sicherheit immer mit Ihren Kunden in Kontakt, indem Sie die automatische Antwortnachricht senden und schlie\u00dflich allen Ihren Kunden die personalisierte Nachricht mit dem Namen, dem Nachnamen und anderen Informationen senden. Sie erhalten den Sendebericht, um zu pr\u00fcfen, ob Ihre Nachrichten Ihre Kunden erreichen. Sie k\u00f6nnen dieselbe Nachricht also nur f\u00fcr nicht zugestellte Kontexte planen und erneut senden. Dar\u00fcber hinaus k\u00f6nnen Sie die automatische Antwort an Ihre Kunden basierend auf dem Schl\u00fcsselwort in der Frage erstellen.<\/p>\n<p data-start=\"1176\" data-end=\"1509\">\u26a0\ufe0f Das Versenden von Werbenachrichten in gro\u00dfen Mengen oder an unbekannte Empf\u00e4nger kann gem\u00e4\u00df den Richtlinien von WhatsApp zu Einschr\u00e4nkungen oder Sperrungen f\u00fchren. F\u00fcr umfangreiche Werbekampagnen oder die Gewinnung neuer Leads empfehlen wir die Verwendung von SendApp Agent oder SendApp Official mit der offiziellen Meta-API.<\/p>\n<p>Mit der BUSSINES-Version von SendApp ist es m\u00f6glich:<\/p>\n<ul class=\"features\">\n<li>\u00a0Unbegrenzter Versand von Nachrichten<\/li>\n<li><i class=\"icon-tiny fa fa-check accent-color\"><\/i> Unbegrenzte Laufzeit<\/li>\n<li><i class=\"icon-tiny fa fa-check accent-color\"><\/i>\u00a0Adressbuch<\/li>\n<li><i class=\"icon-tiny fa fa-check accent-color\"><\/i>\u00a0Sendebericht<\/li>\n<li><i class=\"icon-tiny fa fa-check accent-color\"><\/i>\u00a0Bildarchiv<\/li>\n<li><i class=\"icon-tiny fa fa-check accent-color\"><\/i>\u00a0Stockfoto kostenlos<\/li>\n<li><i class=\"icon-tiny fa fa-check accent-color\"><\/i>\u00a0Bildbearbeitung<\/li>\n<li><i class=\"icon-tiny fa fa-check accent-color\"><\/i> Planung<\/li>\n<li><i class=\"icon-tiny fa fa-check accent-color\"><\/i> Kundenbetreuung<\/li>\n<\/ul>\n<p>Holen Sie sich die Testversion <a href=\"https:\/\/sendapp.live\/de\/downloads\/sendapp-frei\/\" target=\"_blank\" rel=\"noopener noreferrer\"> HIER<\/a><\/p>\n<p>YOUTUBE VIDEO:<\/p>\n<p><a href=\"https:\/\/youtu.be\/zag9AJnsq8w\" target=\"_blank\" rel=\"noopener noreferrer\">Wie es funktioniert<\/a><\/p>\n<p><a href=\"https:\/\/youtu.be\/m-AMWODzQPY\">SMS senden\u00a0<\/a><\/p>\n<p><a href=\"https:\/\/youtu.be\/M3QVS6m0Wxw\">Click to Chat<\/a><\/p>","protected":false},"excerpt":{"rendered":"<p>SendApp Business \u2013 Nachrichten mit WhatsApp versenden. Das Versenden personalisierter, werblicher und informativer Nachrichten an Chat-Kontakte und noch mehr an andere Kontakte ist mit Sendapp unglaublich einfach. Die\u2026<\/p>","protected":false},"featured_media":122439,"comment_status":"open","ping_status":"closed","template":"","meta":{"_daim_seo_power":"","_daim_enable_ail":""},"product_brand":[],"product_cat":[15],"product_tag":[74,80,78,76,69,68,70,72,77,79,71,75,21,73,67,81],"class_list":{"0":"post-580","1":"product","2":"type-product","3":"status-publish","4":"has-post-thumbnail","6":"product_cat-sendapp-desktop","7":"product_tag-come-mandare-messaggi","8":"product_tag-how-to-message","9":"product_tag-how-to-send","10":"product_tag-mandare-messaggi-con-sendapp","11":"product_tag-marketing-campaign","12":"product_tag-massive-marketing","13":"product_tag-massive-message-sending","14":"product_tag-message-sending","15":"product_tag-messaggi-con-sendapp-bussiness","16":"product_tag-send-message","17":"product_tag-sendapp","18":"product_tag-sendapp-bussiness","19":"product_tag-whatsapp","20":"product_tag-whatsapp-chat","21":"product_tag-whatsapp-massive-marketing","22":"product_tag-whatsapp-message","24":"first","25":"instock","26":"downloadable","27":"virtual","28":"taxable","29":"purchasable","30":"product-type-simple"},"yoast_head":"<!-- This site is optimized with the Yoast SEO Premium plugin v27.5 (Yoast SEO v27.5) - https:\/\/yoast.com\/product\/yoast-seo-premium-wordpress\/ -->\n<title>SendApp Business inviare messaggi WhatsApp- SendApp - Software Whatsapp Marketing<\/title>\n<meta name=\"description\" content=\"SendApp Business - inviare messaggi personalizzati con WhatsApp, inviare messaggi info e publicitari a contatti WhatsApp e a contatti importati nell SendApp\" \/>\n<meta name=\"robots\" content=\"index, follow, max-snippet:-1, max-image-preview:large, max-video-preview:-1\" \/>\n<link rel=\"canonical\" href=\"https:\/\/sendapp.live\/de\/produkt\/sendapp-business-send-message-whatsapp\/\" \/>\n<meta property=\"og:locale\" content=\"de_DE\" \/>\n<meta property=\"og:type\" content=\"article\" \/>\n<meta property=\"og:title\" content=\"SendApp Business\" \/>\n<meta property=\"og:description\" content=\"SendApp Business - inviare messaggi personalizzati con WhatsApp, inviare messaggi info e publicitari a contatti WhatsApp e a contatti importati nell SendApp\" \/>\n<meta property=\"og:url\" content=\"https:\/\/sendapp.live\/de\/produkt\/sendapp-business-send-message-whatsapp\/\" \/>\n<meta property=\"og:site_name\" content=\"SendApp - Software Whatsapp Marketing\" \/>\n<meta property=\"article:publisher\" content=\"https:\/\/www.facebook.com\/sendapp.live\" \/>\n<meta property=\"article:modified_time\" content=\"2026-04-08T21:29:34+00:00\" \/>\n<meta property=\"og:image\" content=\"https:\/\/sendapp.live\/wp-content\/uploads\/2019\/05\/business.png\" \/>\n\t<meta property=\"og:image:width\" content=\"1024\" \/>\n\t<meta property=\"og:image:height\" content=\"1024\" \/>\n\t<meta property=\"og:image:type\" content=\"image\/png\" \/>\n<meta name=\"twitter:card\" content=\"summary_large_image\" \/>\n<meta name=\"twitter:site\" content=\"@sendapp_live\" \/>\n<meta name=\"twitter:label1\" content=\"Gesch\u00e4tzte Lesezeit\" \/>\n\t<meta name=\"twitter:data1\" content=\"2\u00a0Minuten\" \/>\n<script type=\"application\/ld+json\" class=\"yoast-schema-graph\">{\"@context\":\"https:\\\/\\\/schema.org\",\"@graph\":[{\"@type\":\"WebPage\",\"@id\":\"https:\\\/\\\/sendapp.live\\\/product\\\/sendapp-business-inviare-messaggi-whatsapp\\\/\",\"url\":\"https:\\\/\\\/sendapp.live\\\/product\\\/sendapp-business-inviare-messaggi-whatsapp\\\/\",\"name\":\"SendApp Business inviare messaggi WhatsApp- SendApp - Software Whatsapp Marketing\",\"isPartOf\":{\"@id\":\"https:\\\/\\\/sendapp.live\\\/it\\\/#website\"},\"primaryImageOfPage\":{\"@id\":\"https:\\\/\\\/sendapp.live\\\/product\\\/sendapp-business-inviare-messaggi-whatsapp\\\/#primaryimage\"},\"image\":{\"@id\":\"https:\\\/\\\/sendapp.live\\\/product\\\/sendapp-business-inviare-messaggi-whatsapp\\\/#primaryimage\"},\"thumbnailUrl\":\"https:\\\/\\\/sendapp.live\\\/wp-content\\\/uploads\\\/2019\\\/05\\\/business.png\",\"datePublished\":\"2019-05-22T17:31:11+00:00\",\"dateModified\":\"2026-04-08T21:29:34+00:00\",\"description\":\"SendApp Business - inviare messaggi personalizzati con WhatsApp, inviare messaggi info e publicitari a contatti WhatsApp e a contatti importati nell SendApp\",\"breadcrumb\":{\"@id\":\"https:\\\/\\\/sendapp.live\\\/product\\\/sendapp-business-inviare-messaggi-whatsapp\\\/#breadcrumb\"},\"inLanguage\":\"de\",\"potentialAction\":[{\"@type\":\"ReadAction\",\"target\":[\"https:\\\/\\\/sendapp.live\\\/product\\\/sendapp-business-inviare-messaggi-whatsapp\\\/\"]}]},{\"@type\":\"ImageObject\",\"inLanguage\":\"de\",\"@id\":\"https:\\\/\\\/sendapp.live\\\/product\\\/sendapp-business-inviare-messaggi-whatsapp\\\/#primaryimage\",\"url\":\"https:\\\/\\\/sendapp.live\\\/wp-content\\\/uploads\\\/2019\\\/05\\\/business.png\",\"contentUrl\":\"https:\\\/\\\/sendapp.live\\\/wp-content\\\/uploads\\\/2019\\\/05\\\/business.png\",\"width\":1024,\"height\":1024},{\"@type\":\"BreadcrumbList\",\"@id\":\"https:\\\/\\\/sendapp.live\\\/product\\\/sendapp-business-inviare-messaggi-whatsapp\\\/#breadcrumb\",\"itemListElement\":[{\"@type\":\"ListItem\",\"position\":1,\"name\":\"Home\",\"item\":\"https:\\\/\\\/sendapp.live\\\/\"},{\"@type\":\"ListItem\",\"position\":2,\"name\":\"Shop\",\"item\":\"https:\\\/\\\/sendapp.live\\\/shop\\\/\"},{\"@type\":\"ListItem\",\"position\":3,\"name\":\"SendApp Business\"}]},{\"@type\":\"WebSite\",\"@id\":\"https:\\\/\\\/sendapp.live\\\/it\\\/#website\",\"url\":\"https:\\\/\\\/sendapp.live\\\/it\\\/\",\"name\":\"SendApp\",\"description\":\"Automate Your Messages &amp; Grow Your Business\",\"publisher\":{\"@id\":\"https:\\\/\\\/sendapp.live\\\/it\\\/#organization\"},\"alternateName\":\"SendApp WhatsApp Marketing\",\"potentialAction\":[{\"@type\":\"SearchAction\",\"target\":{\"@type\":\"EntryPoint\",\"urlTemplate\":\"https:\\\/\\\/sendapp.live\\\/it\\\/?s={search_term_string}\"},\"query-input\":{\"@type\":\"PropertyValueSpecification\",\"valueRequired\":true,\"valueName\":\"search_term_string\"}}],\"inLanguage\":\"de\"},{\"@type\":\"Organization\",\"@id\":\"https:\\\/\\\/sendapp.live\\\/it\\\/#organization\",\"name\":\"SendApp\",\"url\":\"https:\\\/\\\/sendapp.live\\\/it\\\/\",\"logo\":{\"@type\":\"ImageObject\",\"inLanguage\":\"de\",\"@id\":\"https:\\\/\\\/sendapp.live\\\/it\\\/#\\\/schema\\\/logo\\\/image\\\/\",\"url\":\"https:\\\/\\\/sendapp.live\\\/wp-content\\\/uploads\\\/2025\\\/04\\\/Logo-Sendapp-300x60-1.png\",\"contentUrl\":\"https:\\\/\\\/sendapp.live\\\/wp-content\\\/uploads\\\/2025\\\/04\\\/Logo-Sendapp-300x60-1.png\",\"width\":300,\"height\":60,\"caption\":\"SendApp\"},\"image\":{\"@id\":\"https:\\\/\\\/sendapp.live\\\/it\\\/#\\\/schema\\\/logo\\\/image\\\/\"},\"sameAs\":[\"https:\\\/\\\/www.facebook.com\\\/sendapp.live\",\"https:\\\/\\\/x.com\\\/sendapp_live\",\"https:\\\/\\\/www.instagram.com\\\/sendapp.live\",\"https:\\\/\\\/www.youtube.com\\\/channel\\\/UC2gaLpi0-OJLG4CFbOr6mLw\",\"https:\\\/\\\/it.trustpilot.com\\\/review\\\/sendapp.live\"],\"description\":\"Piattaforma italiana di WhatsApp Marketing con API ufficiali Meta. Assistente AI, campagne massive, SMS Gateway gratuito, Google Calendar, automazioni. Da \u20ac16\\\/mese senza markup sui messaggi.\",\"email\":\"info@sendapp.live\",\"foundingDate\":\"2016-07-25\"}]}<\/script>\n<!-- \/ Yoast SEO Premium plugin. -->","yoast_head_json":{"title":"SendApp Business sendet WhatsApp-Nachrichten \u2013 SendApp \u2013 WhatsApp-Marketing-Software","description":"SendApp Business - Senden Sie personalisierte Nachrichten mit WhatsApp, senden Sie Informationen und Werbebotschaften an WhatsApp-Kontakte und an Kontakte, die in die SendApp importiert wurden","robots":{"index":"index","follow":"follow","max-snippet":"max-snippet:-1","max-image-preview":"max-image-preview:large","max-video-preview":"max-video-preview:-1"},"canonical":"https:\/\/sendapp.live\/de\/produkt\/sendapp-business-send-message-whatsapp\/","og_locale":"de_DE","og_type":"article","og_title":"SendApp Business","og_description":"SendApp Business - inviare messaggi personalizzati con WhatsApp, inviare messaggi info e publicitari a contatti WhatsApp e a contatti importati nell SendApp","og_url":"https:\/\/sendapp.live\/de\/produkt\/sendapp-business-send-message-whatsapp\/","og_site_name":"SendApp - Software Whatsapp Marketing","article_publisher":"https:\/\/www.facebook.com\/sendapp.live","article_modified_time":"2026-04-08T21:29:34+00:00","og_image":[{"width":1024,"height":1024,"url":"https:\/\/sendapp.live\/wp-content\/uploads\/2019\/05\/business.png","type":"image\/png"}],"twitter_card":"summary_large_image","twitter_site":"@sendapp_live","twitter_misc":{"Gesch\u00e4tzte Lesezeit":"2\u00a0Minuten"},"schema":{"@context":"https:\/\/schema.org","@graph":[{"@type":"WebPage","@id":"https:\/\/sendapp.live\/product\/sendapp-business-inviare-messaggi-whatsapp\/","url":"https:\/\/sendapp.live\/product\/sendapp-business-inviare-messaggi-whatsapp\/","name":"SendApp Business sendet WhatsApp-Nachrichten \u2013 SendApp \u2013 WhatsApp-Marketing-Software","isPartOf":{"@id":"https:\/\/sendapp.live\/it\/#website"},"primaryImageOfPage":{"@id":"https:\/\/sendapp.live\/product\/sendapp-business-inviare-messaggi-whatsapp\/#primaryimage"},"image":{"@id":"https:\/\/sendapp.live\/product\/sendapp-business-inviare-messaggi-whatsapp\/#primaryimage"},"thumbnailUrl":"https:\/\/sendapp.live\/wp-content\/uploads\/2019\/05\/business.png","datePublished":"2019-05-22T17:31:11+00:00","dateModified":"2026-04-08T21:29:34+00:00","description":"SendApp Business - Senden Sie personalisierte Nachrichten mit WhatsApp, senden Sie Informationen und Werbebotschaften an WhatsApp-Kontakte und an Kontakte, die in die SendApp importiert wurden","breadcrumb":{"@id":"https:\/\/sendapp.live\/product\/sendapp-business-inviare-messaggi-whatsapp\/#breadcrumb"},"inLanguage":"de","potentialAction":[{"@type":"ReadAction","target":["https:\/\/sendapp.live\/product\/sendapp-business-inviare-messaggi-whatsapp\/"]}]},{"@type":"ImageObject","inLanguage":"de","@id":"https:\/\/sendapp.live\/product\/sendapp-business-inviare-messaggi-whatsapp\/#primaryimage","url":"https:\/\/sendapp.live\/wp-content\/uploads\/2019\/05\/business.png","contentUrl":"https:\/\/sendapp.live\/wp-content\/uploads\/2019\/05\/business.png","width":1024,"height":1024},{"@type":"BreadcrumbList","@id":"https:\/\/sendapp.live\/product\/sendapp-business-inviare-messaggi-whatsapp\/#breadcrumb","itemListElement":[{"@type":"ListItem","position":1,"name":"Home","item":"https:\/\/sendapp.live\/"},{"@type":"ListItem","position":2,"name":"Shop","item":"https:\/\/sendapp.live\/shop\/"},{"@type":"ListItem","position":3,"name":"SendApp Business"}]},{"@type":"WebSite","@id":"https:\/\/sendapp.live\/it\/#website","url":"https:\/\/sendapp.live\/it\/","name":"SendApp","description":"Automatisieren Sie Ihre Nachrichten und steigern Sie Ihr Gesch\u00e4ft","publisher":{"@id":"https:\/\/sendapp.live\/it\/#organization"},"alternateName":"SendApp WhatsApp Marketing","potentialAction":[{"@type":"SearchAction","target":{"@type":"EntryPoint","urlTemplate":"https:\/\/sendapp.live\/it\/?s={search_term_string}"},"query-input":{"@type":"PropertyValueSpecification","valueRequired":true,"valueName":"search_term_string"}}],"inLanguage":"de"},{"@type":"Organization","@id":"https:\/\/sendapp.live\/it\/#organization","name":"SendApp","url":"https:\/\/sendapp.live\/it\/","logo":{"@type":"ImageObject","inLanguage":"de","@id":"https:\/\/sendapp.live\/it\/#\/schema\/logo\/image\/","url":"https:\/\/sendapp.live\/wp-content\/uploads\/2025\/04\/Logo-Sendapp-300x60-1.png","contentUrl":"https:\/\/sendapp.live\/wp-content\/uploads\/2025\/04\/Logo-Sendapp-300x60-1.png","width":300,"height":60,"caption":"SendApp"},"image":{"@id":"https:\/\/sendapp.live\/it\/#\/schema\/logo\/image\/"},"sameAs":["https:\/\/www.facebook.com\/sendapp.live","https:\/\/x.com\/sendapp_live","https:\/\/www.instagram.com\/sendapp.live","https:\/\/www.youtube.com\/channel\/UC2gaLpi0-OJLG4CFbOr6mLw","https:\/\/it.trustpilot.com\/review\/sendapp.live"],"description":"Italienische WhatsApp-Marketing-Plattform mit offizieller Meta-API. KI-Assistent, Massenkampagnen, kostenloses SMS-Gateway, Google Kalender, Automatisierungen. Ab 16 \u20ac\/Monat ohne Aufpreis f\u00fcr Nachrichten.","email":"info@sendapp.live","foundingDate":"2016-07-25"}]}},"_links":{"self":[{"href":"https:\/\/sendapp.live\/de\/wp-json\/wp\/v2\/product\/580","targetHints":{"allow":["GET"]}}],"collection":[{"href":"https:\/\/sendapp.live\/de\/wp-json\/wp\/v2\/product"}],"about":[{"href":"https:\/\/sendapp.live\/de\/wp-json\/wp\/v2\/types\/product"}],"replies":[{"embeddable":true,"href":"https:\/\/sendapp.live\/de\/wp-json\/wp\/v2\/comments?post=580"}],"wp:featuredmedia":[{"embeddable":true,"href":"https:\/\/sendapp.live\/de\/wp-json\/wp\/v2\/media\/122439"}],"wp:attachment":[{"href":"https:\/\/sendapp.live\/de\/wp-json\/wp\/v2\/media?parent=580"}],"wp:term":[{"taxonomy":"product_brand","embeddable":true,"href":"https:\/\/sendapp.live\/de\/wp-json\/wp\/v2\/product_brand?post=580"},{"taxonomy":"product_cat","embeddable":true,"href":"https:\/\/sendapp.live\/de\/wp-json\/wp\/v2\/product_cat?post=580"},{"taxonomy":"product_tag","embeddable":true,"href":"https:\/\/sendapp.live\/de\/wp-json\/wp\/v2\/product_tag?post=580"}],"curies":[{"name":"wp","href":"https:\/\/api.w.org\/{rel}","templated":true}]}}