{"id":121550,"date":"2025-12-10T19:04:06","date_gmt":"2025-12-10T18:04:06","guid":{"rendered":"https:\/\/sendapp.live\/?page_id=121550"},"modified":"2025-12-15T16:26:28","modified_gmt":"2025-12-15T15:26:28","slug":"suscripcion-de-palabras-clave-en-el-agente-de-sendapp","status":"publish","type":"page","link":"https:\/\/sendapp.live\/es\/sottoscrizione-per-parole-chiave-in-sendapp-agent\/","title":{"rendered":"Suscripci\u00f3n por palabras clave en el agente de SendApp"},"content":{"rendered":"<div id=\"fws_69e28575cb1b5\"  data-column-margin=\"default\" data-midnight=\"dark\" data-top-percent=\"2%\"  class=\"wpb_row vc_row-fluid vc_row\"  style=\"padding-top: calc(100vw * 0.02); padding-bottom: 0px; \"><div class=\"row-bg-wrap\" data-bg-animation=\"none\" data-bg-animation-delay=\"\" data-bg-overlay=\"false\"><div class=\"inner-wrap row-bg-layer\" ><div class=\"row-bg viewport-desktop\"  style=\"\"><\/div><\/div><\/div><div class=\"row_col_wrap_12 col span_12 dark left\">\n\t<div  class=\"vc_col-sm-6 wpb_column column_container vc_column_container col no-extra-padding inherit_tablet inherit_phone\"  data-padding-pos=\"all\" data-has-bg-color=\"false\" data-bg-color=\"\" data-bg-opacity=\"1\" data-animation=\"\" data-delay=\"0\" >\n\t\t<div class=\"vc_column-inner\" >\n\t\t\t<div class=\"wpb_wrapper\">\n\t\t\t\t<div class=\"img-with-aniamtion-wrap  custom-size\" data-max-width=\"100%\" data-max-width-mobile=\"default\" data-shadow=\"none\" data-animation=\"fade-in\" >\n      <div class=\"inner\">\n        <div class=\"hover-wrap\"> \n          <div class=\"hover-wrap-inner\">\n            <img loading=\"lazy\" decoding=\"async\" class=\"img-with-animation skip-lazy\" data-delay=\"0\" height=\"826\" width=\"948\" data-animation=\"fade-in\" src=\"https:\/\/sendapp.live\/wp-content\/uploads\/2025\/09\/sendapp-official-mobie.png\" alt=\"\" srcset=\"https:\/\/sendapp.live\/wp-content\/uploads\/2025\/09\/sendapp-official-mobie.png 948w, https:\/\/sendapp.live\/wp-content\/uploads\/2025\/09\/sendapp-official-mobie-300x261.png 300w, https:\/\/sendapp.live\/wp-content\/uploads\/2025\/09\/sendapp-official-mobie-768x669.png 768w, https:\/\/sendapp.live\/wp-content\/uploads\/2025\/09\/sendapp-official-mobie-14x12.png 14w\" sizes=\"auto, (max-width: 948px) 100vw, 948px\" \/>\n          <\/div>\n        <\/div>\n      <\/div>\n    <\/div>\n\t\t\t<\/div> \n\t\t<\/div>\n\t<\/div> \n\n\t<div  class=\"vc_col-sm-6 wpb_column column_container vc_column_container col no-extra-padding inherit_tablet inherit_phone\"  data-padding-pos=\"all\" data-has-bg-color=\"false\" data-bg-color=\"\" data-bg-opacity=\"1\" data-animation=\"\" data-delay=\"0\" >\n\t\t<div class=\"vc_column-inner\" >\n\t\t\t<div class=\"wpb_wrapper\">\n\t\t\t\t\n<div class=\"wpb_text_column wpb_content_element\" >\n\t<div class=\"wpb_wrapper\">\n\t\t<h2 style=\"text-align: left;\"><span style=\"color: #008000;\">Agente de Sendapp<br \/>\nsuscripci\u00f3n y cancelaci\u00f3n autom\u00e1tica de suscripci\u00f3n<\/span><\/h2>\n\t<\/div>\n<\/div>\n\n\n\n<div class=\"divider-wrap\" data-alignment=\"default\"><div style=\"height: 10px;\" class=\"divider\"><\/div><\/div>\n<div class=\"wpb_text_column wpb_content_element\" >\n\t<div class=\"wpb_wrapper\">\n\t\t<h3 style=\"text-align: left;\">Con\u00a0<strong>SendApp Agent<\/strong>, suscribirse y darse de baja autom\u00e1ticamente<\/h3>\n\t<\/div>\n<\/div>\n\n\n\n<div class=\"divider-wrap\" data-alignment=\"default\"><div style=\"height: 30px;\" class=\"divider\"><\/div><\/div><a class=\"nectar-button jumbo regular accent-color  regular-button\"  role=\"button\" style=\"\" target=\"_blank\" href=\"https:\/\/sendapp.live\/es\/precio-del-agente-de-whatsapp\/\" data-color-override=\"false\" data-hover-color-override=\"false\" data-hover-text-color-override=\"#fff\"><span>Prueba gratis<\/span><\/a>\n\t\t\t<\/div> \n\t\t<\/div>\n\t<\/div> \n<\/div><\/div>\n\t\t<div id=\"fws_69e28575cbdb5\"  data-column-margin=\"default\" data-midnight=\"dark\"  class=\"wpb_row vc_row-fluid vc_row\"  style=\"padding-top: 0px; padding-bottom: 0px; \"><div class=\"row-bg-wrap\" data-bg-animation=\"none\" data-bg-animation-delay=\"\" data-bg-overlay=\"false\"><div class=\"inner-wrap row-bg-layer\" ><div class=\"row-bg viewport-desktop\"  style=\"\"><\/div><\/div><\/div><div class=\"row_col_wrap_12 col span_12 dark left\">\n\t<div  class=\"vc_col-sm-12 wpb_column column_container vc_column_container col no-extra-padding inherit_tablet inherit_phone\"  data-padding-pos=\"all\" data-has-bg-color=\"false\" data-bg-color=\"\" data-bg-opacity=\"1\" data-animation=\"\" data-delay=\"0\" >\n\t\t<div class=\"vc_column-inner\" >\n\t\t\t<div class=\"wpb_wrapper\">\n\t\t\t\t\n<div class=\"wpb_text_column wpb_content_element\" >\n\t<div class=\"wpb_wrapper\">\n\t\t<h2><strong>C\u00f3mo funciona la suscripci\u00f3n por palabras clave en SendApp Agent<\/strong><\/h2>\n<p>La funci\u00f3n <strong>Suscripci\u00f3n de palabras clave<\/strong> le permite asignar autom\u00e1ticamente etiquetas a los contactos cuando env\u00edan un mensaje que contiene una palabra clave espec\u00edfica.<br \/>\nEs una herramienta esencial para automatizar suscripciones, bajas, segmentaci\u00f3n y activaci\u00f3n de marketing.<\/p>\n<h2><strong>\u00bfPara qu\u00e9 sirve?<\/strong><\/h2>\n<p>Con la Suscripci\u00f3n por Palabras Clave podr\u00e1s:<\/p>\n<ul>\n<li>crear suscripciones autom\u00e1ticas a campa\u00f1as;<\/li>\n<li>asignar o eliminar etiquetas sin intervenci\u00f3n humana;<\/li>\n<li>distinguir palabras clave en may\u00fasculas y min\u00fasculas;<\/li>\n<li>decidir si desea solicitar una coincidencia exacta del mensaje;<\/li>\n<li>Crear flujos de segmentaci\u00f3n altamente precisos.<\/li>\n<\/ul>\n<p>Es perfecto para empresas que gestionan clientes potenciales, registros de eventos, promociones, boletines de WhatsApp y listas de SMS.<\/p>\n<h2><strong>C\u00f3mo crear tu primera suscripci\u00f3n por palabras clave<\/strong><\/h2>\n<h3><strong>Abra la secci\u00f3n Aplicaciones<\/strong><\/h3>\n<p>Desde el men\u00fa lateral del Agente de SendApp, vaya a:<\/p>\n<p><strong>Aplicaciones \u2192 Configuraci\u00f3n de suscripci\u00f3n por palabras clave<\/strong><\/p>\n<p>Ver\u00e1s la pantalla de introducci\u00f3n con el bot\u00f3n:<\/p>\n<p>\u2714\ufe0f <strong>Crear suscripci\u00f3n<\/strong><\/p>\n<p>Haga clic aqu\u00ed para iniciar la configuraci\u00f3n.<\/p>\n<p>&nbsp;<\/p>\n<p><img loading=\"lazy\" decoding=\"async\" class=\"aligncenter wp-image-121551 size-full\" src=\"https:\/\/sendapp.live\/wp-content\/uploads\/2025\/12\/1-1-scaled.png\" alt=\"\" width=\"2560\" height=\"1430\" srcset=\"https:\/\/sendapp.live\/wp-content\/uploads\/2025\/12\/1-1-scaled.png 2560w, https:\/\/sendapp.live\/wp-content\/uploads\/2025\/12\/1-1-300x168.png 300w, https:\/\/sendapp.live\/wp-content\/uploads\/2025\/12\/1-1-1024x572.png 1024w, https:\/\/sendapp.live\/wp-content\/uploads\/2025\/12\/1-1-768x429.png 768w, https:\/\/sendapp.live\/wp-content\/uploads\/2025\/12\/1-1-1536x858.png 1536w, https:\/\/sendapp.live\/wp-content\/uploads\/2025\/12\/1-1-2048x1144.png 2048w, https:\/\/sendapp.live\/wp-content\/uploads\/2025\/12\/1-1-18x10.png 18w, https:\/\/sendapp.live\/wp-content\/uploads\/2025\/12\/1-1-600x335.png 600w\" sizes=\"auto, (max-width: 2560px) 100vw, 2560px\" \/><\/p>\n<h3><\/h3>\n<h2><strong>Opciones de coincidencia<\/strong><\/h2>\n<p>Estas opciones hacen que el sistema sea m\u00e1s preciso.<\/p>\n<h3>\u2714\ufe0f May\u00fasculas \/ Min\u00fasculas<\/h3>\n<p>Si esta opci\u00f3n est\u00e1 habilitada, \u201cREGISTRARSE\u201d y \u201csuscribirse\u201d se tratan como dos palabras diferentes.<\/p>\n<h3>\u2714\ufe0f Coincidencia exacta<\/h3>\n<p>Si est\u00e1 habilitado, el mensaje debe ser id\u00e9ntico a la palabra clave.<\/p>\n<p>Ejemplo:<\/p>\n<ul>\n<li>Palabra clave: <strong>#1<\/strong><\/li>\n<li>El contacto debe enviar \u00fanicamente <strong>#1<\/strong><\/li>\n<\/ul>\n<p>Si est\u00e1 deshabilitado, el sistema reconocer\u00e1 la palabra clave incluso en oraciones m\u00e1s largas.<\/p>\n<h2><strong>Ejemplos pr\u00e1cticos<\/strong><\/h2>\n<h3><strong>Ejemplo 1 \u2013 Registro cl\u00e1sico<\/strong><\/h3>\n<ul>\n<li>Palabra clave: <strong>Inscr\u00edbeme<\/strong><\/li>\n<li>Etiqueta asignada: <strong>inscrito<\/strong><\/li>\n<li>Mensaje de confirmaci\u00f3n: \u201cSe ha suscrito correctamente a nuestras campa\u00f1as publicitarias\u201d.\u201d<\/li>\n<\/ul>\n<p>&nbsp;<\/p>\n<p><img loading=\"lazy\" decoding=\"async\" class=\"aligncenter wp-image-121552 size-full\" src=\"https:\/\/sendapp.live\/wp-content\/uploads\/2025\/12\/2-1-scaled.png\" alt=\"\" width=\"2560\" height=\"1430\" srcset=\"https:\/\/sendapp.live\/wp-content\/uploads\/2025\/12\/2-1-scaled.png 2560w, https:\/\/sendapp.live\/wp-content\/uploads\/2025\/12\/2-1-300x168.png 300w, https:\/\/sendapp.live\/wp-content\/uploads\/2025\/12\/2-1-1024x572.png 1024w, https:\/\/sendapp.live\/wp-content\/uploads\/2025\/12\/2-1-768x429.png 768w, https:\/\/sendapp.live\/wp-content\/uploads\/2025\/12\/2-1-1536x858.png 1536w, https:\/\/sendapp.live\/wp-content\/uploads\/2025\/12\/2-1-2048x1144.png 2048w, https:\/\/sendapp.live\/wp-content\/uploads\/2025\/12\/2-1-18x10.png 18w, https:\/\/sendapp.live\/wp-content\/uploads\/2025\/12\/2-1-600x335.png 600w\" sizes=\"auto, (max-width: 2560px) 100vw, 2560px\" \/><\/p>\n<p>&nbsp;<\/p>\n<p><img loading=\"lazy\" decoding=\"async\" class=\"aligncenter wp-image-121553 size-full\" src=\"https:\/\/sendapp.live\/wp-content\/uploads\/2025\/12\/3-1-scaled.png\" alt=\"\" width=\"2560\" height=\"1477\" srcset=\"https:\/\/sendapp.live\/wp-content\/uploads\/2025\/12\/3-1-scaled.png 2560w, https:\/\/sendapp.live\/wp-content\/uploads\/2025\/12\/3-1-300x173.png 300w, https:\/\/sendapp.live\/wp-content\/uploads\/2025\/12\/3-1-1024x591.png 1024w, https:\/\/sendapp.live\/wp-content\/uploads\/2025\/12\/3-1-768x443.png 768w, https:\/\/sendapp.live\/wp-content\/uploads\/2025\/12\/3-1-1536x886.png 1536w, https:\/\/sendapp.live\/wp-content\/uploads\/2025\/12\/3-1-2048x1182.png 2048w, https:\/\/sendapp.live\/wp-content\/uploads\/2025\/12\/3-1-18x10.png 18w, https:\/\/sendapp.live\/wp-content\/uploads\/2025\/12\/3-1-600x346.png 600w\" sizes=\"auto, (max-width: 2560px) 100vw, 2560px\" \/><\/p>\n<h2><\/h2>\n<h3><strong>Ejemplo 2 \u2013 Cancelar suscripci\u00f3n<\/strong><\/h3>\n<ul>\n<li>Palabra clave: <strong>BORRAR<\/strong><\/li>\n<li>Etiqueta asignada: <strong>eliminado<\/strong><\/li>\n<li>Mensaje de confirmaci\u00f3n: &quot;Cancelaci\u00f3n de suscripci\u00f3n exitosa&quot;\u201c<\/li>\n<\/ul>\n<p>&nbsp;<\/p>\n<p><img loading=\"lazy\" decoding=\"async\" class=\"aligncenter wp-image-121554 size-full\" src=\"https:\/\/sendapp.live\/wp-content\/uploads\/2025\/12\/4-scaled.png\" alt=\"\" width=\"2560\" height=\"1477\" srcset=\"https:\/\/sendapp.live\/wp-content\/uploads\/2025\/12\/4-scaled.png 2560w, https:\/\/sendapp.live\/wp-content\/uploads\/2025\/12\/4-300x173.png 300w, https:\/\/sendapp.live\/wp-content\/uploads\/2025\/12\/4-1024x591.png 1024w, https:\/\/sendapp.live\/wp-content\/uploads\/2025\/12\/4-768x443.png 768w, https:\/\/sendapp.live\/wp-content\/uploads\/2025\/12\/4-1536x886.png 1536w, https:\/\/sendapp.live\/wp-content\/uploads\/2025\/12\/4-2048x1182.png 2048w, https:\/\/sendapp.live\/wp-content\/uploads\/2025\/12\/4-18x10.png 18w, https:\/\/sendapp.live\/wp-content\/uploads\/2025\/12\/4-600x346.png 600w\" sizes=\"auto, (max-width: 2560px) 100vw, 2560px\" \/><\/p>\n<p>&nbsp;<\/p>\n<h2><\/h2>\n<h3><strong>Ejemplo 3 \u2013 Segmentaci\u00f3n de empresas<\/strong><\/h3>\n<ul>\n<li>Palabra clave: <strong>#1<\/strong><\/li>\n<li>Etiqueta asignada: <strong>Empresa<\/strong><\/li>\n<li>Opci\u00f3n: <strong>Coincidencia exacta<\/strong><\/li>\n<li>Mensaje de confirmaci\u00f3n: \u201cGracias por informarnos que es una empresa\u201d.\u201d<\/li>\n<\/ul>\n<p>Perfecto para dividir autom\u00e1ticamente personas y empresas.<\/p>\n<p>&nbsp;<\/p>\n<p><img loading=\"lazy\" decoding=\"async\" class=\"aligncenter wp-image-121555 size-full\" src=\"https:\/\/sendapp.live\/wp-content\/uploads\/2025\/12\/5-scaled.png\" alt=\"\" width=\"2560\" height=\"1477\" srcset=\"https:\/\/sendapp.live\/wp-content\/uploads\/2025\/12\/5-scaled.png 2560w, https:\/\/sendapp.live\/wp-content\/uploads\/2025\/12\/5-300x173.png 300w, https:\/\/sendapp.live\/wp-content\/uploads\/2025\/12\/5-1024x591.png 1024w, https:\/\/sendapp.live\/wp-content\/uploads\/2025\/12\/5-768x443.png 768w, https:\/\/sendapp.live\/wp-content\/uploads\/2025\/12\/5-1536x886.png 1536w, https:\/\/sendapp.live\/wp-content\/uploads\/2025\/12\/5-2048x1182.png 2048w, https:\/\/sendapp.live\/wp-content\/uploads\/2025\/12\/5-18x10.png 18w, https:\/\/sendapp.live\/wp-content\/uploads\/2025\/12\/5-600x346.png 600w\" sizes=\"auto, (max-width: 2560px) 100vw, 2560px\" \/><\/p>\n<p>&nbsp;<\/p>\n<h3><strong>Activando la regla<\/strong><\/h3>\n<p>En la parte inferior encontrar\u00e1s el interruptor:<\/p>\n<p>\ud83d\udd18 <strong>Activo<\/strong><\/p>\n<p>Cuando est\u00e1 verde, tu suscripci\u00f3n est\u00e1 activa.<\/p>\n<p>Hacer clic <strong>Salvar<\/strong> Para finalizar.<\/p>\n<h3><\/h3>\n<h3><strong>Conclusi\u00f3n<\/strong><\/h3>\n<p>La suscripci\u00f3n por palabras clave de SendApp Agent es una herramienta poderosa para automatizar completamente la gesti\u00f3n de contactos de WhatsApp y SMS.<br \/>\nPermite crear flujos inteligentes, asignar etiquetas autom\u00e1ticamente y segmentar usuarios con absoluta precisi\u00f3n.<\/p>\n\t<\/div>\n<\/div>\n\n\n\n\n\t\t\t<\/div> \n\t\t<\/div>\n\t<\/div> \n<\/div><\/div>","protected":false},"excerpt":{"rendered":"Suscripci\u00f3n y cancelaci\u00f3n autom\u00e1ticas de SendApp Agent. Con SendApp Agent, suscr\u00edbase y cancele suscripciones autom\u00e1ticamente. Prueba gratuita. C\u00f3mo funciona la suscripci\u00f3n por palabras clave en SendApp Agent. La funci\u00f3n de suscripci\u00f3n por palabras clave...","protected":false},"author":1,"featured_media":121557,"parent":0,"menu_order":0,"comment_status":"closed","ping_status":"closed","template":"","meta":{"_daim_seo_power":"1000","_daim_enable_ail":"1","footnotes":""},"class_list":["post-121550","page","type-page","status-publish","has-post-thumbnail"],"yoast_head":"<!-- This site is optimized with the Yoast SEO Premium plugin v27.4 (Yoast SEO v27.4) - https:\/\/yoast.com\/product\/yoast-seo-premium-wordpress\/ -->\n<title>Sottoscrizione per Parole Chiave in SendApp Agent<\/title>\n<meta name=\"description\" content=\"La funzione Sottoscrizione per Parole Chiave permette di assegnare automaticamente tag ai contatti quando inviano un messaggio...\" \/>\n<meta name=\"robots\" content=\"index, follow, max-snippet:-1, max-image-preview:large, max-video-preview:-1\" \/>\n<link rel=\"canonical\" href=\"https:\/\/sendapp.live\/es\/suscripcion-de-palabras-clave-en-el-agente-de-sendapp\/\" \/>\n<meta property=\"og:locale\" content=\"es_ES\" \/>\n<meta property=\"og:type\" content=\"article\" \/>\n<meta property=\"og:title\" content=\"Sottoscrizione per Parole Chiave in SendApp Agent\" \/>\n<meta property=\"og:description\" content=\"La funzione Sottoscrizione per Parole Chiave permette di assegnare automaticamente tag ai contatti quando inviano un messaggio...\" \/>\n<meta property=\"og:url\" content=\"https:\/\/sendapp.live\/es\/suscripcion-de-palabras-clave-en-el-agente-de-sendapp\/\" \/>\n<meta property=\"og:site_name\" content=\"SendApp - Software Whatsapp Marketing\" \/>\n<meta property=\"article:publisher\" content=\"https:\/\/www.facebook.com\/sendapp.live\" \/>\n<meta property=\"article:modified_time\" content=\"2025-12-15T15:26:28+00:00\" \/>\n<meta property=\"og:image\" content=\"https:\/\/sendapp.live\/wp-content\/uploads\/2025\/12\/ChatGPT-Image-10-dic-2025-18_58_25.png\" \/>\n\t<meta property=\"og:image:width\" content=\"1024\" \/>\n\t<meta property=\"og:image:height\" content=\"1024\" \/>\n\t<meta property=\"og:image:type\" content=\"image\/png\" \/>\n<meta name=\"twitter:card\" content=\"summary_large_image\" \/>\n<meta name=\"twitter:site\" content=\"@sendapp_live\" \/>\n<meta name=\"twitter:label1\" content=\"Tiempo de lectura\" \/>\n\t<meta name=\"twitter:data1\" content=\"4 minutos\" \/>\n<script type=\"application\/ld+json\" class=\"yoast-schema-graph\">{\"@context\":\"https:\\\/\\\/schema.org\",\"@graph\":[{\"@type\":\"WebPage\",\"@id\":\"https:\\\/\\\/sendapp.live\\\/sottoscrizione-per-parole-chiave-in-sendapp-agent\\\/\",\"url\":\"https:\\\/\\\/sendapp.live\\\/sottoscrizione-per-parole-chiave-in-sendapp-agent\\\/\",\"name\":\"Sottoscrizione per Parole Chiave in SendApp Agent\",\"isPartOf\":{\"@id\":\"https:\\\/\\\/sendapp.live\\\/it\\\/#website\"},\"primaryImageOfPage\":{\"@id\":\"https:\\\/\\\/sendapp.live\\\/sottoscrizione-per-parole-chiave-in-sendapp-agent\\\/#primaryimage\"},\"image\":{\"@id\":\"https:\\\/\\\/sendapp.live\\\/sottoscrizione-per-parole-chiave-in-sendapp-agent\\\/#primaryimage\"},\"thumbnailUrl\":\"https:\\\/\\\/sendapp.live\\\/wp-content\\\/uploads\\\/2025\\\/12\\\/ChatGPT-Image-10-dic-2025-18_58_25.png\",\"datePublished\":\"2025-12-10T18:04:06+00:00\",\"dateModified\":\"2025-12-15T15:26:28+00:00\",\"description\":\"La funzione Sottoscrizione per Parole Chiave permette di assegnare automaticamente tag ai contatti quando inviano un messaggio...\",\"breadcrumb\":{\"@id\":\"https:\\\/\\\/sendapp.live\\\/sottoscrizione-per-parole-chiave-in-sendapp-agent\\\/#breadcrumb\"},\"inLanguage\":\"es\",\"potentialAction\":[{\"@type\":\"ReadAction\",\"target\":[\"https:\\\/\\\/sendapp.live\\\/sottoscrizione-per-parole-chiave-in-sendapp-agent\\\/\"]}]},{\"@type\":\"ImageObject\",\"inLanguage\":\"es\",\"@id\":\"https:\\\/\\\/sendapp.live\\\/sottoscrizione-per-parole-chiave-in-sendapp-agent\\\/#primaryimage\",\"url\":\"https:\\\/\\\/sendapp.live\\\/wp-content\\\/uploads\\\/2025\\\/12\\\/ChatGPT-Image-10-dic-2025-18_58_25.png\",\"contentUrl\":\"https:\\\/\\\/sendapp.live\\\/wp-content\\\/uploads\\\/2025\\\/12\\\/ChatGPT-Image-10-dic-2025-18_58_25.png\",\"width\":1024,\"height\":1024},{\"@type\":\"BreadcrumbList\",\"@id\":\"https:\\\/\\\/sendapp.live\\\/sottoscrizione-per-parole-chiave-in-sendapp-agent\\\/#breadcrumb\",\"itemListElement\":[{\"@type\":\"ListItem\",\"position\":1,\"name\":\"Home\",\"item\":\"https:\\\/\\\/sendapp.live\\\/\"},{\"@type\":\"ListItem\",\"position\":2,\"name\":\"Sottoscrizione per Parole Chiave in SendApp Agent\"}]},{\"@type\":\"WebSite\",\"@id\":\"https:\\\/\\\/sendapp.live\\\/it\\\/#website\",\"url\":\"https:\\\/\\\/sendapp.live\\\/it\\\/\",\"name\":\"SendApp\",\"description\":\"Automate Your Messages &amp; Grow Your Business\",\"publisher\":{\"@id\":\"https:\\\/\\\/sendapp.live\\\/it\\\/#organization\"},\"alternateName\":\"SendApp WhatsApp Marketing\",\"potentialAction\":[{\"@type\":\"SearchAction\",\"target\":{\"@type\":\"EntryPoint\",\"urlTemplate\":\"https:\\\/\\\/sendapp.live\\\/it\\\/?s={search_term_string}\"},\"query-input\":{\"@type\":\"PropertyValueSpecification\",\"valueRequired\":true,\"valueName\":\"search_term_string\"}}],\"inLanguage\":\"es\"},{\"@type\":\"Organization\",\"@id\":\"https:\\\/\\\/sendapp.live\\\/it\\\/#organization\",\"name\":\"SendApp\",\"url\":\"https:\\\/\\\/sendapp.live\\\/it\\\/\",\"logo\":{\"@type\":\"ImageObject\",\"inLanguage\":\"es\",\"@id\":\"https:\\\/\\\/sendapp.live\\\/it\\\/#\\\/schema\\\/logo\\\/image\\\/\",\"url\":\"https:\\\/\\\/sendapp.live\\\/wp-content\\\/uploads\\\/2025\\\/04\\\/Logo-Sendapp-300x60-1.png\",\"contentUrl\":\"https:\\\/\\\/sendapp.live\\\/wp-content\\\/uploads\\\/2025\\\/04\\\/Logo-Sendapp-300x60-1.png\",\"width\":300,\"height\":60,\"caption\":\"SendApp\"},\"image\":{\"@id\":\"https:\\\/\\\/sendapp.live\\\/it\\\/#\\\/schema\\\/logo\\\/image\\\/\"},\"sameAs\":[\"https:\\\/\\\/www.facebook.com\\\/sendapp.live\",\"https:\\\/\\\/x.com\\\/sendapp_live\",\"https:\\\/\\\/www.instagram.com\\\/sendapp.live\",\"https:\\\/\\\/www.youtube.com\\\/channel\\\/UC2gaLpi0-OJLG4CFbOr6mLw\",\"https:\\\/\\\/it.trustpilot.com\\\/review\\\/sendapp.live\"],\"description\":\"Piattaforma italiana di WhatsApp Marketing con API ufficiali Meta. Assistente AI, campagne massive, SMS Gateway gratuito, Google Calendar, automazioni. Da \u20ac16\\\/mese senza markup sui messaggi.\",\"email\":\"info@sendapp.live\",\"foundingDate\":\"2016-07-25\"}]}<\/script>\n<!-- \/ Yoast SEO Premium plugin. -->","yoast_head_json":{"title":"Suscripci\u00f3n por palabras clave en el agente de SendApp","description":"La funci\u00f3n de suscripci\u00f3n por palabras clave le permite etiquetar autom\u00e1ticamente los contactos cuando le env\u00edan un mensaje...","robots":{"index":"index","follow":"follow","max-snippet":"max-snippet:-1","max-image-preview":"max-image-preview:large","max-video-preview":"max-video-preview:-1"},"canonical":"https:\/\/sendapp.live\/es\/suscripcion-de-palabras-clave-en-el-agente-de-sendapp\/","og_locale":"es_ES","og_type":"article","og_title":"Sottoscrizione per Parole Chiave in SendApp Agent","og_description":"La funzione Sottoscrizione per Parole Chiave permette di assegnare automaticamente tag ai contatti quando inviano un messaggio...","og_url":"https:\/\/sendapp.live\/es\/suscripcion-de-palabras-clave-en-el-agente-de-sendapp\/","og_site_name":"SendApp - Software Whatsapp Marketing","article_publisher":"https:\/\/www.facebook.com\/sendapp.live","article_modified_time":"2025-12-15T15:26:28+00:00","og_image":[{"width":1024,"height":1024,"url":"https:\/\/sendapp.live\/wp-content\/uploads\/2025\/12\/ChatGPT-Image-10-dic-2025-18_58_25.png","type":"image\/png"}],"twitter_card":"summary_large_image","twitter_site":"@sendapp_live","twitter_misc":{"Tiempo de lectura":"4 minutos"},"schema":{"@context":"https:\/\/schema.org","@graph":[{"@type":"WebPage","@id":"https:\/\/sendapp.live\/sottoscrizione-per-parole-chiave-in-sendapp-agent\/","url":"https:\/\/sendapp.live\/sottoscrizione-per-parole-chiave-in-sendapp-agent\/","name":"Suscripci\u00f3n por palabras clave en el agente de SendApp","isPartOf":{"@id":"https:\/\/sendapp.live\/it\/#website"},"primaryImageOfPage":{"@id":"https:\/\/sendapp.live\/sottoscrizione-per-parole-chiave-in-sendapp-agent\/#primaryimage"},"image":{"@id":"https:\/\/sendapp.live\/sottoscrizione-per-parole-chiave-in-sendapp-agent\/#primaryimage"},"thumbnailUrl":"https:\/\/sendapp.live\/wp-content\/uploads\/2025\/12\/ChatGPT-Image-10-dic-2025-18_58_25.png","datePublished":"2025-12-10T18:04:06+00:00","dateModified":"2025-12-15T15:26:28+00:00","description":"La funci\u00f3n de suscripci\u00f3n por palabras clave le permite etiquetar autom\u00e1ticamente los contactos cuando le env\u00edan un mensaje...","breadcrumb":{"@id":"https:\/\/sendapp.live\/sottoscrizione-per-parole-chiave-in-sendapp-agent\/#breadcrumb"},"inLanguage":"es","potentialAction":[{"@type":"ReadAction","target":["https:\/\/sendapp.live\/sottoscrizione-per-parole-chiave-in-sendapp-agent\/"]}]},{"@type":"ImageObject","inLanguage":"es","@id":"https:\/\/sendapp.live\/sottoscrizione-per-parole-chiave-in-sendapp-agent\/#primaryimage","url":"https:\/\/sendapp.live\/wp-content\/uploads\/2025\/12\/ChatGPT-Image-10-dic-2025-18_58_25.png","contentUrl":"https:\/\/sendapp.live\/wp-content\/uploads\/2025\/12\/ChatGPT-Image-10-dic-2025-18_58_25.png","width":1024,"height":1024},{"@type":"BreadcrumbList","@id":"https:\/\/sendapp.live\/sottoscrizione-per-parole-chiave-in-sendapp-agent\/#breadcrumb","itemListElement":[{"@type":"ListItem","position":1,"name":"Home","item":"https:\/\/sendapp.live\/"},{"@type":"ListItem","position":2,"name":"Sottoscrizione per Parole Chiave in SendApp Agent"}]},{"@type":"WebSite","@id":"https:\/\/sendapp.live\/it\/#website","url":"https:\/\/sendapp.live\/it\/","name":"SendApp","description":"Automatice sus mensajes y haga crecer su negocio","publisher":{"@id":"https:\/\/sendapp.live\/it\/#organization"},"alternateName":"SendApp WhatsApp Marketing","potentialAction":[{"@type":"SearchAction","target":{"@type":"EntryPoint","urlTemplate":"https:\/\/sendapp.live\/it\/?s={search_term_string}"},"query-input":{"@type":"PropertyValueSpecification","valueRequired":true,"valueName":"search_term_string"}}],"inLanguage":"es"},{"@type":"Organization","@id":"https:\/\/sendapp.live\/it\/#organization","name":"SendApp","url":"https:\/\/sendapp.live\/it\/","logo":{"@type":"ImageObject","inLanguage":"es","@id":"https:\/\/sendapp.live\/it\/#\/schema\/logo\/image\/","url":"https:\/\/sendapp.live\/wp-content\/uploads\/2025\/04\/Logo-Sendapp-300x60-1.png","contentUrl":"https:\/\/sendapp.live\/wp-content\/uploads\/2025\/04\/Logo-Sendapp-300x60-1.png","width":300,"height":60,"caption":"SendApp"},"image":{"@id":"https:\/\/sendapp.live\/it\/#\/schema\/logo\/image\/"},"sameAs":["https:\/\/www.facebook.com\/sendapp.live","https:\/\/x.com\/sendapp_live","https:\/\/www.instagram.com\/sendapp.live","https:\/\/www.youtube.com\/channel\/UC2gaLpi0-OJLG4CFbOr6mLw","https:\/\/it.trustpilot.com\/review\/sendapp.live"],"description":"Plataforma italiana de marketing por WhatsApp con API Meta oficial. Asistente de IA, campa\u00f1as masivas, pasarela SMS gratuita, Google Calendar, automatizaciones. Desde 16 \u20ac\/mes sin recargo por mensaje.","email":"info@sendapp.live","foundingDate":"2016-07-25"}]}},"_links":{"self":[{"href":"https:\/\/sendapp.live\/es\/wp-json\/wp\/v2\/pages\/121550","targetHints":{"allow":["GET"]}}],"collection":[{"href":"https:\/\/sendapp.live\/es\/wp-json\/wp\/v2\/pages"}],"about":[{"href":"https:\/\/sendapp.live\/es\/wp-json\/wp\/v2\/types\/page"}],"author":[{"embeddable":true,"href":"https:\/\/sendapp.live\/es\/wp-json\/wp\/v2\/users\/1"}],"replies":[{"embeddable":true,"href":"https:\/\/sendapp.live\/es\/wp-json\/wp\/v2\/comments?post=121550"}],"version-history":[{"count":5,"href":"https:\/\/sendapp.live\/es\/wp-json\/wp\/v2\/pages\/121550\/revisions"}],"predecessor-version":[{"id":121649,"href":"https:\/\/sendapp.live\/es\/wp-json\/wp\/v2\/pages\/121550\/revisions\/121649"}],"wp:featuredmedia":[{"embeddable":true,"href":"https:\/\/sendapp.live\/es\/wp-json\/wp\/v2\/media\/121557"}],"wp:attachment":[{"href":"https:\/\/sendapp.live\/es\/wp-json\/wp\/v2\/media?parent=121550"}],"curies":[{"name":"wp","href":"https:\/\/api.w.org\/{rel}","templated":true}]}}