{"id":16819,"date":"2020-07-15T16:45:12","date_gmt":"2020-07-15T14:45:12","guid":{"rendered":"https:\/\/sendapp.live\/?page_id=16819"},"modified":"2022-07-15T12:44:09","modified_gmt":"2022-07-15T10:44:09","slug":"sendapp-mobile-ios-support","status":"publish","type":"page","link":"https:\/\/sendapp.live\/es\/sendapp-mobile-ios-support\/","title":{"rendered":"Compatibilidad con Sendapp Mobile iOS"},"content":{"rendered":"<div id=\"fws_69d284d5d418d\"  data-column-margin=\"default\" data-midnight=\"dark\"  class=\"wpb_row vc_row-fluid vc_row full-width-section\"  style=\"padding-top: 0px; padding-bottom: 0px; \"><div class=\"row-bg-wrap\" data-bg-animation=\"none\" data-bg-animation-delay=\"\" data-bg-overlay=\"false\"><div class=\"inner-wrap row-bg-layer\" ><div class=\"row-bg viewport-desktop using-bg-color\"  style=\"background-color: #ffffff; \"><\/div><\/div><\/div><div class=\"row_col_wrap_12 col span_12 dark left\">\n\t<div  class=\"vc_col-sm-2 wpb_column column_container vc_column_container col no-extra-padding\"  data-padding-pos=\"all\" data-has-bg-color=\"false\" data-bg-color=\"\" data-bg-opacity=\"1\" data-animation=\"\" data-delay=\"0\" >\n\t\t<div class=\"vc_column-inner\" >\n\t\t\t<div class=\"wpb_wrapper\">\n\t\t\t\t\n\t\t\t<\/div> \n\t\t<\/div>\n\t<\/div> \n\n\t<div  class=\"vc_col-sm-8 wpb_column column_container vc_column_container col no-extra-padding\"  data-padding-pos=\"all\" data-has-bg-color=\"false\" data-bg-color=\"\" data-bg-opacity=\"1\" data-animation=\"\" data-delay=\"0\" >\n\t\t<div class=\"vc_column-inner\" >\n\t\t\t<div class=\"wpb_wrapper\">\n\t\t\t\t<div class=\"nectar-gradient-text\" data-direction=\"horizontal\" data-color=\"extra-color-gradient-1\" style=\"margin-top: 90px; margin-bottom: 0px; \"><h2>Preguntas frecuentes ...<\/h2><\/div><div class=\"toggles\" data-br=\"\" data-starting=\"default\" data-style=\"minimal\"><div class=\"toggle default\" data-inner-wrap=\"true\"><h3 class=\"toggle-title\"><a href=\"#\" role=\"button\" class=\"toggle-heading\"><i role=\"presentation\" class=\"fa fa-plus-circle\"><\/i>\u00bfPuedo utilizar SendApp con distintos n\u00fameros de tel\u00e9fono?<\/a><\/h3><div><div class=\"inner-toggle-wrap\">\n<div class=\"wpb_text_column wpb_content_element\" >\n\t<div class=\"wpb_wrapper\">\n\t\t<p>S\u00ed. Nuestra App se puede conectar a cualquier dispositivo m\u00f3vil gracias al c\u00f3digo QR. Hemos proporcionado este modo para darle la oportunidad de hacer marketing con varios n\u00fameros de tel\u00e9fono.<\/p>\n\t<\/div>\n<\/div>\n\n\n\n<\/div><\/div><\/div><div class=\"toggle default\" data-inner-wrap=\"true\"><h3 class=\"toggle-title\"><a href=\"#\" role=\"button\" class=\"toggle-heading\"><i role=\"presentation\" class=\"fa fa-plus-circle\"><\/i>Una vez adquirida la licencia, \u00bfhay que pagar algo m\u00e1s?<\/a><\/h3><div><div class=\"inner-toggle-wrap\">\n<div class=\"wpb_text_column wpb_content_element\" >\n\t<div class=\"wpb_wrapper\">\n\t\t<p>No, nuestra licencia es de por vida, una vez comprada, siempre ser\u00e1 tuya y puedes moverla a cualquier computadora.<\/p>\n\t<\/div>\n<\/div>\n\n\n\n<\/div><\/div><\/div><div class=\"toggle default\" data-inner-wrap=\"true\"><h3 class=\"toggle-title\"><a href=\"#\" role=\"button\" class=\"toggle-heading\"><i role=\"presentation\" class=\"fa fa-plus-circle\"><\/i>\u00bfPuedo conectar mi gu\u00eda telef\u00f3nica a SendApp?<\/a><\/h3><div><div class=\"inner-toggle-wrap\">\n<div class=\"wpb_text_column wpb_content_element\" >\n\t<div class=\"wpb_wrapper\">\n\t\t<p>S\u00ed. Puede importar sus contactos de Whatsapp o agregar contactos personales a la libreta de direcciones de Sendapp. Lo importante es que respete las reglas del Spam, es posible personalizar el mensaje con el nombre del contacto agregando #name en el cuerpo del mensaje.<\/p>\n\t<\/div>\n<\/div>\n\n\n\n<\/div><\/div><\/div><div class=\"toggle default\" data-inner-wrap=\"true\"><h3 class=\"toggle-title\"><a href=\"#\" role=\"button\" class=\"toggle-heading\"><i role=\"presentation\" class=\"fa fa-plus-circle\"><\/i>\u00bfCu\u00e1ntos mensajes puedo enviar con SendApp?<\/a><\/h3><div><div class=\"inner-toggle-wrap\">\n<div class=\"wpb_text_column wpb_content_element\" >\n\t<div class=\"wpb_wrapper\">\n\t\t<p>No hay l\u00edmite para los mensajes que puede enviar con Sendapp Business.<\/p>\n<p>Sendapp Mobile est\u00e1 disponible en 3 versiones:<br \/>\n* Sendapp Lite iOS: 20 mensajes a la vez<br \/>\n* Sendapp Pro iOS: 200 mensajes a la vez<br \/>\n* Sendapp Business iOS: env\u00edo ilimitado<\/p>\n<p>El tiempo para enviar un mensaje var\u00eda seg\u00fan el rendimiento de la conexi\u00f3n.<\/p>\n<p>Todos los datos se almacenar\u00e1n exclusivamente en su dispositivo en uso sin que nuestros servidores (y \/ o terceros) u otros sistemas en l\u00ednea los transmitan ni puedan acceder a ellos; por lo tanto, Sendapp no tiene acceso ni responsabilidad de ning\u00fan tipo sobre sus datos.<\/p>\n\t<\/div>\n<\/div>\n\n\n\n<\/div><\/div><\/div><div class=\"toggle default\" data-inner-wrap=\"true\"><h3 class=\"toggle-title\"><a href=\"#\" role=\"button\" class=\"toggle-heading\"><i role=\"presentation\" class=\"fa fa-plus-circle\"><\/i>\u00bfPuedo enviar un mensaje a un n\u00famero que no est\u00e9 registrado en mi Smartphone?<\/a><\/h3><div><div class=\"inner-toggle-wrap\">\n<div class=\"wpb_text_column wpb_content_element\" >\n\t<div class=\"wpb_wrapper\">\n\t\t<p>S\u00ed. Con Sendapp ser\u00e1 posible enviar mensajes a cualquier persona, incluso a n\u00fameros no registrados en nuestra libreta de direcciones de aplicaciones de mensajer\u00eda o que no hayan registrado nuestro n\u00famero en su libreta de direcciones.<\/p>\n<p><strong>Nota:<\/strong> Al comunicarse primero con personas que no desean recibir mensajes o que no nos conocen o que nunca han tenido una conversaci\u00f3n con nuestra cuenta o que no nos recuerdan, etc. <strong>\u00a1Existe el riesgo de que nuestros usuarios nos informen y, por lo tanto, se les proh\u00edba el uso de Whatsapp!<\/strong><\/p>\n<p>Si genera un bot\u00f3n, respetando las reglas de GDPR, que insertar\u00e1 en su sitio o fuente de tr\u00e1fico y tal vez agregue FollowUp ...<br \/>\nUsted no tendr\u00e1 ning\u00fan riesgo y el resultado ser\u00e1 incre\u00edble!<\/p>\n\t<\/div>\n<\/div>\n\n\n\n<\/div><\/div><\/div><div class=\"toggle default\" data-inner-wrap=\"true\"><h3 class=\"toggle-title\"><a href=\"#\" role=\"button\" class=\"toggle-heading\"><i role=\"presentation\" class=\"fa fa-plus-circle\"><\/i>\u00bfPuedo usar mi computadora mientras se est\u00e1 ejecutando SendApp?<\/a><\/h3><div><div class=\"inner-toggle-wrap\">\n<div class=\"wpb_text_column wpb_content_element\" >\n\t<div class=\"wpb_wrapper\">\n\t\t<p>S\u00ed. Todos los procesos de Sendapp est\u00e1n en segundo plano, por lo que puede usar su computadora normalmente y nuestro software, \u00a1y se encargar\u00e1 de automatizar su comercializaci\u00f3n!<\/p>\n\t<\/div>\n<\/div>\n\n\n\n<\/div><\/div><\/div><div class=\"toggle default\" data-inner-wrap=\"true\"><h3 class=\"toggle-title\"><a href=\"#\" role=\"button\" class=\"toggle-heading\"><i role=\"presentation\" class=\"fa fa-plus-circle\"><\/i>\u00bfPuedo usar WhatsApp en mi Smartphone mientras ejecuto SendApp?<\/a><\/h3><div><div class=\"inner-toggle-wrap\">\n<div class=\"wpb_text_column wpb_content_element\" >\n\t<div class=\"wpb_wrapper\">\n\t\t<p class=\"rteBlock\">S\u00ed. Sendapp usa la interfaz web de la aplicaci\u00f3n de mensajer\u00eda para que pueda seguir usando su tel\u00e9fono inteligente mientras utiliza nuestro software y har\u00e1 el trabajo por usted.<\/p>\n<p class=\"rteBlock\"><strong>Nota:<\/strong> Para el correcto funcionamiento de SendApp, su tel\u00e9fono inteligente y su computadora deben tener conexi\u00f3n a Internet.<\/p>\n\t<\/div>\n<\/div>\n\n\n\n<\/div><\/div><\/div><div class=\"toggle default\" data-inner-wrap=\"true\"><h3 class=\"toggle-title\"><a href=\"#\" role=\"button\" class=\"toggle-heading\"><i role=\"presentation\" class=\"fa fa-plus-circle\"><\/i>Si WhatsApp proh\u00edbe mi n\u00famero de tel\u00e9fono, \u00bfpuedo seguir usando SendApp?<\/a><\/h3><div><div class=\"inner-toggle-wrap\">\n<div class=\"wpb_text_column wpb_content_element\" >\n\t<div class=\"wpb_wrapper\">\n\t\t<p class=\"rteBlock\">S\u00ed. Si tiene prohibido el acceso a aplicaciones de mensajer\u00eda, probablemente se deba a que est\u00e1 utilizando nuestro software incorrectamente.<br \/>\nSin embargo, tiene la posibilidad de conectar Sendapp a otro n\u00famero de tel\u00e9fono a trav\u00e9s del c\u00f3digo QR de la aplicaci\u00f3n de mensajer\u00eda, y continuar haciendo marketing con nuestro software correctamente.<\/p>\n\t<\/div>\n<\/div>\n\n\n\n<\/div><\/div><\/div><\/div>\n\n\n\n\n\n\n\n\n\n\n\n\n\n\n\n\n\n\n\n<div class=\"nectar-gradient-text\" data-direction=\"horizontal\" data-color=\"extra-color-gradient-1\" style=\"margin-top: 90px; margin-bottom: 0px; \"><h2>Funcionalidad SendApp<\/h2><\/div><div class=\"toggles\" data-br=\"\" data-starting=\"default\" data-style=\"minimal\"><div class=\"toggle default\" data-inner-wrap=\"true\"><h3 class=\"toggle-title\"><a href=\"#\" role=\"button\" class=\"toggle-heading\"><i role=\"presentation\" class=\"fa fa-plus-circle\"><\/i>Requisitos M\u00ednimos<\/a><\/h3><div><div class=\"inner-toggle-wrap\">\n<div class=\"wpb_text_column wpb_content_element\" >\n\t<div class=\"wpb_wrapper\">\n\t\t<p>Dado que SendApp importa sus contactos de WhatsApp y env\u00eda mensajes de WhatsApp, necesariamente requiere una cuenta de WhatsApp o una cuenta de WhatsApp Business.<\/p>\n\t<\/div>\n<\/div>\n\n\n\n<\/div><\/div><\/div><\/div>\n\n\n\n\n\n\n\n\n\n\n\n\n\n\n\n\n\n\n\n\n\t\t\t<\/div> \n\t\t<\/div>\n\t<\/div> \n\n\t<div  class=\"vc_col-sm-2 wpb_column column_container vc_column_container col no-extra-padding\"  data-padding-pos=\"all\" data-has-bg-color=\"false\" data-bg-color=\"\" data-bg-opacity=\"1\" data-animation=\"\" data-delay=\"0\" >\n\t\t<div class=\"vc_column-inner\" >\n\t\t\t<div class=\"wpb_wrapper\">\n\t\t\t\t\n\t\t\t<\/div> \n\t\t<\/div>\n\t<\/div> \n<\/div><\/div>","protected":false},"excerpt":{"rendered":"Preguntas frecuentes... \u00bfPuedo usar SendApp con diferentes n\u00fameros de tel\u00e9fono? S\u00ed. Nuestra App se puede conectar a cualquier dispositivo m\u00f3vil gracias al c\u00f3digo QR. Hemos proporcionado este modo para darle...","protected":false},"author":1,"featured_media":0,"parent":0,"menu_order":0,"comment_status":"closed","ping_status":"open","template":"","meta":{"_daim_seo_power":"","_daim_enable_ail":"","footnotes":""},"class_list":["post-16819","page","type-page","status-publish"],"yoast_head":"<!-- This site is optimized with the Yoast SEO Premium plugin v27.3 (Yoast SEO v27.3) - https:\/\/yoast.com\/product\/yoast-seo-premium-wordpress\/ -->\n<title>Sendapp Mobile iOS Support - SendApp - Software Whatsapp Marketing<\/title>\n<meta name=\"robots\" content=\"index, follow, max-snippet:-1, max-image-preview:large, max-video-preview:-1\" \/>\n<link rel=\"canonical\" href=\"https:\/\/sendapp.live\/es\/sendapp-mobile-ios-support\/\" \/>\n<meta property=\"og:locale\" content=\"es_ES\" \/>\n<meta property=\"og:type\" content=\"article\" \/>\n<meta property=\"og:title\" content=\"Sendapp Mobile iOS Support\" \/>\n<meta property=\"og:url\" content=\"https:\/\/sendapp.live\/es\/sendapp-mobile-ios-support\/\" \/>\n<meta property=\"og:site_name\" content=\"SendApp - Software Whatsapp Marketing\" \/>\n<meta property=\"article:publisher\" content=\"https:\/\/www.facebook.com\/sendapp.live\" \/>\n<meta property=\"article:modified_time\" content=\"2022-07-15T10:44:09+00:00\" \/>\n<meta name=\"twitter:card\" content=\"summary_large_image\" \/>\n<meta name=\"twitter:site\" content=\"@sendapp_live\" \/>\n<meta name=\"twitter:label1\" content=\"Tiempo de lectura\" \/>\n\t<meta name=\"twitter:data1\" content=\"4 minutos\" \/>\n<script type=\"application\/ld+json\" class=\"yoast-schema-graph\">{\"@context\":\"https:\\\/\\\/schema.org\",\"@graph\":[{\"@type\":\"WebPage\",\"@id\":\"https:\\\/\\\/sendapp.live\\\/fr\\\/sendapp-mobile-ios-support\\\/\",\"url\":\"https:\\\/\\\/sendapp.live\\\/fr\\\/sendapp-mobile-ios-support\\\/\",\"name\":\"Sendapp Mobile iOS Support - SendApp - Software Whatsapp Marketing\",\"isPartOf\":{\"@id\":\"https:\\\/\\\/sendapp.live\\\/it\\\/#website\"},\"datePublished\":\"2020-07-15T14:45:12+00:00\",\"dateModified\":\"2022-07-15T10:44:09+00:00\",\"breadcrumb\":{\"@id\":\"https:\\\/\\\/sendapp.live\\\/fr\\\/sendapp-mobile-ios-support\\\/#breadcrumb\"},\"inLanguage\":\"es\",\"potentialAction\":[{\"@type\":\"ReadAction\",\"target\":[\"https:\\\/\\\/sendapp.live\\\/fr\\\/sendapp-mobile-ios-support\\\/\"]}]},{\"@type\":\"BreadcrumbList\",\"@id\":\"https:\\\/\\\/sendapp.live\\\/fr\\\/sendapp-mobile-ios-support\\\/#breadcrumb\",\"itemListElement\":[{\"@type\":\"ListItem\",\"position\":1,\"name\":\"Home\",\"item\":\"https:\\\/\\\/sendapp.live\\\/\"},{\"@type\":\"ListItem\",\"position\":2,\"name\":\"Sendapp Mobile iOS Support\"}]},{\"@type\":\"WebSite\",\"@id\":\"https:\\\/\\\/sendapp.live\\\/it\\\/#website\",\"url\":\"https:\\\/\\\/sendapp.live\\\/it\\\/\",\"name\":\"SendApp\",\"description\":\"Automate Your Messages &amp; Grow Your Business\",\"publisher\":{\"@id\":\"https:\\\/\\\/sendapp.live\\\/it\\\/#organization\"},\"alternateName\":\"SendApp WhatsApp Marketing\",\"potentialAction\":[{\"@type\":\"SearchAction\",\"target\":{\"@type\":\"EntryPoint\",\"urlTemplate\":\"https:\\\/\\\/sendapp.live\\\/it\\\/?s={search_term_string}\"},\"query-input\":{\"@type\":\"PropertyValueSpecification\",\"valueRequired\":true,\"valueName\":\"search_term_string\"}}],\"inLanguage\":\"es\"},{\"@type\":\"Organization\",\"@id\":\"https:\\\/\\\/sendapp.live\\\/it\\\/#organization\",\"name\":\"SendApp\",\"url\":\"https:\\\/\\\/sendapp.live\\\/it\\\/\",\"logo\":{\"@type\":\"ImageObject\",\"inLanguage\":\"es\",\"@id\":\"https:\\\/\\\/sendapp.live\\\/it\\\/#\\\/schema\\\/logo\\\/image\\\/\",\"url\":\"https:\\\/\\\/sendapp.live\\\/wp-content\\\/uploads\\\/2025\\\/04\\\/Logo-Sendapp-300x60-1.png\",\"contentUrl\":\"https:\\\/\\\/sendapp.live\\\/wp-content\\\/uploads\\\/2025\\\/04\\\/Logo-Sendapp-300x60-1.png\",\"width\":300,\"height\":60,\"caption\":\"SendApp\"},\"image\":{\"@id\":\"https:\\\/\\\/sendapp.live\\\/it\\\/#\\\/schema\\\/logo\\\/image\\\/\"},\"sameAs\":[\"https:\\\/\\\/www.facebook.com\\\/sendapp.live\",\"https:\\\/\\\/x.com\\\/sendapp_live\",\"https:\\\/\\\/www.instagram.com\\\/sendapp.live\",\"https:\\\/\\\/www.youtube.com\\\/channel\\\/UC2gaLpi0-OJLG4CFbOr6mLw\",\"https:\\\/\\\/it.trustpilot.com\\\/review\\\/sendapp.live\"],\"description\":\"Piattaforma italiana di WhatsApp Marketing con API ufficiali Meta. Assistente AI, campagne massive, SMS Gateway gratuito, Google Calendar, automazioni. Da \u20ac16\\\/mese senza markup sui messaggi.\",\"email\":\"info@sendapp.live\",\"foundingDate\":\"2016-07-25\"}]}<\/script>\n<!-- \/ Yoast SEO Premium plugin. -->","yoast_head_json":{"title":"Soporte para iOS m\u00f3vil de Sendapp - SendApp - Software de marketing para Whatsapp","robots":{"index":"index","follow":"follow","max-snippet":"max-snippet:-1","max-image-preview":"max-image-preview:large","max-video-preview":"max-video-preview:-1"},"canonical":"https:\/\/sendapp.live\/es\/sendapp-mobile-ios-support\/","og_locale":"es_ES","og_type":"article","og_title":"Sendapp Mobile iOS Support","og_url":"https:\/\/sendapp.live\/es\/sendapp-mobile-ios-support\/","og_site_name":"SendApp - Software Whatsapp Marketing","article_publisher":"https:\/\/www.facebook.com\/sendapp.live","article_modified_time":"2022-07-15T10:44:09+00:00","twitter_card":"summary_large_image","twitter_site":"@sendapp_live","twitter_misc":{"Tiempo de lectura":"4 minutos"},"schema":{"@context":"https:\/\/schema.org","@graph":[{"@type":"WebPage","@id":"https:\/\/sendapp.live\/fr\/sendapp-mobile-ios-support\/","url":"https:\/\/sendapp.live\/fr\/sendapp-mobile-ios-support\/","name":"Soporte para iOS m\u00f3vil de Sendapp - SendApp - Software de marketing para Whatsapp","isPartOf":{"@id":"https:\/\/sendapp.live\/it\/#website"},"datePublished":"2020-07-15T14:45:12+00:00","dateModified":"2022-07-15T10:44:09+00:00","breadcrumb":{"@id":"https:\/\/sendapp.live\/fr\/sendapp-mobile-ios-support\/#breadcrumb"},"inLanguage":"es","potentialAction":[{"@type":"ReadAction","target":["https:\/\/sendapp.live\/fr\/sendapp-mobile-ios-support\/"]}]},{"@type":"BreadcrumbList","@id":"https:\/\/sendapp.live\/fr\/sendapp-mobile-ios-support\/#breadcrumb","itemListElement":[{"@type":"ListItem","position":1,"name":"Home","item":"https:\/\/sendapp.live\/"},{"@type":"ListItem","position":2,"name":"Sendapp Mobile iOS Support"}]},{"@type":"WebSite","@id":"https:\/\/sendapp.live\/it\/#website","url":"https:\/\/sendapp.live\/it\/","name":"SendApp","description":"Automatice sus mensajes y haga crecer su negocio","publisher":{"@id":"https:\/\/sendapp.live\/it\/#organization"},"alternateName":"SendApp WhatsApp Marketing","potentialAction":[{"@type":"SearchAction","target":{"@type":"EntryPoint","urlTemplate":"https:\/\/sendapp.live\/it\/?s={search_term_string}"},"query-input":{"@type":"PropertyValueSpecification","valueRequired":true,"valueName":"search_term_string"}}],"inLanguage":"es"},{"@type":"Organization","@id":"https:\/\/sendapp.live\/it\/#organization","name":"SendApp","url":"https:\/\/sendapp.live\/it\/","logo":{"@type":"ImageObject","inLanguage":"es","@id":"https:\/\/sendapp.live\/it\/#\/schema\/logo\/image\/","url":"https:\/\/sendapp.live\/wp-content\/uploads\/2025\/04\/Logo-Sendapp-300x60-1.png","contentUrl":"https:\/\/sendapp.live\/wp-content\/uploads\/2025\/04\/Logo-Sendapp-300x60-1.png","width":300,"height":60,"caption":"SendApp"},"image":{"@id":"https:\/\/sendapp.live\/it\/#\/schema\/logo\/image\/"},"sameAs":["https:\/\/www.facebook.com\/sendapp.live","https:\/\/x.com\/sendapp_live","https:\/\/www.instagram.com\/sendapp.live","https:\/\/www.youtube.com\/channel\/UC2gaLpi0-OJLG4CFbOr6mLw","https:\/\/it.trustpilot.com\/review\/sendapp.live"],"description":"Plataforma italiana de marketing por WhatsApp con API Meta oficial. Asistente de IA, campa\u00f1as masivas, pasarela SMS gratuita, Google Calendar, automatizaciones. Desde 16 \u20ac\/mes sin recargo por mensaje.","email":"info@sendapp.live","foundingDate":"2016-07-25"}]}},"_links":{"self":[{"href":"https:\/\/sendapp.live\/es\/wp-json\/wp\/v2\/pages\/16819","targetHints":{"allow":["GET"]}}],"collection":[{"href":"https:\/\/sendapp.live\/es\/wp-json\/wp\/v2\/pages"}],"about":[{"href":"https:\/\/sendapp.live\/es\/wp-json\/wp\/v2\/types\/page"}],"author":[{"embeddable":true,"href":"https:\/\/sendapp.live\/es\/wp-json\/wp\/v2\/users\/1"}],"replies":[{"embeddable":true,"href":"https:\/\/sendapp.live\/es\/wp-json\/wp\/v2\/comments?post=16819"}],"version-history":[{"count":0,"href":"https:\/\/sendapp.live\/es\/wp-json\/wp\/v2\/pages\/16819\/revisions"}],"wp:attachment":[{"href":"https:\/\/sendapp.live\/es\/wp-json\/wp\/v2\/media?parent=16819"}],"curies":[{"name":"wp","href":"https:\/\/api.w.org\/{rel}","templated":true}]}}