{"id":2187,"date":"2019-08-29T15:26:34","date_gmt":"2019-08-29T13:26:34","guid":{"rendered":"https:\/\/sendapp.live\/terms-and-conditions\/"},"modified":"2024-03-26T12:52:59","modified_gmt":"2024-03-26T11:52:59","slug":"los-terminos-y-condiciones","status":"publish","type":"page","link":"https:\/\/sendapp.live\/es\/terms-and-conditions\/","title":{"rendered":"T\u00e9rminos y Condiciones"},"content":{"rendered":"<div id=\"fws_69d5a7896ad9c\"  data-column-margin=\"default\" data-midnight=\"dark\"  class=\"wpb_row vc_row-fluid vc_row\"  style=\"padding-top: 0px; padding-bottom: 0px; \"><div class=\"row-bg-wrap\" data-bg-animation=\"none\" data-bg-animation-delay=\"\" data-bg-overlay=\"false\"><div class=\"inner-wrap row-bg-layer\" ><div class=\"row-bg viewport-desktop\"  style=\"\"><\/div><\/div><\/div><div class=\"row_col_wrap_12 col span_12 dark left\">\n\t<div  class=\"vc_col-sm-2 wpb_column column_container vc_column_container col no-extra-padding inherit_tablet inherit_phone\"  data-padding-pos=\"all\" data-has-bg-color=\"false\" data-bg-color=\"\" data-bg-opacity=\"1\" data-animation=\"\" data-delay=\"0\" >\n\t\t<div class=\"vc_column-inner\" >\n\t\t\t<div class=\"wpb_wrapper\">\n\t\t\t\t\n\t\t\t<\/div> \n\t\t<\/div>\n\t<\/div> \n\n\t<div  class=\"vc_col-sm-8 wpb_column column_container vc_column_container col no-extra-padding inherit_tablet inherit_phone\"  data-padding-pos=\"all\" data-has-bg-color=\"false\" data-bg-color=\"\" data-bg-opacity=\"1\" data-animation=\"\" data-delay=\"0\" >\n\t\t<div class=\"vc_column-inner\" >\n\t\t\t<div class=\"wpb_wrapper\">\n\t\t\t\t\n<div class=\"wpb_text_column wpb_content_element\" >\n\t<div class=\"wpb_wrapper\">\n\t\t<h1>Programa de afiliados de SendApp<br \/>\nT\u00e9rminos de servicio<\/h1>\n<h2>acuerdo<\/h2>\n<p>Programa de afiliaci\u00f3n en el Programa de afiliaci\u00f3n de SendApp (&quot;Programa&quot;). &quot;Condiciones del servicio&quot;.<\/p>\n<p><strong>SendApp<\/strong> reservas de tiempo a tiempo sin previo aviso. Cualquier caracter\u00edstica nueva que aumente o mejore el Programa actual, que es el tema de los T\u00e9rminos de Servicio. Uso continuo del programa despu\u00e9s de dichos cambios.<\/p>\n<p>Violaci\u00f3n de los t\u00e9rminos y condiciones de la violaci\u00f3n. Usted acepta utilizar el Programa de afiliados bajo su propio riesgo.<\/p>\n<h2>T\u00e9rminos de cuenta<\/h2>\n<ul>\n<li>Debe tener 18 a\u00f1os o m\u00e1s para ser parte de este programa.<\/li>\n<li>Debes ser un humano. No se permiten cuentas registradas por &quot;bots&quot; u otros m\u00e9todos automatizados.<\/li>\n<li>Debe proporcionar su nombre legal completo, una direcci\u00f3n de correo electr\u00f3nico v\u00e1lida y cualquier otra informaci\u00f3n solicitada para completar el proceso.<\/li>\n<li>Su inicio de sesi\u00f3n solo puede ser utilizado por una persona; no se permite un inicio de sesi\u00f3n \u00fanico compartido por varias personas.<\/li>\n<li>Usted es responsable de mantener la seguridad de su cuenta y contrase\u00f1a. <strong>SendApp<\/strong> no se puede evitar por este incumplimiento de esta obligaci\u00f3n de seguridad.<\/li>\n<li>Usted es responsable de todo el contenido publicado y la actividad que ocurra en su cuenta.<\/li>\n<li>Una persona o entidad legal no puede mantener m\u00e1s de una cuenta.<\/li>\n<li>No puede utilizar el Programa de afiliados para ning\u00fan prop\u00f3sito ilegal o no autorizado. No debe, en el servicio, violar ninguna ley en su jurisdicci\u00f3n (incluidas, entre otras, las leyes de derechos de autor).<\/li>\n<li>No puede usar el Programa de afiliados para ganar dinero por su cuenta <strong>SendApp<\/strong> cuentas de productos.<\/li>\n<\/ul>\n<h2>Enlaces \/ gr\u00e1ficos en su sitio, en sus correos electr\u00f3nicos u otras comunicaciones<\/h2>\n<p>Una vez que se haya inscrito en el Programa de Afiliaci\u00f3n, se le asignar\u00e1 un C\u00f3digo de Afiliaci\u00f3n \u00fanico. Se le permite colocar enlaces, pancartas u otros gr\u00e1ficos que proporcionamos con su C\u00f3digo de Afiliaci\u00f3n en su sitio, en sus correos electr\u00f3nicos o en otras comunicaciones. Le proporcionaremos pautas, estilos de enlace e ilustraciones gr\u00e1ficas para usar en el enlace a <strong>SendApp<\/strong>. Podemos cambiar el dise\u00f1o de cualquier momento sin previo aviso, pero no cambiaremos el tama\u00f1o de las im\u00e1genes sin el aviso correspondiente.<\/p>\n<p>Para permitir el seguimiento preciso, los informes y las tarifas de referencia de acumulaci\u00f3n, le proporcionaremos enlaces especiales a su sitio web. <strong>SendApp<\/strong>. Debe asegurarse de que cada uno de los enlaces entre su sitio y el <strong>SendApp<\/strong> utiliza adecuadamente dichos formatos de enlaces especiales. Enlaces a la <strong>SendApp<\/strong> ganar\u00e1 honorarios de referencia solo con respecto a las ventas en <strong>SendApp<\/strong> producto que se produce directamente a trav\u00e9s de enlaces especiales; No podremos proporcionarle ning\u00fan tipo de problema, podremos ayudarlo. de conformidad con este Acuerdo.<\/p>\n<p>Los enlaces de afiliados deben apuntar a la p\u00e1gina del producto que se promociona.<\/p>\n<h2>Comisiones de remisi\u00f3n \/ comisiones y pago<\/h2>\n<p>Para que una venta de Producto sea elegible para ganar una tarifa de referencia, el cliente debe hacer clic en Enlace especial desde su sitio, correo electr\u00f3nico u otras comunicaciones a <strong>https:\/\/sendapp.live<\/strong> y completar un pedido de un producto durante esa sesi\u00f3n.<\/p>\n<p>Solo pagaremos comisiones por enlaces que nuestros sistemas rastrean e informan autom\u00e1ticamente. Si no fue rastreado por nuestro sistema, no pagaremos comisiones si alguien dice que no fue rastreado. Solo podemos pagar comisiones por enlaces especiales formateados generados adecuadamente que nuestros sistemas rastrearon autom\u00e1ticamente.<\/p>\n<p>Nos reservamos el derecho de descalificar las comisiones obtenidas a trav\u00e9s de m\u00e9todos de ventas o marketing fraudulentos, ilegales o demasiado agresivos y cuestionables.<\/p>\n<p>Los pagos solo comienzan una vez que haya ganado m\u00e1s de <strong>$200<\/strong> en ingresos de afiliados. Si su cuenta de afiliado nunca cruza el <strong>$200 <\/strong>umbral, su comisi\u00f3n no se realizar\u00e1 ni se pagar\u00e1. Somos responsables de pagar las cuentas que han cruzado el <strong>$200 <\/strong>umbral.<\/p>\n<h2>Identificarse como afiliado de SendApp<\/h2>\n<p>No puede emitir ning\u00fan comunicado de prensa con respecto a este Acuerdo o su participaci\u00f3n en el Programa; dicha acci\u00f3n puede resultar en su terminaci\u00f3n del Programa. Adem\u00e1s, puede estar desarrollando sus productos, digamos que es parte de <strong>SendApp<\/strong> ya sea expresar o implicar cualquier relaci\u00f3n o afiliaci\u00f3n entre nosotros y cualquier otra persona o entidad, excepto seg\u00fan lo expresamente permitido por este Acuerdo (incluso expresando o implicando que apoyamos, patrocinamos, respaldamos o contribuimos dinero a cualquier organizaci\u00f3n ben\u00e9fica u otra causa).<\/p>\n<p>Puede comprar productos a trav\u00e9s de sus enlaces de afiliados para su propio uso. Dichas compras pueden resultar en nuestra \u00fanica discreci\u00f3n en la retenci\u00f3n de tarifas de referencia y \/ o la terminaci\u00f3n de este acuerdo.<\/p>\n<h2>Calendario de pagos<\/h2>\n<p>Mientras sus ingresos actuales de afiliados hayan terminado <strong>$200 <\/strong>, se te pagar\u00e1 cada mes. Si no has ganado <strong>$200 <\/strong>desde su \u00faltimo pago, pagaremos el siguiente mes despu\u00e9s de que haya cruzado el umbral.<\/p>\n<h2>Definici\u00f3n del cliente<\/h2>\n<p>Los clientes que compren productos a trav\u00e9s de este Programa ser\u00e1n considerados nuestros clientes. De acuerdo con nuestras reglas, pol\u00edticas y procedimientos operativos relacionados con pedidos de clientes, servicio al cliente y ventas de productos, aplicaremos a esos clientes. Podemos cambiar nuestras pol\u00edticas y procedimientos operativos en cualquier momento. Por ejemplo, determinaremos los precios que se cobrar\u00e1n por los productos vendidos bajo este programa. Los precios y la disponibilidad de los productos pueden variar de vez en cuando. Debido a que los cambios de precios pueden afectar los Productos que tiene en su sitio, no debe mostrar los precios de los productos en su sitio. No podremos garantizar la disponibilidad o el precio de ning\u00fan producto en particular.<\/p>\n<h2>Sus responsabilidades<\/h2>\n<p>Usted ser\u00e1 responsable del desarrollo, operaci\u00f3n y mantenimiento de su sitio. Por ejemplo, usted ser\u00e1 el \u00fanico responsable de:<\/p>\n<p>- La operaci\u00f3n t\u00e9cnica de su sitio y todos los equipos relacionados.<br \/>\n- Garantizar la visualizaci\u00f3n de enlaces especiales en su sitio no viola ning\u00fan acuerdo entre terceros (sin limitaciones)<br \/>\n- La precisi\u00f3n, la verdad y la idoneidad de los materiales publicados en su sitio (incluidos, entre otras cosas, todos los materiales relacionados y la informaci\u00f3n que incluye dentro o asociada con enlaces especiales)<br \/>\n- Asegurar que los materiales publicados en su sitio o violar los derechos de terceros (incluidos, por ejemplo, derechos de autor, marcas registradas, privacidad u otros derechos personales o de propiedad)<br \/>\n- Asegurarse de que los materiales publicados en su sitio no sean difamatorios o ilegales<br \/>\n- Asegurarse de que su sitio divulgue de forma precisa y adecuada, ya sea a trav\u00e9s de la pol\u00edtica de privacidad o de otra manera, c\u00f3mo recopilar, usar, almacenar o divulgar datos de los visitantes, incluido, cuando corresponda, qu\u00e9 terceros (incluidos los anunciantes) pueden servir contenido y o anuncios y recopilar informaci\u00f3n de los visitantes y puede colocar o reconocer cookies en los navegadores de los visitantes.<\/p>\n<h2>Cumplimiento de leyes<\/h2>\n<p>Con la ayuda de todas las leyes, reglamentos, reglamentos, \u00f3rdenes, licencias, permisos, sentencias, decisiones u otros requisitos de cualquier autoridad gubernamental que tenga jurisdicci\u00f3n sobre usted, ya sean esas leyes, etc. ahora est\u00e1n vigentes o m\u00e1s tarde como un efecto durante el tiempo que usted es un participante del Programa. Sin limitar la obligaci\u00f3n anterior, la Ley CAN-SPAM de 2003 y todo Otras leyes antispam.<\/p>\n<h2>Vigencia del Acuerdo y Programa<\/h2>\n<p>El t\u00e9rmino de este acuerdo comenzar\u00e1 con la aceptaci\u00f3n de su programa y finalizar\u00e1 cuando cualquiera de las partes lo rescinda. Tanto usted como nosotros podemos rescindir este Acuerdo con o sin causa, mediante notificaci\u00f3n por escrito a la otra parte. Sobre la terminaci\u00f3n de este acuerdo <strong>https:\/\/sendapp.live<\/strong>y, en el contexto de la marca, la marca, la marca de <strong>SendApp<\/strong> se reserva el derecho de finalizar el programa en cualquier momento. Al finalizar el programa, <strong>SendApp<\/strong> pagar\u00e1 las ganancias pendientes acumuladas anteriormente <strong>$200 <\/strong>.<\/p>\n<h2>terminaci\u00f3n<\/h2>\n<p><strong>SendApp<\/strong>, a su exclusivo criterio, tiene el derecho de suspender o cancelar su cuenta y rechazar cualquier uso actual o futuro del Programa, o cualquier otro <strong>SendApp<\/strong> servicio, por cualquier motivo en cualquier momento. Dicha terminaci\u00f3n del servicio dar\u00e1 como resultado la desactivaci\u00f3n de su cuenta o su acceso a su cuenta, y la p\u00e9rdida y la restituci\u00f3n de todas las comisiones potenciales de pago en su cuenta si se obtuvieron de manera fraudulenta, ilegal o m\u00e9todos de ventas o marketing excesivamente agresivos y cuestionables. <strong>SendApp<\/strong> se reserva por cualquier motivo.<\/p>\n<h2>Relaci\u00f3n de partes<\/h2>\n<p>Crear\u00e1 asociaciones independientes, empresas conjuntas, agencias, franquicias, representantes de ventas o relaciones entre las partes. No tendr\u00e1 autoridad para hacer o aceptar ofertas o representaciones en nuestro nombre. No har\u00e1 ninguna declaraci\u00f3n, ya sea en su sitio o de otra manera, que sea razonablemente contradictoria en esta Secci\u00f3n.<\/p>\n<h2>Limitaciones de responsabilidad<\/h2>\n<p>No podremos proporcionarle ninguna informaci\u00f3n sobre dichos da\u00f1os. Adem\u00e1s, nuestra responsabilidad agregada que surge con respecto a este acuerdo es<\/p>\n<h2>renuncias<\/h2>\n<p>Podemos hacer la guerra con nuestro programa (incluidas, entre otras, garant\u00edas de aptitud f\u00edsica, comerciabilidad, no infracci\u00f3n o cualquier garant\u00eda impl\u00edcita que surja de un curso de desempe\u00f1o, trato o uso comercial). Adem\u00e1s, no hacemos ninguna representaci\u00f3n de que el funcionamiento de la <strong>SendApp<\/strong> ser\u00e1 ininterrumpido o sin errores, y no seremos responsables de las consecuencias de interrupciones o errores.<\/p>\n<h2>Investigaci\u00f3n independiente<\/h2>\n<p>USTED RECONOCE QUE HA LE\u00cdDO ESTE ACUERDO Y ACEPTA TODOS SUS T\u00c9RMINOS Y CONDICIONES. USTED ENTIENDE QUE PODEMOS EN CUALQUIER MOMENTO (DIRECTA O INDIRECTAMENTE) LAS REFERENCIAS DE CLIENTES SOLICITADOS EN AQUELLAS PUEDEN SER DIFERENTES DE LAS CONTENIDAS EN ESTE ACUERDO O OPERAR SITIOS WEB SIMILARES O COMPETIR CON SU SITIO WEB. USTED HA EVALUADO INDEPENDIENTEMENTE LA DESEABILIDAD DE PARTICIPAR EN EL PROGRAMA Y NO CONF\u00cdA EN NINGUNA REPRESENTACI\u00d3N, GARANT\u00cdA O DECLARACI\u00d3N QUE NO SEA LO ESTABLECIDO EN ESTE ACUERDO.<\/p>\n<h2>arbitraje<\/h2>\n<p>Cualquier disputa relacionada con este acuerdo, cualquier transacci\u00f3n o actividad bajo este acuerdo, o su extensi\u00f3n a usted, en cualquier tribunal o en cualquier otro tribunal de jurisdicci\u00f3n competente o cualquier otro tribunal de jurisdicci\u00f3n competente . El arbitraje bajo este acuerdo se llevar\u00e1 a cabo bajo las reglas vigentes de la Asociaci\u00f3n Americana de Arbitraje. El laudo del \u00e1rbitro ser\u00e1 vinculante y podr\u00e1 presentarse como sentencia en cualquier tribunal de jurisdicci\u00f3n competente. En toda la extensi\u00f3n de los procedimientos de arbitraje o de otra manera, en virtud de los procedimientos de arbitraje o de otra manera.<\/p>\n<h2>diverso<\/h2>\n<p>Este acuerdo se regir\u00e1 por las leyes de los Estados Unidos, sin referencia a las reglas que rigen la elecci\u00f3n de las leyes. No puede aceptar este acuerdo, por ley o de otro modo, sin nuestro consentimiento previo por escrito. Sujeto a esa restricci\u00f3n, este acuerdo ser\u00e1 vinculante para el beneficio de, y ser\u00e1 ejecutable contra las partes y sus respectivos sucesores y cesionarios. Este es un acuerdo para la provisi\u00f3n del derecho a hacer cumplir dicha disposici\u00f3n o cualquier otra disposici\u00f3n de este Acuerdo.<\/p>\n<p>El fracaso de <strong>SendApp<\/strong> al derecho de proporcionar una exenci\u00f3n de dicho derecho o disposici\u00f3n. Los T\u00e9rminos de Servicio constituyen el acuerdo completo entre usted y <strong>SendApp<\/strong> y reemplazar cualquier acuerdo previo entre usted y <strong>SendApp<\/strong> (incluidas, entre otras, cualquier versi\u00f3n anterior de los T\u00e9rminos de servicio).<\/p>\n\t<\/div>\n<\/div>\n\n\n\n\n\t\t\t<\/div> \n\t\t<\/div>\n\t<\/div> \n\n\t<div  class=\"vc_col-sm-2 wpb_column column_container vc_column_container col no-extra-padding inherit_tablet inherit_phone\"  data-padding-pos=\"all\" data-has-bg-color=\"false\" data-bg-color=\"\" data-bg-opacity=\"1\" data-animation=\"\" data-delay=\"0\" >\n\t\t<div class=\"vc_column-inner\" >\n\t\t\t<div class=\"wpb_wrapper\">\n\t\t\t\t\n\t\t\t<\/div> \n\t\t<\/div>\n\t<\/div> \n<\/div><\/div>","protected":false},"excerpt":{"rendered":"Acuerdo de t\u00e9rminos de servicio del programa de afiliados de SendApp Al registrarse como afiliado en el Programa de afiliados de SendApp (&quot;Programa&quot;), usted acepta estar sujeto a los siguientes t\u00e9rminos...","protected":false},"author":1,"featured_media":0,"parent":0,"menu_order":0,"comment_status":"closed","ping_status":"open","template":"","meta":{"_daim_seo_power":"","_daim_enable_ail":"","footnotes":""},"class_list":["post-2187","page","type-page","status-publish"],"yoast_head":"<!-- This site is optimized with the Yoast SEO Premium plugin v27.3 (Yoast SEO v27.3) - https:\/\/yoast.com\/product\/yoast-seo-premium-wordpress\/ -->\n<title>Terms and Conditions massive message sendings whatsapp- SendApp - Software Whatsapp Marketing<\/title>\n<meta name=\"description\" content=\"Terms and Conditions - sendapp - create massive text, image, video, link message campaign - send to whatsapp contacts and other imported contacts to sendapp\" \/>\n<meta name=\"robots\" content=\"index, follow, max-snippet:-1, max-image-preview:large, max-video-preview:-1\" \/>\n<link rel=\"canonical\" href=\"https:\/\/sendapp.live\/es\/los-terminos-y-condiciones\/\" \/>\n<meta property=\"og:locale\" content=\"es_ES\" \/>\n<meta property=\"og:type\" content=\"article\" \/>\n<meta property=\"og:title\" content=\"Terms and Conditions\" \/>\n<meta property=\"og:description\" content=\"Terms and Conditions - sendapp - create massive text, image, video, link message campaign - send to whatsapp contacts and other imported contacts to sendapp\" \/>\n<meta property=\"og:url\" content=\"https:\/\/sendapp.live\/es\/los-terminos-y-condiciones\/\" \/>\n<meta property=\"og:site_name\" content=\"SendApp - Software Whatsapp Marketing\" \/>\n<meta property=\"article:publisher\" content=\"https:\/\/www.facebook.com\/sendapp.live\" \/>\n<meta property=\"article:modified_time\" content=\"2024-03-26T11:52:59+00:00\" \/>\n<meta name=\"twitter:card\" content=\"summary_large_image\" \/>\n<meta name=\"twitter:site\" content=\"@sendapp_live\" \/>\n<meta name=\"twitter:label1\" content=\"Tiempo de lectura\" \/>\n\t<meta name=\"twitter:data1\" content=\"11 minutos\" \/>\n<script type=\"application\/ld+json\" class=\"yoast-schema-graph\">{\"@context\":\"https:\\\/\\\/schema.org\",\"@graph\":[{\"@type\":\"WebPage\",\"@id\":\"https:\\\/\\\/sendapp.live\\\/en\\\/terms-and-conditions\\\/\",\"url\":\"https:\\\/\\\/sendapp.live\\\/en\\\/terms-and-conditions\\\/\",\"name\":\"Terms and Conditions massive message sendings whatsapp- SendApp - Software Whatsapp Marketing\",\"isPartOf\":{\"@id\":\"https:\\\/\\\/sendapp.live\\\/it\\\/#website\"},\"datePublished\":\"2019-08-29T13:26:34+00:00\",\"dateModified\":\"2024-03-26T11:52:59+00:00\",\"description\":\"Terms and Conditions - sendapp - create massive text, image, video, link message campaign - send to whatsapp contacts and other imported contacts to sendapp\",\"breadcrumb\":{\"@id\":\"https:\\\/\\\/sendapp.live\\\/en\\\/terms-and-conditions\\\/#breadcrumb\"},\"inLanguage\":\"es\",\"potentialAction\":[{\"@type\":\"ReadAction\",\"target\":[\"https:\\\/\\\/sendapp.live\\\/en\\\/terms-and-conditions\\\/\"]}]},{\"@type\":\"BreadcrumbList\",\"@id\":\"https:\\\/\\\/sendapp.live\\\/en\\\/terms-and-conditions\\\/#breadcrumb\",\"itemListElement\":[{\"@type\":\"ListItem\",\"position\":1,\"name\":\"Home\",\"item\":\"https:\\\/\\\/sendapp.live\\\/\"},{\"@type\":\"ListItem\",\"position\":2,\"name\":\"Terms and Conditions\"}]},{\"@type\":\"WebSite\",\"@id\":\"https:\\\/\\\/sendapp.live\\\/it\\\/#website\",\"url\":\"https:\\\/\\\/sendapp.live\\\/it\\\/\",\"name\":\"SendApp\",\"description\":\"Automate Your Messages &amp; Grow Your Business\",\"publisher\":{\"@id\":\"https:\\\/\\\/sendapp.live\\\/it\\\/#organization\"},\"alternateName\":\"SendApp WhatsApp Marketing\",\"potentialAction\":[{\"@type\":\"SearchAction\",\"target\":{\"@type\":\"EntryPoint\",\"urlTemplate\":\"https:\\\/\\\/sendapp.live\\\/it\\\/?s={search_term_string}\"},\"query-input\":{\"@type\":\"PropertyValueSpecification\",\"valueRequired\":true,\"valueName\":\"search_term_string\"}}],\"inLanguage\":\"es\"},{\"@type\":\"Organization\",\"@id\":\"https:\\\/\\\/sendapp.live\\\/it\\\/#organization\",\"name\":\"SendApp\",\"url\":\"https:\\\/\\\/sendapp.live\\\/it\\\/\",\"logo\":{\"@type\":\"ImageObject\",\"inLanguage\":\"es\",\"@id\":\"https:\\\/\\\/sendapp.live\\\/it\\\/#\\\/schema\\\/logo\\\/image\\\/\",\"url\":\"https:\\\/\\\/sendapp.live\\\/wp-content\\\/uploads\\\/2025\\\/04\\\/Logo-Sendapp-300x60-1.png\",\"contentUrl\":\"https:\\\/\\\/sendapp.live\\\/wp-content\\\/uploads\\\/2025\\\/04\\\/Logo-Sendapp-300x60-1.png\",\"width\":300,\"height\":60,\"caption\":\"SendApp\"},\"image\":{\"@id\":\"https:\\\/\\\/sendapp.live\\\/it\\\/#\\\/schema\\\/logo\\\/image\\\/\"},\"sameAs\":[\"https:\\\/\\\/www.facebook.com\\\/sendapp.live\",\"https:\\\/\\\/x.com\\\/sendapp_live\",\"https:\\\/\\\/www.instagram.com\\\/sendapp.live\",\"https:\\\/\\\/www.youtube.com\\\/channel\\\/UC2gaLpi0-OJLG4CFbOr6mLw\",\"https:\\\/\\\/it.trustpilot.com\\\/review\\\/sendapp.live\"],\"description\":\"Piattaforma italiana di WhatsApp Marketing con API ufficiali Meta. Assistente AI, campagne massive, SMS Gateway gratuito, Google Calendar, automazioni. Da \u20ac16\\\/mese senza markup sui messaggi.\",\"email\":\"info@sendapp.live\",\"foundingDate\":\"2016-07-25\"}]}<\/script>\n<!-- \/ Yoast SEO Premium plugin. -->","yoast_head_json":{"title":"T\u00e9rminos y Condiciones env\u00edo masivo de mensajes whatsapp- SendApp - Software Whatsapp Marketing","description":"T\u00e9rminos y condiciones - sendapp - crea texto masivo, imagen, video, campa\u00f1a de mensaje de enlace - env\u00eda a contactos de whatsapp y otros contactos importados a sendapp","robots":{"index":"index","follow":"follow","max-snippet":"max-snippet:-1","max-image-preview":"max-image-preview:large","max-video-preview":"max-video-preview:-1"},"canonical":"https:\/\/sendapp.live\/es\/los-terminos-y-condiciones\/","og_locale":"es_ES","og_type":"article","og_title":"Terms and Conditions","og_description":"Terms and Conditions - sendapp - create massive text, image, video, link message campaign - send to whatsapp contacts and other imported contacts to sendapp","og_url":"https:\/\/sendapp.live\/es\/los-terminos-y-condiciones\/","og_site_name":"SendApp - Software Whatsapp Marketing","article_publisher":"https:\/\/www.facebook.com\/sendapp.live","article_modified_time":"2024-03-26T11:52:59+00:00","twitter_card":"summary_large_image","twitter_site":"@sendapp_live","twitter_misc":{"Tiempo de lectura":"11 minutos"},"schema":{"@context":"https:\/\/schema.org","@graph":[{"@type":"WebPage","@id":"https:\/\/sendapp.live\/en\/terms-and-conditions\/","url":"https:\/\/sendapp.live\/en\/terms-and-conditions\/","name":"T\u00e9rminos y Condiciones env\u00edo masivo de mensajes whatsapp- SendApp - Software Whatsapp Marketing","isPartOf":{"@id":"https:\/\/sendapp.live\/it\/#website"},"datePublished":"2019-08-29T13:26:34+00:00","dateModified":"2024-03-26T11:52:59+00:00","description":"T\u00e9rminos y condiciones - sendapp - crea texto masivo, imagen, video, campa\u00f1a de mensaje de enlace - env\u00eda a contactos de whatsapp y otros contactos importados a sendapp","breadcrumb":{"@id":"https:\/\/sendapp.live\/en\/terms-and-conditions\/#breadcrumb"},"inLanguage":"es","potentialAction":[{"@type":"ReadAction","target":["https:\/\/sendapp.live\/en\/terms-and-conditions\/"]}]},{"@type":"BreadcrumbList","@id":"https:\/\/sendapp.live\/en\/terms-and-conditions\/#breadcrumb","itemListElement":[{"@type":"ListItem","position":1,"name":"Home","item":"https:\/\/sendapp.live\/"},{"@type":"ListItem","position":2,"name":"Terms and Conditions"}]},{"@type":"WebSite","@id":"https:\/\/sendapp.live\/it\/#website","url":"https:\/\/sendapp.live\/it\/","name":"SendApp","description":"Automatice sus mensajes y haga crecer su negocio","publisher":{"@id":"https:\/\/sendapp.live\/it\/#organization"},"alternateName":"SendApp WhatsApp Marketing","potentialAction":[{"@type":"SearchAction","target":{"@type":"EntryPoint","urlTemplate":"https:\/\/sendapp.live\/it\/?s={search_term_string}"},"query-input":{"@type":"PropertyValueSpecification","valueRequired":true,"valueName":"search_term_string"}}],"inLanguage":"es"},{"@type":"Organization","@id":"https:\/\/sendapp.live\/it\/#organization","name":"SendApp","url":"https:\/\/sendapp.live\/it\/","logo":{"@type":"ImageObject","inLanguage":"es","@id":"https:\/\/sendapp.live\/it\/#\/schema\/logo\/image\/","url":"https:\/\/sendapp.live\/wp-content\/uploads\/2025\/04\/Logo-Sendapp-300x60-1.png","contentUrl":"https:\/\/sendapp.live\/wp-content\/uploads\/2025\/04\/Logo-Sendapp-300x60-1.png","width":300,"height":60,"caption":"SendApp"},"image":{"@id":"https:\/\/sendapp.live\/it\/#\/schema\/logo\/image\/"},"sameAs":["https:\/\/www.facebook.com\/sendapp.live","https:\/\/x.com\/sendapp_live","https:\/\/www.instagram.com\/sendapp.live","https:\/\/www.youtube.com\/channel\/UC2gaLpi0-OJLG4CFbOr6mLw","https:\/\/it.trustpilot.com\/review\/sendapp.live"],"description":"Plataforma italiana de marketing por WhatsApp con API Meta oficial. Asistente de IA, campa\u00f1as masivas, pasarela SMS gratuita, Google Calendar, automatizaciones. Desde 16 \u20ac\/mes sin recargo por mensaje.","email":"info@sendapp.live","foundingDate":"2016-07-25"}]}},"_links":{"self":[{"href":"https:\/\/sendapp.live\/es\/wp-json\/wp\/v2\/pages\/2187","targetHints":{"allow":["GET"]}}],"collection":[{"href":"https:\/\/sendapp.live\/es\/wp-json\/wp\/v2\/pages"}],"about":[{"href":"https:\/\/sendapp.live\/es\/wp-json\/wp\/v2\/types\/page"}],"author":[{"embeddable":true,"href":"https:\/\/sendapp.live\/es\/wp-json\/wp\/v2\/users\/1"}],"replies":[{"embeddable":true,"href":"https:\/\/sendapp.live\/es\/wp-json\/wp\/v2\/comments?post=2187"}],"version-history":[{"count":2,"href":"https:\/\/sendapp.live\/es\/wp-json\/wp\/v2\/pages\/2187\/revisions"}],"predecessor-version":[{"id":29152,"href":"https:\/\/sendapp.live\/es\/wp-json\/wp\/v2\/pages\/2187\/revisions\/29152"}],"wp:attachment":[{"href":"https:\/\/sendapp.live\/es\/wp-json\/wp\/v2\/media?parent=2187"}],"curies":[{"name":"wp","href":"https:\/\/api.w.org\/{rel}","templated":true}]}}