{"id":24067,"date":"2022-11-03T10:17:29","date_gmt":"2022-11-03T09:17:29","guid":{"rendered":"https:\/\/sendapp.live\/?page_id=24067"},"modified":"2025-01-21T23:21:54","modified_gmt":"2025-01-21T22:21:54","slug":"mejor-wordpress-whatsapp-mensajeria-sms-y-complemento-de-notificacion","status":"publish","type":"page","link":"https:\/\/sendapp.live\/es\/best-wordpress-whatsapp-sms-messagging-and-notification-plugin\/","title":{"rendered":"El mejor complemento de mensajer\u00eda y notificaci\u00f3n de Whatsapp-SMS de WordPress"},"content":{"rendered":"<div id=\"fws_69d6a4a952b99\"  data-column-margin=\"default\" data-midnight=\"dark\"  class=\"wpb_row vc_row-fluid vc_row  top_margin_5pct\"  style=\"padding-top: 0px; padding-bottom: 0px; \"><div class=\"row-bg-wrap\" data-bg-animation=\"none\" data-bg-animation-delay=\"\" data-bg-overlay=\"false\"><div class=\"inner-wrap row-bg-layer\" ><div class=\"row-bg viewport-desktop\"  style=\"\"><\/div><\/div><\/div><div class=\"row_col_wrap_12 col span_12 dark left\">\n\t<div  class=\"vc_col-sm-2\/5 wpb_column column_container vc_column_container col no-extra-padding inherit_tablet inherit_phone\"  data-padding-pos=\"top\" data-has-bg-color=\"false\" data-bg-color=\"\" data-bg-opacity=\"1\" data-animation=\"\" data-delay=\"0\" >\n\t\t<div class=\"vc_column-inner\" >\n\t\t\t<div class=\"wpb_wrapper\">\n\t\t\t\t<div class=\"img-with-aniamtion-wrap\" data-max-width=\"100%\" data-max-width-mobile=\"default\" data-shadow=\"none\" data-animation=\"fade-in\" >\n      <div class=\"inner\">\n        <div class=\"hover-wrap\"> \n          <div class=\"hover-wrap-inner\">\n            <img loading=\"lazy\" decoding=\"async\" class=\"img-with-animation skip-lazy\" data-delay=\"0\" height=\"910\" width=\"854\" data-animation=\"fade-in\" src=\"https:\/\/sendapp.live\/wp-content\/uploads\/2022\/03\/whatsapp-notification.jpg\" alt=\"\" srcset=\"https:\/\/sendapp.live\/wp-content\/uploads\/2022\/03\/whatsapp-notification.jpg 854w, https:\/\/sendapp.live\/wp-content\/uploads\/2022\/03\/whatsapp-notification-282x300.jpg 282w, https:\/\/sendapp.live\/wp-content\/uploads\/2022\/03\/whatsapp-notification-768x818.jpg 768w, https:\/\/sendapp.live\/wp-content\/uploads\/2022\/03\/whatsapp-notification-11x12.jpg 11w, https:\/\/sendapp.live\/wp-content\/uploads\/2022\/03\/whatsapp-notification-600x639.jpg 600w\" sizes=\"auto, (max-width: 854px) 100vw, 854px\" \/>\n          <\/div>\n        <\/div>\n      <\/div>\n    <\/div>\n\t\t\t<\/div> \n\t\t<\/div>\n\t<\/div> \n\n\t<div  class=\"vc_col-sm-3\/5 wpb_column column_container vc_column_container col no-extra-padding inherit_tablet inherit_phone\"  data-padding-pos=\"all\" data-has-bg-color=\"false\" data-bg-color=\"\" data-bg-opacity=\"1\" data-animation=\"\" data-delay=\"0\" >\n\t\t<div class=\"vc_column-inner\" >\n\t\t\t<div class=\"wpb_wrapper\">\n\t\t\t\t\n<div class=\"wpb_text_column wpb_content_element\" >\n\t<div class=\"wpb_wrapper\">\n\t\t<h2><span style=\"color: #008000;\">El mejor complemento de notificaci\u00f3n y mensajer\u00eda SMS de WordPress Whatsapp<\/span><\/h2>\n\t<\/div>\n<\/div>\n\n\n\n\n<div class=\"wpb_text_column wpb_content_element\" >\n\t<div class=\"wpb_wrapper\">\n\t\t<h3>Enviar mensajes de recuperaci\u00f3n de carritos abandonados<br \/>\nNotificaciones de pedidos v\u00eda WhatsApp\/SMS para aumentar<br \/>\ninteracci\u00f3n con sus clientes a trav\u00e9s de<br \/>\nnuestra integraci\u00f3n gratuita de WooCommerce.<\/h3>\n\t<\/div>\n<\/div>\n\n\n\n<a class=\"nectar-button jumbo regular accent-color  regular-button\"  role=\"button\" style=\"margin-top: 30px; \" target=\"_blank\" href=\"https:\/\/wordpress.org\/plugins\/wp-sms\/\" data-color-override=\"false\" data-hover-color-override=\"false\" data-hover-text-color-override=\"#fff\"><span>Descargar ahora<\/span><\/a>\n\t\t\t<\/div> \n\t\t<\/div>\n\t<\/div> \n<\/div><\/div>\n\t\t<div id=\"fws_69d6a4a9536a3\"  data-column-margin=\"default\" data-midnight=\"dark\"  class=\"wpb_row vc_row-fluid vc_row full-width-section\"  style=\"padding-top: 0px; padding-bottom: 100px; \"><div class=\"row-bg-wrap\" data-bg-animation=\"none\" data-bg-animation-delay=\"\" data-bg-overlay=\"false\"><div class=\"inner-wrap row-bg-layer\" ><div class=\"row-bg viewport-desktop using-bg-color\"  style=\"background-color: #ffffff; \"><\/div><\/div><\/div><div class=\"row_col_wrap_12 col span_12 dark left\">\n\t<div  class=\"vc_col-sm-12 wpb_column column_container vc_column_container col no-extra-padding inherit_tablet inherit_phone\"  data-padding-pos=\"all\" data-has-bg-color=\"false\" data-bg-color=\"\" data-bg-opacity=\"1\" data-animation=\"\" data-delay=\"0\" >\n\t\t<div class=\"vc_column-inner\" >\n\t\t\t<div class=\"wpb_wrapper\">\n\t\t\t\t<div class=\"nectar-gradient-text\" data-direction=\"horizontal\" data-color=\"extra-color-gradient-1\" style=\"margin-top: 90px; margin-bottom: 0px; \"><h2>Instrucciones de uso SendApp Plugin WordPress Woocommerce<\/h2><\/div><div class=\"toggles\" data-br=\"\" data-starting=\"default\" data-style=\"minimal\"><div class=\"toggle default\" data-inner-wrap=\"true\"><h3 class=\"toggle-title\"><a href=\"#\" role=\"button\" class=\"toggle-heading\"><i role=\"presentation\" class=\"fa fa-plus-circle\"><\/i>Instalar y activar el complemento wp-sms<\/a><\/h3><div><div class=\"inner-toggle-wrap\">\n<div class=\"wpb_text_column wpb_content_element\" >\n\t<div class=\"wpb_wrapper\">\n\t\t<h4>Desde el panel de administraci\u00f3n de WordPress (\/ wp-admin)<\/h4>\n<ol>\n<li>Complemento \/ Agregar nuevo<\/li>\n<li>En el campo de b\u00fasqueda escriba WP-SMS y aparecer\u00e1 en la b\u00fasqueda WP SMS - Mensajer\u00eda y Notificaci\u00f3n SMS para WordPress, WooCommerce\u201d.<\/li>\n<li>Haga clic en Instalar ahora y WordPress har\u00e1 su magia e instalar\u00e1 el complemento.<\/li>\n<li>Una vez completada la instalaci\u00f3n, active el complemento.<\/li>\n<\/ol>\n<p>&nbsp;<\/p>\n<p><img loading=\"lazy\" decoding=\"async\" class=\"aligncenter wp-image-24072 size-large\" src=\"https:\/\/sendapp.live\/wp-content\/uploads\/2022\/11\/wp-sms-whatsapp-1-1-1024x622.jpg\" alt=\"\" width=\"1024\" height=\"622\" srcset=\"https:\/\/sendapp.live\/wp-content\/uploads\/2022\/11\/wp-sms-whatsapp-1-1-1024x622.jpg 1024w, https:\/\/sendapp.live\/wp-content\/uploads\/2022\/11\/wp-sms-whatsapp-1-1-300x182.jpg 300w, https:\/\/sendapp.live\/wp-content\/uploads\/2022\/11\/wp-sms-whatsapp-1-1-768x466.jpg 768w, https:\/\/sendapp.live\/wp-content\/uploads\/2022\/11\/wp-sms-whatsapp-1-1-1536x933.jpg 1536w, https:\/\/sendapp.live\/wp-content\/uploads\/2022\/11\/wp-sms-whatsapp-1-1-18x12.jpg 18w, https:\/\/sendapp.live\/wp-content\/uploads\/2022\/11\/wp-sms-whatsapp-1-1-600x364.jpg 600w, https:\/\/sendapp.live\/wp-content\/uploads\/2022\/11\/wp-sms-whatsapp-1-1.jpg 1625w\" sizes=\"auto, (max-width: 1024px) 100vw, 1024px\" \/><\/p>\n\t<\/div>\n<\/div>\n\n\n\n<\/div><\/div><\/div><div class=\"toggle default\" data-inner-wrap=\"true\"><h3 class=\"toggle-title\"><a href=\"#\" role=\"button\" class=\"toggle-heading\"><i role=\"presentation\" class=\"fa fa-plus-circle\"><\/i>Ajuste<\/a><\/h3><div><div class=\"inner-toggle-wrap\">\n<div class=\"wpb_text_column wpb_content_element\" >\n\t<div class=\"wpb_wrapper\">\n\t\t<p>Nuestro objetivo es proporcionar la m\u00e1xima funcionalidad posible para que usted, como propietario del sitio, pueda configurar el complemento de la manera deseada y todo esto manteniendo la interfaz f\u00e1cil de entender. Pero siempre es bueno saber todas las opciones.<br \/>\nEl complemento se divide en tres secciones principales.<strong>.<\/strong><\/p>\n<p>&nbsp;<\/p>\n<p><strong>Ajuste<br \/>\n<\/strong>De esta manera, podr\u00e1 configurar la API y la puerta de enlace de Sendapp que desea utilizar para enviar mensajes de WhatsApp o SMS.<\/p>\n<h4><img loading=\"lazy\" decoding=\"async\" class=\"aligncenter wp-image-24074 size-large\" src=\"https:\/\/sendapp.live\/wp-content\/uploads\/2022\/11\/wp-sms-whatsapp-2-1024x622.jpg\" alt=\"\" width=\"1024\" height=\"622\" srcset=\"https:\/\/sendapp.live\/wp-content\/uploads\/2022\/11\/wp-sms-whatsapp-2-1024x622.jpg 1024w, https:\/\/sendapp.live\/wp-content\/uploads\/2022\/11\/wp-sms-whatsapp-2-300x182.jpg 300w, https:\/\/sendapp.live\/wp-content\/uploads\/2022\/11\/wp-sms-whatsapp-2-768x466.jpg 768w, https:\/\/sendapp.live\/wp-content\/uploads\/2022\/11\/wp-sms-whatsapp-2-1536x933.jpg 1536w, https:\/\/sendapp.live\/wp-content\/uploads\/2022\/11\/wp-sms-whatsapp-2-18x12.jpg 18w, https:\/\/sendapp.live\/wp-content\/uploads\/2022\/11\/wp-sms-whatsapp-2-600x364.jpg 600w, https:\/\/sendapp.live\/wp-content\/uploads\/2022\/11\/wp-sms-whatsapp-2.jpg 1625w\" sizes=\"auto, (max-width: 1024px) 100vw, 1024px\" \/><\/h4>\n<p>&nbsp;<\/p>\n<p><strong>API de Sendapp Cloud<br \/>\n<\/strong>si tienes el <a href=\"https:\/\/app.sendapp.cloud\" target=\"_blank\" rel=\"noopener\">https:\/\/app.sendapp.cloud<\/a> puede crear una instancia con su cuenta de whatsapp personal multisesi\u00f3n o multisesi\u00f3n empresarial<br \/>\nDespu\u00e9s de crear la instancia, puede copiar su token de acceso y el ID de instancia para pegarlos en su complemento de notificaciones Sendapp de WordPress.<\/p>\n<p><img loading=\"lazy\" decoding=\"async\" class=\"alignnone wp-image-25571 size-full\" src=\"https:\/\/sendapp.live\/wp-content\/uploads\/2023\/06\/istanza3.jpg\" alt=\"\" width=\"1680\" height=\"897\" srcset=\"https:\/\/sendapp.live\/wp-content\/uploads\/2023\/06\/istanza3.jpg 1680w, https:\/\/sendapp.live\/wp-content\/uploads\/2023\/06\/istanza3-300x160.jpg 300w, https:\/\/sendapp.live\/wp-content\/uploads\/2023\/06\/istanza3-1024x547.jpg 1024w, https:\/\/sendapp.live\/wp-content\/uploads\/2023\/06\/istanza3-768x410.jpg 768w, https:\/\/sendapp.live\/wp-content\/uploads\/2023\/06\/istanza3-1536x820.jpg 1536w, https:\/\/sendapp.live\/wp-content\/uploads\/2023\/06\/istanza3-18x10.jpg 18w, https:\/\/sendapp.live\/wp-content\/uploads\/2023\/06\/istanza3-600x320.jpg 600w\" sizes=\"auto, (max-width: 1680px) 100vw, 1680px\" \/><\/p>\n<p>&nbsp;<\/p>\n<p><strong>API de SMS de Sendapp<br \/>\n<\/strong>si tienes el <a href=\"https:\/\/sms.sendapp.live\" target=\"_blank\" rel=\"noopener\">https:\/\/sms.sendapp.live<\/a> puede acceder a su CLAVE API para copiarla y pegarla en su complemento de WordPress<\/p>\n<p><img loading=\"lazy\" decoding=\"async\" class=\"size-large wp-image-22768 aligncenter\" src=\"https:\/\/sendapp.live\/wp-content\/uploads\/2022\/03\/sendapp-sms-api-key-1024x593.png\" alt=\"\" width=\"1024\" height=\"593\" srcset=\"https:\/\/sendapp.live\/wp-content\/uploads\/2022\/03\/sendapp-sms-api-key-1024x593.png 1024w, https:\/\/sendapp.live\/wp-content\/uploads\/2022\/03\/sendapp-sms-api-key-300x174.png 300w, https:\/\/sendapp.live\/wp-content\/uploads\/2022\/03\/sendapp-sms-api-key-768x445.png 768w, https:\/\/sendapp.live\/wp-content\/uploads\/2022\/03\/sendapp-sms-api-key-18x10.png 18w, https:\/\/sendapp.live\/wp-content\/uploads\/2022\/03\/sendapp-sms-api-key-600x348.png 600w, https:\/\/sendapp.live\/wp-content\/uploads\/2022\/03\/sendapp-sms-api-key.png 1357w\" sizes=\"auto, (max-width: 1024px) 100vw, 1024px\" \/><\/p>\n\t<\/div>\n<\/div>\n\n\n\n<\/div><\/div><\/div><div class=\"toggle default\" data-inner-wrap=\"true\"><h3 class=\"toggle-title\"><a href=\"#\" role=\"button\" class=\"toggle-heading\"><i role=\"presentation\" class=\"fa fa-plus-circle\"><\/i>Configurar mensajes de notificaci\u00f3n<\/a><\/h3><div><div class=\"inner-toggle-wrap\">\n<div class=\"wpb_text_column wpb_content_element\" >\n\t<div class=\"wpb_wrapper\">\n\t\t<h4><strong>Configuraci\u00f3n de mensajes\u00a0<\/strong><\/h4>\n<p>En esta sesi\u00f3n puedes activar y personalizar los mensajes de notificaci\u00f3n que quieres enviar a tus clientes.<\/p>\n<p><img loading=\"lazy\" decoding=\"async\" class=\"aligncenter wp-image-24076 size-full\" src=\"https:\/\/sendapp.live\/wp-content\/uploads\/2022\/11\/wp-sms-whatsapp-3.jpg\" alt=\"\" width=\"1625\" height=\"987\" srcset=\"https:\/\/sendapp.live\/wp-content\/uploads\/2022\/11\/wp-sms-whatsapp-3.jpg 1625w, https:\/\/sendapp.live\/wp-content\/uploads\/2022\/11\/wp-sms-whatsapp-3-300x182.jpg 300w, https:\/\/sendapp.live\/wp-content\/uploads\/2022\/11\/wp-sms-whatsapp-3-1024x622.jpg 1024w, https:\/\/sendapp.live\/wp-content\/uploads\/2022\/11\/wp-sms-whatsapp-3-768x466.jpg 768w, https:\/\/sendapp.live\/wp-content\/uploads\/2022\/11\/wp-sms-whatsapp-3-1536x933.jpg 1536w, https:\/\/sendapp.live\/wp-content\/uploads\/2022\/11\/wp-sms-whatsapp-3-18x12.jpg 18w, https:\/\/sendapp.live\/wp-content\/uploads\/2022\/11\/wp-sms-whatsapp-3-600x364.jpg 600w\" sizes=\"auto, (max-width: 1625px) 100vw, 1625px\" \/><\/p>\n\t<\/div>\n<\/div>\n\n\n\n<\/div><\/div><\/div><\/div>\n\n\n\n\n\n\n\n\n\n\n\n\n\n\n\n\n\n\n\n\n\t\t\t<\/div> \n\t\t<\/div>\n\t<\/div> \n<\/div><\/div>","protected":false},"excerpt":{"rendered":"El mejor complemento de mensajer\u00eda y notificaciones SMS de Whatsapp para WordPress Env\u00ede mensajes de recuperaci\u00f3n de carritos abandonados Solicite notificaciones a trav\u00e9s de WhatsApp\/SMS para aumentar el compromiso con sus clientes a trav\u00e9s de...","protected":false},"author":1,"featured_media":0,"parent":0,"menu_order":0,"comment_status":"closed","ping_status":"closed","template":"","meta":{"_daim_seo_power":"1000","_daim_enable_ail":"1","footnotes":""},"class_list":["post-24067","page","type-page","status-publish"],"yoast_head":"<!-- This site is optimized with the Yoast SEO Premium plugin v27.3 (Yoast SEO v27.3) - https:\/\/yoast.com\/product\/yoast-seo-premium-wordpress\/ -->\n<title>Best WordPress Whatsapp-SMS Messagging and Notification Plugin - SendApp - Software Whatsapp Marketing<\/title>\n<meta name=\"robots\" content=\"index, follow, max-snippet:-1, max-image-preview:large, max-video-preview:-1\" \/>\n<link rel=\"canonical\" href=\"https:\/\/sendapp.live\/es\/mejor-wordpress-whatsapp-mensajeria-sms-y-complemento-de-notificacion\/\" \/>\n<meta property=\"og:locale\" content=\"es_ES\" \/>\n<meta property=\"og:type\" content=\"article\" \/>\n<meta property=\"og:title\" content=\"Best WordPress Whatsapp-SMS Messagging and Notification Plugin\" \/>\n<meta property=\"og:url\" content=\"https:\/\/sendapp.live\/es\/mejor-wordpress-whatsapp-mensajeria-sms-y-complemento-de-notificacion\/\" \/>\n<meta property=\"og:site_name\" content=\"SendApp - Software Whatsapp Marketing\" \/>\n<meta property=\"article:publisher\" content=\"https:\/\/www.facebook.com\/sendapp.live\" \/>\n<meta property=\"article:modified_time\" content=\"2025-01-21T22:21:54+00:00\" \/>\n<meta property=\"og:image\" content=\"https:\/\/sendapp.live\/wp-content\/uploads\/2022\/11\/wp-sms-whatsapp-1-1-1024x622.jpg\" \/>\n<meta name=\"twitter:card\" content=\"summary_large_image\" \/>\n<meta name=\"twitter:site\" content=\"@sendapp_live\" \/>\n<meta name=\"twitter:label1\" content=\"Tiempo de lectura\" \/>\n\t<meta name=\"twitter:data1\" content=\"3 minutos\" \/>\n<script type=\"application\/ld+json\" class=\"yoast-schema-graph\">{\"@context\":\"https:\\\/\\\/schema.org\",\"@graph\":[{\"@type\":\"WebPage\",\"@id\":\"https:\\\/\\\/sendapp.live\\\/en\\\/best-wordpress-whatsapp-sms-messagging-and-notification-plugin\\\/\",\"url\":\"https:\\\/\\\/sendapp.live\\\/en\\\/best-wordpress-whatsapp-sms-messagging-and-notification-plugin\\\/\",\"name\":\"Best WordPress Whatsapp-SMS Messagging and Notification Plugin - SendApp - Software Whatsapp Marketing\",\"isPartOf\":{\"@id\":\"https:\\\/\\\/sendapp.live\\\/it\\\/#website\"},\"primaryImageOfPage\":{\"@id\":\"https:\\\/\\\/sendapp.live\\\/en\\\/best-wordpress-whatsapp-sms-messagging-and-notification-plugin\\\/#primaryimage\"},\"image\":{\"@id\":\"https:\\\/\\\/sendapp.live\\\/en\\\/best-wordpress-whatsapp-sms-messagging-and-notification-plugin\\\/#primaryimage\"},\"thumbnailUrl\":\"https:\\\/\\\/sendapp.live\\\/wp-content\\\/uploads\\\/2022\\\/11\\\/wp-sms-whatsapp-1-1-1024x622.jpg\",\"datePublished\":\"2022-11-03T09:17:29+00:00\",\"dateModified\":\"2025-01-21T22:21:54+00:00\",\"breadcrumb\":{\"@id\":\"https:\\\/\\\/sendapp.live\\\/en\\\/best-wordpress-whatsapp-sms-messagging-and-notification-plugin\\\/#breadcrumb\"},\"inLanguage\":\"es\",\"potentialAction\":[{\"@type\":\"ReadAction\",\"target\":[\"https:\\\/\\\/sendapp.live\\\/en\\\/best-wordpress-whatsapp-sms-messagging-and-notification-plugin\\\/\"]}]},{\"@type\":\"ImageObject\",\"inLanguage\":\"es\",\"@id\":\"https:\\\/\\\/sendapp.live\\\/en\\\/best-wordpress-whatsapp-sms-messagging-and-notification-plugin\\\/#primaryimage\",\"url\":\"https:\\\/\\\/sendapp.live\\\/wp-content\\\/uploads\\\/2022\\\/11\\\/wp-sms-whatsapp-1-1-1024x622.jpg\",\"contentUrl\":\"https:\\\/\\\/sendapp.live\\\/wp-content\\\/uploads\\\/2022\\\/11\\\/wp-sms-whatsapp-1-1-1024x622.jpg\"},{\"@type\":\"BreadcrumbList\",\"@id\":\"https:\\\/\\\/sendapp.live\\\/en\\\/best-wordpress-whatsapp-sms-messagging-and-notification-plugin\\\/#breadcrumb\",\"itemListElement\":[{\"@type\":\"ListItem\",\"position\":1,\"name\":\"Home\",\"item\":\"https:\\\/\\\/sendapp.live\\\/\"},{\"@type\":\"ListItem\",\"position\":2,\"name\":\"Best WordPress Whatsapp-SMS Messagging and Notification Plugin\"}]},{\"@type\":\"WebSite\",\"@id\":\"https:\\\/\\\/sendapp.live\\\/it\\\/#website\",\"url\":\"https:\\\/\\\/sendapp.live\\\/it\\\/\",\"name\":\"SendApp\",\"description\":\"Automate Your Messages &amp; Grow Your Business\",\"publisher\":{\"@id\":\"https:\\\/\\\/sendapp.live\\\/it\\\/#organization\"},\"alternateName\":\"SendApp WhatsApp Marketing\",\"potentialAction\":[{\"@type\":\"SearchAction\",\"target\":{\"@type\":\"EntryPoint\",\"urlTemplate\":\"https:\\\/\\\/sendapp.live\\\/it\\\/?s={search_term_string}\"},\"query-input\":{\"@type\":\"PropertyValueSpecification\",\"valueRequired\":true,\"valueName\":\"search_term_string\"}}],\"inLanguage\":\"es\"},{\"@type\":\"Organization\",\"@id\":\"https:\\\/\\\/sendapp.live\\\/it\\\/#organization\",\"name\":\"SendApp\",\"url\":\"https:\\\/\\\/sendapp.live\\\/it\\\/\",\"logo\":{\"@type\":\"ImageObject\",\"inLanguage\":\"es\",\"@id\":\"https:\\\/\\\/sendapp.live\\\/it\\\/#\\\/schema\\\/logo\\\/image\\\/\",\"url\":\"https:\\\/\\\/sendapp.live\\\/wp-content\\\/uploads\\\/2025\\\/04\\\/Logo-Sendapp-300x60-1.png\",\"contentUrl\":\"https:\\\/\\\/sendapp.live\\\/wp-content\\\/uploads\\\/2025\\\/04\\\/Logo-Sendapp-300x60-1.png\",\"width\":300,\"height\":60,\"caption\":\"SendApp\"},\"image\":{\"@id\":\"https:\\\/\\\/sendapp.live\\\/it\\\/#\\\/schema\\\/logo\\\/image\\\/\"},\"sameAs\":[\"https:\\\/\\\/www.facebook.com\\\/sendapp.live\",\"https:\\\/\\\/x.com\\\/sendapp_live\",\"https:\\\/\\\/www.instagram.com\\\/sendapp.live\",\"https:\\\/\\\/www.youtube.com\\\/channel\\\/UC2gaLpi0-OJLG4CFbOr6mLw\",\"https:\\\/\\\/it.trustpilot.com\\\/review\\\/sendapp.live\"],\"description\":\"Piattaforma italiana di WhatsApp Marketing con API ufficiali Meta. Assistente AI, campagne massive, SMS Gateway gratuito, Google Calendar, automazioni. Da \u20ac16\\\/mese senza markup sui messaggi.\",\"email\":\"info@sendapp.live\",\"foundingDate\":\"2016-07-25\"}]}<\/script>\n<!-- \/ Yoast SEO Premium plugin. -->","yoast_head_json":{"title":"El mejor complemento de notificaci\u00f3n y mensajer\u00eda SMS para Whatsapp de WordPress - SendApp - Software de marketing para Whatsapp","robots":{"index":"index","follow":"follow","max-snippet":"max-snippet:-1","max-image-preview":"max-image-preview:large","max-video-preview":"max-video-preview:-1"},"canonical":"https:\/\/sendapp.live\/es\/mejor-wordpress-whatsapp-mensajeria-sms-y-complemento-de-notificacion\/","og_locale":"es_ES","og_type":"article","og_title":"Best WordPress Whatsapp-SMS Messagging and Notification Plugin","og_url":"https:\/\/sendapp.live\/es\/mejor-wordpress-whatsapp-mensajeria-sms-y-complemento-de-notificacion\/","og_site_name":"SendApp - Software Whatsapp Marketing","article_publisher":"https:\/\/www.facebook.com\/sendapp.live","article_modified_time":"2025-01-21T22:21:54+00:00","og_image":[{"url":"https:\/\/sendapp.live\/wp-content\/uploads\/2022\/11\/wp-sms-whatsapp-1-1-1024x622.jpg","type":"","width":"","height":""}],"twitter_card":"summary_large_image","twitter_site":"@sendapp_live","twitter_misc":{"Tiempo de lectura":"3 minutos"},"schema":{"@context":"https:\/\/schema.org","@graph":[{"@type":"WebPage","@id":"https:\/\/sendapp.live\/en\/best-wordpress-whatsapp-sms-messagging-and-notification-plugin\/","url":"https:\/\/sendapp.live\/en\/best-wordpress-whatsapp-sms-messagging-and-notification-plugin\/","name":"El mejor complemento de notificaci\u00f3n y mensajer\u00eda SMS para Whatsapp de WordPress - SendApp - Software de marketing para Whatsapp","isPartOf":{"@id":"https:\/\/sendapp.live\/it\/#website"},"primaryImageOfPage":{"@id":"https:\/\/sendapp.live\/en\/best-wordpress-whatsapp-sms-messagging-and-notification-plugin\/#primaryimage"},"image":{"@id":"https:\/\/sendapp.live\/en\/best-wordpress-whatsapp-sms-messagging-and-notification-plugin\/#primaryimage"},"thumbnailUrl":"https:\/\/sendapp.live\/wp-content\/uploads\/2022\/11\/wp-sms-whatsapp-1-1-1024x622.jpg","datePublished":"2022-11-03T09:17:29+00:00","dateModified":"2025-01-21T22:21:54+00:00","breadcrumb":{"@id":"https:\/\/sendapp.live\/en\/best-wordpress-whatsapp-sms-messagging-and-notification-plugin\/#breadcrumb"},"inLanguage":"es","potentialAction":[{"@type":"ReadAction","target":["https:\/\/sendapp.live\/en\/best-wordpress-whatsapp-sms-messagging-and-notification-plugin\/"]}]},{"@type":"ImageObject","inLanguage":"es","@id":"https:\/\/sendapp.live\/en\/best-wordpress-whatsapp-sms-messagging-and-notification-plugin\/#primaryimage","url":"https:\/\/sendapp.live\/wp-content\/uploads\/2022\/11\/wp-sms-whatsapp-1-1-1024x622.jpg","contentUrl":"https:\/\/sendapp.live\/wp-content\/uploads\/2022\/11\/wp-sms-whatsapp-1-1-1024x622.jpg"},{"@type":"BreadcrumbList","@id":"https:\/\/sendapp.live\/en\/best-wordpress-whatsapp-sms-messagging-and-notification-plugin\/#breadcrumb","itemListElement":[{"@type":"ListItem","position":1,"name":"Home","item":"https:\/\/sendapp.live\/"},{"@type":"ListItem","position":2,"name":"Best WordPress Whatsapp-SMS Messagging and Notification Plugin"}]},{"@type":"WebSite","@id":"https:\/\/sendapp.live\/it\/#website","url":"https:\/\/sendapp.live\/it\/","name":"SendApp","description":"Automatice sus mensajes y haga crecer su negocio","publisher":{"@id":"https:\/\/sendapp.live\/it\/#organization"},"alternateName":"SendApp WhatsApp Marketing","potentialAction":[{"@type":"SearchAction","target":{"@type":"EntryPoint","urlTemplate":"https:\/\/sendapp.live\/it\/?s={search_term_string}"},"query-input":{"@type":"PropertyValueSpecification","valueRequired":true,"valueName":"search_term_string"}}],"inLanguage":"es"},{"@type":"Organization","@id":"https:\/\/sendapp.live\/it\/#organization","name":"SendApp","url":"https:\/\/sendapp.live\/it\/","logo":{"@type":"ImageObject","inLanguage":"es","@id":"https:\/\/sendapp.live\/it\/#\/schema\/logo\/image\/","url":"https:\/\/sendapp.live\/wp-content\/uploads\/2025\/04\/Logo-Sendapp-300x60-1.png","contentUrl":"https:\/\/sendapp.live\/wp-content\/uploads\/2025\/04\/Logo-Sendapp-300x60-1.png","width":300,"height":60,"caption":"SendApp"},"image":{"@id":"https:\/\/sendapp.live\/it\/#\/schema\/logo\/image\/"},"sameAs":["https:\/\/www.facebook.com\/sendapp.live","https:\/\/x.com\/sendapp_live","https:\/\/www.instagram.com\/sendapp.live","https:\/\/www.youtube.com\/channel\/UC2gaLpi0-OJLG4CFbOr6mLw","https:\/\/it.trustpilot.com\/review\/sendapp.live"],"description":"Plataforma italiana de marketing por WhatsApp con API Meta oficial. Asistente de IA, campa\u00f1as masivas, pasarela SMS gratuita, Google Calendar, automatizaciones. Desde 16 \u20ac\/mes sin recargo por mensaje.","email":"info@sendapp.live","foundingDate":"2016-07-25"}]}},"_links":{"self":[{"href":"https:\/\/sendapp.live\/es\/wp-json\/wp\/v2\/pages\/24067","targetHints":{"allow":["GET"]}}],"collection":[{"href":"https:\/\/sendapp.live\/es\/wp-json\/wp\/v2\/pages"}],"about":[{"href":"https:\/\/sendapp.live\/es\/wp-json\/wp\/v2\/types\/page"}],"author":[{"embeddable":true,"href":"https:\/\/sendapp.live\/es\/wp-json\/wp\/v2\/users\/1"}],"replies":[{"embeddable":true,"href":"https:\/\/sendapp.live\/es\/wp-json\/wp\/v2\/comments?post=24067"}],"version-history":[{"count":3,"href":"https:\/\/sendapp.live\/es\/wp-json\/wp\/v2\/pages\/24067\/revisions"}],"predecessor-version":[{"id":33866,"href":"https:\/\/sendapp.live\/es\/wp-json\/wp\/v2\/pages\/24067\/revisions\/33866"}],"wp:attachment":[{"href":"https:\/\/sendapp.live\/es\/wp-json\/wp\/v2\/media?parent=24067"}],"curies":[{"name":"wp","href":"https:\/\/api.w.org\/{rel}","templated":true}]}}