{"id":24372,"date":"2022-11-17T19:34:20","date_gmt":"2022-11-17T18:34:20","guid":{"rendered":"https:\/\/sendapp.live\/?page_id=24372"},"modified":"2025-01-22T00:06:13","modified_gmt":"2025-01-21T23:06:13","slug":"borrar-la-cache-del-escritorio-de-sendapp","status":"publish","type":"page","link":"https:\/\/sendapp.live\/es\/cancellare-la-cache-di-sendapp-desktop\/","title":{"rendered":"Borrar la cach\u00e9 de SendApp Desktop"},"content":{"rendered":"<div id=\"fws_69decc3014704\"  data-column-margin=\"default\" data-midnight=\"dark\"  class=\"wpb_row vc_row-fluid vc_row\"  style=\"padding-top: 0px; padding-bottom: 0px; \"><div class=\"row-bg-wrap\" data-bg-animation=\"none\" data-bg-animation-delay=\"\" data-bg-overlay=\"false\"><div class=\"inner-wrap row-bg-layer\" ><div class=\"row-bg viewport-desktop\"  style=\"\"><\/div><\/div><\/div><div class=\"row_col_wrap_12 col span_12 dark left\">\n\t<div  class=\"vc_col-sm-6 wpb_column column_container vc_column_container col no-extra-padding inherit_tablet inherit_phone\"  data-padding-pos=\"all\" data-has-bg-color=\"false\" data-bg-color=\"\" data-bg-opacity=\"1\" data-animation=\"\" data-delay=\"0\" >\n\t\t<div class=\"vc_column-inner\" >\n\t\t\t<div class=\"wpb_wrapper\">\n\t\t\t\t<div class=\"img-with-aniamtion-wrap\" data-max-width=\"100%\" data-max-width-mobile=\"default\" data-shadow=\"none\" data-animation=\"fade-in\" >\n      <div class=\"inner\">\n        <div class=\"hover-wrap\"> \n          <div class=\"hover-wrap-inner\">\n            <img loading=\"lazy\" decoding=\"async\" class=\"img-with-animation skip-lazy\" data-delay=\"0\" height=\"100\" width=\"100\" data-animation=\"fade-in\" src=\"http:\/\/file-476mt4vUxyQKvJddBHzNYg\" alt=\"\"  \/>\n          <\/div>\n        <\/div>\n      <\/div>\n    <\/div><div class=\"img-with-aniamtion-wrap center\" data-max-width=\"100%\" data-max-width-mobile=\"default\" data-shadow=\"none\" data-animation=\"none\" >\n      <div class=\"inner\">\n        <div class=\"hover-wrap\"> \n          <div class=\"hover-wrap-inner\">\n            <img loading=\"lazy\" decoding=\"async\" class=\"img-with-animation skip-lazy\" data-delay=\"0\" height=\"1707\" width=\"2560\" data-animation=\"none\" src=\"https:\/\/sendapp.live\/wp-content\/uploads\/2025\/01\/20945235-scaled.jpg\" alt=\"\" srcset=\"https:\/\/sendapp.live\/wp-content\/uploads\/2025\/01\/20945235-scaled.jpg 2560w, https:\/\/sendapp.live\/wp-content\/uploads\/2025\/01\/20945235-300x200.jpg 300w, https:\/\/sendapp.live\/wp-content\/uploads\/2025\/01\/20945235-1024x683.jpg 1024w, https:\/\/sendapp.live\/wp-content\/uploads\/2025\/01\/20945235-768x512.jpg 768w, https:\/\/sendapp.live\/wp-content\/uploads\/2025\/01\/20945235-1536x1024.jpg 1536w, https:\/\/sendapp.live\/wp-content\/uploads\/2025\/01\/20945235-2048x1365.jpg 2048w, https:\/\/sendapp.live\/wp-content\/uploads\/2025\/01\/20945235-18x12.jpg 18w, https:\/\/sendapp.live\/wp-content\/uploads\/2025\/01\/20945235-900x600.jpg 900w, https:\/\/sendapp.live\/wp-content\/uploads\/2025\/01\/20945235-600x400.jpg 600w\" sizes=\"auto, (max-width: 2560px) 100vw, 2560px\" \/>\n          <\/div>\n        <\/div>\n      <\/div>\n    <\/div>\n\t\t\t<\/div> \n\t\t<\/div>\n\t<\/div> \n\n\t<div style=\"margin-top: 10%; \" class=\"vc_col-sm-6 wpb_column column_container vc_column_container col no-extra-padding inherit_tablet inherit_phone\"  data-padding-pos=\"all\" data-has-bg-color=\"false\" data-bg-color=\"\" data-bg-opacity=\"1\" data-animation=\"\" data-delay=\"0\" >\n\t\t<div class=\"vc_column-inner\" >\n\t\t\t<div class=\"wpb_wrapper\">\n\t\t\t\t\n<div class=\"wpb_text_column wpb_content_element\" >\n\t<div class=\"wpb_wrapper\">\n\t\t<h1 style=\"text-align: left;\"><span style=\"color: #008000;\">Gu\u00eda de borrado de cach\u00e9<\/span><\/h1>\n<h1 style=\"text-align: left;\"><span style=\"color: #008000;\">por SendApp Desktop<\/span><\/h1>\n\t<\/div>\n<\/div>\n\n\n\n\n\t\t\t<\/div> \n\t\t<\/div>\n\t<\/div> \n<\/div><\/div>\n\t\t<div id=\"fws_69decc3015222\"  data-column-margin=\"default\" data-midnight=\"dark\"  class=\"wpb_row vc_row-fluid vc_row\"  style=\"padding-top: 0px; padding-bottom: 0px; \"><div class=\"row-bg-wrap\" data-bg-animation=\"none\" data-bg-animation-delay=\"\" data-bg-overlay=\"false\"><div class=\"inner-wrap row-bg-layer\" ><div class=\"row-bg viewport-desktop\"  style=\"\"><\/div><\/div><\/div><div class=\"row_col_wrap_12 col span_12 dark left\">\n\t<div  class=\"vc_col-sm-12 wpb_column column_container vc_column_container col no-extra-padding inherit_tablet inherit_phone\"  data-padding-pos=\"all\" data-has-bg-color=\"false\" data-bg-color=\"\" data-bg-opacity=\"1\" data-animation=\"\" data-delay=\"0\" >\n\t\t<div class=\"vc_column-inner\" >\n\t\t\t<div class=\"wpb_wrapper\">\n\t\t\t\t\n<div class=\"wpb_text_column wpb_content_element\" >\n\t<div class=\"wpb_wrapper\">\n\t\t<p>la <b>borrar cach\u00e9<\/b> en <a href=\"https:\/\/sendapp.live\/es\/\" target=\"_blank\" rel=\"noopener\">SendApp Desktop<\/a> Es un paso fundamental para mejorar el rendimiento del software. <b>Por ejemplo<\/b>Eliminar archivos temporales puede solucionar ralentizaciones o errores inesperados. <b>adem\u00e1s<\/b>, esta operaci\u00f3n libera espacio en su computadora. <b>Importantemente<\/b>Es una buena pr\u00e1ctica realizar esta acci\u00f3n peri\u00f3dicamente.<\/p>\n<p><img loading=\"lazy\" decoding=\"async\" class=\"alignnone wp-image-33872 size-full\" src=\"https:\/\/sendapp.live\/wp-content\/uploads\/2025\/01\/Cattura01.png\" alt=\"\" width=\"1368\" height=\"810\" srcset=\"https:\/\/sendapp.live\/wp-content\/uploads\/2025\/01\/Cattura01.png 1368w, https:\/\/sendapp.live\/wp-content\/uploads\/2025\/01\/Cattura01-300x178.png 300w, https:\/\/sendapp.live\/wp-content\/uploads\/2025\/01\/Cattura01-1024x606.png 1024w, https:\/\/sendapp.live\/wp-content\/uploads\/2025\/01\/Cattura01-768x455.png 768w, https:\/\/sendapp.live\/wp-content\/uploads\/2025\/01\/Cattura01-18x12.png 18w, https:\/\/sendapp.live\/wp-content\/uploads\/2025\/01\/Cattura01-600x355.png 600w\" sizes=\"auto, (max-width: 1368px) 100vw, 1368px\" \/><\/p>\n<h3><b>1. Vaya a Preferencias<\/b><\/h3>\n<p><b>En primer lugar<\/b>, abierto <b>SendApp Desktop<\/b>. <b>Entonces<\/b>, haga clic en las tres l\u00edneas horizontales en la parte superior derecha para abrir el men\u00fa principal. <b>En este punto<\/b>, seleccione la opci\u00f3n <b>&quot;Preferencias&quot;<\/b>, como se muestra en la imagen de arriba.<\/p>\n<h3><b>2. Busca la opci\u00f3n \u201cMostrar cach\u00e9s\u201d<\/b><\/h3>\n<p>Una vez abierta la ventana de preferencias, despl\u00e1cese hacia abajo hasta encontrar el bot\u00f3n <b>\u201cMostrar cach\u00e9s\u201d<\/b>. <b>Al hacer clic en este bot\u00f3n<\/b>, el programa abrir\u00e1 autom\u00e1ticamente la carpeta que contiene los archivos de cach\u00e9.<\/p>\n<p><img loading=\"lazy\" decoding=\"async\" class=\"alignnone wp-image-33873 size-full\" src=\"https:\/\/sendapp.live\/wp-content\/uploads\/2025\/01\/Cattura02.png\" alt=\"\" width=\"1296\" height=\"808\" srcset=\"https:\/\/sendapp.live\/wp-content\/uploads\/2025\/01\/Cattura02.png 1296w, https:\/\/sendapp.live\/wp-content\/uploads\/2025\/01\/Cattura02-300x187.png 300w, https:\/\/sendapp.live\/wp-content\/uploads\/2025\/01\/Cattura02-1024x638.png 1024w, https:\/\/sendapp.live\/wp-content\/uploads\/2025\/01\/Cattura02-768x479.png 768w, https:\/\/sendapp.live\/wp-content\/uploads\/2025\/01\/Cattura02-18x12.png 18w, https:\/\/sendapp.live\/wp-content\/uploads\/2025\/01\/Cattura02-600x374.png 600w\" sizes=\"auto, (max-width: 1296px) 100vw, 1296px\" \/><\/p>\n<h3><b>3. Eliminar archivos de cach\u00e9<\/b><\/h3>\n<p><b>Para completar el procedimiento<\/b>, cierre SendApp y seleccione todos los archivos y carpetas en el directorio de cach\u00e9. <b>Entonces<\/b>, haga clic derecho y elija \u201cEliminar\u201d. <b>Alternativamente<\/b>, puedes utilizar la combinaci\u00f3n de teclas <b>May\u00fas + Supr<\/b> para eliminarlos permanentemente. <b>advertencia:<\/b> Aseg\u00farese de eliminar \u00fanicamente archivos temporales para evitar eliminar archivos importantes.<\/p>\n<h3><b>4. Reinicie SendApp Desktop<\/b><\/h3>\n<p><b>Al final<\/b>, vuelva a abrir SendApp. Es importante reiniciar para aplicar los cambios y garantizar el correcto funcionamiento del programa. <b>Ahora<\/b>SendApp Desktop ser\u00e1 m\u00e1s r\u00e1pido y tendr\u00e1 mayor capacidad de respuesta.<\/p>\n<h3><b>\u00bfPor qu\u00e9 borrar la cach\u00e9?<\/b><\/h3>\n<p>La cach\u00e9 acumula archivos temporales que aceleran ciertas operaciones. Sin embargo, estos archivos pueden acumularse y causar problemas, como ralentizaciones o errores. Borrar la cach\u00e9 regularmente ayuda a mantener la aplicaci\u00f3n funcionando eficientemente y libera espacio en disco.<\/p>\n<p><b>\u00a1Pruebe este procedimiento ahora para mejorar el rendimiento de SendApp Desktop!<\/b><\/p>\n\t<\/div>\n<\/div>\n\n\n\n\n\t\t\t<\/div> \n\t\t<\/div>\n\t<\/div> \n<\/div><\/div>\n\t\t<div id=\"fws_69decc3015677\"  data-column-margin=\"default\" data-midnight=\"dark\"  class=\"wpb_row vc_row-fluid vc_row\"  style=\"padding-top: 0px; padding-bottom: 0px; \"><div class=\"row-bg-wrap\" data-bg-animation=\"none\" data-bg-animation-delay=\"\" data-bg-overlay=\"false\"><div class=\"inner-wrap row-bg-layer\" ><div class=\"row-bg viewport-desktop\"  style=\"\"><\/div><\/div><\/div><div class=\"row_col_wrap_12 col span_12 dark left\">\n\t<div  class=\"vc_col-sm-12 wpb_column column_container vc_column_container col no-extra-padding inherit_tablet inherit_phone\"  data-padding-pos=\"all\" data-has-bg-color=\"false\" data-bg-color=\"\" data-bg-opacity=\"1\" data-animation=\"\" data-delay=\"0\" >\n\t\t<div class=\"vc_column-inner\" >\n\t\t\t<div class=\"wpb_wrapper\">\n\t\t\t\t<div class=\"divider-wrap\" data-alignment=\"default\"><div style=\"height: 50px;\" class=\"divider\"><\/div><\/div>\n\t\t\t<\/div> \n\t\t<\/div>\n\t<\/div> \n<\/div><\/div>","protected":false},"excerpt":{"rendered":"C\u00f3mo borrar la cach\u00e9 de SendApp Desktop: Borrar la cach\u00e9 de SendApp Desktop es crucial para mejorar el rendimiento del software. Por ejemplo, eliminar archivos...","protected":false},"author":1,"featured_media":0,"parent":0,"menu_order":0,"comment_status":"closed","ping_status":"closed","template":"","meta":{"_daim_seo_power":"1000","_daim_enable_ail":"1","footnotes":""},"class_list":["post-24372","page","type-page","status-publish"],"yoast_head":"<!-- This site is optimized with the Yoast SEO Premium plugin v27.3 (Yoast SEO v27.3) - https:\/\/yoast.com\/product\/yoast-seo-premium-wordpress\/ -->\n<title>Cancellare la cache di SendApp Desktop - SendApp - Software Whatsapp Marketing<\/title>\n<meta name=\"description\" content=\"Scopri come cancellare la cache di SendApp Desktop per migliorare le prestazioni del software. Segui la guida passo passo con immagini...\" \/>\n<meta name=\"robots\" content=\"index, follow, max-snippet:-1, max-image-preview:large, max-video-preview:-1\" \/>\n<link rel=\"canonical\" href=\"https:\/\/sendapp.live\/es\/borrar-la-cache-del-escritorio-de-sendapp\/\" \/>\n<meta property=\"og:locale\" content=\"es_ES\" \/>\n<meta property=\"og:type\" content=\"article\" \/>\n<meta property=\"og:title\" content=\"Cancellare la cache di SendApp Desktop\" \/>\n<meta property=\"og:description\" content=\"Scopri come cancellare la cache di SendApp Desktop per migliorare le prestazioni del software. Segui la guida passo passo con immagini...\" \/>\n<meta property=\"og:url\" content=\"https:\/\/sendapp.live\/es\/borrar-la-cache-del-escritorio-de-sendapp\/\" \/>\n<meta property=\"og:site_name\" content=\"SendApp - Software Whatsapp Marketing\" \/>\n<meta property=\"article:publisher\" content=\"https:\/\/www.facebook.com\/sendapp.live\" \/>\n<meta property=\"article:modified_time\" content=\"2025-01-21T23:06:13+00:00\" \/>\n<meta property=\"og:image\" content=\"https:\/\/sendapp.live\/wp-content\/uploads\/2025\/01\/Cattura01.png\" \/>\n<meta name=\"twitter:card\" content=\"summary_large_image\" \/>\n<meta name=\"twitter:site\" content=\"@sendapp_live\" \/>\n<meta name=\"twitter:label1\" content=\"Tiempo de lectura\" \/>\n\t<meta name=\"twitter:data1\" content=\"3 minutos\" \/>\n<script type=\"application\/ld+json\" class=\"yoast-schema-graph\">{\"@context\":\"https:\\\/\\\/schema.org\",\"@graph\":[{\"@type\":\"WebPage\",\"@id\":\"https:\\\/\\\/sendapp.live\\\/cancellare-la-cache-di-sendapp-desktop\\\/\",\"url\":\"https:\\\/\\\/sendapp.live\\\/cancellare-la-cache-di-sendapp-desktop\\\/\",\"name\":\"Cancellare la cache di SendApp Desktop - SendApp - Software Whatsapp Marketing\",\"isPartOf\":{\"@id\":\"https:\\\/\\\/sendapp.live\\\/it\\\/#website\"},\"primaryImageOfPage\":{\"@id\":\"https:\\\/\\\/sendapp.live\\\/cancellare-la-cache-di-sendapp-desktop\\\/#primaryimage\"},\"image\":{\"@id\":\"https:\\\/\\\/sendapp.live\\\/cancellare-la-cache-di-sendapp-desktop\\\/#primaryimage\"},\"thumbnailUrl\":\"https:\\\/\\\/sendapp.live\\\/wp-content\\\/uploads\\\/2025\\\/01\\\/Cattura01.png\",\"datePublished\":\"2022-11-17T18:34:20+00:00\",\"dateModified\":\"2025-01-21T23:06:13+00:00\",\"description\":\"Scopri come cancellare la cache di SendApp Desktop per migliorare le prestazioni del software. Segui la guida passo passo con immagini...\",\"breadcrumb\":{\"@id\":\"https:\\\/\\\/sendapp.live\\\/cancellare-la-cache-di-sendapp-desktop\\\/#breadcrumb\"},\"inLanguage\":\"es\",\"potentialAction\":[{\"@type\":\"ReadAction\",\"target\":[\"https:\\\/\\\/sendapp.live\\\/cancellare-la-cache-di-sendapp-desktop\\\/\"]}]},{\"@type\":\"ImageObject\",\"inLanguage\":\"es\",\"@id\":\"https:\\\/\\\/sendapp.live\\\/cancellare-la-cache-di-sendapp-desktop\\\/#primaryimage\",\"url\":\"https:\\\/\\\/sendapp.live\\\/wp-content\\\/uploads\\\/2025\\\/01\\\/Cattura01.png\",\"contentUrl\":\"https:\\\/\\\/sendapp.live\\\/wp-content\\\/uploads\\\/2025\\\/01\\\/Cattura01.png\"},{\"@type\":\"BreadcrumbList\",\"@id\":\"https:\\\/\\\/sendapp.live\\\/cancellare-la-cache-di-sendapp-desktop\\\/#breadcrumb\",\"itemListElement\":[{\"@type\":\"ListItem\",\"position\":1,\"name\":\"Home\",\"item\":\"https:\\\/\\\/sendapp.live\\\/\"},{\"@type\":\"ListItem\",\"position\":2,\"name\":\"Cancellare la cache di SendApp Desktop\"}]},{\"@type\":\"WebSite\",\"@id\":\"https:\\\/\\\/sendapp.live\\\/it\\\/#website\",\"url\":\"https:\\\/\\\/sendapp.live\\\/it\\\/\",\"name\":\"SendApp\",\"description\":\"Automate Your Messages &amp; Grow Your Business\",\"publisher\":{\"@id\":\"https:\\\/\\\/sendapp.live\\\/it\\\/#organization\"},\"alternateName\":\"SendApp WhatsApp Marketing\",\"potentialAction\":[{\"@type\":\"SearchAction\",\"target\":{\"@type\":\"EntryPoint\",\"urlTemplate\":\"https:\\\/\\\/sendapp.live\\\/it\\\/?s={search_term_string}\"},\"query-input\":{\"@type\":\"PropertyValueSpecification\",\"valueRequired\":true,\"valueName\":\"search_term_string\"}}],\"inLanguage\":\"es\"},{\"@type\":\"Organization\",\"@id\":\"https:\\\/\\\/sendapp.live\\\/it\\\/#organization\",\"name\":\"SendApp\",\"url\":\"https:\\\/\\\/sendapp.live\\\/it\\\/\",\"logo\":{\"@type\":\"ImageObject\",\"inLanguage\":\"es\",\"@id\":\"https:\\\/\\\/sendapp.live\\\/it\\\/#\\\/schema\\\/logo\\\/image\\\/\",\"url\":\"https:\\\/\\\/sendapp.live\\\/wp-content\\\/uploads\\\/2025\\\/04\\\/Logo-Sendapp-300x60-1.png\",\"contentUrl\":\"https:\\\/\\\/sendapp.live\\\/wp-content\\\/uploads\\\/2025\\\/04\\\/Logo-Sendapp-300x60-1.png\",\"width\":300,\"height\":60,\"caption\":\"SendApp\"},\"image\":{\"@id\":\"https:\\\/\\\/sendapp.live\\\/it\\\/#\\\/schema\\\/logo\\\/image\\\/\"},\"sameAs\":[\"https:\\\/\\\/www.facebook.com\\\/sendapp.live\",\"https:\\\/\\\/x.com\\\/sendapp_live\",\"https:\\\/\\\/www.instagram.com\\\/sendapp.live\",\"https:\\\/\\\/www.youtube.com\\\/channel\\\/UC2gaLpi0-OJLG4CFbOr6mLw\",\"https:\\\/\\\/it.trustpilot.com\\\/review\\\/sendapp.live\"],\"description\":\"Piattaforma italiana di WhatsApp Marketing con API ufficiali Meta. Assistente AI, campagne massive, SMS Gateway gratuito, Google Calendar, automazioni. Da \u20ac16\\\/mese senza markup sui messaggi.\",\"email\":\"info@sendapp.live\",\"foundingDate\":\"2016-07-25\"}]}<\/script>\n<!-- \/ Yoast SEO Premium plugin. -->","yoast_head_json":{"title":"C\u00f3mo borrar la cach\u00e9 de SendApp en el escritorio - SendApp - Software de marketing de WhatsApp","description":"Aprende a borrar la cach\u00e9 de SendApp Desktop para mejorar el rendimiento del software. Sigue la gu\u00eda paso a paso con im\u00e1genes...","robots":{"index":"index","follow":"follow","max-snippet":"max-snippet:-1","max-image-preview":"max-image-preview:large","max-video-preview":"max-video-preview:-1"},"canonical":"https:\/\/sendapp.live\/es\/borrar-la-cache-del-escritorio-de-sendapp\/","og_locale":"es_ES","og_type":"article","og_title":"Cancellare la cache di SendApp Desktop","og_description":"Scopri come cancellare la cache di SendApp Desktop per migliorare le prestazioni del software. Segui la guida passo passo con immagini...","og_url":"https:\/\/sendapp.live\/es\/borrar-la-cache-del-escritorio-de-sendapp\/","og_site_name":"SendApp - Software Whatsapp Marketing","article_publisher":"https:\/\/www.facebook.com\/sendapp.live","article_modified_time":"2025-01-21T23:06:13+00:00","og_image":[{"url":"https:\/\/sendapp.live\/wp-content\/uploads\/2025\/01\/Cattura01.png","type":"","width":"","height":""}],"twitter_card":"summary_large_image","twitter_site":"@sendapp_live","twitter_misc":{"Tiempo de lectura":"3 minutos"},"schema":{"@context":"https:\/\/schema.org","@graph":[{"@type":"WebPage","@id":"https:\/\/sendapp.live\/cancellare-la-cache-di-sendapp-desktop\/","url":"https:\/\/sendapp.live\/cancellare-la-cache-di-sendapp-desktop\/","name":"C\u00f3mo borrar la cach\u00e9 de SendApp en el escritorio - SendApp - Software de marketing de WhatsApp","isPartOf":{"@id":"https:\/\/sendapp.live\/it\/#website"},"primaryImageOfPage":{"@id":"https:\/\/sendapp.live\/cancellare-la-cache-di-sendapp-desktop\/#primaryimage"},"image":{"@id":"https:\/\/sendapp.live\/cancellare-la-cache-di-sendapp-desktop\/#primaryimage"},"thumbnailUrl":"https:\/\/sendapp.live\/wp-content\/uploads\/2025\/01\/Cattura01.png","datePublished":"2022-11-17T18:34:20+00:00","dateModified":"2025-01-21T23:06:13+00:00","description":"Aprende a borrar la cach\u00e9 de SendApp Desktop para mejorar el rendimiento del software. Sigue la gu\u00eda paso a paso con im\u00e1genes...","breadcrumb":{"@id":"https:\/\/sendapp.live\/cancellare-la-cache-di-sendapp-desktop\/#breadcrumb"},"inLanguage":"es","potentialAction":[{"@type":"ReadAction","target":["https:\/\/sendapp.live\/cancellare-la-cache-di-sendapp-desktop\/"]}]},{"@type":"ImageObject","inLanguage":"es","@id":"https:\/\/sendapp.live\/cancellare-la-cache-di-sendapp-desktop\/#primaryimage","url":"https:\/\/sendapp.live\/wp-content\/uploads\/2025\/01\/Cattura01.png","contentUrl":"https:\/\/sendapp.live\/wp-content\/uploads\/2025\/01\/Cattura01.png"},{"@type":"BreadcrumbList","@id":"https:\/\/sendapp.live\/cancellare-la-cache-di-sendapp-desktop\/#breadcrumb","itemListElement":[{"@type":"ListItem","position":1,"name":"Home","item":"https:\/\/sendapp.live\/"},{"@type":"ListItem","position":2,"name":"Cancellare la cache di SendApp Desktop"}]},{"@type":"WebSite","@id":"https:\/\/sendapp.live\/it\/#website","url":"https:\/\/sendapp.live\/it\/","name":"SendApp","description":"Automatice sus mensajes y haga crecer su negocio","publisher":{"@id":"https:\/\/sendapp.live\/it\/#organization"},"alternateName":"SendApp WhatsApp Marketing","potentialAction":[{"@type":"SearchAction","target":{"@type":"EntryPoint","urlTemplate":"https:\/\/sendapp.live\/it\/?s={search_term_string}"},"query-input":{"@type":"PropertyValueSpecification","valueRequired":true,"valueName":"search_term_string"}}],"inLanguage":"es"},{"@type":"Organization","@id":"https:\/\/sendapp.live\/it\/#organization","name":"SendApp","url":"https:\/\/sendapp.live\/it\/","logo":{"@type":"ImageObject","inLanguage":"es","@id":"https:\/\/sendapp.live\/it\/#\/schema\/logo\/image\/","url":"https:\/\/sendapp.live\/wp-content\/uploads\/2025\/04\/Logo-Sendapp-300x60-1.png","contentUrl":"https:\/\/sendapp.live\/wp-content\/uploads\/2025\/04\/Logo-Sendapp-300x60-1.png","width":300,"height":60,"caption":"SendApp"},"image":{"@id":"https:\/\/sendapp.live\/it\/#\/schema\/logo\/image\/"},"sameAs":["https:\/\/www.facebook.com\/sendapp.live","https:\/\/x.com\/sendapp_live","https:\/\/www.instagram.com\/sendapp.live","https:\/\/www.youtube.com\/channel\/UC2gaLpi0-OJLG4CFbOr6mLw","https:\/\/it.trustpilot.com\/review\/sendapp.live"],"description":"Plataforma italiana de marketing por WhatsApp con API Meta oficial. Asistente de IA, campa\u00f1as masivas, pasarela SMS gratuita, Google Calendar, automatizaciones. Desde 16 \u20ac\/mes sin recargo por mensaje.","email":"info@sendapp.live","foundingDate":"2016-07-25"}]}},"_links":{"self":[{"href":"https:\/\/sendapp.live\/es\/wp-json\/wp\/v2\/pages\/24372","targetHints":{"allow":["GET"]}}],"collection":[{"href":"https:\/\/sendapp.live\/es\/wp-json\/wp\/v2\/pages"}],"about":[{"href":"https:\/\/sendapp.live\/es\/wp-json\/wp\/v2\/types\/page"}],"author":[{"embeddable":true,"href":"https:\/\/sendapp.live\/es\/wp-json\/wp\/v2\/users\/1"}],"replies":[{"embeddable":true,"href":"https:\/\/sendapp.live\/es\/wp-json\/wp\/v2\/comments?post=24372"}],"version-history":[{"count":10,"href":"https:\/\/sendapp.live\/es\/wp-json\/wp\/v2\/pages\/24372\/revisions"}],"predecessor-version":[{"id":33883,"href":"https:\/\/sendapp.live\/es\/wp-json\/wp\/v2\/pages\/24372\/revisions\/33883"}],"wp:attachment":[{"href":"https:\/\/sendapp.live\/es\/wp-json\/wp\/v2\/media?parent=24372"}],"curies":[{"name":"wp","href":"https:\/\/api.w.org\/{rel}","templated":true}]}}