{"id":29111,"date":"2024-03-25T09:43:34","date_gmt":"2024-03-25T08:43:34","guid":{"rendered":"https:\/\/sendapp.live\/?page_id=29111"},"modified":"2025-01-21T22:54:47","modified_gmt":"2025-01-21T21:54:47","slug":"manten-tu-sesion-de-whatsapp-activa","status":"publish","type":"page","link":"https:\/\/sendapp.live\/es\/mantenere-la-tua-sessione-di-whatsapp-attiva\/","title":{"rendered":"Mant\u00e9n activa tu sesi\u00f3n de WhatsApp en SendApp"},"content":{"rendered":"<div id=\"fws_69d0b81b5feb4\"  data-column-margin=\"default\" data-midnight=\"dark\"  class=\"wpb_row vc_row-fluid vc_row full-width-section\"  style=\"padding-top: 0px; padding-bottom: 0px; \"><div class=\"row-bg-wrap\" data-bg-animation=\"none\" data-bg-animation-delay=\"\" data-bg-overlay=\"false\"><div class=\"inner-wrap row-bg-layer using-image\" ><div class=\"row-bg viewport-desktop using-image\"  style=\"background-image: url(https:\/\/sendapp.live\/wp-content\/uploads\/2024\/03\/Mantenere-Attiva-la-Tua-Sessione-WhatsApp-1.png); background-position: center center; background-repeat: no-repeat; \"><\/div><\/div><\/div><div class=\"row_col_wrap_12 col span_12 dark center\">\n\t<div  class=\"vc_col-sm-12 wpb_column column_container vc_column_container col no-extra-padding inherit_tablet inherit_phone\"  data-padding-pos=\"all\" data-has-bg-color=\"false\" data-bg-color=\"\" data-bg-opacity=\"1\" data-animation=\"\" data-delay=\"0\" >\n\t\t<div class=\"vc_column-inner\" >\n\t\t\t<div class=\"wpb_wrapper\">\n\t\t\t\t<div class=\"divider-wrap\" data-alignment=\"default\"><div style=\"height: 300px;\" class=\"divider\"><\/div><\/div>\n\t\t\t<\/div> \n\t\t<\/div>\n\t<\/div> \n<\/div><\/div>\n\t\t<div id=\"fws_69d0b81b604fc\"  data-column-margin=\"default\" data-midnight=\"dark\" data-top-percent=\"5%\"  class=\"wpb_row vc_row-fluid vc_row\"  style=\"padding-top: calc(100vw * 0.05); padding-bottom: 0px; \"><div class=\"row-bg-wrap\" data-bg-animation=\"none\" data-bg-animation-delay=\"\" data-bg-overlay=\"false\"><div class=\"inner-wrap row-bg-layer\" ><div class=\"row-bg viewport-desktop\"  style=\"\"><\/div><\/div><\/div><div class=\"row_col_wrap_12 col span_12 dark left\">\n\t<div  class=\"vc_col-sm-1\/5 wpb_column column_container vc_column_container col no-extra-padding inherit_tablet inherit_phone\"  data-padding-pos=\"all\" data-has-bg-color=\"false\" data-bg-color=\"\" data-bg-opacity=\"1\" data-animation=\"\" data-delay=\"0\" >\n\t\t<div class=\"vc_column-inner\" >\n\t\t\t<div class=\"wpb_wrapper\">\n\t\t\t\t\n\t\t\t<\/div> \n\t\t<\/div>\n\t<\/div> \n\n\t<div  class=\"vc_col-sm-3\/5 wpb_column column_container vc_column_container col no-extra-padding inherit_tablet inherit_phone\"  data-padding-pos=\"all\" data-has-bg-color=\"false\" data-bg-color=\"\" data-bg-opacity=\"1\" data-animation=\"\" data-delay=\"0\" >\n\t\t<div class=\"vc_column-inner\" >\n\t\t\t<div class=\"wpb_wrapper\">\n\t\t\t\t\n<div class=\"wpb_text_column wpb_content_element\" >\n\t<div class=\"wpb_wrapper\">\n\t\t<h1>Mant\u00e9n activa tu sesi\u00f3n de WhatsApp en SendApp<\/h1>\n<p>Mantenerse conectado en WhatsApp sin interrupciones frecuentes es m\u00e1s f\u00e1cil de lo que cree. A continuaci\u00f3n se ofrecen cinco consejos pr\u00e1cticos vinculados directamente a su tel\u00e9fono que pueden ayudarle a prolongar la actividad de su sesi\u00f3n.<\/p>\n<h2>1. Mant\u00e9ngase conectado a Internet<\/h2>\n<p>Tu tel\u00e9fono necesita una conexi\u00f3n a Internet estable para mantener WhatsApp funcionando sin interrupciones.<\/p>\n<p>&nbsp;<\/p>\n<h2>2. Mant\u00e9n tu tel\u00e9fono cargado<\/h2>\n<p>Un tel\u00e9fono cargado es fundamental para mantener activa su sesi\u00f3n de WhatsApp. Aseg\u00farese de que su dispositivo no se quede sin bater\u00eda por completo.<\/p>\n<p>&nbsp;<\/p>\n<h2>3. Minimizar la optimizaci\u00f3n de la bater\u00eda para WhatsApp<\/h2>\n<p>Ajusta la configuraci\u00f3n de optimizaci\u00f3n de la bater\u00eda de tu tel\u00e9fono para WhatsApp, permitiendo que la aplicaci\u00f3n se ejecute en segundo plano y mantenga tu sesi\u00f3n activa.<\/p>\n<p>&nbsp;<\/p>\n<h2>4. Mant\u00e9n WhatsApp activo en tu tel\u00e9fono<\/h2>\n<p>Abra WhatsApp en su tel\u00e9fono peri\u00f3dicamente para asegurarse de que la sesi\u00f3n se reconozca como activa.<\/p>\n<p>&nbsp;<\/p>\n<h2>5. Actualiza WhatsApp peri\u00f3dicamente<\/h2>\n<p>Mant\u00e9n la aplicaci\u00f3n actualizada en tu tel\u00e9fono para beneficiarte de las \u00faltimas funciones y mejoras de conectividad, mejorando tu experiencia con WhatsApp y manteniendo tu sesi\u00f3n actualizada.<\/p>\n<p>&nbsp;<\/p>\n<p>Siguiendo estos sencillos pero efectivos consejos podr\u00e1s disfrutar de una sesi\u00f3n de WhatsApp m\u00e1s estable y m\u00e1s larga, asegurando que tus chats y comunicaciones permanezcan ininterrumpidas.<\/p>\n\t<\/div>\n<\/div>\n\n\n\n\n\t\t\t<\/div> \n\t\t<\/div>\n\t<\/div> \n\n\t<div  class=\"vc_col-sm-1\/5 wpb_column column_container vc_column_container col no-extra-padding inherit_tablet inherit_phone\"  data-padding-pos=\"all\" data-has-bg-color=\"false\" data-bg-color=\"\" data-bg-opacity=\"1\" data-animation=\"\" data-delay=\"0\" >\n\t\t<div class=\"vc_column-inner\" >\n\t\t\t<div class=\"wpb_wrapper\">\n\t\t\t\t\n\t\t\t<\/div> \n\t\t<\/div>\n\t<\/div> \n<\/div><\/div>","protected":false},"excerpt":{"rendered":"Mantener tu sesi\u00f3n de WhatsApp activa en SendApp. Mantenerte conectado en WhatsApp sin interrupciones frecuentes es m\u00e1s f\u00e1cil de lo que crees. Aqu\u00ed tienes cinco consejos pr\u00e1cticos directamente relacionados con...","protected":false},"author":1,"featured_media":0,"parent":0,"menu_order":0,"comment_status":"closed","ping_status":"closed","template":"","meta":{"_daim_seo_power":"1000","_daim_enable_ail":"1","footnotes":""},"class_list":["post-29111","page","type-page","status-publish"],"yoast_head":"<!-- This site is optimized with the Yoast SEO Premium plugin v27.3 (Yoast SEO v27.3) - https:\/\/yoast.com\/product\/yoast-seo-premium-wordpress\/ -->\n<title>Mantenere la tua sessione di WhatsApp attiva su SendApp - SendApp - Software Whatsapp Marketing<\/title>\n<meta name=\"description\" content=\"Scopri come mantenere WhatsApp sempre attivo su SendApp con 5 consigli pratici: connessione stabile, batteria ottimizzata, impostazioni...\" \/>\n<meta name=\"robots\" content=\"index, follow, max-snippet:-1, max-image-preview:large, max-video-preview:-1\" \/>\n<link rel=\"canonical\" href=\"https:\/\/sendapp.live\/es\/manten-tu-sesion-de-whatsapp-activa\/\" \/>\n<meta property=\"og:locale\" content=\"es_ES\" \/>\n<meta property=\"og:type\" content=\"article\" \/>\n<meta property=\"og:title\" content=\"Mantenere la tua sessione di WhatsApp attiva su SendApp\" \/>\n<meta property=\"og:description\" content=\"Scopri come mantenere WhatsApp sempre attivo su SendApp con 5 consigli pratici: connessione stabile, batteria ottimizzata, impostazioni...\" \/>\n<meta property=\"og:url\" content=\"https:\/\/sendapp.live\/es\/manten-tu-sesion-de-whatsapp-activa\/\" \/>\n<meta property=\"og:site_name\" content=\"SendApp - Software Whatsapp Marketing\" \/>\n<meta property=\"article:publisher\" content=\"https:\/\/www.facebook.com\/sendapp.live\" \/>\n<meta property=\"article:modified_time\" content=\"2025-01-21T21:54:47+00:00\" \/>\n<meta name=\"twitter:card\" content=\"summary_large_image\" \/>\n<meta name=\"twitter:site\" content=\"@sendapp_live\" \/>\n<meta name=\"twitter:label1\" content=\"Tiempo de lectura\" \/>\n\t<meta name=\"twitter:data1\" content=\"1 minuto\" \/>\n<script type=\"application\/ld+json\" class=\"yoast-schema-graph\">{\"@context\":\"https:\\\/\\\/schema.org\",\"@graph\":[{\"@type\":\"WebPage\",\"@id\":\"https:\\\/\\\/sendapp.live\\\/mantenere-la-tua-sessione-di-whatsapp-attiva\\\/\",\"url\":\"https:\\\/\\\/sendapp.live\\\/mantenere-la-tua-sessione-di-whatsapp-attiva\\\/\",\"name\":\"Mantenere la tua sessione di WhatsApp attiva su SendApp - SendApp - Software Whatsapp Marketing\",\"isPartOf\":{\"@id\":\"https:\\\/\\\/sendapp.live\\\/it\\\/#website\"},\"datePublished\":\"2024-03-25T08:43:34+00:00\",\"dateModified\":\"2025-01-21T21:54:47+00:00\",\"description\":\"Scopri come mantenere WhatsApp sempre attivo su SendApp con 5 consigli pratici: connessione stabile, batteria ottimizzata, impostazioni...\",\"breadcrumb\":{\"@id\":\"https:\\\/\\\/sendapp.live\\\/mantenere-la-tua-sessione-di-whatsapp-attiva\\\/#breadcrumb\"},\"inLanguage\":\"es\",\"potentialAction\":[{\"@type\":\"ReadAction\",\"target\":[\"https:\\\/\\\/sendapp.live\\\/mantenere-la-tua-sessione-di-whatsapp-attiva\\\/\"]}]},{\"@type\":\"BreadcrumbList\",\"@id\":\"https:\\\/\\\/sendapp.live\\\/mantenere-la-tua-sessione-di-whatsapp-attiva\\\/#breadcrumb\",\"itemListElement\":[{\"@type\":\"ListItem\",\"position\":1,\"name\":\"Home\",\"item\":\"https:\\\/\\\/sendapp.live\\\/\"},{\"@type\":\"ListItem\",\"position\":2,\"name\":\"Mantenere la tua sessione di WhatsApp attiva su SendApp\"}]},{\"@type\":\"WebSite\",\"@id\":\"https:\\\/\\\/sendapp.live\\\/it\\\/#website\",\"url\":\"https:\\\/\\\/sendapp.live\\\/it\\\/\",\"name\":\"SendApp\",\"description\":\"Automate Your Messages &amp; Grow Your Business\",\"publisher\":{\"@id\":\"https:\\\/\\\/sendapp.live\\\/it\\\/#organization\"},\"alternateName\":\"SendApp WhatsApp Marketing\",\"potentialAction\":[{\"@type\":\"SearchAction\",\"target\":{\"@type\":\"EntryPoint\",\"urlTemplate\":\"https:\\\/\\\/sendapp.live\\\/it\\\/?s={search_term_string}\"},\"query-input\":{\"@type\":\"PropertyValueSpecification\",\"valueRequired\":true,\"valueName\":\"search_term_string\"}}],\"inLanguage\":\"es\"},{\"@type\":\"Organization\",\"@id\":\"https:\\\/\\\/sendapp.live\\\/it\\\/#organization\",\"name\":\"SendApp\",\"url\":\"https:\\\/\\\/sendapp.live\\\/it\\\/\",\"logo\":{\"@type\":\"ImageObject\",\"inLanguage\":\"es\",\"@id\":\"https:\\\/\\\/sendapp.live\\\/it\\\/#\\\/schema\\\/logo\\\/image\\\/\",\"url\":\"https:\\\/\\\/sendapp.live\\\/wp-content\\\/uploads\\\/2025\\\/04\\\/Logo-Sendapp-300x60-1.png\",\"contentUrl\":\"https:\\\/\\\/sendapp.live\\\/wp-content\\\/uploads\\\/2025\\\/04\\\/Logo-Sendapp-300x60-1.png\",\"width\":300,\"height\":60,\"caption\":\"SendApp\"},\"image\":{\"@id\":\"https:\\\/\\\/sendapp.live\\\/it\\\/#\\\/schema\\\/logo\\\/image\\\/\"},\"sameAs\":[\"https:\\\/\\\/www.facebook.com\\\/sendapp.live\",\"https:\\\/\\\/x.com\\\/sendapp_live\",\"https:\\\/\\\/www.instagram.com\\\/sendapp.live\",\"https:\\\/\\\/www.youtube.com\\\/channel\\\/UC2gaLpi0-OJLG4CFbOr6mLw\",\"https:\\\/\\\/it.trustpilot.com\\\/review\\\/sendapp.live\"],\"description\":\"Piattaforma italiana di WhatsApp Marketing con API ufficiali Meta. Assistente AI, campagne massive, SMS Gateway gratuito, Google Calendar, automazioni. Da \u20ac16\\\/mese senza markup sui messaggi.\",\"email\":\"info@sendapp.live\",\"foundingDate\":\"2016-07-25\"}]}<\/script>\n<!-- \/ Yoast SEO Premium plugin. -->","yoast_head_json":{"title":"C\u00f3mo mantener activa tu sesi\u00f3n de WhatsApp en SendApp - SendApp - Software de marketing de WhatsApp","description":"Aprende a mantener WhatsApp siempre activo en SendApp con 5 consejos pr\u00e1cticos: conexi\u00f3n estable, bater\u00eda optimizada, ajustes...","robots":{"index":"index","follow":"follow","max-snippet":"max-snippet:-1","max-image-preview":"max-image-preview:large","max-video-preview":"max-video-preview:-1"},"canonical":"https:\/\/sendapp.live\/es\/manten-tu-sesion-de-whatsapp-activa\/","og_locale":"es_ES","og_type":"article","og_title":"Mantenere la tua sessione di WhatsApp attiva su SendApp","og_description":"Scopri come mantenere WhatsApp sempre attivo su SendApp con 5 consigli pratici: connessione stabile, batteria ottimizzata, impostazioni...","og_url":"https:\/\/sendapp.live\/es\/manten-tu-sesion-de-whatsapp-activa\/","og_site_name":"SendApp - Software Whatsapp Marketing","article_publisher":"https:\/\/www.facebook.com\/sendapp.live","article_modified_time":"2025-01-21T21:54:47+00:00","twitter_card":"summary_large_image","twitter_site":"@sendapp_live","twitter_misc":{"Tiempo de lectura":"1 minuto"},"schema":{"@context":"https:\/\/schema.org","@graph":[{"@type":"WebPage","@id":"https:\/\/sendapp.live\/mantenere-la-tua-sessione-di-whatsapp-attiva\/","url":"https:\/\/sendapp.live\/mantenere-la-tua-sessione-di-whatsapp-attiva\/","name":"C\u00f3mo mantener activa tu sesi\u00f3n de WhatsApp en SendApp - SendApp - Software de marketing de WhatsApp","isPartOf":{"@id":"https:\/\/sendapp.live\/it\/#website"},"datePublished":"2024-03-25T08:43:34+00:00","dateModified":"2025-01-21T21:54:47+00:00","description":"Aprende a mantener WhatsApp siempre activo en SendApp con 5 consejos pr\u00e1cticos: conexi\u00f3n estable, bater\u00eda optimizada, ajustes...","breadcrumb":{"@id":"https:\/\/sendapp.live\/mantenere-la-tua-sessione-di-whatsapp-attiva\/#breadcrumb"},"inLanguage":"es","potentialAction":[{"@type":"ReadAction","target":["https:\/\/sendapp.live\/mantenere-la-tua-sessione-di-whatsapp-attiva\/"]}]},{"@type":"BreadcrumbList","@id":"https:\/\/sendapp.live\/mantenere-la-tua-sessione-di-whatsapp-attiva\/#breadcrumb","itemListElement":[{"@type":"ListItem","position":1,"name":"Home","item":"https:\/\/sendapp.live\/"},{"@type":"ListItem","position":2,"name":"Mantenere la tua sessione di WhatsApp attiva su SendApp"}]},{"@type":"WebSite","@id":"https:\/\/sendapp.live\/it\/#website","url":"https:\/\/sendapp.live\/it\/","name":"SendApp","description":"Automatice sus mensajes y haga crecer su negocio","publisher":{"@id":"https:\/\/sendapp.live\/it\/#organization"},"alternateName":"SendApp WhatsApp Marketing","potentialAction":[{"@type":"SearchAction","target":{"@type":"EntryPoint","urlTemplate":"https:\/\/sendapp.live\/it\/?s={search_term_string}"},"query-input":{"@type":"PropertyValueSpecification","valueRequired":true,"valueName":"search_term_string"}}],"inLanguage":"es"},{"@type":"Organization","@id":"https:\/\/sendapp.live\/it\/#organization","name":"SendApp","url":"https:\/\/sendapp.live\/it\/","logo":{"@type":"ImageObject","inLanguage":"es","@id":"https:\/\/sendapp.live\/it\/#\/schema\/logo\/image\/","url":"https:\/\/sendapp.live\/wp-content\/uploads\/2025\/04\/Logo-Sendapp-300x60-1.png","contentUrl":"https:\/\/sendapp.live\/wp-content\/uploads\/2025\/04\/Logo-Sendapp-300x60-1.png","width":300,"height":60,"caption":"SendApp"},"image":{"@id":"https:\/\/sendapp.live\/it\/#\/schema\/logo\/image\/"},"sameAs":["https:\/\/www.facebook.com\/sendapp.live","https:\/\/x.com\/sendapp_live","https:\/\/www.instagram.com\/sendapp.live","https:\/\/www.youtube.com\/channel\/UC2gaLpi0-OJLG4CFbOr6mLw","https:\/\/it.trustpilot.com\/review\/sendapp.live"],"description":"Plataforma italiana de marketing por WhatsApp con API Meta oficial. Asistente de IA, campa\u00f1as masivas, pasarela SMS gratuita, Google Calendar, automatizaciones. Desde 16 \u20ac\/mes sin recargo por mensaje.","email":"info@sendapp.live","foundingDate":"2016-07-25"}]}},"_links":{"self":[{"href":"https:\/\/sendapp.live\/es\/wp-json\/wp\/v2\/pages\/29111","targetHints":{"allow":["GET"]}}],"collection":[{"href":"https:\/\/sendapp.live\/es\/wp-json\/wp\/v2\/pages"}],"about":[{"href":"https:\/\/sendapp.live\/es\/wp-json\/wp\/v2\/types\/page"}],"author":[{"embeddable":true,"href":"https:\/\/sendapp.live\/es\/wp-json\/wp\/v2\/users\/1"}],"replies":[{"embeddable":true,"href":"https:\/\/sendapp.live\/es\/wp-json\/wp\/v2\/comments?post=29111"}],"version-history":[{"count":10,"href":"https:\/\/sendapp.live\/es\/wp-json\/wp\/v2\/pages\/29111\/revisions"}],"predecessor-version":[{"id":33861,"href":"https:\/\/sendapp.live\/es\/wp-json\/wp\/v2\/pages\/29111\/revisions\/33861"}],"wp:attachment":[{"href":"https:\/\/sendapp.live\/es\/wp-json\/wp\/v2\/media?parent=29111"}],"curies":[{"name":"wp","href":"https:\/\/api.w.org\/{rel}","templated":true}]}}