{"id":30103,"date":"2024-06-20T19:30:54","date_gmt":"2024-06-20T17:30:54","guid":{"rendered":"https:\/\/sendapp.live\/?page_id=30103"},"modified":"2024-11-18T16:58:56","modified_gmt":"2024-11-18T15:58:56","slug":"mensajes-programados-de-whatsapp","status":"publish","type":"page","link":"https:\/\/sendapp.live\/es\/messaggi-programmati-whatsapp\/","title":{"rendered":"mensajes programados de WhatsApp"},"content":{"rendered":"<div id=\"fws_69f3c89ad910d\"  data-column-margin=\"default\" data-midnight=\"dark\" data-top-percent=\"5%\" data-bottom-percent=\"5%\"  class=\"wpb_row vc_row-fluid vc_row  right_padding_5pct left_padding_5pct\"  style=\"padding-top: calc(100vw * 0.05); padding-bottom: calc(100vw * 0.05); \"><div class=\"row-bg-wrap\" data-bg-animation=\"none\" data-bg-animation-delay=\"\" data-bg-overlay=\"false\"><div class=\"inner-wrap row-bg-layer\" ><div class=\"row-bg viewport-desktop\"  style=\"\"><\/div><\/div><\/div><div class=\"row_col_wrap_12 col span_12 dark left\">\n\t<div  class=\"vc_col-sm-12 wpb_column column_container vc_column_container col no-extra-padding inherit_tablet inherit_phone\"  data-padding-pos=\"all\" data-has-bg-color=\"false\" data-bg-color=\"\" data-bg-opacity=\"1\" data-animation=\"\" data-delay=\"0\" >\n\t\t<div class=\"vc_column-inner\" >\n\t\t\t<div class=\"wpb_wrapper\">\n\t\t\t\t<h1 style=\"font-size: 65px;color: #4b5b75;text-align: center;font-family:Raleway;font-weight:400;font-style:normal\" class=\"vc_custom_heading vc_do_custom_heading vc_custom_1718918017951\" >Programa mensajes de WhatsApp con SendApp<\/h1>\n\t\t\t<\/div> \n\t\t<\/div>\n\t<\/div> \n<\/div><\/div>\n\t\t<div id=\"fws_69f3c89ad96b2\"  data-column-margin=\"default\" data-midnight=\"dark\"  class=\"wpb_row vc_row-fluid vc_row\"  style=\"padding-top: 0px; padding-bottom: 0px; \"><div class=\"row-bg-wrap\" data-bg-animation=\"none\" data-bg-animation-delay=\"\" data-bg-overlay=\"false\"><div class=\"inner-wrap row-bg-layer\" ><div class=\"row-bg viewport-desktop\"  style=\"\"><\/div><\/div><\/div><div class=\"row_col_wrap_12 col span_12 dark left\">\n\t<div  class=\"vc_col-sm-12 wpb_column column_container vc_column_container col no-extra-padding inherit_tablet inherit_phone\"  data-padding-pos=\"all\" data-has-bg-color=\"false\" data-bg-color=\"\" data-bg-opacity=\"1\" data-animation=\"\" data-delay=\"0\" >\n\t\t<div class=\"vc_column-inner\" >\n\t\t\t<div class=\"wpb_wrapper\">\n\t\t\t\t\n<div class=\"wpb_text_column wpb_content_element\" >\n\t<div class=\"wpb_wrapper\">\n\t\t<p>En los \u00faltimos a\u00f1os, WhatsApp se ha convertido en una de las plataformas de mensajer\u00eda instant\u00e1nea m\u00e1s utilizadas del mundo. Con la creciente importancia de las comunicaciones digitales en el mundo empresarial, es fundamental gestionar tu presencia en WhatsApp de forma eficiente y estrat\u00e9gica. SendApp es una potente herramienta que te permite enviar mensajes programados en WhatsApp, lo que facilita la gesti\u00f3n de tus comunicaciones y la planificaci\u00f3n de tus estrategias de marketing con antelaci\u00f3n. Descubramos juntos c\u00f3mo usar SendApp para optimizar tus comunicaciones en WhatsApp.<\/p>\n<h2>C\u00f3mo enviar mensajes programados en WhatsApp<\/h2>\n<p>Con SendApp, puedes enviar mensajes programados en WhatsApp de forma r\u00e1pida y sencilla. Simplemente establece la fecha y hora de env\u00edo y listo. Esta funci\u00f3n te permite organizar tus comunicaciones de forma eficiente y mantener un flujo constante de mensajes para tus contactos.<\/p>\n<h2>Usar SendApp para programar mensajes<\/h2>\n<p>SendApp es una herramienta integral que te permite gestionar f\u00e1cilmente tus mensajes de WhatsApp. Puedes crear listas de contactos, planificar campa\u00f1as de marketing, enviar mensajes multimedia y mucho m\u00e1s. Con su interfaz intuitiva y funciones avanzadas, SendApp te ayuda a optimizar eficazmente tu presencia en WhatsApp.<\/p>\n<h2>Gestiona tus mensajes de WhatsApp con antelaci\u00f3n<\/h2>\n<p>Con SendApp, puedes programar tus mensajes de WhatsApp con antelaci\u00f3n, ahorrando tiempo y manteniendo un control preciso de tus comunicaciones. Esta funci\u00f3n te permite organizar tus tareas eficientemente y asegurar que tus mensajes se env\u00eden en el momento m\u00e1s oportuno.<\/p>\n<h2>Automatizar las comunicaciones v\u00eda WhatsApp<\/h2>\n<p>SendApp te permite automatizar tus comunicaciones de WhatsApp, permiti\u00e9ndote enviar mensajes programados, crear campa\u00f1as de marketing y gestionar eficientemente las interacciones con tus clientes. Esta funci\u00f3n te permite optimizar tu tiempo y concentrarte en las actividades m\u00e1s estrat\u00e9gicas para tu negocio.<\/p>\n<h2>Ahorra tiempo con SendApp<\/h2>\n<p>SendApp te ayuda a ahorrar tiempo en la gesti\u00f3n de tus comunicaciones de WhatsApp. Gracias a la posibilidad de enviar mensajes programados y automatizar tareas, puedes centrarte en otras tareas importantes de tu negocio, minimizando la p\u00e9rdida de tiempo y recursos.<\/p>\n<h2>Crea campa\u00f1as de marketing efectivas en WhatsApp<\/h2>\n<p>SendApp te permite crear y gestionar campa\u00f1as de marketing efectivas en WhatsApp, lo que te permite llegar a tus clientes de forma estrat\u00e9gica y espec\u00edfica. Puedes planificar y enviar mensajes personalizados, supervisar el rendimiento de las campa\u00f1as y mejorar continuamente tu estrategia de marketing.<\/p>\n<h2>Configura mensajes programados con facilidad<\/h2>\n<p>Con SendApp, puedes programar mensajes f\u00e1cilmente. Simplemente selecciona los contactos a los que quieres enviar el mensaje, elige la fecha y la hora, \u00a1y listo! Gracias a su interfaz intuitiva y funciones avanzadas, SendApp facilita enormemente la programaci\u00f3n de mensajes de WhatsApp.<\/p>\n<h2>Aumente la eficiencia de su comunicaci\u00f3n<\/h2>\n<p>SendApp te ayuda a mejorar la eficiencia de tus comunicaciones por WhatsApp permiti\u00e9ndote enviar mensajes programados, automatizar tus tareas y gestionar las interacciones con tus clientes de forma estrat\u00e9gica y precisa. Con SendApp, puedes optimizar tu presencia en WhatsApp y garantizar una comunicaci\u00f3n eficaz con tus contactos.<\/p>\n<h2>Optimiza tu presencia en WhatsApp<\/h2>\n<p>SendApp te permite optimizar tu presencia en WhatsApp, lo que te permite gestionar eficazmente tus comunicaciones y mantener relaciones continuas con tus clientes. Gracias a sus funciones avanzadas y su facilidad de uso, SendApp te ayuda a mantener una presencia estrat\u00e9gica y espec\u00edfica en WhatsApp.<\/p>\n<h2>Aprovechar al m\u00e1ximo el potencial de SendApp<\/h2>\n<p>SendApp es una potente herramienta que te permite aprovechar al m\u00e1ximo el potencial de WhatsApp para tus comunicaciones. Con SendApp, puedes enviar mensajes programados, crear campa\u00f1as de marketing efectivas, automatizar tus tareas y aumentar la eficiencia de tus comunicaciones. Descubre c\u00f3mo SendApp puede ayudarte a optimizar tu presencia en WhatsApp y alcanzar tus objetivos comerciales.<\/p>\n<p>SendApp es la soluci\u00f3n ideal para quienes desean gestionar eficientemente sus comunicaciones de WhatsApp. Con SendApp, puede enviar mensajes programados, automatizar tareas y crear campa\u00f1as de marketing efectivas, ahorrando tiempo y optimizando su presencia en plataformas digitales. Descubra c\u00f3mo SendApp puede ayudarle a mejorar su estrategia de comunicaci\u00f3n en WhatsApp y alcanzar sus objetivos comerciales.<\/p>\n\t<\/div>\n<\/div>\n\n\n\n\n\t\t\t<\/div> \n\t\t<\/div>\n\t<\/div> \n<\/div><\/div>\n\t\t<div id=\"price\"  data-column-margin=\"default\" data-midnight=\"dark\" data-top-percent=\"4%\" data-bottom-percent=\"7%\"  class=\"wpb_row vc_row-fluid vc_row full-width-section\"  style=\"padding-top: calc(100vw * 0.04); padding-bottom: calc(100vw * 0.07); \"><div class=\"row-bg-wrap\" data-bg-animation=\"none\" data-bg-animation-delay=\"\" data-bg-overlay=\"false\"><div class=\"inner-wrap row-bg-layer\" ><div class=\"row-bg viewport-desktop\"  style=\"\"><\/div><\/div><\/div><div class=\"row_col_wrap_12 col span_12 dark left\">\n\t<div  class=\"vc_col-sm-12 wpb_column column_container vc_column_container col no-extra-padding inherit_tablet inherit_phone\"  data-padding-pos=\"all\" data-has-bg-color=\"false\" data-bg-color=\"\" data-bg-opacity=\"1\" data-animation=\"\" data-delay=\"0\" >\n\t\t<div class=\"vc_column-inner\" >\n\t\t\t<div class=\"wpb_wrapper\">\n\t\t\t\t<div id=\"fws_69f3c89ad9dcd\" data-midnight=\"\" data-column-margin=\"default\" class=\"wpb_row vc_row-fluid vc_row inner_row\"  style=\"\"><div class=\"row-bg-wrap\"> <div class=\"row-bg\" ><\/div> <\/div><div class=\"row_col_wrap_12_inner col span_12  left\">\n\t<div  class=\"vc_col-sm-12 wpb_column column_container vc_column_container col child_column centered-text has-animation no-extra-padding inherit_tablet inherit_phone\"   data-padding-pos=\"all\" data-has-bg-color=\"false\" data-bg-color=\"\" data-bg-opacity=\"1\" data-animation=\"fade-in\" data-delay=\"0\" >\n\t\t<div class=\"vc_column-inner\" >\n\t\t<div class=\"wpb_wrapper\">\n\t\t\t\n<div class=\"wpb_text_column wpb_content_element  vc_custom_1712152870190\" >\n\t<div class=\"wpb_wrapper\">\n\t\t<section class=\"main-section main-section-full main-section-slim\">\n<h1 class=\"row\">Precios sencillos y transparentes<\/h1>\n<h3 class=\"row\">Sin tarifas ni costes por mensaje.<\/h3>\n<p><span style=\"color: #999999;\">El precio var\u00eda en funci\u00f3n de las funciones incluidas y del n\u00famero de env\u00edos autom\u00e1ticos.<\/span><\/p>\n<\/section>\n\t<\/div>\n<\/div>\n\n\n\n\n\t\t<\/div> \n\t<\/div>\n\t<\/div> \n<\/div><\/div><div class=\"row pricing-table four-cols\" data-style=\"flat-alternative\"><div class=\"pricing-column no-highlight accent-color\">\n\t\t\t<h3>Free<\/h3>\n          <div class=\"pricing-column-content\">\n\t\t\t<h4> <span class=\"dollar-sign\">\u20ac<\/span> 0 <\/h4>\n\t\t\t<span class=\"interval\">7 Dias<\/span>\n<div class=\"wpb_text_column wpb_content_element\" >\n\t<div class=\"wpb_wrapper\">\n\t\t<h6><a class=\"nectar-button n-sc-button large accent-color has-icon regular-button\"  href=\"https:\/\/sendapp.live\/es\/producto\/sin-sendapp\/\" data-color-override=\"false\" data-hover-color-override=\"false\" data-hover-text-color-override=\"#fff\"><span>Download<\/span><i class=\"icon-button-arrow\"><\/i><\/a><\/h6>\n<h6><i class=\"icon-tiny fa fa-check accent-color\"><\/i> 20 Env\u00edos autom\u00e1ticos<\/h6>\n<h6><i class=\"icon-tiny fa fa-check accent-color\"><\/i> 7 Dias<\/h6>\n<h6><i class=\"icon-tiny fa fa-check accent-color\"><\/i> Directorio de contactos<\/h6>\n<h6><i class=\"icon-tiny fa fa-check accent-color\"><\/i> Informe de presentaci\u00f3n<\/h6>\n<h6><i class=\"icon-tiny fa fa-check accent-color\"><\/i> Respuesta autom\u00e1tica<\/h6>\n<h6><i class=\"icon-tiny fa fa-check accent-color\"><\/i> Biblioteca de fotos<\/h6>\n<h6><i class=\"icon-tiny fa fa-check accent-color\"><\/i> Foto de archivo gratis<\/h6>\n<h6><i class=\"icon-tiny fa fa-check accent-color\"><\/i> Editor de fotos<\/h6>\n<h6><del><i class=\"icon-tiny fa fa-check accent-color\"><\/i> Planificaci\u00f3n<\/del><\/h6>\n<h6><del><i class=\"icon-tiny fa fa-check accent-color\"><\/i>\u00a0 Puerta de enlace de Whatsapp<\/del><\/h6>\n<h6><del><i class=\"icon-tiny fa fa-check accent-color\"><\/i>\u00a0 Puerta de enlace SMS<\/del><\/h6>\n<h6><del><i class=\"icon-tiny fa fa-check accent-color\"><\/i> Plugin de WordPress<\/del><\/h6>\n<h6><del><i class=\"icon-tiny fa fa-check accent-color\"><\/i> Atenci\u00f3n al cliente<\/del><\/h6>\n\t<\/div>\n<\/div>\n\n\n\n<\/div><\/div><div class=\"pricing-column no-highlight accent-color\">\n\t\t\t<h3>Pro<\/h3>\n          <div class=\"pricing-column-content\">\n\t\t\t<h4> <span class=\"dollar-sign\">\u20ac<\/span> 90 <\/h4>\n\t\t\t<span class=\"interval\">Para siempre<\/span>\n<div class=\"wpb_text_column wpb_content_element\" >\n\t<div class=\"wpb_wrapper\">\n\t\t<h6><a class=\"nectar-button n-sc-button large accent-color has-icon regular-button\"  href=\"https:\/\/sendapp.live\/es\/producto\/sendapp-professional\/\" data-color-override=\"false\" data-hover-color-override=\"false\" data-hover-text-color-override=\"#fff\"><span>comprar<\/span><i class=\"icon-button-arrow\"><\/i><\/a><\/h6>\n<h6><i class=\"icon-tiny fa fa-check accent-color\"><\/i> 200 presentaciones autom\u00e1ticas<\/h6>\n<h6><i class=\"icon-tiny fa fa-check accent-color\"><\/i> Para siempre<\/h6>\n<h6><i class=\"icon-tiny fa fa-check accent-color\"><\/i> Directorio de contactos<\/h6>\n<h6><i class=\"icon-tiny fa fa-check accent-color\"><\/i> Informe de presentaci\u00f3n<\/h6>\n<h6><del><i class=\"icon-tiny fa fa-check accent-color\"><\/i> Respuesta autom\u00e1tica<\/del><\/h6>\n<h6><i class=\"icon-tiny fa fa-check accent-color\"><\/i> Biblioteca de fotos<\/h6>\n<h6><i class=\"icon-tiny fa fa-check accent-color\"><\/i> Foto de archivo gratis<\/h6>\n<h6><i class=\"icon-tiny fa fa-check accent-color\"><\/i> Editor de fotos<\/h6>\n<h6><del><i class=\"icon-tiny fa fa-check accent-color\"><\/i> Planificaci\u00f3n<\/del><\/h6>\n<h6><del><i class=\"icon-tiny fa fa-check accent-color\"><\/i>\u00a0Puerta de enlace de Whatsapp<\/del><\/h6>\n<h6><del><i class=\"icon-tiny fa fa-check accent-color\"><\/i>\u00a0Puerta de enlace SMS<\/del><\/h6>\n<h6><del><i class=\"icon-tiny fa fa-check accent-color\"><\/i> Plugin de WordPress<\/del><\/h6>\n<h6><i class=\"icon-tiny fa fa-check accent-color\"><\/i> Atenci\u00f3n al cliente<\/h6>\n\t<\/div>\n<\/div>\n\n\n\n<\/div><\/div><div class=\"pricing-column highlight accent-color\">\n\t\t\t<h3>Business<span class=\"highlight-reason\">recomendado<\/span><\/h3>\n          <div class=\"pricing-column-content\">\n\t\t\t<h4> <span class=\"dollar-sign\">\u20ac<\/span> 199 <\/h4>\n\t\t\t<span class=\"interval\">Para siempre<\/span>\n<div class=\"wpb_text_column wpb_content_element\" >\n\t<div class=\"wpb_wrapper\">\n\t\t<h6><a class=\"nectar-button n-sc-button large accent-color has-icon regular-button\"  href=\"https:\/\/sendapp.live\/es\/producto\/sendapp-negocio\/\" data-color-override=\"false\" data-hover-color-override=\"false\" data-hover-text-color-override=\"#fff\"><span>comprar<\/span><i class=\"icon-button-arrow\"><\/i><\/a><\/h6>\n<h6><i class=\"icon-tiny fa fa-check accent-color\"><\/i> Presentaciones ilimitadas<\/h6>\n<h6><i class=\"icon-tiny fa fa-check accent-color\"><\/i> Para siempre<\/h6>\n<h6><i class=\"icon-tiny fa fa-check accent-color\"><\/i> Directorio de contactos<\/h6>\n<h6><i class=\"icon-tiny fa fa-check accent-color\"><\/i> Informe de presentaci\u00f3n<\/h6>\n<h6><i class=\"icon-tiny fa fa-check accent-color\"><\/i> Respuesta autom\u00e1tica<\/h6>\n<h6><i class=\"icon-tiny fa fa-check accent-color\"><\/i> Biblioteca de fotos<\/h6>\n<h6><i class=\"icon-tiny fa fa-check accent-color\"><\/i> Foto de archivo gratis<\/h6>\n<h6><i class=\"icon-tiny fa fa-check accent-color\"><\/i> Editor de fotos<\/h6>\n<h6><i class=\"icon-tiny fa fa-check accent-color\"><\/i> Planificaci\u00f3n<\/h6>\n<h6><del><i class=\"icon-tiny fa fa-check accent-color\"><\/i> Puerta de enlace de Whatsapp<\/del><\/h6>\n<h6><i class=\"icon-tiny fa fa-check accent-color\"><\/i> Puerta de enlace SMS<\/h6>\n<h6><del><i class=\"icon-tiny fa fa-check accent-color\"><\/i> Plugin de WordPress<\/del><\/h6>\n<h6><i class=\"icon-tiny fa fa-check accent-color\"><\/i> Atenci\u00f3n al cliente<\/h6>\n\t<\/div>\n<\/div>\n\n\n\n<\/div><\/div><div class=\"pricing-column no-highlight accent-color\">\n\t\t\t<h3>Connect<\/h3>\n          <div class=\"pricing-column-content\">\n\t\t\t<h4> <span class=\"dollar-sign\">\u20ac<\/span> 299 <\/h4>\n\t\t\t<span class=\"interval\">Para siempre<\/span>\n<div class=\"wpb_text_column wpb_content_element\" >\n\t<div class=\"wpb_wrapper\">\n\t\t<h6><a class=\"nectar-button n-sc-button large accent-color has-icon regular-button\"  href=\"https:\/\/sendapp.live\/es\/producto\/sendapp-web-connect\/\" data-color-override=\"false\" data-hover-color-override=\"false\" data-hover-text-color-override=\"#fff\"><span>comprar<\/span><i class=\"icon-button-arrow\"><\/i><\/a><\/h6>\n<h6><i class=\"icon-tiny fa fa-check accent-color\"><\/i> Presentaciones ilimitadas<\/h6>\n<h6><i class=\"icon-tiny fa fa-check accent-color\"><\/i> Para siempre<\/h6>\n<h6><i class=\"icon-tiny fa fa-check accent-color\"><\/i> Directorio de contactos<\/h6>\n<h6><i class=\"icon-tiny fa fa-check accent-color\"><\/i> Informe de presentaci\u00f3n<\/h6>\n<h6><i class=\"icon-tiny fa fa-check accent-color\"><\/i> Respuesta autom\u00e1tica<\/h6>\n<h6><i class=\"icon-tiny fa fa-check accent-color\"><\/i> Biblioteca de fotos<\/h6>\n<h6><i class=\"icon-tiny fa fa-check accent-color\"><\/i> Foto de archivo gratis<\/h6>\n<h6><i class=\"icon-tiny fa fa-check accent-color\"><\/i> Editor de fotos<\/h6>\n<h6><i class=\"icon-tiny fa fa-check accent-color\"><\/i> Planificaci\u00f3n<\/h6>\n<h6><i class=\"icon-tiny fa fa-check accent-color\"><\/i>\u00a0Puerta de enlace de Whatsapp<\/h6>\n<h6><i class=\"icon-tiny fa fa-check accent-color\"><\/i>\u00a0Puerta de enlace SMS<\/h6>\n<h6><i class=\"icon-tiny fa fa-check accent-color\"><\/i> Plugin de WordPress<\/h6>\n<h6><i class=\"icon-tiny fa fa-check accent-color\"><\/i> Atenci\u00f3n al cliente<\/h6>\n\t<\/div>\n<\/div>\n\n\n\n<\/div><\/div><\/div>\n\t\t\t<\/div> \n\t\t<\/div>\n\t<\/div> \n<\/div><\/div>","protected":false},"excerpt":{"rendered":"Programa mensajes de WhatsApp con SendApp. En los \u00faltimos a\u00f1os, WhatsApp se ha convertido en una de las plataformas de mensajer\u00eda instant\u00e1nea m\u00e1s utilizadas del mundo. Con la creciente importancia de las comunicaciones digitales en el mundo...","protected":false},"author":1,"featured_media":0,"parent":0,"menu_order":0,"comment_status":"closed","ping_status":"closed","template":"","meta":{"_daim_seo_power":"","_daim_enable_ail":"","footnotes":""},"class_list":["post-30103","page","type-page","status-publish"],"yoast_head":"<!-- This site is optimized with the Yoast SEO Premium plugin v27.5 (Yoast SEO v27.5) - https:\/\/yoast.com\/product\/yoast-seo-premium-wordpress\/ -->\n<title>Messaggi programmati WhatsApp con Sendapp<\/title>\n<meta name=\"description\" content=\"Messaggi programmati whatsapp. Effortlessly send bulk WhatsApp messages and automate your marketing campaigns with SendApp. Increase your reach and attract immediate interest.\" \/>\n<meta name=\"robots\" content=\"index, follow, max-snippet:-1, max-image-preview:large, max-video-preview:-1\" \/>\n<link rel=\"canonical\" href=\"https:\/\/sendapp.live\/es\/mensajes-programados-de-whatsapp\/\" \/>\n<meta property=\"og:locale\" content=\"es_ES\" \/>\n<meta property=\"og:type\" content=\"article\" \/>\n<meta property=\"og:title\" content=\"messaggi programmati whatsapp\" \/>\n<meta property=\"og:description\" content=\"Messaggi programmati whatsapp. Effortlessly send bulk WhatsApp messages and automate your marketing campaigns with SendApp. Increase your reach and attract immediate interest.\" \/>\n<meta property=\"og:url\" content=\"https:\/\/sendapp.live\/es\/mensajes-programados-de-whatsapp\/\" \/>\n<meta property=\"og:site_name\" content=\"SendApp - Software Whatsapp Marketing\" \/>\n<meta property=\"article:publisher\" content=\"https:\/\/www.facebook.com\/sendapp.live\" \/>\n<meta property=\"article:modified_time\" content=\"2024-11-18T15:58:56+00:00\" \/>\n<meta name=\"twitter:card\" content=\"summary_large_image\" \/>\n<meta name=\"twitter:site\" content=\"@sendapp_live\" \/>\n<meta name=\"twitter:label1\" content=\"Tiempo de lectura\" \/>\n\t<meta name=\"twitter:data1\" content=\"6 minutos\" \/>\n<script type=\"application\/ld+json\" class=\"yoast-schema-graph\">{\"@context\":\"https:\\\/\\\/schema.org\",\"@graph\":[{\"@type\":\"WebPage\",\"@id\":\"https:\\\/\\\/sendapp.live\\\/messaggi-programmati-whatsapp\\\/\",\"url\":\"https:\\\/\\\/sendapp.live\\\/messaggi-programmati-whatsapp\\\/\",\"name\":\"Messaggi programmati WhatsApp con Sendapp\",\"isPartOf\":{\"@id\":\"https:\\\/\\\/sendapp.live\\\/it\\\/#website\"},\"datePublished\":\"2024-06-20T17:30:54+00:00\",\"dateModified\":\"2024-11-18T15:58:56+00:00\",\"description\":\"Messaggi programmati whatsapp. Effortlessly send bulk WhatsApp messages and automate your marketing campaigns with SendApp. Increase your reach and attract immediate interest.\",\"breadcrumb\":{\"@id\":\"https:\\\/\\\/sendapp.live\\\/messaggi-programmati-whatsapp\\\/#breadcrumb\"},\"inLanguage\":\"es\",\"potentialAction\":[{\"@type\":\"ReadAction\",\"target\":[\"https:\\\/\\\/sendapp.live\\\/messaggi-programmati-whatsapp\\\/\"]}]},{\"@type\":\"BreadcrumbList\",\"@id\":\"https:\\\/\\\/sendapp.live\\\/messaggi-programmati-whatsapp\\\/#breadcrumb\",\"itemListElement\":[{\"@type\":\"ListItem\",\"position\":1,\"name\":\"Home\",\"item\":\"https:\\\/\\\/sendapp.live\\\/\"},{\"@type\":\"ListItem\",\"position\":2,\"name\":\"messaggi programmati whatsapp\"}]},{\"@type\":\"WebSite\",\"@id\":\"https:\\\/\\\/sendapp.live\\\/it\\\/#website\",\"url\":\"https:\\\/\\\/sendapp.live\\\/it\\\/\",\"name\":\"SendApp\",\"description\":\"Automate Your Messages &amp; Grow Your Business\",\"publisher\":{\"@id\":\"https:\\\/\\\/sendapp.live\\\/it\\\/#organization\"},\"alternateName\":\"SendApp WhatsApp Marketing\",\"potentialAction\":[{\"@type\":\"SearchAction\",\"target\":{\"@type\":\"EntryPoint\",\"urlTemplate\":\"https:\\\/\\\/sendapp.live\\\/it\\\/?s={search_term_string}\"},\"query-input\":{\"@type\":\"PropertyValueSpecification\",\"valueRequired\":true,\"valueName\":\"search_term_string\"}}],\"inLanguage\":\"es\"},{\"@type\":\"Organization\",\"@id\":\"https:\\\/\\\/sendapp.live\\\/it\\\/#organization\",\"name\":\"SendApp\",\"url\":\"https:\\\/\\\/sendapp.live\\\/it\\\/\",\"logo\":{\"@type\":\"ImageObject\",\"inLanguage\":\"es\",\"@id\":\"https:\\\/\\\/sendapp.live\\\/it\\\/#\\\/schema\\\/logo\\\/image\\\/\",\"url\":\"https:\\\/\\\/sendapp.live\\\/wp-content\\\/uploads\\\/2025\\\/04\\\/Logo-Sendapp-300x60-1.png\",\"contentUrl\":\"https:\\\/\\\/sendapp.live\\\/wp-content\\\/uploads\\\/2025\\\/04\\\/Logo-Sendapp-300x60-1.png\",\"width\":300,\"height\":60,\"caption\":\"SendApp\"},\"image\":{\"@id\":\"https:\\\/\\\/sendapp.live\\\/it\\\/#\\\/schema\\\/logo\\\/image\\\/\"},\"sameAs\":[\"https:\\\/\\\/www.facebook.com\\\/sendapp.live\",\"https:\\\/\\\/x.com\\\/sendapp_live\",\"https:\\\/\\\/www.instagram.com\\\/sendapp.live\",\"https:\\\/\\\/www.youtube.com\\\/channel\\\/UC2gaLpi0-OJLG4CFbOr6mLw\",\"https:\\\/\\\/it.trustpilot.com\\\/review\\\/sendapp.live\"],\"description\":\"Piattaforma italiana di WhatsApp Marketing con API ufficiali Meta. Assistente AI, campagne massive, SMS Gateway gratuito, Google Calendar, automazioni. Da \u20ac16\\\/mese senza markup sui messaggi.\",\"email\":\"info@sendapp.live\",\"foundingDate\":\"2016-07-25\"}]}<\/script>\n<!-- \/ Yoast SEO Premium plugin. -->","yoast_head_json":{"title":"Programa mensajes de WhatsApp con Sendapp","description":"Mensajes programados de WhatsApp. Env\u00eda mensajes masivos de WhatsApp f\u00e1cilmente y automatiza tus campa\u00f1as de marketing con SendApp. Aumenta tu alcance y capta inter\u00e9s inmediato.","robots":{"index":"index","follow":"follow","max-snippet":"max-snippet:-1","max-image-preview":"max-image-preview:large","max-video-preview":"max-video-preview:-1"},"canonical":"https:\/\/sendapp.live\/es\/mensajes-programados-de-whatsapp\/","og_locale":"es_ES","og_type":"article","og_title":"messaggi programmati whatsapp","og_description":"Messaggi programmati whatsapp. Effortlessly send bulk WhatsApp messages and automate your marketing campaigns with SendApp. Increase your reach and attract immediate interest.","og_url":"https:\/\/sendapp.live\/es\/mensajes-programados-de-whatsapp\/","og_site_name":"SendApp - Software Whatsapp Marketing","article_publisher":"https:\/\/www.facebook.com\/sendapp.live","article_modified_time":"2024-11-18T15:58:56+00:00","twitter_card":"summary_large_image","twitter_site":"@sendapp_live","twitter_misc":{"Tiempo de lectura":"6 minutos"},"schema":{"@context":"https:\/\/schema.org","@graph":[{"@type":"WebPage","@id":"https:\/\/sendapp.live\/messaggi-programmati-whatsapp\/","url":"https:\/\/sendapp.live\/messaggi-programmati-whatsapp\/","name":"Programa mensajes de WhatsApp con Sendapp","isPartOf":{"@id":"https:\/\/sendapp.live\/it\/#website"},"datePublished":"2024-06-20T17:30:54+00:00","dateModified":"2024-11-18T15:58:56+00:00","description":"Mensajes programados de WhatsApp. Env\u00eda mensajes masivos de WhatsApp f\u00e1cilmente y automatiza tus campa\u00f1as de marketing con SendApp. Aumenta tu alcance y capta inter\u00e9s inmediato.","breadcrumb":{"@id":"https:\/\/sendapp.live\/messaggi-programmati-whatsapp\/#breadcrumb"},"inLanguage":"es","potentialAction":[{"@type":"ReadAction","target":["https:\/\/sendapp.live\/messaggi-programmati-whatsapp\/"]}]},{"@type":"BreadcrumbList","@id":"https:\/\/sendapp.live\/messaggi-programmati-whatsapp\/#breadcrumb","itemListElement":[{"@type":"ListItem","position":1,"name":"Home","item":"https:\/\/sendapp.live\/"},{"@type":"ListItem","position":2,"name":"messaggi programmati whatsapp"}]},{"@type":"WebSite","@id":"https:\/\/sendapp.live\/it\/#website","url":"https:\/\/sendapp.live\/it\/","name":"SendApp","description":"Automatice sus mensajes y haga crecer su negocio","publisher":{"@id":"https:\/\/sendapp.live\/it\/#organization"},"alternateName":"SendApp WhatsApp Marketing","potentialAction":[{"@type":"SearchAction","target":{"@type":"EntryPoint","urlTemplate":"https:\/\/sendapp.live\/it\/?s={search_term_string}"},"query-input":{"@type":"PropertyValueSpecification","valueRequired":true,"valueName":"search_term_string"}}],"inLanguage":"es"},{"@type":"Organization","@id":"https:\/\/sendapp.live\/it\/#organization","name":"SendApp","url":"https:\/\/sendapp.live\/it\/","logo":{"@type":"ImageObject","inLanguage":"es","@id":"https:\/\/sendapp.live\/it\/#\/schema\/logo\/image\/","url":"https:\/\/sendapp.live\/wp-content\/uploads\/2025\/04\/Logo-Sendapp-300x60-1.png","contentUrl":"https:\/\/sendapp.live\/wp-content\/uploads\/2025\/04\/Logo-Sendapp-300x60-1.png","width":300,"height":60,"caption":"SendApp"},"image":{"@id":"https:\/\/sendapp.live\/it\/#\/schema\/logo\/image\/"},"sameAs":["https:\/\/www.facebook.com\/sendapp.live","https:\/\/x.com\/sendapp_live","https:\/\/www.instagram.com\/sendapp.live","https:\/\/www.youtube.com\/channel\/UC2gaLpi0-OJLG4CFbOr6mLw","https:\/\/it.trustpilot.com\/review\/sendapp.live"],"description":"Plataforma italiana de marketing por WhatsApp con API Meta oficial. Asistente de IA, campa\u00f1as masivas, pasarela SMS gratuita, Google Calendar, automatizaciones. Desde 16 \u20ac\/mes sin recargo por mensaje.","email":"info@sendapp.live","foundingDate":"2016-07-25"}]}},"_links":{"self":[{"href":"https:\/\/sendapp.live\/es\/wp-json\/wp\/v2\/pages\/30103","targetHints":{"allow":["GET"]}}],"collection":[{"href":"https:\/\/sendapp.live\/es\/wp-json\/wp\/v2\/pages"}],"about":[{"href":"https:\/\/sendapp.live\/es\/wp-json\/wp\/v2\/types\/page"}],"author":[{"embeddable":true,"href":"https:\/\/sendapp.live\/es\/wp-json\/wp\/v2\/users\/1"}],"replies":[{"embeddable":true,"href":"https:\/\/sendapp.live\/es\/wp-json\/wp\/v2\/comments?post=30103"}],"version-history":[{"count":5,"href":"https:\/\/sendapp.live\/es\/wp-json\/wp\/v2\/pages\/30103\/revisions"}],"predecessor-version":[{"id":30259,"href":"https:\/\/sendapp.live\/es\/wp-json\/wp\/v2\/pages\/30103\/revisions\/30259"}],"wp:attachment":[{"href":"https:\/\/sendapp.live\/es\/wp-json\/wp\/v2\/media?parent=30103"}],"curies":[{"name":"wp","href":"https:\/\/api.w.org\/{rel}","templated":true}]}}