{"id":30112,"date":"2024-06-20T19:35:05","date_gmt":"2024-06-20T17:35:05","guid":{"rendered":"https:\/\/sendapp.live\/?page_id=30112"},"modified":"2024-06-24T22:29:08","modified_gmt":"2024-06-24T20:29:08","slug":"software-envio-mensajes-whatsapp","status":"publish","type":"page","link":"https:\/\/sendapp.live\/es\/software-invio-messaggi-whatsapp\/","title":{"rendered":"software env\u00edo mensajes whatsapp"},"content":{"rendered":"<div id=\"fws_69d24dca5edb6\"  data-column-margin=\"default\" data-midnight=\"dark\" data-top-percent=\"5%\" data-bottom-percent=\"5%\"  class=\"wpb_row vc_row-fluid vc_row  right_padding_5pct left_padding_5pct\"  style=\"padding-top: calc(100vw * 0.05); padding-bottom: calc(100vw * 0.05); \"><div class=\"row-bg-wrap\" data-bg-animation=\"none\" data-bg-animation-delay=\"\" data-bg-overlay=\"false\"><div class=\"inner-wrap row-bg-layer\" ><div class=\"row-bg viewport-desktop\"  style=\"\"><\/div><\/div><\/div><div class=\"row_col_wrap_12 col span_12 dark left\">\n\t<div  class=\"vc_col-sm-12 wpb_column column_container vc_column_container col no-extra-padding inherit_tablet inherit_phone\"  data-padding-pos=\"all\" data-has-bg-color=\"false\" data-bg-color=\"\" data-bg-opacity=\"1\" data-animation=\"\" data-delay=\"0\" >\n\t\t<div class=\"vc_column-inner\" >\n\t\t\t<div class=\"wpb_wrapper\">\n\t\t\t\t<h1 style=\"font-size: 65px;color: #4b5b75;text-align: center;font-family:Raleway;font-weight:400;font-style:normal\" class=\"vc_custom_heading vc_do_custom_heading vc_custom_1719260843523\" >SendApp el software de env\u00edo de mensajes de WhatsApp<\/h1>\n\t\t\t<\/div> \n\t\t<\/div>\n\t<\/div> \n<\/div><\/div>\n\t\t<div id=\"fws_69d24dca5f327\"  data-column-margin=\"default\" data-midnight=\"dark\"  class=\"wpb_row vc_row-fluid vc_row\"  style=\"padding-top: 0px; padding-bottom: 0px; \"><div class=\"row-bg-wrap\" data-bg-animation=\"none\" data-bg-animation-delay=\"\" data-bg-overlay=\"false\"><div class=\"inner-wrap row-bg-layer\" ><div class=\"row-bg viewport-desktop\"  style=\"\"><\/div><\/div><\/div><div class=\"row_col_wrap_12 col span_12 dark left\">\n\t<div  class=\"vc_col-sm-12 wpb_column column_container vc_column_container col no-extra-padding inherit_tablet inherit_phone\"  data-padding-pos=\"all\" data-has-bg-color=\"false\" data-bg-color=\"\" data-bg-opacity=\"1\" data-animation=\"\" data-delay=\"0\" >\n\t\t<div class=\"vc_column-inner\" >\n\t\t\t<div class=\"wpb_wrapper\">\n\t\t\t\t\n<div class=\"wpb_text_column wpb_content_element\" >\n\t<div class=\"wpb_wrapper\">\n\t\t<p>SendApp es un software innovador dise\u00f1ado para simplificar el env\u00edo de mensajes en WhatsApp, ofreciendo a empresas y usuarios la posibilidad de gestionar sus chats de forma eficiente. Gracias a sus funciones avanzadas, SendApp se ha consolidado r\u00e1pidamente como una herramienta indispensable para quienes desean comunicarse eficazmente a trav\u00e9s de la popular plataforma de mensajer\u00eda instant\u00e1nea.<\/p>\n<h2>Introducci\u00f3n a SendApp: el software para enviar mensajes en WhatsApp<\/h2>\n<p>SendApp es un software especializado de mensajer\u00eda de WhatsApp que ofrece diversas funciones avanzadas para simplificar la gesti\u00f3n del chat. Con SendApp, puedes enviar mensajes personalizados a una amplia audiencia de forma r\u00e1pida y eficaz, agilizando la comunicaci\u00f3n con clientes y prospectos.<\/p>\n<h2>C\u00f3mo funciona SendApp: la plataforma de gesti\u00f3n de chat<\/h2>\n<p>SendApp permite a los usuarios importar contactos f\u00e1cilmente, crear listas de distribuci\u00f3n y enviar mensajes personalizados a grupos de personas. Adem\u00e1s, puedes programar mensajes para planificar las comunicaciones con antelaci\u00f3n y garantizar una gesti\u00f3n m\u00e1s eficiente de los chats de WhatsApp.<\/p>\n<h2>Beneficios de usar SendApp para enviar mensajes en WhatsApp<\/h2>\n<p>El uso de SendApp ofrece numerosos beneficios, entre ellos la posibilidad de llegar a una gran audiencia de forma r\u00e1pida y eficaz, personalizar los mensajes para aumentar la participaci\u00f3n y la fidelizaci\u00f3n de los clientes y simplificar la gesti\u00f3n de las comunicaciones de WhatsApp gracias a sus funciones avanzadas.<\/p>\n<h2>SendApp vs. otros programas para enviar mensajes de WhatsApp: Comparaci\u00f3n<\/h2>\n<p>En comparaci\u00f3n con otras aplicaciones de mensajer\u00eda de WhatsApp, SendApp destaca por su facilidad de uso, versatilidad y funciones avanzadas. Gracias a su interfaz intuitiva y su eficaz gesti\u00f3n de chats, SendApp es la opci\u00f3n ideal para empresas que buscan una comunicaci\u00f3n eficaz a trav\u00e9s de WhatsApp.<\/p>\n<h2>Pasos para utilizar SendApp en tu negocio o empresa<\/h2>\n<p>Para usar SendApp para tu negocio o empresa, simplemente reg\u00edstrate en la web oficial, importa tus contactos, crea listas de distribuci\u00f3n y empieza a enviar mensajes personalizados. Gracias a su sencilla interfaz, SendApp se adapta f\u00e1cilmente a las necesidades de cualquier negocio, permiti\u00e9ndote optimizar tus comunicaciones de WhatsApp.<\/p>\n<h2>SendApp: La soluci\u00f3n para enviar mensajes en WhatsApp de forma efectiva<\/h2>\n<p>SendApp ha demostrado ser la soluci\u00f3n ideal para enviar mensajes de WhatsApp de forma eficaz, gracias a sus funciones avanzadas y su interfaz intuitiva. Con SendApp, las empresas pueden optimizar sus comunicaciones por WhatsApp, llegando a una amplia audiencia y aumentando la interacci\u00f3n con sus clientes.<\/p>\n<h2>Costos de SendApp: \u00bfCu\u00e1nto cuesta enviar mensajes en WhatsApp?<\/h2>\n<p>El costo de SendApp var\u00eda seg\u00fan el plan que elijas, que ofrece diferentes opciones para adaptarse a tus necesidades. Sin embargo, SendApp sigue siendo una inversi\u00f3n rentable para empresas que buscan optimizar sus comunicaciones de WhatsApp, ofreciendo una excelente relaci\u00f3n calidad-precio.<\/p>\n<h2>Rese\u00f1as de usuarios que han utilizado SendApp para WhatsApp<\/h2>\n<p>Las rese\u00f1as de los usuarios que han usado SendApp para enviar mensajes en WhatsApp son sumamente positivas, destacando la facilidad de uso, la eficacia y la eficiencia del software. Gracias a sus funciones avanzadas y su versatilidad, SendApp ha recibido numerosas rese\u00f1as positivas, lo que confirma su eficacia para enviar mensajes.<\/p>\n<h2>Posibles desarrollos futuros de SendApp en el sector de la mensajer\u00eda<\/h2>\n<p>SendApp busca seguir innovando en la industria de la mensajer\u00eda de WhatsApp, introduciendo constantemente nuevas funciones y mejoras para satisfacer mejor las necesidades de los usuarios. Gracias a su constante evoluci\u00f3n, SendApp se mantiene como un referente en la industria de la mensajer\u00eda de WhatsApp.<\/p>\n<p>&nbsp;<\/p>\n<p>En conclusi\u00f3n, SendApp se consolida como la mejor opci\u00f3n para enviar mensajes por WhatsApp de forma eficaz y eficiente, ofreciendo a empresas y usuarios la posibilidad de optimizar sus comunicaciones en esta popular plataforma de mensajer\u00eda instant\u00e1nea. Gracias a sus funciones avanzadas, facilidad de uso y eficacia, SendApp se consolida como una herramienta indispensable para quienes desean comunicarse profesionalmente a trav\u00e9s de WhatsApp.<\/p>\n\t<\/div>\n<\/div>\n\n\n\n\n\t\t\t<\/div> \n\t\t<\/div>\n\t<\/div> \n<\/div><\/div>\n\t\t<div id=\"price\"  data-column-margin=\"default\" data-midnight=\"dark\" data-top-percent=\"4%\" data-bottom-percent=\"7%\"  class=\"wpb_row vc_row-fluid vc_row full-width-section\"  style=\"padding-top: calc(100vw * 0.04); padding-bottom: calc(100vw * 0.07); \"><div class=\"row-bg-wrap\" data-bg-animation=\"none\" data-bg-animation-delay=\"\" data-bg-overlay=\"false\"><div class=\"inner-wrap row-bg-layer\" ><div class=\"row-bg viewport-desktop\"  style=\"\"><\/div><\/div><\/div><div class=\"row_col_wrap_12 col span_12 dark left\">\n\t<div  class=\"vc_col-sm-12 wpb_column column_container vc_column_container col no-extra-padding inherit_tablet inherit_phone\"  data-padding-pos=\"all\" data-has-bg-color=\"false\" data-bg-color=\"\" data-bg-opacity=\"1\" data-animation=\"\" data-delay=\"0\" >\n\t\t<div class=\"vc_column-inner\" >\n\t\t\t<div class=\"wpb_wrapper\">\n\t\t\t\t<div id=\"fws_69d24dca5fa34\" data-midnight=\"\" data-column-margin=\"default\" class=\"wpb_row vc_row-fluid vc_row inner_row\"  style=\"\"><div class=\"row-bg-wrap\"> <div class=\"row-bg\" ><\/div> <\/div><div class=\"row_col_wrap_12_inner col span_12  left\">\n\t<div  class=\"vc_col-sm-12 wpb_column column_container vc_column_container col child_column centered-text has-animation no-extra-padding inherit_tablet inherit_phone\"   data-padding-pos=\"all\" data-has-bg-color=\"false\" data-bg-color=\"\" data-bg-opacity=\"1\" data-animation=\"fade-in\" data-delay=\"0\" >\n\t\t<div class=\"vc_column-inner\" >\n\t\t<div class=\"wpb_wrapper\">\n\t\t\t\n<div class=\"wpb_text_column wpb_content_element  vc_custom_1712152870190\" >\n\t<div class=\"wpb_wrapper\">\n\t\t<section class=\"main-section main-section-full main-section-slim\">\n<h1 class=\"row\">Precios sencillos y transparentes<\/h1>\n<h3 class=\"row\">Sin tarifas ni costes por mensaje.<\/h3>\n<p><span style=\"color: #999999;\">El precio var\u00eda en funci\u00f3n de las funciones incluidas y del n\u00famero de env\u00edos autom\u00e1ticos.<\/span><\/p>\n<\/section>\n\t<\/div>\n<\/div>\n\n\n\n\n\t\t<\/div> \n\t<\/div>\n\t<\/div> \n<\/div><\/div><div class=\"row pricing-table four-cols\" data-style=\"flat-alternative\"><div class=\"pricing-column no-highlight accent-color\">\n\t\t\t<h3>Free<\/h3>\n          <div class=\"pricing-column-content\">\n\t\t\t<h4> <span class=\"dollar-sign\">\u20ac<\/span> 0 <\/h4>\n\t\t\t<span class=\"interval\">7 Dias<\/span>\n<div class=\"wpb_text_column wpb_content_element\" >\n\t<div class=\"wpb_wrapper\">\n\t\t<h6><a class=\"nectar-button n-sc-button large accent-color has-icon regular-button\"  href=\"https:\/\/sendapp.live\/es\/producto\/sin-sendapp\/\" data-color-override=\"false\" data-hover-color-override=\"false\" data-hover-text-color-override=\"#fff\"><span>Download<\/span><i class=\"icon-button-arrow\"><\/i><\/a><\/h6>\n<h6><i class=\"icon-tiny fa fa-check accent-color\"><\/i> 20 Env\u00edos autom\u00e1ticos<\/h6>\n<h6><i class=\"icon-tiny fa fa-check accent-color\"><\/i> 7 Dias<\/h6>\n<h6><i class=\"icon-tiny fa fa-check accent-color\"><\/i> Directorio de contactos<\/h6>\n<h6><i class=\"icon-tiny fa fa-check accent-color\"><\/i> Informe de presentaci\u00f3n<\/h6>\n<h6><i class=\"icon-tiny fa fa-check accent-color\"><\/i> Respuesta autom\u00e1tica<\/h6>\n<h6><i class=\"icon-tiny fa fa-check accent-color\"><\/i> Biblioteca de fotos<\/h6>\n<h6><i class=\"icon-tiny fa fa-check accent-color\"><\/i> Foto de archivo gratis<\/h6>\n<h6><i class=\"icon-tiny fa fa-check accent-color\"><\/i> Editor de fotos<\/h6>\n<h6><del><i class=\"icon-tiny fa fa-check accent-color\"><\/i> Planificaci\u00f3n<\/del><\/h6>\n<h6><del><i class=\"icon-tiny fa fa-check accent-color\"><\/i>\u00a0 Puerta de enlace de Whatsapp<\/del><\/h6>\n<h6><del><i class=\"icon-tiny fa fa-check accent-color\"><\/i>\u00a0 Puerta de enlace SMS<\/del><\/h6>\n<h6><del><i class=\"icon-tiny fa fa-check accent-color\"><\/i> Plugin de WordPress<\/del><\/h6>\n<h6><del><i class=\"icon-tiny fa fa-check accent-color\"><\/i> Atenci\u00f3n al cliente<\/del><\/h6>\n\t<\/div>\n<\/div>\n\n\n\n<\/div><\/div><div class=\"pricing-column no-highlight accent-color\">\n\t\t\t<h3>Pro<\/h3>\n          <div class=\"pricing-column-content\">\n\t\t\t<h4> <span class=\"dollar-sign\">\u20ac<\/span> 90 <\/h4>\n\t\t\t<span class=\"interval\">Para siempre<\/span>\n<div class=\"wpb_text_column wpb_content_element\" >\n\t<div class=\"wpb_wrapper\">\n\t\t<h6><a class=\"nectar-button n-sc-button large accent-color has-icon regular-button\"  href=\"https:\/\/sendapp.live\/es\/producto\/sendapp-professional\/\" data-color-override=\"false\" data-hover-color-override=\"false\" data-hover-text-color-override=\"#fff\"><span>comprar<\/span><i class=\"icon-button-arrow\"><\/i><\/a><\/h6>\n<h6><i class=\"icon-tiny fa fa-check accent-color\"><\/i> 200 presentaciones autom\u00e1ticas<\/h6>\n<h6><i class=\"icon-tiny fa fa-check accent-color\"><\/i> Para siempre<\/h6>\n<h6><i class=\"icon-tiny fa fa-check accent-color\"><\/i> Directorio de contactos<\/h6>\n<h6><i class=\"icon-tiny fa fa-check accent-color\"><\/i> Informe de presentaci\u00f3n<\/h6>\n<h6><del><i class=\"icon-tiny fa fa-check accent-color\"><\/i> Respuesta autom\u00e1tica<\/del><\/h6>\n<h6><i class=\"icon-tiny fa fa-check accent-color\"><\/i> Biblioteca de fotos<\/h6>\n<h6><i class=\"icon-tiny fa fa-check accent-color\"><\/i> Foto de archivo gratis<\/h6>\n<h6><i class=\"icon-tiny fa fa-check accent-color\"><\/i> Editor de fotos<\/h6>\n<h6><del><i class=\"icon-tiny fa fa-check accent-color\"><\/i> Planificaci\u00f3n<\/del><\/h6>\n<h6><del><i class=\"icon-tiny fa fa-check accent-color\"><\/i>\u00a0Puerta de enlace de Whatsapp<\/del><\/h6>\n<h6><del><i class=\"icon-tiny fa fa-check accent-color\"><\/i>\u00a0Puerta de enlace SMS<\/del><\/h6>\n<h6><del><i class=\"icon-tiny fa fa-check accent-color\"><\/i> Plugin de WordPress<\/del><\/h6>\n<h6><i class=\"icon-tiny fa fa-check accent-color\"><\/i> Atenci\u00f3n al cliente<\/h6>\n\t<\/div>\n<\/div>\n\n\n\n<\/div><\/div><div class=\"pricing-column highlight accent-color\">\n\t\t\t<h3>Business<span class=\"highlight-reason\">recomendado<\/span><\/h3>\n          <div class=\"pricing-column-content\">\n\t\t\t<h4> <span class=\"dollar-sign\">\u20ac<\/span> 199 <\/h4>\n\t\t\t<span class=\"interval\">Para siempre<\/span>\n<div class=\"wpb_text_column wpb_content_element\" >\n\t<div class=\"wpb_wrapper\">\n\t\t<h6><a class=\"nectar-button n-sc-button large accent-color has-icon regular-button\"  href=\"https:\/\/sendapp.live\/es\/producto\/sendapp-negocio\/\" data-color-override=\"false\" data-hover-color-override=\"false\" data-hover-text-color-override=\"#fff\"><span>comprar<\/span><i class=\"icon-button-arrow\"><\/i><\/a><\/h6>\n<h6><i class=\"icon-tiny fa fa-check accent-color\"><\/i> Presentaciones ilimitadas<\/h6>\n<h6><i class=\"icon-tiny fa fa-check accent-color\"><\/i> Para siempre<\/h6>\n<h6><i class=\"icon-tiny fa fa-check accent-color\"><\/i> Directorio de contactos<\/h6>\n<h6><i class=\"icon-tiny fa fa-check accent-color\"><\/i> Informe de presentaci\u00f3n<\/h6>\n<h6><i class=\"icon-tiny fa fa-check accent-color\"><\/i> Respuesta autom\u00e1tica<\/h6>\n<h6><i class=\"icon-tiny fa fa-check accent-color\"><\/i> Biblioteca de fotos<\/h6>\n<h6><i class=\"icon-tiny fa fa-check accent-color\"><\/i> Foto de archivo gratis<\/h6>\n<h6><i class=\"icon-tiny fa fa-check accent-color\"><\/i> Editor de fotos<\/h6>\n<h6><i class=\"icon-tiny fa fa-check accent-color\"><\/i> Planificaci\u00f3n<\/h6>\n<h6><del><i class=\"icon-tiny fa fa-check accent-color\"><\/i> Puerta de enlace de Whatsapp<\/del><\/h6>\n<h6><i class=\"icon-tiny fa fa-check accent-color\"><\/i> Puerta de enlace SMS<\/h6>\n<h6><del><i class=\"icon-tiny fa fa-check accent-color\"><\/i> Plugin de WordPress<\/del><\/h6>\n<h6><i class=\"icon-tiny fa fa-check accent-color\"><\/i> Atenci\u00f3n al cliente<\/h6>\n\t<\/div>\n<\/div>\n\n\n\n<\/div><\/div><div class=\"pricing-column no-highlight accent-color\">\n\t\t\t<h3>Connect<\/h3>\n          <div class=\"pricing-column-content\">\n\t\t\t<h4> <span class=\"dollar-sign\">\u20ac<\/span> 299 <\/h4>\n\t\t\t<span class=\"interval\">Para siempre<\/span>\n<div class=\"wpb_text_column wpb_content_element\" >\n\t<div class=\"wpb_wrapper\">\n\t\t<h6><a class=\"nectar-button n-sc-button large accent-color has-icon regular-button\"  href=\"https:\/\/sendapp.live\/es\/producto\/sendapp-web-connect\/\" data-color-override=\"false\" data-hover-color-override=\"false\" data-hover-text-color-override=\"#fff\"><span>comprar<\/span><i class=\"icon-button-arrow\"><\/i><\/a><\/h6>\n<h6><i class=\"icon-tiny fa fa-check accent-color\"><\/i> Presentaciones ilimitadas<\/h6>\n<h6><i class=\"icon-tiny fa fa-check accent-color\"><\/i> Para siempre<\/h6>\n<h6><i class=\"icon-tiny fa fa-check accent-color\"><\/i> Directorio de contactos<\/h6>\n<h6><i class=\"icon-tiny fa fa-check accent-color\"><\/i> Informe de presentaci\u00f3n<\/h6>\n<h6><i class=\"icon-tiny fa fa-check accent-color\"><\/i> Respuesta autom\u00e1tica<\/h6>\n<h6><i class=\"icon-tiny fa fa-check accent-color\"><\/i> Biblioteca de fotos<\/h6>\n<h6><i class=\"icon-tiny fa fa-check accent-color\"><\/i> Foto de archivo gratis<\/h6>\n<h6><i class=\"icon-tiny fa fa-check accent-color\"><\/i> Editor de fotos<\/h6>\n<h6><i class=\"icon-tiny fa fa-check accent-color\"><\/i> Planificaci\u00f3n<\/h6>\n<h6><i class=\"icon-tiny fa fa-check accent-color\"><\/i>\u00a0Puerta de enlace de Whatsapp<\/h6>\n<h6><i class=\"icon-tiny fa fa-check accent-color\"><\/i>\u00a0Puerta de enlace SMS<\/h6>\n<h6><i class=\"icon-tiny fa fa-check accent-color\"><\/i> Plugin de WordPress<\/h6>\n<h6><i class=\"icon-tiny fa fa-check accent-color\"><\/i> Atenci\u00f3n al cliente<\/h6>\n\t<\/div>\n<\/div>\n\n\n\n<\/div><\/div><\/div>\n\t\t\t<\/div> \n\t\t<\/div>\n\t<\/div> \n<\/div><\/div>","protected":false},"excerpt":{"rendered":"Software de env\u00edo de mensajes de WhatsApp SendApp SendApp es un software innovador dise\u00f1ado para simplificar el env\u00edo de mensajes en WhatsApp, ofreciendo a las empresas y usuarios la posibilidad de administrar...","protected":false},"author":1,"featured_media":0,"parent":0,"menu_order":0,"comment_status":"closed","ping_status":"closed","template":"","meta":{"_daim_seo_power":"","_daim_enable_ail":"","footnotes":""},"class_list":["post-30112","page","type-page","status-publish"],"yoast_head":"<!-- This site is optimized with the Yoast SEO Premium plugin v27.3 (Yoast SEO v27.3) - https:\/\/yoast.com\/product\/yoast-seo-premium-wordpress\/ -->\n<title>Software invio messaggi WhatsAapp<\/title>\n<meta name=\"description\" content=\"Software invio messaggi whatsapp. Create successful WhatsApp marketing campaigns effortlessly with SendApp&#039;s all-in-one platform. Personalize messages with text, images, videos, and links.\" \/>\n<meta name=\"robots\" content=\"index, follow, max-snippet:-1, max-image-preview:large, max-video-preview:-1\" \/>\n<link rel=\"canonical\" href=\"https:\/\/sendapp.live\/es\/software-envio-mensajes-whatsapp\/\" \/>\n<meta property=\"og:locale\" content=\"es_ES\" \/>\n<meta property=\"og:type\" content=\"article\" \/>\n<meta property=\"og:title\" content=\"software invio messaggi whatsapp\" \/>\n<meta property=\"og:description\" content=\"Software invio messaggi whatsapp. Create successful WhatsApp marketing campaigns effortlessly with SendApp&#039;s all-in-one platform. Personalize messages with text, images, videos, and links.\" \/>\n<meta property=\"og:url\" content=\"https:\/\/sendapp.live\/es\/software-envio-mensajes-whatsapp\/\" \/>\n<meta property=\"og:site_name\" content=\"SendApp - Software Whatsapp Marketing\" \/>\n<meta property=\"article:publisher\" content=\"https:\/\/www.facebook.com\/sendapp.live\" \/>\n<meta property=\"article:modified_time\" content=\"2024-06-24T20:29:08+00:00\" \/>\n<meta name=\"twitter:card\" content=\"summary_large_image\" \/>\n<meta name=\"twitter:site\" content=\"@sendapp_live\" \/>\n<meta name=\"twitter:label1\" content=\"Tiempo de lectura\" \/>\n\t<meta name=\"twitter:data1\" content=\"3 minutos\" \/>\n<script type=\"application\/ld+json\" class=\"yoast-schema-graph\">{\"@context\":\"https:\\\/\\\/schema.org\",\"@graph\":[{\"@type\":\"WebPage\",\"@id\":\"https:\\\/\\\/sendapp.live\\\/software-invio-messaggi-whatsapp\\\/\",\"url\":\"https:\\\/\\\/sendapp.live\\\/software-invio-messaggi-whatsapp\\\/\",\"name\":\"Software invio messaggi WhatsAapp\",\"isPartOf\":{\"@id\":\"https:\\\/\\\/sendapp.live\\\/it\\\/#website\"},\"datePublished\":\"2024-06-20T17:35:05+00:00\",\"dateModified\":\"2024-06-24T20:29:08+00:00\",\"description\":\"Software invio messaggi whatsapp. Create successful WhatsApp marketing campaigns effortlessly with SendApp's all-in-one platform. Personalize messages with text, images, videos, and links.\",\"breadcrumb\":{\"@id\":\"https:\\\/\\\/sendapp.live\\\/software-invio-messaggi-whatsapp\\\/#breadcrumb\"},\"inLanguage\":\"es\",\"potentialAction\":[{\"@type\":\"ReadAction\",\"target\":[\"https:\\\/\\\/sendapp.live\\\/software-invio-messaggi-whatsapp\\\/\"]}]},{\"@type\":\"BreadcrumbList\",\"@id\":\"https:\\\/\\\/sendapp.live\\\/software-invio-messaggi-whatsapp\\\/#breadcrumb\",\"itemListElement\":[{\"@type\":\"ListItem\",\"position\":1,\"name\":\"Home\",\"item\":\"https:\\\/\\\/sendapp.live\\\/\"},{\"@type\":\"ListItem\",\"position\":2,\"name\":\"software invio messaggi whatsapp\"}]},{\"@type\":\"WebSite\",\"@id\":\"https:\\\/\\\/sendapp.live\\\/it\\\/#website\",\"url\":\"https:\\\/\\\/sendapp.live\\\/it\\\/\",\"name\":\"SendApp\",\"description\":\"Automate Your Messages &amp; Grow Your Business\",\"publisher\":{\"@id\":\"https:\\\/\\\/sendapp.live\\\/it\\\/#organization\"},\"alternateName\":\"SendApp WhatsApp Marketing\",\"potentialAction\":[{\"@type\":\"SearchAction\",\"target\":{\"@type\":\"EntryPoint\",\"urlTemplate\":\"https:\\\/\\\/sendapp.live\\\/it\\\/?s={search_term_string}\"},\"query-input\":{\"@type\":\"PropertyValueSpecification\",\"valueRequired\":true,\"valueName\":\"search_term_string\"}}],\"inLanguage\":\"es\"},{\"@type\":\"Organization\",\"@id\":\"https:\\\/\\\/sendapp.live\\\/it\\\/#organization\",\"name\":\"SendApp\",\"url\":\"https:\\\/\\\/sendapp.live\\\/it\\\/\",\"logo\":{\"@type\":\"ImageObject\",\"inLanguage\":\"es\",\"@id\":\"https:\\\/\\\/sendapp.live\\\/it\\\/#\\\/schema\\\/logo\\\/image\\\/\",\"url\":\"https:\\\/\\\/sendapp.live\\\/wp-content\\\/uploads\\\/2025\\\/04\\\/Logo-Sendapp-300x60-1.png\",\"contentUrl\":\"https:\\\/\\\/sendapp.live\\\/wp-content\\\/uploads\\\/2025\\\/04\\\/Logo-Sendapp-300x60-1.png\",\"width\":300,\"height\":60,\"caption\":\"SendApp\"},\"image\":{\"@id\":\"https:\\\/\\\/sendapp.live\\\/it\\\/#\\\/schema\\\/logo\\\/image\\\/\"},\"sameAs\":[\"https:\\\/\\\/www.facebook.com\\\/sendapp.live\",\"https:\\\/\\\/x.com\\\/sendapp_live\",\"https:\\\/\\\/www.instagram.com\\\/sendapp.live\",\"https:\\\/\\\/www.youtube.com\\\/channel\\\/UC2gaLpi0-OJLG4CFbOr6mLw\",\"https:\\\/\\\/it.trustpilot.com\\\/review\\\/sendapp.live\"],\"description\":\"Piattaforma italiana di WhatsApp Marketing con API ufficiali Meta. Assistente AI, campagne massive, SMS Gateway gratuito, Google Calendar, automazioni. Da \u20ac16\\\/mese senza markup sui messaggi.\",\"email\":\"info@sendapp.live\",\"foundingDate\":\"2016-07-25\"}]}<\/script>\n<!-- \/ Yoast SEO Premium plugin. -->","yoast_head_json":{"title":"Programa de env\u00edo de mensajes de WhatsApp","description":"Software de mensajer\u00eda Whatsapp. Cree exitosas campa\u00f1as de marketing de WhatsApp sin esfuerzo con la plataforma todo en uno de SendApp. Personaliza los mensajes con texto, im\u00e1genes, v\u00eddeos y enlaces.","robots":{"index":"index","follow":"follow","max-snippet":"max-snippet:-1","max-image-preview":"max-image-preview:large","max-video-preview":"max-video-preview:-1"},"canonical":"https:\/\/sendapp.live\/es\/software-envio-mensajes-whatsapp\/","og_locale":"es_ES","og_type":"article","og_title":"software invio messaggi whatsapp","og_description":"Software invio messaggi whatsapp. Create successful WhatsApp marketing campaigns effortlessly with SendApp's all-in-one platform. Personalize messages with text, images, videos, and links.","og_url":"https:\/\/sendapp.live\/es\/software-envio-mensajes-whatsapp\/","og_site_name":"SendApp - Software Whatsapp Marketing","article_publisher":"https:\/\/www.facebook.com\/sendapp.live","article_modified_time":"2024-06-24T20:29:08+00:00","twitter_card":"summary_large_image","twitter_site":"@sendapp_live","twitter_misc":{"Tiempo de lectura":"3 minutos"},"schema":{"@context":"https:\/\/schema.org","@graph":[{"@type":"WebPage","@id":"https:\/\/sendapp.live\/software-invio-messaggi-whatsapp\/","url":"https:\/\/sendapp.live\/software-invio-messaggi-whatsapp\/","name":"Programa de env\u00edo de mensajes de WhatsApp","isPartOf":{"@id":"https:\/\/sendapp.live\/it\/#website"},"datePublished":"2024-06-20T17:35:05+00:00","dateModified":"2024-06-24T20:29:08+00:00","description":"Software de mensajer\u00eda Whatsapp. Cree exitosas campa\u00f1as de marketing de WhatsApp sin esfuerzo con la plataforma todo en uno de SendApp. Personaliza los mensajes con texto, im\u00e1genes, v\u00eddeos y enlaces.","breadcrumb":{"@id":"https:\/\/sendapp.live\/software-invio-messaggi-whatsapp\/#breadcrumb"},"inLanguage":"es","potentialAction":[{"@type":"ReadAction","target":["https:\/\/sendapp.live\/software-invio-messaggi-whatsapp\/"]}]},{"@type":"BreadcrumbList","@id":"https:\/\/sendapp.live\/software-invio-messaggi-whatsapp\/#breadcrumb","itemListElement":[{"@type":"ListItem","position":1,"name":"Home","item":"https:\/\/sendapp.live\/"},{"@type":"ListItem","position":2,"name":"software invio messaggi whatsapp"}]},{"@type":"WebSite","@id":"https:\/\/sendapp.live\/it\/#website","url":"https:\/\/sendapp.live\/it\/","name":"SendApp","description":"Automatice sus mensajes y haga crecer su negocio","publisher":{"@id":"https:\/\/sendapp.live\/it\/#organization"},"alternateName":"SendApp WhatsApp Marketing","potentialAction":[{"@type":"SearchAction","target":{"@type":"EntryPoint","urlTemplate":"https:\/\/sendapp.live\/it\/?s={search_term_string}"},"query-input":{"@type":"PropertyValueSpecification","valueRequired":true,"valueName":"search_term_string"}}],"inLanguage":"es"},{"@type":"Organization","@id":"https:\/\/sendapp.live\/it\/#organization","name":"SendApp","url":"https:\/\/sendapp.live\/it\/","logo":{"@type":"ImageObject","inLanguage":"es","@id":"https:\/\/sendapp.live\/it\/#\/schema\/logo\/image\/","url":"https:\/\/sendapp.live\/wp-content\/uploads\/2025\/04\/Logo-Sendapp-300x60-1.png","contentUrl":"https:\/\/sendapp.live\/wp-content\/uploads\/2025\/04\/Logo-Sendapp-300x60-1.png","width":300,"height":60,"caption":"SendApp"},"image":{"@id":"https:\/\/sendapp.live\/it\/#\/schema\/logo\/image\/"},"sameAs":["https:\/\/www.facebook.com\/sendapp.live","https:\/\/x.com\/sendapp_live","https:\/\/www.instagram.com\/sendapp.live","https:\/\/www.youtube.com\/channel\/UC2gaLpi0-OJLG4CFbOr6mLw","https:\/\/it.trustpilot.com\/review\/sendapp.live"],"description":"Plataforma italiana de marketing por WhatsApp con API Meta oficial. Asistente de IA, campa\u00f1as masivas, pasarela SMS gratuita, Google Calendar, automatizaciones. Desde 16 \u20ac\/mes sin recargo por mensaje.","email":"info@sendapp.live","foundingDate":"2016-07-25"}]}},"_links":{"self":[{"href":"https:\/\/sendapp.live\/es\/wp-json\/wp\/v2\/pages\/30112","targetHints":{"allow":["GET"]}}],"collection":[{"href":"https:\/\/sendapp.live\/es\/wp-json\/wp\/v2\/pages"}],"about":[{"href":"https:\/\/sendapp.live\/es\/wp-json\/wp\/v2\/types\/page"}],"author":[{"embeddable":true,"href":"https:\/\/sendapp.live\/es\/wp-json\/wp\/v2\/users\/1"}],"replies":[{"embeddable":true,"href":"https:\/\/sendapp.live\/es\/wp-json\/wp\/v2\/comments?post=30112"}],"version-history":[{"count":5,"href":"https:\/\/sendapp.live\/es\/wp-json\/wp\/v2\/pages\/30112\/revisions"}],"predecessor-version":[{"id":30253,"href":"https:\/\/sendapp.live\/es\/wp-json\/wp\/v2\/pages\/30112\/revisions\/30253"}],"wp:attachment":[{"href":"https:\/\/sendapp.live\/es\/wp-json\/wp\/v2\/media?parent=30112"}],"curies":[{"name":"wp","href":"https:\/\/api.w.org\/{rel}","templated":true}]}}