{"id":30127,"date":"2024-06-20T19:55:37","date_gmt":"2024-06-20T17:55:37","guid":{"rendered":"https:\/\/sendapp.live\/?page_id=30127"},"modified":"2024-06-24T15:49:54","modified_gmt":"2024-06-24T13:49:54","slug":"whatsapp-remitente-masivo","status":"publish","type":"page","link":"https:\/\/sendapp.live\/es\/whatsapp-bulk-sender\/","title":{"rendered":"whatsapp remitente masivo"},"content":{"rendered":"<div id=\"fws_69e5ddb885e6b\"  data-column-margin=\"default\" data-midnight=\"dark\" data-top-percent=\"5%\" data-bottom-percent=\"5%\"  class=\"wpb_row vc_row-fluid vc_row  right_padding_5pct left_padding_5pct\"  style=\"padding-top: calc(100vw * 0.05); padding-bottom: calc(100vw * 0.05); \"><div class=\"row-bg-wrap\" data-bg-animation=\"none\" data-bg-animation-delay=\"\" data-bg-overlay=\"false\"><div class=\"inner-wrap row-bg-layer\" ><div class=\"row-bg viewport-desktop\"  style=\"\"><\/div><\/div><\/div><div class=\"row_col_wrap_12 col span_12 dark left\">\n\t<div  class=\"vc_col-sm-12 wpb_column column_container vc_column_container col no-extra-padding inherit_tablet inherit_phone\"  data-padding-pos=\"all\" data-has-bg-color=\"false\" data-bg-color=\"\" data-bg-opacity=\"1\" data-animation=\"\" data-delay=\"0\" >\n\t\t<div class=\"vc_column-inner\" >\n\t\t\t<div class=\"wpb_wrapper\">\n\t\t\t\t<h1 style=\"font-size: 65px;color: #4b5b75;text-align: center;font-family:Raleway;font-weight:400;font-style:normal\" class=\"vc_custom_heading vc_do_custom_heading vc_custom_1719235433564\" >Env\u00edo masivo de WhatsApp con SendApp<\/h1>\n\t\t\t<\/div> \n\t\t<\/div>\n\t<\/div> \n<\/div><\/div>\n\t\t<div id=\"fws_69e5ddb886445\"  data-column-margin=\"default\" data-midnight=\"dark\"  class=\"wpb_row vc_row-fluid vc_row\"  style=\"padding-top: 0px; padding-bottom: 0px; \"><div class=\"row-bg-wrap\" data-bg-animation=\"none\" data-bg-animation-delay=\"\" data-bg-overlay=\"false\"><div class=\"inner-wrap row-bg-layer\" ><div class=\"row-bg viewport-desktop\"  style=\"\"><\/div><\/div><\/div><div class=\"row_col_wrap_12 col span_12 dark left\">\n\t<div  class=\"vc_col-sm-12 wpb_column column_container vc_column_container col no-extra-padding inherit_tablet inherit_phone\"  data-padding-pos=\"all\" data-has-bg-color=\"false\" data-bg-color=\"\" data-bg-opacity=\"1\" data-animation=\"\" data-delay=\"0\" >\n\t\t<div class=\"vc_column-inner\" >\n\t\t\t<div class=\"wpb_wrapper\">\n\t\t\t\t\n<div class=\"wpb_text_column wpb_content_element\" >\n\t<div class=\"wpb_wrapper\">\n\t\t<p><a href=\"https:\/\/sendapp.live\/es\/sendapp-desktop-precio\/\">SendApp<\/a> es un software que permite enviar m\u00faltiples mensajes por WhatsApp de forma eficaz y r\u00e1pida. Gracias a esta innovadora plataforma, es posible organizar listas de contactos, controlar el rendimiento de los env\u00edos y maximizar la eficacia de las campa\u00f1as de marketing a trav\u00e9s de WhatsApp. En este art\u00edculo analizaremos c\u00f3mo funciona sendapp y las ventajas de utilizarlo para enviar varios mensajes en WhatsApp.<\/p>\n<h2>Introducci\u00f3n a sendapp para enviar varios mensajes en WhatsApp<\/h2>\n<p>Sendapp es una completa herramienta que facilita el env\u00edo de m\u00faltiples mensajes en WhatsApp. Gracias a su interfaz intuitiva y a las numerosas funciones disponibles, se ha convertido en una herramienta esencial para las empresas que quieren llegar a sus clientes de forma directa y eficaz.<\/p>\n<h2>C\u00f3mo funciona el programa <a href=\"https:\/\/sendapp.live\/es\/sendapp-desktop-precio\/\" target=\"_blank\" rel=\"noopener\">SendApp<\/a> para enviar varios mensajes<\/h2>\n<p>Sendapp utiliza la tecnolog\u00eda API de WhatsApp para permitir el env\u00edo automatizado de m\u00faltiples mensajes. Los usuarios pueden crear campa\u00f1as de marketing personalizadas, organizar listas de contactos y supervisar el rendimiento de sus campa\u00f1as directamente desde la plataforma.<\/p>\n<h2>Ventajas de usar sendapp para enviar varios mensajes en WhatsApp<\/h2>\n<p>Las ventajas de utilizar sendapp son muchas: ahorras tiempo y energ\u00eda en el env\u00edo de m\u00faltiples mensajes, puedes llegar a una gran audiencia de forma r\u00e1pida y eficaz, y puedes controlar el progreso de tus campa\u00f1as en tiempo real.<\/p>\n<h2>Pasos para enviar varios mensajes en WhatsApp con <a href=\"https:\/\/sendapp.live\/es\/sendapp-desktop-precio\/\" target=\"_blank\" rel=\"noopener\">SendApp<\/a><\/h2>\n<p>Para realizar m\u00faltiples env\u00edos en WhatsApp con sendapp, basta con crear una cuenta, cargar una lista de contactos, crear un mensaje personalizado y programar el env\u00edo. Sendapp se encargar\u00e1 del resto, garantizando que los mensajes se entreguen de forma eficiente y precisa.<\/p>\n<h2>Configuraci\u00f3n de la cuenta <a href=\"https:\/\/sendapp.live\/es\/sendapp-desktop-precio\/\" target=\"_blank\" rel=\"noopener\">SendApp <\/a>para enviar varios mensajes<\/h2>\n<p>Crear una cuenta sendapp es r\u00e1pido y sencillo. Los usuarios pueden personalizar su configuraci\u00f3n, gestionar sus listas de contactos y supervisar el rendimiento de sus campa\u00f1as directamente desde el panel de sendapp.<\/p>\n<h2>C\u00f3mo organizar listas de contactos para sendapp en WhatsApp<\/h2>\n<p>Organizar las listas de contactos en sendapp es crucial para garantizar el \u00e9xito de las campa\u00f1as de marketing. Los usuarios pueden crear grupos de contactos en funci\u00f3n de criterios espec\u00edficos, como intereses o datos demogr\u00e1ficos, para enviar mensajes espec\u00edficos y personalizados.<\/p>\n<h2>Supervise y analice m\u00faltiples env\u00edos con sendapp en <a href=\"https:\/\/it.wikipedia.org\/wiki\/WhatsApp\" target=\"_blank\" rel=\"noopener\">WhatsApp<\/a><\/h2>\n<p>Sendapp ofrece a los usuarios la posibilidad de supervisar y analizar el rendimiento de m\u00faltiples env\u00edos en WhatsApp. A trav\u00e9s de informes detallados y estad\u00edsticas en tiempo real, podr\u00e1 evaluar la eficacia de sus campa\u00f1as y realizar las correcciones necesarias para maximizar los resultados.<\/p>\n<h2>Limitaciones y restricciones al enviar varios elementos con sendapp<\/h2>\n<p>Es importante tener en cuenta que el env\u00edo m\u00faltiple en WhatsApp a trav\u00e9s de sendapp est\u00e1 sujeto a ciertas limitaciones y restricciones, como el cumplimiento de las pol\u00edticas anti-spam de WhatsApp y el cumplimiento de los l\u00edmites diarios de env\u00edo.<\/p>\n<h2>Consejos para maximizar la eficacia de los mailings m\u00faltiples en <a href=\"https:\/\/it.wikipedia.org\/wiki\/WhatsApp\" target=\"_blank\" rel=\"noopener\">WhatsApp<\/a><\/h2>\n<p>Para maximizar la eficacia de los env\u00edos m\u00faltiples sobre <a href=\"https:\/\/it.wikipedia.org\/wiki\/WhatsApp\" target=\"_blank\" rel=\"noopener\">WhatsApp<\/a> con <a href=\"https:\/\/sendapp.live\/es\/sendapp-desktop-precio\/\" target=\"_blank\" rel=\"noopener\">SendApp<\/a>Es aconsejable crear mensajes personalizados, segmentar las listas de contactos seg\u00fan criterios espec\u00edficos y supervisar constantemente el rendimiento de sus campa\u00f1as para introducir correcciones.<\/p>\n<p>En conclusi\u00f3n, sendapp es una herramienta potente y vers\u00e1til que permite enviar m\u00faltiples mensajes por WhatsApp de forma eficaz y profesional. Gracias a sus numerosas funcionalidades y a su facilidad de uso, sendapp se ha consolidado como una de las mejores soluciones disponibles en el mercado para las empresas que desean aprovechar al m\u00e1ximo el potencial de WhatsApp en el \u00e1mbito del marketing y la comunicaci\u00f3n.<\/p>\n\t<\/div>\n<\/div>\n\n\n\n\n\t\t\t<\/div> \n\t\t<\/div>\n\t<\/div> \n<\/div><\/div>\n\t\t<div id=\"price\"  data-column-margin=\"default\" data-midnight=\"dark\" data-top-percent=\"4%\" data-bottom-percent=\"7%\"  class=\"wpb_row vc_row-fluid vc_row full-width-section\"  style=\"padding-top: calc(100vw * 0.04); padding-bottom: calc(100vw * 0.07); \"><div class=\"row-bg-wrap\" data-bg-animation=\"none\" data-bg-animation-delay=\"\" data-bg-overlay=\"false\"><div class=\"inner-wrap row-bg-layer\" ><div class=\"row-bg viewport-desktop\"  style=\"\"><\/div><\/div><\/div><div class=\"row_col_wrap_12 col span_12 dark left\">\n\t<div  class=\"vc_col-sm-12 wpb_column column_container vc_column_container col no-extra-padding inherit_tablet inherit_phone\"  data-padding-pos=\"all\" data-has-bg-color=\"false\" data-bg-color=\"\" data-bg-opacity=\"1\" data-animation=\"\" data-delay=\"0\" >\n\t\t<div class=\"vc_column-inner\" >\n\t\t\t<div class=\"wpb_wrapper\">\n\t\t\t\t<div id=\"fws_69e5ddb886c2c\" data-midnight=\"\" data-column-margin=\"default\" class=\"wpb_row vc_row-fluid vc_row inner_row\"  style=\"\"><div class=\"row-bg-wrap\"> <div class=\"row-bg\" ><\/div> <\/div><div class=\"row_col_wrap_12_inner col span_12  left\">\n\t<div  class=\"vc_col-sm-12 wpb_column column_container vc_column_container col child_column centered-text has-animation no-extra-padding inherit_tablet inherit_phone\"   data-padding-pos=\"all\" data-has-bg-color=\"false\" data-bg-color=\"\" data-bg-opacity=\"1\" data-animation=\"fade-in\" data-delay=\"0\" >\n\t\t<div class=\"vc_column-inner\" >\n\t\t<div class=\"wpb_wrapper\">\n\t\t\t\n<div class=\"wpb_text_column wpb_content_element  vc_custom_1712152870190\" >\n\t<div class=\"wpb_wrapper\">\n\t\t<section class=\"main-section main-section-full main-section-slim\">\n<h1 class=\"row\">Precios sencillos y transparentes<\/h1>\n<h3 class=\"row\">Sin tarifas ni costes por mensaje.<\/h3>\n<p><span style=\"color: #999999;\">El precio var\u00eda en funci\u00f3n de las funciones incluidas y del n\u00famero de env\u00edos autom\u00e1ticos.<\/span><\/p>\n<\/section>\n\t<\/div>\n<\/div>\n\n\n\n\n\t\t<\/div> \n\t<\/div>\n\t<\/div> \n<\/div><\/div><div class=\"row pricing-table four-cols\" data-style=\"flat-alternative\"><div class=\"pricing-column no-highlight accent-color\">\n\t\t\t<h3>Free<\/h3>\n          <div class=\"pricing-column-content\">\n\t\t\t<h4> <span class=\"dollar-sign\">\u20ac<\/span> 0 <\/h4>\n\t\t\t<span class=\"interval\">7 Dias<\/span>\n<div class=\"wpb_text_column wpb_content_element\" >\n\t<div class=\"wpb_wrapper\">\n\t\t<h6><a class=\"nectar-button n-sc-button large accent-color has-icon regular-button\"  href=\"https:\/\/sendapp.live\/es\/producto\/sin-sendapp\/\" data-color-override=\"false\" data-hover-color-override=\"false\" data-hover-text-color-override=\"#fff\"><span>Download<\/span><i class=\"icon-button-arrow\"><\/i><\/a><\/h6>\n<h6><i class=\"icon-tiny fa fa-check accent-color\"><\/i> 20 Env\u00edos autom\u00e1ticos<\/h6>\n<h6><i class=\"icon-tiny fa fa-check accent-color\"><\/i> 7 Dias<\/h6>\n<h6><i class=\"icon-tiny fa fa-check accent-color\"><\/i> Directorio de contactos<\/h6>\n<h6><i class=\"icon-tiny fa fa-check accent-color\"><\/i> Informe de presentaci\u00f3n<\/h6>\n<h6><i class=\"icon-tiny fa fa-check accent-color\"><\/i> Respuesta autom\u00e1tica<\/h6>\n<h6><i class=\"icon-tiny fa fa-check accent-color\"><\/i> Biblioteca de fotos<\/h6>\n<h6><i class=\"icon-tiny fa fa-check accent-color\"><\/i> Foto de archivo gratis<\/h6>\n<h6><i class=\"icon-tiny fa fa-check accent-color\"><\/i> Editor de fotos<\/h6>\n<h6><del><i class=\"icon-tiny fa fa-check accent-color\"><\/i> Planificaci\u00f3n<\/del><\/h6>\n<h6><del><i class=\"icon-tiny fa fa-check accent-color\"><\/i>\u00a0 Puerta de enlace de Whatsapp<\/del><\/h6>\n<h6><del><i class=\"icon-tiny fa fa-check accent-color\"><\/i>\u00a0 Puerta de enlace SMS<\/del><\/h6>\n<h6><del><i class=\"icon-tiny fa fa-check accent-color\"><\/i> Plugin de WordPress<\/del><\/h6>\n<h6><del><i class=\"icon-tiny fa fa-check accent-color\"><\/i> Atenci\u00f3n al cliente<\/del><\/h6>\n\t<\/div>\n<\/div>\n\n\n\n<\/div><\/div><div class=\"pricing-column no-highlight accent-color\">\n\t\t\t<h3>Pro<\/h3>\n          <div class=\"pricing-column-content\">\n\t\t\t<h4> <span class=\"dollar-sign\">\u20ac<\/span> 90 <\/h4>\n\t\t\t<span class=\"interval\">Para siempre<\/span>\n<div class=\"wpb_text_column wpb_content_element\" >\n\t<div class=\"wpb_wrapper\">\n\t\t<h6><a class=\"nectar-button n-sc-button large accent-color has-icon regular-button\"  href=\"https:\/\/sendapp.live\/es\/producto\/sendapp-professional\/\" data-color-override=\"false\" data-hover-color-override=\"false\" data-hover-text-color-override=\"#fff\"><span>comprar<\/span><i class=\"icon-button-arrow\"><\/i><\/a><\/h6>\n<h6><i class=\"icon-tiny fa fa-check accent-color\"><\/i> 200 presentaciones autom\u00e1ticas<\/h6>\n<h6><i class=\"icon-tiny fa fa-check accent-color\"><\/i> Para siempre<\/h6>\n<h6><i class=\"icon-tiny fa fa-check accent-color\"><\/i> Directorio de contactos<\/h6>\n<h6><i class=\"icon-tiny fa fa-check accent-color\"><\/i> Informe de presentaci\u00f3n<\/h6>\n<h6><del><i class=\"icon-tiny fa fa-check accent-color\"><\/i> Respuesta autom\u00e1tica<\/del><\/h6>\n<h6><i class=\"icon-tiny fa fa-check accent-color\"><\/i> Biblioteca de fotos<\/h6>\n<h6><i class=\"icon-tiny fa fa-check accent-color\"><\/i> Foto de archivo gratis<\/h6>\n<h6><i class=\"icon-tiny fa fa-check accent-color\"><\/i> Editor de fotos<\/h6>\n<h6><del><i class=\"icon-tiny fa fa-check accent-color\"><\/i> Planificaci\u00f3n<\/del><\/h6>\n<h6><del><i class=\"icon-tiny fa fa-check accent-color\"><\/i>\u00a0Puerta de enlace de Whatsapp<\/del><\/h6>\n<h6><del><i class=\"icon-tiny fa fa-check accent-color\"><\/i>\u00a0Puerta de enlace SMS<\/del><\/h6>\n<h6><del><i class=\"icon-tiny fa fa-check accent-color\"><\/i> Plugin de WordPress<\/del><\/h6>\n<h6><i class=\"icon-tiny fa fa-check accent-color\"><\/i> Atenci\u00f3n al cliente<\/h6>\n\t<\/div>\n<\/div>\n\n\n\n<\/div><\/div><div class=\"pricing-column highlight accent-color\">\n\t\t\t<h3>Business<span class=\"highlight-reason\">recomendado<\/span><\/h3>\n          <div class=\"pricing-column-content\">\n\t\t\t<h4> <span class=\"dollar-sign\">\u20ac<\/span> 199 <\/h4>\n\t\t\t<span class=\"interval\">Para siempre<\/span>\n<div class=\"wpb_text_column wpb_content_element\" >\n\t<div class=\"wpb_wrapper\">\n\t\t<h6><a class=\"nectar-button n-sc-button large accent-color has-icon regular-button\"  href=\"https:\/\/sendapp.live\/es\/producto\/sendapp-negocio\/\" data-color-override=\"false\" data-hover-color-override=\"false\" data-hover-text-color-override=\"#fff\"><span>comprar<\/span><i class=\"icon-button-arrow\"><\/i><\/a><\/h6>\n<h6><i class=\"icon-tiny fa fa-check accent-color\"><\/i> Presentaciones ilimitadas<\/h6>\n<h6><i class=\"icon-tiny fa fa-check accent-color\"><\/i> Para siempre<\/h6>\n<h6><i class=\"icon-tiny fa fa-check accent-color\"><\/i> Directorio de contactos<\/h6>\n<h6><i class=\"icon-tiny fa fa-check accent-color\"><\/i> Informe de presentaci\u00f3n<\/h6>\n<h6><i class=\"icon-tiny fa fa-check accent-color\"><\/i> Respuesta autom\u00e1tica<\/h6>\n<h6><i class=\"icon-tiny fa fa-check accent-color\"><\/i> Biblioteca de fotos<\/h6>\n<h6><i class=\"icon-tiny fa fa-check accent-color\"><\/i> Foto de archivo gratis<\/h6>\n<h6><i class=\"icon-tiny fa fa-check accent-color\"><\/i> Editor de fotos<\/h6>\n<h6><i class=\"icon-tiny fa fa-check accent-color\"><\/i> Planificaci\u00f3n<\/h6>\n<h6><del><i class=\"icon-tiny fa fa-check accent-color\"><\/i> Puerta de enlace de Whatsapp<\/del><\/h6>\n<h6><i class=\"icon-tiny fa fa-check accent-color\"><\/i> Puerta de enlace SMS<\/h6>\n<h6><del><i class=\"icon-tiny fa fa-check accent-color\"><\/i> Plugin de WordPress<\/del><\/h6>\n<h6><i class=\"icon-tiny fa fa-check accent-color\"><\/i> Atenci\u00f3n al cliente<\/h6>\n\t<\/div>\n<\/div>\n\n\n\n<\/div><\/div><div class=\"pricing-column no-highlight accent-color\">\n\t\t\t<h3>Connect<\/h3>\n          <div class=\"pricing-column-content\">\n\t\t\t<h4> <span class=\"dollar-sign\">\u20ac<\/span> 299 <\/h4>\n\t\t\t<span class=\"interval\">Para siempre<\/span>\n<div class=\"wpb_text_column wpb_content_element\" >\n\t<div class=\"wpb_wrapper\">\n\t\t<h6><a class=\"nectar-button n-sc-button large accent-color has-icon regular-button\"  href=\"https:\/\/sendapp.live\/es\/producto\/sendapp-web-connect\/\" data-color-override=\"false\" data-hover-color-override=\"false\" data-hover-text-color-override=\"#fff\"><span>comprar<\/span><i class=\"icon-button-arrow\"><\/i><\/a><\/h6>\n<h6><i class=\"icon-tiny fa fa-check accent-color\"><\/i> Presentaciones ilimitadas<\/h6>\n<h6><i class=\"icon-tiny fa fa-check accent-color\"><\/i> Para siempre<\/h6>\n<h6><i class=\"icon-tiny fa fa-check accent-color\"><\/i> Directorio de contactos<\/h6>\n<h6><i class=\"icon-tiny fa fa-check accent-color\"><\/i> Informe de presentaci\u00f3n<\/h6>\n<h6><i class=\"icon-tiny fa fa-check accent-color\"><\/i> Respuesta autom\u00e1tica<\/h6>\n<h6><i class=\"icon-tiny fa fa-check accent-color\"><\/i> Biblioteca de fotos<\/h6>\n<h6><i class=\"icon-tiny fa fa-check accent-color\"><\/i> Foto de archivo gratis<\/h6>\n<h6><i class=\"icon-tiny fa fa-check accent-color\"><\/i> Editor de fotos<\/h6>\n<h6><i class=\"icon-tiny fa fa-check accent-color\"><\/i> Planificaci\u00f3n<\/h6>\n<h6><i class=\"icon-tiny fa fa-check accent-color\"><\/i>\u00a0Puerta de enlace de Whatsapp<\/h6>\n<h6><i class=\"icon-tiny fa fa-check accent-color\"><\/i>\u00a0Puerta de enlace SMS<\/h6>\n<h6><i class=\"icon-tiny fa fa-check accent-color\"><\/i> Plugin de WordPress<\/h6>\n<h6><i class=\"icon-tiny fa fa-check accent-color\"><\/i> Atenci\u00f3n al cliente<\/h6>\n\t<\/div>\n<\/div>\n\n\n\n<\/div><\/div><\/div>\n\t\t\t<\/div> \n\t\t<\/div>\n\t<\/div> \n<\/div><\/div>","protected":false},"excerpt":{"rendered":"Env\u00edo masivo de WhatsApp con SendApp. SendApp es un software que te permite enviar mensajes masivos por WhatsApp de forma r\u00e1pida y eficiente. Esta innovadora plataforma te permite organizar...","protected":false},"author":1,"featured_media":0,"parent":0,"menu_order":0,"comment_status":"closed","ping_status":"closed","template":"","meta":{"_daim_seo_power":"","_daim_enable_ail":"","footnotes":""},"class_list":["post-30127","page","type-page","status-publish"],"yoast_head":"<!-- This site is optimized with the Yoast SEO Premium plugin v27.4 (Yoast SEO v27.4) - https:\/\/yoast.com\/product\/yoast-seo-premium-wordpress\/ -->\n<title>WhatsApp Bulk Sender con SendApp<\/title>\n<meta name=\"robots\" content=\"index, follow, max-snippet:-1, max-image-preview:large, max-video-preview:-1\" \/>\n<link rel=\"canonical\" href=\"https:\/\/sendapp.live\/es\/whatsapp-remitente-masivo\/\" \/>\n<meta property=\"og:locale\" content=\"es_ES\" \/>\n<meta property=\"og:type\" content=\"article\" \/>\n<meta property=\"og:title\" content=\"whatsapp bulk sender\" \/>\n<meta property=\"og:url\" content=\"https:\/\/sendapp.live\/es\/whatsapp-remitente-masivo\/\" \/>\n<meta property=\"og:site_name\" content=\"SendApp - Software Whatsapp Marketing\" \/>\n<meta property=\"article:publisher\" content=\"https:\/\/www.facebook.com\/sendapp.live\" \/>\n<meta property=\"article:modified_time\" content=\"2024-06-24T13:49:54+00:00\" \/>\n<meta name=\"twitter:card\" content=\"summary_large_image\" \/>\n<meta name=\"twitter:site\" content=\"@sendapp_live\" \/>\n<meta name=\"twitter:label1\" content=\"Tiempo de lectura\" \/>\n\t<meta name=\"twitter:data1\" content=\"6 minutos\" \/>\n<script type=\"application\/ld+json\" class=\"yoast-schema-graph\">{\"@context\":\"https:\\\/\\\/schema.org\",\"@graph\":[{\"@type\":\"WebPage\",\"@id\":\"https:\\\/\\\/sendapp.live\\\/en\\\/whatsapp-bulk-sender\\\/\",\"url\":\"https:\\\/\\\/sendapp.live\\\/en\\\/whatsapp-bulk-sender\\\/\",\"name\":\"WhatsApp Bulk Sender con SendApp\",\"isPartOf\":{\"@id\":\"https:\\\/\\\/sendapp.live\\\/it\\\/#website\"},\"datePublished\":\"2024-06-20T17:55:37+00:00\",\"dateModified\":\"2024-06-24T13:49:54+00:00\",\"breadcrumb\":{\"@id\":\"https:\\\/\\\/sendapp.live\\\/en\\\/whatsapp-bulk-sender\\\/#breadcrumb\"},\"inLanguage\":\"es\",\"potentialAction\":[{\"@type\":\"ReadAction\",\"target\":[\"https:\\\/\\\/sendapp.live\\\/en\\\/whatsapp-bulk-sender\\\/\"]}]},{\"@type\":\"BreadcrumbList\",\"@id\":\"https:\\\/\\\/sendapp.live\\\/en\\\/whatsapp-bulk-sender\\\/#breadcrumb\",\"itemListElement\":[{\"@type\":\"ListItem\",\"position\":1,\"name\":\"Home\",\"item\":\"https:\\\/\\\/sendapp.live\\\/\"},{\"@type\":\"ListItem\",\"position\":2,\"name\":\"whatsapp bulk sender\"}]},{\"@type\":\"WebSite\",\"@id\":\"https:\\\/\\\/sendapp.live\\\/it\\\/#website\",\"url\":\"https:\\\/\\\/sendapp.live\\\/it\\\/\",\"name\":\"SendApp\",\"description\":\"Automate Your Messages &amp; Grow Your Business\",\"publisher\":{\"@id\":\"https:\\\/\\\/sendapp.live\\\/it\\\/#organization\"},\"alternateName\":\"SendApp WhatsApp Marketing\",\"potentialAction\":[{\"@type\":\"SearchAction\",\"target\":{\"@type\":\"EntryPoint\",\"urlTemplate\":\"https:\\\/\\\/sendapp.live\\\/it\\\/?s={search_term_string}\"},\"query-input\":{\"@type\":\"PropertyValueSpecification\",\"valueRequired\":true,\"valueName\":\"search_term_string\"}}],\"inLanguage\":\"es\"},{\"@type\":\"Organization\",\"@id\":\"https:\\\/\\\/sendapp.live\\\/it\\\/#organization\",\"name\":\"SendApp\",\"url\":\"https:\\\/\\\/sendapp.live\\\/it\\\/\",\"logo\":{\"@type\":\"ImageObject\",\"inLanguage\":\"es\",\"@id\":\"https:\\\/\\\/sendapp.live\\\/it\\\/#\\\/schema\\\/logo\\\/image\\\/\",\"url\":\"https:\\\/\\\/sendapp.live\\\/wp-content\\\/uploads\\\/2025\\\/04\\\/Logo-Sendapp-300x60-1.png\",\"contentUrl\":\"https:\\\/\\\/sendapp.live\\\/wp-content\\\/uploads\\\/2025\\\/04\\\/Logo-Sendapp-300x60-1.png\",\"width\":300,\"height\":60,\"caption\":\"SendApp\"},\"image\":{\"@id\":\"https:\\\/\\\/sendapp.live\\\/it\\\/#\\\/schema\\\/logo\\\/image\\\/\"},\"sameAs\":[\"https:\\\/\\\/www.facebook.com\\\/sendapp.live\",\"https:\\\/\\\/x.com\\\/sendapp_live\",\"https:\\\/\\\/www.instagram.com\\\/sendapp.live\",\"https:\\\/\\\/www.youtube.com\\\/channel\\\/UC2gaLpi0-OJLG4CFbOr6mLw\",\"https:\\\/\\\/it.trustpilot.com\\\/review\\\/sendapp.live\"],\"description\":\"Piattaforma italiana di WhatsApp Marketing con API ufficiali Meta. Assistente AI, campagne massive, SMS Gateway gratuito, Google Calendar, automazioni. Da \u20ac16\\\/mese senza markup sui messaggi.\",\"email\":\"info@sendapp.live\",\"foundingDate\":\"2016-07-25\"}]}<\/script>\n<!-- \/ Yoast SEO Premium plugin. -->","yoast_head_json":{"title":"Env\u00edo masivo de WhatsApp con SendApp","robots":{"index":"index","follow":"follow","max-snippet":"max-snippet:-1","max-image-preview":"max-image-preview:large","max-video-preview":"max-video-preview:-1"},"canonical":"https:\/\/sendapp.live\/es\/whatsapp-remitente-masivo\/","og_locale":"es_ES","og_type":"article","og_title":"whatsapp bulk sender","og_url":"https:\/\/sendapp.live\/es\/whatsapp-remitente-masivo\/","og_site_name":"SendApp - Software Whatsapp Marketing","article_publisher":"https:\/\/www.facebook.com\/sendapp.live","article_modified_time":"2024-06-24T13:49:54+00:00","twitter_card":"summary_large_image","twitter_site":"@sendapp_live","twitter_misc":{"Tiempo de lectura":"6 minutos"},"schema":{"@context":"https:\/\/schema.org","@graph":[{"@type":"WebPage","@id":"https:\/\/sendapp.live\/en\/whatsapp-bulk-sender\/","url":"https:\/\/sendapp.live\/en\/whatsapp-bulk-sender\/","name":"Env\u00edo masivo de WhatsApp con SendApp","isPartOf":{"@id":"https:\/\/sendapp.live\/it\/#website"},"datePublished":"2024-06-20T17:55:37+00:00","dateModified":"2024-06-24T13:49:54+00:00","breadcrumb":{"@id":"https:\/\/sendapp.live\/en\/whatsapp-bulk-sender\/#breadcrumb"},"inLanguage":"es","potentialAction":[{"@type":"ReadAction","target":["https:\/\/sendapp.live\/en\/whatsapp-bulk-sender\/"]}]},{"@type":"BreadcrumbList","@id":"https:\/\/sendapp.live\/en\/whatsapp-bulk-sender\/#breadcrumb","itemListElement":[{"@type":"ListItem","position":1,"name":"Home","item":"https:\/\/sendapp.live\/"},{"@type":"ListItem","position":2,"name":"whatsapp bulk sender"}]},{"@type":"WebSite","@id":"https:\/\/sendapp.live\/it\/#website","url":"https:\/\/sendapp.live\/it\/","name":"SendApp","description":"Automatice sus mensajes y haga crecer su negocio","publisher":{"@id":"https:\/\/sendapp.live\/it\/#organization"},"alternateName":"SendApp WhatsApp Marketing","potentialAction":[{"@type":"SearchAction","target":{"@type":"EntryPoint","urlTemplate":"https:\/\/sendapp.live\/it\/?s={search_term_string}"},"query-input":{"@type":"PropertyValueSpecification","valueRequired":true,"valueName":"search_term_string"}}],"inLanguage":"es"},{"@type":"Organization","@id":"https:\/\/sendapp.live\/it\/#organization","name":"SendApp","url":"https:\/\/sendapp.live\/it\/","logo":{"@type":"ImageObject","inLanguage":"es","@id":"https:\/\/sendapp.live\/it\/#\/schema\/logo\/image\/","url":"https:\/\/sendapp.live\/wp-content\/uploads\/2025\/04\/Logo-Sendapp-300x60-1.png","contentUrl":"https:\/\/sendapp.live\/wp-content\/uploads\/2025\/04\/Logo-Sendapp-300x60-1.png","width":300,"height":60,"caption":"SendApp"},"image":{"@id":"https:\/\/sendapp.live\/it\/#\/schema\/logo\/image\/"},"sameAs":["https:\/\/www.facebook.com\/sendapp.live","https:\/\/x.com\/sendapp_live","https:\/\/www.instagram.com\/sendapp.live","https:\/\/www.youtube.com\/channel\/UC2gaLpi0-OJLG4CFbOr6mLw","https:\/\/it.trustpilot.com\/review\/sendapp.live"],"description":"Plataforma italiana de marketing por WhatsApp con API Meta oficial. Asistente de IA, campa\u00f1as masivas, pasarela SMS gratuita, Google Calendar, automatizaciones. Desde 16 \u20ac\/mes sin recargo por mensaje.","email":"info@sendapp.live","foundingDate":"2016-07-25"}]}},"_links":{"self":[{"href":"https:\/\/sendapp.live\/es\/wp-json\/wp\/v2\/pages\/30127","targetHints":{"allow":["GET"]}}],"collection":[{"href":"https:\/\/sendapp.live\/es\/wp-json\/wp\/v2\/pages"}],"about":[{"href":"https:\/\/sendapp.live\/es\/wp-json\/wp\/v2\/types\/page"}],"author":[{"embeddable":true,"href":"https:\/\/sendapp.live\/es\/wp-json\/wp\/v2\/users\/1"}],"replies":[{"embeddable":true,"href":"https:\/\/sendapp.live\/es\/wp-json\/wp\/v2\/comments?post=30127"}],"version-history":[{"count":11,"href":"https:\/\/sendapp.live\/es\/wp-json\/wp\/v2\/pages\/30127\/revisions"}],"predecessor-version":[{"id":30231,"href":"https:\/\/sendapp.live\/es\/wp-json\/wp\/v2\/pages\/30127\/revisions\/30231"}],"wp:attachment":[{"href":"https:\/\/sendapp.live\/es\/wp-json\/wp\/v2\/media?parent=30127"}],"curies":[{"name":"wp","href":"https:\/\/api.w.org\/{rel}","templated":true}]}}