{"id":32180,"date":"2024-09-21T16:13:20","date_gmt":"2024-09-21T14:13:20","guid":{"rendered":"https:\/\/sendapp.live\/?page_id=32180"},"modified":"2025-04-07T18:07:52","modified_gmt":"2025-04-07T16:07:52","slug":"automatizar-whatsapp-con-make","status":"publish","type":"page","link":"https:\/\/sendapp.live\/es\/automatizzare-whatsapp-con-make\/","title":{"rendered":"Automatiza WhatsApp con Make"},"content":{"rendered":"<div id=\"fws_69fc8a5590aa6\"  data-column-margin=\"default\" data-midnight=\"dark\"  class=\"wpb_row vc_row-fluid vc_row\"  style=\"padding-top: 0px; padding-bottom: 0px; \"><div class=\"row-bg-wrap\" data-bg-animation=\"none\" data-bg-animation-delay=\"\" data-bg-overlay=\"false\"><div class=\"inner-wrap row-bg-layer\" ><div class=\"row-bg viewport-desktop\"  style=\"\"><\/div><\/div><\/div><div class=\"row_col_wrap_12 col span_12 dark left\">\n\t<div  class=\"vc_col-sm-6 wpb_column column_container vc_column_container col no-extra-padding inherit_tablet inherit_phone\"  data-padding-pos=\"all\" data-has-bg-color=\"false\" data-bg-color=\"\" data-bg-opacity=\"1\" data-animation=\"\" data-delay=\"0\" >\n\t\t<div class=\"vc_column-inner\" >\n\t\t\t<div class=\"wpb_wrapper\">\n\t\t\t\t<div class=\"img-with-aniamtion-wrap\" data-max-width=\"100%\" data-max-width-mobile=\"default\" data-shadow=\"none\" data-animation=\"fade-in\" >\n      <div class=\"inner\">\n        <div class=\"hover-wrap\"> \n          <div class=\"hover-wrap-inner\">\n            <img loading=\"lazy\" decoding=\"async\" class=\"img-with-animation skip-lazy\" data-delay=\"0\" height=\"2000\" width=\"2000\" data-animation=\"fade-in\" src=\"https:\/\/sendapp.live\/wp-content\/uploads\/2025\/01\/3917249.jpg\" alt=\"\" srcset=\"https:\/\/sendapp.live\/wp-content\/uploads\/2025\/01\/3917249.jpg 2000w, https:\/\/sendapp.live\/wp-content\/uploads\/2025\/01\/3917249-300x300.jpg 300w, https:\/\/sendapp.live\/wp-content\/uploads\/2025\/01\/3917249-1024x1024.jpg 1024w, https:\/\/sendapp.live\/wp-content\/uploads\/2025\/01\/3917249-150x150.jpg 150w, https:\/\/sendapp.live\/wp-content\/uploads\/2025\/01\/3917249-768x768.jpg 768w, https:\/\/sendapp.live\/wp-content\/uploads\/2025\/01\/3917249-1536x1536.jpg 1536w, https:\/\/sendapp.live\/wp-content\/uploads\/2025\/01\/3917249-12x12.jpg 12w, https:\/\/sendapp.live\/wp-content\/uploads\/2025\/01\/3917249-140x140.jpg 140w, https:\/\/sendapp.live\/wp-content\/uploads\/2025\/01\/3917249-100x100.jpg 100w, https:\/\/sendapp.live\/wp-content\/uploads\/2025\/01\/3917249-500x500.jpg 500w, https:\/\/sendapp.live\/wp-content\/uploads\/2025\/01\/3917249-350x350.jpg 350w, https:\/\/sendapp.live\/wp-content\/uploads\/2025\/01\/3917249-1000x1000.jpg 1000w, https:\/\/sendapp.live\/wp-content\/uploads\/2025\/01\/3917249-800x800.jpg 800w, https:\/\/sendapp.live\/wp-content\/uploads\/2025\/01\/3917249-600x600.jpg 600w\" sizes=\"auto, (max-width: 2000px) 100vw, 2000px\" \/>\n          <\/div>\n        <\/div>\n      <\/div>\n    <\/div>\n\t\t\t<\/div> \n\t\t<\/div>\n\t<\/div> \n\n\t<div style=\"margin-top: 10%; \" class=\"vc_col-sm-6 wpb_column column_container vc_column_container col no-extra-padding inherit_tablet inherit_phone\"  data-padding-pos=\"all\" data-has-bg-color=\"false\" data-bg-color=\"\" data-bg-opacity=\"1\" data-animation=\"\" data-delay=\"0\" >\n\t\t<div class=\"vc_column-inner\" >\n\t\t\t<div class=\"wpb_wrapper\">\n\t\t\t\t\n<div class=\"wpb_text_column wpb_content_element\" >\n\t<div class=\"wpb_wrapper\">\n\t\t<h1 style=\"text-align: left;\"><span style=\"color: #008000;\">Automatiza los mensajes de WhatsApp con Sendapp y Hojas de c\u00e1lculo de Google<\/span><\/h1>\n<h1 style=\"text-align: left;\"><span style=\"color: #008000;\">Gu\u00eda completa para la integraci\u00f3n con Make<\/span><\/h1>\n\t<\/div>\n<\/div>\n\n\n\n\n\t\t\t<\/div> \n\t\t<\/div>\n\t<\/div> \n<\/div><\/div>\n\t\t<div id=\"fws_69fc8a55915b4\"  data-column-margin=\"default\" data-midnight=\"dark\"  class=\"wpb_row vc_row-fluid vc_row\"  style=\"padding-top: 0px; padding-bottom: 0px; \"><div class=\"row-bg-wrap\" data-bg-animation=\"none\" data-bg-animation-delay=\"\" data-bg-overlay=\"false\"><div class=\"inner-wrap row-bg-layer\" ><div class=\"row-bg viewport-desktop\"  style=\"\"><\/div><\/div><\/div><div class=\"row_col_wrap_12 col span_12 dark left\">\n\t<div  class=\"vc_col-sm-12 wpb_column column_container vc_column_container col no-extra-padding inherit_tablet inherit_phone\"  data-padding-pos=\"all\" data-has-bg-color=\"false\" data-bg-color=\"\" data-bg-opacity=\"1\" data-animation=\"\" data-delay=\"0\" >\n\t\t<div class=\"vc_column-inner\" >\n\t\t\t<div class=\"wpb_wrapper\">\n\t\t\t\t\n<div class=\"wpb_text_column wpb_content_element\" >\n\t<div class=\"wpb_wrapper\">\n\t\t<p><b>Automatizar los mensajes de WhatsApp<\/b> Le permite ahorrar tiempo y mejorar la eficiencia de sus comunicaciones. En esta gu\u00eda, veremos c\u00f3mo conectar <b>SendApp<\/b> para <b>Hojas de c\u00e1lculo de Google<\/b> utilizando <b>Visite<\/b> (anteriormente Integromat), para enviar mensajes de WhatsApp autom\u00e1ticamente cada vez que agregue nuevos datos a su hoja de c\u00e1lculo.<\/p>\n<h3><b>1. Lo que necesitas<\/b><\/h3>\n<p>Antes de comenzar, aseg\u00farate de tener todo lo que necesitas:<\/p>\n<ul>\n<li>uno <b>cuenta activa en SendApp Cloud<\/b>. <a href=\"https:\/\/app.sendapp.cloud\" target=\"_blank\" rel=\"noopener\">Reg\u00edstrate aqu\u00ed<\/a>.<\/li>\n<li>uno <b>cuenta en Make<\/b>. <a href=\"https:\/\/www.make.com\/en\/register?pc=sendapp\" target=\"_blank\" rel=\"noopener\">Inicie sesi\u00f3n aqu\u00ed<\/a>.<\/li>\n<li>Acceso a <b>Hojas de c\u00e1lculo de Google<\/b> con un <b>Plantilla CSV<\/b> Listo conteniendo n\u00fameros de tel\u00e9fono y mensajes.<\/li>\n<\/ul>\n<p><img decoding=\"async\" src=\"https:\/\/sendapp.live\/wp-content\/uploads\/2024\/09\/1.png\" alt=\"Acceso a la nube de SendApp\" width=\"800\" \/><\/p>\n<h3><b>2. Crea un escenario en Make<\/b><\/h3>\n<p><b>En primer lugar<\/b>, inicia sesi\u00f3n en tu cuenta de Make y haz clic en <b>\u201cCrear un nuevo escenario\u201d<\/b>. Entonces:<\/p>\n<ul>\n<li>Haga clic en el s\u00edmbolo \u201c+\u201d y busque <b>Hojas de c\u00e1lculo de Google<\/b> como primer m\u00f3dulo.<\/li>\n<li>Configure el formulario seleccionando el <b>Plantilla CSV<\/b> desde tu Google Drive.<\/li>\n<li>Elige el <b>nombre de la hoja<\/b> que contiene los datos (Nombre de la hoja).<\/li>\n<\/ul>\n<p><img decoding=\"async\" src=\"https:\/\/sendapp.live\/wp-content\/uploads\/2024\/09\/4-1.png\" alt=\"Creaci\u00f3n de escenarios en Make\" width=\"800\" \/><\/p>\n<h3><b>3. Agregar SendApp como segundo m\u00f3dulo<\/b><\/h3>\n<p><b>Despu\u00e9s<\/b>A\u00f1ade el segundo m\u00f3dulo. Haz clic en el s\u00edmbolo &quot;+&quot; y selecciona <b>SendApp<\/b>:<\/p>\n<ul>\n<li>Conecte su cuenta SendApp ingresando al<b>Ficha de acceso<\/b> y el<b>ID de instancia<\/b>Puedes obtenerlos desde tu perfil escaneando el c\u00f3digo QR.<\/li>\n<\/ul>\n<p><img decoding=\"async\" src=\"https:\/\/sendapp.live\/wp-content\/uploads\/2024\/09\/12.png\" alt=\"Configuraci\u00f3n de SendApp\" width=\"800\" \/><\/p>\n<h3><b>4. Configurar los campos de SendApp<\/b><\/h3>\n<p><b>Al final<\/b>, configure los campos obligatorios:<\/p>\n<ul>\n<li>Sobre el terreno <b>N\u00famero de tel\u00e9fono<\/b>, seleccione n\u00fameros de tel\u00e9fono de la hoja de c\u00e1lculo de Google.<\/li>\n<li>Sobre el terreno <b>Tipo de mensaje<\/b>, t\u00fa eliges <b>Texto<\/b>.<\/li>\n<li>Sobre el terreno <b>Mensaje<\/b>, personaliza el mensaje utilizando datos de la hoja (por ejemplo, el nombre del destinatario).<\/li>\n<\/ul>\n<p><img decoding=\"async\" src=\"https:\/\/sendapp.live\/wp-content\/uploads\/2024\/09\/13.png\" alt=\"Configuraci\u00f3n del campo SendApp\" width=\"800\" \/><\/p>\n<h3><b>5. Realice la prueba<\/b><\/h3>\n<p><b>Antes de publicar el escenario<\/b>Ejecuta una prueba. Agrega una fila a la Hoja de C\u00e1lculo de Google y verifica que el mensaje se env\u00ede correctamente mediante Sendapp.<\/p>\n<h3><b>6. Publicar el escenario<\/b><\/h3>\n<p>Si la prueba se complet\u00f3 con \u00e9xito, haga clic en <b>Publicar<\/b>A partir de ahora, cada nueva fila agregada a la hoja de c\u00e1lculo de Google enviar\u00e1 autom\u00e1ticamente un mensaje de WhatsApp personalizado.<\/p>\n<p><img decoding=\"async\" src=\"https:\/\/sendapp.live\/wp-content\/uploads\/2024\/09\/15.png\" alt=\"Publicar escenario\" width=\"800\" \/><\/p>\n<h3><b>Conclusi\u00f3n<\/b><\/h3>\n<p>Gracias a la integraci\u00f3n entre <b>SendApp<\/b> y <b>Hojas de c\u00e1lculo de Google<\/b> v\u00eda <b>Visite<\/b>Puedes automatizar tus procesos de comunicaci\u00f3n y mejorar la eficiencia. \u00a1Prueba esta gu\u00eda ahora para enviar mensajes personalizados de WhatsApp y ahorrar tiempo!<\/p>\n\t<\/div>\n<\/div>\n\n\n\n\n\t\t\t<\/div> \n\t\t<\/div>\n\t<\/div> \n<\/div><\/div>","protected":false},"excerpt":{"rendered":"Automatiza tus mensajes de WhatsApp con Sendapp y Hojas de C\u00e1lculo de Google: Gu\u00eda completa para la integraci\u00f3n con Make. Automatizar tus mensajes de WhatsApp te ahorra tiempo y mejora la eficiencia de tus comunicaciones. En...","protected":false},"author":1,"featured_media":32178,"parent":0,"menu_order":0,"comment_status":"closed","ping_status":"closed","template":"","meta":{"_daim_seo_power":"1000","_daim_enable_ail":"1","footnotes":""},"class_list":["post-32180","page","type-page","status-publish","has-post-thumbnail"],"yoast_head":"<!-- This site is optimized with the Yoast SEO Premium plugin v27.5 (Yoast SEO v27.5) - https:\/\/yoast.com\/product\/yoast-seo-premium-wordpress\/ -->\n<title>Automatizzare WhatsApp con Make - SendApp - Software Whatsapp Marketing<\/title>\n<meta name=\"description\" content=\"Automatizzare i processi di invio di messaggi WhatsApp tramite SendApp e Google Sheets utilizzando Make (ex Integromat)...\" \/>\n<meta name=\"robots\" content=\"index, follow, max-snippet:-1, max-image-preview:large, max-video-preview:-1\" \/>\n<link rel=\"canonical\" href=\"https:\/\/sendapp.live\/es\/automatizar-whatsapp-con-make\/\" \/>\n<meta property=\"og:locale\" content=\"es_ES\" \/>\n<meta property=\"og:type\" content=\"article\" \/>\n<meta property=\"og:title\" content=\"Automatizzare WhatsApp con Make\" \/>\n<meta property=\"og:description\" content=\"Automatizzare i processi di invio di messaggi WhatsApp tramite SendApp e Google Sheets utilizzando Make (ex Integromat)...\" \/>\n<meta property=\"og:url\" content=\"https:\/\/sendapp.live\/es\/automatizar-whatsapp-con-make\/\" \/>\n<meta property=\"og:site_name\" content=\"SendApp - Software Whatsapp Marketing\" \/>\n<meta property=\"article:publisher\" content=\"https:\/\/www.facebook.com\/sendapp.live\" \/>\n<meta property=\"article:modified_time\" content=\"2025-04-07T16:07:52+00:00\" \/>\n<meta property=\"og:image\" content=\"https:\/\/sendapp.live\/wp-content\/uploads\/2024\/09\/Copertina-Make-Sendapp-copia.jpg\" \/>\n\t<meta property=\"og:image:width\" content=\"1920\" \/>\n\t<meta property=\"og:image:height\" content=\"1080\" \/>\n\t<meta property=\"og:image:type\" content=\"image\/jpeg\" \/>\n<meta name=\"twitter:card\" content=\"summary_large_image\" \/>\n<meta name=\"twitter:site\" content=\"@sendapp_live\" \/>\n<meta name=\"twitter:label1\" content=\"Tiempo de lectura\" \/>\n\t<meta name=\"twitter:data1\" content=\"3 minutos\" \/>\n<script type=\"application\/ld+json\" class=\"yoast-schema-graph\">{\"@context\":\"https:\\\/\\\/schema.org\",\"@graph\":[{\"@type\":\"WebPage\",\"@id\":\"https:\\\/\\\/sendapp.live\\\/it\\\/automatizzare-whatsapp-con-make\\\/\",\"url\":\"https:\\\/\\\/sendapp.live\\\/it\\\/automatizzare-whatsapp-con-make\\\/\",\"name\":\"Automatizzare WhatsApp con Make - SendApp - Software Whatsapp Marketing\",\"isPartOf\":{\"@id\":\"https:\\\/\\\/sendapp.live\\\/it\\\/#website\"},\"primaryImageOfPage\":{\"@id\":\"https:\\\/\\\/sendapp.live\\\/it\\\/automatizzare-whatsapp-con-make\\\/#primaryimage\"},\"image\":{\"@id\":\"https:\\\/\\\/sendapp.live\\\/it\\\/automatizzare-whatsapp-con-make\\\/#primaryimage\"},\"thumbnailUrl\":\"https:\\\/\\\/sendapp.live\\\/wp-content\\\/uploads\\\/2024\\\/09\\\/Copertina-Make-Sendapp-copia.jpg\",\"datePublished\":\"2024-09-21T14:13:20+00:00\",\"dateModified\":\"2025-04-07T16:07:52+00:00\",\"description\":\"Automatizzare i processi di invio di messaggi WhatsApp tramite SendApp e Google Sheets utilizzando Make (ex Integromat)...\",\"breadcrumb\":{\"@id\":\"https:\\\/\\\/sendapp.live\\\/it\\\/automatizzare-whatsapp-con-make\\\/#breadcrumb\"},\"inLanguage\":\"es\",\"potentialAction\":[{\"@type\":\"ReadAction\",\"target\":[\"https:\\\/\\\/sendapp.live\\\/it\\\/automatizzare-whatsapp-con-make\\\/\"]}]},{\"@type\":\"ImageObject\",\"inLanguage\":\"es\",\"@id\":\"https:\\\/\\\/sendapp.live\\\/it\\\/automatizzare-whatsapp-con-make\\\/#primaryimage\",\"url\":\"https:\\\/\\\/sendapp.live\\\/wp-content\\\/uploads\\\/2024\\\/09\\\/Copertina-Make-Sendapp-copia.jpg\",\"contentUrl\":\"https:\\\/\\\/sendapp.live\\\/wp-content\\\/uploads\\\/2024\\\/09\\\/Copertina-Make-Sendapp-copia.jpg\",\"width\":1920,\"height\":1080,\"caption\":\"Blank computer screen on a desk in a retro home office\"},{\"@type\":\"BreadcrumbList\",\"@id\":\"https:\\\/\\\/sendapp.live\\\/it\\\/automatizzare-whatsapp-con-make\\\/#breadcrumb\",\"itemListElement\":[{\"@type\":\"ListItem\",\"position\":1,\"name\":\"Home\",\"item\":\"https:\\\/\\\/sendapp.live\\\/\"},{\"@type\":\"ListItem\",\"position\":2,\"name\":\"Automatizzare WhatsApp con Make\"}]},{\"@type\":\"WebSite\",\"@id\":\"https:\\\/\\\/sendapp.live\\\/it\\\/#website\",\"url\":\"https:\\\/\\\/sendapp.live\\\/it\\\/\",\"name\":\"SendApp\",\"description\":\"Automate Your Messages &amp; Grow Your Business\",\"publisher\":{\"@id\":\"https:\\\/\\\/sendapp.live\\\/it\\\/#organization\"},\"alternateName\":\"SendApp WhatsApp Marketing\",\"potentialAction\":[{\"@type\":\"SearchAction\",\"target\":{\"@type\":\"EntryPoint\",\"urlTemplate\":\"https:\\\/\\\/sendapp.live\\\/it\\\/?s={search_term_string}\"},\"query-input\":{\"@type\":\"PropertyValueSpecification\",\"valueRequired\":true,\"valueName\":\"search_term_string\"}}],\"inLanguage\":\"es\"},{\"@type\":\"Organization\",\"@id\":\"https:\\\/\\\/sendapp.live\\\/it\\\/#organization\",\"name\":\"SendApp\",\"url\":\"https:\\\/\\\/sendapp.live\\\/it\\\/\",\"logo\":{\"@type\":\"ImageObject\",\"inLanguage\":\"es\",\"@id\":\"https:\\\/\\\/sendapp.live\\\/it\\\/#\\\/schema\\\/logo\\\/image\\\/\",\"url\":\"https:\\\/\\\/sendapp.live\\\/wp-content\\\/uploads\\\/2025\\\/04\\\/Logo-Sendapp-300x60-1.png\",\"contentUrl\":\"https:\\\/\\\/sendapp.live\\\/wp-content\\\/uploads\\\/2025\\\/04\\\/Logo-Sendapp-300x60-1.png\",\"width\":300,\"height\":60,\"caption\":\"SendApp\"},\"image\":{\"@id\":\"https:\\\/\\\/sendapp.live\\\/it\\\/#\\\/schema\\\/logo\\\/image\\\/\"},\"sameAs\":[\"https:\\\/\\\/www.facebook.com\\\/sendapp.live\",\"https:\\\/\\\/x.com\\\/sendapp_live\",\"https:\\\/\\\/www.instagram.com\\\/sendapp.live\",\"https:\\\/\\\/www.youtube.com\\\/channel\\\/UC2gaLpi0-OJLG4CFbOr6mLw\",\"https:\\\/\\\/it.trustpilot.com\\\/review\\\/sendapp.live\"],\"description\":\"Piattaforma italiana di WhatsApp Marketing con API ufficiali Meta. Assistente AI, campagne massive, SMS Gateway gratuito, Google Calendar, automazioni. Da \u20ac16\\\/mese senza markup sui messaggi.\",\"email\":\"info@sendapp.live\",\"foundingDate\":\"2016-07-25\"}]}<\/script>\n<!-- \/ Yoast SEO Premium plugin. -->","yoast_head_json":{"title":"Automatiza WhatsApp con Make - SendApp - Software de marketing de WhatsApp","description":"Automatice los procesos de env\u00edo de mensajes de WhatsApp a trav\u00e9s de SendApp y Google Sheets usando Make (anteriormente Integromat)...","robots":{"index":"index","follow":"follow","max-snippet":"max-snippet:-1","max-image-preview":"max-image-preview:large","max-video-preview":"max-video-preview:-1"},"canonical":"https:\/\/sendapp.live\/es\/automatizar-whatsapp-con-make\/","og_locale":"es_ES","og_type":"article","og_title":"Automatizzare WhatsApp con Make","og_description":"Automatizzare i processi di invio di messaggi WhatsApp tramite SendApp e Google Sheets utilizzando Make (ex Integromat)...","og_url":"https:\/\/sendapp.live\/es\/automatizar-whatsapp-con-make\/","og_site_name":"SendApp - Software Whatsapp Marketing","article_publisher":"https:\/\/www.facebook.com\/sendapp.live","article_modified_time":"2025-04-07T16:07:52+00:00","og_image":[{"width":1920,"height":1080,"url":"https:\/\/sendapp.live\/wp-content\/uploads\/2024\/09\/Copertina-Make-Sendapp-copia.jpg","type":"image\/jpeg"}],"twitter_card":"summary_large_image","twitter_site":"@sendapp_live","twitter_misc":{"Tiempo de lectura":"3 minutos"},"schema":{"@context":"https:\/\/schema.org","@graph":[{"@type":"WebPage","@id":"https:\/\/sendapp.live\/it\/automatizzare-whatsapp-con-make\/","url":"https:\/\/sendapp.live\/it\/automatizzare-whatsapp-con-make\/","name":"Automatiza WhatsApp con Make - SendApp - Software de marketing de WhatsApp","isPartOf":{"@id":"https:\/\/sendapp.live\/it\/#website"},"primaryImageOfPage":{"@id":"https:\/\/sendapp.live\/it\/automatizzare-whatsapp-con-make\/#primaryimage"},"image":{"@id":"https:\/\/sendapp.live\/it\/automatizzare-whatsapp-con-make\/#primaryimage"},"thumbnailUrl":"https:\/\/sendapp.live\/wp-content\/uploads\/2024\/09\/Copertina-Make-Sendapp-copia.jpg","datePublished":"2024-09-21T14:13:20+00:00","dateModified":"2025-04-07T16:07:52+00:00","description":"Automatice los procesos de env\u00edo de mensajes de WhatsApp a trav\u00e9s de SendApp y Google Sheets usando Make (anteriormente Integromat)...","breadcrumb":{"@id":"https:\/\/sendapp.live\/it\/automatizzare-whatsapp-con-make\/#breadcrumb"},"inLanguage":"es","potentialAction":[{"@type":"ReadAction","target":["https:\/\/sendapp.live\/it\/automatizzare-whatsapp-con-make\/"]}]},{"@type":"ImageObject","inLanguage":"es","@id":"https:\/\/sendapp.live\/it\/automatizzare-whatsapp-con-make\/#primaryimage","url":"https:\/\/sendapp.live\/wp-content\/uploads\/2024\/09\/Copertina-Make-Sendapp-copia.jpg","contentUrl":"https:\/\/sendapp.live\/wp-content\/uploads\/2024\/09\/Copertina-Make-Sendapp-copia.jpg","width":1920,"height":1080,"caption":"Blank computer screen on a desk in a retro home office"},{"@type":"BreadcrumbList","@id":"https:\/\/sendapp.live\/it\/automatizzare-whatsapp-con-make\/#breadcrumb","itemListElement":[{"@type":"ListItem","position":1,"name":"Home","item":"https:\/\/sendapp.live\/"},{"@type":"ListItem","position":2,"name":"Automatizzare WhatsApp con Make"}]},{"@type":"WebSite","@id":"https:\/\/sendapp.live\/it\/#website","url":"https:\/\/sendapp.live\/it\/","name":"SendApp","description":"Automatice sus mensajes y haga crecer su negocio","publisher":{"@id":"https:\/\/sendapp.live\/it\/#organization"},"alternateName":"SendApp WhatsApp Marketing","potentialAction":[{"@type":"SearchAction","target":{"@type":"EntryPoint","urlTemplate":"https:\/\/sendapp.live\/it\/?s={search_term_string}"},"query-input":{"@type":"PropertyValueSpecification","valueRequired":true,"valueName":"search_term_string"}}],"inLanguage":"es"},{"@type":"Organization","@id":"https:\/\/sendapp.live\/it\/#organization","name":"SendApp","url":"https:\/\/sendapp.live\/it\/","logo":{"@type":"ImageObject","inLanguage":"es","@id":"https:\/\/sendapp.live\/it\/#\/schema\/logo\/image\/","url":"https:\/\/sendapp.live\/wp-content\/uploads\/2025\/04\/Logo-Sendapp-300x60-1.png","contentUrl":"https:\/\/sendapp.live\/wp-content\/uploads\/2025\/04\/Logo-Sendapp-300x60-1.png","width":300,"height":60,"caption":"SendApp"},"image":{"@id":"https:\/\/sendapp.live\/it\/#\/schema\/logo\/image\/"},"sameAs":["https:\/\/www.facebook.com\/sendapp.live","https:\/\/x.com\/sendapp_live","https:\/\/www.instagram.com\/sendapp.live","https:\/\/www.youtube.com\/channel\/UC2gaLpi0-OJLG4CFbOr6mLw","https:\/\/it.trustpilot.com\/review\/sendapp.live"],"description":"Plataforma italiana de marketing por WhatsApp con API Meta oficial. Asistente de IA, campa\u00f1as masivas, pasarela SMS gratuita, Google Calendar, automatizaciones. Desde 16 \u20ac\/mes sin recargo por mensaje.","email":"info@sendapp.live","foundingDate":"2016-07-25"}]}},"_links":{"self":[{"href":"https:\/\/sendapp.live\/es\/wp-json\/wp\/v2\/pages\/32180","targetHints":{"allow":["GET"]}}],"collection":[{"href":"https:\/\/sendapp.live\/es\/wp-json\/wp\/v2\/pages"}],"about":[{"href":"https:\/\/sendapp.live\/es\/wp-json\/wp\/v2\/types\/page"}],"author":[{"embeddable":true,"href":"https:\/\/sendapp.live\/es\/wp-json\/wp\/v2\/users\/1"}],"replies":[{"embeddable":true,"href":"https:\/\/sendapp.live\/es\/wp-json\/wp\/v2\/comments?post=32180"}],"version-history":[{"count":6,"href":"https:\/\/sendapp.live\/es\/wp-json\/wp\/v2\/pages\/32180\/revisions"}],"predecessor-version":[{"id":33880,"href":"https:\/\/sendapp.live\/es\/wp-json\/wp\/v2\/pages\/32180\/revisions\/33880"}],"wp:featuredmedia":[{"embeddable":true,"href":"https:\/\/sendapp.live\/es\/wp-json\/wp\/v2\/media\/32178"}],"wp:attachment":[{"href":"https:\/\/sendapp.live\/es\/wp-json\/wp\/v2\/media?parent=32180"}],"curies":[{"name":"wp","href":"https:\/\/api.w.org\/{rel}","templated":true}]}}