{"id":32403,"date":"2024-10-09T11:40:37","date_gmt":"2024-10-09T09:40:37","guid":{"rendered":"https:\/\/sendapp.live\/?page_id=32403"},"modified":"2024-10-09T11:45:45","modified_gmt":"2024-10-09T09:45:45","slug":"sendapp-movil-ios","status":"publish","type":"page","link":"https:\/\/sendapp.live\/es\/sendapp-mobile-ios\/","title":{"rendered":"SendApp-Mobile"},"content":{"rendered":"<div id=\"fws_69d2fa87dcd60\"  data-column-margin=\"default\" data-midnight=\"dark\"  class=\"wpb_row vc_row-fluid vc_row full-width-content vc_row-o-equal-height vc_row-flex vc_row-o-content-top  translate_x_-10px\"  style=\"padding-top: -5px; padding-bottom: 0px; \"><div class=\"row-bg-wrap\" data-bg-animation=\"none\" data-bg-animation-delay=\"\" data-bg-overlay=\"false\"><div class=\"inner-wrap row-bg-layer\" ><div class=\"row-bg viewport-desktop\"  style=\"\"><\/div><\/div><\/div><div class=\"row_col_wrap_12 col span_12 dark left\">\n\t<div  class=\"vc_col-sm-12 stylesheet wpb_column column_container vc_column_container col no-extra-padding inherit_tablet inherit_phone\"  data-padding-pos=\"all\" data-has-bg-color=\"false\" data-bg-color=\"\" data-bg-opacity=\"1\" data-animation=\"\" data-delay=\"0\" >\n\t\t<div class=\"vc_column-inner\" >\n\t\t\t<div class=\"wpb_wrapper\">\n\t\t\t\t\n\t<div class=\"wpb_raw_code wpb_raw_html wpb_content_element app\" >\n\t\t<div class=\"wpb_wrapper\">\n\t\t\t<html>\n<head>\n    <script src=\"https:\/\/mobile.sendapp.live\/mobile\/vue.js\"><\/script>\n    <link rel=\"stylesheet\" href=\"https:\/\/mobile.sendapp.live\/mobile\/bulma.min.css\">\n<script>\n    document.addEventListener('DOMContentLoaded', function() {\n        var widget = document.getElementById('whatsapp_chat_widget');\n        if (widget) {\n            widget.style.display = 'none';\n        }\n    });\n<\/script>\n<script async custom-element=\"amp-ad\" src=\"https:\/\/cdn.ampproject.org\/v0\/amp-ad-0.1.js\"><\/script>\n\n<\/head>\n<body>\n<div id=\"app\">\n  <section class=\"section\">\n      <div class=\"container\">\n        <div class=\"columns\">\n          <div class=\"column is-half has-shadow\">\n            \n\t\t\t<div class=\"field has-addons\">\n\t\t\t\t\t\t\t\t<div class=\"control\">\n\t\t\t\t\t\t\t\t<select type=\"text\" value=\"00\" class=\"input is-small\" v-model=\"prefix\">\n\t\t\t\t\t\t\t\t\t<option value=\"\">\u2193 Seleccionar prefijo<\/option>\n\t\t\t\t\t\t\t\t\t<option value=\"1\">Estados Unidos (1)\n\t\t\t\t\t\t\t\t\t<option value=\"1\">Canad\u00e1 (1)\n\t\t\t\t\t\t\t\t\t<option value=\"61\">Australia (61)\n\t\t\t\t\t\t\t\t\t<option value=\"33\">Francia (33)\n\t\t\t\t\t\t\t\t\t<option value=\"49\">Alemania (49)\n\t\t\t\t\t\t\t\t\t<option value=\"30\">Grecia (30)\n\t\t\t\t\t\t\t\t\t<option value=\"39\">Italia (39)\n\t\t\t\t\t\t\t\t\t<option value=\"34\">Espa\u00f1a (34)\n\t\t\t\t\t\t\t\t\t<option value=\"41\">Suiza (41)\n\t\t\t\t\t\t\t\t\t<option value=\"93\">Afganist\u00e1n (93)\n\t\t\t\t\t\t\t\t\t<option value=\"355\">Albania (355)\n\t\t\t\t\t\t\t\t\t<option value=\"213\">Argelia (213)\n\t\t\t\t\t\t\t\t\t<option value=\"1684\">Samoa Americana (1684)\n\t\t\t\t\t\t\t\t\t<option value=\"376\">andorra (376)\n\t\t\t\t\t\t\t\t\t<option value=\"244\">Angola (244)\n\t\t\t\t\t\t\t\t\t<option value=\"1264\">Anguila (1264)\n\t\t\t\t\t\t\t\t\t<option value=\"672\">Ant\u00e1rtida (672)\n\t\t\t\t\t\t\t\t\t<option value=\"1268\">Antigua y Barbuda (1268)\n\t\t\t\t\t\t\t\t\t<option value=\"54\">Argentina (54)\n\t\t\t\t\t\t\t\t\t<option value=\"374\">Armenia (374)\n\t\t\t\t\t\t\t\t\t<option value=\"297\">Aruba (297)\n\t\t\t\t\t\t\t\t\t<option value=\"43\">Austria (43)\n\t\t\t\t\t\t\t\t\t<option value=\"994\">Azerbaiy\u00e1n (994)\n\t\t\t\t\t\t\t\t\t<option value=\"1242\">Bahamas (1242)\n\t\t\t\t\t\t\t\t\t<option value=\"973\">Bar\u00e9in (973)\n\t\t\t\t\t\t\t\t\t<option value=\"880\">Banglad\u00e9s (880)\n\t\t\t\t\t\t\t\t\t<option value=\"1246\">Barbados (1246)\n\t\t\t\t\t\t\t\t\t<option value=\"375\">Bielorrusia (375)\n\t\t\t\t\t\t\t\t\t<option value=\"32\">B\u00e9lgica (32)\n\t\t\t\t\t\t\t\t\t<option value=\"501\">Belice (501)\n\t\t\t\t\t\t\t\t\t<option value=\"229\">Ben\u00edn (229)\n\t\t\t\t\t\t\t\t\t<option value=\"1441\">Bermudas (1441)\n\t\t\t\t\t\t\t\t\t<option value=\"975\">But\u00e1n (975)\n\t\t\t\t\t\t\t\t\t<option value=\"591\">Bolivia (591)\n\t\t\t\t\t\t\t\t\t<option value=\"387\">Bosnia (387)\n\t\t\t\t\t\t\t\t\t<option value=\"267\">Botsuana (267)\n\t\t\t\t\t\t\t\t\t<option value=\"47\">Isla Bouvet (47)\n\t\t\t\t\t\t\t\t\t<option value=\"55\">Brasil (55)\n\t\t\t\t\t\t\t\t\t<option value=\"246\">Territorio Brit\u00e1nico del Oc\u00e9ano \u00cdndico (246)\n\t\t\t\t\t\t\t\t\t<option value=\"1284\">Islas V\u00edrgenes Brit\u00e1nicas (1284)\n\t\t\t\t\t\t\t\t\t<option value=\"673\">Brun\u00e9i (673)\n\t\t\t\t\t\t\t\t\t<option value=\"359\">bulgaria (359)\n\t\t\t\t\t\t\t\t\t<option value=\"226\">Burkina Faso (226)\n\t\t\t\t\t\t\t\t\t<option value=\"257\">Burundi (257)\n\t\t\t\t\t\t\t\t\t<option value=\"855\">Camboya (855)\n\t\t\t\t\t\t\t\t\t<option value=\"237\">Camer\u00fan (237)\n\t\t\t\t\t\t\t\t\t<option value=\"238\">Cabo Verde (238)\n\t\t\t\t\t\t\t\t\t<option value=\"599\">Caribe Neerland\u00e9s (599)\n\t\t\t\t\t\t\t\t\t<option value=\"1345\">Islas Caim\u00e1n (1345)\n\t\t\t\t\t\t\t\t\t<option value=\"236\">Rep\u00fablica Centroafricana (236)\n\t\t\t\t\t\t\t\t\t<option value=\"235\">Chad (235)\n\t\t\t\t\t\t\t\t\t<option value=\"56\">Chile (56)\n\t\t\t\t\t\t\t\t\t<option value=\"86\">China (86)\n\t\t\t\t\t\t\t\t\t<option value=\"61\">Isla de Navidad (61)\n\t\t\t\t\t\t\t\t\t<option value=\"61\">Islas Cocos (Keeling) (61)\n\t\t\t\t\t\t\t\t\t<option value=\"57\">colombia (57)\n\t\t\t\t\t\t\t\t\t<option value=\"269\">Comoras (269)\n\t\t\t\t\t\t\t\t\t<option value=\"242\">Congo - Brazzaville (242)\n\t\t\t\t\t\t\t\t\t<option value=\"243\">Congo - Kinsasa (243)\n\t\t\t\t\t\t\t\t\t<option value=\"682\">Islas Cook (682)\n\t\t\t\t\t\t\t\t\t<option value=\"506\">Costa Rica (506)\n\t\t\t\t\t\t\t\t\t<option value=\"385\">Croacia (385)\n\t\t\t\t\t\t\t\t\t<option value=\"53\">Cuba (53)\n\t\t\t\t\t\t\t\t\t<option value=\"599\">Curazao (599)\n\t\t\t\t\t\t\t\t\t<option value=\"357\">Chipre (357)\n\t\t\t\t\t\t\t\t\t<option value=\"420\">Rep\u00fablica Checa (420)\n\t\t\t\t\t\t\t\t\t<option value=\"225\">Costa de Marfil (225)\n\t\t\t\t\t\t\t\t\t<option value=\"45\">Dinamarca (45)\n\t\t\t\t\t\t\t\t\t<option value=\"253\">Yibuti (253)\n\t\t\t\t\t\t\t\t\t<option value=\"1767\">Dominica (1767)\n\t\t\t\t\t\t\t\t\t<option value=\"1809\">Rep\u00fablica Dominicana (1809)\n\t\t\t\t\t\t\t\t\t<option value=\"593\">Ecuador (593)\n\t\t\t\t\t\t\t\t\t<option value=\"20\">Egipto (20)\n\t\t\t\t\t\t\t\t\t<option value=\"503\">El Salvador (503)\n\t\t\t\t\t\t\t\t\t<option value=\"240\">Guinea Ecuatorial (240)\n\t\t\t\t\t\t\t\t\t<option value=\"291\">Eritrea (291)\n\t\t\t\t\t\t\t\t\t<option value=\"372\">Estonia (372)\n\t\t\t\t\t\t\t\t\t<option value=\"251\">Etiop\u00eda (251)\n\t\t\t\t\t\t\t\t\t<option value=\"500\">Islas Malvinas (500)\n\t\t\t\t\t\t\t\t\t<option value=\"298\">Islas Feroe (298)\n\t\t\t\t\t\t\t\t\t<option value=\"679\">Fiyi (679)\n\t\t\t\t\t\t\t\t\t<option value=\"358\">Finlandia (358)\n\t\t\t\t\t\t\t\t\t<option value=\"594\">Guayana Francesa (594)\n\t\t\t\t\t\t\t\t\t<option value=\"689\">Polinesia Francesa (689)\n\t\t\t\t\t\t\t\t\t<option value=\"262\">Territorios Australes Franceses (262)\n\t\t\t\t\t\t\t\t\t<option value=\"241\">Gab\u00f3n (241)\n\t\t\t\t\t\t\t\t\t<option value=\"220\">Gambia (220)\n\t\t\t\t\t\t\t\t\t<option value=\"995\">georgia (995)\n\t\t\t\t\t\t\t\t\t<option value=\"233\">Ghana (233)\n\t\t\t\t\t\t\t\t\t<option value=\"350\">gibraltar (350)\n\t\t\t\t\t\t\t\t\t<option value=\"299\">Groenlandia (299)\n\t\t\t\t\t\t\t\t\t<option value=\"1473\">Granada (1473)\n\t\t\t\t\t\t\t\t\t<option value=\"590\">Guadalupe (590)\n\t\t\t\t\t\t\t\t\t<option value=\"1671\">Guam (1671)\n\t\t\t\t\t\t\t\t\t<option value=\"502\">Guatemala (502)\n\t\t\t\t\t\t\t\t\t<option value=\"224\">Guinea (224)\n\t\t\t\t\t\t\t\t\t<option value=\"245\">Guinea-Bis\u00e1u (245)\n\t\t\t\t\t\t\t\t\t<option value=\"592\">Guayana (592)\n\t\t\t\t\t\t\t\t\t<option value=\"509\">Hait\u00ed (509)\n\t\t\t\t\t\t\t\t\t<option value=\"672\">Islas Heard y McDonald (672)\n\t\t\t\t\t\t\t\t\t<option value=\"504\">Honduras (504)\n\t\t\t\t\t\t\t\t\t<option value=\"852\">Hong Kong (852)\n\t\t\t\t\t\t\t\t\t<option value=\"36\">Hungr\u00eda (36)\n\t\t\t\t\t\t\t\t\t<option value=\"354\">Islandia (354)\n\t\t\t\t\t\t\t\t\t<option value=\"91\">India (91)\n\t\t\t\t\t\t\t\t\t<option value=\"62\">Indonesia (62)\n\t\t\t\t\t\t\t\t\t<option value=\"98\">Ir\u00e1n (98)\n\t\t\t\t\t\t\t\t\t<option value=\"964\">Irak (964)\n\t\t\t\t\t\t\t\t\t<option value=\"353\">Irlanda (353)\n\t\t\t\t\t\t\t\t\t<option value=\"972\">Israel (972)\n\t\t\t\t\t\t\t\t\t<option value=\"1876\">Jamaica (1876)\n\t\t\t\t\t\t\t\t\t<option value=\"81\">Jap\u00f3n (81)\n\t\t\t\t\t\t\t\t\t<option value=\"962\">Jordania (962)\n\t\t\t\t\t\t\t\t\t<option value=\"7\">Kazajst\u00e1n (7)\n\t\t\t\t\t\t\t\t\t<option value=\"254\">Kenia (254)\n\t\t\t\t\t\t\t\t\t<option value=\"686\">Kiribati (686)\n\t\t\t\t\t\t\t\t\t<option value=\"965\">Kuwait (965)\n\t\t\t\t\t\t\t\t\t<option value=\"996\">Kirguist\u00e1n (996)\n\t\t\t\t\t\t\t\t\t<option value=\"856\">Laos (856)\n\t\t\t\t\t\t\t\t\t<option value=\"371\">Letonia (371)\n\t\t\t\t\t\t\t\t\t<option value=\"961\">L\u00edbano (961)\n\t\t\t\t\t\t\t\t\t<option value=\"266\">Lesoto (266)\n\t\t\t\t\t\t\t\t\t<option value=\"231\">Liberia (231)\n\t\t\t\t\t\t\t\t\t<option value=\"218\">Libia (218)\n\t\t\t\t\t\t\t\t\t<option value=\"423\">Liechtenstein (423)\n\t\t\t\t\t\t\t\t\t<option value=\"370\">Lituania (370)\n\t\t\t\t\t\t\t\t\t<option value=\"352\">Luxemburgo (352)\n\t\t\t\t\t\t\t\t\t<option value=\"853\">Macao (853)\n\t\t\t\t\t\t\t\t\t<option value=\"389\">Macedonia (389)\n\t\t\t\t\t\t\t\t\t<option value=\"261\">Madagascar (261)\n\t\t\t\t\t\t\t\t\t<option value=\"265\">Malaui (265)\n\t\t\t\t\t\t\t\t\t<option value=\"60\">Malasia (60)\n\t\t\t\t\t\t\t\t\t<option value=\"960\">Maldivas (960)\n\t\t\t\t\t\t\t\t\t<option value=\"223\">Mal\u00ed (223)\n\t\t\t\t\t\t\t\t\t<option value=\"356\">malta (356)\n\t\t\t\t\t\t\t\t\t<option value=\"692\">Islas Marshall (692)\n\t\t\t\t\t\t\t\t\t<option value=\"596\">Martinica (596)\n\t\t\t\t\t\t\t\t\t<option value=\"222\">Mauritania (222)\n\t\t\t\t\t\t\t\t\t<option value=\"230\">Mauricio (230)\n\t\t\t\t\t\t\t\t\t<option value=\"262\">Mayotte (262)\n\t\t\t\t\t\t\t\t\t<option value=\"52\">M\u00e9xico (52)\n\t\t\t\t\t\t\t\t\t<option value=\"691\">Micronesia (691)\n\t\t\t\t\t\t\t\t\t<option value=\"373\">Moldavia (373)\n\t\t\t\t\t\t\t\t\t<option value=\"377\">M\u00f3naco (377)\n\t\t\t\t\t\t\t\t\t<option value=\"976\">Mongolia (976)\n\t\t\t\t\t\t\t\t\t<option value=\"382\">montenegro (382)\n\t\t\t\t\t\t\t\t\t<option value=\"1664\">Montserrat (1664)\n\t\t\t\t\t\t\t\t\t<option value=\"212\">Marruecos (212)\n\t\t\t\t\t\t\t\t\t<option value=\"258\">Mozambique (258)\n\t\t\t\t\t\t\t\t\t<option value=\"95\">Birmania (95)\n\t\t\t\t\t\t\t\t\t<option value=\"264\">Namibia (264)\n\t\t\t\t\t\t\t\t\t<option value=\"674\">Nauru (674)\n\t\t\t\t\t\t\t\t\t<option value=\"977\">Nepal (977)\n\t\t\t\t\t\t\t\t\t<option value=\"31\">Holanda (31)\n\t\t\t\t\t\t\t\t\t<option value=\"687\">Nueva Caledonia (687)\n\t\t\t\t\t\t\t\t\t<option value=\"64\">Nueva Zelanda (64)\n\t\t\t\t\t\t\t\t\t<option value=\"505\">Nicaragua (505)\n\t\t\t\t\t\t\t\t\t<option value=\"227\">N\u00edger (227)\n\t\t\t\t\t\t\t\t\t<option value=\"234\">Nigeria (234)\n\t\t\t\t\t\t\t\t\t<option value=\"683\">Niue (683)\n\t\t\t\t\t\t\t\t\t<option value=\"672\">Isla Norfolk (672)\n\t\t\t\t\t\t\t\t\t<option value=\"850\">Corea del Norte (850)\n\t\t\t\t\t\t\t\t\t<option value=\"1670\">Islas Marianas del Norte (1670)\n\t\t\t\t\t\t\t\t\t<option value=\"47\">Noruega (47)\n\t\t\t\t\t\t\t\t\t<option value=\"968\">Om\u00e1n (968)\n\t\t\t\t\t\t\t\t\t<option value=\"92\">Pakist\u00e1n (92)\n\t\t\t\t\t\t\t\t\t<option value=\"680\">Palaos (680)\n\t\t\t\t\t\t\t\t\t<option value=\"970\">Palestina (970)\n\t\t\t\t\t\t\t\t\t<option value=\"507\">Panam\u00e1 (507)\n\t\t\t\t\t\t\t\t\t<option value=\"675\">Pap\u00faa Nueva Guinea (675)\n\t\t\t\t\t\t\t\t\t<option value=\"595\">Paraguay (595)\n\t\t\t\t\t\t\t\t\t<option value=\"51\">Per\u00fa (51)\n\t\t\t\t\t\t\t\t\t<option value=\"63\">Filipinas (63)\n\t\t\t\t\t\t\t\t\t<option value=\"870\">Islas Pitcairn (870)\n\t\t\t\t\t\t\t\t\t<option value=\"48\">Polonia (48)\n\t\t\t\t\t\t\t\t\t<option value=\"351\">Portugal (351)\n\t\t\t\t\t\t\t\t\t<option value=\"1\">Puerto Rico (1)\n\t\t\t\t\t\t\t\t\t<option value=\"974\">Catar (974)\n\t\t\t\t\t\t\t\t\t<option value=\"40\">Rumania (40)\n\t\t\t\t\t\t\t\t\t<option value=\"7\">Rusia (7)\n\t\t\t\t\t\t\t\t\t<option value=\"250\">Ruanda (250)\n\t\t\t\t\t\t\t\t\t<option value=\"262\">Isla Reuni\u00f3n (262)\n\t\t\t\t\t\t\t\t\t<option value=\"685\">Samoa (685)\n\t\t\t\t\t\t\t\t\t<option value=\"378\">San Marino (378)\n\t\t\t\t\t\t\t\t\t<option value=\"966\">Arabia Saudita (966)\n\t\t\t\t\t\t\t\t\t<option value=\"221\">Senegal (221)\n\t\t\t\t\t\t\t\t\t<option value=\"381\">Serbia (381)\n\t\t\t\t\t\t\t\t\t<option value=\"248\">Seychelles (248)\n\t\t\t\t\t\t\t\t\t<option value=\"232\">Sierra Leona (232)\n\t\t\t\t\t\t\t\t\t<option value=\"65\">Singapur (65)\n\t\t\t\t\t\t\t\t\t<option value=\"1721\">San Mart\u00edn (1721)\n\t\t\t\t\t\t\t\t\t<option value=\"421\">Eslovaquia (421)\n\t\t\t\t\t\t\t\t\t<option value=\"386\">Eslovenia (386)\n\t\t\t\t\t\t\t\t\t<option value=\"677\">Islas Salom\u00f3n (677)\n\t\t\t\t\t\t\t\t\t<option value=\"252\">Somalia (252)\n\t\t\t\t\t\t\t\t\t<option value=\"27\">Sud\u00e1frica (27)\n\t\t\t\t\t\t\t\t\t<option value=\"500\">Islas Georgias del Sur y Sandwich del Sur (500)\n\t\t\t\t\t\t\t\t\t<option value=\"82\">Corea del Sur (82)\n\t\t\t\t\t\t\t\t\t<option value=\"211\">Sud\u00e1n del Sur (211)\n\t\t\t\t\t\t\t\t\t<option value=\"94\">Sri Lanka (94)\n\t\t\t\t\t\t\t\t\t<option value=\"590\">San Bartolom\u00e9 (590)\n\t\t\t\t\t\t\t\t\t<option value=\"1869\">San Crist\u00f3bal y Nieves (1869)\n\t\t\t\t\t\t\t\t\t<option value=\"1758\">Santa Luc\u00eda (1758)\n\t\t\t\t\t\t\t\t\t<option value=\"590\">San Mart\u00edn (590)\n\t\t\t\t\t\t\t\t\t<option value=\"508\">San Pedro y Miquel\u00f3n (508)\n\t\t\t\t\t\t\t\t\t<option value=\"1784\">San Vicente y las Granadinas (1784)\n\t\t\t\t\t\t\t\t\t<option value=\"249\">Sud\u00e1n (249)\n\t\t\t\t\t\t\t\t\t<option value=\"597\">Surinam (597)\n\t\t\t\t\t\t\t\t\t<option value=\"47\">Svalbard y Jan Mayen (47)\n\t\t\t\t\t\t\t\t\t<option value=\"268\">Suazilandia (268)\n\t\t\t\t\t\t\t\t\t<option value=\"46\">Suecia (46)\n\t\t\t\t\t\t\t\t\t<option value=\"963\">Siria (963)\n\t\t\t\t\t\t\t\t\t<option value=\"239\">Santo Tom\u00e9 y Pr\u00edncipe (239)\n\t\t\t\t\t\t\t\t\t<option value=\"886\">Taiw\u00e1n (886)\n\t\t\t\t\t\t\t\t\t<option value=\"992\">Tayikist\u00e1n (992)\n\t\t\t\t\t\t\t\t\t<option value=\"255\">Tanzan\u00eda (255)\n\t\t\t\t\t\t\t\t\t<option value=\"66\">Tailandia (66)\n\t\t\t\t\t\t\t\t\t<option value=\"670\">Timor Oriental (670)\n\t\t\t\t\t\t\t\t\t<option value=\"228\">Togo (228)\n\t\t\t\t\t\t\t\t\t<option value=\"690\">Tokelau (690)\n\t\t\t\t\t\t\t\t\t<option value=\"676\">tonga (676)\n\t\t\t\t\t\t\t\t\t<option value=\"1868\">Trinidad y Tobago (1868)\n\t\t\t\t\t\t\t\t\t<option value=\"216\">T\u00fanez (216)\n\t\t\t\t\t\t\t\t\t<option value=\"90\">Turqu\u00eda (90)\n\t\t\t\t\t\t\t\t\t<option value=\"993\">Turkmenist\u00e1n (993)\n\t\t\t\t\t\t\t\t\t<option value=\"1649\">Islas Turcas y Caicos (1649)\n\t\t\t\t\t\t\t\t\t<option value=\"688\">Tuvalu (688)\n\t\t\t\t\t\t\t\t\t<option value=\"1340\">Islas V\u00edrgenes de EE. UU. (1340)\n\t\t\t\t\t\t\t\t\t<option value=\"44\">Reino Unido (44)\n\t\t\t\t\t\t\t\t\t<option value=\"256\">Uganda (256)\n\t\t\t\t\t\t\t\t\t<option value=\"380\">Ucrania (380)\n\t\t\t\t\t\t\t\t\t<option value=\"971\">Emiratos \u00c1rabes Unidos (971)\n\t\t\t\t\t\t\t\t\t<option value=\"598\">Uruguay (598)\n\t\t\t\t\t\t\t\t\t<option value=\"998\">Uzbekist\u00e1n (998)\n\t\t\t\t\t\t\t\t\t<option value=\"678\">Vanuatu (678)\n\t\t\t\t\t\t\t\t\t<option value=\"3906\">Ciudad del Vaticano (3906)\n\t\t\t\t\t\t\t\t\t<option value=\"58\">venezolana (58)\n\t\t\t\t\t\t\t\t\t<option value=\"84\">Vietnam (84)\n\t\t\t\t\t\t\t\t\t<option value=\"681\">Wallis y Futuna (681)\n\t\t\t\t\t\t\t\t\t<option value=\"212\">S\u00e1hara Occidental (212)\n\t\t\t\t\t\t\t\t\t<option value=\"967\">Yemen (967)\n\t\t\t\t\t\t\t\t\t<option value=\"260\">Zambia (260)\n\t\t\t\t\t\t\t\t\t<option value=\"263\">Zimbabue (263)\n\t\t\t\t\t\t\t\t\t<option value=\"358\">Islas \u00c3land (358)\n\t\t\t\t\t\t\t\t<\/select>\n\t\t\t\t\t\t\t<\/div>\n              <p class=\"control\">\n                <input class=\"input is-small\" type=\"text\" placeholder=\"00\" v-model=\"prefix\">\n              <\/p>\n            <\/div>\n\t\t\t\n            <h2>tel\u00e9fono<\/h2>\n\n            <textarea class=\"textarea\" placeholder=\"Ingrese los n\u00fameros de tel\u00e9fono (un n\u00famero por l\u00ednea, puede usar copiar y pegar)\" v-model=\"phoneNumbersTextarea\"><\/textarea>\n\n            <!--<small>{{ phoneNumbers }}<\/small> -->\n\t\t\t<\/div>\n          <div class=\"column is-half has-shadow\">\n            <h2>mensaje<\/h2>\n            <textarea class=\"textarea\" placeholder=\"Ingrese el mensaje de texto (puede usar copiar y pegar)\" v-model=\"messageTextarea\"><\/textarea>\n\t\t\t<!--<h2>Message Preview<\/h2> -->\n            <!--<p v-html=\"parsedMessage\"><\/p> -->\n\n            <div class=\"modal\" :class=\"{'is-active':helpModal}\">\n              <div class=\"modal-background\" @click=\"hideModal\"><\/div>\n              <div class=\"modal-card\">\n                <header class=\"modal-card-head\">\n                  <p class=\"modal-card-title\">Ayuda de formato de texto de Whatsapp<\/p>\n                  <button class=\"delete\" aria-label=\"cerca\" @click=\"hideModal\"><\/button>\n                <\/header>\n              <\/div>\n              <!--<button class=\"modal-close is-large\" aria-label=\"close\"><\/button>-->\n            <\/div>\n            <h3>Haz clic en el bot\u00f3n para enviar el mensaje con tu Whatsapp.<\/h3>\n      <\/div>\n    <\/section>\n    <section class=\"section\">\n      <div class=\"container\">\n        <ul>\n          <li v-for=\"link in links\" style=\"margin:0.5em; display: inline-block;\">\n            <a :href=\"link.link\" class=\"button is-link\" target=\"blank\" @click=\"buttonClicked\">Enviar a {{link.number}}<\/a>\n          <\/li>\n        <\/ul>\n      <\/div>\n    <\/section>\n  <\/div>\n<script src=\"https:\/\/mobile.sendapp.live\/mobile\/app.js\"><\/script>\n<amp-ad width=\"100vw\" height=\"320\"\n     type=\"adsense\"\n     data-ad-client=\"ca-pub-3121256362339583\"\n     data-ad-slot=\"6906601073\"\n     data-auto-format=\"rspv\"\n     data-full-width=\"\">\n  <div overflow=\"\"><\/div>\n<\/amp-ad>\n<\/body>\n<\/html>\n\n\t\t<\/div>\n\t<\/div>\n\n\t\t\t<\/div> \n\t\t<\/div>\n\t<\/div> \n<\/div><\/div>","protected":false},"excerpt":{"rendered":"\u2193 Seleccionar c\u00f3digo de \u00e1rea EE. UU. (1) Canad\u00e1 (1) Australia (61) Francia (33) Alemania (49) Grecia (30) Italia (39) Espa\u00f1a (34) Suiza (41) Afganist\u00e1n (93) Albania (355) Argelia ( 213 ) Samoa Americana (1684)...","protected":false},"author":1,"featured_media":0,"parent":0,"menu_order":0,"comment_status":"closed","ping_status":"closed","template":"","meta":{"_daim_seo_power":"","_daim_enable_ail":"","footnotes":""},"class_list":["post-32403","page","type-page","status-publish"],"yoast_head":"<!-- This site is optimized with the Yoast SEO Premium plugin v27.3 (Yoast SEO v27.3) - https:\/\/yoast.com\/product\/yoast-seo-premium-wordpress\/ -->\n<title>sendapp-mobile - SendApp - Software Whatsapp Marketing<\/title>\n<meta name=\"robots\" content=\"index, follow, max-snippet:-1, max-image-preview:large, max-video-preview:-1\" \/>\n<link rel=\"canonical\" href=\"https:\/\/sendapp.live\/es\/sendapp-movil-ios\/\" \/>\n<meta property=\"og:locale\" content=\"es_ES\" \/>\n<meta property=\"og:type\" content=\"article\" \/>\n<meta property=\"og:title\" content=\"sendapp-mobile\" \/>\n<meta property=\"og:url\" content=\"https:\/\/sendapp.live\/es\/sendapp-movil-ios\/\" \/>\n<meta property=\"og:site_name\" content=\"SendApp - Software Whatsapp Marketing\" \/>\n<meta property=\"article:publisher\" content=\"https:\/\/www.facebook.com\/sendapp.live\" \/>\n<meta property=\"article:modified_time\" content=\"2024-10-09T09:45:45+00:00\" \/>\n<meta name=\"twitter:card\" content=\"summary_large_image\" \/>\n<meta name=\"twitter:site\" content=\"@sendapp_live\" \/>\n<meta name=\"twitter:label1\" content=\"Tiempo de lectura\" \/>\n\t<meta name=\"twitter:data1\" content=\"1 minuto\" \/>\n<script type=\"application\/ld+json\" class=\"yoast-schema-graph\">{\"@context\":\"https:\\\/\\\/schema.org\",\"@graph\":[{\"@type\":\"WebPage\",\"@id\":\"https:\\\/\\\/sendapp.live\\\/sendapp-mobile-ios\\\/\",\"url\":\"https:\\\/\\\/sendapp.live\\\/sendapp-mobile-ios\\\/\",\"name\":\"sendapp-mobile - SendApp - Software Whatsapp Marketing\",\"isPartOf\":{\"@id\":\"https:\\\/\\\/sendapp.live\\\/it\\\/#website\"},\"datePublished\":\"2024-10-09T09:40:37+00:00\",\"dateModified\":\"2024-10-09T09:45:45+00:00\",\"breadcrumb\":{\"@id\":\"https:\\\/\\\/sendapp.live\\\/sendapp-mobile-ios\\\/#breadcrumb\"},\"inLanguage\":\"es\",\"potentialAction\":[{\"@type\":\"ReadAction\",\"target\":[\"https:\\\/\\\/sendapp.live\\\/sendapp-mobile-ios\\\/\"]}]},{\"@type\":\"BreadcrumbList\",\"@id\":\"https:\\\/\\\/sendapp.live\\\/sendapp-mobile-ios\\\/#breadcrumb\",\"itemListElement\":[{\"@type\":\"ListItem\",\"position\":1,\"name\":\"Home\",\"item\":\"https:\\\/\\\/sendapp.live\\\/\"},{\"@type\":\"ListItem\",\"position\":2,\"name\":\"sendapp-mobile\"}]},{\"@type\":\"WebSite\",\"@id\":\"https:\\\/\\\/sendapp.live\\\/it\\\/#website\",\"url\":\"https:\\\/\\\/sendapp.live\\\/it\\\/\",\"name\":\"SendApp\",\"description\":\"Automate Your Messages &amp; Grow Your Business\",\"publisher\":{\"@id\":\"https:\\\/\\\/sendapp.live\\\/it\\\/#organization\"},\"alternateName\":\"SendApp WhatsApp Marketing\",\"potentialAction\":[{\"@type\":\"SearchAction\",\"target\":{\"@type\":\"EntryPoint\",\"urlTemplate\":\"https:\\\/\\\/sendapp.live\\\/it\\\/?s={search_term_string}\"},\"query-input\":{\"@type\":\"PropertyValueSpecification\",\"valueRequired\":true,\"valueName\":\"search_term_string\"}}],\"inLanguage\":\"es\"},{\"@type\":\"Organization\",\"@id\":\"https:\\\/\\\/sendapp.live\\\/it\\\/#organization\",\"name\":\"SendApp\",\"url\":\"https:\\\/\\\/sendapp.live\\\/it\\\/\",\"logo\":{\"@type\":\"ImageObject\",\"inLanguage\":\"es\",\"@id\":\"https:\\\/\\\/sendapp.live\\\/it\\\/#\\\/schema\\\/logo\\\/image\\\/\",\"url\":\"https:\\\/\\\/sendapp.live\\\/wp-content\\\/uploads\\\/2025\\\/04\\\/Logo-Sendapp-300x60-1.png\",\"contentUrl\":\"https:\\\/\\\/sendapp.live\\\/wp-content\\\/uploads\\\/2025\\\/04\\\/Logo-Sendapp-300x60-1.png\",\"width\":300,\"height\":60,\"caption\":\"SendApp\"},\"image\":{\"@id\":\"https:\\\/\\\/sendapp.live\\\/it\\\/#\\\/schema\\\/logo\\\/image\\\/\"},\"sameAs\":[\"https:\\\/\\\/www.facebook.com\\\/sendapp.live\",\"https:\\\/\\\/x.com\\\/sendapp_live\",\"https:\\\/\\\/www.instagram.com\\\/sendapp.live\",\"https:\\\/\\\/www.youtube.com\\\/channel\\\/UC2gaLpi0-OJLG4CFbOr6mLw\",\"https:\\\/\\\/it.trustpilot.com\\\/review\\\/sendapp.live\"],\"description\":\"Piattaforma italiana di WhatsApp Marketing con API ufficiali Meta. Assistente AI, campagne massive, SMS Gateway gratuito, Google Calendar, automazioni. Da \u20ac16\\\/mese senza markup sui messaggi.\",\"email\":\"info@sendapp.live\",\"foundingDate\":\"2016-07-25\"}]}<\/script>\n<!-- \/ Yoast SEO Premium plugin. -->","yoast_head_json":{"title":"sendapp-mobile - SendApp - Software de marketing de WhatsApp","robots":{"index":"index","follow":"follow","max-snippet":"max-snippet:-1","max-image-preview":"max-image-preview:large","max-video-preview":"max-video-preview:-1"},"canonical":"https:\/\/sendapp.live\/es\/sendapp-movil-ios\/","og_locale":"es_ES","og_type":"article","og_title":"sendapp-mobile","og_url":"https:\/\/sendapp.live\/es\/sendapp-movil-ios\/","og_site_name":"SendApp - Software Whatsapp Marketing","article_publisher":"https:\/\/www.facebook.com\/sendapp.live","article_modified_time":"2024-10-09T09:45:45+00:00","twitter_card":"summary_large_image","twitter_site":"@sendapp_live","twitter_misc":{"Tiempo de lectura":"1 minuto"},"schema":{"@context":"https:\/\/schema.org","@graph":[{"@type":"WebPage","@id":"https:\/\/sendapp.live\/sendapp-mobile-ios\/","url":"https:\/\/sendapp.live\/sendapp-mobile-ios\/","name":"sendapp-mobile - SendApp - Software de marketing de WhatsApp","isPartOf":{"@id":"https:\/\/sendapp.live\/it\/#website"},"datePublished":"2024-10-09T09:40:37+00:00","dateModified":"2024-10-09T09:45:45+00:00","breadcrumb":{"@id":"https:\/\/sendapp.live\/sendapp-mobile-ios\/#breadcrumb"},"inLanguage":"es","potentialAction":[{"@type":"ReadAction","target":["https:\/\/sendapp.live\/sendapp-mobile-ios\/"]}]},{"@type":"BreadcrumbList","@id":"https:\/\/sendapp.live\/sendapp-mobile-ios\/#breadcrumb","itemListElement":[{"@type":"ListItem","position":1,"name":"Home","item":"https:\/\/sendapp.live\/"},{"@type":"ListItem","position":2,"name":"sendapp-mobile"}]},{"@type":"WebSite","@id":"https:\/\/sendapp.live\/it\/#website","url":"https:\/\/sendapp.live\/it\/","name":"SendApp","description":"Automatice sus mensajes y haga crecer su negocio","publisher":{"@id":"https:\/\/sendapp.live\/it\/#organization"},"alternateName":"SendApp WhatsApp Marketing","potentialAction":[{"@type":"SearchAction","target":{"@type":"EntryPoint","urlTemplate":"https:\/\/sendapp.live\/it\/?s={search_term_string}"},"query-input":{"@type":"PropertyValueSpecification","valueRequired":true,"valueName":"search_term_string"}}],"inLanguage":"es"},{"@type":"Organization","@id":"https:\/\/sendapp.live\/it\/#organization","name":"SendApp","url":"https:\/\/sendapp.live\/it\/","logo":{"@type":"ImageObject","inLanguage":"es","@id":"https:\/\/sendapp.live\/it\/#\/schema\/logo\/image\/","url":"https:\/\/sendapp.live\/wp-content\/uploads\/2025\/04\/Logo-Sendapp-300x60-1.png","contentUrl":"https:\/\/sendapp.live\/wp-content\/uploads\/2025\/04\/Logo-Sendapp-300x60-1.png","width":300,"height":60,"caption":"SendApp"},"image":{"@id":"https:\/\/sendapp.live\/it\/#\/schema\/logo\/image\/"},"sameAs":["https:\/\/www.facebook.com\/sendapp.live","https:\/\/x.com\/sendapp_live","https:\/\/www.instagram.com\/sendapp.live","https:\/\/www.youtube.com\/channel\/UC2gaLpi0-OJLG4CFbOr6mLw","https:\/\/it.trustpilot.com\/review\/sendapp.live"],"description":"Plataforma italiana de marketing por WhatsApp con API Meta oficial. Asistente de IA, campa\u00f1as masivas, pasarela SMS gratuita, Google Calendar, automatizaciones. Desde 16 \u20ac\/mes sin recargo por mensaje.","email":"info@sendapp.live","foundingDate":"2016-07-25"}]}},"_links":{"self":[{"href":"https:\/\/sendapp.live\/es\/wp-json\/wp\/v2\/pages\/32403","targetHints":{"allow":["GET"]}}],"collection":[{"href":"https:\/\/sendapp.live\/es\/wp-json\/wp\/v2\/pages"}],"about":[{"href":"https:\/\/sendapp.live\/es\/wp-json\/wp\/v2\/types\/page"}],"author":[{"embeddable":true,"href":"https:\/\/sendapp.live\/es\/wp-json\/wp\/v2\/users\/1"}],"replies":[{"embeddable":true,"href":"https:\/\/sendapp.live\/es\/wp-json\/wp\/v2\/comments?post=32403"}],"version-history":[{"count":2,"href":"https:\/\/sendapp.live\/es\/wp-json\/wp\/v2\/pages\/32403\/revisions"}],"predecessor-version":[{"id":32405,"href":"https:\/\/sendapp.live\/es\/wp-json\/wp\/v2\/pages\/32403\/revisions\/32405"}],"wp:attachment":[{"href":"https:\/\/sendapp.live\/es\/wp-json\/wp\/v2\/media?parent=32403"}],"curies":[{"name":"wp","href":"https:\/\/api.w.org\/{rel}","templated":true}]}}