{"id":32983,"date":"2024-11-20T18:02:24","date_gmt":"2024-11-20T17:02:24","guid":{"rendered":"https:\/\/sendapp.live\/?page_id=32983"},"modified":"2025-01-21T23:18:05","modified_gmt":"2025-01-21T22:18:05","slug":"bajas-automaticas-de-whatsapp","status":"publish","type":"page","link":"https:\/\/sendapp.live\/es\/disiscritti-automatici-whatsapp\/","title":{"rendered":"Baja autom\u00e1tica de WhatsApp con SendApp"},"content":{"rendered":"<div id=\"fws_69d7ef0c148e4\"  data-column-margin=\"default\" data-midnight=\"dark\"  class=\"wpb_row vc_row-fluid vc_row\"  style=\"padding-top: 0px; padding-bottom: 0px; \"><div class=\"row-bg-wrap\" data-bg-animation=\"none\" data-bg-animation-delay=\"\" data-bg-overlay=\"false\"><div class=\"inner-wrap row-bg-layer\" ><div class=\"row-bg viewport-desktop\"  style=\"\"><\/div><\/div><\/div><div class=\"row_col_wrap_12 col span_12 dark\">\n\t<div  class=\"vc_col-sm-6 wpb_column column_container vc_column_container col no-extra-padding\"  data-padding-pos=\"all\" data-has-bg-color=\"false\" data-bg-color=\"\" data-bg-opacity=\"1\" data-animation=\"\" data-delay=\"0\" >\n\t\t<div class=\"vc_column-inner\" >\n\t\t\t<div class=\"wpb_wrapper\">\n\t\t\t\t<div class=\"img-with-aniamtion-wrap left\" data-max-width=\"100%\" data-max-width-mobile=\"100%\" data-shadow=\"none\" data-animation=\"fade-in\" >\n      <div class=\"inner\">\n        <div class=\"hover-wrap\"> \n          <div class=\"hover-wrap-inner\">\n            <img loading=\"lazy\" decoding=\"async\" class=\"img-with-animation skip-lazy\" data-delay=\"0\" height=\"863\" width=\"931\" data-animation=\"fade-in\" src=\"https:\/\/sendapp.live\/wp-content\/uploads\/2024\/11\/unsubscribe-whatsapp-sendapp.png\" alt=\"\" srcset=\"https:\/\/sendapp.live\/wp-content\/uploads\/2024\/11\/unsubscribe-whatsapp-sendapp.png 931w, https:\/\/sendapp.live\/wp-content\/uploads\/2024\/11\/unsubscribe-whatsapp-sendapp-300x278.png 300w, https:\/\/sendapp.live\/wp-content\/uploads\/2024\/11\/unsubscribe-whatsapp-sendapp-768x712.png 768w, https:\/\/sendapp.live\/wp-content\/uploads\/2024\/11\/unsubscribe-whatsapp-sendapp-13x12.png 13w, https:\/\/sendapp.live\/wp-content\/uploads\/2024\/11\/unsubscribe-whatsapp-sendapp-600x556.png 600w\" sizes=\"auto, (max-width: 931px) 100vw, 931px\" \/>\n          <\/div>\n        <\/div>\n      <\/div>\n    <\/div>\n\t\t\t<\/div> \n\t\t<\/div>\n\t<\/div> \n\n\t<div style=\"margin-top: 10%; \" class=\"vc_col-sm-6 wpb_column column_container vc_column_container col no-extra-padding\"  data-padding-pos=\"all\" data-has-bg-color=\"false\" data-bg-color=\"\" data-bg-opacity=\"1\" data-animation=\"\" data-delay=\"0\" >\n\t\t<div class=\"vc_column-inner\" >\n\t\t\t<div class=\"wpb_wrapper\">\n\t\t\t\t\n<div class=\"wpb_text_column wpb_content_element\" >\n\t<div class=\"wpb_wrapper\">\n\t\t<h1 style=\"text-align: left;\"><span style=\"color: #008000;\">Gu\u00eda para darse de baja autom\u00e1ticamente<\/span><\/h1>\n<h1 style=\"text-align: left;\"><span style=\"color: #008000;\">de WhatsApp con Sendapp Desktop<\/span><\/h1>\n\t<\/div>\n<\/div>\n\n\n\n\n\t\t\t<\/div> \n\t\t<\/div>\n\t<\/div> \n<\/div><\/div>\n\t\t<div id=\"fws_69d7ef0c1535a\"  data-column-margin=\"default\" data-midnight=\"dark\"  class=\"wpb_row vc_row-fluid vc_row\"  style=\"padding-top: 0px; padding-bottom: 0px; \"><div class=\"row-bg-wrap\" data-bg-animation=\"none\" data-bg-animation-delay=\"\" data-bg-overlay=\"false\"><div class=\"inner-wrap row-bg-layer\" ><div class=\"row-bg viewport-desktop\"  style=\"\"><\/div><\/div><\/div><div class=\"row_col_wrap_12 col span_12 dark\">\n\t<div  class=\"vc_col-sm-12 wpb_column column_container vc_column_container col no-extra-padding\"  data-padding-pos=\"all\" data-has-bg-color=\"false\" data-bg-color=\"\" data-bg-opacity=\"1\" data-animation=\"\" data-delay=\"0\" >\n\t\t<div class=\"vc_column-inner\" >\n\t\t\t<div class=\"wpb_wrapper\">\n\t\t\t\t\n<div class=\"wpb_text_column wpb_content_element\" >\n\t<div class=\"wpb_wrapper\">\n\t\t<p>Gracias a la <b>Baja autom\u00e1tica<\/b> en <a href=\"https:\/\/sendapp.live\/es\/sendapp-desktop-precio\/\" target=\"_blank\" rel=\"noopener\">Sendapp Desktop<\/a>Con esta funci\u00f3n, sus clientes podr\u00e1n darse de baja f\u00e1cilmente de sus campa\u00f1as. A continuaci\u00f3n te explicamos c\u00f3mo configurar y utilizar esta funci\u00f3n para gestionar las bajas.<\/p>\n<p><img loading=\"lazy\" decoding=\"async\" class=\"alignnone size-full wp-image-33038\" src=\"https:\/\/sendapp.live\/wp-content\/uploads\/2024\/11\/Screenshot-2024-11-20-alle-20.17.30.png\" alt=\"\" width=\"2558\" height=\"1538\" srcset=\"https:\/\/sendapp.live\/wp-content\/uploads\/2024\/11\/Screenshot-2024-11-20-alle-20.17.30.png 2558w, https:\/\/sendapp.live\/wp-content\/uploads\/2024\/11\/Screenshot-2024-11-20-alle-20.17.30-300x180.png 300w, https:\/\/sendapp.live\/wp-content\/uploads\/2024\/11\/Screenshot-2024-11-20-alle-20.17.30-1024x616.png 1024w, https:\/\/sendapp.live\/wp-content\/uploads\/2024\/11\/Screenshot-2024-11-20-alle-20.17.30-768x462.png 768w, https:\/\/sendapp.live\/wp-content\/uploads\/2024\/11\/Screenshot-2024-11-20-alle-20.17.30-1536x924.png 1536w, https:\/\/sendapp.live\/wp-content\/uploads\/2024\/11\/Screenshot-2024-11-20-alle-20.17.30-2048x1231.png 2048w, https:\/\/sendapp.live\/wp-content\/uploads\/2024\/11\/Screenshot-2024-11-20-alle-20.17.30-18x12.png 18w, https:\/\/sendapp.live\/wp-content\/uploads\/2024\/11\/Screenshot-2024-11-20-alle-20.17.30-600x361.png 600w\" sizes=\"auto, (max-width: 2558px) 100vw, 2558px\" \/><\/p>\n<h3><b>1. Activar la baja autom\u00e1tica<\/b><\/h3>\n<p>Para empezar, con\u00e9ctese a <b>Sendapp Desktop<\/b>. A continuaci\u00f3n, busque el <b>noveno icono desde arriba<\/b> (Cancelar suscripci\u00f3n) y haga clic en \u00e9l. En este punto, ver\u00e1 el icono <b>Baja autom\u00e1tica<\/b> a la derecha del campo de b\u00fasqueda. Por \u00faltimo, al hacer clic en \u00e9l se abrir\u00e1 una ventana con dos campos a rellenar.<\/p>\n<p><img loading=\"lazy\" decoding=\"async\" class=\"alignnone size-full wp-image-33040\" src=\"https:\/\/sendapp.live\/wp-content\/uploads\/2024\/11\/Screenshot-2024-11-20-alle-20.17.48-1.png\" alt=\"\" width=\"2558\" height=\"1538\" srcset=\"https:\/\/sendapp.live\/wp-content\/uploads\/2024\/11\/Screenshot-2024-11-20-alle-20.17.48-1.png 2558w, https:\/\/sendapp.live\/wp-content\/uploads\/2024\/11\/Screenshot-2024-11-20-alle-20.17.48-1-300x180.png 300w, https:\/\/sendapp.live\/wp-content\/uploads\/2024\/11\/Screenshot-2024-11-20-alle-20.17.48-1-1024x616.png 1024w, https:\/\/sendapp.live\/wp-content\/uploads\/2024\/11\/Screenshot-2024-11-20-alle-20.17.48-1-768x462.png 768w, https:\/\/sendapp.live\/wp-content\/uploads\/2024\/11\/Screenshot-2024-11-20-alle-20.17.48-1-1536x924.png 1536w, https:\/\/sendapp.live\/wp-content\/uploads\/2024\/11\/Screenshot-2024-11-20-alle-20.17.48-1-2048x1231.png 2048w, https:\/\/sendapp.live\/wp-content\/uploads\/2024\/11\/Screenshot-2024-11-20-alle-20.17.48-1-18x12.png 18w, https:\/\/sendapp.live\/wp-content\/uploads\/2024\/11\/Screenshot-2024-11-20-alle-20.17.48-1-600x361.png 600w\" sizes=\"auto, (max-width: 2558px) 100vw, 2558px\" \/><\/p>\n<h3><b>2. Configuraci\u00f3n de los mensajes de cancelaci\u00f3n de suscripci\u00f3n<\/b><\/h3>\n<p>En primer lugar, sobre el terreno <b>palabra clave<\/b>escriba el t\u00e9rmino que utilizar\u00e1n los clientes para darse de baja. Por ejemplo: <span class=\"s2\">darme de baja<\/span>.<\/p>\n<p>M\u00e1s tarde, en el <b>Respuesta autom\u00e1tica<\/b>, introduzca el mensaje que confirmar\u00e1 la baja al cliente.<br \/>\n<span class=\"s3\">Ejemplo: <\/span>La baja se ha realizado correctamente.<\/p>\n<p><img loading=\"lazy\" decoding=\"async\" class=\"alignnone size-full wp-image-33041\" src=\"https:\/\/sendapp.live\/wp-content\/uploads\/2024\/11\/Screenshot-2024-11-20-alle-20.18.06.png\" alt=\"\" width=\"2558\" height=\"1538\" srcset=\"https:\/\/sendapp.live\/wp-content\/uploads\/2024\/11\/Screenshot-2024-11-20-alle-20.18.06.png 2558w, https:\/\/sendapp.live\/wp-content\/uploads\/2024\/11\/Screenshot-2024-11-20-alle-20.18.06-300x180.png 300w, https:\/\/sendapp.live\/wp-content\/uploads\/2024\/11\/Screenshot-2024-11-20-alle-20.18.06-1024x616.png 1024w, https:\/\/sendapp.live\/wp-content\/uploads\/2024\/11\/Screenshot-2024-11-20-alle-20.18.06-768x462.png 768w, https:\/\/sendapp.live\/wp-content\/uploads\/2024\/11\/Screenshot-2024-11-20-alle-20.18.06-1536x924.png 1536w, https:\/\/sendapp.live\/wp-content\/uploads\/2024\/11\/Screenshot-2024-11-20-alle-20.18.06-2048x1231.png 2048w, https:\/\/sendapp.live\/wp-content\/uploads\/2024\/11\/Screenshot-2024-11-20-alle-20.18.06-18x12.png 18w, https:\/\/sendapp.live\/wp-content\/uploads\/2024\/11\/Screenshot-2024-11-20-alle-20.18.06-600x361.png 600w\" sizes=\"auto, (max-width: 2558px) 100vw, 2558px\" \/><\/p>\n<h3><b>3. Consejos para las campa\u00f1as<\/b><\/h3>\n<p>Para cumplir con el GDPR, le sugerimos que a\u00f1ada un aviso de cancelaci\u00f3n de suscripci\u00f3n al final de sus mensajes. Por ejemplo:<\/p>\n<p>Si no desea recibir m\u00e1s mensajes, escriba <span class=\"s4\">\"darme de baja\"<\/span>.<\/p>\n<h3><b>4. Gesti\u00f3n de contactos no suscritos<\/b><\/h3>\n<p>Cuando alguien utiliza la palabra clave, el sistema lo elimina autom\u00e1ticamente de la libreta de direcciones de las campa\u00f1as activas. Como resultado, puedes gestionar tus contactos de forma ordenada y conforme a las normas.<\/p>\n<p>la <b>Baja autom\u00e1tica<\/b> de Sendapp Desktop garantiza as\u00ed una relaci\u00f3n profesional con los clientes. Como resultado, mejora tanto su experiencia como la confianza en su servicio.<\/p>\n<p><b>Empiece ya a utilizar esta funci\u00f3n para obtener un servicio m\u00e1s transparente.<\/b><\/p>\n\t<\/div>\n<\/div>\n\n\n\n\n\t\t\t<\/div> \n\t\t<\/div>\n\t<\/div> \n<\/div><\/div>\n\t\t<div id=\"fws_69d7ef0c15781\"  data-column-margin=\"default\" data-midnight=\"dark\"  class=\"wpb_row vc_row-fluid vc_row\"  style=\"padding-top: 0px; padding-bottom: 0px; \"><div class=\"row-bg-wrap\" data-bg-animation=\"none\" data-bg-animation-delay=\"\" data-bg-overlay=\"false\"><div class=\"inner-wrap row-bg-layer\" ><div class=\"row-bg viewport-desktop\"  style=\"\"><\/div><\/div><\/div><div class=\"row_col_wrap_12 col span_12 dark\">\n\t<div  class=\"vc_col-sm-12 wpb_column column_container vc_column_container col no-extra-padding\"  data-padding-pos=\"all\" data-has-bg-color=\"false\" data-bg-color=\"\" data-bg-opacity=\"1\" data-animation=\"\" data-delay=\"0\" >\n\t\t<div class=\"vc_column-inner\" >\n\t\t\t<div class=\"wpb_wrapper\">\n\t\t\t\t<div class=\"divider-wrap\" data-alignment=\"default\"><div style=\"height: 50px;\" class=\"divider\"><\/div><\/div>\n\t\t\t<\/div> \n\t\t<\/div>\n\t<\/div> \n<\/div><\/div>","protected":false},"excerpt":{"rendered":"Gu\u00eda de cancelaci\u00f3n de suscripci\u00f3n autom\u00e1tica de WhatsApp con Sendapp Desktop Con la funci\u00f3n de cancelaci\u00f3n de suscripci\u00f3n autom\u00e1tica en Sendapp Desktop, sus clientes pueden darse de baja f\u00e1cilmente de sus campa\u00f1as.","protected":false},"author":1,"featured_media":0,"parent":0,"menu_order":0,"comment_status":"closed","ping_status":"closed","template":"","meta":{"_daim_seo_power":"1000","_daim_enable_ail":"1","footnotes":""},"class_list":["post-32983","page","type-page","status-publish"],"yoast_head":"<!-- This site is optimized with the Yoast SEO Premium plugin v27.3 (Yoast SEO v27.3) - https:\/\/yoast.com\/product\/yoast-seo-premium-wordpress\/ -->\n<title>Disiscritti automatici WhatsApp con SendApp - SendApp - Software Whatsapp Marketing<\/title>\n<meta name=\"description\" content=\"Scopri come gestire in modo efficace le cancellazioni con la funzionalit\u00e0 di annullamento automatico dell&#039;iscrizione su Sendapp Desktop.\" \/>\n<meta name=\"robots\" content=\"index, follow, max-snippet:-1, max-image-preview:large, max-video-preview:-1\" \/>\n<link rel=\"canonical\" href=\"https:\/\/sendapp.live\/es\/bajas-automaticas-de-whatsapp\/\" \/>\n<meta property=\"og:locale\" content=\"es_ES\" \/>\n<meta property=\"og:type\" content=\"article\" \/>\n<meta property=\"og:title\" content=\"Disiscritti automatici WhatsApp con SendApp\" \/>\n<meta property=\"og:description\" content=\"Scopri come gestire in modo efficace le cancellazioni con la funzionalit\u00e0 di annullamento automatico dell&#039;iscrizione su Sendapp Desktop.\" \/>\n<meta property=\"og:url\" content=\"https:\/\/sendapp.live\/es\/bajas-automaticas-de-whatsapp\/\" \/>\n<meta property=\"og:site_name\" content=\"SendApp - Software Whatsapp Marketing\" \/>\n<meta property=\"article:publisher\" content=\"https:\/\/www.facebook.com\/sendapp.live\" \/>\n<meta property=\"article:modified_time\" content=\"2025-01-21T22:18:05+00:00\" \/>\n<meta property=\"og:image\" content=\"https:\/\/sendapp.live\/wp-content\/uploads\/2024\/11\/Screenshot-2024-11-20-alle-20.17.30.png\" \/>\n<meta name=\"twitter:card\" content=\"summary_large_image\" \/>\n<meta name=\"twitter:site\" content=\"@sendapp_live\" \/>\n<meta name=\"twitter:label1\" content=\"Tiempo de lectura\" \/>\n\t<meta name=\"twitter:data1\" content=\"2 minutos\" \/>\n<script type=\"application\/ld+json\" class=\"yoast-schema-graph\">{\"@context\":\"https:\\\/\\\/schema.org\",\"@graph\":[{\"@type\":\"WebPage\",\"@id\":\"https:\\\/\\\/sendapp.live\\\/pt\\\/cancelamento-automatico-de-subscricoes-no-whatsapp\\\/\",\"url\":\"https:\\\/\\\/sendapp.live\\\/pt\\\/cancelamento-automatico-de-subscricoes-no-whatsapp\\\/\",\"name\":\"Disiscritti automatici WhatsApp con SendApp - SendApp - Software Whatsapp Marketing\",\"isPartOf\":{\"@id\":\"https:\\\/\\\/sendapp.live\\\/it\\\/#website\"},\"primaryImageOfPage\":{\"@id\":\"https:\\\/\\\/sendapp.live\\\/pt\\\/cancelamento-automatico-de-subscricoes-no-whatsapp\\\/#primaryimage\"},\"image\":{\"@id\":\"https:\\\/\\\/sendapp.live\\\/pt\\\/cancelamento-automatico-de-subscricoes-no-whatsapp\\\/#primaryimage\"},\"thumbnailUrl\":\"https:\\\/\\\/sendapp.live\\\/wp-content\\\/uploads\\\/2024\\\/11\\\/Screenshot-2024-11-20-alle-20.17.30.png\",\"datePublished\":\"2024-11-20T17:02:24+00:00\",\"dateModified\":\"2025-01-21T22:18:05+00:00\",\"description\":\"Scopri come gestire in modo efficace le cancellazioni con la funzionalit\u00e0 di annullamento automatico dell'iscrizione su Sendapp Desktop.\",\"breadcrumb\":{\"@id\":\"https:\\\/\\\/sendapp.live\\\/pt\\\/cancelamento-automatico-de-subscricoes-no-whatsapp\\\/#breadcrumb\"},\"inLanguage\":\"es\",\"potentialAction\":[{\"@type\":\"ReadAction\",\"target\":[\"https:\\\/\\\/sendapp.live\\\/pt\\\/cancelamento-automatico-de-subscricoes-no-whatsapp\\\/\"]}]},{\"@type\":\"ImageObject\",\"inLanguage\":\"es\",\"@id\":\"https:\\\/\\\/sendapp.live\\\/pt\\\/cancelamento-automatico-de-subscricoes-no-whatsapp\\\/#primaryimage\",\"url\":\"https:\\\/\\\/sendapp.live\\\/wp-content\\\/uploads\\\/2024\\\/11\\\/Screenshot-2024-11-20-alle-20.17.30.png\",\"contentUrl\":\"https:\\\/\\\/sendapp.live\\\/wp-content\\\/uploads\\\/2024\\\/11\\\/Screenshot-2024-11-20-alle-20.17.30.png\"},{\"@type\":\"BreadcrumbList\",\"@id\":\"https:\\\/\\\/sendapp.live\\\/pt\\\/cancelamento-automatico-de-subscricoes-no-whatsapp\\\/#breadcrumb\",\"itemListElement\":[{\"@type\":\"ListItem\",\"position\":1,\"name\":\"Home\",\"item\":\"https:\\\/\\\/sendapp.live\\\/\"},{\"@type\":\"ListItem\",\"position\":2,\"name\":\"Disiscritti automatici WhatsApp con SendApp\"}]},{\"@type\":\"WebSite\",\"@id\":\"https:\\\/\\\/sendapp.live\\\/it\\\/#website\",\"url\":\"https:\\\/\\\/sendapp.live\\\/it\\\/\",\"name\":\"SendApp\",\"description\":\"Automate Your Messages &amp; Grow Your Business\",\"publisher\":{\"@id\":\"https:\\\/\\\/sendapp.live\\\/it\\\/#organization\"},\"alternateName\":\"SendApp WhatsApp Marketing\",\"potentialAction\":[{\"@type\":\"SearchAction\",\"target\":{\"@type\":\"EntryPoint\",\"urlTemplate\":\"https:\\\/\\\/sendapp.live\\\/it\\\/?s={search_term_string}\"},\"query-input\":{\"@type\":\"PropertyValueSpecification\",\"valueRequired\":true,\"valueName\":\"search_term_string\"}}],\"inLanguage\":\"es\"},{\"@type\":\"Organization\",\"@id\":\"https:\\\/\\\/sendapp.live\\\/it\\\/#organization\",\"name\":\"SendApp\",\"url\":\"https:\\\/\\\/sendapp.live\\\/it\\\/\",\"logo\":{\"@type\":\"ImageObject\",\"inLanguage\":\"es\",\"@id\":\"https:\\\/\\\/sendapp.live\\\/it\\\/#\\\/schema\\\/logo\\\/image\\\/\",\"url\":\"https:\\\/\\\/sendapp.live\\\/wp-content\\\/uploads\\\/2025\\\/04\\\/Logo-Sendapp-300x60-1.png\",\"contentUrl\":\"https:\\\/\\\/sendapp.live\\\/wp-content\\\/uploads\\\/2025\\\/04\\\/Logo-Sendapp-300x60-1.png\",\"width\":300,\"height\":60,\"caption\":\"SendApp\"},\"image\":{\"@id\":\"https:\\\/\\\/sendapp.live\\\/it\\\/#\\\/schema\\\/logo\\\/image\\\/\"},\"sameAs\":[\"https:\\\/\\\/www.facebook.com\\\/sendapp.live\",\"https:\\\/\\\/x.com\\\/sendapp_live\",\"https:\\\/\\\/www.instagram.com\\\/sendapp.live\",\"https:\\\/\\\/www.youtube.com\\\/channel\\\/UC2gaLpi0-OJLG4CFbOr6mLw\",\"https:\\\/\\\/it.trustpilot.com\\\/review\\\/sendapp.live\"],\"description\":\"Piattaforma italiana di WhatsApp Marketing con API ufficiali Meta. Assistente AI, campagne massive, SMS Gateway gratuito, Google Calendar, automazioni. Da \u20ac16\\\/mese senza markup sui messaggi.\",\"email\":\"info@sendapp.live\",\"foundingDate\":\"2016-07-25\"}]}<\/script>\n<!-- \/ Yoast SEO Premium plugin. -->","yoast_head_json":{"title":"Baja autom\u00e1tica de WhatsApp con SendApp - SendApp - Whatsapp Marketing Software","description":"Descubra c\u00f3mo gestionar eficazmente las cancelaciones con la funcionalidad de baja autom\u00e1tica en Sendapp Desktop.","robots":{"index":"index","follow":"follow","max-snippet":"max-snippet:-1","max-image-preview":"max-image-preview:large","max-video-preview":"max-video-preview:-1"},"canonical":"https:\/\/sendapp.live\/es\/bajas-automaticas-de-whatsapp\/","og_locale":"es_ES","og_type":"article","og_title":"Disiscritti automatici WhatsApp con SendApp","og_description":"Scopri come gestire in modo efficace le cancellazioni con la funzionalit\u00e0 di annullamento automatico dell'iscrizione su Sendapp Desktop.","og_url":"https:\/\/sendapp.live\/es\/bajas-automaticas-de-whatsapp\/","og_site_name":"SendApp - Software Whatsapp Marketing","article_publisher":"https:\/\/www.facebook.com\/sendapp.live","article_modified_time":"2025-01-21T22:18:05+00:00","og_image":[{"url":"https:\/\/sendapp.live\/wp-content\/uploads\/2024\/11\/Screenshot-2024-11-20-alle-20.17.30.png","type":"","width":"","height":""}],"twitter_card":"summary_large_image","twitter_site":"@sendapp_live","twitter_misc":{"Tiempo de lectura":"2 minutos"},"schema":{"@context":"https:\/\/schema.org","@graph":[{"@type":"WebPage","@id":"https:\/\/sendapp.live\/pt\/cancelamento-automatico-de-subscricoes-no-whatsapp\/","url":"https:\/\/sendapp.live\/pt\/cancelamento-automatico-de-subscricoes-no-whatsapp\/","name":"Baja autom\u00e1tica de WhatsApp con SendApp - SendApp - Whatsapp Marketing Software","isPartOf":{"@id":"https:\/\/sendapp.live\/it\/#website"},"primaryImageOfPage":{"@id":"https:\/\/sendapp.live\/pt\/cancelamento-automatico-de-subscricoes-no-whatsapp\/#primaryimage"},"image":{"@id":"https:\/\/sendapp.live\/pt\/cancelamento-automatico-de-subscricoes-no-whatsapp\/#primaryimage"},"thumbnailUrl":"https:\/\/sendapp.live\/wp-content\/uploads\/2024\/11\/Screenshot-2024-11-20-alle-20.17.30.png","datePublished":"2024-11-20T17:02:24+00:00","dateModified":"2025-01-21T22:18:05+00:00","description":"Descubra c\u00f3mo gestionar eficazmente las cancelaciones con la funcionalidad de baja autom\u00e1tica en Sendapp Desktop.","breadcrumb":{"@id":"https:\/\/sendapp.live\/pt\/cancelamento-automatico-de-subscricoes-no-whatsapp\/#breadcrumb"},"inLanguage":"es","potentialAction":[{"@type":"ReadAction","target":["https:\/\/sendapp.live\/pt\/cancelamento-automatico-de-subscricoes-no-whatsapp\/"]}]},{"@type":"ImageObject","inLanguage":"es","@id":"https:\/\/sendapp.live\/pt\/cancelamento-automatico-de-subscricoes-no-whatsapp\/#primaryimage","url":"https:\/\/sendapp.live\/wp-content\/uploads\/2024\/11\/Screenshot-2024-11-20-alle-20.17.30.png","contentUrl":"https:\/\/sendapp.live\/wp-content\/uploads\/2024\/11\/Screenshot-2024-11-20-alle-20.17.30.png"},{"@type":"BreadcrumbList","@id":"https:\/\/sendapp.live\/pt\/cancelamento-automatico-de-subscricoes-no-whatsapp\/#breadcrumb","itemListElement":[{"@type":"ListItem","position":1,"name":"Home","item":"https:\/\/sendapp.live\/"},{"@type":"ListItem","position":2,"name":"Disiscritti automatici WhatsApp con SendApp"}]},{"@type":"WebSite","@id":"https:\/\/sendapp.live\/it\/#website","url":"https:\/\/sendapp.live\/it\/","name":"SendApp","description":"Automatice sus mensajes y haga crecer su negocio","publisher":{"@id":"https:\/\/sendapp.live\/it\/#organization"},"alternateName":"SendApp WhatsApp Marketing","potentialAction":[{"@type":"SearchAction","target":{"@type":"EntryPoint","urlTemplate":"https:\/\/sendapp.live\/it\/?s={search_term_string}"},"query-input":{"@type":"PropertyValueSpecification","valueRequired":true,"valueName":"search_term_string"}}],"inLanguage":"es"},{"@type":"Organization","@id":"https:\/\/sendapp.live\/it\/#organization","name":"SendApp","url":"https:\/\/sendapp.live\/it\/","logo":{"@type":"ImageObject","inLanguage":"es","@id":"https:\/\/sendapp.live\/it\/#\/schema\/logo\/image\/","url":"https:\/\/sendapp.live\/wp-content\/uploads\/2025\/04\/Logo-Sendapp-300x60-1.png","contentUrl":"https:\/\/sendapp.live\/wp-content\/uploads\/2025\/04\/Logo-Sendapp-300x60-1.png","width":300,"height":60,"caption":"SendApp"},"image":{"@id":"https:\/\/sendapp.live\/it\/#\/schema\/logo\/image\/"},"sameAs":["https:\/\/www.facebook.com\/sendapp.live","https:\/\/x.com\/sendapp_live","https:\/\/www.instagram.com\/sendapp.live","https:\/\/www.youtube.com\/channel\/UC2gaLpi0-OJLG4CFbOr6mLw","https:\/\/it.trustpilot.com\/review\/sendapp.live"],"description":"Plataforma italiana de marketing por WhatsApp con API Meta oficial. Asistente de IA, campa\u00f1as masivas, pasarela SMS gratuita, Google Calendar, automatizaciones. Desde 16 \u20ac\/mes sin recargo por mensaje.","email":"info@sendapp.live","foundingDate":"2016-07-25"}]}},"_links":{"self":[{"href":"https:\/\/sendapp.live\/es\/wp-json\/wp\/v2\/pages\/32983","targetHints":{"allow":["GET"]}}],"collection":[{"href":"https:\/\/sendapp.live\/es\/wp-json\/wp\/v2\/pages"}],"about":[{"href":"https:\/\/sendapp.live\/es\/wp-json\/wp\/v2\/types\/page"}],"author":[{"embeddable":true,"href":"https:\/\/sendapp.live\/es\/wp-json\/wp\/v2\/users\/1"}],"replies":[{"embeddable":true,"href":"https:\/\/sendapp.live\/es\/wp-json\/wp\/v2\/comments?post=32983"}],"version-history":[{"count":21,"href":"https:\/\/sendapp.live\/es\/wp-json\/wp\/v2\/pages\/32983\/revisions"}],"predecessor-version":[{"id":33864,"href":"https:\/\/sendapp.live\/es\/wp-json\/wp\/v2\/pages\/32983\/revisions\/33864"}],"wp:attachment":[{"href":"https:\/\/sendapp.live\/es\/wp-json\/wp\/v2\/media?parent=32983"}],"curies":[{"name":"wp","href":"https:\/\/api.w.org\/{rel}","templated":true}]}}