{"id":35038,"date":"2025-05-14T11:23:49","date_gmt":"2025-05-14T09:23:49","guid":{"rendered":"https:\/\/sendapp.live\/?page_id=35038"},"modified":"2025-05-14T18:49:56","modified_gmt":"2025-05-14T16:49:56","slug":"recordatorios-de-citas-whatsapp-google-calendar","status":"publish","type":"page","link":"https:\/\/sendapp.live\/es\/promemoria-appuntamenti-whatsapp-google-calendar\/","title":{"rendered":"recordatorios de citas whatsapp google calendar"},"content":{"rendered":"<div id=\"fws_69ea45c4e5d33\"  data-column-margin=\"default\" data-midnight=\"dark\"  class=\"wpb_row vc_row-fluid vc_row\"  style=\"padding-top: 0px; padding-bottom: 0px; \"><div class=\"row-bg-wrap\" data-bg-animation=\"none\" data-bg-animation-delay=\"\" data-bg-overlay=\"false\"><div class=\"inner-wrap row-bg-layer\" ><div class=\"row-bg viewport-desktop\"  style=\"\"><\/div><\/div><\/div><div class=\"row_col_wrap_12 col span_12 dark left\">\n\t<div  class=\"vc_col-sm-12 wpb_column column_container vc_column_container col no-extra-padding inherit_tablet inherit_phone\"  data-padding-pos=\"all\" data-has-bg-color=\"false\" data-bg-color=\"\" data-bg-opacity=\"1\" data-animation=\"\" data-delay=\"0\" >\n\t\t<div class=\"vc_column-inner\" >\n\t\t\t<div class=\"wpb_wrapper\">\n\t\t\t\t\n<div class=\"wpb_text_column wpb_content_element\" >\n\t<div class=\"wpb_wrapper\">\n\t\t<h1 class=\"elementor-heading-title elementor-size-default\" style=\"text-align: center;\">Citas de WhatsApp<br \/>\nEnv\u00eda mensajes autom\u00e1ticos con tu chat<\/h1>\n<p>&nbsp;<\/p>\n<h3><img loading=\"lazy\" decoding=\"async\" class=\"alignnone size-full wp-image-35053\" src=\"https:\/\/sendapp.live\/wp-content\/uploads\/2025\/05\/promemoria-appuntamenti-whatsapp-google-calendar.png\" alt=\"\" width=\"1536\" height=\"1024\" srcset=\"https:\/\/sendapp.live\/wp-content\/uploads\/2025\/05\/promemoria-appuntamenti-whatsapp-google-calendar.png 1536w, https:\/\/sendapp.live\/wp-content\/uploads\/2025\/05\/promemoria-appuntamenti-whatsapp-google-calendar-300x200.png 300w, https:\/\/sendapp.live\/wp-content\/uploads\/2025\/05\/promemoria-appuntamenti-whatsapp-google-calendar-1024x683.png 1024w, https:\/\/sendapp.live\/wp-content\/uploads\/2025\/05\/promemoria-appuntamenti-whatsapp-google-calendar-768x512.png 768w, https:\/\/sendapp.live\/wp-content\/uploads\/2025\/05\/promemoria-appuntamenti-whatsapp-google-calendar-18x12.png 18w, https:\/\/sendapp.live\/wp-content\/uploads\/2025\/05\/promemoria-appuntamenti-whatsapp-google-calendar-900x600.png 900w, https:\/\/sendapp.live\/wp-content\/uploads\/2025\/05\/promemoria-appuntamenti-whatsapp-google-calendar-600x400.png 600w\" sizes=\"auto, (max-width: 1536px) 100vw, 1536px\" \/><br \/>\nRecordatorios de citas de WhatsApp con Google Calendar<\/h3>\n<p><strong>Citas de WhatsApp: Env\u00eda mensajes autom\u00e1ticos en los chats con Sendapp<\/strong><\/p>\n<p>Citas en WhatsApp: \u00bfEs posible gestionar confirmaciones y recordatorios en el chat de forma autom\u00e1tica y profesional? La respuesta es s\u00ed, gracias a la integraci\u00f3n entre Google Calendar y Sendapp. En este art\u00edculo, aprende a automatizar las notificaciones de citas en WhatsApp, evitando olvidos, inasistencias y desorganizaci\u00f3n.<\/p>\n<hr \/>\n<h3>\u00bfPor qu\u00e9 gestionar citas v\u00eda WhatsApp?<\/h3>\n<p>Cada cita perdida supone una p\u00e9rdida: tiempo perdido, inasistencias y costos organizativos. Ya sea que gestiones un sal\u00f3n de belleza, una agencia o cualquier otro negocio que dependa de las reservas, sabes lo negativo que es una inasistencia para tu negocio.<\/p>\n<p>WhatsApp es la aplicaci\u00f3n de mensajer\u00eda m\u00e1s utilizada en Italia. Con una tasa de lectura superior al 941 %, es la herramienta ideal para enviar confirmaciones y recordatorios de citas.<\/p>\n<hr \/>\n<h3>Los beneficios de la integraci\u00f3n de WhatsApp + Google Calendar con Sendapp<\/h3>\n<p>Con Sendapp puedes:<\/p>\n<ol>\n<li>Env\u00eda mensajes autom\u00e1ticos con todos los detalles de la cita (fecha, hora, ubicaci\u00f3n, servicio)<\/li>\n<li>Incluir enlaces a Google Maps o formularios de confirmaci\u00f3n<\/li>\n<li>Reciba respuestas directas de los clientes en el chat<\/li>\n<li>Ofrecer una experiencia m\u00e1s profesional y moderna<\/li>\n<li>Tenga un sistema activo 24\/7 sin necesidad de intervenci\u00f3n manual<\/li>\n<\/ol>\n<p><a href=\"https:\/\/sendapp.live\/es\/\">Descubre todas las funcionalidades de Sendapp<\/a><\/p>\n<hr \/>\n<h3>C\u00f3mo funciona la automatizaci\u00f3n con Sendapp<\/h3>\n<p>Para enviar notificaciones autom\u00e1ticas de WhatsApp, necesitas conectar Google Calendar a Sendapp. De esta forma, cada evento a\u00f1adido a tu calendario puede generar uno o m\u00e1s mensajes automatizados:<\/p>\n<ul>\n<li>Mensaje de confirmaci\u00f3n despu\u00e9s de la reserva<\/li>\n<li>Recordatorio 1 d\u00eda antes<\/li>\n<li>Gracias y solicito una rese\u00f1a despu\u00e9s de la cita.<\/li>\n<\/ul>\n<p><a href=\"https:\/\/sendapp.live\/es\/enviar-notificaciones-de-whatsapp-con-la-hoja-de-google\/\">Obtenga m\u00e1s informaci\u00f3n sobre c\u00f3mo funciona la integraci\u00f3n<\/a><\/p>\n<hr \/>\n<h3>Soluci\u00f3n sencilla sin renunciar a WhatsApp en tu tel\u00e9fono<\/h3>\n<p>Sendapp funciona con tu WhatsApp actual, sin necesidad de API oficiales ni instalaciones complejas. Puedes seguir usando WhatsApp en tu tel\u00e9fono como siempre, mientras tus automatizaciones funcionan en la nube 24\/7.<\/p>\n<hr \/>\n<h3>\u00bfCu\u00e1nto cuesta Sendapp?<\/h3>\n<p>Sendapp es una plataforma accesible dise\u00f1ada para profesionales y empresas. Los planes empiezan desde 59 \u20ac al mes e incluyen env\u00edos ilimitados y soporte t\u00e9cnico.<\/p>\n<p><a href=\"https:\/\/sendapp.live\/es\/sendapp-desktop-precio\/\">Consulta los planes y precios de Sendapp.<\/a><\/p>\n<hr \/>\n<h3>Conclusiones<\/h3>\n<p>Gestionar citas con WhatsApp y Google Calendar ahora es posible, sencillo y extremadamente eficaz gracias a Sendapp. Automatiza, ahorra tiempo y mejora la satisfacci\u00f3n del cliente.<\/p>\n<p><a href=\"https:\/\/sendapp.live\/es\/contacto\/\">Contacta con Sendapp para una demostraci\u00f3n personalizada<\/a><\/p>\n\t<\/div>\n<\/div>\n\n\n\n\n\t\t\t<\/div> \n\t\t<\/div>\n\t<\/div> \n<\/div><\/div>","protected":false},"excerpt":{"rendered":"Citas WhatsApp: Env\u00eda mensajes autom\u00e1ticos con tu chat Recordatorios de citas de WhatsApp con Google Calendar Citas WhatsApp: Env\u00eda mensajes autom\u00e1ticos en el chat con Sendapp Citas WhatsApp: Puedes...","protected":false},"author":1,"featured_media":0,"parent":0,"menu_order":0,"comment_status":"closed","ping_status":"closed","template":"","meta":{"_daim_seo_power":"1000","_daim_enable_ail":"1","footnotes":""},"class_list":["post-35038","page","type-page","status-publish"],"yoast_head":"<!-- This site is optimized with the Yoast SEO Premium plugin v27.4 (Yoast SEO v27.4) - https:\/\/yoast.com\/product\/yoast-seo-premium-wordpress\/ -->\n<title>promemoria appuntamenti whatsapp google calendar - SendApp - Software Whatsapp Marketing<\/title>\n<meta name=\"robots\" content=\"index, follow, max-snippet:-1, max-image-preview:large, max-video-preview:-1\" \/>\n<link rel=\"canonical\" href=\"https:\/\/sendapp.live\/es\/recordatorios-de-citas-whatsapp-google-calendar\/\" \/>\n<meta property=\"og:locale\" content=\"es_ES\" \/>\n<meta property=\"og:type\" content=\"article\" \/>\n<meta property=\"og:title\" content=\"promemoria appuntamenti whatsapp google calendar\" \/>\n<meta property=\"og:url\" content=\"https:\/\/sendapp.live\/es\/recordatorios-de-citas-whatsapp-google-calendar\/\" \/>\n<meta property=\"og:site_name\" content=\"SendApp - Software Whatsapp Marketing\" \/>\n<meta property=\"article:publisher\" content=\"https:\/\/www.facebook.com\/sendapp.live\" \/>\n<meta property=\"article:modified_time\" content=\"2025-05-14T16:49:56+00:00\" \/>\n<meta property=\"og:image\" content=\"https:\/\/sendapp.live\/wp-content\/uploads\/2025\/05\/promemoria-appuntamenti-whatsapp-google-calendar.png\" \/>\n\t<meta property=\"og:image:width\" content=\"1536\" \/>\n\t<meta property=\"og:image:height\" content=\"1024\" \/>\n\t<meta property=\"og:image:type\" content=\"image\/png\" \/>\n<meta name=\"twitter:card\" content=\"summary_large_image\" \/>\n<meta name=\"twitter:site\" content=\"@sendapp_live\" \/>\n<meta name=\"twitter:label1\" content=\"Tiempo de lectura\" \/>\n\t<meta name=\"twitter:data1\" content=\"2 minutos\" \/>\n<script type=\"application\/ld+json\" class=\"yoast-schema-graph\">{\"@context\":\"https:\\\/\\\/schema.org\",\"@graph\":[{\"@type\":\"WebPage\",\"@id\":\"https:\\\/\\\/sendapp.live\\\/en\\\/appointment-reminders-whatsapp-google-calendar\\\/\",\"url\":\"https:\\\/\\\/sendapp.live\\\/en\\\/appointment-reminders-whatsapp-google-calendar\\\/\",\"name\":\"promemoria appuntamenti whatsapp google calendar - SendApp - Software Whatsapp Marketing\",\"isPartOf\":{\"@id\":\"https:\\\/\\\/sendapp.live\\\/it\\\/#website\"},\"primaryImageOfPage\":{\"@id\":\"https:\\\/\\\/sendapp.live\\\/en\\\/appointment-reminders-whatsapp-google-calendar\\\/#primaryimage\"},\"image\":{\"@id\":\"https:\\\/\\\/sendapp.live\\\/en\\\/appointment-reminders-whatsapp-google-calendar\\\/#primaryimage\"},\"thumbnailUrl\":\"https:\\\/\\\/sendapp.live\\\/wp-content\\\/uploads\\\/2025\\\/05\\\/promemoria-appuntamenti-whatsapp-google-calendar.png\",\"datePublished\":\"2025-05-14T09:23:49+00:00\",\"dateModified\":\"2025-05-14T16:49:56+00:00\",\"breadcrumb\":{\"@id\":\"https:\\\/\\\/sendapp.live\\\/en\\\/appointment-reminders-whatsapp-google-calendar\\\/#breadcrumb\"},\"inLanguage\":\"es\",\"potentialAction\":[{\"@type\":\"ReadAction\",\"target\":[\"https:\\\/\\\/sendapp.live\\\/en\\\/appointment-reminders-whatsapp-google-calendar\\\/\"]}]},{\"@type\":\"ImageObject\",\"inLanguage\":\"es\",\"@id\":\"https:\\\/\\\/sendapp.live\\\/en\\\/appointment-reminders-whatsapp-google-calendar\\\/#primaryimage\",\"url\":\"https:\\\/\\\/sendapp.live\\\/wp-content\\\/uploads\\\/2025\\\/05\\\/promemoria-appuntamenti-whatsapp-google-calendar.png\",\"contentUrl\":\"https:\\\/\\\/sendapp.live\\\/wp-content\\\/uploads\\\/2025\\\/05\\\/promemoria-appuntamenti-whatsapp-google-calendar.png\"},{\"@type\":\"BreadcrumbList\",\"@id\":\"https:\\\/\\\/sendapp.live\\\/en\\\/appointment-reminders-whatsapp-google-calendar\\\/#breadcrumb\",\"itemListElement\":[{\"@type\":\"ListItem\",\"position\":1,\"name\":\"Home\",\"item\":\"https:\\\/\\\/sendapp.live\\\/\"},{\"@type\":\"ListItem\",\"position\":2,\"name\":\"promemoria appuntamenti whatsapp google calendar\"}]},{\"@type\":\"WebSite\",\"@id\":\"https:\\\/\\\/sendapp.live\\\/it\\\/#website\",\"url\":\"https:\\\/\\\/sendapp.live\\\/it\\\/\",\"name\":\"SendApp\",\"description\":\"Automate Your Messages &amp; Grow Your Business\",\"publisher\":{\"@id\":\"https:\\\/\\\/sendapp.live\\\/it\\\/#organization\"},\"alternateName\":\"SendApp WhatsApp Marketing\",\"potentialAction\":[{\"@type\":\"SearchAction\",\"target\":{\"@type\":\"EntryPoint\",\"urlTemplate\":\"https:\\\/\\\/sendapp.live\\\/it\\\/?s={search_term_string}\"},\"query-input\":{\"@type\":\"PropertyValueSpecification\",\"valueRequired\":true,\"valueName\":\"search_term_string\"}}],\"inLanguage\":\"es\"},{\"@type\":\"Organization\",\"@id\":\"https:\\\/\\\/sendapp.live\\\/it\\\/#organization\",\"name\":\"SendApp\",\"url\":\"https:\\\/\\\/sendapp.live\\\/it\\\/\",\"logo\":{\"@type\":\"ImageObject\",\"inLanguage\":\"es\",\"@id\":\"https:\\\/\\\/sendapp.live\\\/it\\\/#\\\/schema\\\/logo\\\/image\\\/\",\"url\":\"https:\\\/\\\/sendapp.live\\\/wp-content\\\/uploads\\\/2025\\\/04\\\/Logo-Sendapp-300x60-1.png\",\"contentUrl\":\"https:\\\/\\\/sendapp.live\\\/wp-content\\\/uploads\\\/2025\\\/04\\\/Logo-Sendapp-300x60-1.png\",\"width\":300,\"height\":60,\"caption\":\"SendApp\"},\"image\":{\"@id\":\"https:\\\/\\\/sendapp.live\\\/it\\\/#\\\/schema\\\/logo\\\/image\\\/\"},\"sameAs\":[\"https:\\\/\\\/www.facebook.com\\\/sendapp.live\",\"https:\\\/\\\/x.com\\\/sendapp_live\",\"https:\\\/\\\/www.instagram.com\\\/sendapp.live\",\"https:\\\/\\\/www.youtube.com\\\/channel\\\/UC2gaLpi0-OJLG4CFbOr6mLw\",\"https:\\\/\\\/it.trustpilot.com\\\/review\\\/sendapp.live\"],\"description\":\"Piattaforma italiana di WhatsApp Marketing con API ufficiali Meta. Assistente AI, campagne massive, SMS Gateway gratuito, Google Calendar, automazioni. Da \u20ac16\\\/mese senza markup sui messaggi.\",\"email\":\"info@sendapp.live\",\"foundingDate\":\"2016-07-25\"}]}<\/script>\n<!-- \/ Yoast SEO Premium plugin. -->","yoast_head_json":{"title":"Recordatorios de citas de WhatsApp para Google Calendar - SendApp - Software de marketing de WhatsApp","robots":{"index":"index","follow":"follow","max-snippet":"max-snippet:-1","max-image-preview":"max-image-preview:large","max-video-preview":"max-video-preview:-1"},"canonical":"https:\/\/sendapp.live\/es\/recordatorios-de-citas-whatsapp-google-calendar\/","og_locale":"es_ES","og_type":"article","og_title":"promemoria appuntamenti whatsapp google calendar","og_url":"https:\/\/sendapp.live\/es\/recordatorios-de-citas-whatsapp-google-calendar\/","og_site_name":"SendApp - Software Whatsapp Marketing","article_publisher":"https:\/\/www.facebook.com\/sendapp.live","article_modified_time":"2025-05-14T16:49:56+00:00","og_image":[{"width":1536,"height":1024,"url":"https:\/\/sendapp.live\/wp-content\/uploads\/2025\/05\/promemoria-appuntamenti-whatsapp-google-calendar.png","type":"image\/png"}],"twitter_card":"summary_large_image","twitter_site":"@sendapp_live","twitter_misc":{"Tiempo de lectura":"2 minutos"},"schema":{"@context":"https:\/\/schema.org","@graph":[{"@type":"WebPage","@id":"https:\/\/sendapp.live\/en\/appointment-reminders-whatsapp-google-calendar\/","url":"https:\/\/sendapp.live\/en\/appointment-reminders-whatsapp-google-calendar\/","name":"Recordatorios de citas de WhatsApp para Google Calendar - SendApp - Software de marketing de WhatsApp","isPartOf":{"@id":"https:\/\/sendapp.live\/it\/#website"},"primaryImageOfPage":{"@id":"https:\/\/sendapp.live\/en\/appointment-reminders-whatsapp-google-calendar\/#primaryimage"},"image":{"@id":"https:\/\/sendapp.live\/en\/appointment-reminders-whatsapp-google-calendar\/#primaryimage"},"thumbnailUrl":"https:\/\/sendapp.live\/wp-content\/uploads\/2025\/05\/promemoria-appuntamenti-whatsapp-google-calendar.png","datePublished":"2025-05-14T09:23:49+00:00","dateModified":"2025-05-14T16:49:56+00:00","breadcrumb":{"@id":"https:\/\/sendapp.live\/en\/appointment-reminders-whatsapp-google-calendar\/#breadcrumb"},"inLanguage":"es","potentialAction":[{"@type":"ReadAction","target":["https:\/\/sendapp.live\/en\/appointment-reminders-whatsapp-google-calendar\/"]}]},{"@type":"ImageObject","inLanguage":"es","@id":"https:\/\/sendapp.live\/en\/appointment-reminders-whatsapp-google-calendar\/#primaryimage","url":"https:\/\/sendapp.live\/wp-content\/uploads\/2025\/05\/promemoria-appuntamenti-whatsapp-google-calendar.png","contentUrl":"https:\/\/sendapp.live\/wp-content\/uploads\/2025\/05\/promemoria-appuntamenti-whatsapp-google-calendar.png"},{"@type":"BreadcrumbList","@id":"https:\/\/sendapp.live\/en\/appointment-reminders-whatsapp-google-calendar\/#breadcrumb","itemListElement":[{"@type":"ListItem","position":1,"name":"Home","item":"https:\/\/sendapp.live\/"},{"@type":"ListItem","position":2,"name":"promemoria appuntamenti whatsapp google calendar"}]},{"@type":"WebSite","@id":"https:\/\/sendapp.live\/it\/#website","url":"https:\/\/sendapp.live\/it\/","name":"SendApp","description":"Automatice sus mensajes y haga crecer su negocio","publisher":{"@id":"https:\/\/sendapp.live\/it\/#organization"},"alternateName":"SendApp WhatsApp Marketing","potentialAction":[{"@type":"SearchAction","target":{"@type":"EntryPoint","urlTemplate":"https:\/\/sendapp.live\/it\/?s={search_term_string}"},"query-input":{"@type":"PropertyValueSpecification","valueRequired":true,"valueName":"search_term_string"}}],"inLanguage":"es"},{"@type":"Organization","@id":"https:\/\/sendapp.live\/it\/#organization","name":"SendApp","url":"https:\/\/sendapp.live\/it\/","logo":{"@type":"ImageObject","inLanguage":"es","@id":"https:\/\/sendapp.live\/it\/#\/schema\/logo\/image\/","url":"https:\/\/sendapp.live\/wp-content\/uploads\/2025\/04\/Logo-Sendapp-300x60-1.png","contentUrl":"https:\/\/sendapp.live\/wp-content\/uploads\/2025\/04\/Logo-Sendapp-300x60-1.png","width":300,"height":60,"caption":"SendApp"},"image":{"@id":"https:\/\/sendapp.live\/it\/#\/schema\/logo\/image\/"},"sameAs":["https:\/\/www.facebook.com\/sendapp.live","https:\/\/x.com\/sendapp_live","https:\/\/www.instagram.com\/sendapp.live","https:\/\/www.youtube.com\/channel\/UC2gaLpi0-OJLG4CFbOr6mLw","https:\/\/it.trustpilot.com\/review\/sendapp.live"],"description":"Plataforma italiana de marketing por WhatsApp con API Meta oficial. Asistente de IA, campa\u00f1as masivas, pasarela SMS gratuita, Google Calendar, automatizaciones. Desde 16 \u20ac\/mes sin recargo por mensaje.","email":"info@sendapp.live","foundingDate":"2016-07-25"}]}},"_links":{"self":[{"href":"https:\/\/sendapp.live\/es\/wp-json\/wp\/v2\/pages\/35038","targetHints":{"allow":["GET"]}}],"collection":[{"href":"https:\/\/sendapp.live\/es\/wp-json\/wp\/v2\/pages"}],"about":[{"href":"https:\/\/sendapp.live\/es\/wp-json\/wp\/v2\/types\/page"}],"author":[{"embeddable":true,"href":"https:\/\/sendapp.live\/es\/wp-json\/wp\/v2\/users\/1"}],"replies":[{"embeddable":true,"href":"https:\/\/sendapp.live\/es\/wp-json\/wp\/v2\/comments?post=35038"}],"version-history":[{"count":6,"href":"https:\/\/sendapp.live\/es\/wp-json\/wp\/v2\/pages\/35038\/revisions"}],"predecessor-version":[{"id":35056,"href":"https:\/\/sendapp.live\/es\/wp-json\/wp\/v2\/pages\/35038\/revisions\/35056"}],"wp:attachment":[{"href":"https:\/\/sendapp.live\/es\/wp-json\/wp\/v2\/media?parent=35038"}],"curies":[{"name":"wp","href":"https:\/\/api.w.org\/{rel}","templated":true}]}}