{"id":630,"date":"2019-05-23T18:36:15","date_gmt":"2019-05-23T16:36:15","guid":{"rendered":"https:\/\/sendapp.live\/?page_id=630"},"modified":"2025-06-05T13:02:58","modified_gmt":"2025-06-05T11:02:58","slug":"los-terminos-y-condiciones-de-uso","status":"publish","type":"page","link":"https:\/\/sendapp.live\/es\/terms-and-conditions-of-use\/","title":{"rendered":"T\u00e9rminos y condiciones de uso."},"content":{"rendered":"<div id=\"fws_69e439c306d63\"  data-column-margin=\"default\" data-midnight=\"dark\"  class=\"wpb_row vc_row-fluid vc_row\"  style=\"padding-top: 0px; padding-bottom: 0px; \"><div class=\"row-bg-wrap\" data-bg-animation=\"none\" data-bg-animation-delay=\"\" data-bg-overlay=\"false\"><div class=\"inner-wrap row-bg-layer\" ><div class=\"row-bg viewport-desktop\"  style=\"\"><\/div><\/div><\/div><div class=\"row_col_wrap_12 col span_12 dark left\">\n\t<div  class=\"vc_col-sm-2 wpb_column column_container vc_column_container col no-extra-padding inherit_tablet inherit_phone\"  data-padding-pos=\"all\" data-has-bg-color=\"false\" data-bg-color=\"\" data-bg-opacity=\"1\" data-animation=\"\" data-delay=\"0\" >\n\t\t<div class=\"vc_column-inner\" >\n\t\t\t<div class=\"wpb_wrapper\">\n\t\t\t\t\n\t\t\t<\/div> \n\t\t<\/div>\n\t<\/div> \n\n\t<div  class=\"vc_col-sm-8 wpb_column column_container vc_column_container col no-extra-padding inherit_tablet inherit_phone\"  data-padding-pos=\"all\" data-has-bg-color=\"false\" data-bg-color=\"\" data-bg-opacity=\"1\" data-animation=\"\" data-delay=\"0\" >\n\t\t<div class=\"vc_column-inner\" >\n\t\t\t<div class=\"wpb_wrapper\">\n\t\t\t\t\n<div class=\"wpb_text_column wpb_content_element\" >\n\t<div class=\"wpb_wrapper\">\n\t\t<h2>SendApp - Condiciones de uso<\/h2>\n<p>Los siguientes t\u00e9rminos y condiciones generales (en adelante \"T\u00e9rminos y Condiciones\") rigen el uso de este sitio web y el contenido puesto a disposici\u00f3n a trav\u00e9s de los sitios web (en adelante \"Sitios\") sendapp.live, sendapp.cloud, incluyendo pero no limitado a:<\/p>\n<p><strong>Nombre de los centros<\/strong>sendapp.live, sendapp.cloud<\/p>\n<p>Los Sitios son propiedad y est\u00e1n gestionados por SendApp, un producto de SendApp Inc. (en adelante, \"SendApp\", \"nosotros\", \"nos\" o \"nuestro\"). Su acceso y uso de los Sitios implica su aceptaci\u00f3n de estos T\u00e9rminos y condiciones en su totalidad.<\/p>\n<h3><\/h3>\n<h3>1. Inscripci\u00f3n<\/h3>\n<p>No es necesario registrarse en los Sitios para acceder a los contenidos o servicios; sin embargo, algunas \u00e1reas y funciones pueden estar restringidas a los usuarios registrados. En este caso, el usuario deber\u00e1 aceptar un Acuerdo de Suscripci\u00f3n independiente.<\/p>\n<h3>2. Derechos de propiedad<\/h3>\n<p>El uso de los Sitios no le otorga ning\u00fan derecho de propiedad intelectual sobre los contenidos, c\u00f3digos, datos o materiales a los que acceda. S\u00f3lo puede descargarse una copia del contenido para uso personal y no comercial. Cualquier uso no autorizado puede constituir una violaci\u00f3n de las leyes italianas o internacionales.<\/p>\n<h3>3. Agente de derechos de autor<\/h3>\n<p>En caso de sospecha de infracci\u00f3n de los derechos de autor, el usuario puede ponerse en contacto con SendApp proporcionando la informaci\u00f3n detallada que exige la ley.<\/p>\n<h3>4. Marcas registradas<\/h3>\n<p>Las marcas comerciales de los Sitios est\u00e1n registradas por SendApp o terceros. Ninguna parte de los Sitios puede interpretarse como la concesi\u00f3n de una licencia de uso de dichas marcas.<\/p>\n<h3>5. Cambios a los t\u00e9rminos y condiciones<\/h3>\n<p>SendApp se reserva el derecho a modificar los T\u00e9rminos y condiciones en cualquier momento. Los cambios entrar\u00e1n en vigor en el momento de su publicaci\u00f3n en los Sitios.<\/p>\n<h3>6. Informaci\u00f3n del usuario<\/h3>\n<p>Usted es responsable de la exactitud de la informaci\u00f3n personal que facilite. Puede consultar nuestra pol\u00edtica de privacidad en la secci\u00f3n de privacidad.<\/p>\n<h3>7. Enlaces a sitios<\/h3>\n<p>S\u00f3lo se permite establecer enlaces a los Sitios para completar p\u00e1ginas HTML. SendApp se reserva el derecho a revocar este permiso en cualquier momento.<\/p>\n<h3>8. Sitios de terceros<\/h3>\n<p>SendApp no es responsable de los contenidos, servicios o materiales de los sitios enlazados. La inclusi\u00f3n de cualquier enlace no implica la aprobaci\u00f3n por parte de SendApp.<\/p>\n<h3><\/h3>\n<h3>9. Cl\u00e1usula de exclusi\u00f3n de reembolso<\/h3>\n<p>Todos los productos de software vendidos a trav\u00e9s de los Sitios se consideran <strong>activos digitales activados y utilizables inmediatamente<\/strong>. Seg\u00fan la legislaci\u00f3n vigente (Directiva 2011\/83\/UE), <strong>no hay derecho de desistimiento ni de reembolso para los productos digitales activados<\/strong>.<\/p>\n<p>El usuario acepta irrevocablemente que la compra conlleva la renuncia a cualquier derecho de reembolso, salvo renuncia expresa y por escrito de SendApp con car\u00e1cter excepcional.<\/p>\n<h3><\/h3>\n<h3>10. Descargo de responsabilidad<\/h3>\n<p>SendApp <strong>no asume ninguna responsabilidad por el uso indebido, il\u00edcito o no conforme del software por parte del usuario<\/strong>. El usuario est\u00e1 obligado a utilizar la herramienta respetando plenamente la normativa, incluidas las pol\u00edticas de la plataforma (por ejemplo, WhatsApp) y el GDPR.<\/p>\n<p>El uso indebido de la herramienta, como el env\u00edo de spam o la carga de libretas de direcciones no archivadas, puede dar lugar a la suspensi\u00f3n del n\u00famero o a la interrupci\u00f3n del servicio por parte de terceros. <strong>SendApp declina toda responsabilidad por da\u00f1os directos o indirectos, bloqueos, suspensiones o p\u00e9rdidas causadas por dicho uso indebido.<\/strong>.<\/p>\n<h3><\/h3>\n<h3>11. Exclusi\u00f3n de garant\u00edas<\/h3>\n<p>Dentro de los l\u00edmites de la ley:<br \/>\n- Los contenidos y servicios se ofrecen \"tal cual\".<br \/>\n- SendApp no garantiza la disponibilidad ininterrumpida o sin errores de los Sitios.<br \/>\n- SendApp no ser\u00e1 responsable de ning\u00fan da\u00f1o indirecto, p\u00e9rdida de datos o beneficios derivados del uso de los Sitios.<\/p>\n<h3><\/h3>\n<h3>12. Licencia<\/h3>\n<p>La licencia es vitalicia, pero s\u00f3lo puede utilizarse en un dispositivo a la vez. En caso de aver\u00eda, puede solicitar un restablecimiento enviando un correo electr\u00f3nico a <a href=\"mailto:info@sendapp.live\">info@sendapp.live<\/a>.<\/p>\n<h3><\/h3>\n<h3>13. Legislaci\u00f3n aplicable<\/h3>\n<p>Las presentes Condiciones Generales se rigen por la legislaci\u00f3n italiana. El acceso a los Sitios desde otras jurisdicciones es responsabilidad del usuario.<\/p>\n<h3><\/h3>\n<h3>14. Pol\u00edtica antispam<\/h3>\n<p>El uso del software para enviar spam est\u00e1 prohibido. Las infracciones conllevan la suspensi\u00f3n o cancelaci\u00f3n del servicio, as\u00ed como posibles acciones legales.<\/p>\n<h3><\/h3>\n<h3>15. Datos personales<\/h3>\n<p>Al aceptar estas condiciones, autoriza el uso de sus datos con fines publicitarios. Puede solicitar su supresi\u00f3n en cualquier momento.<\/p>\n<p>&nbsp;<\/p>\n<p><strong>Nota<\/strong>SendApp no est\u00e1 afiliada a WhatsApp (WhatsApp Inc. y\/o WhatsApp Ireland Limited) ni a ninguna otra empresa de Meta. Cualquier cambio por parte de estas plataformas puede afectar o impedir el funcionamiento del software. Los datos permanecen almacenados localmente en el dispositivo del usuario.<\/p>\n\t<\/div>\n<\/div>\n\n\n\n\n\t\t\t<\/div> \n\t\t<\/div>\n\t<\/div> \n\n\t<div  class=\"vc_col-sm-2 wpb_column column_container vc_column_container col no-extra-padding inherit_tablet inherit_phone\"  data-padding-pos=\"all\" data-has-bg-color=\"false\" data-bg-color=\"\" data-bg-opacity=\"1\" data-animation=\"\" data-delay=\"0\" >\n\t\t<div class=\"vc_column-inner\" >\n\t\t\t<div class=\"wpb_wrapper\">\n\t\t\t\t\n\t\t\t<\/div> \n\t\t<\/div>\n\t<\/div> \n<\/div><\/div>","protected":false},"excerpt":{"rendered":"SendApp \u2013 T\u00e9rminos y Condiciones de Uso Las siguientes condiciones generales (en adelante \u201cT\u00e9rminos y Condiciones\u201d) rigen el uso de este sitio web y el contenido puesto a disposici\u00f3n a trav\u00e9s de los sitios web...","protected":false},"author":1,"featured_media":0,"parent":0,"menu_order":0,"comment_status":"closed","ping_status":"open","template":"","meta":{"_daim_seo_power":"1000","_daim_enable_ail":"1","footnotes":""},"class_list":["post-630","page","type-page","status-publish"],"yoast_head":"<!-- This site is optimized with the Yoast SEO Premium plugin v27.4 (Yoast SEO v27.4) - https:\/\/yoast.com\/product\/yoast-seo-premium-wordpress\/ -->\n<title>Terms and conditions of use message campaing whatsapp- SendApp - Software Whatsapp Marketing<\/title>\n<meta name=\"description\" content=\"terms and conditions of use - sendapp - create massive message campaign with whatsapp to all phone numbers. Get sending report. Programm sendings.\" \/>\n<meta name=\"robots\" content=\"index, follow, max-snippet:-1, max-image-preview:large, max-video-preview:-1\" \/>\n<link rel=\"canonical\" href=\"https:\/\/sendapp.live\/es\/los-terminos-y-condiciones-de-uso\/\" \/>\n<meta property=\"og:locale\" content=\"es_ES\" \/>\n<meta property=\"og:type\" content=\"article\" \/>\n<meta property=\"og:title\" content=\"Terms and conditions of use\" \/>\n<meta property=\"og:description\" content=\"terms and conditions of use - sendapp - create massive message campaign with whatsapp to all phone numbers. Get sending report. Programm sendings.\" \/>\n<meta property=\"og:url\" content=\"https:\/\/sendapp.live\/es\/los-terminos-y-condiciones-de-uso\/\" \/>\n<meta property=\"og:site_name\" content=\"SendApp - Software Whatsapp Marketing\" \/>\n<meta property=\"article:publisher\" content=\"https:\/\/www.facebook.com\/sendapp.live\" \/>\n<meta property=\"article:modified_time\" content=\"2025-06-05T11:02:58+00:00\" \/>\n<meta name=\"twitter:card\" content=\"summary_large_image\" \/>\n<meta name=\"twitter:site\" content=\"@sendapp_live\" \/>\n<meta name=\"twitter:label1\" content=\"Tiempo de lectura\" \/>\n\t<meta name=\"twitter:data1\" content=\"4 minutos\" \/>\n<script type=\"application\/ld+json\" class=\"yoast-schema-graph\">{\"@context\":\"https:\\\/\\\/schema.org\",\"@graph\":[{\"@type\":\"WebPage\",\"@id\":\"https:\\\/\\\/sendapp.live\\\/en\\\/terms-and-conditions-of-use\\\/\",\"url\":\"https:\\\/\\\/sendapp.live\\\/en\\\/terms-and-conditions-of-use\\\/\",\"name\":\"Terms and conditions of use message campaing whatsapp- SendApp - Software Whatsapp Marketing\",\"isPartOf\":{\"@id\":\"https:\\\/\\\/sendapp.live\\\/it\\\/#website\"},\"datePublished\":\"2019-05-23T16:36:15+00:00\",\"dateModified\":\"2025-06-05T11:02:58+00:00\",\"description\":\"terms and conditions of use - sendapp - create massive message campaign with whatsapp to all phone numbers. Get sending report. Programm sendings.\",\"breadcrumb\":{\"@id\":\"https:\\\/\\\/sendapp.live\\\/en\\\/terms-and-conditions-of-use\\\/#breadcrumb\"},\"inLanguage\":\"es\",\"potentialAction\":[{\"@type\":\"ReadAction\",\"target\":[\"https:\\\/\\\/sendapp.live\\\/en\\\/terms-and-conditions-of-use\\\/\"]}]},{\"@type\":\"BreadcrumbList\",\"@id\":\"https:\\\/\\\/sendapp.live\\\/en\\\/terms-and-conditions-of-use\\\/#breadcrumb\",\"itemListElement\":[{\"@type\":\"ListItem\",\"position\":1,\"name\":\"Home\",\"item\":\"https:\\\/\\\/sendapp.live\\\/\"},{\"@type\":\"ListItem\",\"position\":2,\"name\":\"Terms and conditions of use\"}]},{\"@type\":\"WebSite\",\"@id\":\"https:\\\/\\\/sendapp.live\\\/it\\\/#website\",\"url\":\"https:\\\/\\\/sendapp.live\\\/it\\\/\",\"name\":\"SendApp\",\"description\":\"Automate Your Messages &amp; Grow Your Business\",\"publisher\":{\"@id\":\"https:\\\/\\\/sendapp.live\\\/it\\\/#organization\"},\"alternateName\":\"SendApp WhatsApp Marketing\",\"potentialAction\":[{\"@type\":\"SearchAction\",\"target\":{\"@type\":\"EntryPoint\",\"urlTemplate\":\"https:\\\/\\\/sendapp.live\\\/it\\\/?s={search_term_string}\"},\"query-input\":{\"@type\":\"PropertyValueSpecification\",\"valueRequired\":true,\"valueName\":\"search_term_string\"}}],\"inLanguage\":\"es\"},{\"@type\":\"Organization\",\"@id\":\"https:\\\/\\\/sendapp.live\\\/it\\\/#organization\",\"name\":\"SendApp\",\"url\":\"https:\\\/\\\/sendapp.live\\\/it\\\/\",\"logo\":{\"@type\":\"ImageObject\",\"inLanguage\":\"es\",\"@id\":\"https:\\\/\\\/sendapp.live\\\/it\\\/#\\\/schema\\\/logo\\\/image\\\/\",\"url\":\"https:\\\/\\\/sendapp.live\\\/wp-content\\\/uploads\\\/2025\\\/04\\\/Logo-Sendapp-300x60-1.png\",\"contentUrl\":\"https:\\\/\\\/sendapp.live\\\/wp-content\\\/uploads\\\/2025\\\/04\\\/Logo-Sendapp-300x60-1.png\",\"width\":300,\"height\":60,\"caption\":\"SendApp\"},\"image\":{\"@id\":\"https:\\\/\\\/sendapp.live\\\/it\\\/#\\\/schema\\\/logo\\\/image\\\/\"},\"sameAs\":[\"https:\\\/\\\/www.facebook.com\\\/sendapp.live\",\"https:\\\/\\\/x.com\\\/sendapp_live\",\"https:\\\/\\\/www.instagram.com\\\/sendapp.live\",\"https:\\\/\\\/www.youtube.com\\\/channel\\\/UC2gaLpi0-OJLG4CFbOr6mLw\",\"https:\\\/\\\/it.trustpilot.com\\\/review\\\/sendapp.live\"],\"description\":\"Piattaforma italiana di WhatsApp Marketing con API ufficiali Meta. Assistente AI, campagne massive, SMS Gateway gratuito, Google Calendar, automazioni. Da \u20ac16\\\/mese senza markup sui messaggi.\",\"email\":\"info@sendapp.live\",\"foundingDate\":\"2016-07-25\"}]}<\/script>\n<!-- \/ Yoast SEO Premium plugin. -->","yoast_head_json":{"title":"T\u00e9rminos y condiciones de uso campa\u00f1as de mensajes whatsapp - SendApp - Whatsapp Marketing Software","description":"t\u00e9rminos y condiciones de uso - sendapp - crea una campa\u00f1a de mensajes masivos con whatsapp a todos los n\u00fameros de tel\u00e9fono. Obtenga el informe de env\u00edo. Programa de env\u00edos.","robots":{"index":"index","follow":"follow","max-snippet":"max-snippet:-1","max-image-preview":"max-image-preview:large","max-video-preview":"max-video-preview:-1"},"canonical":"https:\/\/sendapp.live\/es\/los-terminos-y-condiciones-de-uso\/","og_locale":"es_ES","og_type":"article","og_title":"Terms and conditions of use","og_description":"terms and conditions of use - sendapp - create massive message campaign with whatsapp to all phone numbers. Get sending report. Programm sendings.","og_url":"https:\/\/sendapp.live\/es\/los-terminos-y-condiciones-de-uso\/","og_site_name":"SendApp - Software Whatsapp Marketing","article_publisher":"https:\/\/www.facebook.com\/sendapp.live","article_modified_time":"2025-06-05T11:02:58+00:00","twitter_card":"summary_large_image","twitter_site":"@sendapp_live","twitter_misc":{"Tiempo de lectura":"4 minutos"},"schema":{"@context":"https:\/\/schema.org","@graph":[{"@type":"WebPage","@id":"https:\/\/sendapp.live\/en\/terms-and-conditions-of-use\/","url":"https:\/\/sendapp.live\/en\/terms-and-conditions-of-use\/","name":"T\u00e9rminos y condiciones de uso campa\u00f1as de mensajes whatsapp - SendApp - Whatsapp Marketing Software","isPartOf":{"@id":"https:\/\/sendapp.live\/it\/#website"},"datePublished":"2019-05-23T16:36:15+00:00","dateModified":"2025-06-05T11:02:58+00:00","description":"t\u00e9rminos y condiciones de uso - sendapp - crea una campa\u00f1a de mensajes masivos con whatsapp a todos los n\u00fameros de tel\u00e9fono. Obtenga el informe de env\u00edo. Programa de env\u00edos.","breadcrumb":{"@id":"https:\/\/sendapp.live\/en\/terms-and-conditions-of-use\/#breadcrumb"},"inLanguage":"es","potentialAction":[{"@type":"ReadAction","target":["https:\/\/sendapp.live\/en\/terms-and-conditions-of-use\/"]}]},{"@type":"BreadcrumbList","@id":"https:\/\/sendapp.live\/en\/terms-and-conditions-of-use\/#breadcrumb","itemListElement":[{"@type":"ListItem","position":1,"name":"Home","item":"https:\/\/sendapp.live\/"},{"@type":"ListItem","position":2,"name":"Terms and conditions of use"}]},{"@type":"WebSite","@id":"https:\/\/sendapp.live\/it\/#website","url":"https:\/\/sendapp.live\/it\/","name":"SendApp","description":"Automatice sus mensajes y haga crecer su negocio","publisher":{"@id":"https:\/\/sendapp.live\/it\/#organization"},"alternateName":"SendApp WhatsApp Marketing","potentialAction":[{"@type":"SearchAction","target":{"@type":"EntryPoint","urlTemplate":"https:\/\/sendapp.live\/it\/?s={search_term_string}"},"query-input":{"@type":"PropertyValueSpecification","valueRequired":true,"valueName":"search_term_string"}}],"inLanguage":"es"},{"@type":"Organization","@id":"https:\/\/sendapp.live\/it\/#organization","name":"SendApp","url":"https:\/\/sendapp.live\/it\/","logo":{"@type":"ImageObject","inLanguage":"es","@id":"https:\/\/sendapp.live\/it\/#\/schema\/logo\/image\/","url":"https:\/\/sendapp.live\/wp-content\/uploads\/2025\/04\/Logo-Sendapp-300x60-1.png","contentUrl":"https:\/\/sendapp.live\/wp-content\/uploads\/2025\/04\/Logo-Sendapp-300x60-1.png","width":300,"height":60,"caption":"SendApp"},"image":{"@id":"https:\/\/sendapp.live\/it\/#\/schema\/logo\/image\/"},"sameAs":["https:\/\/www.facebook.com\/sendapp.live","https:\/\/x.com\/sendapp_live","https:\/\/www.instagram.com\/sendapp.live","https:\/\/www.youtube.com\/channel\/UC2gaLpi0-OJLG4CFbOr6mLw","https:\/\/it.trustpilot.com\/review\/sendapp.live"],"description":"Plataforma italiana de marketing por WhatsApp con API Meta oficial. Asistente de IA, campa\u00f1as masivas, pasarela SMS gratuita, Google Calendar, automatizaciones. Desde 16 \u20ac\/mes sin recargo por mensaje.","email":"info@sendapp.live","foundingDate":"2016-07-25"}]}},"_links":{"self":[{"href":"https:\/\/sendapp.live\/es\/wp-json\/wp\/v2\/pages\/630","targetHints":{"allow":["GET"]}}],"collection":[{"href":"https:\/\/sendapp.live\/es\/wp-json\/wp\/v2\/pages"}],"about":[{"href":"https:\/\/sendapp.live\/es\/wp-json\/wp\/v2\/types\/page"}],"author":[{"embeddable":true,"href":"https:\/\/sendapp.live\/es\/wp-json\/wp\/v2\/users\/1"}],"replies":[{"embeddable":true,"href":"https:\/\/sendapp.live\/es\/wp-json\/wp\/v2\/comments?post=630"}],"version-history":[{"count":10,"href":"https:\/\/sendapp.live\/es\/wp-json\/wp\/v2\/pages\/630\/revisions"}],"predecessor-version":[{"id":36730,"href":"https:\/\/sendapp.live\/es\/wp-json\/wp\/v2\/pages\/630\/revisions\/36730"}],"wp:attachment":[{"href":"https:\/\/sendapp.live\/es\/wp-json\/wp\/v2\/media?parent=630"}],"curies":[{"name":"wp","href":"https:\/\/api.w.org\/{rel}","templated":true}]}}