{"id":781,"date":"2019-06-11T14:41:38","date_gmt":"2019-06-11T12:41:38","guid":{"rendered":"https:\/\/sendapp.live\/?page_id=781"},"modified":"2025-01-22T16:18:33","modified_gmt":"2025-01-22T15:18:33","slug":"importar-contactos-de-google-iphone-sendapp","status":"publish","type":"page","link":"https:\/\/sendapp.live\/es\/importare-contatti-google-iphone-sendapp\/","title":{"rendered":"Importar contactos de Google a SendApp y iPhone: una gu\u00eda pr\u00e1ctica"},"content":{"rendered":"<div id=\"fws_69e2341f3569e\"  data-column-margin=\"default\" data-midnight=\"dark\"  class=\"wpb_row vc_row-fluid vc_row full-width-section\"  style=\"padding-top: 0px; padding-bottom: 100px; \"><div class=\"row-bg-wrap\" data-bg-animation=\"none\" data-bg-animation-delay=\"\" data-bg-overlay=\"false\"><div class=\"inner-wrap row-bg-layer\" ><div class=\"row-bg viewport-desktop using-bg-color\"  style=\"background-color: #ffffff; \"><\/div><\/div><\/div><div class=\"row_col_wrap_12 col span_12 dark left\">\n\t<div  class=\"vc_col-sm-2 wpb_column column_container vc_column_container col no-extra-padding inherit_tablet inherit_phone\"  data-padding-pos=\"all\" data-has-bg-color=\"false\" data-bg-color=\"\" data-bg-opacity=\"1\" data-animation=\"\" data-delay=\"0\" >\n\t\t<div class=\"vc_column-inner\" >\n\t\t\t<div class=\"wpb_wrapper\">\n\t\t\t\t\n\t\t\t<\/div> \n\t\t<\/div>\n\t<\/div> \n\n\t<div  class=\"vc_col-sm-8 wpb_column column_container vc_column_container col no-extra-padding inherit_tablet inherit_phone\"  data-padding-pos=\"all\" data-has-bg-color=\"false\" data-bg-color=\"\" data-bg-opacity=\"1\" data-animation=\"\" data-delay=\"0\" >\n\t\t<div class=\"vc_column-inner\" >\n\t\t\t<div class=\"wpb_wrapper\">\n\t\t\t\t<div class=\"nectar-gradient-text\" data-direction=\"horizontal\" data-color=\"extra-color-gradient-1\" style=\"margin-top: 90px; margin-bottom: 0px; \"><h2>Importar contactos de Google a SendApp<\/h2><\/div><div class=\"toggles\" data-br=\"\" data-starting=\"default\" data-style=\"minimal\"><div class=\"toggle default\" data-inner-wrap=\"true\"><h3 class=\"toggle-title\"><a href=\"#\" role=\"button\" class=\"toggle-heading\"><i role=\"presentation\" class=\"fa fa-plus-circle\"><\/i>\u00bfC\u00f3mo importo los contactos de mi tel\u00e9fono Android a SendApp?<\/a><\/h3><div><div class=\"inner-toggle-wrap\">\n<div class=\"wpb_text_column wpb_content_element\" >\n\t<div class=\"wpb_wrapper\">\n\t\t<p>Importar contactos de Google a SendApp es esencial para organizar tus comunicaciones de forma eficiente. Con esta funci\u00f3n, puedes crear listas de contactos personalizadas para mejorar la comunicaci\u00f3n con tus clientes.<\/p>\n\t<\/div>\n<\/div>\n\n\n\n<div class=\"img-with-aniamtion-wrap\" data-max-width=\"100%\" data-max-width-mobile=\"default\" data-shadow=\"none\" data-animation=\"fade-in\" >\n      <div class=\"inner\">\n        <div class=\"hover-wrap\"> \n          <div class=\"hover-wrap-inner\">\n            <img loading=\"lazy\" decoding=\"async\" class=\"img-with-animation skip-lazy\" data-delay=\"0\" height=\"726\" width=\"1358\" data-animation=\"fade-in\" src=\"https:\/\/sendapp.live\/wp-content\/uploads\/2019\/08\/Google-Contacts_1.jpg\" alt=\"Exportaci\u00f3n de contactos de Google\" srcset=\"https:\/\/sendapp.live\/wp-content\/uploads\/2019\/08\/Google-Contacts_1.jpg 1358w, https:\/\/sendapp.live\/wp-content\/uploads\/2019\/08\/Google-Contacts_1-600x321.jpg 600w, https:\/\/sendapp.live\/wp-content\/uploads\/2019\/08\/Google-Contacts_1-300x160.jpg 300w, https:\/\/sendapp.live\/wp-content\/uploads\/2019\/08\/Google-Contacts_1-768x411.jpg 768w, https:\/\/sendapp.live\/wp-content\/uploads\/2019\/08\/Google-Contacts_1-1024x547.jpg 1024w\" sizes=\"auto, (max-width: 1358px) 100vw, 1358px\" \/>\n          <\/div>\n        <\/div>\n      <\/div>\n    <\/div>\n<div class=\"wpb_text_column wpb_content_element\" >\n\t<div class=\"wpb_wrapper\">\n\t\t<div class=\"flex max-w-full flex-col flex-grow\">\n<div class=\"min-h-8 text-message flex w-full flex-col items-end gap-2 whitespace-normal break-words text-start &#091;.text-message+&amp;&#093;:mt-5\" dir=\"auto\" data-message-author-role=\"assistant\" data-message-id=\"2dc7c017-2c11-4b87-a43a-ebeaf6d044a5\" data-message-model-slug=\"gpt-4o\">\n<div class=\"flex w-full flex-col gap-1 empty:hidden first:pt-&#091;3px&#093;\">\n<div class=\"markdown prose w-full break-words dark:prose-invert light\">\n<p>Acceda a <a href=\"https:\/\/contacts.google.com\/\">Contactos de Google<\/a>Exporte los contactos deseados a un archivo compatible e imp\u00f3rtelos a SendApp para crear una nueva lista de contactos. Este sencillo proceso le permite gestionar las comunicaciones empresariales de forma eficiente.<\/p>\n<\/div>\n<\/div>\n<\/div>\n<\/div>\n\t<\/div>\n<\/div>\n\n\n\n<div class=\"img-with-aniamtion-wrap\" data-max-width=\"100%\" data-max-width-mobile=\"default\" data-shadow=\"none\" data-animation=\"fade-in\" >\n      <div class=\"inner\">\n        <div class=\"hover-wrap\"> \n          <div class=\"hover-wrap-inner\">\n            <img loading=\"lazy\" decoding=\"async\" class=\"img-with-animation skip-lazy\" data-delay=\"0\" height=\"750\" width=\"1276\" data-animation=\"fade-in\" src=\"https:\/\/sendapp.live\/wp-content\/uploads\/2019\/08\/SendApp_Google-Contacts_1.jpg\" alt=\"importar contactos de Google a SendApp\" srcset=\"https:\/\/sendapp.live\/wp-content\/uploads\/2019\/08\/SendApp_Google-Contacts_1.jpg 1276w, https:\/\/sendapp.live\/wp-content\/uploads\/2019\/08\/SendApp_Google-Contacts_1-600x353.jpg 600w, https:\/\/sendapp.live\/wp-content\/uploads\/2019\/08\/SendApp_Google-Contacts_1-300x176.jpg 300w, https:\/\/sendapp.live\/wp-content\/uploads\/2019\/08\/SendApp_Google-Contacts_1-768x451.jpg 768w, https:\/\/sendapp.live\/wp-content\/uploads\/2019\/08\/SendApp_Google-Contacts_1-1024x602.jpg 1024w\" sizes=\"auto, (max-width: 1276px) 100vw, 1276px\" \/>\n          <\/div>\n        <\/div>\n      <\/div>\n    <\/div><\/div><\/div><\/div><\/div>\n\n\n\n\n\n\n\n\n\n\n\n\n\n\n\n\n\n\n\n<div class=\"nectar-gradient-text\" data-direction=\"horizontal\" data-color=\"extra-color-gradient-1\" style=\"margin-top: 90px; margin-bottom: 0px; \"><h2>Importar contactos desde iPhone a SendApp<\/h2><\/div><div class=\"toggles\" data-br=\"\" data-starting=\"default\" data-style=\"minimal\"><div class=\"toggle default\" data-inner-wrap=\"true\"><h3 class=\"toggle-title\"><a href=\"#\" role=\"button\" class=\"toggle-heading\"><i role=\"presentation\" class=\"fa fa-plus-circle\"><\/i>\u00bfC\u00f3mo importar los contactos de mi iPhone en SendApp?<\/a><\/h3><div><div class=\"inner-toggle-wrap\">\n<div class=\"wpb_text_column wpb_content_element\" >\n\t<div class=\"wpb_wrapper\">\n\t\t<p>Importar contactos de iPhone a SendApp es r\u00e1pido y sencillo. En solo unos pasos, puedes transferir tus contactos y empezar a gestionarlos eficazmente.<\/p>\n\t<\/div>\n<\/div>\n\n\n\n<div class=\"img-with-aniamtion-wrap\" data-max-width=\"100%\" data-max-width-mobile=\"default\" data-shadow=\"none\" data-animation=\"fade-in\" >\n      <div class=\"inner\">\n        <div class=\"hover-wrap\"> \n          <div class=\"hover-wrap-inner\">\n            <img loading=\"lazy\" decoding=\"async\" class=\"img-with-animation skip-lazy\" data-delay=\"0\" height=\"726\" width=\"1358\" data-animation=\"fade-in\" src=\"https:\/\/sendapp.live\/wp-content\/uploads\/2019\/08\/ICloud_Contacts.jpg\" alt=\"Exportaci\u00f3n de contactos de iCloud para SendApp\" srcset=\"https:\/\/sendapp.live\/wp-content\/uploads\/2019\/08\/ICloud_Contacts.jpg 1358w, https:\/\/sendapp.live\/wp-content\/uploads\/2019\/08\/ICloud_Contacts-600x321.jpg 600w, https:\/\/sendapp.live\/wp-content\/uploads\/2019\/08\/ICloud_Contacts-300x160.jpg 300w, https:\/\/sendapp.live\/wp-content\/uploads\/2019\/08\/ICloud_Contacts-768x411.jpg 768w, https:\/\/sendapp.live\/wp-content\/uploads\/2019\/08\/ICloud_Contacts-1024x547.jpg 1024w\" sizes=\"auto, (max-width: 1358px) 100vw, 1358px\" \/>\n          <\/div>\n        <\/div>\n      <\/div>\n    <\/div>\n<div class=\"wpb_text_column wpb_content_element\" >\n\t<div class=\"wpb_wrapper\">\n\t\t<p>Acceda a <a href=\"https:\/\/www.icloud.com\/contacts\/\">Contactos de iCloud<\/a> Seleccione todos o algunos contactos con la tecla May\u00fas. En el men\u00fa &quot;Acciones&quot;, seleccione &quot;Exportar vCard&quot;. El archivo resultante ser\u00e1 compatible con SendApp, lo que le permitir\u00e1 importarlo f\u00e1cilmente.<\/p>\n\t<\/div>\n<\/div>\n\n\n\n\n<div class=\"wpb_text_column wpb_content_element\" >\n\t<div class=\"wpb_wrapper\">\n\t\t<p>Una vez exportado el archivo, inicie sesi\u00f3n en SendApp, cree una nueva lista de contactos e importe el archivo vCard. Este proceso le permite integrar los contactos en sus campa\u00f1as de comunicaci\u00f3n de forma r\u00e1pida y eficiente.<\/p>\n\t<\/div>\n<\/div>\n\n\n\n<div class=\"img-with-aniamtion-wrap\" data-max-width=\"100%\" data-max-width-mobile=\"default\" data-shadow=\"none\" data-animation=\"fade-in\" >\n      <div class=\"inner\">\n        <div class=\"hover-wrap\"> \n          <div class=\"hover-wrap-inner\">\n            <img loading=\"lazy\" decoding=\"async\" class=\"img-with-animation skip-lazy\" data-delay=\"0\" height=\"720\" width=\"1276\" data-animation=\"fade-in\" src=\"https:\/\/sendapp.live\/wp-content\/uploads\/2019\/08\/SendApp_iPhone_contacts.jpg\" alt=\"Importar contactos de iPhone a SendApp\" srcset=\"https:\/\/sendapp.live\/wp-content\/uploads\/2019\/08\/SendApp_iPhone_contacts.jpg 1276w, https:\/\/sendapp.live\/wp-content\/uploads\/2019\/08\/SendApp_iPhone_contacts-600x339.jpg 600w, https:\/\/sendapp.live\/wp-content\/uploads\/2019\/08\/SendApp_iPhone_contacts-300x169.jpg 300w, https:\/\/sendapp.live\/wp-content\/uploads\/2019\/08\/SendApp_iPhone_contacts-768x433.jpg 768w, https:\/\/sendapp.live\/wp-content\/uploads\/2019\/08\/SendApp_iPhone_contacts-1024x578.jpg 1024w\" sizes=\"auto, (max-width: 1276px) 100vw, 1276px\" \/>\n          <\/div>\n        <\/div>\n      <\/div>\n    <\/div><\/div><\/div><\/div><\/div>\n\n\n\n\n\n\n\n\n\n\n\n\n\n\n\n\n\n\n\n\n<div class=\"wpb_text_column wpb_content_element\" >\n\t<div class=\"wpb_wrapper\">\n\t\t<p>Descubra tambi\u00e9n nuestra gu\u00eda sobre <a href=\"https:\/\/sendapp.live\/es\/instrucciones-de-uso\/\">C\u00f3mo configurar una cuenta de SendApp<\/a> para optimizar a\u00fan m\u00e1s su experiencia.<\/p>\n\t<\/div>\n<\/div>\n\n\n\n\n\t\t\t<\/div> \n\t\t<\/div>\n\t<\/div> \n\n\t<div  class=\"vc_col-sm-2 wpb_column column_container vc_column_container col no-extra-padding inherit_tablet inherit_phone\"  data-padding-pos=\"all\" data-has-bg-color=\"false\" data-bg-color=\"\" data-bg-opacity=\"1\" data-animation=\"\" data-delay=\"0\" >\n\t\t<div class=\"vc_column-inner\" >\n\t\t\t<div class=\"wpb_wrapper\">\n\t\t\t\t\n\t\t\t<\/div> \n\t\t<\/div>\n\t<\/div> \n<\/div><\/div>","protected":false},"excerpt":{"rendered":"Importar contactos de Google a SendApp. \u00bfC\u00f3mo importo los contactos de mi tel\u00e9fono Android a SendApp? Importar contactos de Google a SendApp es esencial para organizar tus comunicaciones de forma eficiente.","protected":false},"author":1,"featured_media":0,"parent":0,"menu_order":0,"comment_status":"closed","ping_status":"open","template":"","meta":{"_daim_seo_power":"1000","_daim_enable_ail":"1","footnotes":""},"class_list":["post-781","page","type-page","status-publish"],"yoast_head":"<!-- This site is optimized with the Yoast SEO Premium plugin v27.3 (Yoast SEO v27.3) - https:\/\/yoast.com\/product\/yoast-seo-premium-wordpress\/ -->\n<title>Importazione contatti Google in SendApp e iPhone \u2013 Guida pratica - SendApp - Software Whatsapp Marketing<\/title>\n<meta name=\"description\" content=\"Scopri come effettuare l&#039;importazione contatti Google in SendApp e iPhone in pochi passi. Segui le nostre guide per ottimizzare la gestione..\" \/>\n<meta name=\"robots\" content=\"index, follow, max-snippet:-1, max-image-preview:large, max-video-preview:-1\" \/>\n<link rel=\"canonical\" href=\"https:\/\/sendapp.live\/es\/importar-contactos-de-google-iphone-sendapp\/\" \/>\n<meta property=\"og:locale\" content=\"es_ES\" \/>\n<meta property=\"og:type\" content=\"article\" \/>\n<meta property=\"og:title\" content=\"Importazione contatti Google in SendApp e iPhone \u2013 Guida pratica\" \/>\n<meta property=\"og:description\" content=\"Scopri come effettuare l&#039;importazione contatti Google in SendApp e iPhone in pochi passi. Segui le nostre guide per ottimizzare la gestione..\" \/>\n<meta property=\"og:url\" content=\"https:\/\/sendapp.live\/es\/importar-contactos-de-google-iphone-sendapp\/\" \/>\n<meta property=\"og:site_name\" content=\"SendApp - Software Whatsapp Marketing\" \/>\n<meta property=\"article:publisher\" content=\"https:\/\/www.facebook.com\/sendapp.live\" \/>\n<meta property=\"article:modified_time\" content=\"2025-01-22T15:18:33+00:00\" \/>\n<meta name=\"twitter:card\" content=\"summary_large_image\" \/>\n<meta name=\"twitter:site\" content=\"@sendapp_live\" \/>\n<meta name=\"twitter:label1\" content=\"Tiempo de lectura\" \/>\n\t<meta name=\"twitter:data1\" content=\"3 minutos\" \/>\n<script type=\"application\/ld+json\" class=\"yoast-schema-graph\">{\"@context\":\"https:\\\/\\\/schema.org\",\"@graph\":[{\"@type\":\"WebPage\",\"@id\":\"https:\\\/\\\/sendapp.live\\\/importare-contatti-google-iphone-sendapp\\\/\",\"url\":\"https:\\\/\\\/sendapp.live\\\/importare-contatti-google-iphone-sendapp\\\/\",\"name\":\"Importazione contatti Google in SendApp e iPhone \u2013 Guida pratica - SendApp - Software Whatsapp Marketing\",\"isPartOf\":{\"@id\":\"https:\\\/\\\/sendapp.live\\\/it\\\/#website\"},\"datePublished\":\"2019-06-11T12:41:38+00:00\",\"dateModified\":\"2025-01-22T15:18:33+00:00\",\"description\":\"Scopri come effettuare l'importazione contatti Google in SendApp e iPhone in pochi passi. Segui le nostre guide per ottimizzare la gestione..\",\"breadcrumb\":{\"@id\":\"https:\\\/\\\/sendapp.live\\\/importare-contatti-google-iphone-sendapp\\\/#breadcrumb\"},\"inLanguage\":\"es\",\"potentialAction\":[{\"@type\":\"ReadAction\",\"target\":[\"https:\\\/\\\/sendapp.live\\\/importare-contatti-google-iphone-sendapp\\\/\"]}]},{\"@type\":\"BreadcrumbList\",\"@id\":\"https:\\\/\\\/sendapp.live\\\/importare-contatti-google-iphone-sendapp\\\/#breadcrumb\",\"itemListElement\":[{\"@type\":\"ListItem\",\"position\":1,\"name\":\"Home\",\"item\":\"https:\\\/\\\/sendapp.live\\\/\"},{\"@type\":\"ListItem\",\"position\":2,\"name\":\"Importazione contatti Google in SendApp e iPhone \u2013 Guida pratica\"}]},{\"@type\":\"WebSite\",\"@id\":\"https:\\\/\\\/sendapp.live\\\/it\\\/#website\",\"url\":\"https:\\\/\\\/sendapp.live\\\/it\\\/\",\"name\":\"SendApp\",\"description\":\"Automate Your Messages &amp; Grow Your Business\",\"publisher\":{\"@id\":\"https:\\\/\\\/sendapp.live\\\/it\\\/#organization\"},\"alternateName\":\"SendApp WhatsApp Marketing\",\"potentialAction\":[{\"@type\":\"SearchAction\",\"target\":{\"@type\":\"EntryPoint\",\"urlTemplate\":\"https:\\\/\\\/sendapp.live\\\/it\\\/?s={search_term_string}\"},\"query-input\":{\"@type\":\"PropertyValueSpecification\",\"valueRequired\":true,\"valueName\":\"search_term_string\"}}],\"inLanguage\":\"es\"},{\"@type\":\"Organization\",\"@id\":\"https:\\\/\\\/sendapp.live\\\/it\\\/#organization\",\"name\":\"SendApp\",\"url\":\"https:\\\/\\\/sendapp.live\\\/it\\\/\",\"logo\":{\"@type\":\"ImageObject\",\"inLanguage\":\"es\",\"@id\":\"https:\\\/\\\/sendapp.live\\\/it\\\/#\\\/schema\\\/logo\\\/image\\\/\",\"url\":\"https:\\\/\\\/sendapp.live\\\/wp-content\\\/uploads\\\/2025\\\/04\\\/Logo-Sendapp-300x60-1.png\",\"contentUrl\":\"https:\\\/\\\/sendapp.live\\\/wp-content\\\/uploads\\\/2025\\\/04\\\/Logo-Sendapp-300x60-1.png\",\"width\":300,\"height\":60,\"caption\":\"SendApp\"},\"image\":{\"@id\":\"https:\\\/\\\/sendapp.live\\\/it\\\/#\\\/schema\\\/logo\\\/image\\\/\"},\"sameAs\":[\"https:\\\/\\\/www.facebook.com\\\/sendapp.live\",\"https:\\\/\\\/x.com\\\/sendapp_live\",\"https:\\\/\\\/www.instagram.com\\\/sendapp.live\",\"https:\\\/\\\/www.youtube.com\\\/channel\\\/UC2gaLpi0-OJLG4CFbOr6mLw\",\"https:\\\/\\\/it.trustpilot.com\\\/review\\\/sendapp.live\"],\"description\":\"Piattaforma italiana di WhatsApp Marketing con API ufficiali Meta. Assistente AI, campagne massive, SMS Gateway gratuito, Google Calendar, automazioni. Da \u20ac16\\\/mese senza markup sui messaggi.\",\"email\":\"info@sendapp.live\",\"foundingDate\":\"2016-07-25\"}]}<\/script>\n<!-- \/ Yoast SEO Premium plugin. -->","yoast_head_json":{"title":"Importar contactos de Google a SendApp y iPhone: una gu\u00eda pr\u00e1ctica - SendApp - Software de marketing de WhatsApp","description":"Aprende a importar contactos de Google a SendApp y iPhone en tan solo unos pasos. Sigue nuestras gu\u00edas para optimizar tu gesti\u00f3n.","robots":{"index":"index","follow":"follow","max-snippet":"max-snippet:-1","max-image-preview":"max-image-preview:large","max-video-preview":"max-video-preview:-1"},"canonical":"https:\/\/sendapp.live\/es\/importar-contactos-de-google-iphone-sendapp\/","og_locale":"es_ES","og_type":"article","og_title":"Importazione contatti Google in SendApp e iPhone \u2013 Guida pratica","og_description":"Scopri come effettuare l'importazione contatti Google in SendApp e iPhone in pochi passi. Segui le nostre guide per ottimizzare la gestione..","og_url":"https:\/\/sendapp.live\/es\/importar-contactos-de-google-iphone-sendapp\/","og_site_name":"SendApp - Software Whatsapp Marketing","article_publisher":"https:\/\/www.facebook.com\/sendapp.live","article_modified_time":"2025-01-22T15:18:33+00:00","twitter_card":"summary_large_image","twitter_site":"@sendapp_live","twitter_misc":{"Tiempo de lectura":"3 minutos"},"schema":{"@context":"https:\/\/schema.org","@graph":[{"@type":"WebPage","@id":"https:\/\/sendapp.live\/importare-contatti-google-iphone-sendapp\/","url":"https:\/\/sendapp.live\/importare-contatti-google-iphone-sendapp\/","name":"Importar contactos de Google a SendApp y iPhone: una gu\u00eda pr\u00e1ctica - SendApp - Software de marketing de WhatsApp","isPartOf":{"@id":"https:\/\/sendapp.live\/it\/#website"},"datePublished":"2019-06-11T12:41:38+00:00","dateModified":"2025-01-22T15:18:33+00:00","description":"Aprende a importar contactos de Google a SendApp y iPhone en tan solo unos pasos. Sigue nuestras gu\u00edas para optimizar tu gesti\u00f3n.","breadcrumb":{"@id":"https:\/\/sendapp.live\/importare-contatti-google-iphone-sendapp\/#breadcrumb"},"inLanguage":"es","potentialAction":[{"@type":"ReadAction","target":["https:\/\/sendapp.live\/importare-contatti-google-iphone-sendapp\/"]}]},{"@type":"BreadcrumbList","@id":"https:\/\/sendapp.live\/importare-contatti-google-iphone-sendapp\/#breadcrumb","itemListElement":[{"@type":"ListItem","position":1,"name":"Home","item":"https:\/\/sendapp.live\/"},{"@type":"ListItem","position":2,"name":"Importazione contatti Google in SendApp e iPhone \u2013 Guida pratica"}]},{"@type":"WebSite","@id":"https:\/\/sendapp.live\/it\/#website","url":"https:\/\/sendapp.live\/it\/","name":"SendApp","description":"Automatice sus mensajes y haga crecer su negocio","publisher":{"@id":"https:\/\/sendapp.live\/it\/#organization"},"alternateName":"SendApp WhatsApp Marketing","potentialAction":[{"@type":"SearchAction","target":{"@type":"EntryPoint","urlTemplate":"https:\/\/sendapp.live\/it\/?s={search_term_string}"},"query-input":{"@type":"PropertyValueSpecification","valueRequired":true,"valueName":"search_term_string"}}],"inLanguage":"es"},{"@type":"Organization","@id":"https:\/\/sendapp.live\/it\/#organization","name":"SendApp","url":"https:\/\/sendapp.live\/it\/","logo":{"@type":"ImageObject","inLanguage":"es","@id":"https:\/\/sendapp.live\/it\/#\/schema\/logo\/image\/","url":"https:\/\/sendapp.live\/wp-content\/uploads\/2025\/04\/Logo-Sendapp-300x60-1.png","contentUrl":"https:\/\/sendapp.live\/wp-content\/uploads\/2025\/04\/Logo-Sendapp-300x60-1.png","width":300,"height":60,"caption":"SendApp"},"image":{"@id":"https:\/\/sendapp.live\/it\/#\/schema\/logo\/image\/"},"sameAs":["https:\/\/www.facebook.com\/sendapp.live","https:\/\/x.com\/sendapp_live","https:\/\/www.instagram.com\/sendapp.live","https:\/\/www.youtube.com\/channel\/UC2gaLpi0-OJLG4CFbOr6mLw","https:\/\/it.trustpilot.com\/review\/sendapp.live"],"description":"Plataforma italiana de marketing por WhatsApp con API Meta oficial. Asistente de IA, campa\u00f1as masivas, pasarela SMS gratuita, Google Calendar, automatizaciones. Desde 16 \u20ac\/mes sin recargo por mensaje.","email":"info@sendapp.live","foundingDate":"2016-07-25"}]}},"_links":{"self":[{"href":"https:\/\/sendapp.live\/es\/wp-json\/wp\/v2\/pages\/781","targetHints":{"allow":["GET"]}}],"collection":[{"href":"https:\/\/sendapp.live\/es\/wp-json\/wp\/v2\/pages"}],"about":[{"href":"https:\/\/sendapp.live\/es\/wp-json\/wp\/v2\/types\/page"}],"author":[{"embeddable":true,"href":"https:\/\/sendapp.live\/es\/wp-json\/wp\/v2\/users\/1"}],"replies":[{"embeddable":true,"href":"https:\/\/sendapp.live\/es\/wp-json\/wp\/v2\/comments?post=781"}],"version-history":[{"count":5,"href":"https:\/\/sendapp.live\/es\/wp-json\/wp\/v2\/pages\/781\/revisions"}],"predecessor-version":[{"id":33916,"href":"https:\/\/sendapp.live\/es\/wp-json\/wp\/v2\/pages\/781\/revisions\/33916"}],"wp:attachment":[{"href":"https:\/\/sendapp.live\/es\/wp-json\/wp\/v2\/media?parent=781"}],"curies":[{"name":"wp","href":"https:\/\/api.w.org\/{rel}","templated":true}]}}