{"id":12431,"date":"2020-03-03T12:08:34","date_gmt":"2020-03-03T11:08:34","guid":{"rendered":"https:\/\/sendapp.live\/?post_type=product&#038;p=12431"},"modified":"2026-04-08T23:29:48","modified_gmt":"2026-04-08T21:29:48","slug":"sendapp-web-connect-free-sms-whatsapp-gateway-wordpress-plugin","status":"publish","type":"product","link":"https:\/\/sendapp.live\/es\/product\/sendapp-web-connect-free-sms-whatsapp-gateway-wordpress-plugin\/","title":{"rendered":"Sendapp Connect"},"content":{"rendered":"<p>SendApp Connect: env\u00eda notificaciones desde la plataforma de WordPress a trav\u00e9s de mensajes SMS y aplicaciones de chat al cliente y al administrador. instalando <a href=\"https:\/\/sendapp.live\/download\/sendapp-wp.zip\">Plugin de WordPress<\/a> Todas las notificaciones de estado de pedidos, pagos, anuncios, ofertas, nuevos productos se env\u00edan a todos los clientes registrados por mensaje de texto, chat o ambos. El administrador recibe la misma notificaci\u00f3n en su tel\u00e9fono. SendApp Connect es una puerta de enlace de chat y SMS gratuita que le permite estar siempre conectado con sus clientes. Enviar mensajes personalizados, publicitarios e informativos a sus clientes y a\u00fan m\u00e1s a otros contactos con Sendapp Connect es realmente simple.<\/p>\n<p>Lo m\u00e1s importante es que crear la informaci\u00f3n masiva o la campa\u00f1a de marketing para enviar mensajes se vuelve agradable y f\u00e1cil de hacer, por lo que ahorrar\u00e1 tiempo y esfuerzo con SendApp Connect.<br \/>\nAs\u00ed que trabaje con una plataforma de marketing todo en uno que se mantiene al d\u00eda con la comunicaci\u00f3n moderna. No se requieren habilidades t\u00e9cnicas: solo personalice su mensaje con Textos, Im\u00e1genes, Emoji, Video y Enlace para crear una exitosa campa\u00f1a publicitaria con solo unos pocos clics.<\/p>\n<p>Por lo tanto, SendApp permite enviar mensajes de chat desde la PC a todos sus contactos de chat e incluso m\u00e1s a cualquier otra lista de destinatarios importados a SendApp en los siguientes formatos: .vcf. csv. txt * P\u00f3ngase en contacto con Google y Apple.<\/p>\n<p>Tambi\u00e9n puede planificar sus campa\u00f1as de marketing y estar siempre en contacto con sus clientes enviando el mensaje de respuesta autom\u00e1tica y, finalmente, enviar a todos sus clientes el mensaje personalizado con nombre, apellido y otra informaci\u00f3n. Recibir\u00e1 el informe de env\u00edo para verificar si sus mensajes llegan a sus clientes. Luego, puede programar y enviar el mismo mensaje nuevamente solo a contextos que no se pueden entregar. Adem\u00e1s, puede crear la respuesta autom\u00e1tica a sus clientes en funci\u00f3n de la palabra clave en la aplicaci\u00f3n.<\/p>\n<p data-start=\"1176\" data-end=\"1509\">\u26a0\ufe0f Enviar mensajes promocionales en grandes cantidades o a usuarios desconocidos puede resultar en restricciones o suspensiones por parte de WhatsApp, ya que est\u00e1 sujeto a las pol\u00edticas de la plataforma. Para campa\u00f1as publicitarias a gran escala o dirigidas a nuevos clientes potenciales, recomendamos usar SendApp Agent o SendApp Official con la Meta API oficial.<\/p>\n<p>Usando la versi\u00f3n Connect de SendApp es posible:<\/p>\n<ul class=\"features\">\n<li>\u00a0Presentaciones ilimitadas<\/li>\n<li><i class=\"icon-tiny fa fa-check accent-color\"><\/i>\u00a0Para siempre<\/li>\n<li><i class=\"icon-tiny fa fa-check accent-color\"><\/i>\u00a0SMS gratis y Whatsapp Gateway<\/li>\n<li><i class=\"icon-tiny fa fa-check accent-color\"><\/i>\u00a0Wordpress Plugin<\/li>\n<li><i class=\"icon-tiny fa fa-check accent-color\"><\/i>\u00a0Directorio de contactos<\/li>\n<li><i class=\"icon-tiny fa fa-check accent-color\"><\/i>\u00a0Informe de presentaci\u00f3n<\/li>\n<li><i class=\"icon-tiny fa fa-check accent-color\"><\/i>\u00a0Biblioteca de fotos<\/li>\n<li><i class=\"icon-tiny fa fa-check accent-color\"><\/i>\u00a0Foto de archivo gratis<\/li>\n<li><i class=\"icon-tiny fa fa-check accent-color\"><\/i>\u00a0Editor de fotos<\/li>\n<li><i class=\"icon-tiny fa fa-check accent-color\"><\/i>\u00a0Planificaci\u00f3n<\/li>\n<li><i class=\"icon-tiny fa fa-check accent-color\"><\/i>\u00a0Atenci\u00f3n al cliente<\/li>\n<\/ul>\n<p>Obtenga la versi\u00f3n de prueba <a href=\"https:\/\/sendapp.live\/es\/descargas\/sin-sendapp\/\" target=\"_blank\" rel=\"noopener noreferrer\"> AQU\u00cd<\/a><\/p>\n<p>Descargar WordPress Plugin <a href=\"https:\/\/sendapp.live\/download\/sendapp-wp.zip\">AQU\u00cd<\/a><\/p>\n<p><a href=\"https:\/\/youtu.be\/rVoqbJYl6O8\" target=\"_blank\" rel=\"noopener noreferrer\">Como funciona<\/a> Y #8211; VIDEO DE YOUTUBE<\/p>","protected":false},"excerpt":{"rendered":"<p>SendApp Connect: env\u00eda notificaciones desde la plataforma WordPress mediante SMS y aplicaciones de chat a clientes y administradores. Al instalar el plugin gratuito de WordPress, se pueden recibir todas las notificaciones de estado de los pedidos\u2026<\/p>","protected":false},"featured_media":122438,"comment_status":"open","ping_status":"closed","template":"","meta":{"_daim_seo_power":"","_daim_enable_ail":""},"product_brand":[],"product_cat":[15],"product_tag":[2520,2517,21,67,2519,2518,2516],"class_list":{"0":"post-12431","1":"product","2":"type-product","3":"status-publish","4":"has-post-thumbnail","6":"product_cat-sendapp-desktop","7":"product_tag-api-whatsapp","8":"product_tag-sms-woocommerce-notification","9":"product_tag-whatsapp","10":"product_tag-whatsapp-massive-marketing","11":"product_tag-whatsapp-notification","12":"product_tag-whatsapp-woocommerce-notification","13":"product_tag-woocommerce-notification","15":"first","16":"instock","17":"downloadable","18":"virtual","19":"taxable","20":"purchasable","21":"product-type-simple"},"yoast_head":"<!-- This site is optimized with the Yoast SEO Premium plugin v27.5 (Yoast SEO v27.5) - https:\/\/yoast.com\/product\/yoast-seo-premium-wordpress\/ -->\n<title>Sendapp Connect - SendApp - Software Whatsapp Marketing<\/title>\n<meta name=\"description\" content=\"SendApp Connect- invia notifiche dalla piattaforma WordPress tramite messaggi SMS e WhatsApp a cliente e al aministratore. Installando WordPress Plugin Gratuito tutti le notifiche ordini, pagamenti, pubblicit\u00e0, offerti, nuovi prodotti vengono inviati a tutti clienti registrati tramite un sms, o whatsapp, o entrambi.\" \/>\n<meta name=\"robots\" content=\"index, follow, max-snippet:-1, max-image-preview:large, max-video-preview:-1\" \/>\n<link rel=\"canonical\" href=\"https:\/\/sendapp.live\/es\/producto\/sendapp-web-connect-free-sms-whatsapp-gateway-wordpress-plugin\/\" \/>\n<meta property=\"og:locale\" content=\"es_ES\" \/>\n<meta property=\"og:type\" content=\"article\" \/>\n<meta property=\"og:title\" content=\"Sendapp Connect\" \/>\n<meta property=\"og:description\" content=\"SendApp Connect- invia notifiche dalla piattaforma WordPress tramite messaggi SMS e WhatsApp a cliente e al aministratore. Installando WordPress Plugin Gratuito tutti le notifiche ordini, pagamenti, pubblicit\u00e0, offerti, nuovi prodotti vengono inviati a tutti clienti registrati tramite un sms, o whatsapp, o entrambi.\" \/>\n<meta property=\"og:url\" content=\"https:\/\/sendapp.live\/es\/producto\/sendapp-web-connect-free-sms-whatsapp-gateway-wordpress-plugin\/\" \/>\n<meta property=\"og:site_name\" content=\"SendApp - Software Whatsapp Marketing\" \/>\n<meta property=\"article:publisher\" content=\"https:\/\/www.facebook.com\/sendapp.live\" \/>\n<meta property=\"article:modified_time\" content=\"2026-04-08T21:29:48+00:00\" \/>\n<meta property=\"og:image\" content=\"https:\/\/sendapp.live\/wp-content\/uploads\/2020\/03\/connect.png\" \/>\n\t<meta property=\"og:image:width\" content=\"1024\" \/>\n\t<meta property=\"og:image:height\" content=\"1024\" \/>\n\t<meta property=\"og:image:type\" content=\"image\/png\" \/>\n<meta name=\"twitter:card\" content=\"summary_large_image\" \/>\n<meta name=\"twitter:site\" content=\"@sendapp_live\" \/>\n<meta name=\"twitter:label1\" content=\"Tiempo de lectura\" \/>\n\t<meta name=\"twitter:data1\" content=\"2 minutos\" \/>\n<script type=\"application\/ld+json\" class=\"yoast-schema-graph\">{\"@context\":\"https:\\\/\\\/schema.org\",\"@graph\":[{\"@type\":\"WebPage\",\"@id\":\"https:\\\/\\\/sendapp.live\\\/product\\\/sendapp-web-connect-free-sms-whatsapp-gateway-wordpress-plugin\\\/\",\"url\":\"https:\\\/\\\/sendapp.live\\\/product\\\/sendapp-web-connect-free-sms-whatsapp-gateway-wordpress-plugin\\\/\",\"name\":\"Sendapp Connect - SendApp - Software Whatsapp Marketing\",\"isPartOf\":{\"@id\":\"https:\\\/\\\/sendapp.live\\\/it\\\/#website\"},\"primaryImageOfPage\":{\"@id\":\"https:\\\/\\\/sendapp.live\\\/product\\\/sendapp-web-connect-free-sms-whatsapp-gateway-wordpress-plugin\\\/#primaryimage\"},\"image\":{\"@id\":\"https:\\\/\\\/sendapp.live\\\/product\\\/sendapp-web-connect-free-sms-whatsapp-gateway-wordpress-plugin\\\/#primaryimage\"},\"thumbnailUrl\":\"https:\\\/\\\/sendapp.live\\\/wp-content\\\/uploads\\\/2020\\\/03\\\/connect.png\",\"datePublished\":\"2020-03-03T11:08:34+00:00\",\"dateModified\":\"2026-04-08T21:29:48+00:00\",\"description\":\"SendApp Connect- invia notifiche dalla piattaforma WordPress tramite messaggi SMS e WhatsApp a cliente e al aministratore. Installando WordPress Plugin Gratuito tutti le notifiche ordini, pagamenti, pubblicit\u00e0, offerti, nuovi prodotti vengono inviati a tutti clienti registrati tramite un sms, o whatsapp, o entrambi.\",\"breadcrumb\":{\"@id\":\"https:\\\/\\\/sendapp.live\\\/product\\\/sendapp-web-connect-free-sms-whatsapp-gateway-wordpress-plugin\\\/#breadcrumb\"},\"inLanguage\":\"es\",\"potentialAction\":[{\"@type\":\"ReadAction\",\"target\":[\"https:\\\/\\\/sendapp.live\\\/product\\\/sendapp-web-connect-free-sms-whatsapp-gateway-wordpress-plugin\\\/\"]}]},{\"@type\":\"ImageObject\",\"inLanguage\":\"es\",\"@id\":\"https:\\\/\\\/sendapp.live\\\/product\\\/sendapp-web-connect-free-sms-whatsapp-gateway-wordpress-plugin\\\/#primaryimage\",\"url\":\"https:\\\/\\\/sendapp.live\\\/wp-content\\\/uploads\\\/2020\\\/03\\\/connect.png\",\"contentUrl\":\"https:\\\/\\\/sendapp.live\\\/wp-content\\\/uploads\\\/2020\\\/03\\\/connect.png\",\"width\":1024,\"height\":1024},{\"@type\":\"BreadcrumbList\",\"@id\":\"https:\\\/\\\/sendapp.live\\\/product\\\/sendapp-web-connect-free-sms-whatsapp-gateway-wordpress-plugin\\\/#breadcrumb\",\"itemListElement\":[{\"@type\":\"ListItem\",\"position\":1,\"name\":\"Home\",\"item\":\"https:\\\/\\\/sendapp.live\\\/\"},{\"@type\":\"ListItem\",\"position\":2,\"name\":\"Shop\",\"item\":\"https:\\\/\\\/sendapp.live\\\/shop\\\/\"},{\"@type\":\"ListItem\",\"position\":3,\"name\":\"Sendapp Connect\"}]},{\"@type\":\"WebSite\",\"@id\":\"https:\\\/\\\/sendapp.live\\\/it\\\/#website\",\"url\":\"https:\\\/\\\/sendapp.live\\\/it\\\/\",\"name\":\"SendApp\",\"description\":\"Automate Your Messages &amp; Grow Your Business\",\"publisher\":{\"@id\":\"https:\\\/\\\/sendapp.live\\\/it\\\/#organization\"},\"alternateName\":\"SendApp WhatsApp Marketing\",\"potentialAction\":[{\"@type\":\"SearchAction\",\"target\":{\"@type\":\"EntryPoint\",\"urlTemplate\":\"https:\\\/\\\/sendapp.live\\\/it\\\/?s={search_term_string}\"},\"query-input\":{\"@type\":\"PropertyValueSpecification\",\"valueRequired\":true,\"valueName\":\"search_term_string\"}}],\"inLanguage\":\"es\"},{\"@type\":\"Organization\",\"@id\":\"https:\\\/\\\/sendapp.live\\\/it\\\/#organization\",\"name\":\"SendApp\",\"url\":\"https:\\\/\\\/sendapp.live\\\/it\\\/\",\"logo\":{\"@type\":\"ImageObject\",\"inLanguage\":\"es\",\"@id\":\"https:\\\/\\\/sendapp.live\\\/it\\\/#\\\/schema\\\/logo\\\/image\\\/\",\"url\":\"https:\\\/\\\/sendapp.live\\\/wp-content\\\/uploads\\\/2025\\\/04\\\/Logo-Sendapp-300x60-1.png\",\"contentUrl\":\"https:\\\/\\\/sendapp.live\\\/wp-content\\\/uploads\\\/2025\\\/04\\\/Logo-Sendapp-300x60-1.png\",\"width\":300,\"height\":60,\"caption\":\"SendApp\"},\"image\":{\"@id\":\"https:\\\/\\\/sendapp.live\\\/it\\\/#\\\/schema\\\/logo\\\/image\\\/\"},\"sameAs\":[\"https:\\\/\\\/www.facebook.com\\\/sendapp.live\",\"https:\\\/\\\/x.com\\\/sendapp_live\",\"https:\\\/\\\/www.instagram.com\\\/sendapp.live\",\"https:\\\/\\\/www.youtube.com\\\/channel\\\/UC2gaLpi0-OJLG4CFbOr6mLw\",\"https:\\\/\\\/it.trustpilot.com\\\/review\\\/sendapp.live\"],\"description\":\"Piattaforma italiana di WhatsApp Marketing con API ufficiali Meta. Assistente AI, campagne massive, SMS Gateway gratuito, Google Calendar, automazioni. Da \u20ac16\\\/mese senza markup sui messaggi.\",\"email\":\"info@sendapp.live\",\"foundingDate\":\"2016-07-25\"}]}<\/script>\n<!-- \/ Yoast SEO Premium plugin. -->","yoast_head_json":{"title":"Sendapp Connect - SendApp - Software de marketing para Whatsapp","description":"SendApp Connect: env\u00eda notificaciones desde la plataforma WordPress a trav\u00e9s de mensajes SMS y WhatsApp al cliente y al administrador. Al instalar el complemento gratuito de WordPress, todas las notificaciones de pedidos, pagos, anuncios, ofertas y nuevos productos se env\u00edan a todos los clientes registrados a trav\u00e9s de un mensaje de texto, whatsapp o ambos.","robots":{"index":"index","follow":"follow","max-snippet":"max-snippet:-1","max-image-preview":"max-image-preview:large","max-video-preview":"max-video-preview:-1"},"canonical":"https:\/\/sendapp.live\/es\/producto\/sendapp-web-connect-free-sms-whatsapp-gateway-wordpress-plugin\/","og_locale":"es_ES","og_type":"article","og_title":"Sendapp Connect","og_description":"SendApp Connect- invia notifiche dalla piattaforma WordPress tramite messaggi SMS e WhatsApp a cliente e al aministratore. Installando WordPress Plugin Gratuito tutti le notifiche ordini, pagamenti, pubblicit\u00e0, offerti, nuovi prodotti vengono inviati a tutti clienti registrati tramite un sms, o whatsapp, o entrambi.","og_url":"https:\/\/sendapp.live\/es\/producto\/sendapp-web-connect-free-sms-whatsapp-gateway-wordpress-plugin\/","og_site_name":"SendApp - Software Whatsapp Marketing","article_publisher":"https:\/\/www.facebook.com\/sendapp.live","article_modified_time":"2026-04-08T21:29:48+00:00","og_image":[{"width":1024,"height":1024,"url":"https:\/\/sendapp.live\/wp-content\/uploads\/2020\/03\/connect.png","type":"image\/png"}],"twitter_card":"summary_large_image","twitter_site":"@sendapp_live","twitter_misc":{"Tiempo de lectura":"2 minutos"},"schema":{"@context":"https:\/\/schema.org","@graph":[{"@type":"WebPage","@id":"https:\/\/sendapp.live\/product\/sendapp-web-connect-free-sms-whatsapp-gateway-wordpress-plugin\/","url":"https:\/\/sendapp.live\/product\/sendapp-web-connect-free-sms-whatsapp-gateway-wordpress-plugin\/","name":"Sendapp Connect - SendApp - Software de marketing para Whatsapp","isPartOf":{"@id":"https:\/\/sendapp.live\/it\/#website"},"primaryImageOfPage":{"@id":"https:\/\/sendapp.live\/product\/sendapp-web-connect-free-sms-whatsapp-gateway-wordpress-plugin\/#primaryimage"},"image":{"@id":"https:\/\/sendapp.live\/product\/sendapp-web-connect-free-sms-whatsapp-gateway-wordpress-plugin\/#primaryimage"},"thumbnailUrl":"https:\/\/sendapp.live\/wp-content\/uploads\/2020\/03\/connect.png","datePublished":"2020-03-03T11:08:34+00:00","dateModified":"2026-04-08T21:29:48+00:00","description":"SendApp Connect: env\u00eda notificaciones desde la plataforma WordPress a trav\u00e9s de mensajes SMS y WhatsApp al cliente y al administrador. Al instalar el complemento gratuito de WordPress, todas las notificaciones de pedidos, pagos, anuncios, ofertas y nuevos productos se env\u00edan a todos los clientes registrados a trav\u00e9s de un mensaje de texto, whatsapp o ambos.","breadcrumb":{"@id":"https:\/\/sendapp.live\/product\/sendapp-web-connect-free-sms-whatsapp-gateway-wordpress-plugin\/#breadcrumb"},"inLanguage":"es","potentialAction":[{"@type":"ReadAction","target":["https:\/\/sendapp.live\/product\/sendapp-web-connect-free-sms-whatsapp-gateway-wordpress-plugin\/"]}]},{"@type":"ImageObject","inLanguage":"es","@id":"https:\/\/sendapp.live\/product\/sendapp-web-connect-free-sms-whatsapp-gateway-wordpress-plugin\/#primaryimage","url":"https:\/\/sendapp.live\/wp-content\/uploads\/2020\/03\/connect.png","contentUrl":"https:\/\/sendapp.live\/wp-content\/uploads\/2020\/03\/connect.png","width":1024,"height":1024},{"@type":"BreadcrumbList","@id":"https:\/\/sendapp.live\/product\/sendapp-web-connect-free-sms-whatsapp-gateway-wordpress-plugin\/#breadcrumb","itemListElement":[{"@type":"ListItem","position":1,"name":"Home","item":"https:\/\/sendapp.live\/"},{"@type":"ListItem","position":2,"name":"Shop","item":"https:\/\/sendapp.live\/shop\/"},{"@type":"ListItem","position":3,"name":"Sendapp Connect"}]},{"@type":"WebSite","@id":"https:\/\/sendapp.live\/it\/#website","url":"https:\/\/sendapp.live\/it\/","name":"SendApp","description":"Automatice sus mensajes y haga crecer su negocio","publisher":{"@id":"https:\/\/sendapp.live\/it\/#organization"},"alternateName":"SendApp WhatsApp Marketing","potentialAction":[{"@type":"SearchAction","target":{"@type":"EntryPoint","urlTemplate":"https:\/\/sendapp.live\/it\/?s={search_term_string}"},"query-input":{"@type":"PropertyValueSpecification","valueRequired":true,"valueName":"search_term_string"}}],"inLanguage":"es"},{"@type":"Organization","@id":"https:\/\/sendapp.live\/it\/#organization","name":"SendApp","url":"https:\/\/sendapp.live\/it\/","logo":{"@type":"ImageObject","inLanguage":"es","@id":"https:\/\/sendapp.live\/it\/#\/schema\/logo\/image\/","url":"https:\/\/sendapp.live\/wp-content\/uploads\/2025\/04\/Logo-Sendapp-300x60-1.png","contentUrl":"https:\/\/sendapp.live\/wp-content\/uploads\/2025\/04\/Logo-Sendapp-300x60-1.png","width":300,"height":60,"caption":"SendApp"},"image":{"@id":"https:\/\/sendapp.live\/it\/#\/schema\/logo\/image\/"},"sameAs":["https:\/\/www.facebook.com\/sendapp.live","https:\/\/x.com\/sendapp_live","https:\/\/www.instagram.com\/sendapp.live","https:\/\/www.youtube.com\/channel\/UC2gaLpi0-OJLG4CFbOr6mLw","https:\/\/it.trustpilot.com\/review\/sendapp.live"],"description":"Plataforma italiana de marketing por WhatsApp con API Meta oficial. Asistente de IA, campa\u00f1as masivas, pasarela SMS gratuita, Google Calendar, automatizaciones. Desde 16 \u20ac\/mes sin recargo por mensaje.","email":"info@sendapp.live","foundingDate":"2016-07-25"}]}},"_links":{"self":[{"href":"https:\/\/sendapp.live\/es\/wp-json\/wp\/v2\/product\/12431","targetHints":{"allow":["GET"]}}],"collection":[{"href":"https:\/\/sendapp.live\/es\/wp-json\/wp\/v2\/product"}],"about":[{"href":"https:\/\/sendapp.live\/es\/wp-json\/wp\/v2\/types\/product"}],"replies":[{"embeddable":true,"href":"https:\/\/sendapp.live\/es\/wp-json\/wp\/v2\/comments?post=12431"}],"wp:featuredmedia":[{"embeddable":true,"href":"https:\/\/sendapp.live\/es\/wp-json\/wp\/v2\/media\/122438"}],"wp:attachment":[{"href":"https:\/\/sendapp.live\/es\/wp-json\/wp\/v2\/media?parent=12431"}],"wp:term":[{"taxonomy":"product_brand","embeddable":true,"href":"https:\/\/sendapp.live\/es\/wp-json\/wp\/v2\/product_brand?post=12431"},{"taxonomy":"product_cat","embeddable":true,"href":"https:\/\/sendapp.live\/es\/wp-json\/wp\/v2\/product_cat?post=12431"},{"taxonomy":"product_tag","embeddable":true,"href":"https:\/\/sendapp.live\/es\/wp-json\/wp\/v2\/product_tag?post=12431"}],"curies":[{"name":"wp","href":"https:\/\/api.w.org\/{rel}","templated":true}]}}