{"id":474,"date":"2019-05-22T13:33:25","date_gmt":"2019-05-22T11:33:25","guid":{"rendered":"https:\/\/sendapp.live\/?post_type=product&#038;p=474"},"modified":"2026-04-08T23:29:53","modified_gmt":"2026-04-08T21:29:53","slug":"sendapp-prueba-gratuita","status":"publish","type":"product","link":"https:\/\/sendapp.live\/es\/product\/sendapp-free-trial\/","title":{"rendered":"SendApp Free"},"content":{"rendered":"<p>SendApp FREE: env\u00ede mensajes con la aplicaci\u00f3n de mensajer\u00eda. Enviar mensajes personalizados, publicitarios e informativos a tus contactos de chat y a\u00fan m\u00e1s a otros contactos con Sendapp a trav\u00e9s de Whatsapp es realmente sencillo.<\/p>\n<p>Lo m\u00e1s importante es que la creaci\u00f3n de la campa\u00f1a de marketing masiva para el #8217; enviar mensajes se vuelve agradable y f\u00e1cil de hacer, por lo que ahorrar\u00e1 tiempo y esfuerzo con SendApp.<br \/>\nAs\u00ed que trabaje con una plataforma de marketing todo en uno que se mantiene al d\u00eda con la comunicaci\u00f3n moderna. No se requieren habilidades t\u00e9cnicas: solo personalice su mensaje con Textos, Im\u00e1genes, Emoji, Video y Enlace para crear una exitosa campa\u00f1a publicitaria con solo unos pocos clics.<\/p>\n<p>Por lo tanto, SendApp permite enviar mensajes de chat desde la PC a todos sus contactos de chat e incluso m\u00e1s a cualquier otra lista de destinatarios importados a SendApp en los siguientes formatos: .vcf. csv. txt * P\u00f3ngase en contacto con Google y Apple.<\/p>\n<p>Tambi\u00e9n puede planificar sus campa\u00f1as de marketing y estar siempre en contacto con sus clientes enviando el mensaje de respuesta autom\u00e1tica y, finalmente, enviar a todos sus clientes el mensaje personalizado con nombre, apellido y otra informaci\u00f3n. Recibir\u00e1 el informe de env\u00edo para verificar si sus mensajes llegan a sus clientes. Luego, puede programar y enviar el mismo mensaje nuevamente solo a contextos que no se pueden entregar. Adem\u00e1s, puede crear la respuesta autom\u00e1tica a sus clientes en funci\u00f3n de la palabra clave en la aplicaci\u00f3n.<\/p>\n<p>Usando la versi\u00f3n de prueba GRATUITA de SendApp puedes:<\/p>\n<div class=\"wpb_text_column wpb_content_element vc_custom_1561030909334\">\n<div class=\"wpb_wrapper\">\n<ul class=\"features\">\n<li>20 Env\u00edos autom\u00e1ticos<\/li>\n<li><i class=\"icon-tiny fa fa-check accent-color\"><\/i>\u00a0Prueba de 7 d\u00edas<\/li>\n<li><i class=\"icon-tiny fa fa-check accent-color\"><\/i> Directorio de contactos<\/li>\n<li><i class=\"icon-tiny fa fa-check accent-color\"><\/i> Informe de presentaci\u00f3n<\/li>\n<li><i class=\"icon-tiny fa fa-check accent-color\"><\/i> Biblioteca de fotos<\/li>\n<li><i class=\"icon-tiny fa fa-check accent-color\"><\/i>\u00a0Foto de archivo gratis<\/li>\n<li><i class=\"icon-tiny fa fa-check accent-color\"><\/i> Editor de fotos<\/li>\n<li><del><i class=\"icon-tiny fa fa-check accent-color\"><\/i> <del>Planificaci\u00f3n<\/del><\/del><\/li>\n<li><del><i class=\"icon-tiny fa fa-check accent-color\"><\/i>\u00a0Atenci\u00f3n al cliente<\/del><\/li>\n<\/ul>\n<\/div>\n<p><a href=\"https:\/\/youtu.be\/zag9AJnsq8w\" target=\"_blank\" rel=\"noopener noreferrer\">Como funciona<\/a> Y #8211; VIDEO DE YOUTUBE<\/p>\n<p>Cuando necesite enviar mensajes masivos, use nuestra aplicaci\u00f3n SendApp Desktop Win y MAC:<\/p>\n<p>Versi\u00f3n profesional de SendApp <a href=\"https:\/\/sendapp.live\/es\/producto\/sendapp-professional\/\" target=\"_blank\" rel=\"noopener noreferrer\">AQU\u00cd<\/a><br \/>\nVersi\u00f3n de SendApp Business <a href=\"https:\/\/sendapp.live\/es\/producto\/sendapp-business-whatsapp-massive-message-sending-campaign\/\" target=\"_blank\" rel=\"noopener noreferrer\">AQU\u00cd<\/a><\/p>\n<\/div>\n<div class=\"wpb_text_column wpb_content_element vc_custom_1561030909334\">\n<p>&nbsp;<\/p>\n<\/div>","protected":false},"excerpt":{"rendered":"<p>SendApp GRATIS: Env\u00eda mensajes con apps de mensajer\u00eda. Env\u00eda mensajes personalizados, promocionales e informativos a tus contactos de chat y mucho m\u00e1s a otros contactos con Sendapp a trav\u00e9s de\u2026<\/p>","protected":false},"featured_media":122441,"comment_status":"open","ping_status":"closed","template":"","meta":{"_daim_seo_power":"","_daim_enable_ail":""},"product_brand":[],"product_cat":[15],"product_tag":[103,82,97,105,93,80,86,69,68,95,94,85,92,102,79,100,104,89,75,91,87,90,88,101,99,98,106,73,67,81,96],"class_list":{"0":"post-474","1":"product","2":"type-product","3":"status-publish","4":"has-post-thumbnail","6":"product_cat-sendapp-desktop","7":"product_tag-auto-responce-message","8":"product_tag-bulk-message","9":"product_tag-custom-message-sending","10":"product_tag-google-contacts","11":"product_tag-how-to-create-massive-sending-campaign","12":"product_tag-how-to-message","13":"product_tag-info-campaign","14":"product_tag-marketing-campaign","15":"product_tag-massive-marketing","16":"product_tag-massive-message","17":"product_tag-massive-sendings","18":"product_tag-publicity-campaign","19":"product_tag-schedule-message-campaign","20":"product_tag-send-emoji","21":"product_tag-send-message","22":"product_tag-send-text-message","23":"product_tag-send-whatsapp-messages-from-pc","24":"product_tag-sendapp-android","25":"product_tag-sendapp-bussiness","26":"product_tag-sendapp-desktop","27":"product_tag-sendapp-free","28":"product_tag-sendapp-iphone","29":"product_tag-sendapp-trial","30":"product_tag-sending-link","31":"product_tag-sending-pdf","32":"product_tag-sending-report","33":"product_tag-wantapp-web","34":"product_tag-whatsapp-chat","35":"product_tag-whatsapp-massive-marketing","36":"product_tag-whatsapp-message","37":"product_tag-whatsapp-schedule-message","39":"first","40":"instock","41":"downloadable","42":"virtual","43":"taxable","44":"purchasable","45":"product-type-simple"},"yoast_head":"<!-- This site is optimized with the Yoast SEO Premium plugin v27.5 (Yoast SEO v27.5) - https:\/\/yoast.com\/product\/yoast-seo-premium-wordpress\/ -->\n<title>SendApp Free invii messaggi whatsapp- SendApp - Software Whatsapp Marketing<\/title>\n<meta name=\"description\" content=\"SendApp GRATUITO - invii messaggi personalizzati con WhatsApp, invii messaggi info e publicitari a contatti WhatsApp e a contatti importati nell SendApp\" \/>\n<meta name=\"robots\" content=\"index, follow, max-snippet:-1, max-image-preview:large, max-video-preview:-1\" \/>\n<link rel=\"canonical\" href=\"https:\/\/sendapp.live\/es\/producto\/sendapp-prueba-gratuita\/\" \/>\n<meta property=\"og:locale\" content=\"es_ES\" \/>\n<meta property=\"og:type\" content=\"article\" \/>\n<meta property=\"og:title\" content=\"SendApp Free\" \/>\n<meta property=\"og:description\" content=\"SendApp GRATUITO - invii messaggi personalizzati con WhatsApp, invii messaggi info e publicitari a contatti WhatsApp e a contatti importati nell SendApp\" \/>\n<meta property=\"og:url\" content=\"https:\/\/sendapp.live\/es\/producto\/sendapp-prueba-gratuita\/\" \/>\n<meta property=\"og:site_name\" content=\"SendApp - Software Whatsapp Marketing\" \/>\n<meta property=\"article:publisher\" content=\"https:\/\/www.facebook.com\/sendapp.live\" \/>\n<meta property=\"article:modified_time\" content=\"2026-04-08T21:29:53+00:00\" \/>\n<meta property=\"og:image\" content=\"https:\/\/sendapp.live\/wp-content\/uploads\/2019\/05\/free.png\" \/>\n\t<meta property=\"og:image:width\" content=\"1024\" \/>\n\t<meta property=\"og:image:height\" content=\"1024\" \/>\n\t<meta property=\"og:image:type\" content=\"image\/png\" \/>\n<meta name=\"twitter:card\" content=\"summary_large_image\" \/>\n<meta name=\"twitter:site\" content=\"@sendapp_live\" \/>\n<meta name=\"twitter:label1\" content=\"Tiempo de lectura\" \/>\n\t<meta name=\"twitter:data1\" content=\"2 minutos\" \/>\n<script type=\"application\/ld+json\" class=\"yoast-schema-graph\">{\"@context\":\"https:\\\/\\\/schema.org\",\"@graph\":[{\"@type\":\"WebPage\",\"@id\":\"https:\\\/\\\/sendapp.live\\\/product\\\/sendapp-free-trial\\\/\",\"url\":\"https:\\\/\\\/sendapp.live\\\/product\\\/sendapp-free-trial\\\/\",\"name\":\"SendApp Free invii messaggi whatsapp- SendApp - Software Whatsapp Marketing\",\"isPartOf\":{\"@id\":\"https:\\\/\\\/sendapp.live\\\/it\\\/#website\"},\"primaryImageOfPage\":{\"@id\":\"https:\\\/\\\/sendapp.live\\\/product\\\/sendapp-free-trial\\\/#primaryimage\"},\"image\":{\"@id\":\"https:\\\/\\\/sendapp.live\\\/product\\\/sendapp-free-trial\\\/#primaryimage\"},\"thumbnailUrl\":\"https:\\\/\\\/sendapp.live\\\/wp-content\\\/uploads\\\/2019\\\/05\\\/free.png\",\"datePublished\":\"2019-05-22T11:33:25+00:00\",\"dateModified\":\"2026-04-08T21:29:53+00:00\",\"description\":\"SendApp GRATUITO - invii messaggi personalizzati con WhatsApp, invii messaggi info e publicitari a contatti WhatsApp e a contatti importati nell SendApp\",\"breadcrumb\":{\"@id\":\"https:\\\/\\\/sendapp.live\\\/product\\\/sendapp-free-trial\\\/#breadcrumb\"},\"inLanguage\":\"es\",\"potentialAction\":[{\"@type\":\"ReadAction\",\"target\":[\"https:\\\/\\\/sendapp.live\\\/product\\\/sendapp-free-trial\\\/\"]}]},{\"@type\":\"ImageObject\",\"inLanguage\":\"es\",\"@id\":\"https:\\\/\\\/sendapp.live\\\/product\\\/sendapp-free-trial\\\/#primaryimage\",\"url\":\"https:\\\/\\\/sendapp.live\\\/wp-content\\\/uploads\\\/2019\\\/05\\\/free.png\",\"contentUrl\":\"https:\\\/\\\/sendapp.live\\\/wp-content\\\/uploads\\\/2019\\\/05\\\/free.png\",\"width\":1024,\"height\":1024},{\"@type\":\"BreadcrumbList\",\"@id\":\"https:\\\/\\\/sendapp.live\\\/product\\\/sendapp-free-trial\\\/#breadcrumb\",\"itemListElement\":[{\"@type\":\"ListItem\",\"position\":1,\"name\":\"Home\",\"item\":\"https:\\\/\\\/sendapp.live\\\/\"},{\"@type\":\"ListItem\",\"position\":2,\"name\":\"Shop\",\"item\":\"https:\\\/\\\/sendapp.live\\\/shop\\\/\"},{\"@type\":\"ListItem\",\"position\":3,\"name\":\"SendApp Free\"}]},{\"@type\":\"WebSite\",\"@id\":\"https:\\\/\\\/sendapp.live\\\/it\\\/#website\",\"url\":\"https:\\\/\\\/sendapp.live\\\/it\\\/\",\"name\":\"SendApp\",\"description\":\"Automate Your Messages &amp; Grow Your Business\",\"publisher\":{\"@id\":\"https:\\\/\\\/sendapp.live\\\/it\\\/#organization\"},\"alternateName\":\"SendApp WhatsApp Marketing\",\"potentialAction\":[{\"@type\":\"SearchAction\",\"target\":{\"@type\":\"EntryPoint\",\"urlTemplate\":\"https:\\\/\\\/sendapp.live\\\/it\\\/?s={search_term_string}\"},\"query-input\":{\"@type\":\"PropertyValueSpecification\",\"valueRequired\":true,\"valueName\":\"search_term_string\"}}],\"inLanguage\":\"es\"},{\"@type\":\"Organization\",\"@id\":\"https:\\\/\\\/sendapp.live\\\/it\\\/#organization\",\"name\":\"SendApp\",\"url\":\"https:\\\/\\\/sendapp.live\\\/it\\\/\",\"logo\":{\"@type\":\"ImageObject\",\"inLanguage\":\"es\",\"@id\":\"https:\\\/\\\/sendapp.live\\\/it\\\/#\\\/schema\\\/logo\\\/image\\\/\",\"url\":\"https:\\\/\\\/sendapp.live\\\/wp-content\\\/uploads\\\/2025\\\/04\\\/Logo-Sendapp-300x60-1.png\",\"contentUrl\":\"https:\\\/\\\/sendapp.live\\\/wp-content\\\/uploads\\\/2025\\\/04\\\/Logo-Sendapp-300x60-1.png\",\"width\":300,\"height\":60,\"caption\":\"SendApp\"},\"image\":{\"@id\":\"https:\\\/\\\/sendapp.live\\\/it\\\/#\\\/schema\\\/logo\\\/image\\\/\"},\"sameAs\":[\"https:\\\/\\\/www.facebook.com\\\/sendapp.live\",\"https:\\\/\\\/x.com\\\/sendapp_live\",\"https:\\\/\\\/www.instagram.com\\\/sendapp.live\",\"https:\\\/\\\/www.youtube.com\\\/channel\\\/UC2gaLpi0-OJLG4CFbOr6mLw\",\"https:\\\/\\\/it.trustpilot.com\\\/review\\\/sendapp.live\"],\"description\":\"Piattaforma italiana di WhatsApp Marketing con API ufficiali Meta. Assistente AI, campagne massive, SMS Gateway gratuito, Google Calendar, automazioni. Da \u20ac16\\\/mese senza markup sui messaggi.\",\"email\":\"info@sendapp.live\",\"foundingDate\":\"2016-07-25\"}]}<\/script>\n<!-- \/ Yoast SEO Premium plugin. -->","yoast_head_json":{"title":"SendApp Env\u00eda mensajes de WhatsApp gratis - SendApp - Software de marketing para Whatsapp","description":"SendApp GRATIS: env\u00ede mensajes personalizados con WhatsApp, env\u00ede informaci\u00f3n y mensajes publicitarios a contactos de WhatsApp y contactos importados a SendApp","robots":{"index":"index","follow":"follow","max-snippet":"max-snippet:-1","max-image-preview":"max-image-preview:large","max-video-preview":"max-video-preview:-1"},"canonical":"https:\/\/sendapp.live\/es\/producto\/sendapp-prueba-gratuita\/","og_locale":"es_ES","og_type":"article","og_title":"SendApp Free","og_description":"SendApp GRATUITO - invii messaggi personalizzati con WhatsApp, invii messaggi info e publicitari a contatti WhatsApp e a contatti importati nell SendApp","og_url":"https:\/\/sendapp.live\/es\/producto\/sendapp-prueba-gratuita\/","og_site_name":"SendApp - Software Whatsapp Marketing","article_publisher":"https:\/\/www.facebook.com\/sendapp.live","article_modified_time":"2026-04-08T21:29:53+00:00","og_image":[{"width":1024,"height":1024,"url":"https:\/\/sendapp.live\/wp-content\/uploads\/2019\/05\/free.png","type":"image\/png"}],"twitter_card":"summary_large_image","twitter_site":"@sendapp_live","twitter_misc":{"Tiempo de lectura":"2 minutos"},"schema":{"@context":"https:\/\/schema.org","@graph":[{"@type":"WebPage","@id":"https:\/\/sendapp.live\/product\/sendapp-free-trial\/","url":"https:\/\/sendapp.live\/product\/sendapp-free-trial\/","name":"SendApp Env\u00eda mensajes de WhatsApp gratis - SendApp - Software de marketing para Whatsapp","isPartOf":{"@id":"https:\/\/sendapp.live\/it\/#website"},"primaryImageOfPage":{"@id":"https:\/\/sendapp.live\/product\/sendapp-free-trial\/#primaryimage"},"image":{"@id":"https:\/\/sendapp.live\/product\/sendapp-free-trial\/#primaryimage"},"thumbnailUrl":"https:\/\/sendapp.live\/wp-content\/uploads\/2019\/05\/free.png","datePublished":"2019-05-22T11:33:25+00:00","dateModified":"2026-04-08T21:29:53+00:00","description":"SendApp GRATIS: env\u00ede mensajes personalizados con WhatsApp, env\u00ede informaci\u00f3n y mensajes publicitarios a contactos de WhatsApp y contactos importados a SendApp","breadcrumb":{"@id":"https:\/\/sendapp.live\/product\/sendapp-free-trial\/#breadcrumb"},"inLanguage":"es","potentialAction":[{"@type":"ReadAction","target":["https:\/\/sendapp.live\/product\/sendapp-free-trial\/"]}]},{"@type":"ImageObject","inLanguage":"es","@id":"https:\/\/sendapp.live\/product\/sendapp-free-trial\/#primaryimage","url":"https:\/\/sendapp.live\/wp-content\/uploads\/2019\/05\/free.png","contentUrl":"https:\/\/sendapp.live\/wp-content\/uploads\/2019\/05\/free.png","width":1024,"height":1024},{"@type":"BreadcrumbList","@id":"https:\/\/sendapp.live\/product\/sendapp-free-trial\/#breadcrumb","itemListElement":[{"@type":"ListItem","position":1,"name":"Home","item":"https:\/\/sendapp.live\/"},{"@type":"ListItem","position":2,"name":"Shop","item":"https:\/\/sendapp.live\/shop\/"},{"@type":"ListItem","position":3,"name":"SendApp Free"}]},{"@type":"WebSite","@id":"https:\/\/sendapp.live\/it\/#website","url":"https:\/\/sendapp.live\/it\/","name":"SendApp","description":"Automatice sus mensajes y haga crecer su negocio","publisher":{"@id":"https:\/\/sendapp.live\/it\/#organization"},"alternateName":"SendApp WhatsApp Marketing","potentialAction":[{"@type":"SearchAction","target":{"@type":"EntryPoint","urlTemplate":"https:\/\/sendapp.live\/it\/?s={search_term_string}"},"query-input":{"@type":"PropertyValueSpecification","valueRequired":true,"valueName":"search_term_string"}}],"inLanguage":"es"},{"@type":"Organization","@id":"https:\/\/sendapp.live\/it\/#organization","name":"SendApp","url":"https:\/\/sendapp.live\/it\/","logo":{"@type":"ImageObject","inLanguage":"es","@id":"https:\/\/sendapp.live\/it\/#\/schema\/logo\/image\/","url":"https:\/\/sendapp.live\/wp-content\/uploads\/2025\/04\/Logo-Sendapp-300x60-1.png","contentUrl":"https:\/\/sendapp.live\/wp-content\/uploads\/2025\/04\/Logo-Sendapp-300x60-1.png","width":300,"height":60,"caption":"SendApp"},"image":{"@id":"https:\/\/sendapp.live\/it\/#\/schema\/logo\/image\/"},"sameAs":["https:\/\/www.facebook.com\/sendapp.live","https:\/\/x.com\/sendapp_live","https:\/\/www.instagram.com\/sendapp.live","https:\/\/www.youtube.com\/channel\/UC2gaLpi0-OJLG4CFbOr6mLw","https:\/\/it.trustpilot.com\/review\/sendapp.live"],"description":"Plataforma italiana de marketing por WhatsApp con API Meta oficial. Asistente de IA, campa\u00f1as masivas, pasarela SMS gratuita, Google Calendar, automatizaciones. Desde 16 \u20ac\/mes sin recargo por mensaje.","email":"info@sendapp.live","foundingDate":"2016-07-25"}]}},"_links":{"self":[{"href":"https:\/\/sendapp.live\/es\/wp-json\/wp\/v2\/product\/474","targetHints":{"allow":["GET"]}}],"collection":[{"href":"https:\/\/sendapp.live\/es\/wp-json\/wp\/v2\/product"}],"about":[{"href":"https:\/\/sendapp.live\/es\/wp-json\/wp\/v2\/types\/product"}],"replies":[{"embeddable":true,"href":"https:\/\/sendapp.live\/es\/wp-json\/wp\/v2\/comments?post=474"}],"wp:featuredmedia":[{"embeddable":true,"href":"https:\/\/sendapp.live\/es\/wp-json\/wp\/v2\/media\/122441"}],"wp:attachment":[{"href":"https:\/\/sendapp.live\/es\/wp-json\/wp\/v2\/media?parent=474"}],"wp:term":[{"taxonomy":"product_brand","embeddable":true,"href":"https:\/\/sendapp.live\/es\/wp-json\/wp\/v2\/product_brand?post=474"},{"taxonomy":"product_cat","embeddable":true,"href":"https:\/\/sendapp.live\/es\/wp-json\/wp\/v2\/product_cat?post=474"},{"taxonomy":"product_tag","embeddable":true,"href":"https:\/\/sendapp.live\/es\/wp-json\/wp\/v2\/product_tag?post=474"}],"curies":[{"name":"wp","href":"https:\/\/api.w.org\/{rel}","templated":true}]}}