{"id":580,"date":"2019-05-22T19:31:11","date_gmt":"2019-05-22T17:31:11","guid":{"rendered":"https:\/\/sendapp.live\/?post_type=product&#038;p=580"},"modified":"2026-04-08T23:29:34","modified_gmt":"2026-04-08T21:29:34","slug":"sendapp-negocio-enviar-mensaje-whatsapp","status":"publish","type":"product","link":"https:\/\/sendapp.live\/es\/product\/sendapp-business-inviare-messaggi-whatsapp\/","title":{"rendered":"SendApp Business"},"content":{"rendered":"<p>SendApp Business: env\u00ede mensajes con Whatsapp. Enviar mensajes personalizados, publicitarios e informativos a contactos de chat e incluso m\u00e1s a otros contactos con Sendapp es realmente sencillo.<\/p>\n<p>Lo m\u00e1s importante es que la creaci\u00f3n de la campa\u00f1a de marketing masiva para el #8217; enviar mensajes se vuelve agradable y f\u00e1cil de hacer, por lo que ahorrar\u00e1 tiempo y esfuerzo con SendApp.<br \/>\nAs\u00ed que trabaje con una plataforma de marketing todo en uno que se mantiene al d\u00eda con la comunicaci\u00f3n moderna. No se requieren habilidades t\u00e9cnicas: solo personalice su mensaje con Textos, Im\u00e1genes, Emoji, Video y Enlace para crear una exitosa campa\u00f1a publicitaria con solo unos pocos clics.<\/p>\n<p>Por lo tanto, SendApp le permiti\u00f3 enviar mensajes de chat desde su PC con Whatsapp a todos sus contactos de chat y a\u00fan m\u00e1s a cualquier otra lista de destinatarios importada a SendApp en los siguientes formatos: .vcf. csv. txt * Contactos de Google y Apple.<\/p>\n<p>Tambi\u00e9n puede planificar sus campa\u00f1as de marketing y estar siempre en contacto con sus clientes enviando el mensaje de respuesta autom\u00e1tica y, finalmente, enviar a todos sus clientes el mensaje personalizado con nombre, apellido y otra informaci\u00f3n. Recibir\u00e1 el informe de env\u00edo para verificar si sus mensajes llegan a sus clientes. Luego, puede programar y enviar el mismo mensaje nuevamente solo a contextos que no se pueden entregar. Adem\u00e1s, puede crear la respuesta autom\u00e1tica a sus clientes en funci\u00f3n de la palabra clave en la aplicaci\u00f3n.<\/p>\n<p data-start=\"1176\" data-end=\"1509\">\u26a0\ufe0f Enviar mensajes promocionales en grandes cantidades o a usuarios desconocidos puede resultar en restricciones o suspensiones por parte de WhatsApp, ya que est\u00e1 sujeto a las pol\u00edticas de la plataforma. Para campa\u00f1as publicitarias a gran escala o dirigidas a nuevos clientes potenciales, recomendamos usar SendApp Agent o SendApp Official con la Meta API oficial.<\/p>\n<p>Es posible usar la versi\u00f3n BUS de SendApp:<\/p>\n<ul class=\"features\">\n<li>\u00a0Presentaciones ilimitadas<\/li>\n<li><i class=\"icon-tiny fa fa-check accent-color\"><\/i> Para siempre<\/li>\n<li><i class=\"icon-tiny fa fa-check accent-color\"><\/i>\u00a0Directorio de contactos<\/li>\n<li><i class=\"icon-tiny fa fa-check accent-color\"><\/i>\u00a0Informe de presentaci\u00f3n<\/li>\n<li><i class=\"icon-tiny fa fa-check accent-color\"><\/i>\u00a0Biblioteca de fotos<\/li>\n<li><i class=\"icon-tiny fa fa-check accent-color\"><\/i>\u00a0Foto de archivo gratis<\/li>\n<li><i class=\"icon-tiny fa fa-check accent-color\"><\/i>\u00a0Editor de fotos<\/li>\n<li><i class=\"icon-tiny fa fa-check accent-color\"><\/i> Planificaci\u00f3n<\/li>\n<li><i class=\"icon-tiny fa fa-check accent-color\"><\/i> Atenci\u00f3n al cliente<\/li>\n<\/ul>\n<p>Obtenga la versi\u00f3n de prueba <a href=\"https:\/\/sendapp.live\/es\/descargas\/sin-sendapp\/\" target=\"_blank\" rel=\"noopener noreferrer\"> AQU\u00cd<\/a><\/p>\n<p>VIDEO DE YOUTUBE:<\/p>\n<p><a href=\"https:\/\/youtu.be\/zag9AJnsq8w\" target=\"_blank\" rel=\"noopener noreferrer\">Como funciona<\/a><\/p>\n<p><a href=\"https:\/\/youtu.be\/m-AMWODzQPY\">Env\u00edo de SMS\u00a0<\/a><\/p>\n<p><a href=\"https:\/\/youtu.be\/M3QVS6m0Wxw\">Click to Chat<\/a><\/p>","protected":false},"excerpt":{"rendered":"<p>SendApp Business: env\u00eda mensajes con WhatsApp. Enviar mensajes personalizados, promocionales e informativos a tus contactos de chat, y a\u00fan m\u00e1s a otros contactos, es incre\u00edblemente f\u00e1cil con Sendapp. El\u2026<\/p>","protected":false},"featured_media":122439,"comment_status":"open","ping_status":"closed","template":"","meta":{"_daim_seo_power":"","_daim_enable_ail":""},"product_brand":[],"product_cat":[15],"product_tag":[74,80,78,76,69,68,70,72,77,79,71,75,21,73,67,81],"class_list":{"0":"post-580","1":"product","2":"type-product","3":"status-publish","4":"has-post-thumbnail","6":"product_cat-sendapp-desktop","7":"product_tag-come-mandare-messaggi","8":"product_tag-how-to-message","9":"product_tag-how-to-send","10":"product_tag-mandare-messaggi-con-sendapp","11":"product_tag-marketing-campaign","12":"product_tag-massive-marketing","13":"product_tag-massive-message-sending","14":"product_tag-message-sending","15":"product_tag-messaggi-con-sendapp-bussiness","16":"product_tag-send-message","17":"product_tag-sendapp","18":"product_tag-sendapp-bussiness","19":"product_tag-whatsapp","20":"product_tag-whatsapp-chat","21":"product_tag-whatsapp-massive-marketing","22":"product_tag-whatsapp-message","24":"first","25":"instock","26":"downloadable","27":"virtual","28":"taxable","29":"purchasable","30":"product-type-simple"},"yoast_head":"<!-- This site is optimized with the Yoast SEO Premium plugin v27.5 (Yoast SEO v27.5) - https:\/\/yoast.com\/product\/yoast-seo-premium-wordpress\/ -->\n<title>SendApp Business inviare messaggi WhatsApp- SendApp - Software Whatsapp Marketing<\/title>\n<meta name=\"description\" content=\"SendApp Business - inviare messaggi personalizzati con WhatsApp, inviare messaggi info e publicitari a contatti WhatsApp e a contatti importati nell SendApp\" \/>\n<meta name=\"robots\" content=\"index, follow, max-snippet:-1, max-image-preview:large, max-video-preview:-1\" \/>\n<link rel=\"canonical\" href=\"https:\/\/sendapp.live\/es\/producto\/sendapp-negocio-enviar-mensaje-whatsapp\/\" \/>\n<meta property=\"og:locale\" content=\"es_ES\" \/>\n<meta property=\"og:type\" content=\"article\" \/>\n<meta property=\"og:title\" content=\"SendApp Business\" \/>\n<meta property=\"og:description\" content=\"SendApp Business - inviare messaggi personalizzati con WhatsApp, inviare messaggi info e publicitari a contatti WhatsApp e a contatti importati nell SendApp\" \/>\n<meta property=\"og:url\" content=\"https:\/\/sendapp.live\/es\/producto\/sendapp-negocio-enviar-mensaje-whatsapp\/\" \/>\n<meta property=\"og:site_name\" content=\"SendApp - Software Whatsapp Marketing\" \/>\n<meta property=\"article:publisher\" content=\"https:\/\/www.facebook.com\/sendapp.live\" \/>\n<meta property=\"article:modified_time\" content=\"2026-04-08T21:29:34+00:00\" \/>\n<meta property=\"og:image\" content=\"https:\/\/sendapp.live\/wp-content\/uploads\/2019\/05\/business.png\" \/>\n\t<meta property=\"og:image:width\" content=\"1024\" \/>\n\t<meta property=\"og:image:height\" content=\"1024\" \/>\n\t<meta property=\"og:image:type\" content=\"image\/png\" \/>\n<meta name=\"twitter:card\" content=\"summary_large_image\" \/>\n<meta name=\"twitter:site\" content=\"@sendapp_live\" \/>\n<meta name=\"twitter:label1\" content=\"Tiempo de lectura\" \/>\n\t<meta name=\"twitter:data1\" content=\"2 minutos\" \/>\n<script type=\"application\/ld+json\" class=\"yoast-schema-graph\">{\"@context\":\"https:\\\/\\\/schema.org\",\"@graph\":[{\"@type\":\"WebPage\",\"@id\":\"https:\\\/\\\/sendapp.live\\\/product\\\/sendapp-business-inviare-messaggi-whatsapp\\\/\",\"url\":\"https:\\\/\\\/sendapp.live\\\/product\\\/sendapp-business-inviare-messaggi-whatsapp\\\/\",\"name\":\"SendApp Business inviare messaggi WhatsApp- SendApp - Software Whatsapp Marketing\",\"isPartOf\":{\"@id\":\"https:\\\/\\\/sendapp.live\\\/it\\\/#website\"},\"primaryImageOfPage\":{\"@id\":\"https:\\\/\\\/sendapp.live\\\/product\\\/sendapp-business-inviare-messaggi-whatsapp\\\/#primaryimage\"},\"image\":{\"@id\":\"https:\\\/\\\/sendapp.live\\\/product\\\/sendapp-business-inviare-messaggi-whatsapp\\\/#primaryimage\"},\"thumbnailUrl\":\"https:\\\/\\\/sendapp.live\\\/wp-content\\\/uploads\\\/2019\\\/05\\\/business.png\",\"datePublished\":\"2019-05-22T17:31:11+00:00\",\"dateModified\":\"2026-04-08T21:29:34+00:00\",\"description\":\"SendApp Business - inviare messaggi personalizzati con WhatsApp, inviare messaggi info e publicitari a contatti WhatsApp e a contatti importati nell SendApp\",\"breadcrumb\":{\"@id\":\"https:\\\/\\\/sendapp.live\\\/product\\\/sendapp-business-inviare-messaggi-whatsapp\\\/#breadcrumb\"},\"inLanguage\":\"es\",\"potentialAction\":[{\"@type\":\"ReadAction\",\"target\":[\"https:\\\/\\\/sendapp.live\\\/product\\\/sendapp-business-inviare-messaggi-whatsapp\\\/\"]}]},{\"@type\":\"ImageObject\",\"inLanguage\":\"es\",\"@id\":\"https:\\\/\\\/sendapp.live\\\/product\\\/sendapp-business-inviare-messaggi-whatsapp\\\/#primaryimage\",\"url\":\"https:\\\/\\\/sendapp.live\\\/wp-content\\\/uploads\\\/2019\\\/05\\\/business.png\",\"contentUrl\":\"https:\\\/\\\/sendapp.live\\\/wp-content\\\/uploads\\\/2019\\\/05\\\/business.png\",\"width\":1024,\"height\":1024},{\"@type\":\"BreadcrumbList\",\"@id\":\"https:\\\/\\\/sendapp.live\\\/product\\\/sendapp-business-inviare-messaggi-whatsapp\\\/#breadcrumb\",\"itemListElement\":[{\"@type\":\"ListItem\",\"position\":1,\"name\":\"Home\",\"item\":\"https:\\\/\\\/sendapp.live\\\/\"},{\"@type\":\"ListItem\",\"position\":2,\"name\":\"Shop\",\"item\":\"https:\\\/\\\/sendapp.live\\\/shop\\\/\"},{\"@type\":\"ListItem\",\"position\":3,\"name\":\"SendApp Business\"}]},{\"@type\":\"WebSite\",\"@id\":\"https:\\\/\\\/sendapp.live\\\/it\\\/#website\",\"url\":\"https:\\\/\\\/sendapp.live\\\/it\\\/\",\"name\":\"SendApp\",\"description\":\"Automate Your Messages &amp; Grow Your Business\",\"publisher\":{\"@id\":\"https:\\\/\\\/sendapp.live\\\/it\\\/#organization\"},\"alternateName\":\"SendApp WhatsApp Marketing\",\"potentialAction\":[{\"@type\":\"SearchAction\",\"target\":{\"@type\":\"EntryPoint\",\"urlTemplate\":\"https:\\\/\\\/sendapp.live\\\/it\\\/?s={search_term_string}\"},\"query-input\":{\"@type\":\"PropertyValueSpecification\",\"valueRequired\":true,\"valueName\":\"search_term_string\"}}],\"inLanguage\":\"es\"},{\"@type\":\"Organization\",\"@id\":\"https:\\\/\\\/sendapp.live\\\/it\\\/#organization\",\"name\":\"SendApp\",\"url\":\"https:\\\/\\\/sendapp.live\\\/it\\\/\",\"logo\":{\"@type\":\"ImageObject\",\"inLanguage\":\"es\",\"@id\":\"https:\\\/\\\/sendapp.live\\\/it\\\/#\\\/schema\\\/logo\\\/image\\\/\",\"url\":\"https:\\\/\\\/sendapp.live\\\/wp-content\\\/uploads\\\/2025\\\/04\\\/Logo-Sendapp-300x60-1.png\",\"contentUrl\":\"https:\\\/\\\/sendapp.live\\\/wp-content\\\/uploads\\\/2025\\\/04\\\/Logo-Sendapp-300x60-1.png\",\"width\":300,\"height\":60,\"caption\":\"SendApp\"},\"image\":{\"@id\":\"https:\\\/\\\/sendapp.live\\\/it\\\/#\\\/schema\\\/logo\\\/image\\\/\"},\"sameAs\":[\"https:\\\/\\\/www.facebook.com\\\/sendapp.live\",\"https:\\\/\\\/x.com\\\/sendapp_live\",\"https:\\\/\\\/www.instagram.com\\\/sendapp.live\",\"https:\\\/\\\/www.youtube.com\\\/channel\\\/UC2gaLpi0-OJLG4CFbOr6mLw\",\"https:\\\/\\\/it.trustpilot.com\\\/review\\\/sendapp.live\"],\"description\":\"Piattaforma italiana di WhatsApp Marketing con API ufficiali Meta. Assistente AI, campagne massive, SMS Gateway gratuito, Google Calendar, automazioni. Da \u20ac16\\\/mese senza markup sui messaggi.\",\"email\":\"info@sendapp.live\",\"foundingDate\":\"2016-07-25\"}]}<\/script>\n<!-- \/ Yoast SEO Premium plugin. -->","yoast_head_json":{"title":"SendApp Business env\u00eda mensajes de WhatsApp- SendApp - Software de marketing para Whatsapp","description":"SendApp Business: env\u00ede mensajes personalizados con WhatsApp, env\u00ede informaci\u00f3n y mensajes publicitarios a contactos de WhatsApp y contactos importados a SendApp","robots":{"index":"index","follow":"follow","max-snippet":"max-snippet:-1","max-image-preview":"max-image-preview:large","max-video-preview":"max-video-preview:-1"},"canonical":"https:\/\/sendapp.live\/es\/producto\/sendapp-negocio-enviar-mensaje-whatsapp\/","og_locale":"es_ES","og_type":"article","og_title":"SendApp Business","og_description":"SendApp Business - inviare messaggi personalizzati con WhatsApp, inviare messaggi info e publicitari a contatti WhatsApp e a contatti importati nell SendApp","og_url":"https:\/\/sendapp.live\/es\/producto\/sendapp-negocio-enviar-mensaje-whatsapp\/","og_site_name":"SendApp - Software Whatsapp Marketing","article_publisher":"https:\/\/www.facebook.com\/sendapp.live","article_modified_time":"2026-04-08T21:29:34+00:00","og_image":[{"width":1024,"height":1024,"url":"https:\/\/sendapp.live\/wp-content\/uploads\/2019\/05\/business.png","type":"image\/png"}],"twitter_card":"summary_large_image","twitter_site":"@sendapp_live","twitter_misc":{"Tiempo de lectura":"2 minutos"},"schema":{"@context":"https:\/\/schema.org","@graph":[{"@type":"WebPage","@id":"https:\/\/sendapp.live\/product\/sendapp-business-inviare-messaggi-whatsapp\/","url":"https:\/\/sendapp.live\/product\/sendapp-business-inviare-messaggi-whatsapp\/","name":"SendApp Business env\u00eda mensajes de WhatsApp- SendApp - Software de marketing para Whatsapp","isPartOf":{"@id":"https:\/\/sendapp.live\/it\/#website"},"primaryImageOfPage":{"@id":"https:\/\/sendapp.live\/product\/sendapp-business-inviare-messaggi-whatsapp\/#primaryimage"},"image":{"@id":"https:\/\/sendapp.live\/product\/sendapp-business-inviare-messaggi-whatsapp\/#primaryimage"},"thumbnailUrl":"https:\/\/sendapp.live\/wp-content\/uploads\/2019\/05\/business.png","datePublished":"2019-05-22T17:31:11+00:00","dateModified":"2026-04-08T21:29:34+00:00","description":"SendApp Business: env\u00ede mensajes personalizados con WhatsApp, env\u00ede informaci\u00f3n y mensajes publicitarios a contactos de WhatsApp y contactos importados a SendApp","breadcrumb":{"@id":"https:\/\/sendapp.live\/product\/sendapp-business-inviare-messaggi-whatsapp\/#breadcrumb"},"inLanguage":"es","potentialAction":[{"@type":"ReadAction","target":["https:\/\/sendapp.live\/product\/sendapp-business-inviare-messaggi-whatsapp\/"]}]},{"@type":"ImageObject","inLanguage":"es","@id":"https:\/\/sendapp.live\/product\/sendapp-business-inviare-messaggi-whatsapp\/#primaryimage","url":"https:\/\/sendapp.live\/wp-content\/uploads\/2019\/05\/business.png","contentUrl":"https:\/\/sendapp.live\/wp-content\/uploads\/2019\/05\/business.png","width":1024,"height":1024},{"@type":"BreadcrumbList","@id":"https:\/\/sendapp.live\/product\/sendapp-business-inviare-messaggi-whatsapp\/#breadcrumb","itemListElement":[{"@type":"ListItem","position":1,"name":"Home","item":"https:\/\/sendapp.live\/"},{"@type":"ListItem","position":2,"name":"Shop","item":"https:\/\/sendapp.live\/shop\/"},{"@type":"ListItem","position":3,"name":"SendApp Business"}]},{"@type":"WebSite","@id":"https:\/\/sendapp.live\/it\/#website","url":"https:\/\/sendapp.live\/it\/","name":"SendApp","description":"Automatice sus mensajes y haga crecer su negocio","publisher":{"@id":"https:\/\/sendapp.live\/it\/#organization"},"alternateName":"SendApp WhatsApp Marketing","potentialAction":[{"@type":"SearchAction","target":{"@type":"EntryPoint","urlTemplate":"https:\/\/sendapp.live\/it\/?s={search_term_string}"},"query-input":{"@type":"PropertyValueSpecification","valueRequired":true,"valueName":"search_term_string"}}],"inLanguage":"es"},{"@type":"Organization","@id":"https:\/\/sendapp.live\/it\/#organization","name":"SendApp","url":"https:\/\/sendapp.live\/it\/","logo":{"@type":"ImageObject","inLanguage":"es","@id":"https:\/\/sendapp.live\/it\/#\/schema\/logo\/image\/","url":"https:\/\/sendapp.live\/wp-content\/uploads\/2025\/04\/Logo-Sendapp-300x60-1.png","contentUrl":"https:\/\/sendapp.live\/wp-content\/uploads\/2025\/04\/Logo-Sendapp-300x60-1.png","width":300,"height":60,"caption":"SendApp"},"image":{"@id":"https:\/\/sendapp.live\/it\/#\/schema\/logo\/image\/"},"sameAs":["https:\/\/www.facebook.com\/sendapp.live","https:\/\/x.com\/sendapp_live","https:\/\/www.instagram.com\/sendapp.live","https:\/\/www.youtube.com\/channel\/UC2gaLpi0-OJLG4CFbOr6mLw","https:\/\/it.trustpilot.com\/review\/sendapp.live"],"description":"Plataforma italiana de marketing por WhatsApp con API Meta oficial. Asistente de IA, campa\u00f1as masivas, pasarela SMS gratuita, Google Calendar, automatizaciones. Desde 16 \u20ac\/mes sin recargo por mensaje.","email":"info@sendapp.live","foundingDate":"2016-07-25"}]}},"_links":{"self":[{"href":"https:\/\/sendapp.live\/es\/wp-json\/wp\/v2\/product\/580","targetHints":{"allow":["GET"]}}],"collection":[{"href":"https:\/\/sendapp.live\/es\/wp-json\/wp\/v2\/product"}],"about":[{"href":"https:\/\/sendapp.live\/es\/wp-json\/wp\/v2\/types\/product"}],"replies":[{"embeddable":true,"href":"https:\/\/sendapp.live\/es\/wp-json\/wp\/v2\/comments?post=580"}],"wp:featuredmedia":[{"embeddable":true,"href":"https:\/\/sendapp.live\/es\/wp-json\/wp\/v2\/media\/122439"}],"wp:attachment":[{"href":"https:\/\/sendapp.live\/es\/wp-json\/wp\/v2\/media?parent=580"}],"wp:term":[{"taxonomy":"product_brand","embeddable":true,"href":"https:\/\/sendapp.live\/es\/wp-json\/wp\/v2\/product_brand?post=580"},{"taxonomy":"product_cat","embeddable":true,"href":"https:\/\/sendapp.live\/es\/wp-json\/wp\/v2\/product_cat?post=580"},{"taxonomy":"product_tag","embeddable":true,"href":"https:\/\/sendapp.live\/es\/wp-json\/wp\/v2\/product_tag?post=580"}],"curies":[{"name":"wp","href":"https:\/\/api.w.org\/{rel}","templated":true}]}}