{"id":121550,"date":"2025-12-10T19:04:06","date_gmt":"2025-12-10T18:04:06","guid":{"rendered":"https:\/\/sendapp.live\/?page_id=121550"},"modified":"2025-12-15T16:26:28","modified_gmt":"2025-12-15T15:26:28","slug":"abonnement-par-mot-cle-dans-lagent-sendapp","status":"publish","type":"page","link":"https:\/\/sendapp.live\/fr\/sottoscrizione-per-parole-chiave-in-sendapp-agent\/","title":{"rendered":"Abonnement par mot-cl\u00e9 dans l&#039;agent SendApp"},"content":{"rendered":"<div id=\"fws_69e1eda7235fd\"  data-column-margin=\"default\" data-midnight=\"dark\" data-top-percent=\"2%\"  class=\"wpb_row vc_row-fluid vc_row\"  style=\"padding-top: calc(100vw * 0.02); padding-bottom: 0px; \"><div class=\"row-bg-wrap\" data-bg-animation=\"none\" data-bg-animation-delay=\"\" data-bg-overlay=\"false\"><div class=\"inner-wrap row-bg-layer\" ><div class=\"row-bg viewport-desktop\"  style=\"\"><\/div><\/div><\/div><div class=\"row_col_wrap_12 col span_12 dark left\">\n\t<div  class=\"vc_col-sm-6 wpb_column column_container vc_column_container col no-extra-padding inherit_tablet inherit_phone\"  data-padding-pos=\"all\" data-has-bg-color=\"false\" data-bg-color=\"\" data-bg-opacity=\"1\" data-animation=\"\" data-delay=\"0\" >\n\t\t<div class=\"vc_column-inner\" >\n\t\t\t<div class=\"wpb_wrapper\">\n\t\t\t\t<div class=\"img-with-aniamtion-wrap  custom-size\" data-max-width=\"100%\" data-max-width-mobile=\"default\" data-shadow=\"none\" data-animation=\"fade-in\" >\n      <div class=\"inner\">\n        <div class=\"hover-wrap\"> \n          <div class=\"hover-wrap-inner\">\n            <img loading=\"lazy\" decoding=\"async\" class=\"img-with-animation skip-lazy\" data-delay=\"0\" height=\"826\" width=\"948\" data-animation=\"fade-in\" src=\"https:\/\/sendapp.live\/wp-content\/uploads\/2025\/09\/sendapp-official-mobie.png\" alt=\"\" srcset=\"https:\/\/sendapp.live\/wp-content\/uploads\/2025\/09\/sendapp-official-mobie.png 948w, https:\/\/sendapp.live\/wp-content\/uploads\/2025\/09\/sendapp-official-mobie-300x261.png 300w, https:\/\/sendapp.live\/wp-content\/uploads\/2025\/09\/sendapp-official-mobie-768x669.png 768w, https:\/\/sendapp.live\/wp-content\/uploads\/2025\/09\/sendapp-official-mobie-14x12.png 14w\" sizes=\"auto, (max-width: 948px) 100vw, 948px\" \/>\n          <\/div>\n        <\/div>\n      <\/div>\n    <\/div>\n\t\t\t<\/div> \n\t\t<\/div>\n\t<\/div> \n\n\t<div  class=\"vc_col-sm-6 wpb_column column_container vc_column_container col no-extra-padding inherit_tablet inherit_phone\"  data-padding-pos=\"all\" data-has-bg-color=\"false\" data-bg-color=\"\" data-bg-opacity=\"1\" data-animation=\"\" data-delay=\"0\" >\n\t\t<div class=\"vc_column-inner\" >\n\t\t\t<div class=\"wpb_wrapper\">\n\t\t\t\t\n<div class=\"wpb_text_column wpb_content_element\" >\n\t<div class=\"wpb_wrapper\">\n\t\t<h2 style=\"text-align: left;\"><span style=\"color: #008000;\">Agent Sendapp<br \/>\nabonnement et d\u00e9sabonnement automatiques<\/span><\/h2>\n\t<\/div>\n<\/div>\n\n\n\n<div class=\"divider-wrap\" data-alignment=\"default\"><div style=\"height: 10px;\" class=\"divider\"><\/div><\/div>\n<div class=\"wpb_text_column wpb_content_element\" >\n\t<div class=\"wpb_wrapper\">\n\t\t<h3 style=\"text-align: left;\">Avec\u00a0<strong>SendApp Agent<\/strong>, s&#039;abonner et se d\u00e9sabonner automatiquement<\/h3>\n\t<\/div>\n<\/div>\n\n\n\n<div class=\"divider-wrap\" data-alignment=\"default\"><div style=\"height: 30px;\" class=\"divider\"><\/div><\/div><a class=\"nectar-button jumbo regular accent-color  regular-button\"  role=\"button\" style=\"\" target=\"_blank\" href=\"https:\/\/sendapp.live\/fr\/prix-de-lagent-whatsapp\/\" data-color-override=\"false\" data-hover-color-override=\"false\" data-hover-text-color-override=\"#fff\"><span>Essai gratuit<\/span><\/a>\n\t\t\t<\/div> \n\t\t<\/div>\n\t<\/div> \n<\/div><\/div>\n\t\t<div id=\"fws_69e1eda724316\"  data-column-margin=\"default\" data-midnight=\"dark\"  class=\"wpb_row vc_row-fluid vc_row\"  style=\"padding-top: 0px; padding-bottom: 0px; \"><div class=\"row-bg-wrap\" data-bg-animation=\"none\" data-bg-animation-delay=\"\" data-bg-overlay=\"false\"><div class=\"inner-wrap row-bg-layer\" ><div class=\"row-bg viewport-desktop\"  style=\"\"><\/div><\/div><\/div><div class=\"row_col_wrap_12 col span_12 dark left\">\n\t<div  class=\"vc_col-sm-12 wpb_column column_container vc_column_container col no-extra-padding inherit_tablet inherit_phone\"  data-padding-pos=\"all\" data-has-bg-color=\"false\" data-bg-color=\"\" data-bg-opacity=\"1\" data-animation=\"\" data-delay=\"0\" >\n\t\t<div class=\"vc_column-inner\" >\n\t\t\t<div class=\"wpb_wrapper\">\n\t\t\t\t\n<div class=\"wpb_text_column wpb_content_element\" >\n\t<div class=\"wpb_wrapper\">\n\t\t<h2><strong>Comment fonctionne l&#039;abonnement par mot-cl\u00e9 dans SendApp Agent<\/strong><\/h2>\n<p>La fonction <strong>Abonnement par mots-cl\u00e9s<\/strong> permet d&#039;attribuer automatiquement des \u00e9tiquettes aux contacts lorsqu&#039;ils envoient un message contenant un mot-cl\u00e9 sp\u00e9cifique.<br \/>\nC&#039;est un outil essentiel pour automatiser les abonnements, les d\u00e9sabonnements, la segmentation et l&#039;activation marketing.<\/p>\n<h2><strong>\u00c0 quoi \u00e7a sert ?<\/strong><\/h2>\n<p>Avec l&#039;abonnement aux mots cl\u00e9s, vous pouvez\u00a0:<\/p>\n<ul>\n<li>cr\u00e9er des abonnements automatiques aux campagnes\u00a0;<\/li>\n<li>attribuer ou supprimer des \u00e9tiquettes sans intervention humaine\u00a0;<\/li>\n<li>distinguer les mots-cl\u00e9s en majuscules et en minuscules\u00a0;<\/li>\n<li>d\u00e9cider s&#039;il convient de demander une correspondance exacte du message\u00a0;<\/li>\n<li>cr\u00e9er des flux de segmentation tr\u00e8s pr\u00e9cis.<\/li>\n<\/ul>\n<p>C&#039;est la solution id\u00e9ale pour les entreprises qui g\u00e8rent les prospects, les inscriptions \u00e0 des \u00e9v\u00e9nements, les promotions, les newsletters WhatsApp et les listes SMS.<\/p>\n<h2><strong>Comment cr\u00e9er votre premier abonnement par mot-cl\u00e9<\/strong><\/h2>\n<h3><strong>Ouvrez la section Applications<\/strong><\/h3>\n<p>Dans le menu lat\u00e9ral de l&#039;agent SendApp, acc\u00e9dez \u00e0\u00a0:<\/p>\n<p><strong>Applications \u2192 Configuration de l&#039;abonnement par mot-cl\u00e9<\/strong><\/p>\n<p>Vous verrez l&#039;\u00e9cran d&#039;introduction avec le bouton\u00a0:<\/p>\n<p>\u2714\ufe0f <strong>Cr\u00e9er un abonnement<\/strong><\/p>\n<p>Cliquez dessus pour d\u00e9marrer l&#039;installation.<\/p>\n<p>&nbsp;<\/p>\n<p><img loading=\"lazy\" decoding=\"async\" class=\"aligncenter wp-image-121551 size-full\" src=\"https:\/\/sendapp.live\/wp-content\/uploads\/2025\/12\/1-1-scaled.png\" alt=\"\" width=\"2560\" height=\"1430\" srcset=\"https:\/\/sendapp.live\/wp-content\/uploads\/2025\/12\/1-1-scaled.png 2560w, https:\/\/sendapp.live\/wp-content\/uploads\/2025\/12\/1-1-300x168.png 300w, https:\/\/sendapp.live\/wp-content\/uploads\/2025\/12\/1-1-1024x572.png 1024w, https:\/\/sendapp.live\/wp-content\/uploads\/2025\/12\/1-1-768x429.png 768w, https:\/\/sendapp.live\/wp-content\/uploads\/2025\/12\/1-1-1536x858.png 1536w, https:\/\/sendapp.live\/wp-content\/uploads\/2025\/12\/1-1-2048x1144.png 2048w, https:\/\/sendapp.live\/wp-content\/uploads\/2025\/12\/1-1-18x10.png 18w, https:\/\/sendapp.live\/wp-content\/uploads\/2025\/12\/1-1-600x335.png 600w\" sizes=\"auto, (max-width: 2560px) 100vw, 2560px\" \/><\/p>\n<h3><\/h3>\n<h2><strong>Options de correspondance<\/strong><\/h2>\n<p>Ces options rendent le syst\u00e8me plus pr\u00e9cis.<\/p>\n<h3>\u2714\ufe0f Majuscules \/ Minuscules<\/h3>\n<p>Si cette option est activ\u00e9e, \u201c S\u2019INSCRIRE \u201d et \u201c S\u2019abonner \u201d sont consid\u00e9r\u00e9s comme deux mots diff\u00e9rents.<\/p>\n<h3>\u2714\ufe0f Correspondance exacte<\/h3>\n<p>Si cette option est activ\u00e9e, le message doit \u00eatre identique au mot-cl\u00e9.<\/p>\n<p>Exemple :<\/p>\n<ul>\n<li>Mot-cl\u00e9\u00a0: <strong>#1<\/strong><\/li>\n<li>Le contact doit envoyer uniquement <strong>#1<\/strong><\/li>\n<\/ul>\n<p>Si cette fonction est d\u00e9sactiv\u00e9e, le syst\u00e8me reconna\u00eetra le mot-cl\u00e9 m\u00eame dans des phrases plus longues.<\/p>\n<h2><strong>Exemples pratiques<\/strong><\/h2>\n<h3><strong>Exemple 1 \u2013 Immatriculation classique<\/strong><\/h3>\n<ul>\n<li>Mot-cl\u00e9\u00a0: <strong>Je m&#039;inscris<\/strong><\/li>\n<li>\u00c9tiquette attribu\u00e9e\u00a0: <strong>inscrit<\/strong><\/li>\n<li>Message de confirmation : \u201c Vous vous \u00eates abonn\u00e9 avec succ\u00e8s \u00e0 nos campagnes publicitaires. \u201d<\/li>\n<\/ul>\n<p>&nbsp;<\/p>\n<p><img loading=\"lazy\" decoding=\"async\" class=\"aligncenter wp-image-121552 size-full\" src=\"https:\/\/sendapp.live\/wp-content\/uploads\/2025\/12\/2-1-scaled.png\" alt=\"\" width=\"2560\" height=\"1430\" srcset=\"https:\/\/sendapp.live\/wp-content\/uploads\/2025\/12\/2-1-scaled.png 2560w, https:\/\/sendapp.live\/wp-content\/uploads\/2025\/12\/2-1-300x168.png 300w, https:\/\/sendapp.live\/wp-content\/uploads\/2025\/12\/2-1-1024x572.png 1024w, https:\/\/sendapp.live\/wp-content\/uploads\/2025\/12\/2-1-768x429.png 768w, https:\/\/sendapp.live\/wp-content\/uploads\/2025\/12\/2-1-1536x858.png 1536w, https:\/\/sendapp.live\/wp-content\/uploads\/2025\/12\/2-1-2048x1144.png 2048w, https:\/\/sendapp.live\/wp-content\/uploads\/2025\/12\/2-1-18x10.png 18w, https:\/\/sendapp.live\/wp-content\/uploads\/2025\/12\/2-1-600x335.png 600w\" sizes=\"auto, (max-width: 2560px) 100vw, 2560px\" \/><\/p>\n<p>&nbsp;<\/p>\n<p><img loading=\"lazy\" decoding=\"async\" class=\"aligncenter wp-image-121553 size-full\" src=\"https:\/\/sendapp.live\/wp-content\/uploads\/2025\/12\/3-1-scaled.png\" alt=\"\" width=\"2560\" height=\"1477\" srcset=\"https:\/\/sendapp.live\/wp-content\/uploads\/2025\/12\/3-1-scaled.png 2560w, https:\/\/sendapp.live\/wp-content\/uploads\/2025\/12\/3-1-300x173.png 300w, https:\/\/sendapp.live\/wp-content\/uploads\/2025\/12\/3-1-1024x591.png 1024w, https:\/\/sendapp.live\/wp-content\/uploads\/2025\/12\/3-1-768x443.png 768w, https:\/\/sendapp.live\/wp-content\/uploads\/2025\/12\/3-1-1536x886.png 1536w, https:\/\/sendapp.live\/wp-content\/uploads\/2025\/12\/3-1-2048x1182.png 2048w, https:\/\/sendapp.live\/wp-content\/uploads\/2025\/12\/3-1-18x10.png 18w, https:\/\/sendapp.live\/wp-content\/uploads\/2025\/12\/3-1-600x346.png 600w\" sizes=\"auto, (max-width: 2560px) 100vw, 2560px\" \/><\/p>\n<h2><\/h2>\n<h3><strong>Exemple 2 \u2013 Se d\u00e9sabonner<\/strong><\/h3>\n<ul>\n<li>Mot-cl\u00e9\u00a0: <strong>SUPPRIMER<\/strong><\/li>\n<li>\u00c9tiquette attribu\u00e9e\u00a0: <strong>supprim\u00e9<\/strong><\/li>\n<li>Message de confirmation : \u201c D\u00e9sabonnement r\u00e9ussi \u201d<\/li>\n<\/ul>\n<p>&nbsp;<\/p>\n<p><img loading=\"lazy\" decoding=\"async\" class=\"aligncenter wp-image-121554 size-full\" src=\"https:\/\/sendapp.live\/wp-content\/uploads\/2025\/12\/4-scaled.png\" alt=\"\" width=\"2560\" height=\"1477\" srcset=\"https:\/\/sendapp.live\/wp-content\/uploads\/2025\/12\/4-scaled.png 2560w, https:\/\/sendapp.live\/wp-content\/uploads\/2025\/12\/4-300x173.png 300w, https:\/\/sendapp.live\/wp-content\/uploads\/2025\/12\/4-1024x591.png 1024w, https:\/\/sendapp.live\/wp-content\/uploads\/2025\/12\/4-768x443.png 768w, https:\/\/sendapp.live\/wp-content\/uploads\/2025\/12\/4-1536x886.png 1536w, https:\/\/sendapp.live\/wp-content\/uploads\/2025\/12\/4-2048x1182.png 2048w, https:\/\/sendapp.live\/wp-content\/uploads\/2025\/12\/4-18x10.png 18w, https:\/\/sendapp.live\/wp-content\/uploads\/2025\/12\/4-600x346.png 600w\" sizes=\"auto, (max-width: 2560px) 100vw, 2560px\" \/><\/p>\n<p>&nbsp;<\/p>\n<h2><\/h2>\n<h3><strong>Exemple 3 \u2013 Segmentation d&#039;entreprise<\/strong><\/h3>\n<ul>\n<li>Mot-cl\u00e9\u00a0: <strong>#1<\/strong><\/li>\n<li>\u00c9tiquette attribu\u00e9e\u00a0: <strong>Agence<\/strong><\/li>\n<li>Option: <strong>Correspondance exacte<\/strong><\/li>\n<li>Message de confirmation : \u201c Merci de nous avoir inform\u00e9s que vous \u00eates une entreprise. \u201d<\/li>\n<\/ul>\n<p>Id\u00e9al pour segmenter automatiquement les individus et les entreprises.<\/p>\n<p>&nbsp;<\/p>\n<p><img loading=\"lazy\" decoding=\"async\" class=\"aligncenter wp-image-121555 size-full\" src=\"https:\/\/sendapp.live\/wp-content\/uploads\/2025\/12\/5-scaled.png\" alt=\"\" width=\"2560\" height=\"1477\" srcset=\"https:\/\/sendapp.live\/wp-content\/uploads\/2025\/12\/5-scaled.png 2560w, https:\/\/sendapp.live\/wp-content\/uploads\/2025\/12\/5-300x173.png 300w, https:\/\/sendapp.live\/wp-content\/uploads\/2025\/12\/5-1024x591.png 1024w, https:\/\/sendapp.live\/wp-content\/uploads\/2025\/12\/5-768x443.png 768w, https:\/\/sendapp.live\/wp-content\/uploads\/2025\/12\/5-1536x886.png 1536w, https:\/\/sendapp.live\/wp-content\/uploads\/2025\/12\/5-2048x1182.png 2048w, https:\/\/sendapp.live\/wp-content\/uploads\/2025\/12\/5-18x10.png 18w, https:\/\/sendapp.live\/wp-content\/uploads\/2025\/12\/5-600x346.png 600w\" sizes=\"auto, (max-width: 2560px) 100vw, 2560px\" \/><\/p>\n<p>&nbsp;<\/p>\n<h3><strong>Activation de la r\u00e8gle<\/strong><\/h3>\n<p>En bas, vous trouverez l&#039;interrupteur\u00a0:<\/p>\n<p>\ud83d\udd18 <strong>Actif<\/strong><\/p>\n<p>Lorsque le voyant est vert, votre abonnement est actif.<\/p>\n<p>Cliquez <strong>Sauvegarder<\/strong> finaliser.<\/p>\n<h3><\/h3>\n<h3><strong>Conclusion<\/strong><\/h3>\n<p>L&#039;abonnement par mots cl\u00e9s de SendApp Agent est un outil puissant permettant d&#039;automatiser enti\u00e8rement la gestion des contacts WhatsApp et SMS.<br \/>\nIl vous permet de cr\u00e9er des flux intelligents, d&#039;attribuer automatiquement des \u00e9tiquettes et de segmenter les utilisateurs avec une pr\u00e9cision absolue.<\/p>\n\t<\/div>\n<\/div>\n\n\n\n\n\t\t\t<\/div> \n\t\t<\/div>\n\t<\/div> \n<\/div><\/div>","protected":false},"excerpt":{"rendered":"L&#039;agent SendApp\u00a0: abonnement et d\u00e9sabonnement automatiques. Avec l&#039;agent SendApp, abonnez-vous et d\u00e9sabonnez-vous automatiquement. Essai gratuit. Comment fonctionne l&#039;abonnement par mot-cl\u00e9 dans l&#039;agent SendApp\u00a0? La fonctionnalit\u00e9 d&#039;abonnement par mot-cl\u00e9\u2026.","protected":false},"author":1,"featured_media":121557,"parent":0,"menu_order":0,"comment_status":"closed","ping_status":"closed","template":"","meta":{"_daim_seo_power":"1000","_daim_enable_ail":"1","footnotes":""},"class_list":["post-121550","page","type-page","status-publish","has-post-thumbnail"],"yoast_head":"<!-- This site is optimized with the Yoast SEO Premium plugin v27.3 (Yoast SEO v27.3) - https:\/\/yoast.com\/product\/yoast-seo-premium-wordpress\/ -->\n<title>Sottoscrizione per Parole Chiave in SendApp Agent<\/title>\n<meta name=\"description\" content=\"La funzione Sottoscrizione per Parole Chiave permette di assegnare automaticamente tag ai contatti quando inviano un messaggio...\" \/>\n<meta name=\"robots\" content=\"index, follow, max-snippet:-1, max-image-preview:large, max-video-preview:-1\" \/>\n<link rel=\"canonical\" href=\"https:\/\/sendapp.live\/fr\/abonnement-par-mot-cle-dans-lagent-sendapp\/\" \/>\n<meta property=\"og:locale\" content=\"fr_FR\" \/>\n<meta property=\"og:type\" content=\"article\" \/>\n<meta property=\"og:title\" content=\"Sottoscrizione per Parole Chiave in SendApp Agent\" \/>\n<meta property=\"og:description\" content=\"La funzione Sottoscrizione per Parole Chiave permette di assegnare automaticamente tag ai contatti quando inviano un messaggio...\" \/>\n<meta property=\"og:url\" content=\"https:\/\/sendapp.live\/fr\/abonnement-par-mot-cle-dans-lagent-sendapp\/\" \/>\n<meta property=\"og:site_name\" content=\"SendApp - Software Whatsapp Marketing\" \/>\n<meta property=\"article:publisher\" content=\"https:\/\/www.facebook.com\/sendapp.live\" \/>\n<meta property=\"article:modified_time\" content=\"2025-12-15T15:26:28+00:00\" \/>\n<meta property=\"og:image\" content=\"https:\/\/sendapp.live\/wp-content\/uploads\/2025\/12\/ChatGPT-Image-10-dic-2025-18_58_25.png\" \/>\n\t<meta property=\"og:image:width\" content=\"1024\" \/>\n\t<meta property=\"og:image:height\" content=\"1024\" \/>\n\t<meta property=\"og:image:type\" content=\"image\/png\" \/>\n<meta name=\"twitter:card\" content=\"summary_large_image\" \/>\n<meta name=\"twitter:site\" content=\"@sendapp_live\" \/>\n<meta name=\"twitter:label1\" content=\"Dur\u00e9e de lecture estim\u00e9e\" \/>\n\t<meta name=\"twitter:data1\" content=\"4 minutes\" \/>\n<script type=\"application\/ld+json\" class=\"yoast-schema-graph\">{\"@context\":\"https:\\\/\\\/schema.org\",\"@graph\":[{\"@type\":\"WebPage\",\"@id\":\"https:\\\/\\\/sendapp.live\\\/sottoscrizione-per-parole-chiave-in-sendapp-agent\\\/\",\"url\":\"https:\\\/\\\/sendapp.live\\\/sottoscrizione-per-parole-chiave-in-sendapp-agent\\\/\",\"name\":\"Sottoscrizione per Parole Chiave in SendApp Agent\",\"isPartOf\":{\"@id\":\"https:\\\/\\\/sendapp.live\\\/it\\\/#website\"},\"primaryImageOfPage\":{\"@id\":\"https:\\\/\\\/sendapp.live\\\/sottoscrizione-per-parole-chiave-in-sendapp-agent\\\/#primaryimage\"},\"image\":{\"@id\":\"https:\\\/\\\/sendapp.live\\\/sottoscrizione-per-parole-chiave-in-sendapp-agent\\\/#primaryimage\"},\"thumbnailUrl\":\"https:\\\/\\\/sendapp.live\\\/wp-content\\\/uploads\\\/2025\\\/12\\\/ChatGPT-Image-10-dic-2025-18_58_25.png\",\"datePublished\":\"2025-12-10T18:04:06+00:00\",\"dateModified\":\"2025-12-15T15:26:28+00:00\",\"description\":\"La funzione Sottoscrizione per Parole Chiave permette di assegnare automaticamente tag ai contatti quando inviano un messaggio...\",\"breadcrumb\":{\"@id\":\"https:\\\/\\\/sendapp.live\\\/sottoscrizione-per-parole-chiave-in-sendapp-agent\\\/#breadcrumb\"},\"inLanguage\":\"fr-FR\",\"potentialAction\":[{\"@type\":\"ReadAction\",\"target\":[\"https:\\\/\\\/sendapp.live\\\/sottoscrizione-per-parole-chiave-in-sendapp-agent\\\/\"]}]},{\"@type\":\"ImageObject\",\"inLanguage\":\"fr-FR\",\"@id\":\"https:\\\/\\\/sendapp.live\\\/sottoscrizione-per-parole-chiave-in-sendapp-agent\\\/#primaryimage\",\"url\":\"https:\\\/\\\/sendapp.live\\\/wp-content\\\/uploads\\\/2025\\\/12\\\/ChatGPT-Image-10-dic-2025-18_58_25.png\",\"contentUrl\":\"https:\\\/\\\/sendapp.live\\\/wp-content\\\/uploads\\\/2025\\\/12\\\/ChatGPT-Image-10-dic-2025-18_58_25.png\",\"width\":1024,\"height\":1024},{\"@type\":\"BreadcrumbList\",\"@id\":\"https:\\\/\\\/sendapp.live\\\/sottoscrizione-per-parole-chiave-in-sendapp-agent\\\/#breadcrumb\",\"itemListElement\":[{\"@type\":\"ListItem\",\"position\":1,\"name\":\"Home\",\"item\":\"https:\\\/\\\/sendapp.live\\\/\"},{\"@type\":\"ListItem\",\"position\":2,\"name\":\"Sottoscrizione per Parole Chiave in SendApp Agent\"}]},{\"@type\":\"WebSite\",\"@id\":\"https:\\\/\\\/sendapp.live\\\/it\\\/#website\",\"url\":\"https:\\\/\\\/sendapp.live\\\/it\\\/\",\"name\":\"SendApp\",\"description\":\"Automate Your Messages &amp; Grow Your Business\",\"publisher\":{\"@id\":\"https:\\\/\\\/sendapp.live\\\/it\\\/#organization\"},\"alternateName\":\"SendApp WhatsApp Marketing\",\"potentialAction\":[{\"@type\":\"SearchAction\",\"target\":{\"@type\":\"EntryPoint\",\"urlTemplate\":\"https:\\\/\\\/sendapp.live\\\/it\\\/?s={search_term_string}\"},\"query-input\":{\"@type\":\"PropertyValueSpecification\",\"valueRequired\":true,\"valueName\":\"search_term_string\"}}],\"inLanguage\":\"fr-FR\"},{\"@type\":\"Organization\",\"@id\":\"https:\\\/\\\/sendapp.live\\\/it\\\/#organization\",\"name\":\"SendApp\",\"url\":\"https:\\\/\\\/sendapp.live\\\/it\\\/\",\"logo\":{\"@type\":\"ImageObject\",\"inLanguage\":\"fr-FR\",\"@id\":\"https:\\\/\\\/sendapp.live\\\/it\\\/#\\\/schema\\\/logo\\\/image\\\/\",\"url\":\"https:\\\/\\\/sendapp.live\\\/wp-content\\\/uploads\\\/2025\\\/04\\\/Logo-Sendapp-300x60-1.png\",\"contentUrl\":\"https:\\\/\\\/sendapp.live\\\/wp-content\\\/uploads\\\/2025\\\/04\\\/Logo-Sendapp-300x60-1.png\",\"width\":300,\"height\":60,\"caption\":\"SendApp\"},\"image\":{\"@id\":\"https:\\\/\\\/sendapp.live\\\/it\\\/#\\\/schema\\\/logo\\\/image\\\/\"},\"sameAs\":[\"https:\\\/\\\/www.facebook.com\\\/sendapp.live\",\"https:\\\/\\\/x.com\\\/sendapp_live\",\"https:\\\/\\\/www.instagram.com\\\/sendapp.live\",\"https:\\\/\\\/www.youtube.com\\\/channel\\\/UC2gaLpi0-OJLG4CFbOr6mLw\",\"https:\\\/\\\/it.trustpilot.com\\\/review\\\/sendapp.live\"],\"description\":\"Piattaforma italiana di WhatsApp Marketing con API ufficiali Meta. Assistente AI, campagne massive, SMS Gateway gratuito, Google Calendar, automazioni. Da \u20ac16\\\/mese senza markup sui messaggi.\",\"email\":\"info@sendapp.live\",\"foundingDate\":\"2016-07-25\"}]}<\/script>\n<!-- \/ Yoast SEO Premium plugin. -->","yoast_head_json":{"title":"Abonnement par mot-cl\u00e9 dans l&#039;agent SendApp","description":"La fonctionnalit\u00e9 d&#039;abonnement par mot-cl\u00e9 vous permet d&#039;\u00e9tiqueter automatiquement vos contacts lorsqu&#039;ils vous envoient un message...","robots":{"index":"index","follow":"follow","max-snippet":"max-snippet:-1","max-image-preview":"max-image-preview:large","max-video-preview":"max-video-preview:-1"},"canonical":"https:\/\/sendapp.live\/fr\/abonnement-par-mot-cle-dans-lagent-sendapp\/","og_locale":"fr_FR","og_type":"article","og_title":"Sottoscrizione per Parole Chiave in SendApp Agent","og_description":"La funzione Sottoscrizione per Parole Chiave permette di assegnare automaticamente tag ai contatti quando inviano un messaggio...","og_url":"https:\/\/sendapp.live\/fr\/abonnement-par-mot-cle-dans-lagent-sendapp\/","og_site_name":"SendApp - Software Whatsapp Marketing","article_publisher":"https:\/\/www.facebook.com\/sendapp.live","article_modified_time":"2025-12-15T15:26:28+00:00","og_image":[{"width":1024,"height":1024,"url":"https:\/\/sendapp.live\/wp-content\/uploads\/2025\/12\/ChatGPT-Image-10-dic-2025-18_58_25.png","type":"image\/png"}],"twitter_card":"summary_large_image","twitter_site":"@sendapp_live","twitter_misc":{"Dur\u00e9e de lecture estim\u00e9e":"4 minutes"},"schema":{"@context":"https:\/\/schema.org","@graph":[{"@type":"WebPage","@id":"https:\/\/sendapp.live\/sottoscrizione-per-parole-chiave-in-sendapp-agent\/","url":"https:\/\/sendapp.live\/sottoscrizione-per-parole-chiave-in-sendapp-agent\/","name":"Abonnement par mot-cl\u00e9 dans l&#039;agent SendApp","isPartOf":{"@id":"https:\/\/sendapp.live\/it\/#website"},"primaryImageOfPage":{"@id":"https:\/\/sendapp.live\/sottoscrizione-per-parole-chiave-in-sendapp-agent\/#primaryimage"},"image":{"@id":"https:\/\/sendapp.live\/sottoscrizione-per-parole-chiave-in-sendapp-agent\/#primaryimage"},"thumbnailUrl":"https:\/\/sendapp.live\/wp-content\/uploads\/2025\/12\/ChatGPT-Image-10-dic-2025-18_58_25.png","datePublished":"2025-12-10T18:04:06+00:00","dateModified":"2025-12-15T15:26:28+00:00","description":"La fonctionnalit\u00e9 d&#039;abonnement par mot-cl\u00e9 vous permet d&#039;\u00e9tiqueter automatiquement vos contacts lorsqu&#039;ils vous envoient un message...","breadcrumb":{"@id":"https:\/\/sendapp.live\/sottoscrizione-per-parole-chiave-in-sendapp-agent\/#breadcrumb"},"inLanguage":"fr-FR","potentialAction":[{"@type":"ReadAction","target":["https:\/\/sendapp.live\/sottoscrizione-per-parole-chiave-in-sendapp-agent\/"]}]},{"@type":"ImageObject","inLanguage":"fr-FR","@id":"https:\/\/sendapp.live\/sottoscrizione-per-parole-chiave-in-sendapp-agent\/#primaryimage","url":"https:\/\/sendapp.live\/wp-content\/uploads\/2025\/12\/ChatGPT-Image-10-dic-2025-18_58_25.png","contentUrl":"https:\/\/sendapp.live\/wp-content\/uploads\/2025\/12\/ChatGPT-Image-10-dic-2025-18_58_25.png","width":1024,"height":1024},{"@type":"BreadcrumbList","@id":"https:\/\/sendapp.live\/sottoscrizione-per-parole-chiave-in-sendapp-agent\/#breadcrumb","itemListElement":[{"@type":"ListItem","position":1,"name":"Home","item":"https:\/\/sendapp.live\/"},{"@type":"ListItem","position":2,"name":"Sottoscrizione per Parole Chiave in SendApp Agent"}]},{"@type":"WebSite","@id":"https:\/\/sendapp.live\/it\/#website","url":"https:\/\/sendapp.live\/it\/","name":"EnvoyerApp","description":"Automatisez vos messages et d\u00e9veloppez votre activit\u00e9","publisher":{"@id":"https:\/\/sendapp.live\/it\/#organization"},"alternateName":"SendApp WhatsApp Marketing","potentialAction":[{"@type":"SearchAction","target":{"@type":"EntryPoint","urlTemplate":"https:\/\/sendapp.live\/it\/?s={search_term_string}"},"query-input":{"@type":"PropertyValueSpecification","valueRequired":true,"valueName":"search_term_string"}}],"inLanguage":"fr-FR"},{"@type":"Organization","@id":"https:\/\/sendapp.live\/it\/#organization","name":"EnvoyerApp","url":"https:\/\/sendapp.live\/it\/","logo":{"@type":"ImageObject","inLanguage":"fr-FR","@id":"https:\/\/sendapp.live\/it\/#\/schema\/logo\/image\/","url":"https:\/\/sendapp.live\/wp-content\/uploads\/2025\/04\/Logo-Sendapp-300x60-1.png","contentUrl":"https:\/\/sendapp.live\/wp-content\/uploads\/2025\/04\/Logo-Sendapp-300x60-1.png","width":300,"height":60,"caption":"SendApp"},"image":{"@id":"https:\/\/sendapp.live\/it\/#\/schema\/logo\/image\/"},"sameAs":["https:\/\/www.facebook.com\/sendapp.live","https:\/\/x.com\/sendapp_live","https:\/\/www.instagram.com\/sendapp.live","https:\/\/www.youtube.com\/channel\/UC2gaLpi0-OJLG4CFbOr6mLw","https:\/\/it.trustpilot.com\/review\/sendapp.live"],"description":"Plateforme italienne de marketing WhatsApp avec API Meta officielle. Assistant IA, campagnes de masse, passerelle SMS gratuite, Google Agenda, automatisations. \u00c0 partir de 16 \u20ac\/mois sans majoration de prix.","email":"info@sendapp.live","foundingDate":"2016-07-25"}]}},"_links":{"self":[{"href":"https:\/\/sendapp.live\/fr\/wp-json\/wp\/v2\/pages\/121550","targetHints":{"allow":["GET"]}}],"collection":[{"href":"https:\/\/sendapp.live\/fr\/wp-json\/wp\/v2\/pages"}],"about":[{"href":"https:\/\/sendapp.live\/fr\/wp-json\/wp\/v2\/types\/page"}],"author":[{"embeddable":true,"href":"https:\/\/sendapp.live\/fr\/wp-json\/wp\/v2\/users\/1"}],"replies":[{"embeddable":true,"href":"https:\/\/sendapp.live\/fr\/wp-json\/wp\/v2\/comments?post=121550"}],"version-history":[{"count":5,"href":"https:\/\/sendapp.live\/fr\/wp-json\/wp\/v2\/pages\/121550\/revisions"}],"predecessor-version":[{"id":121649,"href":"https:\/\/sendapp.live\/fr\/wp-json\/wp\/v2\/pages\/121550\/revisions\/121649"}],"wp:featuredmedia":[{"embeddable":true,"href":"https:\/\/sendapp.live\/fr\/wp-json\/wp\/v2\/media\/121557"}],"wp:attachment":[{"href":"https:\/\/sendapp.live\/fr\/wp-json\/wp\/v2\/media?parent=121550"}],"curies":[{"name":"wp","href":"https:\/\/api.w.org\/{rel}","templated":true}]}}