{"id":16819,"date":"2020-07-15T16:45:12","date_gmt":"2020-07-15T14:45:12","guid":{"rendered":"https:\/\/sendapp.live\/?page_id=16819"},"modified":"2022-07-15T12:44:09","modified_gmt":"2022-07-15T10:44:09","slug":"sendapp-mobile-ios-support","status":"publish","type":"page","link":"https:\/\/sendapp.live\/fr\/sendapp-mobile-ios-support\/","title":{"rendered":"Prise en charge de Sendapp Mobile iOS"},"content":{"rendered":"<div id=\"fws_69e6d24e69b91\"  data-column-margin=\"default\" data-midnight=\"dark\"  class=\"wpb_row vc_row-fluid vc_row full-width-section\"  style=\"padding-top: 0px; padding-bottom: 0px; \"><div class=\"row-bg-wrap\" data-bg-animation=\"none\" data-bg-animation-delay=\"\" data-bg-overlay=\"false\"><div class=\"inner-wrap row-bg-layer\" ><div class=\"row-bg viewport-desktop using-bg-color\"  style=\"background-color: #ffffff; \"><\/div><\/div><\/div><div class=\"row_col_wrap_12 col span_12 dark left\">\n\t<div  class=\"vc_col-sm-2 wpb_column column_container vc_column_container col no-extra-padding\"  data-padding-pos=\"all\" data-has-bg-color=\"false\" data-bg-color=\"\" data-bg-opacity=\"1\" data-animation=\"\" data-delay=\"0\" >\n\t\t<div class=\"vc_column-inner\" >\n\t\t\t<div class=\"wpb_wrapper\">\n\t\t\t\t\n\t\t\t<\/div> \n\t\t<\/div>\n\t<\/div> \n\n\t<div  class=\"vc_col-sm-8 wpb_column column_container vc_column_container col no-extra-padding\"  data-padding-pos=\"all\" data-has-bg-color=\"false\" data-bg-color=\"\" data-bg-opacity=\"1\" data-animation=\"\" data-delay=\"0\" >\n\t\t<div class=\"vc_column-inner\" >\n\t\t\t<div class=\"wpb_wrapper\">\n\t\t\t\t<div class=\"nectar-gradient-text\" data-direction=\"horizontal\" data-color=\"extra-color-gradient-1\" style=\"margin-top: 90px; margin-bottom: 0px; \"><h2>Questions fr\u00e9quentes...<\/h2><\/div><div class=\"toggles\" data-br=\"\" data-starting=\"default\" data-style=\"minimal\"><div class=\"toggle default\" data-inner-wrap=\"true\"><h3 class=\"toggle-title\"><a href=\"#\" role=\"button\" class=\"toggle-heading\"><i role=\"presentation\" class=\"fa fa-plus-circle\"><\/i>Puis-je utiliser SendApp avec diff\u00e9rents num\u00e9ros de t\u00e9l\u00e9phone ?<\/a><\/h3><div><div class=\"inner-toggle-wrap\">\n<div class=\"wpb_text_column wpb_content_element\" >\n\t<div class=\"wpb_wrapper\">\n\t\t<p>Oui, notre application peut \u00eatre connect\u00e9e \u00e0 n&#039;importe quel appareil mobile gr\u00e2ce au code QR. Nous avons pr\u00e9vu cette modalit\u00e9 pour vous donner la possibilit\u00e9 de faire du marketing avec plus de num\u00e9ros de t\u00e9l\u00e9phone.<\/p>\n\t<\/div>\n<\/div>\n\n\n\n<\/div><\/div><\/div><div class=\"toggle default\" data-inner-wrap=\"true\"><h3 class=\"toggle-title\"><a href=\"#\" role=\"button\" class=\"toggle-heading\"><i role=\"presentation\" class=\"fa fa-plus-circle\"><\/i>Une fois la licence achet\u00e9e, y a-t-il d'autres paiements ?<\/a><\/h3><div><div class=\"inner-toggle-wrap\">\n<div class=\"wpb_text_column wpb_content_element\" >\n\t<div class=\"wpb_wrapper\">\n\t\t<p>Non, notre licence est \u00e0 vie, une fois achet\u00e9e, elle vous appartiendra pour toujours et vous pourrez d\u00e9placer votre licence sur n&#039;importe quel ordinateur.<\/p>\n\t<\/div>\n<\/div>\n\n\n\n<\/div><\/div><\/div><div class=\"toggle default\" data-inner-wrap=\"true\"><h3 class=\"toggle-title\"><a href=\"#\" role=\"button\" class=\"toggle-heading\"><i role=\"presentation\" class=\"fa fa-plus-circle\"><\/i>Puis-je connecter le carnet d&#039;adresses de mon t\u00e9l\u00e9phone \u00e0 Sendapp\u00a0?<\/a><\/h3><div><div class=\"inner-toggle-wrap\">\n<div class=\"wpb_text_column wpb_content_element\" >\n\t<div class=\"wpb_wrapper\">\n\t\t<p>Oui, vous pouvez importer vos contacts Whatsapp ou ajouter des contacts personnels au carnet d&#039;adresses Sendapp. L&#039;important est qu&#039;il respecte les r\u00e8gles anti-spam.Il est possible de personnaliser le message avec le nom du contact en ajoutant #name dans le corps du message.<\/p>\n\t<\/div>\n<\/div>\n\n\n\n<\/div><\/div><\/div><div class=\"toggle default\" data-inner-wrap=\"true\"><h3 class=\"toggle-title\"><a href=\"#\" role=\"button\" class=\"toggle-heading\"><i role=\"presentation\" class=\"fa fa-plus-circle\"><\/i>Combien de messages puis-je envoyer avec Sendapp\u00a0?<\/a><\/h3><div><div class=\"inner-toggle-wrap\">\n<div class=\"wpb_text_column wpb_content_element\" >\n\t<div class=\"wpb_wrapper\">\n\t\t<p>Il n&#039;y a pas de limite aux messages que vous pouvez envoyer avec Sendapp Business.<\/p>\n<p>Sendapp Mobile est disponible en 3 versions :<br \/>\n* Sendapp Lite iOS - 20 messages \u00e0 la fois<br \/>\n* Sendapp Pro iOS \u2013 200 messages \u00e0 la fois<br \/>\n* Sendapp Business iOS \u2013 envoi illimit\u00e9<\/p>\n<p>Le temps d&#039;envoi d&#039;un message varie en fonction des performances de la connexion.<\/p>\n<p>Toutes les donn\u00e9es seront stock\u00e9es exclusivement sur votre appareil en cours d&#039;utilisation sans jamais \u00eatre transmises ou accessibles depuis nos serveurs (et\/ou tiers) ou d&#039;autres syst\u00e8mes en ligne, Sendapp n&#039;a donc aucun acc\u00e8s et\/ou responsabilit\u00e9 d&#039;aucune sorte sur vos donn\u00e9es.<\/p>\n\t<\/div>\n<\/div>\n\n\n\n<\/div><\/div><\/div><div class=\"toggle default\" data-inner-wrap=\"true\"><h3 class=\"toggle-title\"><a href=\"#\" role=\"button\" class=\"toggle-heading\"><i role=\"presentation\" class=\"fa fa-plus-circle\"><\/i>Puis-je envoyer un message \u00e0 un num\u00e9ro non enregistr\u00e9 sur mon SmartPhone\u00a0?<\/a><\/h3><div><div class=\"inner-toggle-wrap\">\n<div class=\"wpb_text_column wpb_content_element\" >\n\t<div class=\"wpb_wrapper\">\n\t\t<p>Oui, avec Sendapp, il sera possible d&#039;envoyer des messages \u00e0 n&#039;importe qui, m\u00eame \u00e0 des num\u00e9ros non enregistr\u00e9s dans le carnet d&#039;adresses de notre application de messagerie ou qui n&#039;ont pas enregistr\u00e9 notre num\u00e9ro dans leur carnet d&#039;adresses.<\/p>\n<p><strong>Veuillez noter:<\/strong> En contactant d&#039;abord des personnes qui ne veulent pas recevoir de messages ou qui ne nous connaissent pas ou qui n&#039;ont jamais eu de conversation avec notre compte ou qui ne se souviennent pas de nous, etc\u2026 <strong>Il y a un risque d&#039;\u00eatre signal\u00e9 par nos utilisateurs et donc d&#039;\u00eatre banni de whatsapp !<\/strong><\/p>\n<p>Si vous g\u00e9n\u00e9rez un bouton, respectant la r\u00e9glementation RGPD, que vous ins\u00e9rerez sur votre site ou source de trafic et \u00e9ventuellement en ajoutant des FollowUps\u2026<br \/>\nVous n&#039;aurez aucun risque et le r\u00e9sultat sera incroyable !<\/p>\n\t<\/div>\n<\/div>\n\n\n\n<\/div><\/div><\/div><div class=\"toggle default\" data-inner-wrap=\"true\"><h3 class=\"toggle-title\"><a href=\"#\" role=\"button\" class=\"toggle-heading\"><i role=\"presentation\" class=\"fa fa-plus-circle\"><\/i>Puis-je utiliser mon ordinateur pendant que Sendapp est en cours d&#039;ex\u00e9cution\u00a0?<\/a><\/h3><div><div class=\"inner-toggle-wrap\">\n<div class=\"wpb_text_column wpb_content_element\" >\n\t<div class=\"wpb_wrapper\">\n\t\t<p>Oui, tous les processus Sendapp sont en arri\u00e8re-plan, vous pouvez donc utiliser votre ordinateur normalement et notre logiciel se chargera d&#039;automatiser votre marketing !<\/p>\n\t<\/div>\n<\/div>\n\n\n\n<\/div><\/div><\/div><div class=\"toggle default\" data-inner-wrap=\"true\"><h3 class=\"toggle-title\"><a href=\"#\" role=\"button\" class=\"toggle-heading\"><i role=\"presentation\" class=\"fa fa-plus-circle\"><\/i>Puis-je utiliser WhatsApp sur mon SmartPhone tout en ex\u00e9cutant Sendapp\u00a0?<\/a><\/h3><div><div class=\"inner-toggle-wrap\">\n<div class=\"wpb_text_column wpb_content_element\" >\n\t<div class=\"wpb_wrapper\">\n\t\t<p class=\"rteBlock\">Oui, Sendapp utilise l&#039;interface Web des applications de messagerie afin que vous puissiez continuer \u00e0 utiliser votre smartphone pendant que notre logiciel se charge de faire le travail pour vous.<\/p>\n<p class=\"rteBlock\"><strong>Noter:<\/strong> Pour que Sendapp fonctionne correctement, votre Smartphone et votre ordinateur doivent disposer d&#039;une connexion Internet.<\/p>\n\t<\/div>\n<\/div>\n\n\n\n<\/div><\/div><\/div><div class=\"toggle default\" data-inner-wrap=\"true\"><h3 class=\"toggle-title\"><a href=\"#\" role=\"button\" class=\"toggle-heading\"><i role=\"presentation\" class=\"fa fa-plus-circle\"><\/i>Si Whatsapp interdit mon num\u00e9ro de t\u00e9l\u00e9phone, puis-je continuer \u00e0 utiliser SendApp\u00a0?<\/a><\/h3><div><div class=\"inner-toggle-wrap\">\n<div class=\"wpb_text_column wpb_content_element\" >\n\t<div class=\"wpb_wrapper\">\n\t\t<p class=\"rteBlock\">Oui, si vous \u00eates banni des applications de messagerie, c&#039;est probablement parce que vous n&#039;utilisez pas correctement notre logiciel.<br \/>\nCependant, vous avez la possibilit\u00e9 de connecter Sendapp \u00e0 un autre num\u00e9ro de t\u00e9l\u00e9phone via le code QR de l&#039;application de messagerie, en continuant \u00e0 commercialiser correctement avec notre logiciel.<\/p>\n\t<\/div>\n<\/div>\n\n\n\n<\/div><\/div><\/div><\/div>\n\n\n\n\n\n\n\n\n\n\n\n\n\n\n\n\n\n\n\n<div class=\"nectar-gradient-text\" data-direction=\"horizontal\" data-color=\"extra-color-gradient-1\" style=\"margin-top: 90px; margin-bottom: 0px; \"><h2>Fonctionnalit\u00e9 Sendapp<\/h2><\/div><div class=\"toggles\" data-br=\"\" data-starting=\"default\" data-style=\"minimal\"><div class=\"toggle default\" data-inner-wrap=\"true\"><h3 class=\"toggle-title\"><a href=\"#\" role=\"button\" class=\"toggle-heading\"><i role=\"presentation\" class=\"fa fa-plus-circle\"><\/i>Exigences minimales<\/a><\/h3><div><div class=\"inner-toggle-wrap\">\n<div class=\"wpb_text_column wpb_content_element\" >\n\t<div class=\"wpb_wrapper\">\n\t\t<p>\u00c9tant donn\u00e9 que SendApp importe vos contacts depuis WhatsApp et envoie des messages WhatsApp, il n\u00e9cessite n\u00e9cessairement un compte WhatsApp ou un compte WhatsApp Business.<\/p>\n\t<\/div>\n<\/div>\n\n\n\n<\/div><\/div><\/div><\/div>\n\n\n\n\n\n\n\n\n\n\n\n\n\n\n\n\n\n\n\n\n\t\t\t<\/div> \n\t\t<\/div>\n\t<\/div> \n\n\t<div  class=\"vc_col-sm-2 wpb_column column_container vc_column_container col no-extra-padding\"  data-padding-pos=\"all\" data-has-bg-color=\"false\" data-bg-color=\"\" data-bg-opacity=\"1\" data-animation=\"\" data-delay=\"0\" >\n\t\t<div class=\"vc_column-inner\" >\n\t\t\t<div class=\"wpb_wrapper\">\n\t\t\t\t\n\t\t\t<\/div> \n\t\t<\/div>\n\t<\/div> \n<\/div><\/div>","protected":false},"excerpt":{"rendered":"Foire aux questions\u2026 Puis-je utiliser SendApp avec plusieurs num\u00e9ros de t\u00e9l\u00e9phone\u00a0? Oui. Notre application peut \u00eatre connect\u00e9e \u00e0 n&#039;importe quel appareil mobile gr\u00e2ce \u00e0 un QR code. Nous avons con\u00e7u cette fonctionnalit\u00e9 pour vous\u2026","protected":false},"author":1,"featured_media":0,"parent":0,"menu_order":0,"comment_status":"closed","ping_status":"open","template":"","meta":{"_daim_seo_power":"","_daim_enable_ail":"","footnotes":""},"class_list":["post-16819","page","type-page","status-publish"],"yoast_head":"<!-- This site is optimized with the Yoast SEO Premium plugin v27.4 (Yoast SEO v27.4) - https:\/\/yoast.com\/product\/yoast-seo-premium-wordpress\/ -->\n<title>Sendapp Mobile iOS Support - SendApp - Software Whatsapp Marketing<\/title>\n<meta name=\"robots\" content=\"index, follow, max-snippet:-1, max-image-preview:large, max-video-preview:-1\" \/>\n<link rel=\"canonical\" href=\"https:\/\/sendapp.live\/fr\/sendapp-mobile-ios-support\/\" \/>\n<meta property=\"og:locale\" content=\"fr_FR\" \/>\n<meta property=\"og:type\" content=\"article\" \/>\n<meta property=\"og:title\" content=\"Sendapp Mobile iOS Support\" \/>\n<meta property=\"og:url\" content=\"https:\/\/sendapp.live\/fr\/sendapp-mobile-ios-support\/\" \/>\n<meta property=\"og:site_name\" content=\"SendApp - Software Whatsapp Marketing\" \/>\n<meta property=\"article:publisher\" content=\"https:\/\/www.facebook.com\/sendapp.live\" \/>\n<meta property=\"article:modified_time\" content=\"2022-07-15T10:44:09+00:00\" \/>\n<meta name=\"twitter:card\" content=\"summary_large_image\" \/>\n<meta name=\"twitter:site\" content=\"@sendapp_live\" \/>\n<meta name=\"twitter:label1\" content=\"Dur\u00e9e de lecture estim\u00e9e\" \/>\n\t<meta name=\"twitter:data1\" content=\"4 minutes\" \/>\n<script type=\"application\/ld+json\" class=\"yoast-schema-graph\">{\"@context\":\"https:\\\/\\\/schema.org\",\"@graph\":[{\"@type\":\"WebPage\",\"@id\":\"https:\\\/\\\/sendapp.live\\\/fr\\\/sendapp-mobile-ios-support\\\/\",\"url\":\"https:\\\/\\\/sendapp.live\\\/fr\\\/sendapp-mobile-ios-support\\\/\",\"name\":\"Sendapp Mobile iOS Support - SendApp - Software Whatsapp Marketing\",\"isPartOf\":{\"@id\":\"https:\\\/\\\/sendapp.live\\\/it\\\/#website\"},\"datePublished\":\"2020-07-15T14:45:12+00:00\",\"dateModified\":\"2022-07-15T10:44:09+00:00\",\"breadcrumb\":{\"@id\":\"https:\\\/\\\/sendapp.live\\\/fr\\\/sendapp-mobile-ios-support\\\/#breadcrumb\"},\"inLanguage\":\"fr-FR\",\"potentialAction\":[{\"@type\":\"ReadAction\",\"target\":[\"https:\\\/\\\/sendapp.live\\\/fr\\\/sendapp-mobile-ios-support\\\/\"]}]},{\"@type\":\"BreadcrumbList\",\"@id\":\"https:\\\/\\\/sendapp.live\\\/fr\\\/sendapp-mobile-ios-support\\\/#breadcrumb\",\"itemListElement\":[{\"@type\":\"ListItem\",\"position\":1,\"name\":\"Home\",\"item\":\"https:\\\/\\\/sendapp.live\\\/\"},{\"@type\":\"ListItem\",\"position\":2,\"name\":\"Sendapp Mobile iOS Support\"}]},{\"@type\":\"WebSite\",\"@id\":\"https:\\\/\\\/sendapp.live\\\/it\\\/#website\",\"url\":\"https:\\\/\\\/sendapp.live\\\/it\\\/\",\"name\":\"SendApp\",\"description\":\"Automate Your Messages &amp; Grow Your Business\",\"publisher\":{\"@id\":\"https:\\\/\\\/sendapp.live\\\/it\\\/#organization\"},\"alternateName\":\"SendApp WhatsApp Marketing\",\"potentialAction\":[{\"@type\":\"SearchAction\",\"target\":{\"@type\":\"EntryPoint\",\"urlTemplate\":\"https:\\\/\\\/sendapp.live\\\/it\\\/?s={search_term_string}\"},\"query-input\":{\"@type\":\"PropertyValueSpecification\",\"valueRequired\":true,\"valueName\":\"search_term_string\"}}],\"inLanguage\":\"fr-FR\"},{\"@type\":\"Organization\",\"@id\":\"https:\\\/\\\/sendapp.live\\\/it\\\/#organization\",\"name\":\"SendApp\",\"url\":\"https:\\\/\\\/sendapp.live\\\/it\\\/\",\"logo\":{\"@type\":\"ImageObject\",\"inLanguage\":\"fr-FR\",\"@id\":\"https:\\\/\\\/sendapp.live\\\/it\\\/#\\\/schema\\\/logo\\\/image\\\/\",\"url\":\"https:\\\/\\\/sendapp.live\\\/wp-content\\\/uploads\\\/2025\\\/04\\\/Logo-Sendapp-300x60-1.png\",\"contentUrl\":\"https:\\\/\\\/sendapp.live\\\/wp-content\\\/uploads\\\/2025\\\/04\\\/Logo-Sendapp-300x60-1.png\",\"width\":300,\"height\":60,\"caption\":\"SendApp\"},\"image\":{\"@id\":\"https:\\\/\\\/sendapp.live\\\/it\\\/#\\\/schema\\\/logo\\\/image\\\/\"},\"sameAs\":[\"https:\\\/\\\/www.facebook.com\\\/sendapp.live\",\"https:\\\/\\\/x.com\\\/sendapp_live\",\"https:\\\/\\\/www.instagram.com\\\/sendapp.live\",\"https:\\\/\\\/www.youtube.com\\\/channel\\\/UC2gaLpi0-OJLG4CFbOr6mLw\",\"https:\\\/\\\/it.trustpilot.com\\\/review\\\/sendapp.live\"],\"description\":\"Piattaforma italiana di WhatsApp Marketing con API ufficiali Meta. Assistente AI, campagne massive, SMS Gateway gratuito, Google Calendar, automazioni. Da \u20ac16\\\/mese senza markup sui messaggi.\",\"email\":\"info@sendapp.live\",\"foundingDate\":\"2016-07-25\"}]}<\/script>\n<!-- \/ Yoast SEO Premium plugin. -->","yoast_head_json":{"title":"Prise en charge Sendapp Mobile iOS - SendApp - Logiciel de marketing Whatsapp","robots":{"index":"index","follow":"follow","max-snippet":"max-snippet:-1","max-image-preview":"max-image-preview:large","max-video-preview":"max-video-preview:-1"},"canonical":"https:\/\/sendapp.live\/fr\/sendapp-mobile-ios-support\/","og_locale":"fr_FR","og_type":"article","og_title":"Sendapp Mobile iOS Support","og_url":"https:\/\/sendapp.live\/fr\/sendapp-mobile-ios-support\/","og_site_name":"SendApp - Software Whatsapp Marketing","article_publisher":"https:\/\/www.facebook.com\/sendapp.live","article_modified_time":"2022-07-15T10:44:09+00:00","twitter_card":"summary_large_image","twitter_site":"@sendapp_live","twitter_misc":{"Dur\u00e9e de lecture estim\u00e9e":"4 minutes"},"schema":{"@context":"https:\/\/schema.org","@graph":[{"@type":"WebPage","@id":"https:\/\/sendapp.live\/fr\/sendapp-mobile-ios-support\/","url":"https:\/\/sendapp.live\/fr\/sendapp-mobile-ios-support\/","name":"Prise en charge Sendapp Mobile iOS - SendApp - Logiciel de marketing Whatsapp","isPartOf":{"@id":"https:\/\/sendapp.live\/it\/#website"},"datePublished":"2020-07-15T14:45:12+00:00","dateModified":"2022-07-15T10:44:09+00:00","breadcrumb":{"@id":"https:\/\/sendapp.live\/fr\/sendapp-mobile-ios-support\/#breadcrumb"},"inLanguage":"fr-FR","potentialAction":[{"@type":"ReadAction","target":["https:\/\/sendapp.live\/fr\/sendapp-mobile-ios-support\/"]}]},{"@type":"BreadcrumbList","@id":"https:\/\/sendapp.live\/fr\/sendapp-mobile-ios-support\/#breadcrumb","itemListElement":[{"@type":"ListItem","position":1,"name":"Home","item":"https:\/\/sendapp.live\/"},{"@type":"ListItem","position":2,"name":"Sendapp Mobile iOS Support"}]},{"@type":"WebSite","@id":"https:\/\/sendapp.live\/it\/#website","url":"https:\/\/sendapp.live\/it\/","name":"EnvoyerApp","description":"Automatisez vos messages et d\u00e9veloppez votre activit\u00e9","publisher":{"@id":"https:\/\/sendapp.live\/it\/#organization"},"alternateName":"SendApp WhatsApp Marketing","potentialAction":[{"@type":"SearchAction","target":{"@type":"EntryPoint","urlTemplate":"https:\/\/sendapp.live\/it\/?s={search_term_string}"},"query-input":{"@type":"PropertyValueSpecification","valueRequired":true,"valueName":"search_term_string"}}],"inLanguage":"fr-FR"},{"@type":"Organization","@id":"https:\/\/sendapp.live\/it\/#organization","name":"EnvoyerApp","url":"https:\/\/sendapp.live\/it\/","logo":{"@type":"ImageObject","inLanguage":"fr-FR","@id":"https:\/\/sendapp.live\/it\/#\/schema\/logo\/image\/","url":"https:\/\/sendapp.live\/wp-content\/uploads\/2025\/04\/Logo-Sendapp-300x60-1.png","contentUrl":"https:\/\/sendapp.live\/wp-content\/uploads\/2025\/04\/Logo-Sendapp-300x60-1.png","width":300,"height":60,"caption":"SendApp"},"image":{"@id":"https:\/\/sendapp.live\/it\/#\/schema\/logo\/image\/"},"sameAs":["https:\/\/www.facebook.com\/sendapp.live","https:\/\/x.com\/sendapp_live","https:\/\/www.instagram.com\/sendapp.live","https:\/\/www.youtube.com\/channel\/UC2gaLpi0-OJLG4CFbOr6mLw","https:\/\/it.trustpilot.com\/review\/sendapp.live"],"description":"Plateforme italienne de marketing WhatsApp avec API Meta officielle. Assistant IA, campagnes de masse, passerelle SMS gratuite, Google Agenda, automatisations. \u00c0 partir de 16 \u20ac\/mois sans majoration de prix.","email":"info@sendapp.live","foundingDate":"2016-07-25"}]}},"_links":{"self":[{"href":"https:\/\/sendapp.live\/fr\/wp-json\/wp\/v2\/pages\/16819","targetHints":{"allow":["GET"]}}],"collection":[{"href":"https:\/\/sendapp.live\/fr\/wp-json\/wp\/v2\/pages"}],"about":[{"href":"https:\/\/sendapp.live\/fr\/wp-json\/wp\/v2\/types\/page"}],"author":[{"embeddable":true,"href":"https:\/\/sendapp.live\/fr\/wp-json\/wp\/v2\/users\/1"}],"replies":[{"embeddable":true,"href":"https:\/\/sendapp.live\/fr\/wp-json\/wp\/v2\/comments?post=16819"}],"version-history":[{"count":0,"href":"https:\/\/sendapp.live\/fr\/wp-json\/wp\/v2\/pages\/16819\/revisions"}],"wp:attachment":[{"href":"https:\/\/sendapp.live\/fr\/wp-json\/wp\/v2\/media?parent=16819"}],"curies":[{"name":"wp","href":"https:\/\/api.w.org\/{rel}","templated":true}]}}