{"id":22806,"date":"2022-03-30T12:36:54","date_gmt":"2022-03-30T10:36:54","guid":{"rendered":"https:\/\/sendapp.live\/?page_id=22806"},"modified":"2024-11-18T16:59:00","modified_gmt":"2024-11-18T15:59:00","slug":"notifications-whatsapp-shopify-recuperation-panier-abandon","status":"publish","type":"page","link":"https:\/\/sendapp.live\/fr\/notifiche-whatsapp-shopify-recupero-carrello-abbandono\/","title":{"rendered":"notifications WhatsApp Shopify r\u00e9cup\u00e9ration de panier abandonn\u00e9"},"content":{"rendered":"<div id=\"fws_69f544e77ac4b\"  data-column-margin=\"default\" data-midnight=\"dark\"  class=\"wpb_row vc_row-fluid vc_row  top_margin_5pct\"  style=\"padding-top: 0px; padding-bottom: 0px; \"><div class=\"row-bg-wrap\" data-bg-animation=\"none\" data-bg-animation-delay=\"\" data-bg-overlay=\"false\"><div class=\"inner-wrap row-bg-layer\" ><div class=\"row-bg viewport-desktop\"  style=\"\"><\/div><\/div><\/div><div class=\"row_col_wrap_12 col span_12 dark left\">\n\t<div  class=\"vc_col-sm-2\/5 wpb_column column_container vc_column_container col no-extra-padding inherit_tablet inherit_phone\"  data-padding-pos=\"top\" data-has-bg-color=\"false\" data-bg-color=\"\" data-bg-opacity=\"1\" data-animation=\"\" data-delay=\"0\" >\n\t\t<div class=\"vc_column-inner\" >\n\t\t\t<div class=\"wpb_wrapper\">\n\t\t\t\t<div class=\"img-with-aniamtion-wrap\" data-max-width=\"100%\" data-max-width-mobile=\"default\" data-shadow=\"none\" data-animation=\"fade-in\" >\n      <div class=\"inner\">\n        <div class=\"hover-wrap\"> \n          <div class=\"hover-wrap-inner\">\n            <img loading=\"lazy\" decoding=\"async\" class=\"img-with-animation skip-lazy\" data-delay=\"0\" height=\"910\" width=\"854\" data-animation=\"fade-in\" src=\"https:\/\/sendapp.live\/wp-content\/uploads\/2022\/03\/whatsapp-notification.jpg\" alt=\"\" srcset=\"https:\/\/sendapp.live\/wp-content\/uploads\/2022\/03\/whatsapp-notification.jpg 854w, https:\/\/sendapp.live\/wp-content\/uploads\/2022\/03\/whatsapp-notification-282x300.jpg 282w, https:\/\/sendapp.live\/wp-content\/uploads\/2022\/03\/whatsapp-notification-768x818.jpg 768w, https:\/\/sendapp.live\/wp-content\/uploads\/2022\/03\/whatsapp-notification-11x12.jpg 11w, https:\/\/sendapp.live\/wp-content\/uploads\/2022\/03\/whatsapp-notification-600x639.jpg 600w\" sizes=\"auto, (max-width: 854px) 100vw, 854px\" \/>\n          <\/div>\n        <\/div>\n      <\/div>\n    <\/div>\n\t\t\t<\/div> \n\t\t<\/div>\n\t<\/div> \n\n\t<div  class=\"vc_col-sm-3\/5 wpb_column column_container vc_column_container col no-extra-padding inherit_tablet inherit_phone\"  data-padding-pos=\"all\" data-has-bg-color=\"false\" data-bg-color=\"\" data-bg-opacity=\"1\" data-animation=\"\" data-delay=\"0\" >\n\t\t<div class=\"vc_column-inner\" >\n\t\t\t<div class=\"wpb_wrapper\">\n\t\t\t\t\n<div class=\"wpb_text_column wpb_content_element\" >\n\t<div class=\"wpb_wrapper\">\n\t\t<h2><span style=\"color: #339966;\">Notifications WhatsApp dans Shopify<\/span><br \/>\n<span style=\"color: #339966;\">pour les commandes et la r\u00e9cup\u00e9ration de panier abandonn\u00e9<\/span><\/h2>\n\t<\/div>\n<\/div>\n\n\n\n\n<div class=\"wpb_text_column wpb_content_element\" >\n\t<div class=\"wpb_wrapper\">\n\t\t<p>Envoyer des messages de r\u00e9cup\u00e9ration de panier abandonn\u00e9<br \/>\nnotifications Commandes via WhatsApp\/SMS pour augmenter<br \/>\nl&#039;engagement avec vos clients \u00e0 travers<br \/>\nnotre int\u00e9gration SendApp gratuite.<\/p>\n\t<\/div>\n<\/div>\n\n\n\n\n\t\t\t<\/div> \n\t\t<\/div>\n\t<\/div> \n<\/div><\/div>\n\t\t<div id=\"fws_69f544e77bdc6\"  data-column-margin=\"default\" data-midnight=\"dark\"  class=\"wpb_row vc_row-fluid vc_row full-width-section\"  style=\"padding-top: 0px; padding-bottom: 100px; \"><div class=\"row-bg-wrap\" data-bg-animation=\"none\" data-bg-animation-delay=\"\" data-bg-overlay=\"false\"><div class=\"inner-wrap row-bg-layer\" ><div class=\"row-bg viewport-desktop using-bg-color\"  style=\"background-color: #ffffff; \"><\/div><\/div><\/div><div class=\"row_col_wrap_12 col span_12 dark left\">\n\t<div  class=\"vc_col-sm-12 wpb_column column_container vc_column_container col no-extra-padding inherit_tablet inherit_phone\"  data-padding-pos=\"all\" data-has-bg-color=\"false\" data-bg-color=\"\" data-bg-opacity=\"1\" data-animation=\"\" data-delay=\"0\" >\n\t\t<div class=\"vc_column-inner\" >\n\t\t\t<div class=\"wpb_wrapper\">\n\t\t\t\t<div class=\"nectar-gradient-text\" data-direction=\"horizontal\" data-color=\"extra-color-gradient-1\" style=\"margin-top: 90px; margin-bottom: 0px; \"><h2>Instructions d&#039;utilisation de SendApp pour l&#039;envoi de notifications avec Shopify<\/h2><\/div><div class=\"toggles\" data-br=\"\" data-starting=\"default\" data-style=\"minimal\"><div class=\"toggle default\" data-inner-wrap=\"true\"><h3 class=\"toggle-title\"><a href=\"#\" role=\"button\" class=\"toggle-heading\"><i role=\"presentation\" class=\"fa fa-plus-circle\"><\/i>Configuration de Webhooks dans Shopify pour Sendapp.cloud<\/a><\/h3><div><div class=\"inner-toggle-wrap\">\n<div class=\"wpb_text_column wpb_content_element\" >\n\t<div class=\"wpb_wrapper\">\n\t\t<h3><span id=\"Cose_un_webhook_ed_a_cosa_serve\">Qu&#039;est-ce qu&#039;un webhook et \u00e0 quoi \u00e7a sert ?<\/span><\/h3>\n<p>Les webhooks sont un outil n\u00e9cessaire pour synchroniser les applications et services externes et ex\u00e9cuter du code lorsqu&#039;un \u00e9v\u00e9nement sp\u00e9cifique se produit dans le magasin, par exemple lorsqu&#039;un nouveau produit est cr\u00e9\u00e9 ou qu&#039;une commande est pass\u00e9e. Dans le cas de ce guide,<strong>\u00a0le webhook est utilis\u00e9 pour informer Growish Charity qu&#039;un client a termin\u00e9 une commande afin d&#039;activer le syst\u00e8me de don.<\/strong><\/p>\n<h3><span id=\"Come_creare_un_webhook\">Comment cr\u00e9er un webhook<\/span><\/h3>\n<ul>\n<li>Depuis votre interface administrateur Shopify, acc\u00e9dez \u00e0\u00a0<strong>Param\u00e8tres &gt; Notifications<\/strong><\/li>\n<li>En d\u00e9filant vers le bas, vous trouverez la section\u00a0<strong>Webhooks<\/strong><\/li>\n<li>Cliquez sur\u00a0<strong><strong>Cr\u00e9er un webhook<\/strong><\/strong><img loading=\"lazy\" decoding=\"async\" class=\"size-full wp-image-22813 aligncenter\" src=\"https:\/\/sendapp.live\/wp-content\/uploads\/2022\/03\/come-creare-webhook-shopify-charity-growish-1.png\" alt=\"\" width=\"894\" height=\"398\" srcset=\"https:\/\/sendapp.live\/wp-content\/uploads\/2022\/03\/come-creare-webhook-shopify-charity-growish-1.png 894w, https:\/\/sendapp.live\/wp-content\/uploads\/2022\/03\/come-creare-webhook-shopify-charity-growish-1-300x134.png 300w, https:\/\/sendapp.live\/wp-content\/uploads\/2022\/03\/come-creare-webhook-shopify-charity-growish-1-768x342.png 768w, https:\/\/sendapp.live\/wp-content\/uploads\/2022\/03\/come-creare-webhook-shopify-charity-growish-1-18x8.png 18w, https:\/\/sendapp.live\/wp-content\/uploads\/2022\/03\/come-creare-webhook-shopify-charity-growish-1-600x267.png 600w\" sizes=\"auto, (max-width: 894px) 100vw, 894px\" \/><br \/>\n<h3><span id=\"Elementi_di_un_webhook\">\u00c9l\u00e9ments d&#039;un webhook<\/span><\/h3>\n<p>Pour cr\u00e9er un webhook<strong>\u00a0vous devez avoir les \u00e9l\u00e9ments suivants :<\/strong><\/p>\n<ul>\n<li><strong>\u00c9v\u00e9nement<\/strong>\u00a0(ce qui doit se passer sur la boutique pour que le webhook s&#039;active, par exemple une Commande termin\u00e9e)<\/li>\n<li><strong>Format<\/strong><\/li>\n<li><strong>URL<\/strong>\u00a0cible du webhook<\/li>\n<li><strong><strong>Version de l&#039;API<\/strong><\/strong>&nbsp;\n<p><img loading=\"lazy\" decoding=\"async\" class=\"wp-image-2289 aligncenter\" src=\"http:\/\/104.248.90.120\/wp-content\/uploads\/2020\/03\/come-creare-webhook-shopify-charity-growish-2.png\" alt=\"\" width=\"650\" height=\"409\" \/><\/li>\n<\/ul>\n<\/li>\n<\/ul>\n\t<\/div>\n<\/div>\n\n\n\n<\/div><\/div><\/div><div class=\"toggle default\" data-inner-wrap=\"true\"><h3 class=\"toggle-title\"><a href=\"#\" role=\"button\" class=\"toggle-heading\"><i role=\"presentation\" class=\"fa fa-plus-circle\"><\/i>Cr\u00e9er une URL de notification personnalis\u00e9e avec Sendapp.cloud<\/a><\/h3><div><div class=\"inner-toggle-wrap\">\n<div class=\"wpb_text_column wpb_content_element\" >\n\t<div class=\"wpb_wrapper\">\n\t\t<p>Notre objectif est de fournir autant de fonctionnalit\u00e9s que possible afin que vous, en tant que propri\u00e9taire du site, puissiez configurer le plugin comme vous le souhaitez, et tout cela tout en gardant l&#039;interface facile \u00e0 comprendre. Mais il est toujours bon de conna\u00eetre toutes les options.<br \/>\nLe plugin est divis\u00e9 en trois sections principales Configuration, Configuration, Aide.<\/p>\n<p>Param\u00e8tre<br \/>\nDe cette fa\u00e7on, vous pourrez d\u00e9finir l&#039;API et la passerelle Sendapp que vous avez l&#039;intention d&#039;utiliser pour envoyer des messages WhatsApp et SMS.<\/p>\n<p>API Sendapp Colud<br \/>\nSi vous avez le plan https:\/\/sendapp.cloud, vous pouvez cr\u00e9er une instance avec votre compte WhatsApp personnel multisession ou votre entreprise multisession<br \/>\nApr\u00e8s la cr\u00e9ation de l&#039;instance, vous pouvez copier votre jeton et votre identifiant Isatnza pour le coller dans votre plugin WordPress Sendapp Notification<\/p>\n<p>E-mail Sendapp Connect<br \/>\nSi vous avez Sendap Connect dans le plugin WordPress, vous devez entrer le m\u00eame e-mail configur\u00e9 sur votre Sendapp Connect pour envoyer des notifications.<\/p>\n<p>API SMS Sendapp<br \/>\nSi vous avez la passerelle SMS https:\/\/sms.sendapp.live, vous pouvez acc\u00e9der \u00e0 votre cl\u00e9 API pour la copier et la coller dans votre plugin WordPress<\/p>\n\t<\/div>\n<\/div>\n\n\n\n<\/div><\/div><\/div><div class=\"toggle default\" data-inner-wrap=\"true\"><h3 class=\"toggle-title\"><a href=\"#\" role=\"button\" class=\"toggle-heading\"><i role=\"presentation\" class=\"fa fa-plus-circle\"><\/i>Espaces r\u00e9serv\u00e9s pour le mod\u00e8le de message<\/a><\/h3><div><div class=\"inner-toggle-wrap\">\n<div class=\"wpb_text_column wpb_content_element\" >\n\t<div class=\"wpb_wrapper\">\n\t\t<p>Vous trouverez ci-dessous la liste des espaces r\u00e9serv\u00e9s que vous pouvez utiliser dans votre mod\u00e8le de message.<\/p>\n<p><iframe loading=\"lazy\" src=\"https:\/\/shopify.dev\/api\/liquid\/objects\/shop#shop-phone\" width=\"100%\" height=\"400\" frameborder=\"0\"><\/iframe><\/p>\n\t<\/div>\n<\/div>\n\n\n\n<\/div><\/div><\/div><\/div>\n\n\n\n\n\n\n\n\n\n\n\n\n\n\n\n\n\n\n\n\n\t\t\t<\/div> \n\t\t<\/div>\n\t<\/div> \n<\/div><\/div>","protected":false},"excerpt":{"rendered":"Notifications WhatsApp sur Shopify pour les commandes et la r\u00e9cup\u00e9ration de panier abandonn\u00e9 Envoyez des messages de r\u00e9cup\u00e9ration de panier abandonn\u00e9 et des notifications de commande via WhatsApp\/SMS pour augmenter l&#039;engagement avec vos clients gr\u00e2ce \u00e0...","protected":false},"author":1,"featured_media":0,"parent":0,"menu_order":0,"comment_status":"closed","ping_status":"closed","template":"","meta":{"_daim_seo_power":"","_daim_enable_ail":"","footnotes":""},"class_list":["post-22806","page","type-page","status-publish"],"yoast_head":"<!-- This site is optimized with the Yoast SEO Premium plugin v27.5 (Yoast SEO v27.5) - https:\/\/yoast.com\/product\/yoast-seo-premium-wordpress\/ -->\n<title>notifiche whatsapp shopify recupero carrello abbandono - SendApp - Software Whatsapp Marketing<\/title>\n<meta name=\"robots\" content=\"index, follow, max-snippet:-1, max-image-preview:large, max-video-preview:-1\" \/>\n<link rel=\"canonical\" href=\"https:\/\/sendapp.live\/fr\/notifications-whatsapp-shopify-recuperation-panier-abandon\/\" \/>\n<meta property=\"og:locale\" content=\"fr_FR\" \/>\n<meta property=\"og:type\" content=\"article\" \/>\n<meta property=\"og:title\" content=\"notifiche whatsapp shopify recupero carrello abbandono\" \/>\n<meta property=\"og:url\" content=\"https:\/\/sendapp.live\/fr\/notifications-whatsapp-shopify-recuperation-panier-abandon\/\" \/>\n<meta property=\"og:site_name\" content=\"SendApp - Software Whatsapp Marketing\" \/>\n<meta property=\"article:publisher\" content=\"https:\/\/www.facebook.com\/sendapp.live\" \/>\n<meta property=\"article:modified_time\" content=\"2024-11-18T15:59:00+00:00\" \/>\n<meta property=\"og:image\" content=\"https:\/\/sendapp.live\/wp-content\/uploads\/2022\/03\/come-creare-webhook-shopify-charity-growish-1.png\" \/>\n<meta name=\"twitter:card\" content=\"summary_large_image\" \/>\n<meta name=\"twitter:site\" content=\"@sendapp_live\" \/>\n<meta name=\"twitter:label1\" content=\"Dur\u00e9e de lecture estim\u00e9e\" \/>\n\t<meta name=\"twitter:data1\" content=\"4 minutes\" \/>\n<script type=\"application\/ld+json\" class=\"yoast-schema-graph\">{\"@context\":\"https:\\\/\\\/schema.org\",\"@graph\":[{\"@type\":\"WebPage\",\"@id\":\"https:\\\/\\\/sendapp.live\\\/notifiche-whatsapp-shopify-recupero-carrello-abbandono\\\/\",\"url\":\"https:\\\/\\\/sendapp.live\\\/notifiche-whatsapp-shopify-recupero-carrello-abbandono\\\/\",\"name\":\"notifiche whatsapp shopify recupero carrello abbandono - SendApp - Software Whatsapp Marketing\",\"isPartOf\":{\"@id\":\"https:\\\/\\\/sendapp.live\\\/it\\\/#website\"},\"primaryImageOfPage\":{\"@id\":\"https:\\\/\\\/sendapp.live\\\/notifiche-whatsapp-shopify-recupero-carrello-abbandono\\\/#primaryimage\"},\"image\":{\"@id\":\"https:\\\/\\\/sendapp.live\\\/notifiche-whatsapp-shopify-recupero-carrello-abbandono\\\/#primaryimage\"},\"thumbnailUrl\":\"https:\\\/\\\/sendapp.live\\\/wp-content\\\/uploads\\\/2022\\\/03\\\/come-creare-webhook-shopify-charity-growish-1.png\",\"datePublished\":\"2022-03-30T10:36:54+00:00\",\"dateModified\":\"2024-11-18T15:59:00+00:00\",\"breadcrumb\":{\"@id\":\"https:\\\/\\\/sendapp.live\\\/notifiche-whatsapp-shopify-recupero-carrello-abbandono\\\/#breadcrumb\"},\"inLanguage\":\"fr-FR\",\"potentialAction\":[{\"@type\":\"ReadAction\",\"target\":[\"https:\\\/\\\/sendapp.live\\\/notifiche-whatsapp-shopify-recupero-carrello-abbandono\\\/\"]}]},{\"@type\":\"ImageObject\",\"inLanguage\":\"fr-FR\",\"@id\":\"https:\\\/\\\/sendapp.live\\\/notifiche-whatsapp-shopify-recupero-carrello-abbandono\\\/#primaryimage\",\"url\":\"https:\\\/\\\/sendapp.live\\\/wp-content\\\/uploads\\\/2022\\\/03\\\/come-creare-webhook-shopify-charity-growish-1.png\",\"contentUrl\":\"https:\\\/\\\/sendapp.live\\\/wp-content\\\/uploads\\\/2022\\\/03\\\/come-creare-webhook-shopify-charity-growish-1.png\"},{\"@type\":\"BreadcrumbList\",\"@id\":\"https:\\\/\\\/sendapp.live\\\/notifiche-whatsapp-shopify-recupero-carrello-abbandono\\\/#breadcrumb\",\"itemListElement\":[{\"@type\":\"ListItem\",\"position\":1,\"name\":\"Home\",\"item\":\"https:\\\/\\\/sendapp.live\\\/\"},{\"@type\":\"ListItem\",\"position\":2,\"name\":\"notifiche whatsapp shopify recupero carrello abbandono\"}]},{\"@type\":\"WebSite\",\"@id\":\"https:\\\/\\\/sendapp.live\\\/it\\\/#website\",\"url\":\"https:\\\/\\\/sendapp.live\\\/it\\\/\",\"name\":\"SendApp\",\"description\":\"Automate Your Messages &amp; Grow Your Business\",\"publisher\":{\"@id\":\"https:\\\/\\\/sendapp.live\\\/it\\\/#organization\"},\"alternateName\":\"SendApp WhatsApp Marketing\",\"potentialAction\":[{\"@type\":\"SearchAction\",\"target\":{\"@type\":\"EntryPoint\",\"urlTemplate\":\"https:\\\/\\\/sendapp.live\\\/it\\\/?s={search_term_string}\"},\"query-input\":{\"@type\":\"PropertyValueSpecification\",\"valueRequired\":true,\"valueName\":\"search_term_string\"}}],\"inLanguage\":\"fr-FR\"},{\"@type\":\"Organization\",\"@id\":\"https:\\\/\\\/sendapp.live\\\/it\\\/#organization\",\"name\":\"SendApp\",\"url\":\"https:\\\/\\\/sendapp.live\\\/it\\\/\",\"logo\":{\"@type\":\"ImageObject\",\"inLanguage\":\"fr-FR\",\"@id\":\"https:\\\/\\\/sendapp.live\\\/it\\\/#\\\/schema\\\/logo\\\/image\\\/\",\"url\":\"https:\\\/\\\/sendapp.live\\\/wp-content\\\/uploads\\\/2025\\\/04\\\/Logo-Sendapp-300x60-1.png\",\"contentUrl\":\"https:\\\/\\\/sendapp.live\\\/wp-content\\\/uploads\\\/2025\\\/04\\\/Logo-Sendapp-300x60-1.png\",\"width\":300,\"height\":60,\"caption\":\"SendApp\"},\"image\":{\"@id\":\"https:\\\/\\\/sendapp.live\\\/it\\\/#\\\/schema\\\/logo\\\/image\\\/\"},\"sameAs\":[\"https:\\\/\\\/www.facebook.com\\\/sendapp.live\",\"https:\\\/\\\/x.com\\\/sendapp_live\",\"https:\\\/\\\/www.instagram.com\\\/sendapp.live\",\"https:\\\/\\\/www.youtube.com\\\/channel\\\/UC2gaLpi0-OJLG4CFbOr6mLw\",\"https:\\\/\\\/it.trustpilot.com\\\/review\\\/sendapp.live\"],\"description\":\"Piattaforma italiana di WhatsApp Marketing con API ufficiali Meta. Assistente AI, campagne massive, SMS Gateway gratuito, Google Calendar, automazioni. Da \u20ac16\\\/mese senza markup sui messaggi.\",\"email\":\"info@sendapp.live\",\"foundingDate\":\"2016-07-25\"}]}<\/script>\n<!-- \/ Yoast SEO Premium plugin. -->","yoast_head_json":{"title":"Notifications WhatsApp pour la r\u00e9cup\u00e9ration des paniers abandonn\u00e9s Shopify - SendApp - Logiciel de marketing WhatsApp","robots":{"index":"index","follow":"follow","max-snippet":"max-snippet:-1","max-image-preview":"max-image-preview:large","max-video-preview":"max-video-preview:-1"},"canonical":"https:\/\/sendapp.live\/fr\/notifications-whatsapp-shopify-recuperation-panier-abandon\/","og_locale":"fr_FR","og_type":"article","og_title":"notifiche whatsapp shopify recupero carrello abbandono","og_url":"https:\/\/sendapp.live\/fr\/notifications-whatsapp-shopify-recuperation-panier-abandon\/","og_site_name":"SendApp - Software Whatsapp Marketing","article_publisher":"https:\/\/www.facebook.com\/sendapp.live","article_modified_time":"2024-11-18T15:59:00+00:00","og_image":[{"url":"https:\/\/sendapp.live\/wp-content\/uploads\/2022\/03\/come-creare-webhook-shopify-charity-growish-1.png","type":"","width":"","height":""}],"twitter_card":"summary_large_image","twitter_site":"@sendapp_live","twitter_misc":{"Dur\u00e9e de lecture estim\u00e9e":"4 minutes"},"schema":{"@context":"https:\/\/schema.org","@graph":[{"@type":"WebPage","@id":"https:\/\/sendapp.live\/notifiche-whatsapp-shopify-recupero-carrello-abbandono\/","url":"https:\/\/sendapp.live\/notifiche-whatsapp-shopify-recupero-carrello-abbandono\/","name":"Notifications WhatsApp pour la r\u00e9cup\u00e9ration des paniers abandonn\u00e9s Shopify - SendApp - Logiciel de marketing WhatsApp","isPartOf":{"@id":"https:\/\/sendapp.live\/it\/#website"},"primaryImageOfPage":{"@id":"https:\/\/sendapp.live\/notifiche-whatsapp-shopify-recupero-carrello-abbandono\/#primaryimage"},"image":{"@id":"https:\/\/sendapp.live\/notifiche-whatsapp-shopify-recupero-carrello-abbandono\/#primaryimage"},"thumbnailUrl":"https:\/\/sendapp.live\/wp-content\/uploads\/2022\/03\/come-creare-webhook-shopify-charity-growish-1.png","datePublished":"2022-03-30T10:36:54+00:00","dateModified":"2024-11-18T15:59:00+00:00","breadcrumb":{"@id":"https:\/\/sendapp.live\/notifiche-whatsapp-shopify-recupero-carrello-abbandono\/#breadcrumb"},"inLanguage":"fr-FR","potentialAction":[{"@type":"ReadAction","target":["https:\/\/sendapp.live\/notifiche-whatsapp-shopify-recupero-carrello-abbandono\/"]}]},{"@type":"ImageObject","inLanguage":"fr-FR","@id":"https:\/\/sendapp.live\/notifiche-whatsapp-shopify-recupero-carrello-abbandono\/#primaryimage","url":"https:\/\/sendapp.live\/wp-content\/uploads\/2022\/03\/come-creare-webhook-shopify-charity-growish-1.png","contentUrl":"https:\/\/sendapp.live\/wp-content\/uploads\/2022\/03\/come-creare-webhook-shopify-charity-growish-1.png"},{"@type":"BreadcrumbList","@id":"https:\/\/sendapp.live\/notifiche-whatsapp-shopify-recupero-carrello-abbandono\/#breadcrumb","itemListElement":[{"@type":"ListItem","position":1,"name":"Home","item":"https:\/\/sendapp.live\/"},{"@type":"ListItem","position":2,"name":"notifiche whatsapp shopify recupero carrello abbandono"}]},{"@type":"WebSite","@id":"https:\/\/sendapp.live\/it\/#website","url":"https:\/\/sendapp.live\/it\/","name":"EnvoyerApp","description":"Automatisez vos messages et d\u00e9veloppez votre activit\u00e9","publisher":{"@id":"https:\/\/sendapp.live\/it\/#organization"},"alternateName":"SendApp WhatsApp Marketing","potentialAction":[{"@type":"SearchAction","target":{"@type":"EntryPoint","urlTemplate":"https:\/\/sendapp.live\/it\/?s={search_term_string}"},"query-input":{"@type":"PropertyValueSpecification","valueRequired":true,"valueName":"search_term_string"}}],"inLanguage":"fr-FR"},{"@type":"Organization","@id":"https:\/\/sendapp.live\/it\/#organization","name":"EnvoyerApp","url":"https:\/\/sendapp.live\/it\/","logo":{"@type":"ImageObject","inLanguage":"fr-FR","@id":"https:\/\/sendapp.live\/it\/#\/schema\/logo\/image\/","url":"https:\/\/sendapp.live\/wp-content\/uploads\/2025\/04\/Logo-Sendapp-300x60-1.png","contentUrl":"https:\/\/sendapp.live\/wp-content\/uploads\/2025\/04\/Logo-Sendapp-300x60-1.png","width":300,"height":60,"caption":"SendApp"},"image":{"@id":"https:\/\/sendapp.live\/it\/#\/schema\/logo\/image\/"},"sameAs":["https:\/\/www.facebook.com\/sendapp.live","https:\/\/x.com\/sendapp_live","https:\/\/www.instagram.com\/sendapp.live","https:\/\/www.youtube.com\/channel\/UC2gaLpi0-OJLG4CFbOr6mLw","https:\/\/it.trustpilot.com\/review\/sendapp.live"],"description":"Plateforme italienne de marketing WhatsApp avec API Meta officielle. Assistant IA, campagnes de masse, passerelle SMS gratuite, Google Agenda, automatisations. \u00c0 partir de 16 \u20ac\/mois sans majoration de prix.","email":"info@sendapp.live","foundingDate":"2016-07-25"}]}},"_links":{"self":[{"href":"https:\/\/sendapp.live\/fr\/wp-json\/wp\/v2\/pages\/22806","targetHints":{"allow":["GET"]}}],"collection":[{"href":"https:\/\/sendapp.live\/fr\/wp-json\/wp\/v2\/pages"}],"about":[{"href":"https:\/\/sendapp.live\/fr\/wp-json\/wp\/v2\/types\/page"}],"author":[{"embeddable":true,"href":"https:\/\/sendapp.live\/fr\/wp-json\/wp\/v2\/users\/1"}],"replies":[{"embeddable":true,"href":"https:\/\/sendapp.live\/fr\/wp-json\/wp\/v2\/comments?post=22806"}],"version-history":[{"count":1,"href":"https:\/\/sendapp.live\/fr\/wp-json\/wp\/v2\/pages\/22806\/revisions"}],"predecessor-version":[{"id":32928,"href":"https:\/\/sendapp.live\/fr\/wp-json\/wp\/v2\/pages\/22806\/revisions\/32928"}],"wp:attachment":[{"href":"https:\/\/sendapp.live\/fr\/wp-json\/wp\/v2\/media?parent=22806"}],"curies":[{"name":"wp","href":"https:\/\/api.w.org\/{rel}","templated":true}]}}