{"id":24067,"date":"2022-11-03T10:17:29","date_gmt":"2022-11-03T09:17:29","guid":{"rendered":"https:\/\/sendapp.live\/?page_id=24067"},"modified":"2025-01-21T23:21:54","modified_gmt":"2025-01-21T22:21:54","slug":"meilleur-wordpress-whatsapp-messagerie-sms-et-plugin-de-notification","status":"publish","type":"page","link":"https:\/\/sendapp.live\/fr\/best-wordpress-whatsapp-sms-messagging-and-notification-plugin\/","title":{"rendered":"Meilleur plugin de messagerie et de notification WordPress Whatsapp-SMS"},"content":{"rendered":"<div id=\"fws_69e2f8cb21d97\"  data-column-margin=\"default\" data-midnight=\"dark\"  class=\"wpb_row vc_row-fluid vc_row  top_margin_5pct\"  style=\"padding-top: 0px; padding-bottom: 0px; \"><div class=\"row-bg-wrap\" data-bg-animation=\"none\" data-bg-animation-delay=\"\" data-bg-overlay=\"false\"><div class=\"inner-wrap row-bg-layer\" ><div class=\"row-bg viewport-desktop\"  style=\"\"><\/div><\/div><\/div><div class=\"row_col_wrap_12 col span_12 dark left\">\n\t<div  class=\"vc_col-sm-2\/5 wpb_column column_container vc_column_container col no-extra-padding inherit_tablet inherit_phone\"  data-padding-pos=\"top\" data-has-bg-color=\"false\" data-bg-color=\"\" data-bg-opacity=\"1\" data-animation=\"\" data-delay=\"0\" >\n\t\t<div class=\"vc_column-inner\" >\n\t\t\t<div class=\"wpb_wrapper\">\n\t\t\t\t<div class=\"img-with-aniamtion-wrap\" data-max-width=\"100%\" data-max-width-mobile=\"default\" data-shadow=\"none\" data-animation=\"fade-in\" >\n      <div class=\"inner\">\n        <div class=\"hover-wrap\"> \n          <div class=\"hover-wrap-inner\">\n            <img loading=\"lazy\" decoding=\"async\" class=\"img-with-animation skip-lazy\" data-delay=\"0\" height=\"910\" width=\"854\" data-animation=\"fade-in\" src=\"https:\/\/sendapp.live\/wp-content\/uploads\/2022\/03\/whatsapp-notification.jpg\" alt=\"\" srcset=\"https:\/\/sendapp.live\/wp-content\/uploads\/2022\/03\/whatsapp-notification.jpg 854w, https:\/\/sendapp.live\/wp-content\/uploads\/2022\/03\/whatsapp-notification-282x300.jpg 282w, https:\/\/sendapp.live\/wp-content\/uploads\/2022\/03\/whatsapp-notification-768x818.jpg 768w, https:\/\/sendapp.live\/wp-content\/uploads\/2022\/03\/whatsapp-notification-11x12.jpg 11w, https:\/\/sendapp.live\/wp-content\/uploads\/2022\/03\/whatsapp-notification-600x639.jpg 600w\" sizes=\"auto, (max-width: 854px) 100vw, 854px\" \/>\n          <\/div>\n        <\/div>\n      <\/div>\n    <\/div>\n\t\t\t<\/div> \n\t\t<\/div>\n\t<\/div> \n\n\t<div  class=\"vc_col-sm-3\/5 wpb_column column_container vc_column_container col no-extra-padding inherit_tablet inherit_phone\"  data-padding-pos=\"all\" data-has-bg-color=\"false\" data-bg-color=\"\" data-bg-opacity=\"1\" data-animation=\"\" data-delay=\"0\" >\n\t\t<div class=\"vc_column-inner\" >\n\t\t\t<div class=\"wpb_wrapper\">\n\t\t\t\t\n<div class=\"wpb_text_column wpb_content_element\" >\n\t<div class=\"wpb_wrapper\">\n\t\t<h2><span style=\"color: #008000;\">Le meilleur plugin de notification et de messagerie SMS WordPress Whatsapp<\/span><\/h2>\n\t<\/div>\n<\/div>\n\n\n\n\n<div class=\"wpb_text_column wpb_content_element\" >\n\t<div class=\"wpb_wrapper\">\n\t\t<h3>Envoyer des messages de r\u00e9cup\u00e9ration de panier abandonn\u00e9<br \/>\nnotifications Commandes via WhatsApp\/SMS pour augmenter<br \/>\nl&#039;engagement avec vos clients \u00e0 travers<br \/>\nnotre int\u00e9gration WooCommerce gratuite.<\/h3>\n\t<\/div>\n<\/div>\n\n\n\n<a class=\"nectar-button jumbo regular accent-color  regular-button\"  role=\"button\" style=\"margin-top: 30px; \" target=\"_blank\" href=\"https:\/\/wordpress.org\/plugins\/wp-sms\/\" data-color-override=\"false\" data-hover-color-override=\"false\" data-hover-text-color-override=\"#fff\"><span>T\u00e9l\u00e9charger maintenant<\/span><\/a>\n\t\t\t<\/div> \n\t\t<\/div>\n\t<\/div> \n<\/div><\/div>\n\t\t<div id=\"fws_69e2f8cb228b5\"  data-column-margin=\"default\" data-midnight=\"dark\"  class=\"wpb_row vc_row-fluid vc_row full-width-section\"  style=\"padding-top: 0px; padding-bottom: 100px; \"><div class=\"row-bg-wrap\" data-bg-animation=\"none\" data-bg-animation-delay=\"\" data-bg-overlay=\"false\"><div class=\"inner-wrap row-bg-layer\" ><div class=\"row-bg viewport-desktop using-bg-color\"  style=\"background-color: #ffffff; \"><\/div><\/div><\/div><div class=\"row_col_wrap_12 col span_12 dark left\">\n\t<div  class=\"vc_col-sm-12 wpb_column column_container vc_column_container col no-extra-padding inherit_tablet inherit_phone\"  data-padding-pos=\"all\" data-has-bg-color=\"false\" data-bg-color=\"\" data-bg-opacity=\"1\" data-animation=\"\" data-delay=\"0\" >\n\t\t<div class=\"vc_column-inner\" >\n\t\t\t<div class=\"wpb_wrapper\">\n\t\t\t\t<div class=\"nectar-gradient-text\" data-direction=\"horizontal\" data-color=\"extra-color-gradient-1\" style=\"margin-top: 90px; margin-bottom: 0px; \"><h2>Mode d&#039;emploi du plugin SendApp WordPress Woocommerce<\/h2><\/div><div class=\"toggles\" data-br=\"\" data-starting=\"default\" data-style=\"minimal\"><div class=\"toggle default\" data-inner-wrap=\"true\"><h3 class=\"toggle-title\"><a href=\"#\" role=\"button\" class=\"toggle-heading\"><i role=\"presentation\" class=\"fa fa-plus-circle\"><\/i>Installer et activer le plugin wp-sms<\/a><\/h3><div><div class=\"inner-toggle-wrap\">\n<div class=\"wpb_text_column wpb_content_element\" >\n\t<div class=\"wpb_wrapper\">\n\t\t<h4>Depuis le tableau de bord d&#039;administration de WordPress (\/wp-admin)<\/h4>\n<ol>\n<li>Plugins \/ Ajouter un nouveau<\/li>\n<li>Dans le champ de recherche, \u00e9crivez WP-SMS et il appara\u00eetra dans la recherche WP SMS \u2013 Messaging &amp; SMS Notification for WordPress, WooCommerce \u00bb.<\/li>\n<li>Cliquez sur Installer maintenant et WordPress fera sa magie et installera le plugin.<\/li>\n<li>Une fois l&#039;installation termin\u00e9e, activez le plug-in.<\/li>\n<\/ol>\n<p>&nbsp;<\/p>\n<p><img loading=\"lazy\" decoding=\"async\" class=\"aligncenter wp-image-24072 size-large\" src=\"https:\/\/sendapp.live\/wp-content\/uploads\/2022\/11\/wp-sms-whatsapp-1-1-1024x622.jpg\" alt=\"\" width=\"1024\" height=\"622\" srcset=\"https:\/\/sendapp.live\/wp-content\/uploads\/2022\/11\/wp-sms-whatsapp-1-1-1024x622.jpg 1024w, https:\/\/sendapp.live\/wp-content\/uploads\/2022\/11\/wp-sms-whatsapp-1-1-300x182.jpg 300w, https:\/\/sendapp.live\/wp-content\/uploads\/2022\/11\/wp-sms-whatsapp-1-1-768x466.jpg 768w, https:\/\/sendapp.live\/wp-content\/uploads\/2022\/11\/wp-sms-whatsapp-1-1-1536x933.jpg 1536w, https:\/\/sendapp.live\/wp-content\/uploads\/2022\/11\/wp-sms-whatsapp-1-1-18x12.jpg 18w, https:\/\/sendapp.live\/wp-content\/uploads\/2022\/11\/wp-sms-whatsapp-1-1-600x364.jpg 600w, https:\/\/sendapp.live\/wp-content\/uploads\/2022\/11\/wp-sms-whatsapp-1-1.jpg 1625w\" sizes=\"auto, (max-width: 1024px) 100vw, 1024px\" \/><\/p>\n\t<\/div>\n<\/div>\n\n\n\n<\/div><\/div><\/div><div class=\"toggle default\" data-inner-wrap=\"true\"><h3 class=\"toggle-title\"><a href=\"#\" role=\"button\" class=\"toggle-heading\"><i role=\"presentation\" class=\"fa fa-plus-circle\"><\/i>Param\u00e8tre<\/a><\/h3><div><div class=\"inner-toggle-wrap\">\n<div class=\"wpb_text_column wpb_content_element\" >\n\t<div class=\"wpb_wrapper\">\n\t\t<p>Notre objectif est de fournir autant de fonctionnalit\u00e9s que possible afin que vous, en tant que propri\u00e9taire du site, puissiez configurer le plugin comme vous le souhaitez, et tout cela tout en gardant l&#039;interface facile \u00e0 comprendre. Mais il est toujours bon de conna\u00eetre toutes les options.<br \/>\nLe plugin est divis\u00e9 en trois sections principales<strong>.<\/strong><\/p>\n<p>&nbsp;<\/p>\n<p><strong>Param\u00e8tre<br \/>\n<\/strong>De cette fa\u00e7on, vous pourrez d\u00e9finir l&#039;API et la passerelle Sendapp que vous avez l&#039;intention d&#039;utiliser pour envoyer des messages WhatsApp ou SMS.<\/p>\n<h4><img loading=\"lazy\" decoding=\"async\" class=\"aligncenter wp-image-24074 size-large\" src=\"https:\/\/sendapp.live\/wp-content\/uploads\/2022\/11\/wp-sms-whatsapp-2-1024x622.jpg\" alt=\"\" width=\"1024\" height=\"622\" srcset=\"https:\/\/sendapp.live\/wp-content\/uploads\/2022\/11\/wp-sms-whatsapp-2-1024x622.jpg 1024w, https:\/\/sendapp.live\/wp-content\/uploads\/2022\/11\/wp-sms-whatsapp-2-300x182.jpg 300w, https:\/\/sendapp.live\/wp-content\/uploads\/2022\/11\/wp-sms-whatsapp-2-768x466.jpg 768w, https:\/\/sendapp.live\/wp-content\/uploads\/2022\/11\/wp-sms-whatsapp-2-1536x933.jpg 1536w, https:\/\/sendapp.live\/wp-content\/uploads\/2022\/11\/wp-sms-whatsapp-2-18x12.jpg 18w, https:\/\/sendapp.live\/wp-content\/uploads\/2022\/11\/wp-sms-whatsapp-2-600x364.jpg 600w, https:\/\/sendapp.live\/wp-content\/uploads\/2022\/11\/wp-sms-whatsapp-2.jpg 1625w\" sizes=\"auto, (max-width: 1024px) 100vw, 1024px\" \/><\/h4>\n<p>&nbsp;<\/p>\n<p><strong>API Cloud Sendapp<br \/>\n<\/strong>Si vous avez le plan de <a href=\"https:\/\/app.sendapp.cloud\" target=\"_blank\" rel=\"noopener\">https:\/\/app.sendapp.cloud<\/a> vous pouvez cr\u00e9er une instance avec votre compte whatsapp personnel multi-session ou multi-session professionnel<br \/>\nApr\u00e8s avoir cr\u00e9\u00e9 l&#039;instance, vous pouvez copier votre jeton d&#039;acc\u00e8s et votre ID d&#039;instance pour les coller dans votre plugin WordPress Sendapp Notification<\/p>\n<p><img loading=\"lazy\" decoding=\"async\" class=\"alignnone wp-image-25571 size-full\" src=\"https:\/\/sendapp.live\/wp-content\/uploads\/2023\/06\/istanza3.jpg\" alt=\"\" width=\"1680\" height=\"897\" srcset=\"https:\/\/sendapp.live\/wp-content\/uploads\/2023\/06\/istanza3.jpg 1680w, https:\/\/sendapp.live\/wp-content\/uploads\/2023\/06\/istanza3-300x160.jpg 300w, https:\/\/sendapp.live\/wp-content\/uploads\/2023\/06\/istanza3-1024x547.jpg 1024w, https:\/\/sendapp.live\/wp-content\/uploads\/2023\/06\/istanza3-768x410.jpg 768w, https:\/\/sendapp.live\/wp-content\/uploads\/2023\/06\/istanza3-1536x820.jpg 1536w, https:\/\/sendapp.live\/wp-content\/uploads\/2023\/06\/istanza3-18x10.jpg 18w, https:\/\/sendapp.live\/wp-content\/uploads\/2023\/06\/istanza3-600x320.jpg 600w\" sizes=\"auto, (max-width: 1680px) 100vw, 1680px\" \/><\/p>\n<p>&nbsp;<\/p>\n<p><strong>API SMS Sendapp<br \/>\n<\/strong>Si vous disposez de la passerelle SMS de <a href=\"https:\/\/sms.sendapp.live\" target=\"_blank\" rel=\"noopener\">https:\/\/sms.sendapp.live<\/a> vous pouvez acc\u00e9der \u00e0 votre API KEY pour la copier et la coller dans votre plugin WordPress<\/p>\n<p><img loading=\"lazy\" decoding=\"async\" class=\"size-large wp-image-22768 aligncenter\" src=\"https:\/\/sendapp.live\/wp-content\/uploads\/2022\/03\/sendapp-sms-api-key-1024x593.png\" alt=\"\" width=\"1024\" height=\"593\" srcset=\"https:\/\/sendapp.live\/wp-content\/uploads\/2022\/03\/sendapp-sms-api-key-1024x593.png 1024w, https:\/\/sendapp.live\/wp-content\/uploads\/2022\/03\/sendapp-sms-api-key-300x174.png 300w, https:\/\/sendapp.live\/wp-content\/uploads\/2022\/03\/sendapp-sms-api-key-768x445.png 768w, https:\/\/sendapp.live\/wp-content\/uploads\/2022\/03\/sendapp-sms-api-key-18x10.png 18w, https:\/\/sendapp.live\/wp-content\/uploads\/2022\/03\/sendapp-sms-api-key-600x348.png 600w, https:\/\/sendapp.live\/wp-content\/uploads\/2022\/03\/sendapp-sms-api-key.png 1357w\" sizes=\"auto, (max-width: 1024px) 100vw, 1024px\" \/><\/p>\n\t<\/div>\n<\/div>\n\n\n\n<\/div><\/div><\/div><div class=\"toggle default\" data-inner-wrap=\"true\"><h3 class=\"toggle-title\"><a href=\"#\" role=\"button\" class=\"toggle-heading\"><i role=\"presentation\" class=\"fa fa-plus-circle\"><\/i>Configuration des messages de notification<\/a><\/h3><div><div class=\"inner-toggle-wrap\">\n<div class=\"wpb_text_column wpb_content_element\" >\n\t<div class=\"wpb_wrapper\">\n\t\t<h4><strong>Configuration des messages\u00a0<\/strong><\/h4>\n<p>Dans cette session, vous pouvez activer et personnaliser les messages de notification que vous souhaitez envoyer \u00e0 vos clients.<\/p>\n<p><img loading=\"lazy\" decoding=\"async\" class=\"aligncenter wp-image-24076 size-full\" src=\"https:\/\/sendapp.live\/wp-content\/uploads\/2022\/11\/wp-sms-whatsapp-3.jpg\" alt=\"\" width=\"1625\" height=\"987\" srcset=\"https:\/\/sendapp.live\/wp-content\/uploads\/2022\/11\/wp-sms-whatsapp-3.jpg 1625w, https:\/\/sendapp.live\/wp-content\/uploads\/2022\/11\/wp-sms-whatsapp-3-300x182.jpg 300w, https:\/\/sendapp.live\/wp-content\/uploads\/2022\/11\/wp-sms-whatsapp-3-1024x622.jpg 1024w, https:\/\/sendapp.live\/wp-content\/uploads\/2022\/11\/wp-sms-whatsapp-3-768x466.jpg 768w, https:\/\/sendapp.live\/wp-content\/uploads\/2022\/11\/wp-sms-whatsapp-3-1536x933.jpg 1536w, https:\/\/sendapp.live\/wp-content\/uploads\/2022\/11\/wp-sms-whatsapp-3-18x12.jpg 18w, https:\/\/sendapp.live\/wp-content\/uploads\/2022\/11\/wp-sms-whatsapp-3-600x364.jpg 600w\" sizes=\"auto, (max-width: 1625px) 100vw, 1625px\" \/><\/p>\n\t<\/div>\n<\/div>\n\n\n\n<\/div><\/div><\/div><\/div>\n\n\n\n\n\n\n\n\n\n\n\n\n\n\n\n\n\n\n\n\n\t\t\t<\/div> \n\t\t<\/div>\n\t<\/div> \n<\/div><\/div>","protected":false},"excerpt":{"rendered":"Meilleur plugin de messagerie SMS et de notification WordPress WhatsApp Envoyez des messages de r\u00e9cup\u00e9ration de panier abandonn\u00e9 et des notifications de commande via WhatsApp\/SMS pour augmenter l&#039;engagement avec vos clients gr\u00e2ce \u00e0...","protected":false},"author":1,"featured_media":0,"parent":0,"menu_order":0,"comment_status":"closed","ping_status":"closed","template":"","meta":{"_daim_seo_power":"1000","_daim_enable_ail":"1","footnotes":""},"class_list":["post-24067","page","type-page","status-publish"],"yoast_head":"<!-- This site is optimized with the Yoast SEO Premium plugin v27.4 (Yoast SEO v27.4) - https:\/\/yoast.com\/product\/yoast-seo-premium-wordpress\/ -->\n<title>Best WordPress Whatsapp-SMS Messagging and Notification Plugin - SendApp - Software Whatsapp Marketing<\/title>\n<meta name=\"robots\" content=\"index, follow, max-snippet:-1, max-image-preview:large, max-video-preview:-1\" \/>\n<link rel=\"canonical\" href=\"https:\/\/sendapp.live\/fr\/meilleur-wordpress-whatsapp-messagerie-sms-et-plugin-de-notification\/\" \/>\n<meta property=\"og:locale\" content=\"fr_FR\" \/>\n<meta property=\"og:type\" content=\"article\" \/>\n<meta property=\"og:title\" content=\"Best WordPress Whatsapp-SMS Messagging and Notification Plugin\" \/>\n<meta property=\"og:url\" content=\"https:\/\/sendapp.live\/fr\/meilleur-wordpress-whatsapp-messagerie-sms-et-plugin-de-notification\/\" \/>\n<meta property=\"og:site_name\" content=\"SendApp - Software Whatsapp Marketing\" \/>\n<meta property=\"article:publisher\" content=\"https:\/\/www.facebook.com\/sendapp.live\" \/>\n<meta property=\"article:modified_time\" content=\"2025-01-21T22:21:54+00:00\" \/>\n<meta property=\"og:image\" content=\"https:\/\/sendapp.live\/wp-content\/uploads\/2022\/11\/wp-sms-whatsapp-1-1-1024x622.jpg\" \/>\n<meta name=\"twitter:card\" content=\"summary_large_image\" \/>\n<meta name=\"twitter:site\" content=\"@sendapp_live\" \/>\n<meta name=\"twitter:label1\" content=\"Dur\u00e9e de lecture estim\u00e9e\" \/>\n\t<meta name=\"twitter:data1\" content=\"3 minutes\" \/>\n<script type=\"application\/ld+json\" class=\"yoast-schema-graph\">{\"@context\":\"https:\\\/\\\/schema.org\",\"@graph\":[{\"@type\":\"WebPage\",\"@id\":\"https:\\\/\\\/sendapp.live\\\/en\\\/best-wordpress-whatsapp-sms-messagging-and-notification-plugin\\\/\",\"url\":\"https:\\\/\\\/sendapp.live\\\/en\\\/best-wordpress-whatsapp-sms-messagging-and-notification-plugin\\\/\",\"name\":\"Best WordPress Whatsapp-SMS Messagging and Notification Plugin - SendApp - Software Whatsapp Marketing\",\"isPartOf\":{\"@id\":\"https:\\\/\\\/sendapp.live\\\/it\\\/#website\"},\"primaryImageOfPage\":{\"@id\":\"https:\\\/\\\/sendapp.live\\\/en\\\/best-wordpress-whatsapp-sms-messagging-and-notification-plugin\\\/#primaryimage\"},\"image\":{\"@id\":\"https:\\\/\\\/sendapp.live\\\/en\\\/best-wordpress-whatsapp-sms-messagging-and-notification-plugin\\\/#primaryimage\"},\"thumbnailUrl\":\"https:\\\/\\\/sendapp.live\\\/wp-content\\\/uploads\\\/2022\\\/11\\\/wp-sms-whatsapp-1-1-1024x622.jpg\",\"datePublished\":\"2022-11-03T09:17:29+00:00\",\"dateModified\":\"2025-01-21T22:21:54+00:00\",\"breadcrumb\":{\"@id\":\"https:\\\/\\\/sendapp.live\\\/en\\\/best-wordpress-whatsapp-sms-messagging-and-notification-plugin\\\/#breadcrumb\"},\"inLanguage\":\"fr-FR\",\"potentialAction\":[{\"@type\":\"ReadAction\",\"target\":[\"https:\\\/\\\/sendapp.live\\\/en\\\/best-wordpress-whatsapp-sms-messagging-and-notification-plugin\\\/\"]}]},{\"@type\":\"ImageObject\",\"inLanguage\":\"fr-FR\",\"@id\":\"https:\\\/\\\/sendapp.live\\\/en\\\/best-wordpress-whatsapp-sms-messagging-and-notification-plugin\\\/#primaryimage\",\"url\":\"https:\\\/\\\/sendapp.live\\\/wp-content\\\/uploads\\\/2022\\\/11\\\/wp-sms-whatsapp-1-1-1024x622.jpg\",\"contentUrl\":\"https:\\\/\\\/sendapp.live\\\/wp-content\\\/uploads\\\/2022\\\/11\\\/wp-sms-whatsapp-1-1-1024x622.jpg\"},{\"@type\":\"BreadcrumbList\",\"@id\":\"https:\\\/\\\/sendapp.live\\\/en\\\/best-wordpress-whatsapp-sms-messagging-and-notification-plugin\\\/#breadcrumb\",\"itemListElement\":[{\"@type\":\"ListItem\",\"position\":1,\"name\":\"Home\",\"item\":\"https:\\\/\\\/sendapp.live\\\/\"},{\"@type\":\"ListItem\",\"position\":2,\"name\":\"Best WordPress Whatsapp-SMS Messagging and Notification Plugin\"}]},{\"@type\":\"WebSite\",\"@id\":\"https:\\\/\\\/sendapp.live\\\/it\\\/#website\",\"url\":\"https:\\\/\\\/sendapp.live\\\/it\\\/\",\"name\":\"SendApp\",\"description\":\"Automate Your Messages &amp; Grow Your Business\",\"publisher\":{\"@id\":\"https:\\\/\\\/sendapp.live\\\/it\\\/#organization\"},\"alternateName\":\"SendApp WhatsApp Marketing\",\"potentialAction\":[{\"@type\":\"SearchAction\",\"target\":{\"@type\":\"EntryPoint\",\"urlTemplate\":\"https:\\\/\\\/sendapp.live\\\/it\\\/?s={search_term_string}\"},\"query-input\":{\"@type\":\"PropertyValueSpecification\",\"valueRequired\":true,\"valueName\":\"search_term_string\"}}],\"inLanguage\":\"fr-FR\"},{\"@type\":\"Organization\",\"@id\":\"https:\\\/\\\/sendapp.live\\\/it\\\/#organization\",\"name\":\"SendApp\",\"url\":\"https:\\\/\\\/sendapp.live\\\/it\\\/\",\"logo\":{\"@type\":\"ImageObject\",\"inLanguage\":\"fr-FR\",\"@id\":\"https:\\\/\\\/sendapp.live\\\/it\\\/#\\\/schema\\\/logo\\\/image\\\/\",\"url\":\"https:\\\/\\\/sendapp.live\\\/wp-content\\\/uploads\\\/2025\\\/04\\\/Logo-Sendapp-300x60-1.png\",\"contentUrl\":\"https:\\\/\\\/sendapp.live\\\/wp-content\\\/uploads\\\/2025\\\/04\\\/Logo-Sendapp-300x60-1.png\",\"width\":300,\"height\":60,\"caption\":\"SendApp\"},\"image\":{\"@id\":\"https:\\\/\\\/sendapp.live\\\/it\\\/#\\\/schema\\\/logo\\\/image\\\/\"},\"sameAs\":[\"https:\\\/\\\/www.facebook.com\\\/sendapp.live\",\"https:\\\/\\\/x.com\\\/sendapp_live\",\"https:\\\/\\\/www.instagram.com\\\/sendapp.live\",\"https:\\\/\\\/www.youtube.com\\\/channel\\\/UC2gaLpi0-OJLG4CFbOr6mLw\",\"https:\\\/\\\/it.trustpilot.com\\\/review\\\/sendapp.live\"],\"description\":\"Piattaforma italiana di WhatsApp Marketing con API ufficiali Meta. Assistente AI, campagne massive, SMS Gateway gratuito, Google Calendar, automazioni. Da \u20ac16\\\/mese senza markup sui messaggi.\",\"email\":\"info@sendapp.live\",\"foundingDate\":\"2016-07-25\"}]}<\/script>\n<!-- \/ Yoast SEO Premium plugin. -->","yoast_head_json":{"title":"Meilleur plugin de messagerie et de notification WordPress Whatsapp-SMS - SendApp - Logiciel de marketing Whatsapp","robots":{"index":"index","follow":"follow","max-snippet":"max-snippet:-1","max-image-preview":"max-image-preview:large","max-video-preview":"max-video-preview:-1"},"canonical":"https:\/\/sendapp.live\/fr\/meilleur-wordpress-whatsapp-messagerie-sms-et-plugin-de-notification\/","og_locale":"fr_FR","og_type":"article","og_title":"Best WordPress Whatsapp-SMS Messagging and Notification Plugin","og_url":"https:\/\/sendapp.live\/fr\/meilleur-wordpress-whatsapp-messagerie-sms-et-plugin-de-notification\/","og_site_name":"SendApp - Software Whatsapp Marketing","article_publisher":"https:\/\/www.facebook.com\/sendapp.live","article_modified_time":"2025-01-21T22:21:54+00:00","og_image":[{"url":"https:\/\/sendapp.live\/wp-content\/uploads\/2022\/11\/wp-sms-whatsapp-1-1-1024x622.jpg","type":"","width":"","height":""}],"twitter_card":"summary_large_image","twitter_site":"@sendapp_live","twitter_misc":{"Dur\u00e9e de lecture estim\u00e9e":"3 minutes"},"schema":{"@context":"https:\/\/schema.org","@graph":[{"@type":"WebPage","@id":"https:\/\/sendapp.live\/en\/best-wordpress-whatsapp-sms-messagging-and-notification-plugin\/","url":"https:\/\/sendapp.live\/en\/best-wordpress-whatsapp-sms-messagging-and-notification-plugin\/","name":"Meilleur plugin de messagerie et de notification WordPress Whatsapp-SMS - SendApp - Logiciel de marketing Whatsapp","isPartOf":{"@id":"https:\/\/sendapp.live\/it\/#website"},"primaryImageOfPage":{"@id":"https:\/\/sendapp.live\/en\/best-wordpress-whatsapp-sms-messagging-and-notification-plugin\/#primaryimage"},"image":{"@id":"https:\/\/sendapp.live\/en\/best-wordpress-whatsapp-sms-messagging-and-notification-plugin\/#primaryimage"},"thumbnailUrl":"https:\/\/sendapp.live\/wp-content\/uploads\/2022\/11\/wp-sms-whatsapp-1-1-1024x622.jpg","datePublished":"2022-11-03T09:17:29+00:00","dateModified":"2025-01-21T22:21:54+00:00","breadcrumb":{"@id":"https:\/\/sendapp.live\/en\/best-wordpress-whatsapp-sms-messagging-and-notification-plugin\/#breadcrumb"},"inLanguage":"fr-FR","potentialAction":[{"@type":"ReadAction","target":["https:\/\/sendapp.live\/en\/best-wordpress-whatsapp-sms-messagging-and-notification-plugin\/"]}]},{"@type":"ImageObject","inLanguage":"fr-FR","@id":"https:\/\/sendapp.live\/en\/best-wordpress-whatsapp-sms-messagging-and-notification-plugin\/#primaryimage","url":"https:\/\/sendapp.live\/wp-content\/uploads\/2022\/11\/wp-sms-whatsapp-1-1-1024x622.jpg","contentUrl":"https:\/\/sendapp.live\/wp-content\/uploads\/2022\/11\/wp-sms-whatsapp-1-1-1024x622.jpg"},{"@type":"BreadcrumbList","@id":"https:\/\/sendapp.live\/en\/best-wordpress-whatsapp-sms-messagging-and-notification-plugin\/#breadcrumb","itemListElement":[{"@type":"ListItem","position":1,"name":"Home","item":"https:\/\/sendapp.live\/"},{"@type":"ListItem","position":2,"name":"Best WordPress Whatsapp-SMS Messagging and Notification Plugin"}]},{"@type":"WebSite","@id":"https:\/\/sendapp.live\/it\/#website","url":"https:\/\/sendapp.live\/it\/","name":"EnvoyerApp","description":"Automatisez vos messages et d\u00e9veloppez votre activit\u00e9","publisher":{"@id":"https:\/\/sendapp.live\/it\/#organization"},"alternateName":"SendApp WhatsApp Marketing","potentialAction":[{"@type":"SearchAction","target":{"@type":"EntryPoint","urlTemplate":"https:\/\/sendapp.live\/it\/?s={search_term_string}"},"query-input":{"@type":"PropertyValueSpecification","valueRequired":true,"valueName":"search_term_string"}}],"inLanguage":"fr-FR"},{"@type":"Organization","@id":"https:\/\/sendapp.live\/it\/#organization","name":"EnvoyerApp","url":"https:\/\/sendapp.live\/it\/","logo":{"@type":"ImageObject","inLanguage":"fr-FR","@id":"https:\/\/sendapp.live\/it\/#\/schema\/logo\/image\/","url":"https:\/\/sendapp.live\/wp-content\/uploads\/2025\/04\/Logo-Sendapp-300x60-1.png","contentUrl":"https:\/\/sendapp.live\/wp-content\/uploads\/2025\/04\/Logo-Sendapp-300x60-1.png","width":300,"height":60,"caption":"SendApp"},"image":{"@id":"https:\/\/sendapp.live\/it\/#\/schema\/logo\/image\/"},"sameAs":["https:\/\/www.facebook.com\/sendapp.live","https:\/\/x.com\/sendapp_live","https:\/\/www.instagram.com\/sendapp.live","https:\/\/www.youtube.com\/channel\/UC2gaLpi0-OJLG4CFbOr6mLw","https:\/\/it.trustpilot.com\/review\/sendapp.live"],"description":"Plateforme italienne de marketing WhatsApp avec API Meta officielle. Assistant IA, campagnes de masse, passerelle SMS gratuite, Google Agenda, automatisations. \u00c0 partir de 16 \u20ac\/mois sans majoration de prix.","email":"info@sendapp.live","foundingDate":"2016-07-25"}]}},"_links":{"self":[{"href":"https:\/\/sendapp.live\/fr\/wp-json\/wp\/v2\/pages\/24067","targetHints":{"allow":["GET"]}}],"collection":[{"href":"https:\/\/sendapp.live\/fr\/wp-json\/wp\/v2\/pages"}],"about":[{"href":"https:\/\/sendapp.live\/fr\/wp-json\/wp\/v2\/types\/page"}],"author":[{"embeddable":true,"href":"https:\/\/sendapp.live\/fr\/wp-json\/wp\/v2\/users\/1"}],"replies":[{"embeddable":true,"href":"https:\/\/sendapp.live\/fr\/wp-json\/wp\/v2\/comments?post=24067"}],"version-history":[{"count":3,"href":"https:\/\/sendapp.live\/fr\/wp-json\/wp\/v2\/pages\/24067\/revisions"}],"predecessor-version":[{"id":33866,"href":"https:\/\/sendapp.live\/fr\/wp-json\/wp\/v2\/pages\/24067\/revisions\/33866"}],"wp:attachment":[{"href":"https:\/\/sendapp.live\/fr\/wp-json\/wp\/v2\/media?parent=24067"}],"curies":[{"name":"wp","href":"https:\/\/api.w.org\/{rel}","templated":true}]}}