{"id":24372,"date":"2022-11-17T19:34:20","date_gmt":"2022-11-17T18:34:20","guid":{"rendered":"https:\/\/sendapp.live\/?page_id=24372"},"modified":"2025-01-22T00:06:13","modified_gmt":"2025-01-21T23:06:13","slug":"vider-le-cache-du-bureau-sendapp","status":"publish","type":"page","link":"https:\/\/sendapp.live\/fr\/cancellare-la-cache-di-sendapp-desktop\/","title":{"rendered":"Vider le cache de SendApp Desktop"},"content":{"rendered":"<div id=\"fws_69ded0e41ea24\"  data-column-margin=\"default\" data-midnight=\"dark\"  class=\"wpb_row vc_row-fluid vc_row\"  style=\"padding-top: 0px; padding-bottom: 0px; \"><div class=\"row-bg-wrap\" data-bg-animation=\"none\" data-bg-animation-delay=\"\" data-bg-overlay=\"false\"><div class=\"inner-wrap row-bg-layer\" ><div class=\"row-bg viewport-desktop\"  style=\"\"><\/div><\/div><\/div><div class=\"row_col_wrap_12 col span_12 dark left\">\n\t<div  class=\"vc_col-sm-6 wpb_column column_container vc_column_container col no-extra-padding inherit_tablet inherit_phone\"  data-padding-pos=\"all\" data-has-bg-color=\"false\" data-bg-color=\"\" data-bg-opacity=\"1\" data-animation=\"\" data-delay=\"0\" >\n\t\t<div class=\"vc_column-inner\" >\n\t\t\t<div class=\"wpb_wrapper\">\n\t\t\t\t<div class=\"img-with-aniamtion-wrap\" data-max-width=\"100%\" data-max-width-mobile=\"default\" data-shadow=\"none\" data-animation=\"fade-in\" >\n      <div class=\"inner\">\n        <div class=\"hover-wrap\"> \n          <div class=\"hover-wrap-inner\">\n            <img loading=\"lazy\" decoding=\"async\" class=\"img-with-animation skip-lazy\" data-delay=\"0\" height=\"100\" width=\"100\" data-animation=\"fade-in\" src=\"http:\/\/file-476mt4vUxyQKvJddBHzNYg\" alt=\"\"  \/>\n          <\/div>\n        <\/div>\n      <\/div>\n    <\/div><div class=\"img-with-aniamtion-wrap center\" data-max-width=\"100%\" data-max-width-mobile=\"default\" data-shadow=\"none\" data-animation=\"none\" >\n      <div class=\"inner\">\n        <div class=\"hover-wrap\"> \n          <div class=\"hover-wrap-inner\">\n            <img loading=\"lazy\" decoding=\"async\" class=\"img-with-animation skip-lazy\" data-delay=\"0\" height=\"1707\" width=\"2560\" data-animation=\"none\" src=\"https:\/\/sendapp.live\/wp-content\/uploads\/2025\/01\/20945235-scaled.jpg\" alt=\"\" srcset=\"https:\/\/sendapp.live\/wp-content\/uploads\/2025\/01\/20945235-scaled.jpg 2560w, https:\/\/sendapp.live\/wp-content\/uploads\/2025\/01\/20945235-300x200.jpg 300w, https:\/\/sendapp.live\/wp-content\/uploads\/2025\/01\/20945235-1024x683.jpg 1024w, https:\/\/sendapp.live\/wp-content\/uploads\/2025\/01\/20945235-768x512.jpg 768w, https:\/\/sendapp.live\/wp-content\/uploads\/2025\/01\/20945235-1536x1024.jpg 1536w, https:\/\/sendapp.live\/wp-content\/uploads\/2025\/01\/20945235-2048x1365.jpg 2048w, https:\/\/sendapp.live\/wp-content\/uploads\/2025\/01\/20945235-18x12.jpg 18w, https:\/\/sendapp.live\/wp-content\/uploads\/2025\/01\/20945235-900x600.jpg 900w, https:\/\/sendapp.live\/wp-content\/uploads\/2025\/01\/20945235-600x400.jpg 600w\" sizes=\"auto, (max-width: 2560px) 100vw, 2560px\" \/>\n          <\/div>\n        <\/div>\n      <\/div>\n    <\/div>\n\t\t\t<\/div> \n\t\t<\/div>\n\t<\/div> \n\n\t<div style=\"margin-top: 10%; \" class=\"vc_col-sm-6 wpb_column column_container vc_column_container col no-extra-padding inherit_tablet inherit_phone\"  data-padding-pos=\"all\" data-has-bg-color=\"false\" data-bg-color=\"\" data-bg-opacity=\"1\" data-animation=\"\" data-delay=\"0\" >\n\t\t<div class=\"vc_column-inner\" >\n\t\t\t<div class=\"wpb_wrapper\">\n\t\t\t\t\n<div class=\"wpb_text_column wpb_content_element\" >\n\t<div class=\"wpb_wrapper\">\n\t\t<h1 style=\"text-align: left;\"><span style=\"color: #008000;\">Guide de vidage du cache<\/span><\/h1>\n<h1 style=\"text-align: left;\"><span style=\"color: #008000;\">par SendApp Desktop<\/span><\/h1>\n\t<\/div>\n<\/div>\n\n\n\n\n\t\t\t<\/div> \n\t\t<\/div>\n\t<\/div> \n<\/div><\/div>\n\t\t<div id=\"fws_69ded0e41f426\"  data-column-margin=\"default\" data-midnight=\"dark\"  class=\"wpb_row vc_row-fluid vc_row\"  style=\"padding-top: 0px; padding-bottom: 0px; \"><div class=\"row-bg-wrap\" data-bg-animation=\"none\" data-bg-animation-delay=\"\" data-bg-overlay=\"false\"><div class=\"inner-wrap row-bg-layer\" ><div class=\"row-bg viewport-desktop\"  style=\"\"><\/div><\/div><\/div><div class=\"row_col_wrap_12 col span_12 dark left\">\n\t<div  class=\"vc_col-sm-12 wpb_column column_container vc_column_container col no-extra-padding inherit_tablet inherit_phone\"  data-padding-pos=\"all\" data-has-bg-color=\"false\" data-bg-color=\"\" data-bg-opacity=\"1\" data-animation=\"\" data-delay=\"0\" >\n\t\t<div class=\"vc_column-inner\" >\n\t\t\t<div class=\"wpb_wrapper\">\n\t\t\t\t\n<div class=\"wpb_text_column wpb_content_element\" >\n\t<div class=\"wpb_wrapper\">\n\t\t<p>L\u00e0 <b>vider le cache<\/b> sur <a href=\"https:\/\/sendapp.live\/fr\/\" target=\"_blank\" rel=\"noopener\">SendApp Desktop<\/a> C&#039;est une \u00e9tape fondamentale pour am\u00e9liorer les performances des logiciels. <b>Par exemple<\/b>, la suppression des fichiers temporaires peut corriger les ralentissements ou les erreurs inattendues. <b>En outre, les<\/b>, cette op\u00e9ration lib\u00e8re de l&#039;espace sur votre ordinateur. <b>Par cons\u00e9quent<\/b>, il est recommand\u00e9 d&#039;effectuer cette action r\u00e9guli\u00e8rement.<\/p>\n<p><img loading=\"lazy\" decoding=\"async\" class=\"alignnone wp-image-33872 size-full\" src=\"https:\/\/sendapp.live\/wp-content\/uploads\/2025\/01\/Cattura01.png\" alt=\"\" width=\"1368\" height=\"810\" srcset=\"https:\/\/sendapp.live\/wp-content\/uploads\/2025\/01\/Cattura01.png 1368w, https:\/\/sendapp.live\/wp-content\/uploads\/2025\/01\/Cattura01-300x178.png 300w, https:\/\/sendapp.live\/wp-content\/uploads\/2025\/01\/Cattura01-1024x606.png 1024w, https:\/\/sendapp.live\/wp-content\/uploads\/2025\/01\/Cattura01-768x455.png 768w, https:\/\/sendapp.live\/wp-content\/uploads\/2025\/01\/Cattura01-18x12.png 18w, https:\/\/sendapp.live\/wp-content\/uploads\/2025\/01\/Cattura01-600x355.png 600w\" sizes=\"auto, (max-width: 1368px) 100vw, 1368px\" \/><\/p>\n<h3><b>1. Acc\u00e9dez aux Pr\u00e9f\u00e9rences<\/b><\/h3>\n<p><b>Tout d&#039;abord<\/b>, ouvrir <b>SendApp Desktop<\/b>. <b>Alors<\/b>, cliquez sur les trois lignes horizontales en haut \u00e0 droite pour ouvrir le menu principal. <b>\u00c0 ce point<\/b>, s\u00e9lectionnez l&#039;option <b>\u00ab\u00a0Pr\u00e9f\u00e9rences\u00a0\u00bb<\/b>, comme le montre l&#039;image ci-dessus.<\/p>\n<h3><b>2. Recherchez l&#039;option \u00ab\u00a0Afficher les caches\u00a0\u00bb<\/b><\/h3>\n<p>Une fois la fen\u00eatre des pr\u00e9f\u00e9rences ouverte, faites d\u00e9filer vers le bas jusqu&#039;\u00e0 ce que vous trouviez le bouton <b>\u00ab\u00a0Afficher les caches\u00a0\u00bb<\/b>. <b>En cliquant sur ce bouton<\/b>, le programme ouvrira automatiquement le dossier contenant les fichiers cache.<\/p>\n<p><img loading=\"lazy\" decoding=\"async\" class=\"alignnone wp-image-33873 size-full\" src=\"https:\/\/sendapp.live\/wp-content\/uploads\/2025\/01\/Cattura02.png\" alt=\"\" width=\"1296\" height=\"808\" srcset=\"https:\/\/sendapp.live\/wp-content\/uploads\/2025\/01\/Cattura02.png 1296w, https:\/\/sendapp.live\/wp-content\/uploads\/2025\/01\/Cattura02-300x187.png 300w, https:\/\/sendapp.live\/wp-content\/uploads\/2025\/01\/Cattura02-1024x638.png 1024w, https:\/\/sendapp.live\/wp-content\/uploads\/2025\/01\/Cattura02-768x479.png 768w, https:\/\/sendapp.live\/wp-content\/uploads\/2025\/01\/Cattura02-18x12.png 18w, https:\/\/sendapp.live\/wp-content\/uploads\/2025\/01\/Cattura02-600x374.png 600w\" sizes=\"auto, (max-width: 1296px) 100vw, 1296px\" \/><\/p>\n<h3><b>3. Supprimer les fichiers cache<\/b><\/h3>\n<p><b>Pour compl\u00e9ter la proc\u00e9dure<\/b>, fermez SendApp et s\u00e9lectionnez tous les fichiers et dossiers dans le r\u00e9pertoire cache. <b>Alors<\/b>, faites un clic droit et choisissez \u00ab Supprimer \u00bb. <b>Alternativement<\/b>, vous pouvez utiliser la combinaison de touches <b>Maj + Suppr<\/b> pour les supprimer d\u00e9finitivement. <b>Attention:<\/b> Assurez-vous de supprimer uniquement les fichiers temporaires pour \u00e9viter de supprimer des fichiers importants.<\/p>\n<h3><b>4. Red\u00e9marrez SendApp Desktop<\/b><\/h3>\n<p><b>\u00c0 la fin<\/b>rouvrez SendApp. Le red\u00e9marrage est important pour appliquer les modifications et garantir le bon fonctionnement du programme. <b>Maintenant<\/b>SendApp Desktop sera plus rapide et plus r\u00e9actif.<\/p>\n<h3><b>Pourquoi vider le cache ?<\/b><\/h3>\n<p>Le cache accumule des fichiers temporaires qui acc\u00e9l\u00e8rent certaines op\u00e9rations. Cependant, ces fichiers peuvent devenir trop nombreux et entra\u00eener des probl\u00e8mes, tels que des ralentissements ou des erreurs. Vider r\u00e9guli\u00e8rement le cache permet de maintenir l&#039;efficacit\u00e9 de l&#039;application et de lib\u00e9rer de l&#039;espace disque.<\/p>\n<p><b>Essayez cette proc\u00e9dure maintenant pour am\u00e9liorer les performances de SendApp Desktop\u00a0!<\/b><\/p>\n\t<\/div>\n<\/div>\n\n\n\n\n\t\t\t<\/div> \n\t\t<\/div>\n\t<\/div> \n<\/div><\/div>\n\t\t<div id=\"fws_69ded0e41f83a\"  data-column-margin=\"default\" data-midnight=\"dark\"  class=\"wpb_row vc_row-fluid vc_row\"  style=\"padding-top: 0px; padding-bottom: 0px; \"><div class=\"row-bg-wrap\" data-bg-animation=\"none\" data-bg-animation-delay=\"\" data-bg-overlay=\"false\"><div class=\"inner-wrap row-bg-layer\" ><div class=\"row-bg viewport-desktop\"  style=\"\"><\/div><\/div><\/div><div class=\"row_col_wrap_12 col span_12 dark left\">\n\t<div  class=\"vc_col-sm-12 wpb_column column_container vc_column_container col no-extra-padding inherit_tablet inherit_phone\"  data-padding-pos=\"all\" data-has-bg-color=\"false\" data-bg-color=\"\" data-bg-opacity=\"1\" data-animation=\"\" data-delay=\"0\" >\n\t\t<div class=\"vc_column-inner\" >\n\t\t\t<div class=\"wpb_wrapper\">\n\t\t\t\t<div class=\"divider-wrap\" data-alignment=\"default\"><div style=\"height: 50px;\" class=\"divider\"><\/div><\/div>\n\t\t\t<\/div> \n\t\t<\/div>\n\t<\/div> \n<\/div><\/div>","protected":false},"excerpt":{"rendered":"Comment vider le cache de SendApp Desktop\u00a0? Vider le cache de SendApp Desktop est essentiel pour am\u00e9liorer les performances du logiciel. Par exemple, supprimer des fichiers\u2026","protected":false},"author":1,"featured_media":0,"parent":0,"menu_order":0,"comment_status":"closed","ping_status":"closed","template":"","meta":{"_daim_seo_power":"1000","_daim_enable_ail":"1","footnotes":""},"class_list":["post-24372","page","type-page","status-publish"],"yoast_head":"<!-- This site is optimized with the Yoast SEO Premium plugin v27.3 (Yoast SEO v27.3) - https:\/\/yoast.com\/product\/yoast-seo-premium-wordpress\/ -->\n<title>Cancellare la cache di SendApp Desktop - SendApp - Software Whatsapp Marketing<\/title>\n<meta name=\"description\" content=\"Scopri come cancellare la cache di SendApp Desktop per migliorare le prestazioni del software. Segui la guida passo passo con immagini...\" \/>\n<meta name=\"robots\" content=\"index, follow, max-snippet:-1, max-image-preview:large, max-video-preview:-1\" \/>\n<link rel=\"canonical\" href=\"https:\/\/sendapp.live\/fr\/vider-le-cache-du-bureau-sendapp\/\" \/>\n<meta property=\"og:locale\" content=\"fr_FR\" \/>\n<meta property=\"og:type\" content=\"article\" \/>\n<meta property=\"og:title\" content=\"Cancellare la cache di SendApp Desktop\" \/>\n<meta property=\"og:description\" content=\"Scopri come cancellare la cache di SendApp Desktop per migliorare le prestazioni del software. Segui la guida passo passo con immagini...\" \/>\n<meta property=\"og:url\" content=\"https:\/\/sendapp.live\/fr\/vider-le-cache-du-bureau-sendapp\/\" \/>\n<meta property=\"og:site_name\" content=\"SendApp - Software Whatsapp Marketing\" \/>\n<meta property=\"article:publisher\" content=\"https:\/\/www.facebook.com\/sendapp.live\" \/>\n<meta property=\"article:modified_time\" content=\"2025-01-21T23:06:13+00:00\" \/>\n<meta property=\"og:image\" content=\"https:\/\/sendapp.live\/wp-content\/uploads\/2025\/01\/Cattura01.png\" \/>\n<meta name=\"twitter:card\" content=\"summary_large_image\" \/>\n<meta name=\"twitter:site\" content=\"@sendapp_live\" \/>\n<meta name=\"twitter:label1\" content=\"Dur\u00e9e de lecture estim\u00e9e\" \/>\n\t<meta name=\"twitter:data1\" content=\"3 minutes\" \/>\n<script type=\"application\/ld+json\" class=\"yoast-schema-graph\">{\"@context\":\"https:\\\/\\\/schema.org\",\"@graph\":[{\"@type\":\"WebPage\",\"@id\":\"https:\\\/\\\/sendapp.live\\\/cancellare-la-cache-di-sendapp-desktop\\\/\",\"url\":\"https:\\\/\\\/sendapp.live\\\/cancellare-la-cache-di-sendapp-desktop\\\/\",\"name\":\"Cancellare la cache di SendApp Desktop - SendApp - Software Whatsapp Marketing\",\"isPartOf\":{\"@id\":\"https:\\\/\\\/sendapp.live\\\/it\\\/#website\"},\"primaryImageOfPage\":{\"@id\":\"https:\\\/\\\/sendapp.live\\\/cancellare-la-cache-di-sendapp-desktop\\\/#primaryimage\"},\"image\":{\"@id\":\"https:\\\/\\\/sendapp.live\\\/cancellare-la-cache-di-sendapp-desktop\\\/#primaryimage\"},\"thumbnailUrl\":\"https:\\\/\\\/sendapp.live\\\/wp-content\\\/uploads\\\/2025\\\/01\\\/Cattura01.png\",\"datePublished\":\"2022-11-17T18:34:20+00:00\",\"dateModified\":\"2025-01-21T23:06:13+00:00\",\"description\":\"Scopri come cancellare la cache di SendApp Desktop per migliorare le prestazioni del software. Segui la guida passo passo con immagini...\",\"breadcrumb\":{\"@id\":\"https:\\\/\\\/sendapp.live\\\/cancellare-la-cache-di-sendapp-desktop\\\/#breadcrumb\"},\"inLanguage\":\"fr-FR\",\"potentialAction\":[{\"@type\":\"ReadAction\",\"target\":[\"https:\\\/\\\/sendapp.live\\\/cancellare-la-cache-di-sendapp-desktop\\\/\"]}]},{\"@type\":\"ImageObject\",\"inLanguage\":\"fr-FR\",\"@id\":\"https:\\\/\\\/sendapp.live\\\/cancellare-la-cache-di-sendapp-desktop\\\/#primaryimage\",\"url\":\"https:\\\/\\\/sendapp.live\\\/wp-content\\\/uploads\\\/2025\\\/01\\\/Cattura01.png\",\"contentUrl\":\"https:\\\/\\\/sendapp.live\\\/wp-content\\\/uploads\\\/2025\\\/01\\\/Cattura01.png\"},{\"@type\":\"BreadcrumbList\",\"@id\":\"https:\\\/\\\/sendapp.live\\\/cancellare-la-cache-di-sendapp-desktop\\\/#breadcrumb\",\"itemListElement\":[{\"@type\":\"ListItem\",\"position\":1,\"name\":\"Home\",\"item\":\"https:\\\/\\\/sendapp.live\\\/\"},{\"@type\":\"ListItem\",\"position\":2,\"name\":\"Cancellare la cache di SendApp Desktop\"}]},{\"@type\":\"WebSite\",\"@id\":\"https:\\\/\\\/sendapp.live\\\/it\\\/#website\",\"url\":\"https:\\\/\\\/sendapp.live\\\/it\\\/\",\"name\":\"SendApp\",\"description\":\"Automate Your Messages &amp; Grow Your Business\",\"publisher\":{\"@id\":\"https:\\\/\\\/sendapp.live\\\/it\\\/#organization\"},\"alternateName\":\"SendApp WhatsApp Marketing\",\"potentialAction\":[{\"@type\":\"SearchAction\",\"target\":{\"@type\":\"EntryPoint\",\"urlTemplate\":\"https:\\\/\\\/sendapp.live\\\/it\\\/?s={search_term_string}\"},\"query-input\":{\"@type\":\"PropertyValueSpecification\",\"valueRequired\":true,\"valueName\":\"search_term_string\"}}],\"inLanguage\":\"fr-FR\"},{\"@type\":\"Organization\",\"@id\":\"https:\\\/\\\/sendapp.live\\\/it\\\/#organization\",\"name\":\"SendApp\",\"url\":\"https:\\\/\\\/sendapp.live\\\/it\\\/\",\"logo\":{\"@type\":\"ImageObject\",\"inLanguage\":\"fr-FR\",\"@id\":\"https:\\\/\\\/sendapp.live\\\/it\\\/#\\\/schema\\\/logo\\\/image\\\/\",\"url\":\"https:\\\/\\\/sendapp.live\\\/wp-content\\\/uploads\\\/2025\\\/04\\\/Logo-Sendapp-300x60-1.png\",\"contentUrl\":\"https:\\\/\\\/sendapp.live\\\/wp-content\\\/uploads\\\/2025\\\/04\\\/Logo-Sendapp-300x60-1.png\",\"width\":300,\"height\":60,\"caption\":\"SendApp\"},\"image\":{\"@id\":\"https:\\\/\\\/sendapp.live\\\/it\\\/#\\\/schema\\\/logo\\\/image\\\/\"},\"sameAs\":[\"https:\\\/\\\/www.facebook.com\\\/sendapp.live\",\"https:\\\/\\\/x.com\\\/sendapp_live\",\"https:\\\/\\\/www.instagram.com\\\/sendapp.live\",\"https:\\\/\\\/www.youtube.com\\\/channel\\\/UC2gaLpi0-OJLG4CFbOr6mLw\",\"https:\\\/\\\/it.trustpilot.com\\\/review\\\/sendapp.live\"],\"description\":\"Piattaforma italiana di WhatsApp Marketing con API ufficiali Meta. Assistente AI, campagne massive, SMS Gateway gratuito, Google Calendar, automazioni. Da \u20ac16\\\/mese senza markup sui messaggi.\",\"email\":\"info@sendapp.live\",\"foundingDate\":\"2016-07-25\"}]}<\/script>\n<!-- \/ Yoast SEO Premium plugin. -->","yoast_head_json":{"title":"Vider le cache de SendApp Desktop - SendApp - Logiciel de marketing WhatsApp","description":"D\u00e9couvrez comment vider le cache de SendApp Desktop pour am\u00e9liorer les performances du logiciel. Suivez le guide \u00e9tape par \u00e9tape illustr\u00e9\u2026","robots":{"index":"index","follow":"follow","max-snippet":"max-snippet:-1","max-image-preview":"max-image-preview:large","max-video-preview":"max-video-preview:-1"},"canonical":"https:\/\/sendapp.live\/fr\/vider-le-cache-du-bureau-sendapp\/","og_locale":"fr_FR","og_type":"article","og_title":"Cancellare la cache di SendApp Desktop","og_description":"Scopri come cancellare la cache di SendApp Desktop per migliorare le prestazioni del software. Segui la guida passo passo con immagini...","og_url":"https:\/\/sendapp.live\/fr\/vider-le-cache-du-bureau-sendapp\/","og_site_name":"SendApp - Software Whatsapp Marketing","article_publisher":"https:\/\/www.facebook.com\/sendapp.live","article_modified_time":"2025-01-21T23:06:13+00:00","og_image":[{"url":"https:\/\/sendapp.live\/wp-content\/uploads\/2025\/01\/Cattura01.png","type":"","width":"","height":""}],"twitter_card":"summary_large_image","twitter_site":"@sendapp_live","twitter_misc":{"Dur\u00e9e de lecture estim\u00e9e":"3 minutes"},"schema":{"@context":"https:\/\/schema.org","@graph":[{"@type":"WebPage","@id":"https:\/\/sendapp.live\/cancellare-la-cache-di-sendapp-desktop\/","url":"https:\/\/sendapp.live\/cancellare-la-cache-di-sendapp-desktop\/","name":"Vider le cache de SendApp Desktop - SendApp - Logiciel de marketing WhatsApp","isPartOf":{"@id":"https:\/\/sendapp.live\/it\/#website"},"primaryImageOfPage":{"@id":"https:\/\/sendapp.live\/cancellare-la-cache-di-sendapp-desktop\/#primaryimage"},"image":{"@id":"https:\/\/sendapp.live\/cancellare-la-cache-di-sendapp-desktop\/#primaryimage"},"thumbnailUrl":"https:\/\/sendapp.live\/wp-content\/uploads\/2025\/01\/Cattura01.png","datePublished":"2022-11-17T18:34:20+00:00","dateModified":"2025-01-21T23:06:13+00:00","description":"D\u00e9couvrez comment vider le cache de SendApp Desktop pour am\u00e9liorer les performances du logiciel. Suivez le guide \u00e9tape par \u00e9tape illustr\u00e9\u2026","breadcrumb":{"@id":"https:\/\/sendapp.live\/cancellare-la-cache-di-sendapp-desktop\/#breadcrumb"},"inLanguage":"fr-FR","potentialAction":[{"@type":"ReadAction","target":["https:\/\/sendapp.live\/cancellare-la-cache-di-sendapp-desktop\/"]}]},{"@type":"ImageObject","inLanguage":"fr-FR","@id":"https:\/\/sendapp.live\/cancellare-la-cache-di-sendapp-desktop\/#primaryimage","url":"https:\/\/sendapp.live\/wp-content\/uploads\/2025\/01\/Cattura01.png","contentUrl":"https:\/\/sendapp.live\/wp-content\/uploads\/2025\/01\/Cattura01.png"},{"@type":"BreadcrumbList","@id":"https:\/\/sendapp.live\/cancellare-la-cache-di-sendapp-desktop\/#breadcrumb","itemListElement":[{"@type":"ListItem","position":1,"name":"Home","item":"https:\/\/sendapp.live\/"},{"@type":"ListItem","position":2,"name":"Cancellare la cache di SendApp Desktop"}]},{"@type":"WebSite","@id":"https:\/\/sendapp.live\/it\/#website","url":"https:\/\/sendapp.live\/it\/","name":"EnvoyerApp","description":"Automatisez vos messages et d\u00e9veloppez votre activit\u00e9","publisher":{"@id":"https:\/\/sendapp.live\/it\/#organization"},"alternateName":"SendApp WhatsApp Marketing","potentialAction":[{"@type":"SearchAction","target":{"@type":"EntryPoint","urlTemplate":"https:\/\/sendapp.live\/it\/?s={search_term_string}"},"query-input":{"@type":"PropertyValueSpecification","valueRequired":true,"valueName":"search_term_string"}}],"inLanguage":"fr-FR"},{"@type":"Organization","@id":"https:\/\/sendapp.live\/it\/#organization","name":"EnvoyerApp","url":"https:\/\/sendapp.live\/it\/","logo":{"@type":"ImageObject","inLanguage":"fr-FR","@id":"https:\/\/sendapp.live\/it\/#\/schema\/logo\/image\/","url":"https:\/\/sendapp.live\/wp-content\/uploads\/2025\/04\/Logo-Sendapp-300x60-1.png","contentUrl":"https:\/\/sendapp.live\/wp-content\/uploads\/2025\/04\/Logo-Sendapp-300x60-1.png","width":300,"height":60,"caption":"SendApp"},"image":{"@id":"https:\/\/sendapp.live\/it\/#\/schema\/logo\/image\/"},"sameAs":["https:\/\/www.facebook.com\/sendapp.live","https:\/\/x.com\/sendapp_live","https:\/\/www.instagram.com\/sendapp.live","https:\/\/www.youtube.com\/channel\/UC2gaLpi0-OJLG4CFbOr6mLw","https:\/\/it.trustpilot.com\/review\/sendapp.live"],"description":"Plateforme italienne de marketing WhatsApp avec API Meta officielle. Assistant IA, campagnes de masse, passerelle SMS gratuite, Google Agenda, automatisations. \u00c0 partir de 16 \u20ac\/mois sans majoration de prix.","email":"info@sendapp.live","foundingDate":"2016-07-25"}]}},"_links":{"self":[{"href":"https:\/\/sendapp.live\/fr\/wp-json\/wp\/v2\/pages\/24372","targetHints":{"allow":["GET"]}}],"collection":[{"href":"https:\/\/sendapp.live\/fr\/wp-json\/wp\/v2\/pages"}],"about":[{"href":"https:\/\/sendapp.live\/fr\/wp-json\/wp\/v2\/types\/page"}],"author":[{"embeddable":true,"href":"https:\/\/sendapp.live\/fr\/wp-json\/wp\/v2\/users\/1"}],"replies":[{"embeddable":true,"href":"https:\/\/sendapp.live\/fr\/wp-json\/wp\/v2\/comments?post=24372"}],"version-history":[{"count":10,"href":"https:\/\/sendapp.live\/fr\/wp-json\/wp\/v2\/pages\/24372\/revisions"}],"predecessor-version":[{"id":33883,"href":"https:\/\/sendapp.live\/fr\/wp-json\/wp\/v2\/pages\/24372\/revisions\/33883"}],"wp:attachment":[{"href":"https:\/\/sendapp.live\/fr\/wp-json\/wp\/v2\/media?parent=24372"}],"curies":[{"name":"wp","href":"https:\/\/api.w.org\/{rel}","templated":true}]}}