{"id":29111,"date":"2024-03-25T09:43:34","date_gmt":"2024-03-25T08:43:34","guid":{"rendered":"https:\/\/sendapp.live\/?page_id=29111"},"modified":"2025-01-21T22:54:47","modified_gmt":"2025-01-21T21:54:47","slug":"gardez-votre-session-whatsapp-active","status":"publish","type":"page","link":"https:\/\/sendapp.live\/fr\/mantenere-la-tua-sessione-di-whatsapp-attiva\/","title":{"rendered":"Gardez votre session WhatsApp active sur SendApp"},"content":{"rendered":"<div id=\"fws_69e1b2eb9299f\"  data-column-margin=\"default\" data-midnight=\"dark\"  class=\"wpb_row vc_row-fluid vc_row full-width-section\"  style=\"padding-top: 0px; padding-bottom: 0px; \"><div class=\"row-bg-wrap\" data-bg-animation=\"none\" data-bg-animation-delay=\"\" data-bg-overlay=\"false\"><div class=\"inner-wrap row-bg-layer using-image\" ><div class=\"row-bg viewport-desktop using-image\"  style=\"background-image: url(https:\/\/sendapp.live\/wp-content\/uploads\/2024\/03\/Mantenere-Attiva-la-Tua-Sessione-WhatsApp-1.png); background-position: center center; background-repeat: no-repeat; \"><\/div><\/div><\/div><div class=\"row_col_wrap_12 col span_12 dark center\">\n\t<div  class=\"vc_col-sm-12 wpb_column column_container vc_column_container col no-extra-padding inherit_tablet inherit_phone\"  data-padding-pos=\"all\" data-has-bg-color=\"false\" data-bg-color=\"\" data-bg-opacity=\"1\" data-animation=\"\" data-delay=\"0\" >\n\t\t<div class=\"vc_column-inner\" >\n\t\t\t<div class=\"wpb_wrapper\">\n\t\t\t\t<div class=\"divider-wrap\" data-alignment=\"default\"><div style=\"height: 300px;\" class=\"divider\"><\/div><\/div>\n\t\t\t<\/div> \n\t\t<\/div>\n\t<\/div> \n<\/div><\/div>\n\t\t<div id=\"fws_69e1b2eb92e95\"  data-column-margin=\"default\" data-midnight=\"dark\" data-top-percent=\"5%\"  class=\"wpb_row vc_row-fluid vc_row\"  style=\"padding-top: calc(100vw * 0.05); padding-bottom: 0px; \"><div class=\"row-bg-wrap\" data-bg-animation=\"none\" data-bg-animation-delay=\"\" data-bg-overlay=\"false\"><div class=\"inner-wrap row-bg-layer\" ><div class=\"row-bg viewport-desktop\"  style=\"\"><\/div><\/div><\/div><div class=\"row_col_wrap_12 col span_12 dark left\">\n\t<div  class=\"vc_col-sm-1\/5 wpb_column column_container vc_column_container col no-extra-padding inherit_tablet inherit_phone\"  data-padding-pos=\"all\" data-has-bg-color=\"false\" data-bg-color=\"\" data-bg-opacity=\"1\" data-animation=\"\" data-delay=\"0\" >\n\t\t<div class=\"vc_column-inner\" >\n\t\t\t<div class=\"wpb_wrapper\">\n\t\t\t\t\n\t\t\t<\/div> \n\t\t<\/div>\n\t<\/div> \n\n\t<div  class=\"vc_col-sm-3\/5 wpb_column column_container vc_column_container col no-extra-padding inherit_tablet inherit_phone\"  data-padding-pos=\"all\" data-has-bg-color=\"false\" data-bg-color=\"\" data-bg-opacity=\"1\" data-animation=\"\" data-delay=\"0\" >\n\t\t<div class=\"vc_column-inner\" >\n\t\t\t<div class=\"wpb_wrapper\">\n\t\t\t\t\n<div class=\"wpb_text_column wpb_content_element\" >\n\t<div class=\"wpb_wrapper\">\n\t\t<h1>Gardez votre session WhatsApp active sur SendApp<\/h1>\n<p>Rester connect\u00e9 sur WhatsApp sans interruptions fr\u00e9quentes est plus facile que vous ne le pensez. Voici cinq conseils pratiques directement li\u00e9s \u00e0 votre t\u00e9l\u00e9phone qui peuvent vous aider \u00e0 prolonger l\u2019activit\u00e9 de votre s\u00e9ance.<\/p>\n<h2>1. Restez connect\u00e9 \u00e0 Internet<\/h2>\n<p>Votre t\u00e9l\u00e9phone a besoin d&#039;une connexion Internet stable pour que WhatsApp fonctionne sans interruption.<\/p>\n<p>&nbsp;<\/p>\n<h2>2. Gardez votre t\u00e9l\u00e9phone charg\u00e9<\/h2>\n<p>Un t\u00e9l\u00e9phone charg\u00e9 est essentiel pour maintenir votre session WhatsApp active. Assurez-vous que votre appareil ne soit pas compl\u00e8tement \u00e0 court de batterie.<\/p>\n<p>&nbsp;<\/p>\n<h2>3. Minimisez l&#039;optimisation de la batterie pour WhatsApp<\/h2>\n<p>Ajustez les param\u00e8tres d&#039;optimisation de la batterie de votre t\u00e9l\u00e9phone pour WhatsApp, permettant \u00e0 l&#039;application de s&#039;ex\u00e9cuter en arri\u00e8re-plan et de maintenir votre session active.<\/p>\n<p>&nbsp;<\/p>\n<h2>4. Gardez WhatsApp actif sur votre t\u00e9l\u00e9phone<\/h2>\n<p>Ouvrez p\u00e9riodiquement WhatsApp sur votre t\u00e9l\u00e9phone pour vous assurer que la session est reconnue comme active.<\/p>\n<p>&nbsp;<\/p>\n<h2>5. Mettez r\u00e9guli\u00e8rement \u00e0 jour WhatsApp<\/h2>\n<p>Gardez l&#039;application \u00e0 jour sur votre t\u00e9l\u00e9phone pour b\u00e9n\u00e9ficier des derni\u00e8res fonctionnalit\u00e9s et am\u00e9liorations de connectivit\u00e9, am\u00e9liorant ainsi votre exp\u00e9rience WhatsApp et gardant votre session \u00e0 jour.<\/p>\n<p>&nbsp;<\/p>\n<p>En suivant ces conseils simples mais efficaces, vous pourrez profiter d&#039;une session WhatsApp plus stable et plus longue, garantissant que vos discussions et communications restent ininterrompues.<\/p>\n\t<\/div>\n<\/div>\n\n\n\n\n\t\t\t<\/div> \n\t\t<\/div>\n\t<\/div> \n\n\t<div  class=\"vc_col-sm-1\/5 wpb_column column_container vc_column_container col no-extra-padding inherit_tablet inherit_phone\"  data-padding-pos=\"all\" data-has-bg-color=\"false\" data-bg-color=\"\" data-bg-opacity=\"1\" data-animation=\"\" data-delay=\"0\" >\n\t\t<div class=\"vc_column-inner\" >\n\t\t\t<div class=\"wpb_wrapper\">\n\t\t\t\t\n\t\t\t<\/div> \n\t\t<\/div>\n\t<\/div> \n<\/div><\/div>","protected":false},"excerpt":{"rendered":"Maintenir votre session WhatsApp active sur SendApp. Rester connect\u00e9 sur WhatsApp sans interruptions fr\u00e9quentes est plus facile que vous ne le pensez. Voici cinq conseils pratiques directement li\u00e9s \u00e0 votre\u2026","protected":false},"author":1,"featured_media":0,"parent":0,"menu_order":0,"comment_status":"closed","ping_status":"closed","template":"","meta":{"_daim_seo_power":"1000","_daim_enable_ail":"1","footnotes":""},"class_list":["post-29111","page","type-page","status-publish"],"yoast_head":"<!-- This site is optimized with the Yoast SEO Premium plugin v27.3 (Yoast SEO v27.3) - https:\/\/yoast.com\/product\/yoast-seo-premium-wordpress\/ -->\n<title>Mantenere la tua sessione di WhatsApp attiva su SendApp - SendApp - Software Whatsapp Marketing<\/title>\n<meta name=\"description\" content=\"Scopri come mantenere WhatsApp sempre attivo su SendApp con 5 consigli pratici: connessione stabile, batteria ottimizzata, impostazioni...\" \/>\n<meta name=\"robots\" content=\"index, follow, max-snippet:-1, max-image-preview:large, max-video-preview:-1\" \/>\n<link rel=\"canonical\" href=\"https:\/\/sendapp.live\/fr\/gardez-votre-session-whatsapp-active\/\" \/>\n<meta property=\"og:locale\" content=\"fr_FR\" \/>\n<meta property=\"og:type\" content=\"article\" \/>\n<meta property=\"og:title\" content=\"Mantenere la tua sessione di WhatsApp attiva su SendApp\" \/>\n<meta property=\"og:description\" content=\"Scopri come mantenere WhatsApp sempre attivo su SendApp con 5 consigli pratici: connessione stabile, batteria ottimizzata, impostazioni...\" \/>\n<meta property=\"og:url\" content=\"https:\/\/sendapp.live\/fr\/gardez-votre-session-whatsapp-active\/\" \/>\n<meta property=\"og:site_name\" content=\"SendApp - Software Whatsapp Marketing\" \/>\n<meta property=\"article:publisher\" content=\"https:\/\/www.facebook.com\/sendapp.live\" \/>\n<meta property=\"article:modified_time\" content=\"2025-01-21T21:54:47+00:00\" \/>\n<meta name=\"twitter:card\" content=\"summary_large_image\" \/>\n<meta name=\"twitter:site\" content=\"@sendapp_live\" \/>\n<meta name=\"twitter:label1\" content=\"Dur\u00e9e de lecture estim\u00e9e\" \/>\n\t<meta name=\"twitter:data1\" content=\"1 minute\" \/>\n<script type=\"application\/ld+json\" class=\"yoast-schema-graph\">{\"@context\":\"https:\\\/\\\/schema.org\",\"@graph\":[{\"@type\":\"WebPage\",\"@id\":\"https:\\\/\\\/sendapp.live\\\/mantenere-la-tua-sessione-di-whatsapp-attiva\\\/\",\"url\":\"https:\\\/\\\/sendapp.live\\\/mantenere-la-tua-sessione-di-whatsapp-attiva\\\/\",\"name\":\"Mantenere la tua sessione di WhatsApp attiva su SendApp - SendApp - Software Whatsapp Marketing\",\"isPartOf\":{\"@id\":\"https:\\\/\\\/sendapp.live\\\/it\\\/#website\"},\"datePublished\":\"2024-03-25T08:43:34+00:00\",\"dateModified\":\"2025-01-21T21:54:47+00:00\",\"description\":\"Scopri come mantenere WhatsApp sempre attivo su SendApp con 5 consigli pratici: connessione stabile, batteria ottimizzata, impostazioni...\",\"breadcrumb\":{\"@id\":\"https:\\\/\\\/sendapp.live\\\/mantenere-la-tua-sessione-di-whatsapp-attiva\\\/#breadcrumb\"},\"inLanguage\":\"fr-FR\",\"potentialAction\":[{\"@type\":\"ReadAction\",\"target\":[\"https:\\\/\\\/sendapp.live\\\/mantenere-la-tua-sessione-di-whatsapp-attiva\\\/\"]}]},{\"@type\":\"BreadcrumbList\",\"@id\":\"https:\\\/\\\/sendapp.live\\\/mantenere-la-tua-sessione-di-whatsapp-attiva\\\/#breadcrumb\",\"itemListElement\":[{\"@type\":\"ListItem\",\"position\":1,\"name\":\"Home\",\"item\":\"https:\\\/\\\/sendapp.live\\\/\"},{\"@type\":\"ListItem\",\"position\":2,\"name\":\"Mantenere la tua sessione di WhatsApp attiva su SendApp\"}]},{\"@type\":\"WebSite\",\"@id\":\"https:\\\/\\\/sendapp.live\\\/it\\\/#website\",\"url\":\"https:\\\/\\\/sendapp.live\\\/it\\\/\",\"name\":\"SendApp\",\"description\":\"Automate Your Messages &amp; Grow Your Business\",\"publisher\":{\"@id\":\"https:\\\/\\\/sendapp.live\\\/it\\\/#organization\"},\"alternateName\":\"SendApp WhatsApp Marketing\",\"potentialAction\":[{\"@type\":\"SearchAction\",\"target\":{\"@type\":\"EntryPoint\",\"urlTemplate\":\"https:\\\/\\\/sendapp.live\\\/it\\\/?s={search_term_string}\"},\"query-input\":{\"@type\":\"PropertyValueSpecification\",\"valueRequired\":true,\"valueName\":\"search_term_string\"}}],\"inLanguage\":\"fr-FR\"},{\"@type\":\"Organization\",\"@id\":\"https:\\\/\\\/sendapp.live\\\/it\\\/#organization\",\"name\":\"SendApp\",\"url\":\"https:\\\/\\\/sendapp.live\\\/it\\\/\",\"logo\":{\"@type\":\"ImageObject\",\"inLanguage\":\"fr-FR\",\"@id\":\"https:\\\/\\\/sendapp.live\\\/it\\\/#\\\/schema\\\/logo\\\/image\\\/\",\"url\":\"https:\\\/\\\/sendapp.live\\\/wp-content\\\/uploads\\\/2025\\\/04\\\/Logo-Sendapp-300x60-1.png\",\"contentUrl\":\"https:\\\/\\\/sendapp.live\\\/wp-content\\\/uploads\\\/2025\\\/04\\\/Logo-Sendapp-300x60-1.png\",\"width\":300,\"height\":60,\"caption\":\"SendApp\"},\"image\":{\"@id\":\"https:\\\/\\\/sendapp.live\\\/it\\\/#\\\/schema\\\/logo\\\/image\\\/\"},\"sameAs\":[\"https:\\\/\\\/www.facebook.com\\\/sendapp.live\",\"https:\\\/\\\/x.com\\\/sendapp_live\",\"https:\\\/\\\/www.instagram.com\\\/sendapp.live\",\"https:\\\/\\\/www.youtube.com\\\/channel\\\/UC2gaLpi0-OJLG4CFbOr6mLw\",\"https:\\\/\\\/it.trustpilot.com\\\/review\\\/sendapp.live\"],\"description\":\"Piattaforma italiana di WhatsApp Marketing con API ufficiali Meta. Assistente AI, campagne massive, SMS Gateway gratuito, Google Calendar, automazioni. Da \u20ac16\\\/mese senza markup sui messaggi.\",\"email\":\"info@sendapp.live\",\"foundingDate\":\"2016-07-25\"}]}<\/script>\n<!-- \/ Yoast SEO Premium plugin. -->","yoast_head_json":{"title":"Maintenir votre session WhatsApp active sur SendApp - SendApp - Logiciel de marketing WhatsApp","description":"Apprenez \u00e0 garder WhatsApp toujours actif sur SendApp avec 5 conseils pratiques : connexion stable, batterie optimis\u00e9e, param\u00e8tres...","robots":{"index":"index","follow":"follow","max-snippet":"max-snippet:-1","max-image-preview":"max-image-preview:large","max-video-preview":"max-video-preview:-1"},"canonical":"https:\/\/sendapp.live\/fr\/gardez-votre-session-whatsapp-active\/","og_locale":"fr_FR","og_type":"article","og_title":"Mantenere la tua sessione di WhatsApp attiva su SendApp","og_description":"Scopri come mantenere WhatsApp sempre attivo su SendApp con 5 consigli pratici: connessione stabile, batteria ottimizzata, impostazioni...","og_url":"https:\/\/sendapp.live\/fr\/gardez-votre-session-whatsapp-active\/","og_site_name":"SendApp - Software Whatsapp Marketing","article_publisher":"https:\/\/www.facebook.com\/sendapp.live","article_modified_time":"2025-01-21T21:54:47+00:00","twitter_card":"summary_large_image","twitter_site":"@sendapp_live","twitter_misc":{"Dur\u00e9e de lecture estim\u00e9e":"1 minute"},"schema":{"@context":"https:\/\/schema.org","@graph":[{"@type":"WebPage","@id":"https:\/\/sendapp.live\/mantenere-la-tua-sessione-di-whatsapp-attiva\/","url":"https:\/\/sendapp.live\/mantenere-la-tua-sessione-di-whatsapp-attiva\/","name":"Maintenir votre session WhatsApp active sur SendApp - SendApp - Logiciel de marketing WhatsApp","isPartOf":{"@id":"https:\/\/sendapp.live\/it\/#website"},"datePublished":"2024-03-25T08:43:34+00:00","dateModified":"2025-01-21T21:54:47+00:00","description":"Apprenez \u00e0 garder WhatsApp toujours actif sur SendApp avec 5 conseils pratiques : connexion stable, batterie optimis\u00e9e, param\u00e8tres...","breadcrumb":{"@id":"https:\/\/sendapp.live\/mantenere-la-tua-sessione-di-whatsapp-attiva\/#breadcrumb"},"inLanguage":"fr-FR","potentialAction":[{"@type":"ReadAction","target":["https:\/\/sendapp.live\/mantenere-la-tua-sessione-di-whatsapp-attiva\/"]}]},{"@type":"BreadcrumbList","@id":"https:\/\/sendapp.live\/mantenere-la-tua-sessione-di-whatsapp-attiva\/#breadcrumb","itemListElement":[{"@type":"ListItem","position":1,"name":"Home","item":"https:\/\/sendapp.live\/"},{"@type":"ListItem","position":2,"name":"Mantenere la tua sessione di WhatsApp attiva su SendApp"}]},{"@type":"WebSite","@id":"https:\/\/sendapp.live\/it\/#website","url":"https:\/\/sendapp.live\/it\/","name":"EnvoyerApp","description":"Automatisez vos messages et d\u00e9veloppez votre activit\u00e9","publisher":{"@id":"https:\/\/sendapp.live\/it\/#organization"},"alternateName":"SendApp WhatsApp Marketing","potentialAction":[{"@type":"SearchAction","target":{"@type":"EntryPoint","urlTemplate":"https:\/\/sendapp.live\/it\/?s={search_term_string}"},"query-input":{"@type":"PropertyValueSpecification","valueRequired":true,"valueName":"search_term_string"}}],"inLanguage":"fr-FR"},{"@type":"Organization","@id":"https:\/\/sendapp.live\/it\/#organization","name":"EnvoyerApp","url":"https:\/\/sendapp.live\/it\/","logo":{"@type":"ImageObject","inLanguage":"fr-FR","@id":"https:\/\/sendapp.live\/it\/#\/schema\/logo\/image\/","url":"https:\/\/sendapp.live\/wp-content\/uploads\/2025\/04\/Logo-Sendapp-300x60-1.png","contentUrl":"https:\/\/sendapp.live\/wp-content\/uploads\/2025\/04\/Logo-Sendapp-300x60-1.png","width":300,"height":60,"caption":"SendApp"},"image":{"@id":"https:\/\/sendapp.live\/it\/#\/schema\/logo\/image\/"},"sameAs":["https:\/\/www.facebook.com\/sendapp.live","https:\/\/x.com\/sendapp_live","https:\/\/www.instagram.com\/sendapp.live","https:\/\/www.youtube.com\/channel\/UC2gaLpi0-OJLG4CFbOr6mLw","https:\/\/it.trustpilot.com\/review\/sendapp.live"],"description":"Plateforme italienne de marketing WhatsApp avec API Meta officielle. Assistant IA, campagnes de masse, passerelle SMS gratuite, Google Agenda, automatisations. \u00c0 partir de 16 \u20ac\/mois sans majoration de prix.","email":"info@sendapp.live","foundingDate":"2016-07-25"}]}},"_links":{"self":[{"href":"https:\/\/sendapp.live\/fr\/wp-json\/wp\/v2\/pages\/29111","targetHints":{"allow":["GET"]}}],"collection":[{"href":"https:\/\/sendapp.live\/fr\/wp-json\/wp\/v2\/pages"}],"about":[{"href":"https:\/\/sendapp.live\/fr\/wp-json\/wp\/v2\/types\/page"}],"author":[{"embeddable":true,"href":"https:\/\/sendapp.live\/fr\/wp-json\/wp\/v2\/users\/1"}],"replies":[{"embeddable":true,"href":"https:\/\/sendapp.live\/fr\/wp-json\/wp\/v2\/comments?post=29111"}],"version-history":[{"count":10,"href":"https:\/\/sendapp.live\/fr\/wp-json\/wp\/v2\/pages\/29111\/revisions"}],"predecessor-version":[{"id":33861,"href":"https:\/\/sendapp.live\/fr\/wp-json\/wp\/v2\/pages\/29111\/revisions\/33861"}],"wp:attachment":[{"href":"https:\/\/sendapp.live\/fr\/wp-json\/wp\/v2\/media?parent=29111"}],"curies":[{"name":"wp","href":"https:\/\/api.w.org\/{rel}","templated":true}]}}