{"id":30112,"date":"2024-06-20T19:35:05","date_gmt":"2024-06-20T17:35:05","guid":{"rendered":"https:\/\/sendapp.live\/?page_id=30112"},"modified":"2024-06-24T22:29:08","modified_gmt":"2024-06-24T20:29:08","slug":"logiciel-denvoi-de-messages-whatsapp","status":"publish","type":"page","link":"https:\/\/sendapp.live\/fr\/software-invio-messaggi-whatsapp\/","title":{"rendered":"logiciel d'envoi de messages whatsapp"},"content":{"rendered":"<div id=\"fws_69d284d559668\"  data-column-margin=\"default\" data-midnight=\"dark\" data-top-percent=\"5%\" data-bottom-percent=\"5%\"  class=\"wpb_row vc_row-fluid vc_row  right_padding_5pct left_padding_5pct\"  style=\"padding-top: calc(100vw * 0.05); padding-bottom: calc(100vw * 0.05); \"><div class=\"row-bg-wrap\" data-bg-animation=\"none\" data-bg-animation-delay=\"\" data-bg-overlay=\"false\"><div class=\"inner-wrap row-bg-layer\" ><div class=\"row-bg viewport-desktop\"  style=\"\"><\/div><\/div><\/div><div class=\"row_col_wrap_12 col span_12 dark left\">\n\t<div  class=\"vc_col-sm-12 wpb_column column_container vc_column_container col no-extra-padding inherit_tablet inherit_phone\"  data-padding-pos=\"all\" data-has-bg-color=\"false\" data-bg-color=\"\" data-bg-opacity=\"1\" data-animation=\"\" data-delay=\"0\" >\n\t\t<div class=\"vc_column-inner\" >\n\t\t\t<div class=\"wpb_wrapper\">\n\t\t\t\t<h1 style=\"font-size: 65px;color: #4b5b75;text-align: center;font-family:Raleway;font-weight:400;font-style:normal\" class=\"vc_custom_heading vc_do_custom_heading vc_custom_1719260843523\" >SendApp le logiciel d&#039;envoi de messages WhatsApp<\/h1>\n\t\t\t<\/div> \n\t\t<\/div>\n\t<\/div> \n<\/div><\/div>\n\t\t<div id=\"fws_69d284d559cdb\"  data-column-margin=\"default\" data-midnight=\"dark\"  class=\"wpb_row vc_row-fluid vc_row\"  style=\"padding-top: 0px; padding-bottom: 0px; \"><div class=\"row-bg-wrap\" data-bg-animation=\"none\" data-bg-animation-delay=\"\" data-bg-overlay=\"false\"><div class=\"inner-wrap row-bg-layer\" ><div class=\"row-bg viewport-desktop\"  style=\"\"><\/div><\/div><\/div><div class=\"row_col_wrap_12 col span_12 dark left\">\n\t<div  class=\"vc_col-sm-12 wpb_column column_container vc_column_container col no-extra-padding inherit_tablet inherit_phone\"  data-padding-pos=\"all\" data-has-bg-color=\"false\" data-bg-color=\"\" data-bg-opacity=\"1\" data-animation=\"\" data-delay=\"0\" >\n\t\t<div class=\"vc_column-inner\" >\n\t\t\t<div class=\"wpb_wrapper\">\n\t\t\t\t\n<div class=\"wpb_text_column wpb_content_element\" >\n\t<div class=\"wpb_wrapper\">\n\t\t<p>SendApp est un logiciel innovant con\u00e7u pour simplifier l&#039;envoi de messages sur WhatsApp, offrant aux entreprises et aux utilisateurs la possibilit\u00e9 de g\u00e9rer efficacement leurs conversations. Gr\u00e2ce \u00e0 ses fonctionnalit\u00e9s avanc\u00e9es, SendApp s&#039;est rapidement impos\u00e9 comme un outil indispensable pour communiquer efficacement via la c\u00e9l\u00e8bre plateforme de messagerie instantan\u00e9e.<\/p>\n<h2>Introduction \u00e0 SendApp : le logiciel pour envoyer des messages sur WhatsApp<\/h2>\n<p>SendApp est un logiciel de messagerie WhatsApp sp\u00e9cialis\u00e9 qui offre une gamme de fonctionnalit\u00e9s avanc\u00e9es pour simplifier la gestion des conversations. Avec SendApp, vous pouvez envoyer des messages personnalis\u00e9s \u00e0 un large public rapidement et efficacement, simplifiant ainsi la communication avec vos clients et prospects.<\/p>\n<h2>Comment fonctionne SendApp\u00a0: la plateforme de gestion des chats<\/h2>\n<p>SendApp permet aux utilisateurs d&#039;importer facilement des contacts, de cr\u00e9er des listes de distribution et d&#039;envoyer des messages personnalis\u00e9s \u00e0 des groupes de personnes. De plus, vous pouvez programmer des messages pour planifier vos communications \u00e0 l&#039;avance et optimiser la gestion des discussions WhatsApp.<\/p>\n<h2>Avantages de l&#039;utilisation de SendApp pour envoyer des messages sur WhatsApp<\/h2>\n<p>L&#039;utilisation de SendApp offre de nombreux avantages, notamment la possibilit\u00e9 d&#039;atteindre un large public rapidement et efficacement, de personnaliser les messages pour augmenter l&#039;engagement et la fid\u00e9lit\u00e9 des clients et de simplifier la gestion des communications WhatsApp gr\u00e2ce \u00e0 ses fonctionnalit\u00e9s avanc\u00e9es.<\/p>\n<h2>Comparaison entre SendApp et autres logiciels d&#039;envoi de messages WhatsApp<\/h2>\n<p>Compar\u00e9 aux autres logiciels de messagerie WhatsApp, SendApp se distingue par sa simplicit\u00e9 d&#039;utilisation, sa polyvalence et ses fonctionnalit\u00e9s avanc\u00e9es. Gr\u00e2ce \u00e0 son interface intuitive et \u00e0 sa gestion efficace des conversations, SendApp est le choix id\u00e9al pour les entreprises souhaitant communiquer efficacement via WhatsApp.<\/p>\n<h2>\u00c9tapes pour utiliser SendApp dans votre entreprise ou soci\u00e9t\u00e9<\/h2>\n<p>Pour utiliser SendApp pour votre entreprise, inscrivez-vous simplement sur le site officiel, importez vos contacts, cr\u00e9ez des listes de diffusion et commencez \u00e0 envoyer des messages personnalis\u00e9s. Gr\u00e2ce \u00e0 son interface utilisateur intuitive, SendApp s&#039;adapte facilement aux besoins de chaque entreprise et vous permet d&#039;optimiser efficacement vos communications WhatsApp.<\/p>\n<h2>SendApp : La solution pour envoyer des messages sur WhatsApp efficacement<\/h2>\n<p>SendApp s&#039;est av\u00e9r\u00e9e \u00eatre la solution id\u00e9ale pour envoyer efficacement des messages sur WhatsApp, gr\u00e2ce \u00e0 ses fonctionnalit\u00e9s avanc\u00e9es et \u00e0 son interface intuitive. Avec SendApp, les entreprises peuvent optimiser leurs communications WhatsApp, toucher un large public et renforcer l&#039;engagement client.<\/p>\n<h2>Co\u00fbts de SendApp : combien co\u00fbte l&#039;envoi de messages sur WhatsApp ?<\/h2>\n<p>Le prix de SendApp varie selon l&#039;offre choisie, qui propose diff\u00e9rentes options pour r\u00e9pondre \u00e0 vos besoins. Cependant, SendApp reste un investissement rentable pour les entreprises souhaitant optimiser leurs communications WhatsApp, offrant un excellent rapport qualit\u00e9-prix.<\/p>\n<h2>Avis des utilisateurs ayant utilis\u00e9 SendApp pour WhatsApp<\/h2>\n<p>Les avis des utilisateurs ayant utilis\u00e9 SendApp pour envoyer des messages sur WhatsApp sont extr\u00eamement positifs, soulignant la simplicit\u00e9 d&#039;utilisation et l&#039;efficacit\u00e9 du logiciel. Gr\u00e2ce \u00e0 ses fonctionnalit\u00e9s avanc\u00e9es et \u00e0 sa polyvalence, SendApp a re\u00e7u de nombreux avis positifs, confirmant son efficacit\u00e9 pour l&#039;envoi de messages.<\/p>\n<h2>D\u00e9veloppements futurs possibles de SendApp dans le secteur de la messagerie<\/h2>\n<p>SendApp poursuit son innovation dans le secteur de la messagerie WhatsApp, en introduisant constamment de nouvelles fonctionnalit\u00e9s et am\u00e9liorations pour mieux r\u00e9pondre aux besoins des utilisateurs. Gr\u00e2ce \u00e0 son \u00e9volution constante, SendApp demeure une r\u00e9f\u00e9rence dans le secteur de la messagerie WhatsApp.<\/p>\n<p>&nbsp;<\/p>\n<p>En conclusion, SendApp confirme sa position de choix pour envoyer des messages sur WhatsApp de mani\u00e8re efficace et efficiente, offrant aux entreprises et aux utilisateurs la possibilit\u00e9 d&#039;optimiser leurs communications sur cette plateforme de messagerie instantan\u00e9e populaire. Gr\u00e2ce \u00e0 ses fonctionnalit\u00e9s avanc\u00e9es, sa simplicit\u00e9 d&#039;utilisation et son efficacit\u00e9, SendApp s&#039;impose comme un outil indispensable pour communiquer professionnellement via WhatsApp.<\/p>\n\t<\/div>\n<\/div>\n\n\n\n\n\t\t\t<\/div> \n\t\t<\/div>\n\t<\/div> \n<\/div><\/div>\n\t\t<div id=\"price\"  data-column-margin=\"default\" data-midnight=\"dark\" data-top-percent=\"4%\" data-bottom-percent=\"7%\"  class=\"wpb_row vc_row-fluid vc_row full-width-section\"  style=\"padding-top: calc(100vw * 0.04); padding-bottom: calc(100vw * 0.07); \"><div class=\"row-bg-wrap\" data-bg-animation=\"none\" data-bg-animation-delay=\"\" data-bg-overlay=\"false\"><div class=\"inner-wrap row-bg-layer\" ><div class=\"row-bg viewport-desktop\"  style=\"\"><\/div><\/div><\/div><div class=\"row_col_wrap_12 col span_12 dark left\">\n\t<div  class=\"vc_col-sm-12 wpb_column column_container vc_column_container col no-extra-padding inherit_tablet inherit_phone\"  data-padding-pos=\"all\" data-has-bg-color=\"false\" data-bg-color=\"\" data-bg-opacity=\"1\" data-animation=\"\" data-delay=\"0\" >\n\t\t<div class=\"vc_column-inner\" >\n\t\t\t<div class=\"wpb_wrapper\">\n\t\t\t\t<div id=\"fws_69d284d55a428\" data-midnight=\"\" data-column-margin=\"default\" class=\"wpb_row vc_row-fluid vc_row inner_row\"  style=\"\"><div class=\"row-bg-wrap\"> <div class=\"row-bg\" ><\/div> <\/div><div class=\"row_col_wrap_12_inner col span_12  left\">\n\t<div  class=\"vc_col-sm-12 wpb_column column_container vc_column_container col child_column centered-text has-animation no-extra-padding inherit_tablet inherit_phone\"   data-padding-pos=\"all\" data-has-bg-color=\"false\" data-bg-color=\"\" data-bg-opacity=\"1\" data-animation=\"fade-in\" data-delay=\"0\" >\n\t\t<div class=\"vc_column-inner\" >\n\t\t<div class=\"wpb_wrapper\">\n\t\t\t\n<div class=\"wpb_text_column wpb_content_element  vc_custom_1712152870190\" >\n\t<div class=\"wpb_wrapper\">\n\t\t<section class=\"main-section main-section-full main-section-slim\">\n<h1 class=\"row\">Une tarification simple et transparente<\/h1>\n<h3 class=\"row\">Pas de frais et pas de frais par message.<\/h3>\n<p><span style=\"color: #999999;\">Le prix varie en fonction des fonctionnalit\u00e9s incluses et du nombre d'envois automatiques.<\/span><\/p>\n<\/section>\n\t<\/div>\n<\/div>\n\n\n\n\n\t\t<\/div> \n\t<\/div>\n\t<\/div> \n<\/div><\/div><div class=\"row pricing-table four-cols\" data-style=\"flat-alternative\"><div class=\"pricing-column no-highlight accent-color\">\n\t\t\t<h3>Free<\/h3>\n          <div class=\"pricing-column-content\">\n\t\t\t<h4> <span class=\"dollar-sign\">\u20ac<\/span> 0 <\/h4>\n\t\t\t<span class=\"interval\">7 jours<\/span>\n<div class=\"wpb_text_column wpb_content_element\" >\n\t<div class=\"wpb_wrapper\">\n\t\t<h6><a class=\"nectar-button n-sc-button large accent-color has-icon regular-button\"  href=\"https:\/\/sendapp.live\/fr\/produit\/sendapp-gratuit\/\" data-color-override=\"false\" data-hover-color-override=\"false\" data-hover-text-color-override=\"#fff\"><span>T\u00e9l\u00e9chargements<\/span><i class=\"icon-button-arrow\"><\/i><\/a><\/h6>\n<h6><i class=\"icon-tiny fa fa-check accent-color\"><\/i> 20 Envoi automatique<\/h6>\n<h6><i class=\"icon-tiny fa fa-check accent-color\"><\/i> 7 jours<\/h6>\n<h6><i class=\"icon-tiny fa fa-check accent-color\"><\/i> Annuaire des contacts<\/h6>\n<h6><i class=\"icon-tiny fa fa-check accent-color\"><\/i> Envoyer un rapport<\/h6>\n<h6><i class=\"icon-tiny fa fa-check accent-color\"><\/i> R\u00e9ponse automatique<\/h6>\n<h6><i class=\"icon-tiny fa fa-check accent-color\"><\/i> Galerie de photos<\/h6>\n<h6><i class=\"icon-tiny fa fa-check accent-color\"><\/i> Photo libre de droits<\/h6>\n<h6><i class=\"icon-tiny fa fa-check accent-color\"><\/i> \u00c9diteur de photos<\/h6>\n<h6><del><i class=\"icon-tiny fa fa-check accent-color\"><\/i> Planification<\/del><\/h6>\n<h6><del><i class=\"icon-tiny fa fa-check accent-color\"><\/i>\u00a0 Passerelle Whatsapp<\/del><\/h6>\n<h6><del><i class=\"icon-tiny fa fa-check accent-color\"><\/i>\u00a0 SMS Gateway<\/del><\/h6>\n<h6><del><i class=\"icon-tiny fa fa-check accent-color\"><\/i> Plugins WordPress<\/del><\/h6>\n<h6><del><i class=\"icon-tiny fa fa-check accent-color\"><\/i> Service Clients<\/del><\/h6>\n\t<\/div>\n<\/div>\n\n\n\n<\/div><\/div><div class=\"pricing-column no-highlight accent-color\">\n\t\t\t<h3>Pro<\/h3>\n          <div class=\"pricing-column-content\">\n\t\t\t<h4> <span class=\"dollar-sign\">\u20ac<\/span> 90 <\/h4>\n\t\t\t<span class=\"interval\">Pour toujours<\/span>\n<div class=\"wpb_text_column wpb_content_element\" >\n\t<div class=\"wpb_wrapper\">\n\t\t<h6><a class=\"nectar-button n-sc-button large accent-color has-icon regular-button\"  href=\"https:\/\/sendapp.live\/fr\/produit\/sendapp-professional\/\" data-color-override=\"false\" data-hover-color-override=\"false\" data-hover-text-color-override=\"#fff\"><span>Acheter<\/span><i class=\"icon-button-arrow\"><\/i><\/a><\/h6>\n<h6><i class=\"icon-tiny fa fa-check accent-color\"><\/i> 200 envois automatiques<\/h6>\n<h6><i class=\"icon-tiny fa fa-check accent-color\"><\/i> Pour toujours<\/h6>\n<h6><i class=\"icon-tiny fa fa-check accent-color\"><\/i> Annuaire des contacts<\/h6>\n<h6><i class=\"icon-tiny fa fa-check accent-color\"><\/i> Envoyer un rapport<\/h6>\n<h6><del><i class=\"icon-tiny fa fa-check accent-color\"><\/i> R\u00e9ponse automatique<\/del><\/h6>\n<h6><i class=\"icon-tiny fa fa-check accent-color\"><\/i> Galerie de photos<\/h6>\n<h6><i class=\"icon-tiny fa fa-check accent-color\"><\/i> Photo libre de droits<\/h6>\n<h6><i class=\"icon-tiny fa fa-check accent-color\"><\/i> \u00c9diteur de photos<\/h6>\n<h6><del><i class=\"icon-tiny fa fa-check accent-color\"><\/i> Planification<\/del><\/h6>\n<h6><del><i class=\"icon-tiny fa fa-check accent-color\"><\/i>\u00a0Passerelle Whatsapp<\/del><\/h6>\n<h6><del><i class=\"icon-tiny fa fa-check accent-color\"><\/i>\u00a0SMS Gateway<\/del><\/h6>\n<h6><del><i class=\"icon-tiny fa fa-check accent-color\"><\/i> Plugins WordPress<\/del><\/h6>\n<h6><i class=\"icon-tiny fa fa-check accent-color\"><\/i> Service Clients<\/h6>\n\t<\/div>\n<\/div>\n\n\n\n<\/div><\/div><div class=\"pricing-column highlight accent-color\">\n\t\t\t<h3>Business<span class=\"highlight-reason\">Recommand\u00e9<\/span><\/h3>\n          <div class=\"pricing-column-content\">\n\t\t\t<h4> <span class=\"dollar-sign\">\u20ac<\/span> 199 <\/h4>\n\t\t\t<span class=\"interval\">Pour toujours<\/span>\n<div class=\"wpb_text_column wpb_content_element\" >\n\t<div class=\"wpb_wrapper\">\n\t\t<h6><a class=\"nectar-button n-sc-button large accent-color has-icon regular-button\"  href=\"https:\/\/sendapp.live\/fr\/produit\/sendapp-business\/\" data-color-override=\"false\" data-hover-color-override=\"false\" data-hover-text-color-override=\"#fff\"><span>Acheter<\/span><i class=\"icon-button-arrow\"><\/i><\/a><\/h6>\n<h6><i class=\"icon-tiny fa fa-check accent-color\"><\/i> Envois illimit\u00e9s<\/h6>\n<h6><i class=\"icon-tiny fa fa-check accent-color\"><\/i> Pour toujours<\/h6>\n<h6><i class=\"icon-tiny fa fa-check accent-color\"><\/i> Annuaire des contacts<\/h6>\n<h6><i class=\"icon-tiny fa fa-check accent-color\"><\/i> Envoyer un rapport<\/h6>\n<h6><i class=\"icon-tiny fa fa-check accent-color\"><\/i> R\u00e9ponse automatique<\/h6>\n<h6><i class=\"icon-tiny fa fa-check accent-color\"><\/i> Galerie de photos<\/h6>\n<h6><i class=\"icon-tiny fa fa-check accent-color\"><\/i> Photo libre de droits<\/h6>\n<h6><i class=\"icon-tiny fa fa-check accent-color\"><\/i> \u00c9diteur de photos<\/h6>\n<h6><i class=\"icon-tiny fa fa-check accent-color\"><\/i> Planification<\/h6>\n<h6><del><i class=\"icon-tiny fa fa-check accent-color\"><\/i> Passerelle Whatsapp<\/del><\/h6>\n<h6><i class=\"icon-tiny fa fa-check accent-color\"><\/i> SMS Gateway<\/h6>\n<h6><del><i class=\"icon-tiny fa fa-check accent-color\"><\/i> Plugins WordPress<\/del><\/h6>\n<h6><i class=\"icon-tiny fa fa-check accent-color\"><\/i> Service Clients<\/h6>\n\t<\/div>\n<\/div>\n\n\n\n<\/div><\/div><div class=\"pricing-column no-highlight accent-color\">\n\t\t\t<h3>Connect<\/h3>\n          <div class=\"pricing-column-content\">\n\t\t\t<h4> <span class=\"dollar-sign\">\u20ac<\/span> 299 <\/h4>\n\t\t\t<span class=\"interval\">Pour toujours<\/span>\n<div class=\"wpb_text_column wpb_content_element\" >\n\t<div class=\"wpb_wrapper\">\n\t\t<h6><a class=\"nectar-button n-sc-button large accent-color has-icon regular-button\"  href=\"https:\/\/sendapp.live\/fr\/produit\/sendapp-web-connect\/\" data-color-override=\"false\" data-hover-color-override=\"false\" data-hover-text-color-override=\"#fff\"><span>Acheter<\/span><i class=\"icon-button-arrow\"><\/i><\/a><\/h6>\n<h6><i class=\"icon-tiny fa fa-check accent-color\"><\/i> Envois illimit\u00e9s<\/h6>\n<h6><i class=\"icon-tiny fa fa-check accent-color\"><\/i> Pour toujours<\/h6>\n<h6><i class=\"icon-tiny fa fa-check accent-color\"><\/i> Annuaire des contacts<\/h6>\n<h6><i class=\"icon-tiny fa fa-check accent-color\"><\/i> Envoyer un rapport<\/h6>\n<h6><i class=\"icon-tiny fa fa-check accent-color\"><\/i> R\u00e9ponse automatique<\/h6>\n<h6><i class=\"icon-tiny fa fa-check accent-color\"><\/i> Galerie de photos<\/h6>\n<h6><i class=\"icon-tiny fa fa-check accent-color\"><\/i> Photo libre de droits<\/h6>\n<h6><i class=\"icon-tiny fa fa-check accent-color\"><\/i> \u00c9diteur de photos<\/h6>\n<h6><i class=\"icon-tiny fa fa-check accent-color\"><\/i> Planification<\/h6>\n<h6><i class=\"icon-tiny fa fa-check accent-color\"><\/i>\u00a0Passerelle Whatsapp<\/h6>\n<h6><i class=\"icon-tiny fa fa-check accent-color\"><\/i>\u00a0SMS Gateway<\/h6>\n<h6><i class=\"icon-tiny fa fa-check accent-color\"><\/i> Plugins WordPress<\/h6>\n<h6><i class=\"icon-tiny fa fa-check accent-color\"><\/i> Service Clients<\/h6>\n\t<\/div>\n<\/div>\n\n\n\n<\/div><\/div><\/div>\n\t\t\t<\/div> \n\t\t<\/div>\n\t<\/div> \n<\/div><\/div>","protected":false},"excerpt":{"rendered":"Logiciel d&#039;envoi de messages WhatsApp SendApp SendApp est un logiciel innovant con\u00e7u pour simplifier l&#039;envoi de messages sur WhatsApp, offrant aux entreprises et aux utilisateurs la possibilit\u00e9 de g\u00e9rer...","protected":false},"author":1,"featured_media":0,"parent":0,"menu_order":0,"comment_status":"closed","ping_status":"closed","template":"","meta":{"_daim_seo_power":"","_daim_enable_ail":"","footnotes":""},"class_list":["post-30112","page","type-page","status-publish"],"yoast_head":"<!-- This site is optimized with the Yoast SEO Premium plugin v27.3 (Yoast SEO v27.3) - https:\/\/yoast.com\/product\/yoast-seo-premium-wordpress\/ -->\n<title>Software invio messaggi WhatsAapp<\/title>\n<meta name=\"description\" content=\"Software invio messaggi whatsapp. Create successful WhatsApp marketing campaigns effortlessly with SendApp&#039;s all-in-one platform. Personalize messages with text, images, videos, and links.\" \/>\n<meta name=\"robots\" content=\"index, follow, max-snippet:-1, max-image-preview:large, max-video-preview:-1\" \/>\n<link rel=\"canonical\" href=\"https:\/\/sendapp.live\/fr\/logiciel-denvoi-de-messages-whatsapp\/\" \/>\n<meta property=\"og:locale\" content=\"fr_FR\" \/>\n<meta property=\"og:type\" content=\"article\" \/>\n<meta property=\"og:title\" content=\"software invio messaggi whatsapp\" \/>\n<meta property=\"og:description\" content=\"Software invio messaggi whatsapp. Create successful WhatsApp marketing campaigns effortlessly with SendApp&#039;s all-in-one platform. Personalize messages with text, images, videos, and links.\" \/>\n<meta property=\"og:url\" content=\"https:\/\/sendapp.live\/fr\/logiciel-denvoi-de-messages-whatsapp\/\" \/>\n<meta property=\"og:site_name\" content=\"SendApp - Software Whatsapp Marketing\" \/>\n<meta property=\"article:publisher\" content=\"https:\/\/www.facebook.com\/sendapp.live\" \/>\n<meta property=\"article:modified_time\" content=\"2024-06-24T20:29:08+00:00\" \/>\n<meta name=\"twitter:card\" content=\"summary_large_image\" \/>\n<meta name=\"twitter:site\" content=\"@sendapp_live\" \/>\n<meta name=\"twitter:label1\" content=\"Dur\u00e9e de lecture estim\u00e9e\" \/>\n\t<meta name=\"twitter:data1\" content=\"3 minutes\" \/>\n<script type=\"application\/ld+json\" class=\"yoast-schema-graph\">{\"@context\":\"https:\\\/\\\/schema.org\",\"@graph\":[{\"@type\":\"WebPage\",\"@id\":\"https:\\\/\\\/sendapp.live\\\/software-invio-messaggi-whatsapp\\\/\",\"url\":\"https:\\\/\\\/sendapp.live\\\/software-invio-messaggi-whatsapp\\\/\",\"name\":\"Software invio messaggi WhatsAapp\",\"isPartOf\":{\"@id\":\"https:\\\/\\\/sendapp.live\\\/it\\\/#website\"},\"datePublished\":\"2024-06-20T17:35:05+00:00\",\"dateModified\":\"2024-06-24T20:29:08+00:00\",\"description\":\"Software invio messaggi whatsapp. Create successful WhatsApp marketing campaigns effortlessly with SendApp's all-in-one platform. Personalize messages with text, images, videos, and links.\",\"breadcrumb\":{\"@id\":\"https:\\\/\\\/sendapp.live\\\/software-invio-messaggi-whatsapp\\\/#breadcrumb\"},\"inLanguage\":\"fr-FR\",\"potentialAction\":[{\"@type\":\"ReadAction\",\"target\":[\"https:\\\/\\\/sendapp.live\\\/software-invio-messaggi-whatsapp\\\/\"]}]},{\"@type\":\"BreadcrumbList\",\"@id\":\"https:\\\/\\\/sendapp.live\\\/software-invio-messaggi-whatsapp\\\/#breadcrumb\",\"itemListElement\":[{\"@type\":\"ListItem\",\"position\":1,\"name\":\"Home\",\"item\":\"https:\\\/\\\/sendapp.live\\\/\"},{\"@type\":\"ListItem\",\"position\":2,\"name\":\"software invio messaggi whatsapp\"}]},{\"@type\":\"WebSite\",\"@id\":\"https:\\\/\\\/sendapp.live\\\/it\\\/#website\",\"url\":\"https:\\\/\\\/sendapp.live\\\/it\\\/\",\"name\":\"SendApp\",\"description\":\"Automate Your Messages &amp; Grow Your Business\",\"publisher\":{\"@id\":\"https:\\\/\\\/sendapp.live\\\/it\\\/#organization\"},\"alternateName\":\"SendApp WhatsApp Marketing\",\"potentialAction\":[{\"@type\":\"SearchAction\",\"target\":{\"@type\":\"EntryPoint\",\"urlTemplate\":\"https:\\\/\\\/sendapp.live\\\/it\\\/?s={search_term_string}\"},\"query-input\":{\"@type\":\"PropertyValueSpecification\",\"valueRequired\":true,\"valueName\":\"search_term_string\"}}],\"inLanguage\":\"fr-FR\"},{\"@type\":\"Organization\",\"@id\":\"https:\\\/\\\/sendapp.live\\\/it\\\/#organization\",\"name\":\"SendApp\",\"url\":\"https:\\\/\\\/sendapp.live\\\/it\\\/\",\"logo\":{\"@type\":\"ImageObject\",\"inLanguage\":\"fr-FR\",\"@id\":\"https:\\\/\\\/sendapp.live\\\/it\\\/#\\\/schema\\\/logo\\\/image\\\/\",\"url\":\"https:\\\/\\\/sendapp.live\\\/wp-content\\\/uploads\\\/2025\\\/04\\\/Logo-Sendapp-300x60-1.png\",\"contentUrl\":\"https:\\\/\\\/sendapp.live\\\/wp-content\\\/uploads\\\/2025\\\/04\\\/Logo-Sendapp-300x60-1.png\",\"width\":300,\"height\":60,\"caption\":\"SendApp\"},\"image\":{\"@id\":\"https:\\\/\\\/sendapp.live\\\/it\\\/#\\\/schema\\\/logo\\\/image\\\/\"},\"sameAs\":[\"https:\\\/\\\/www.facebook.com\\\/sendapp.live\",\"https:\\\/\\\/x.com\\\/sendapp_live\",\"https:\\\/\\\/www.instagram.com\\\/sendapp.live\",\"https:\\\/\\\/www.youtube.com\\\/channel\\\/UC2gaLpi0-OJLG4CFbOr6mLw\",\"https:\\\/\\\/it.trustpilot.com\\\/review\\\/sendapp.live\"],\"description\":\"Piattaforma italiana di WhatsApp Marketing con API ufficiali Meta. Assistente AI, campagne massive, SMS Gateway gratuito, Google Calendar, automazioni. Da \u20ac16\\\/mese senza markup sui messaggi.\",\"email\":\"info@sendapp.live\",\"foundingDate\":\"2016-07-25\"}]}<\/script>\n<!-- \/ Yoast SEO Premium plugin. -->","yoast_head_json":{"title":"Logiciel d'envoi de messages WhatsAapp","description":"Logiciel d&#039;envoi de messages WhatsApp. Cr\u00e9ez facilement des campagnes marketing WhatsApp efficaces gr\u00e2ce \u00e0 la plateforme tout-en-un de SendApp. Personnalisez vos messages avec du texte, des images, des vid\u00e9os et des liens.","robots":{"index":"index","follow":"follow","max-snippet":"max-snippet:-1","max-image-preview":"max-image-preview:large","max-video-preview":"max-video-preview:-1"},"canonical":"https:\/\/sendapp.live\/fr\/logiciel-denvoi-de-messages-whatsapp\/","og_locale":"fr_FR","og_type":"article","og_title":"software invio messaggi whatsapp","og_description":"Software invio messaggi whatsapp. Create successful WhatsApp marketing campaigns effortlessly with SendApp's all-in-one platform. Personalize messages with text, images, videos, and links.","og_url":"https:\/\/sendapp.live\/fr\/logiciel-denvoi-de-messages-whatsapp\/","og_site_name":"SendApp - Software Whatsapp Marketing","article_publisher":"https:\/\/www.facebook.com\/sendapp.live","article_modified_time":"2024-06-24T20:29:08+00:00","twitter_card":"summary_large_image","twitter_site":"@sendapp_live","twitter_misc":{"Dur\u00e9e de lecture estim\u00e9e":"3 minutes"},"schema":{"@context":"https:\/\/schema.org","@graph":[{"@type":"WebPage","@id":"https:\/\/sendapp.live\/software-invio-messaggi-whatsapp\/","url":"https:\/\/sendapp.live\/software-invio-messaggi-whatsapp\/","name":"Logiciel d'envoi de messages WhatsAapp","isPartOf":{"@id":"https:\/\/sendapp.live\/it\/#website"},"datePublished":"2024-06-20T17:35:05+00:00","dateModified":"2024-06-24T20:29:08+00:00","description":"Logiciel d&#039;envoi de messages WhatsApp. Cr\u00e9ez facilement des campagnes marketing WhatsApp efficaces gr\u00e2ce \u00e0 la plateforme tout-en-un de SendApp. Personnalisez vos messages avec du texte, des images, des vid\u00e9os et des liens.","breadcrumb":{"@id":"https:\/\/sendapp.live\/software-invio-messaggi-whatsapp\/#breadcrumb"},"inLanguage":"fr-FR","potentialAction":[{"@type":"ReadAction","target":["https:\/\/sendapp.live\/software-invio-messaggi-whatsapp\/"]}]},{"@type":"BreadcrumbList","@id":"https:\/\/sendapp.live\/software-invio-messaggi-whatsapp\/#breadcrumb","itemListElement":[{"@type":"ListItem","position":1,"name":"Home","item":"https:\/\/sendapp.live\/"},{"@type":"ListItem","position":2,"name":"software invio messaggi whatsapp"}]},{"@type":"WebSite","@id":"https:\/\/sendapp.live\/it\/#website","url":"https:\/\/sendapp.live\/it\/","name":"EnvoyerApp","description":"Automatisez vos messages et d\u00e9veloppez votre activit\u00e9","publisher":{"@id":"https:\/\/sendapp.live\/it\/#organization"},"alternateName":"SendApp WhatsApp Marketing","potentialAction":[{"@type":"SearchAction","target":{"@type":"EntryPoint","urlTemplate":"https:\/\/sendapp.live\/it\/?s={search_term_string}"},"query-input":{"@type":"PropertyValueSpecification","valueRequired":true,"valueName":"search_term_string"}}],"inLanguage":"fr-FR"},{"@type":"Organization","@id":"https:\/\/sendapp.live\/it\/#organization","name":"EnvoyerApp","url":"https:\/\/sendapp.live\/it\/","logo":{"@type":"ImageObject","inLanguage":"fr-FR","@id":"https:\/\/sendapp.live\/it\/#\/schema\/logo\/image\/","url":"https:\/\/sendapp.live\/wp-content\/uploads\/2025\/04\/Logo-Sendapp-300x60-1.png","contentUrl":"https:\/\/sendapp.live\/wp-content\/uploads\/2025\/04\/Logo-Sendapp-300x60-1.png","width":300,"height":60,"caption":"SendApp"},"image":{"@id":"https:\/\/sendapp.live\/it\/#\/schema\/logo\/image\/"},"sameAs":["https:\/\/www.facebook.com\/sendapp.live","https:\/\/x.com\/sendapp_live","https:\/\/www.instagram.com\/sendapp.live","https:\/\/www.youtube.com\/channel\/UC2gaLpi0-OJLG4CFbOr6mLw","https:\/\/it.trustpilot.com\/review\/sendapp.live"],"description":"Plateforme italienne de marketing WhatsApp avec API Meta officielle. Assistant IA, campagnes de masse, passerelle SMS gratuite, Google Agenda, automatisations. \u00c0 partir de 16 \u20ac\/mois sans majoration de prix.","email":"info@sendapp.live","foundingDate":"2016-07-25"}]}},"_links":{"self":[{"href":"https:\/\/sendapp.live\/fr\/wp-json\/wp\/v2\/pages\/30112","targetHints":{"allow":["GET"]}}],"collection":[{"href":"https:\/\/sendapp.live\/fr\/wp-json\/wp\/v2\/pages"}],"about":[{"href":"https:\/\/sendapp.live\/fr\/wp-json\/wp\/v2\/types\/page"}],"author":[{"embeddable":true,"href":"https:\/\/sendapp.live\/fr\/wp-json\/wp\/v2\/users\/1"}],"replies":[{"embeddable":true,"href":"https:\/\/sendapp.live\/fr\/wp-json\/wp\/v2\/comments?post=30112"}],"version-history":[{"count":5,"href":"https:\/\/sendapp.live\/fr\/wp-json\/wp\/v2\/pages\/30112\/revisions"}],"predecessor-version":[{"id":30253,"href":"https:\/\/sendapp.live\/fr\/wp-json\/wp\/v2\/pages\/30112\/revisions\/30253"}],"wp:attachment":[{"href":"https:\/\/sendapp.live\/fr\/wp-json\/wp\/v2\/media?parent=30112"}],"curies":[{"name":"wp","href":"https:\/\/api.w.org\/{rel}","templated":true}]}}