{"id":30115,"date":"2024-06-20T19:36:38","date_gmt":"2024-06-20T17:36:38","guid":{"rendered":"https:\/\/sendapp.live\/?page_id=30115"},"modified":"2024-11-18T16:58:51","modified_gmt":"2024-11-18T15:58:51","slug":"lenvoi-de-messages-textuels-en-masse","status":"publish","type":"page","link":"https:\/\/sendapp.live\/fr\/invio-sms-massivi\/","title":{"rendered":"l'envoi de messages textuels en masse"},"content":{"rendered":"<div id=\"fws_69fa24f72b1aa\"  data-column-margin=\"default\" data-midnight=\"dark\" data-top-percent=\"5%\" data-bottom-percent=\"5%\"  class=\"wpb_row vc_row-fluid vc_row  right_padding_5pct left_padding_5pct\"  style=\"padding-top: calc(100vw * 0.05); padding-bottom: calc(100vw * 0.05); \"><div class=\"row-bg-wrap\" data-bg-animation=\"none\" data-bg-animation-delay=\"\" data-bg-overlay=\"false\"><div class=\"inner-wrap row-bg-layer\" ><div class=\"row-bg viewport-desktop\"  style=\"\"><\/div><\/div><\/div><div class=\"row_col_wrap_12 col span_12 dark left\">\n\t<div  class=\"vc_col-sm-12 wpb_column column_container vc_column_container col no-extra-padding inherit_tablet inherit_phone\"  data-padding-pos=\"all\" data-has-bg-color=\"false\" data-bg-color=\"\" data-bg-opacity=\"1\" data-animation=\"\" data-delay=\"0\" >\n\t\t<div class=\"vc_column-inner\" >\n\t\t\t<div class=\"wpb_wrapper\">\n\t\t\t\t<h1 style=\"font-size: 65px;color: #4b5b75;text-align: center;font-family:Raleway;font-weight:400;font-style:normal\" class=\"vc_custom_heading vc_do_custom_heading vc_custom_1718918326747\" >Envoi de messages texte en masse avec SendApp<\/h1>\n\t\t\t<\/div> \n\t\t<\/div>\n\t<\/div> \n<\/div><\/div>\n\t\t<div id=\"fws_69fa24f72b780\"  data-column-margin=\"default\" data-midnight=\"dark\"  class=\"wpb_row vc_row-fluid vc_row\"  style=\"padding-top: 0px; padding-bottom: 0px; \"><div class=\"row-bg-wrap\" data-bg-animation=\"none\" data-bg-animation-delay=\"\" data-bg-overlay=\"false\"><div class=\"inner-wrap row-bg-layer\" ><div class=\"row-bg viewport-desktop\"  style=\"\"><\/div><\/div><\/div><div class=\"row_col_wrap_12 col span_12 dark left\">\n\t<div  class=\"vc_col-sm-12 wpb_column column_container vc_column_container col no-extra-padding inherit_tablet inherit_phone\"  data-padding-pos=\"all\" data-has-bg-color=\"false\" data-bg-color=\"\" data-bg-opacity=\"1\" data-animation=\"\" data-delay=\"0\" >\n\t\t<div class=\"vc_column-inner\" >\n\t\t\t<div class=\"wpb_wrapper\">\n\t\t\t\t\n<div class=\"wpb_text_column wpb_content_element\" >\n\t<div class=\"wpb_wrapper\">\n\t\t<p>L&#039;envoi de SMS en masse est devenu une strat\u00e9gie de plus en plus populaire pour les entreprises souhaitant communiquer rapidement et efficacement avec leurs clients. SendApp se pr\u00e9sente comme la solution id\u00e9ale pour envoyer des SMS en masse rapidement et facilement. Dans cet article, nous explorerons les fonctionnalit\u00e9s de SendApp et les avantages qu&#039;elle offre aux entreprises souhaitant am\u00e9liorer leur communication client.<\/p>\n<h2>Envoi de SMS en masse : la solution efficace de SendApp<\/h2>\n<p>SendApp est une plateforme permettant d&#039;envoyer efficacement des SMS en masse \u00e0 un grand nombre de destinataires. Gr\u00e2ce \u00e0 son interface intuitive et \u00e0 ses fonctionnalit\u00e9s avanc\u00e9es, les entreprises peuvent g\u00e9rer efficacement leurs campagnes de communication SMS.<\/p>\n<h2>Comment envoyer des SMS en masse avec SendApp<\/h2>\n<p>Pour envoyer des SMS en masse avec SendApp, cr\u00e9ez simplement un compte, importez les contacts des destinataires, r\u00e9digez le message et programmez-le. SendApp vous permet \u00e9galement de personnaliser les messages en fonction des besoins de communication de votre entreprise.<\/p>\n<h2>SendApp : la plateforme d&#039;envoi de SMS en masse<\/h2>\n<p>SendApp se distingue par sa capacit\u00e9 \u00e0 envoyer des SMS en masse, garantissant une large couverture et une communication efficace avec les destinataires. De plus, gr\u00e2ce \u00e0 ses fonctionnalit\u00e9s avanc\u00e9es, vous pouvez suivre les performances de vos campagnes et obtenir des rapports d\u00e9taill\u00e9s sur l&#039;efficacit\u00e9 de vos communications.<\/p>\n<h2>Les avantages de l&#039;envoi de SMS en masse avec SendApp<\/h2>\n<p>Les avantages de l\u2019utilisation de SendApp pour la messagerie SMS en masse sont nombreux : une plus grande efficacit\u00e9 de communication, des \u00e9conomies de temps et de ressources, la personnalisation des messages, le suivi des campagnes et des rapports d\u00e9taill\u00e9s sur les performances de communication.<\/p>\n<h2>Envoyez facilement des SMS en masse avec SendApp<\/h2>\n<p>SendApp rend l&#039;envoi de SMS en masse rapide et facile, gr\u00e2ce \u00e0 son interface intuitive et ses fonctionnalit\u00e9s avanc\u00e9es qui permettent aux entreprises de mieux g\u00e9rer leurs campagnes de communication.<\/p>\n<h2>SendApp : la solution id\u00e9ale pour envoyer des SMS en masse<\/h2>\n<p>SendApp s&#039;est av\u00e9r\u00e9e \u00eatre la solution id\u00e9ale pour les entreprises souhaitant envoyer des SMS en masse rapidement et efficacement. Sa plateforme de pointe permet d&#039;am\u00e9liorer la communication client et d&#039;obtenir des r\u00e9sultats significatifs en termes d&#039;engagement.<\/p>\n<h2>Am\u00e9liorez la communication avec vos clients gr\u00e2ce \u00e0 SendApp<\/h2>\n<p>SendApp permet aux entreprises d&#039;am\u00e9liorer la communication client en envoyant des SMS personnalis\u00e9s et cibl\u00e9s. Gr\u00e2ce \u00e0 ses fonctionnalit\u00e9s avanc\u00e9es, vous pouvez cr\u00e9er des campagnes de communication efficaces et obtenir des r\u00e9sultats tangibles en termes de fid\u00e9lisation et de satisfaction client.<\/p>\n<h2>Envoi de SMS en masse : la strat\u00e9gie gagnante avec SendApp<\/h2>\n<p>L&#039;envoi de SMS en masse avec SendApp s&#039;est av\u00e9r\u00e9 une strat\u00e9gie gagnante pour les entreprises souhaitant communiquer efficacement avec leurs clients. De plus, gr\u00e2ce \u00e0 ses fonctionnalit\u00e9s avanc\u00e9es et sa simplicit\u00e9 d&#039;utilisation, SendApp permet d&#039;obtenir des r\u00e9sultats significatifs en termes d&#039;engagement et de conversions.<\/p>\n<h2>G\u00e9rez mieux votre campagne SMS en masse avec SendApp<\/h2>\n<p>SendApp offre aux utilisateurs la possibilit\u00e9 de mieux g\u00e9rer leurs campagnes SMS en masse, gr\u00e2ce \u00e0 sa plateforme intuitive et \u00e0 ses fonctionnalit\u00e9s avanc\u00e9es qui leur permettent de suivre l&#039;avancement des communications et d&#039;obtenir des r\u00e9sultats tangibles en termes de conversions.<\/p>\n<h2>SendApp : le bon choix pour envoyer des SMS en masse<\/h2>\n<p>SendApp s&#039;est av\u00e9r\u00e9 \u00eatre la solution id\u00e9ale pour les entreprises souhaitant envoyer des SMS en masse rapidement et efficacement. Gr\u00e2ce \u00e0 sa plateforme de pointe et \u00e0 ses fonctionnalit\u00e9s avanc\u00e9es, SendApp vous permet d&#039;am\u00e9liorer la communication client et d&#039;obtenir des r\u00e9sultats significatifs en termes d&#039;engagement et de satisfaction client.<\/p>\n<h2>Conclusion<\/h2>\n<p>En conclusion, SendApp s&#039;av\u00e8re \u00eatre la solution id\u00e9ale pour les entreprises souhaitant am\u00e9liorer leur communication client gr\u00e2ce \u00e0 l&#039;envoi massif de SMS. Gr\u00e2ce \u00e0 ses fonctionnalit\u00e9s avanc\u00e9es et \u00e0 sa simplicit\u00e9 d&#039;utilisation, SendApp vous permet de cr\u00e9er des campagnes de communication efficaces et d&#039;obtenir des r\u00e9sultats tangibles en termes d&#039;engagement et de conversion. Si vous souhaitez optimiser votre strat\u00e9gie de communication client, SendApp est le choix id\u00e9al.<\/p>\n\t<\/div>\n<\/div>\n\n\n\n\n\t\t\t<\/div> \n\t\t<\/div>\n\t<\/div> \n<\/div><\/div>\n\t\t<div id=\"price\"  data-column-margin=\"default\" data-midnight=\"dark\" data-top-percent=\"4%\" data-bottom-percent=\"7%\"  class=\"wpb_row vc_row-fluid vc_row full-width-section\"  style=\"padding-top: calc(100vw * 0.04); padding-bottom: calc(100vw * 0.07); \"><div class=\"row-bg-wrap\" data-bg-animation=\"none\" data-bg-animation-delay=\"\" data-bg-overlay=\"false\"><div class=\"inner-wrap row-bg-layer\" ><div class=\"row-bg viewport-desktop\"  style=\"\"><\/div><\/div><\/div><div class=\"row_col_wrap_12 col span_12 dark left\">\n\t<div  class=\"vc_col-sm-12 wpb_column column_container vc_column_container col no-extra-padding inherit_tablet inherit_phone\"  data-padding-pos=\"all\" data-has-bg-color=\"false\" data-bg-color=\"\" data-bg-opacity=\"1\" data-animation=\"\" data-delay=\"0\" >\n\t\t<div class=\"vc_column-inner\" >\n\t\t\t<div class=\"wpb_wrapper\">\n\t\t\t\t<div id=\"fws_69fa24f72bfbc\" data-midnight=\"\" data-column-margin=\"default\" class=\"wpb_row vc_row-fluid vc_row inner_row\"  style=\"\"><div class=\"row-bg-wrap\"> <div class=\"row-bg\" ><\/div> <\/div><div class=\"row_col_wrap_12_inner col span_12  left\">\n\t<div  class=\"vc_col-sm-12 wpb_column column_container vc_column_container col child_column centered-text has-animation no-extra-padding inherit_tablet inherit_phone\"   data-padding-pos=\"all\" data-has-bg-color=\"false\" data-bg-color=\"\" data-bg-opacity=\"1\" data-animation=\"fade-in\" data-delay=\"0\" >\n\t\t<div class=\"vc_column-inner\" >\n\t\t<div class=\"wpb_wrapper\">\n\t\t\t\n<div class=\"wpb_text_column wpb_content_element  vc_custom_1712152870190\" >\n\t<div class=\"wpb_wrapper\">\n\t\t<section class=\"main-section main-section-full main-section-slim\">\n<h1 class=\"row\">Une tarification simple et transparente<\/h1>\n<h3 class=\"row\">Pas de frais et pas de frais par message.<\/h3>\n<p><span style=\"color: #999999;\">Le prix varie en fonction des fonctionnalit\u00e9s incluses et du nombre d'envois automatiques.<\/span><\/p>\n<\/section>\n\t<\/div>\n<\/div>\n\n\n\n\n\t\t<\/div> \n\t<\/div>\n\t<\/div> \n<\/div><\/div><div class=\"row pricing-table four-cols\" data-style=\"flat-alternative\"><div class=\"pricing-column no-highlight accent-color\">\n\t\t\t<h3>Free<\/h3>\n          <div class=\"pricing-column-content\">\n\t\t\t<h4> <span class=\"dollar-sign\">\u20ac<\/span> 0 <\/h4>\n\t\t\t<span class=\"interval\">7 jours<\/span>\n<div class=\"wpb_text_column wpb_content_element\" >\n\t<div class=\"wpb_wrapper\">\n\t\t<h6><a class=\"nectar-button n-sc-button large accent-color has-icon regular-button\"  href=\"https:\/\/sendapp.live\/fr\/produit\/sendapp-gratuit\/\" data-color-override=\"false\" data-hover-color-override=\"false\" data-hover-text-color-override=\"#fff\"><span>T\u00e9l\u00e9chargements<\/span><i class=\"icon-button-arrow\"><\/i><\/a><\/h6>\n<h6><i class=\"icon-tiny fa fa-check accent-color\"><\/i> 20 Envoi automatique<\/h6>\n<h6><i class=\"icon-tiny fa fa-check accent-color\"><\/i> 7 jours<\/h6>\n<h6><i class=\"icon-tiny fa fa-check accent-color\"><\/i> Annuaire des contacts<\/h6>\n<h6><i class=\"icon-tiny fa fa-check accent-color\"><\/i> Envoyer un rapport<\/h6>\n<h6><i class=\"icon-tiny fa fa-check accent-color\"><\/i> R\u00e9ponse automatique<\/h6>\n<h6><i class=\"icon-tiny fa fa-check accent-color\"><\/i> Galerie de photos<\/h6>\n<h6><i class=\"icon-tiny fa fa-check accent-color\"><\/i> Photo libre de droits<\/h6>\n<h6><i class=\"icon-tiny fa fa-check accent-color\"><\/i> \u00c9diteur de photos<\/h6>\n<h6><del><i class=\"icon-tiny fa fa-check accent-color\"><\/i> Planification<\/del><\/h6>\n<h6><del><i class=\"icon-tiny fa fa-check accent-color\"><\/i>\u00a0 Passerelle Whatsapp<\/del><\/h6>\n<h6><del><i class=\"icon-tiny fa fa-check accent-color\"><\/i>\u00a0 SMS Gateway<\/del><\/h6>\n<h6><del><i class=\"icon-tiny fa fa-check accent-color\"><\/i> Plugins WordPress<\/del><\/h6>\n<h6><del><i class=\"icon-tiny fa fa-check accent-color\"><\/i> Service Clients<\/del><\/h6>\n\t<\/div>\n<\/div>\n\n\n\n<\/div><\/div><div class=\"pricing-column no-highlight accent-color\">\n\t\t\t<h3>Pro<\/h3>\n          <div class=\"pricing-column-content\">\n\t\t\t<h4> <span class=\"dollar-sign\">\u20ac<\/span> 90 <\/h4>\n\t\t\t<span class=\"interval\">Pour toujours<\/span>\n<div class=\"wpb_text_column wpb_content_element\" >\n\t<div class=\"wpb_wrapper\">\n\t\t<h6><a class=\"nectar-button n-sc-button large accent-color has-icon regular-button\"  href=\"https:\/\/sendapp.live\/fr\/produit\/sendapp-professional\/\" data-color-override=\"false\" data-hover-color-override=\"false\" data-hover-text-color-override=\"#fff\"><span>Acheter<\/span><i class=\"icon-button-arrow\"><\/i><\/a><\/h6>\n<h6><i class=\"icon-tiny fa fa-check accent-color\"><\/i> 200 envois automatiques<\/h6>\n<h6><i class=\"icon-tiny fa fa-check accent-color\"><\/i> Pour toujours<\/h6>\n<h6><i class=\"icon-tiny fa fa-check accent-color\"><\/i> Annuaire des contacts<\/h6>\n<h6><i class=\"icon-tiny fa fa-check accent-color\"><\/i> Envoyer un rapport<\/h6>\n<h6><del><i class=\"icon-tiny fa fa-check accent-color\"><\/i> R\u00e9ponse automatique<\/del><\/h6>\n<h6><i class=\"icon-tiny fa fa-check accent-color\"><\/i> Galerie de photos<\/h6>\n<h6><i class=\"icon-tiny fa fa-check accent-color\"><\/i> Photo libre de droits<\/h6>\n<h6><i class=\"icon-tiny fa fa-check accent-color\"><\/i> \u00c9diteur de photos<\/h6>\n<h6><del><i class=\"icon-tiny fa fa-check accent-color\"><\/i> Planification<\/del><\/h6>\n<h6><del><i class=\"icon-tiny fa fa-check accent-color\"><\/i>\u00a0Passerelle Whatsapp<\/del><\/h6>\n<h6><del><i class=\"icon-tiny fa fa-check accent-color\"><\/i>\u00a0SMS Gateway<\/del><\/h6>\n<h6><del><i class=\"icon-tiny fa fa-check accent-color\"><\/i> Plugins WordPress<\/del><\/h6>\n<h6><i class=\"icon-tiny fa fa-check accent-color\"><\/i> Service Clients<\/h6>\n\t<\/div>\n<\/div>\n\n\n\n<\/div><\/div><div class=\"pricing-column highlight accent-color\">\n\t\t\t<h3>Business<span class=\"highlight-reason\">Recommand\u00e9<\/span><\/h3>\n          <div class=\"pricing-column-content\">\n\t\t\t<h4> <span class=\"dollar-sign\">\u20ac<\/span> 199 <\/h4>\n\t\t\t<span class=\"interval\">Pour toujours<\/span>\n<div class=\"wpb_text_column wpb_content_element\" >\n\t<div class=\"wpb_wrapper\">\n\t\t<h6><a class=\"nectar-button n-sc-button large accent-color has-icon regular-button\"  href=\"https:\/\/sendapp.live\/fr\/produit\/sendapp-business\/\" data-color-override=\"false\" data-hover-color-override=\"false\" data-hover-text-color-override=\"#fff\"><span>Acheter<\/span><i class=\"icon-button-arrow\"><\/i><\/a><\/h6>\n<h6><i class=\"icon-tiny fa fa-check accent-color\"><\/i> Envois illimit\u00e9s<\/h6>\n<h6><i class=\"icon-tiny fa fa-check accent-color\"><\/i> Pour toujours<\/h6>\n<h6><i class=\"icon-tiny fa fa-check accent-color\"><\/i> Annuaire des contacts<\/h6>\n<h6><i class=\"icon-tiny fa fa-check accent-color\"><\/i> Envoyer un rapport<\/h6>\n<h6><i class=\"icon-tiny fa fa-check accent-color\"><\/i> R\u00e9ponse automatique<\/h6>\n<h6><i class=\"icon-tiny fa fa-check accent-color\"><\/i> Galerie de photos<\/h6>\n<h6><i class=\"icon-tiny fa fa-check accent-color\"><\/i> Photo libre de droits<\/h6>\n<h6><i class=\"icon-tiny fa fa-check accent-color\"><\/i> \u00c9diteur de photos<\/h6>\n<h6><i class=\"icon-tiny fa fa-check accent-color\"><\/i> Planification<\/h6>\n<h6><del><i class=\"icon-tiny fa fa-check accent-color\"><\/i> Passerelle Whatsapp<\/del><\/h6>\n<h6><i class=\"icon-tiny fa fa-check accent-color\"><\/i> SMS Gateway<\/h6>\n<h6><del><i class=\"icon-tiny fa fa-check accent-color\"><\/i> Plugins WordPress<\/del><\/h6>\n<h6><i class=\"icon-tiny fa fa-check accent-color\"><\/i> Service Clients<\/h6>\n\t<\/div>\n<\/div>\n\n\n\n<\/div><\/div><div class=\"pricing-column no-highlight accent-color\">\n\t\t\t<h3>Connect<\/h3>\n          <div class=\"pricing-column-content\">\n\t\t\t<h4> <span class=\"dollar-sign\">\u20ac<\/span> 299 <\/h4>\n\t\t\t<span class=\"interval\">Pour toujours<\/span>\n<div class=\"wpb_text_column wpb_content_element\" >\n\t<div class=\"wpb_wrapper\">\n\t\t<h6><a class=\"nectar-button n-sc-button large accent-color has-icon regular-button\"  href=\"https:\/\/sendapp.live\/fr\/produit\/sendapp-web-connect\/\" data-color-override=\"false\" data-hover-color-override=\"false\" data-hover-text-color-override=\"#fff\"><span>Acheter<\/span><i class=\"icon-button-arrow\"><\/i><\/a><\/h6>\n<h6><i class=\"icon-tiny fa fa-check accent-color\"><\/i> Envois illimit\u00e9s<\/h6>\n<h6><i class=\"icon-tiny fa fa-check accent-color\"><\/i> Pour toujours<\/h6>\n<h6><i class=\"icon-tiny fa fa-check accent-color\"><\/i> Annuaire des contacts<\/h6>\n<h6><i class=\"icon-tiny fa fa-check accent-color\"><\/i> Envoyer un rapport<\/h6>\n<h6><i class=\"icon-tiny fa fa-check accent-color\"><\/i> R\u00e9ponse automatique<\/h6>\n<h6><i class=\"icon-tiny fa fa-check accent-color\"><\/i> Galerie de photos<\/h6>\n<h6><i class=\"icon-tiny fa fa-check accent-color\"><\/i> Photo libre de droits<\/h6>\n<h6><i class=\"icon-tiny fa fa-check accent-color\"><\/i> \u00c9diteur de photos<\/h6>\n<h6><i class=\"icon-tiny fa fa-check accent-color\"><\/i> Planification<\/h6>\n<h6><i class=\"icon-tiny fa fa-check accent-color\"><\/i>\u00a0Passerelle Whatsapp<\/h6>\n<h6><i class=\"icon-tiny fa fa-check accent-color\"><\/i>\u00a0SMS Gateway<\/h6>\n<h6><i class=\"icon-tiny fa fa-check accent-color\"><\/i> Plugins WordPress<\/h6>\n<h6><i class=\"icon-tiny fa fa-check accent-color\"><\/i> Service Clients<\/h6>\n\t<\/div>\n<\/div>\n\n\n\n<\/div><\/div><\/div>\n\t\t\t<\/div> \n\t\t<\/div>\n\t<\/div> \n<\/div><\/div>","protected":false},"excerpt":{"rendered":"Envoi de SMS en masse avec SendApp L&#039;envoi de SMS en masse est devenu une strat\u00e9gie de plus en plus populaire pour les entreprises qui cherchent \u00e0 communiquer rapidement et efficacement avec leurs clients.","protected":false},"author":1,"featured_media":0,"parent":0,"menu_order":0,"comment_status":"closed","ping_status":"closed","template":"","meta":{"_daim_seo_power":"","_daim_enable_ail":"","footnotes":""},"class_list":["post-30115","page","type-page","status-publish"],"yoast_head":"<!-- This site is optimized with the Yoast SEO Premium plugin v27.5 (Yoast SEO v27.5) - https:\/\/yoast.com\/product\/yoast-seo-premium-wordpress\/ -->\n<title>Invio sms massivi con SendApp<\/title>\n<meta name=\"description\" content=\"Invio sms massivi. Unlock the potential of SendApp for marketing success. Send personalized messages with text, images, emoji, video, and links to attract immediate interest.\" \/>\n<meta name=\"robots\" content=\"index, follow, max-snippet:-1, max-image-preview:large, max-video-preview:-1\" \/>\n<link rel=\"canonical\" href=\"https:\/\/sendapp.live\/fr\/lenvoi-de-messages-textuels-en-masse\/\" \/>\n<meta property=\"og:locale\" content=\"fr_FR\" \/>\n<meta property=\"og:type\" content=\"article\" \/>\n<meta property=\"og:title\" content=\"invio sms massivi\" \/>\n<meta property=\"og:description\" content=\"Invio sms massivi. Unlock the potential of SendApp for marketing success. Send personalized messages with text, images, emoji, video, and links to attract immediate interest.\" \/>\n<meta property=\"og:url\" content=\"https:\/\/sendapp.live\/fr\/lenvoi-de-messages-textuels-en-masse\/\" \/>\n<meta property=\"og:site_name\" content=\"SendApp - Software Whatsapp Marketing\" \/>\n<meta property=\"article:publisher\" content=\"https:\/\/www.facebook.com\/sendapp.live\" \/>\n<meta property=\"article:modified_time\" content=\"2024-11-18T15:58:51+00:00\" \/>\n<meta name=\"twitter:card\" content=\"summary_large_image\" \/>\n<meta name=\"twitter:site\" content=\"@sendapp_live\" \/>\n<meta name=\"twitter:label1\" content=\"Dur\u00e9e de lecture estim\u00e9e\" \/>\n\t<meta name=\"twitter:data1\" content=\"6 minutes\" \/>\n<script type=\"application\/ld+json\" class=\"yoast-schema-graph\">{\"@context\":\"https:\\\/\\\/schema.org\",\"@graph\":[{\"@type\":\"WebPage\",\"@id\":\"https:\\\/\\\/sendapp.live\\\/invio-sms-massivi\\\/\",\"url\":\"https:\\\/\\\/sendapp.live\\\/invio-sms-massivi\\\/\",\"name\":\"Invio sms massivi con SendApp\",\"isPartOf\":{\"@id\":\"https:\\\/\\\/sendapp.live\\\/it\\\/#website\"},\"datePublished\":\"2024-06-20T17:36:38+00:00\",\"dateModified\":\"2024-11-18T15:58:51+00:00\",\"description\":\"Invio sms massivi. Unlock the potential of SendApp for marketing success. Send personalized messages with text, images, emoji, video, and links to attract immediate interest.\",\"breadcrumb\":{\"@id\":\"https:\\\/\\\/sendapp.live\\\/invio-sms-massivi\\\/#breadcrumb\"},\"inLanguage\":\"fr-FR\",\"potentialAction\":[{\"@type\":\"ReadAction\",\"target\":[\"https:\\\/\\\/sendapp.live\\\/invio-sms-massivi\\\/\"]}]},{\"@type\":\"BreadcrumbList\",\"@id\":\"https:\\\/\\\/sendapp.live\\\/invio-sms-massivi\\\/#breadcrumb\",\"itemListElement\":[{\"@type\":\"ListItem\",\"position\":1,\"name\":\"Home\",\"item\":\"https:\\\/\\\/sendapp.live\\\/\"},{\"@type\":\"ListItem\",\"position\":2,\"name\":\"invio sms massivi\"}]},{\"@type\":\"WebSite\",\"@id\":\"https:\\\/\\\/sendapp.live\\\/it\\\/#website\",\"url\":\"https:\\\/\\\/sendapp.live\\\/it\\\/\",\"name\":\"SendApp\",\"description\":\"Automate Your Messages &amp; Grow Your Business\",\"publisher\":{\"@id\":\"https:\\\/\\\/sendapp.live\\\/it\\\/#organization\"},\"alternateName\":\"SendApp WhatsApp Marketing\",\"potentialAction\":[{\"@type\":\"SearchAction\",\"target\":{\"@type\":\"EntryPoint\",\"urlTemplate\":\"https:\\\/\\\/sendapp.live\\\/it\\\/?s={search_term_string}\"},\"query-input\":{\"@type\":\"PropertyValueSpecification\",\"valueRequired\":true,\"valueName\":\"search_term_string\"}}],\"inLanguage\":\"fr-FR\"},{\"@type\":\"Organization\",\"@id\":\"https:\\\/\\\/sendapp.live\\\/it\\\/#organization\",\"name\":\"SendApp\",\"url\":\"https:\\\/\\\/sendapp.live\\\/it\\\/\",\"logo\":{\"@type\":\"ImageObject\",\"inLanguage\":\"fr-FR\",\"@id\":\"https:\\\/\\\/sendapp.live\\\/it\\\/#\\\/schema\\\/logo\\\/image\\\/\",\"url\":\"https:\\\/\\\/sendapp.live\\\/wp-content\\\/uploads\\\/2025\\\/04\\\/Logo-Sendapp-300x60-1.png\",\"contentUrl\":\"https:\\\/\\\/sendapp.live\\\/wp-content\\\/uploads\\\/2025\\\/04\\\/Logo-Sendapp-300x60-1.png\",\"width\":300,\"height\":60,\"caption\":\"SendApp\"},\"image\":{\"@id\":\"https:\\\/\\\/sendapp.live\\\/it\\\/#\\\/schema\\\/logo\\\/image\\\/\"},\"sameAs\":[\"https:\\\/\\\/www.facebook.com\\\/sendapp.live\",\"https:\\\/\\\/x.com\\\/sendapp_live\",\"https:\\\/\\\/www.instagram.com\\\/sendapp.live\",\"https:\\\/\\\/www.youtube.com\\\/channel\\\/UC2gaLpi0-OJLG4CFbOr6mLw\",\"https:\\\/\\\/it.trustpilot.com\\\/review\\\/sendapp.live\"],\"description\":\"Piattaforma italiana di WhatsApp Marketing con API ufficiali Meta. Assistente AI, campagne massive, SMS Gateway gratuito, Google Calendar, automazioni. Da \u20ac16\\\/mese senza markup sui messaggi.\",\"email\":\"info@sendapp.live\",\"foundingDate\":\"2016-07-25\"}]}<\/script>\n<!-- \/ Yoast SEO Premium plugin. -->","yoast_head_json":{"title":"Envoi de messages texte en masse avec SendApp","description":"Envoyez des messages texte en masse. Exploitez le potentiel de SendApp pour r\u00e9ussir votre marketing. Envoyez des messages personnalis\u00e9s avec du texte, des images, des emoji, des vid\u00e9os et des liens pour susciter un int\u00e9r\u00eat imm\u00e9diat.","robots":{"index":"index","follow":"follow","max-snippet":"max-snippet:-1","max-image-preview":"max-image-preview:large","max-video-preview":"max-video-preview:-1"},"canonical":"https:\/\/sendapp.live\/fr\/lenvoi-de-messages-textuels-en-masse\/","og_locale":"fr_FR","og_type":"article","og_title":"invio sms massivi","og_description":"Invio sms massivi. Unlock the potential of SendApp for marketing success. Send personalized messages with text, images, emoji, video, and links to attract immediate interest.","og_url":"https:\/\/sendapp.live\/fr\/lenvoi-de-messages-textuels-en-masse\/","og_site_name":"SendApp - Software Whatsapp Marketing","article_publisher":"https:\/\/www.facebook.com\/sendapp.live","article_modified_time":"2024-11-18T15:58:51+00:00","twitter_card":"summary_large_image","twitter_site":"@sendapp_live","twitter_misc":{"Dur\u00e9e de lecture estim\u00e9e":"6 minutes"},"schema":{"@context":"https:\/\/schema.org","@graph":[{"@type":"WebPage","@id":"https:\/\/sendapp.live\/invio-sms-massivi\/","url":"https:\/\/sendapp.live\/invio-sms-massivi\/","name":"Envoi de messages texte en masse avec SendApp","isPartOf":{"@id":"https:\/\/sendapp.live\/it\/#website"},"datePublished":"2024-06-20T17:36:38+00:00","dateModified":"2024-11-18T15:58:51+00:00","description":"Envoyez des messages texte en masse. Exploitez le potentiel de SendApp pour r\u00e9ussir votre marketing. Envoyez des messages personnalis\u00e9s avec du texte, des images, des emoji, des vid\u00e9os et des liens pour susciter un int\u00e9r\u00eat imm\u00e9diat.","breadcrumb":{"@id":"https:\/\/sendapp.live\/invio-sms-massivi\/#breadcrumb"},"inLanguage":"fr-FR","potentialAction":[{"@type":"ReadAction","target":["https:\/\/sendapp.live\/invio-sms-massivi\/"]}]},{"@type":"BreadcrumbList","@id":"https:\/\/sendapp.live\/invio-sms-massivi\/#breadcrumb","itemListElement":[{"@type":"ListItem","position":1,"name":"Home","item":"https:\/\/sendapp.live\/"},{"@type":"ListItem","position":2,"name":"invio sms massivi"}]},{"@type":"WebSite","@id":"https:\/\/sendapp.live\/it\/#website","url":"https:\/\/sendapp.live\/it\/","name":"EnvoyerApp","description":"Automatisez vos messages et d\u00e9veloppez votre activit\u00e9","publisher":{"@id":"https:\/\/sendapp.live\/it\/#organization"},"alternateName":"SendApp WhatsApp Marketing","potentialAction":[{"@type":"SearchAction","target":{"@type":"EntryPoint","urlTemplate":"https:\/\/sendapp.live\/it\/?s={search_term_string}"},"query-input":{"@type":"PropertyValueSpecification","valueRequired":true,"valueName":"search_term_string"}}],"inLanguage":"fr-FR"},{"@type":"Organization","@id":"https:\/\/sendapp.live\/it\/#organization","name":"EnvoyerApp","url":"https:\/\/sendapp.live\/it\/","logo":{"@type":"ImageObject","inLanguage":"fr-FR","@id":"https:\/\/sendapp.live\/it\/#\/schema\/logo\/image\/","url":"https:\/\/sendapp.live\/wp-content\/uploads\/2025\/04\/Logo-Sendapp-300x60-1.png","contentUrl":"https:\/\/sendapp.live\/wp-content\/uploads\/2025\/04\/Logo-Sendapp-300x60-1.png","width":300,"height":60,"caption":"SendApp"},"image":{"@id":"https:\/\/sendapp.live\/it\/#\/schema\/logo\/image\/"},"sameAs":["https:\/\/www.facebook.com\/sendapp.live","https:\/\/x.com\/sendapp_live","https:\/\/www.instagram.com\/sendapp.live","https:\/\/www.youtube.com\/channel\/UC2gaLpi0-OJLG4CFbOr6mLw","https:\/\/it.trustpilot.com\/review\/sendapp.live"],"description":"Plateforme italienne de marketing WhatsApp avec API Meta officielle. Assistant IA, campagnes de masse, passerelle SMS gratuite, Google Agenda, automatisations. \u00c0 partir de 16 \u20ac\/mois sans majoration de prix.","email":"info@sendapp.live","foundingDate":"2016-07-25"}]}},"_links":{"self":[{"href":"https:\/\/sendapp.live\/fr\/wp-json\/wp\/v2\/pages\/30115","targetHints":{"allow":["GET"]}}],"collection":[{"href":"https:\/\/sendapp.live\/fr\/wp-json\/wp\/v2\/pages"}],"about":[{"href":"https:\/\/sendapp.live\/fr\/wp-json\/wp\/v2\/types\/page"}],"author":[{"embeddable":true,"href":"https:\/\/sendapp.live\/fr\/wp-json\/wp\/v2\/users\/1"}],"replies":[{"embeddable":true,"href":"https:\/\/sendapp.live\/fr\/wp-json\/wp\/v2\/comments?post=30115"}],"version-history":[{"count":13,"href":"https:\/\/sendapp.live\/fr\/wp-json\/wp\/v2\/pages\/30115\/revisions"}],"predecessor-version":[{"id":30252,"href":"https:\/\/sendapp.live\/fr\/wp-json\/wp\/v2\/pages\/30115\/revisions\/30252"}],"wp:attachment":[{"href":"https:\/\/sendapp.live\/fr\/wp-json\/wp\/v2\/media?parent=30115"}],"curies":[{"name":"wp","href":"https:\/\/api.w.org\/{rel}","templated":true}]}}