{"id":30118,"date":"2024-06-20T19:37:41","date_gmt":"2024-06-20T17:37:41","guid":{"rendered":"https:\/\/sendapp.live\/?page_id=30118"},"modified":"2024-11-18T16:58:20","modified_gmt":"2024-11-18T15:58:20","slug":"api-cloud-whatsapp","status":"publish","type":"page","link":"https:\/\/sendapp.live\/fr\/api-cloud-whatsapp\/","title":{"rendered":"API cloud WhatsApp"},"content":{"rendered":"<div id=\"fws_69d7297a8fce2\"  data-column-margin=\"default\" data-midnight=\"dark\" data-top-percent=\"5%\" data-bottom-percent=\"5%\"  class=\"wpb_row vc_row-fluid vc_row  right_padding_5pct left_padding_5pct\"  style=\"padding-top: calc(100vw * 0.05); padding-bottom: calc(100vw * 0.05); \"><div class=\"row-bg-wrap\" data-bg-animation=\"none\" data-bg-animation-delay=\"\" data-bg-overlay=\"false\"><div class=\"inner-wrap row-bg-layer\" ><div class=\"row-bg viewport-desktop\"  style=\"\"><\/div><\/div><\/div><div class=\"row_col_wrap_12 col span_12 dark left\">\n\t<div  class=\"vc_col-sm-12 wpb_column column_container vc_column_container col no-extra-padding inherit_tablet inherit_phone\"  data-padding-pos=\"all\" data-has-bg-color=\"false\" data-bg-color=\"\" data-bg-opacity=\"1\" data-animation=\"\" data-delay=\"0\" >\n\t\t<div class=\"vc_column-inner\" >\n\t\t\t<div class=\"wpb_wrapper\">\n\t\t\t\t<h2 style=\"font-size: 65px;color: #4b5b75;text-align: center;font-family:Raleway;font-weight:400;font-style:normal\" class=\"vc_custom_heading vc_do_custom_heading vc_custom_1720954643920\" >API WhatsApp Cloud avec SendApp<\/h2>\n\t\t\t<\/div> \n\t\t<\/div>\n\t<\/div> \n<\/div><\/div>\n\t\t<div id=\"fws_69d7297a90328\"  data-column-margin=\"default\" data-midnight=\"dark\"  class=\"wpb_row vc_row-fluid vc_row\"  style=\"padding-top: 0px; padding-bottom: 0px; \"><div class=\"row-bg-wrap\" data-bg-animation=\"none\" data-bg-animation-delay=\"\" data-bg-overlay=\"false\"><div class=\"inner-wrap row-bg-layer\" ><div class=\"row-bg viewport-desktop\"  style=\"\"><\/div><\/div><\/div><div class=\"row_col_wrap_12 col span_12 dark left\">\n\t<div  class=\"vc_col-sm-12 wpb_column column_container vc_column_container col no-extra-padding inherit_tablet inherit_phone\"  data-padding-pos=\"all\" data-has-bg-color=\"false\" data-bg-color=\"\" data-bg-opacity=\"1\" data-animation=\"\" data-delay=\"0\" >\n\t\t<div class=\"vc_column-inner\" >\n\t\t\t<div class=\"wpb_wrapper\">\n\t\t\t\t\n<div class=\"wpb_text_column wpb_content_element\" >\n\t<div class=\"wpb_wrapper\">\n\t\t<p>L&#039;utilisation des API Cloud pour int\u00e9grer WhatsApp aux strat\u00e9gies de communication d&#039;entreprise est de plus en plus r\u00e9pandue, gr\u00e2ce \u00e0 leur efficacit\u00e9 \u00e0 atteindre un large public de mani\u00e8re directe et personnalis\u00e9e. Dans ce contexte, SendApp se distingue par sa polyvalence et sa fiabilit\u00e9 pour g\u00e9rer efficacement et en toute s\u00e9curit\u00e9 les campagnes marketing WhatsApp. Dans cet article, nous examinerons les avantages et les fonctionnalit\u00e9s de l&#039;API Cloud WhatsApp avec SendApp.<\/p>\n<h2>Introduction \u00e0 l&#039;API WhatsApp Cloud avec SendApp<\/h2>\n<p>SendApp est une plateforme qui permet aux entreprises d&#039;envoyer automatiquement des messages et des communications via WhatsApp, am\u00e9liorant ainsi l&#039;efficacit\u00e9 et la personnalisation des campagnes marketing. Gr\u00e2ce \u00e0 son int\u00e9gration avec l&#039;API Cloud, SendApp offre une exp\u00e9rience compl\u00e8te et hautement personnalisable pour g\u00e9rer les interactions clients sur WhatsApp.<\/p>\n<h2>Avantages de l&#039;utilisation de SendApp pour WhatsApp<\/h2>\n<p>SendApp offre de nombreux avantages \u00e0 l&#039;utilisation de WhatsApp comme canal de communication d&#039;entreprise, notamment la possibilit\u00e9 d&#039;envoyer des messages personnalis\u00e9s, de g\u00e9rer des listes de diffusion, de surveiller les performances des campagnes et de garantir la s\u00e9curit\u00e9 des donn\u00e9es et la conformit\u00e9 au RGPD.<\/p>\n<h2>Comment fonctionne l&#039;int\u00e9gration de l&#039;API Cloud<\/h2>\n<p>L&#039;int\u00e9gration avec l&#039;API Cloud permet \u00e0 SendApp d&#039;acc\u00e9der aux fonctionnalit\u00e9s avanc\u00e9es de WhatsApp et d&#039;offrir aux utilisateurs une exp\u00e9rience compl\u00e8te de gestion de campagnes marketing. Cette int\u00e9gration permet aux entreprises d&#039;automatiser et d&#039;optimiser les interactions clients sur WhatsApp de mani\u00e8re efficace et \u00e0 grande \u00e9chelle.<\/p>\n<h2>Personnaliser les messages avec SendApp<\/h2>\n<p>SendApp permet aux entreprises de personnaliser les messages envoy\u00e9s via WhatsApp en fonction des pr\u00e9f\u00e9rences et du comportement des destinataires. Cela am\u00e9liore l&#039;engagement et l&#039;efficacit\u00e9 des campagnes marketing, garantissant une exp\u00e9rience utilisateur plus engageante et personnalis\u00e9e.<\/p>\n<h2>Gestion des contacts et des listes de diffusion<\/h2>\n<p>SendApp propose des outils avanc\u00e9s de gestion des contacts et des listes de diffusion sur WhatsApp, permettant aux entreprises de segmenter leurs contacts selon des crit\u00e8res sp\u00e9cifiques et d&#039;envoyer des messages cibl\u00e9s et pertinents. Cela favorise une communication plus efficace et personnalis\u00e9e avec les clients.<\/p>\n<h2>Suivi des performances des campagnes<\/h2>\n<p>SendApp propose des outils d&#039;analyse et de reporting avanc\u00e9s pour suivre les performances des campagnes marketing WhatsApp. Les entreprises peuvent ainsi \u00e9valuer l&#039;efficacit\u00e9 de leurs strat\u00e9gies et apporter des am\u00e9liorations en temps r\u00e9el. Cela permet d&#039;optimiser les r\u00e9sultats et de maximiser le retour sur investissement.<\/p>\n<h2>S\u00e9curit\u00e9 et conformit\u00e9 au RGPD<\/h2>\n<p>SendApp garantit une s\u00e9curit\u00e9 maximale des donn\u00e9es et une conformit\u00e9 au RGPD, prot\u00e9geant ainsi les informations personnelles des clients et garantissant transparence et respect de la vie priv\u00e9e. Ceci est essentiel pour instaurer la confiance avec les clients et \u00e9viter les risques juridiques et de r\u00e9putation pour l&#039;entreprise.<\/p>\n<h2>Co\u00fbts et plans disponibles pour l&#039;utilisation de SendApp<\/h2>\n<p>SendApp propose diff\u00e9rents forfaits et options tarifaires pour ses services, permettant aux entreprises de choisir la solution la mieux adapt\u00e9e \u00e0 leurs besoins et \u00e0 leur budget. Flexibles et \u00e9volutifs, ces forfaits vous permettent d&#039;adapter vos d\u00e9penses \u00e0 vos besoins et \u00e0 vos objectifs marketing.<\/p>\n<h2>T\u00e9moignages d&#039;entreprises ayant utilis\u00e9 SendApp<\/h2>\n<p>De nombreuses entreprises ont d\u00e9j\u00e0 constat\u00e9 les avantages de SendApp pour g\u00e9rer leurs campagnes marketing WhatsApp, obtenant des r\u00e9sultats positifs en termes d&#039;engagement, de conversions et de fid\u00e9lisation client. Les t\u00e9moignages de ces entreprises attestent de l&#039;efficacit\u00e9 et de la fiabilit\u00e9 de SendApp comme outil de communication d&#039;entreprise.<\/p>\n<h2>Essayez gratuitement l&#039;API WhatsApp Cloud avec SendApp<\/h2>\n<p>SendApp propose un essai gratuit de l&#039;API WhatsApp Cloud pour une dur\u00e9e limit\u00e9e, permettant aux entreprises de tester les fonctionnalit\u00e9s de la plateforme avant de souscrire \u00e0 un abonnement payant. Cela leur permet d&#039;\u00e9valuer concr\u00e8tement les avantages de SendApp pour leurs strat\u00e9gies marketing WhatsApp.<\/p>\n<p>En conclusion, l&#039;utilisation de l&#039;API WhatsApp Cloud avec SendApp repr\u00e9sente une solution efficace et fiable pour les entreprises souhaitant exploiter le potentiel de WhatsApp comme canal de communication et de marketing. Gr\u00e2ce \u00e0 ses fonctionnalit\u00e9s avanc\u00e9es, \u00e0 la personnalisation des messages, \u00e0 la gestion des contacts et au suivi des performances des campagnes, SendApp s&#039;av\u00e8re un alli\u00e9 pr\u00e9cieux pour optimiser les strat\u00e9gies marketing et am\u00e9liorer l&#039;engagement client sur WhatsApp.<\/p>\n\t<\/div>\n<\/div>\n\n\n\n\n\t\t\t<\/div> \n\t\t<\/div>\n\t<\/div> \n<\/div><\/div>\n\t\t<div id=\"price\"  data-column-margin=\"default\" data-midnight=\"dark\" data-top-percent=\"4%\" data-bottom-percent=\"7%\"  class=\"wpb_row vc_row-fluid vc_row full-width-section\"  style=\"padding-top: calc(100vw * 0.04); padding-bottom: calc(100vw * 0.07); \"><div class=\"row-bg-wrap\" data-bg-animation=\"none\" data-bg-animation-delay=\"\" data-bg-overlay=\"false\"><div class=\"inner-wrap row-bg-layer\" ><div class=\"row-bg viewport-desktop\"  style=\"\"><\/div><\/div><\/div><div class=\"row_col_wrap_12 col span_12 dark left\">\n\t<div  class=\"vc_col-sm-12 wpb_column column_container vc_column_container col no-extra-padding inherit_tablet inherit_phone\"  data-padding-pos=\"all\" data-has-bg-color=\"false\" data-bg-color=\"\" data-bg-opacity=\"1\" data-animation=\"\" data-delay=\"0\" >\n\t\t<div class=\"vc_column-inner\" >\n\t\t\t<div class=\"wpb_wrapper\">\n\t\t\t\t<div id=\"fws_69d7297a90ace\" data-midnight=\"\" data-column-margin=\"default\" class=\"wpb_row vc_row-fluid vc_row inner_row\"  style=\"\"><div class=\"row-bg-wrap\"> <div class=\"row-bg\" ><\/div> <\/div><div class=\"row_col_wrap_12_inner col span_12  left\">\n\t<div  class=\"vc_col-sm-12 wpb_column column_container vc_column_container col child_column centered-text has-animation no-extra-padding inherit_tablet inherit_phone\"   data-padding-pos=\"all\" data-has-bg-color=\"false\" data-bg-color=\"\" data-bg-opacity=\"1\" data-animation=\"fade-in\" data-delay=\"0\" >\n\t\t<div class=\"vc_column-inner\" >\n\t\t<div class=\"wpb_wrapper\">\n\t\t\t\n<div class=\"wpb_text_column wpb_content_element  vc_custom_1712152870190\" >\n\t<div class=\"wpb_wrapper\">\n\t\t<section class=\"main-section main-section-full main-section-slim\">\n<h1 class=\"row\">Une tarification simple et transparente<\/h1>\n<h3 class=\"row\">Pas de frais et pas de frais par message.<\/h3>\n<p><span style=\"color: #999999;\">Le prix varie en fonction des fonctionnalit\u00e9s incluses et du nombre d'envois automatiques.<\/span><\/p>\n<\/section>\n\t<\/div>\n<\/div>\n\n\n\n\n\t\t<\/div> \n\t<\/div>\n\t<\/div> \n<\/div><\/div><div class=\"row pricing-table four-cols\" data-style=\"flat-alternative\"><div class=\"pricing-column no-highlight accent-color\">\n\t\t\t<h3>Free<\/h3>\n          <div class=\"pricing-column-content\">\n\t\t\t<h4> <span class=\"dollar-sign\">\u20ac<\/span> 0 <\/h4>\n\t\t\t<span class=\"interval\">7 jours<\/span>\n<div class=\"wpb_text_column wpb_content_element\" >\n\t<div class=\"wpb_wrapper\">\n\t\t<h6><a class=\"nectar-button n-sc-button large accent-color has-icon regular-button\"  href=\"https:\/\/sendapp.live\/fr\/produit\/sendapp-gratuit\/\" data-color-override=\"false\" data-hover-color-override=\"false\" data-hover-text-color-override=\"#fff\"><span>T\u00e9l\u00e9chargements<\/span><i class=\"icon-button-arrow\"><\/i><\/a><\/h6>\n<h6><i class=\"icon-tiny fa fa-check accent-color\"><\/i> 20 Envoi automatique<\/h6>\n<h6><i class=\"icon-tiny fa fa-check accent-color\"><\/i> 7 jours<\/h6>\n<h6><i class=\"icon-tiny fa fa-check accent-color\"><\/i> Annuaire des contacts<\/h6>\n<h6><i class=\"icon-tiny fa fa-check accent-color\"><\/i> Envoyer un rapport<\/h6>\n<h6><i class=\"icon-tiny fa fa-check accent-color\"><\/i> R\u00e9ponse automatique<\/h6>\n<h6><i class=\"icon-tiny fa fa-check accent-color\"><\/i> Galerie de photos<\/h6>\n<h6><i class=\"icon-tiny fa fa-check accent-color\"><\/i> Photo libre de droits<\/h6>\n<h6><i class=\"icon-tiny fa fa-check accent-color\"><\/i> \u00c9diteur de photos<\/h6>\n<h6><del><i class=\"icon-tiny fa fa-check accent-color\"><\/i> Planification<\/del><\/h6>\n<h6><del><i class=\"icon-tiny fa fa-check accent-color\"><\/i>\u00a0 Passerelle Whatsapp<\/del><\/h6>\n<h6><del><i class=\"icon-tiny fa fa-check accent-color\"><\/i>\u00a0 SMS Gateway<\/del><\/h6>\n<h6><del><i class=\"icon-tiny fa fa-check accent-color\"><\/i> Plugins WordPress<\/del><\/h6>\n<h6><del><i class=\"icon-tiny fa fa-check accent-color\"><\/i> Service Clients<\/del><\/h6>\n\t<\/div>\n<\/div>\n\n\n\n<\/div><\/div><div class=\"pricing-column no-highlight accent-color\">\n\t\t\t<h3>Pro<\/h3>\n          <div class=\"pricing-column-content\">\n\t\t\t<h4> <span class=\"dollar-sign\">\u20ac<\/span> 90 <\/h4>\n\t\t\t<span class=\"interval\">Pour toujours<\/span>\n<div class=\"wpb_text_column wpb_content_element\" >\n\t<div class=\"wpb_wrapper\">\n\t\t<h6><a class=\"nectar-button n-sc-button large accent-color has-icon regular-button\"  href=\"https:\/\/sendapp.live\/fr\/produit\/sendapp-professional\/\" data-color-override=\"false\" data-hover-color-override=\"false\" data-hover-text-color-override=\"#fff\"><span>Acheter<\/span><i class=\"icon-button-arrow\"><\/i><\/a><\/h6>\n<h6><i class=\"icon-tiny fa fa-check accent-color\"><\/i> 200 envois automatiques<\/h6>\n<h6><i class=\"icon-tiny fa fa-check accent-color\"><\/i> Pour toujours<\/h6>\n<h6><i class=\"icon-tiny fa fa-check accent-color\"><\/i> Annuaire des contacts<\/h6>\n<h6><i class=\"icon-tiny fa fa-check accent-color\"><\/i> Envoyer un rapport<\/h6>\n<h6><del><i class=\"icon-tiny fa fa-check accent-color\"><\/i> R\u00e9ponse automatique<\/del><\/h6>\n<h6><i class=\"icon-tiny fa fa-check accent-color\"><\/i> Galerie de photos<\/h6>\n<h6><i class=\"icon-tiny fa fa-check accent-color\"><\/i> Photo libre de droits<\/h6>\n<h6><i class=\"icon-tiny fa fa-check accent-color\"><\/i> \u00c9diteur de photos<\/h6>\n<h6><del><i class=\"icon-tiny fa fa-check accent-color\"><\/i> Planification<\/del><\/h6>\n<h6><del><i class=\"icon-tiny fa fa-check accent-color\"><\/i>\u00a0Passerelle Whatsapp<\/del><\/h6>\n<h6><del><i class=\"icon-tiny fa fa-check accent-color\"><\/i>\u00a0SMS Gateway<\/del><\/h6>\n<h6><del><i class=\"icon-tiny fa fa-check accent-color\"><\/i> Plugins WordPress<\/del><\/h6>\n<h6><i class=\"icon-tiny fa fa-check accent-color\"><\/i> Service Clients<\/h6>\n\t<\/div>\n<\/div>\n\n\n\n<\/div><\/div><div class=\"pricing-column highlight accent-color\">\n\t\t\t<h3>Business<span class=\"highlight-reason\">Recommand\u00e9<\/span><\/h3>\n          <div class=\"pricing-column-content\">\n\t\t\t<h4> <span class=\"dollar-sign\">\u20ac<\/span> 199 <\/h4>\n\t\t\t<span class=\"interval\">Pour toujours<\/span>\n<div class=\"wpb_text_column wpb_content_element\" >\n\t<div class=\"wpb_wrapper\">\n\t\t<h6><a class=\"nectar-button n-sc-button large accent-color has-icon regular-button\"  href=\"https:\/\/sendapp.live\/fr\/produit\/sendapp-business\/\" data-color-override=\"false\" data-hover-color-override=\"false\" data-hover-text-color-override=\"#fff\"><span>Acheter<\/span><i class=\"icon-button-arrow\"><\/i><\/a><\/h6>\n<h6><i class=\"icon-tiny fa fa-check accent-color\"><\/i> Envois illimit\u00e9s<\/h6>\n<h6><i class=\"icon-tiny fa fa-check accent-color\"><\/i> Pour toujours<\/h6>\n<h6><i class=\"icon-tiny fa fa-check accent-color\"><\/i> Annuaire des contacts<\/h6>\n<h6><i class=\"icon-tiny fa fa-check accent-color\"><\/i> Envoyer un rapport<\/h6>\n<h6><i class=\"icon-tiny fa fa-check accent-color\"><\/i> R\u00e9ponse automatique<\/h6>\n<h6><i class=\"icon-tiny fa fa-check accent-color\"><\/i> Galerie de photos<\/h6>\n<h6><i class=\"icon-tiny fa fa-check accent-color\"><\/i> Photo libre de droits<\/h6>\n<h6><i class=\"icon-tiny fa fa-check accent-color\"><\/i> \u00c9diteur de photos<\/h6>\n<h6><i class=\"icon-tiny fa fa-check accent-color\"><\/i> Planification<\/h6>\n<h6><del><i class=\"icon-tiny fa fa-check accent-color\"><\/i> Passerelle Whatsapp<\/del><\/h6>\n<h6><i class=\"icon-tiny fa fa-check accent-color\"><\/i> SMS Gateway<\/h6>\n<h6><del><i class=\"icon-tiny fa fa-check accent-color\"><\/i> Plugins WordPress<\/del><\/h6>\n<h6><i class=\"icon-tiny fa fa-check accent-color\"><\/i> Service Clients<\/h6>\n\t<\/div>\n<\/div>\n\n\n\n<\/div><\/div><div class=\"pricing-column no-highlight accent-color\">\n\t\t\t<h3>Connect<\/h3>\n          <div class=\"pricing-column-content\">\n\t\t\t<h4> <span class=\"dollar-sign\">\u20ac<\/span> 299 <\/h4>\n\t\t\t<span class=\"interval\">Pour toujours<\/span>\n<div class=\"wpb_text_column wpb_content_element\" >\n\t<div class=\"wpb_wrapper\">\n\t\t<h6><a class=\"nectar-button n-sc-button large accent-color has-icon regular-button\"  href=\"https:\/\/sendapp.live\/fr\/produit\/sendapp-web-connect\/\" data-color-override=\"false\" data-hover-color-override=\"false\" data-hover-text-color-override=\"#fff\"><span>Acheter<\/span><i class=\"icon-button-arrow\"><\/i><\/a><\/h6>\n<h6><i class=\"icon-tiny fa fa-check accent-color\"><\/i> Envois illimit\u00e9s<\/h6>\n<h6><i class=\"icon-tiny fa fa-check accent-color\"><\/i> Pour toujours<\/h6>\n<h6><i class=\"icon-tiny fa fa-check accent-color\"><\/i> Annuaire des contacts<\/h6>\n<h6><i class=\"icon-tiny fa fa-check accent-color\"><\/i> Envoyer un rapport<\/h6>\n<h6><i class=\"icon-tiny fa fa-check accent-color\"><\/i> R\u00e9ponse automatique<\/h6>\n<h6><i class=\"icon-tiny fa fa-check accent-color\"><\/i> Galerie de photos<\/h6>\n<h6><i class=\"icon-tiny fa fa-check accent-color\"><\/i> Photo libre de droits<\/h6>\n<h6><i class=\"icon-tiny fa fa-check accent-color\"><\/i> \u00c9diteur de photos<\/h6>\n<h6><i class=\"icon-tiny fa fa-check accent-color\"><\/i> Planification<\/h6>\n<h6><i class=\"icon-tiny fa fa-check accent-color\"><\/i>\u00a0Passerelle Whatsapp<\/h6>\n<h6><i class=\"icon-tiny fa fa-check accent-color\"><\/i>\u00a0SMS Gateway<\/h6>\n<h6><i class=\"icon-tiny fa fa-check accent-color\"><\/i> Plugins WordPress<\/h6>\n<h6><i class=\"icon-tiny fa fa-check accent-color\"><\/i> Service Clients<\/h6>\n\t<\/div>\n<\/div>\n\n\n\n<\/div><\/div><\/div>\n\t\t\t<\/div> \n\t\t<\/div>\n\t<\/div> \n<\/div><\/div>","protected":false},"excerpt":{"rendered":"L&#039;API Cloud WhatsApp avec SendApp L&#039;utilisation de l&#039;API Cloud pour int\u00e9grer WhatsApp dans les strat\u00e9gies de communication d&#039;entreprise devient de plus en plus populaire, gr\u00e2ce \u00e0 son efficacit\u00e9 \u00e0 atteindre un large public...","protected":false},"author":1,"featured_media":0,"parent":0,"menu_order":0,"comment_status":"closed","ping_status":"closed","template":"","meta":{"_daim_seo_power":"","_daim_enable_ail":"","footnotes":""},"class_list":["post-30118","page","type-page","status-publish"],"yoast_head":"<!-- This site is optimized with the Yoast SEO Premium plugin v27.3 (Yoast SEO v27.3) - https:\/\/yoast.com\/product\/yoast-seo-premium-wordpress\/ -->\n<title>API Cloud WhatsApp con SendApp<\/title>\n<meta name=\"description\" content=\"API Cloud WhatsApp. Create powerful marketing campaigns with SendApp: personalized, informative, and advertising messages for your WhatsApp contacts.\" \/>\n<meta name=\"robots\" content=\"index, follow, max-snippet:-1, max-image-preview:large, max-video-preview:-1\" \/>\n<link rel=\"canonical\" href=\"https:\/\/sendapp.live\/fr\/api-cloud-whatsapp\/\" \/>\n<meta property=\"og:locale\" content=\"fr_FR\" \/>\n<meta property=\"og:type\" content=\"article\" \/>\n<meta property=\"og:title\" content=\"api cloud whatsapp\" \/>\n<meta property=\"og:description\" content=\"API Cloud WhatsApp. Create powerful marketing campaigns with SendApp: personalized, informative, and advertising messages for your WhatsApp contacts.\" \/>\n<meta property=\"og:url\" content=\"https:\/\/sendapp.live\/fr\/api-cloud-whatsapp\/\" \/>\n<meta property=\"og:site_name\" content=\"SendApp - Software Whatsapp Marketing\" \/>\n<meta property=\"article:publisher\" content=\"https:\/\/www.facebook.com\/sendapp.live\" \/>\n<meta property=\"article:modified_time\" content=\"2024-11-18T15:58:20+00:00\" \/>\n<meta name=\"twitter:card\" content=\"summary_large_image\" \/>\n<meta name=\"twitter:site\" content=\"@sendapp_live\" \/>\n<meta name=\"twitter:label1\" content=\"Dur\u00e9e de lecture estim\u00e9e\" \/>\n\t<meta name=\"twitter:data1\" content=\"6 minutes\" \/>\n<script type=\"application\/ld+json\" class=\"yoast-schema-graph\">{\"@context\":\"https:\\\/\\\/schema.org\",\"@graph\":[{\"@type\":\"WebPage\",\"@id\":\"https:\\\/\\\/sendapp.live\\\/it\\\/api-cloud-whatsapp\\\/\",\"url\":\"https:\\\/\\\/sendapp.live\\\/it\\\/api-cloud-whatsapp\\\/\",\"name\":\"API Cloud WhatsApp con SendApp\",\"isPartOf\":{\"@id\":\"https:\\\/\\\/sendapp.live\\\/it\\\/#website\"},\"datePublished\":\"2024-06-20T17:37:41+00:00\",\"dateModified\":\"2024-11-18T15:58:20+00:00\",\"description\":\"API Cloud WhatsApp. Create powerful marketing campaigns with SendApp: personalized, informative, and advertising messages for your WhatsApp contacts.\",\"breadcrumb\":{\"@id\":\"https:\\\/\\\/sendapp.live\\\/it\\\/api-cloud-whatsapp\\\/#breadcrumb\"},\"inLanguage\":\"fr-FR\",\"potentialAction\":[{\"@type\":\"ReadAction\",\"target\":[\"https:\\\/\\\/sendapp.live\\\/it\\\/api-cloud-whatsapp\\\/\"]}]},{\"@type\":\"BreadcrumbList\",\"@id\":\"https:\\\/\\\/sendapp.live\\\/it\\\/api-cloud-whatsapp\\\/#breadcrumb\",\"itemListElement\":[{\"@type\":\"ListItem\",\"position\":1,\"name\":\"Home\",\"item\":\"https:\\\/\\\/sendapp.live\\\/\"},{\"@type\":\"ListItem\",\"position\":2,\"name\":\"api cloud whatsapp\"}]},{\"@type\":\"WebSite\",\"@id\":\"https:\\\/\\\/sendapp.live\\\/it\\\/#website\",\"url\":\"https:\\\/\\\/sendapp.live\\\/it\\\/\",\"name\":\"SendApp\",\"description\":\"Automate Your Messages &amp; Grow Your Business\",\"publisher\":{\"@id\":\"https:\\\/\\\/sendapp.live\\\/it\\\/#organization\"},\"alternateName\":\"SendApp WhatsApp Marketing\",\"potentialAction\":[{\"@type\":\"SearchAction\",\"target\":{\"@type\":\"EntryPoint\",\"urlTemplate\":\"https:\\\/\\\/sendapp.live\\\/it\\\/?s={search_term_string}\"},\"query-input\":{\"@type\":\"PropertyValueSpecification\",\"valueRequired\":true,\"valueName\":\"search_term_string\"}}],\"inLanguage\":\"fr-FR\"},{\"@type\":\"Organization\",\"@id\":\"https:\\\/\\\/sendapp.live\\\/it\\\/#organization\",\"name\":\"SendApp\",\"url\":\"https:\\\/\\\/sendapp.live\\\/it\\\/\",\"logo\":{\"@type\":\"ImageObject\",\"inLanguage\":\"fr-FR\",\"@id\":\"https:\\\/\\\/sendapp.live\\\/it\\\/#\\\/schema\\\/logo\\\/image\\\/\",\"url\":\"https:\\\/\\\/sendapp.live\\\/wp-content\\\/uploads\\\/2025\\\/04\\\/Logo-Sendapp-300x60-1.png\",\"contentUrl\":\"https:\\\/\\\/sendapp.live\\\/wp-content\\\/uploads\\\/2025\\\/04\\\/Logo-Sendapp-300x60-1.png\",\"width\":300,\"height\":60,\"caption\":\"SendApp\"},\"image\":{\"@id\":\"https:\\\/\\\/sendapp.live\\\/it\\\/#\\\/schema\\\/logo\\\/image\\\/\"},\"sameAs\":[\"https:\\\/\\\/www.facebook.com\\\/sendapp.live\",\"https:\\\/\\\/x.com\\\/sendapp_live\",\"https:\\\/\\\/www.instagram.com\\\/sendapp.live\",\"https:\\\/\\\/www.youtube.com\\\/channel\\\/UC2gaLpi0-OJLG4CFbOr6mLw\",\"https:\\\/\\\/it.trustpilot.com\\\/review\\\/sendapp.live\"],\"description\":\"Piattaforma italiana di WhatsApp Marketing con API ufficiali Meta. Assistente AI, campagne massive, SMS Gateway gratuito, Google Calendar, automazioni. Da \u20ac16\\\/mese senza markup sui messaggi.\",\"email\":\"info@sendapp.live\",\"foundingDate\":\"2016-07-25\"}]}<\/script>\n<!-- \/ Yoast SEO Premium plugin. -->","yoast_head_json":{"title":"API WhatsApp Cloud avec SendApp","description":"API WhatsApp Cloud. Cr\u00e9ez des campagnes marketing performantes avec SendApp\u00a0: messages personnalis\u00e9s, informatifs et publicitaires pour vos contacts WhatsApp.","robots":{"index":"index","follow":"follow","max-snippet":"max-snippet:-1","max-image-preview":"max-image-preview:large","max-video-preview":"max-video-preview:-1"},"canonical":"https:\/\/sendapp.live\/fr\/api-cloud-whatsapp\/","og_locale":"fr_FR","og_type":"article","og_title":"api cloud whatsapp","og_description":"API Cloud WhatsApp. Create powerful marketing campaigns with SendApp: personalized, informative, and advertising messages for your WhatsApp contacts.","og_url":"https:\/\/sendapp.live\/fr\/api-cloud-whatsapp\/","og_site_name":"SendApp - Software Whatsapp Marketing","article_publisher":"https:\/\/www.facebook.com\/sendapp.live","article_modified_time":"2024-11-18T15:58:20+00:00","twitter_card":"summary_large_image","twitter_site":"@sendapp_live","twitter_misc":{"Dur\u00e9e de lecture estim\u00e9e":"6 minutes"},"schema":{"@context":"https:\/\/schema.org","@graph":[{"@type":"WebPage","@id":"https:\/\/sendapp.live\/it\/api-cloud-whatsapp\/","url":"https:\/\/sendapp.live\/it\/api-cloud-whatsapp\/","name":"API WhatsApp Cloud avec SendApp","isPartOf":{"@id":"https:\/\/sendapp.live\/it\/#website"},"datePublished":"2024-06-20T17:37:41+00:00","dateModified":"2024-11-18T15:58:20+00:00","description":"API WhatsApp Cloud. Cr\u00e9ez des campagnes marketing performantes avec SendApp\u00a0: messages personnalis\u00e9s, informatifs et publicitaires pour vos contacts WhatsApp.","breadcrumb":{"@id":"https:\/\/sendapp.live\/it\/api-cloud-whatsapp\/#breadcrumb"},"inLanguage":"fr-FR","potentialAction":[{"@type":"ReadAction","target":["https:\/\/sendapp.live\/it\/api-cloud-whatsapp\/"]}]},{"@type":"BreadcrumbList","@id":"https:\/\/sendapp.live\/it\/api-cloud-whatsapp\/#breadcrumb","itemListElement":[{"@type":"ListItem","position":1,"name":"Home","item":"https:\/\/sendapp.live\/"},{"@type":"ListItem","position":2,"name":"api cloud whatsapp"}]},{"@type":"WebSite","@id":"https:\/\/sendapp.live\/it\/#website","url":"https:\/\/sendapp.live\/it\/","name":"EnvoyerApp","description":"Automatisez vos messages et d\u00e9veloppez votre activit\u00e9","publisher":{"@id":"https:\/\/sendapp.live\/it\/#organization"},"alternateName":"SendApp WhatsApp Marketing","potentialAction":[{"@type":"SearchAction","target":{"@type":"EntryPoint","urlTemplate":"https:\/\/sendapp.live\/it\/?s={search_term_string}"},"query-input":{"@type":"PropertyValueSpecification","valueRequired":true,"valueName":"search_term_string"}}],"inLanguage":"fr-FR"},{"@type":"Organization","@id":"https:\/\/sendapp.live\/it\/#organization","name":"EnvoyerApp","url":"https:\/\/sendapp.live\/it\/","logo":{"@type":"ImageObject","inLanguage":"fr-FR","@id":"https:\/\/sendapp.live\/it\/#\/schema\/logo\/image\/","url":"https:\/\/sendapp.live\/wp-content\/uploads\/2025\/04\/Logo-Sendapp-300x60-1.png","contentUrl":"https:\/\/sendapp.live\/wp-content\/uploads\/2025\/04\/Logo-Sendapp-300x60-1.png","width":300,"height":60,"caption":"SendApp"},"image":{"@id":"https:\/\/sendapp.live\/it\/#\/schema\/logo\/image\/"},"sameAs":["https:\/\/www.facebook.com\/sendapp.live","https:\/\/x.com\/sendapp_live","https:\/\/www.instagram.com\/sendapp.live","https:\/\/www.youtube.com\/channel\/UC2gaLpi0-OJLG4CFbOr6mLw","https:\/\/it.trustpilot.com\/review\/sendapp.live"],"description":"Plateforme italienne de marketing WhatsApp avec API Meta officielle. Assistant IA, campagnes de masse, passerelle SMS gratuite, Google Agenda, automatisations. \u00c0 partir de 16 \u20ac\/mois sans majoration de prix.","email":"info@sendapp.live","foundingDate":"2016-07-25"}]}},"_links":{"self":[{"href":"https:\/\/sendapp.live\/fr\/wp-json\/wp\/v2\/pages\/30118","targetHints":{"allow":["GET"]}}],"collection":[{"href":"https:\/\/sendapp.live\/fr\/wp-json\/wp\/v2\/pages"}],"about":[{"href":"https:\/\/sendapp.live\/fr\/wp-json\/wp\/v2\/types\/page"}],"author":[{"embeddable":true,"href":"https:\/\/sendapp.live\/fr\/wp-json\/wp\/v2\/users\/1"}],"replies":[{"embeddable":true,"href":"https:\/\/sendapp.live\/fr\/wp-json\/wp\/v2\/comments?post=30118"}],"version-history":[{"count":5,"href":"https:\/\/sendapp.live\/fr\/wp-json\/wp\/v2\/pages\/30118\/revisions"}],"predecessor-version":[{"id":31486,"href":"https:\/\/sendapp.live\/fr\/wp-json\/wp\/v2\/pages\/30118\/revisions\/31486"}],"wp:attachment":[{"href":"https:\/\/sendapp.live\/fr\/wp-json\/wp\/v2\/media?parent=30118"}],"curies":[{"name":"wp","href":"https:\/\/api.w.org\/{rel}","templated":true}]}}