{"id":30124,"date":"2024-06-20T19:53:37","date_gmt":"2024-06-20T17:53:37","guid":{"rendered":"https:\/\/sendapp.live\/?page_id=30124"},"modified":"2024-11-18T16:58:49","modified_gmt":"2024-11-18T15:58:49","slug":"soumissions-multiples-par-whatsapp","status":"publish","type":"page","link":"https:\/\/sendapp.live\/fr\/invii-multipli-whatsapp\/","title":{"rendered":"soumissions multiples par whatsapp"},"content":{"rendered":"<div id=\"fws_69f5e14c71104\"  data-column-margin=\"default\" data-midnight=\"dark\" data-top-percent=\"5%\" data-bottom-percent=\"5%\"  class=\"wpb_row vc_row-fluid vc_row  right_padding_5pct left_padding_5pct\"  style=\"padding-top: calc(100vw * 0.05); padding-bottom: calc(100vw * 0.05); \"><div class=\"row-bg-wrap\" data-bg-animation=\"none\" data-bg-animation-delay=\"\" data-bg-overlay=\"false\"><div class=\"inner-wrap row-bg-layer\" ><div class=\"row-bg viewport-desktop\"  style=\"\"><\/div><\/div><\/div><div class=\"row_col_wrap_12 col span_12 dark left\">\n\t<div  class=\"vc_col-sm-12 wpb_column column_container vc_column_container col no-extra-padding inherit_tablet inherit_phone\"  data-padding-pos=\"all\" data-has-bg-color=\"false\" data-bg-color=\"\" data-bg-opacity=\"1\" data-animation=\"\" data-delay=\"0\" >\n\t\t<div class=\"vc_column-inner\" >\n\t\t\t<div class=\"wpb_wrapper\">\n\t\t\t\t<h1 style=\"font-size: 65px;color: #4b5b75;text-align: center;font-family:Raleway;font-weight:400;font-style:normal\" class=\"vc_custom_heading vc_do_custom_heading vc_custom_1718918698979\" >Envoyez plusieurs messages WhatsApp avec SendApp pour vos campagnes marketing.<\/h1>\n\t\t\t<\/div> \n\t\t<\/div>\n\t<\/div> \n<\/div><\/div>\n\t\t<div id=\"fws_69f5e14c717a8\"  data-column-margin=\"default\" data-midnight=\"dark\"  class=\"wpb_row vc_row-fluid vc_row\"  style=\"padding-top: 0px; padding-bottom: 0px; \"><div class=\"row-bg-wrap\" data-bg-animation=\"none\" data-bg-animation-delay=\"\" data-bg-overlay=\"false\"><div class=\"inner-wrap row-bg-layer\" ><div class=\"row-bg viewport-desktop\"  style=\"\"><\/div><\/div><\/div><div class=\"row_col_wrap_12 col span_12 dark left\">\n\t<div  class=\"vc_col-sm-12 wpb_column column_container vc_column_container col no-extra-padding inherit_tablet inherit_phone\"  data-padding-pos=\"all\" data-has-bg-color=\"false\" data-bg-color=\"\" data-bg-opacity=\"1\" data-animation=\"\" data-delay=\"0\" >\n\t\t<div class=\"vc_column-inner\" >\n\t\t\t<div class=\"wpb_wrapper\">\n\t\t\t\t\n<div class=\"wpb_text_column wpb_content_element\" >\n\t<div class=\"wpb_wrapper\">\n\t\t<p>Si vous cherchez un moyen efficace d&#039;envoyer des messages \u00e0 plusieurs contacts sur WhatsApp, SendApp pourrait \u00eatre la solution id\u00e9ale. Cette application innovante vous permet d&#039;envoyer plusieurs messages rapidement et facilement, vous faisant gagner un temps pr\u00e9cieux dans la gestion de vos messages. D\u00e9couvrez comment SendApp peut am\u00e9liorer vos communications WhatsApp.<\/p>\n<h2>Envoyer des messages \u00e0 plusieurs contacts sur WhatsApp<\/h2>\n<p>Avec SendApp, vous pouvez envoyer des messages \u00e0 plusieurs contacts WhatsApp simultan\u00e9ment, sans avoir \u00e0 cr\u00e9er de groupes ni \u00e0 envoyer des messages individuellement. Cette fonctionnalit\u00e9 est particuli\u00e8rement utile pour communiquer rapidement et efficacement avec un grand nombre de personnes.<\/p>\n<h2>Comment envoyer plusieurs e-mails avec SendApp<\/h2>\n<p>Envoyer des messages group\u00e9s avec SendApp est tr\u00e8s simple. Cr\u00e9ez simplement une liste de contacts dans l&#039;application, r\u00e9digez le message \u00e0 envoyer et s\u00e9lectionnez les destinataires. SendApp s&#039;occupe du reste et envoie le message \u00e0 tous les contacts s\u00e9lectionn\u00e9s en quelques \u00e9tapes seulement.<\/p>\n<h2>La solution pour gagner du temps sur WhatsApp<\/h2>\n<p>SendApp est la solution id\u00e9ale pour ceux qui souhaitent gagner du temps dans la gestion de leurs messages WhatsApp. Gr\u00e2ce \u00e0 la possibilit\u00e9 d&#039;envoyer rapidement et automatiquement des messages group\u00e9s, vous pouvez communiquer avec un grand nombre de personnes sans passer des heures sur votre t\u00e9l\u00e9phone.<\/p>\n<h2>SendApp : l&#039;application pour g\u00e9rer plusieurs envois<\/h2>\n<p>SendApp est une application intuitive et facile \u00e0 utiliser qui vous permet de g\u00e9rer efficacement vos messages en masse sur WhatsApp. Gr\u00e2ce \u00e0 ses fonctionnalit\u00e9s avanc\u00e9es et \u00e0 ses nombreuses options de personnalisation, SendApp s&#039;impose comme l&#039;une des meilleures solutions du march\u00e9 pour am\u00e9liorer la communication sur les r\u00e9seaux sociaux.<\/p>\n<h2>Envoyez facilement des messages \u00e0 plusieurs personnes<\/h2>\n<p>Avec SendApp, vous pouvez facilement envoyer des messages \u00e0 plusieurs personnes sur WhatsApp en quelques clics. Cette fonctionnalit\u00e9 est particuli\u00e8rement utile pour ceux qui g\u00e8rent des listes de contacts ou qui doivent communiquer rapidement et efficacement avec un grand nombre de personnes.<\/p>\n<h2>Am\u00e9liorez votre communication sur WhatsApp<\/h2>\n<p>Avec SendApp, am\u00e9liorez votre communication WhatsApp en envoyant des messages personnalis\u00e9s \u00e0 plusieurs contacts simultan\u00e9ment. Cela permet des \u00e9changes plus fluides et engageants, augmentant ainsi l&#039;efficacit\u00e9 de vos communications.<\/p>\n<h2>Gagnez du temps avec SendApp<\/h2>\n<p>L&#039;un des principaux avantages de SendApp est le gain de temps dans la gestion des messages WhatsApp. Gr\u00e2ce \u00e0 la possibilit\u00e9 d&#039;envoyer plusieurs messages automatiquement, vous pouvez consacrer plus de temps \u00e0 d&#039;autres activit\u00e9s sans compromettre la qualit\u00e9 de vos communications.<\/p>\n<h2>Envoyer des messages personnalis\u00e9s \u00e0 plusieurs contacts<\/h2>\n<p>SendApp vous permet d&#039;envoyer des messages personnalis\u00e9s \u00e0 plusieurs contacts sur WhatsApp, garantissant une exp\u00e9rience de communication plus personnalis\u00e9e et engageante. Cette fonctionnalit\u00e9 est particuli\u00e8rement utile pour ceux qui souhaitent entretenir une relation plus \u00e9troite avec leurs contacts et instaurer un dialogue plus efficace.<\/p>\n<h2>G\u00e9rez facilement vos listes sur WhatsApp<\/h2>\n<p>Avec SendApp, g\u00e9rez facilement vos listes de contacts WhatsApp et envoyez des messages \u00e0 des groupes sp\u00e9cifiques rapidement et efficacement. Cette fonctionnalit\u00e9 est utile pour ceux qui souhaitent organiser leurs contacts rapidement et facilement.<\/p>\n<h2>Automatisez vos messages WhatsApp avec SendApp<\/h2>\n<p>Gr\u00e2ce \u00e0 la possibilit\u00e9 d&#039;automatiser vos messages WhatsApp avec SendApp, vous gagnez un temps pr\u00e9cieux dans la gestion de vos communications. Cette fonctionnalit\u00e9 est particuli\u00e8rement utile pour ceux qui doivent envoyer des messages r\u00e9guliers ou programm\u00e9s \u00e0 leurs contacts, garantissant ainsi une communication continue et efficace.<\/p>\n<p>En conclusion, SendApp est une application polyvalente et intuitive qui vous permet de g\u00e9rer rapidement et efficacement vos messages WhatsApp en masse. Gr\u00e2ce \u00e0 ses nombreuses fonctionnalit\u00e9s personnalisables et \u00e0 la possibilit\u00e9 d&#039;envoyer des messages personnalis\u00e9s \u00e0 plusieurs contacts, SendApp est la solution id\u00e9ale pour am\u00e9liorer vos communications sur les r\u00e9seaux sociaux. Si vous souhaitez gagner du temps dans la gestion de vos messages WhatsApp et maintenir une communication efficace avec vos contacts, n&#039;h\u00e9sitez pas \u00e0 essayer SendApp d\u00e8s aujourd&#039;hui.<\/p>\n\t<\/div>\n<\/div>\n\n\n\n\n\t\t\t<\/div> \n\t\t<\/div>\n\t<\/div> \n<\/div><\/div>\n\t\t<div id=\"price\"  data-column-margin=\"default\" data-midnight=\"dark\" data-top-percent=\"4%\" data-bottom-percent=\"7%\"  class=\"wpb_row vc_row-fluid vc_row full-width-section\"  style=\"padding-top: calc(100vw * 0.04); padding-bottom: calc(100vw * 0.07); \"><div class=\"row-bg-wrap\" data-bg-animation=\"none\" data-bg-animation-delay=\"\" data-bg-overlay=\"false\"><div class=\"inner-wrap row-bg-layer\" ><div class=\"row-bg viewport-desktop\"  style=\"\"><\/div><\/div><\/div><div class=\"row_col_wrap_12 col span_12 dark left\">\n\t<div  class=\"vc_col-sm-12 wpb_column column_container vc_column_container col no-extra-padding inherit_tablet inherit_phone\"  data-padding-pos=\"all\" data-has-bg-color=\"false\" data-bg-color=\"\" data-bg-opacity=\"1\" data-animation=\"\" data-delay=\"0\" >\n\t\t<div class=\"vc_column-inner\" >\n\t\t\t<div class=\"wpb_wrapper\">\n\t\t\t\t<div id=\"fws_69f5e14c71f87\" data-midnight=\"\" data-column-margin=\"default\" class=\"wpb_row vc_row-fluid vc_row inner_row\"  style=\"\"><div class=\"row-bg-wrap\"> <div class=\"row-bg\" ><\/div> <\/div><div class=\"row_col_wrap_12_inner col span_12  left\">\n\t<div  class=\"vc_col-sm-12 wpb_column column_container vc_column_container col child_column centered-text has-animation no-extra-padding inherit_tablet inherit_phone\"   data-padding-pos=\"all\" data-has-bg-color=\"false\" data-bg-color=\"\" data-bg-opacity=\"1\" data-animation=\"fade-in\" data-delay=\"0\" >\n\t\t<div class=\"vc_column-inner\" >\n\t\t<div class=\"wpb_wrapper\">\n\t\t\t\n<div class=\"wpb_text_column wpb_content_element  vc_custom_1712152870190\" >\n\t<div class=\"wpb_wrapper\">\n\t\t<section class=\"main-section main-section-full main-section-slim\">\n<h1 class=\"row\">Une tarification simple et transparente<\/h1>\n<h3 class=\"row\">Pas de frais et pas de frais par message.<\/h3>\n<p><span style=\"color: #999999;\">Le prix varie en fonction des fonctionnalit\u00e9s incluses et du nombre d'envois automatiques.<\/span><\/p>\n<\/section>\n\t<\/div>\n<\/div>\n\n\n\n\n\t\t<\/div> \n\t<\/div>\n\t<\/div> \n<\/div><\/div><div class=\"row pricing-table four-cols\" data-style=\"flat-alternative\"><div class=\"pricing-column no-highlight accent-color\">\n\t\t\t<h3>Free<\/h3>\n          <div class=\"pricing-column-content\">\n\t\t\t<h4> <span class=\"dollar-sign\">\u20ac<\/span> 0 <\/h4>\n\t\t\t<span class=\"interval\">7 jours<\/span>\n<div class=\"wpb_text_column wpb_content_element\" >\n\t<div class=\"wpb_wrapper\">\n\t\t<h6><a class=\"nectar-button n-sc-button large accent-color has-icon regular-button\"  href=\"https:\/\/sendapp.live\/fr\/produit\/sendapp-gratuit\/\" data-color-override=\"false\" data-hover-color-override=\"false\" data-hover-text-color-override=\"#fff\"><span>T\u00e9l\u00e9chargements<\/span><i class=\"icon-button-arrow\"><\/i><\/a><\/h6>\n<h6><i class=\"icon-tiny fa fa-check accent-color\"><\/i> 20 Envoi automatique<\/h6>\n<h6><i class=\"icon-tiny fa fa-check accent-color\"><\/i> 7 jours<\/h6>\n<h6><i class=\"icon-tiny fa fa-check accent-color\"><\/i> Annuaire des contacts<\/h6>\n<h6><i class=\"icon-tiny fa fa-check accent-color\"><\/i> Envoyer un rapport<\/h6>\n<h6><i class=\"icon-tiny fa fa-check accent-color\"><\/i> R\u00e9ponse automatique<\/h6>\n<h6><i class=\"icon-tiny fa fa-check accent-color\"><\/i> Galerie de photos<\/h6>\n<h6><i class=\"icon-tiny fa fa-check accent-color\"><\/i> Photo libre de droits<\/h6>\n<h6><i class=\"icon-tiny fa fa-check accent-color\"><\/i> \u00c9diteur de photos<\/h6>\n<h6><del><i class=\"icon-tiny fa fa-check accent-color\"><\/i> Planification<\/del><\/h6>\n<h6><del><i class=\"icon-tiny fa fa-check accent-color\"><\/i>\u00a0 Passerelle Whatsapp<\/del><\/h6>\n<h6><del><i class=\"icon-tiny fa fa-check accent-color\"><\/i>\u00a0 SMS Gateway<\/del><\/h6>\n<h6><del><i class=\"icon-tiny fa fa-check accent-color\"><\/i> Plugins WordPress<\/del><\/h6>\n<h6><del><i class=\"icon-tiny fa fa-check accent-color\"><\/i> Service Clients<\/del><\/h6>\n\t<\/div>\n<\/div>\n\n\n\n<\/div><\/div><div class=\"pricing-column no-highlight accent-color\">\n\t\t\t<h3>Pro<\/h3>\n          <div class=\"pricing-column-content\">\n\t\t\t<h4> <span class=\"dollar-sign\">\u20ac<\/span> 90 <\/h4>\n\t\t\t<span class=\"interval\">Pour toujours<\/span>\n<div class=\"wpb_text_column wpb_content_element\" >\n\t<div class=\"wpb_wrapper\">\n\t\t<h6><a class=\"nectar-button n-sc-button large accent-color has-icon regular-button\"  href=\"https:\/\/sendapp.live\/fr\/produit\/sendapp-professional\/\" data-color-override=\"false\" data-hover-color-override=\"false\" data-hover-text-color-override=\"#fff\"><span>Acheter<\/span><i class=\"icon-button-arrow\"><\/i><\/a><\/h6>\n<h6><i class=\"icon-tiny fa fa-check accent-color\"><\/i> 200 envois automatiques<\/h6>\n<h6><i class=\"icon-tiny fa fa-check accent-color\"><\/i> Pour toujours<\/h6>\n<h6><i class=\"icon-tiny fa fa-check accent-color\"><\/i> Annuaire des contacts<\/h6>\n<h6><i class=\"icon-tiny fa fa-check accent-color\"><\/i> Envoyer un rapport<\/h6>\n<h6><del><i class=\"icon-tiny fa fa-check accent-color\"><\/i> R\u00e9ponse automatique<\/del><\/h6>\n<h6><i class=\"icon-tiny fa fa-check accent-color\"><\/i> Galerie de photos<\/h6>\n<h6><i class=\"icon-tiny fa fa-check accent-color\"><\/i> Photo libre de droits<\/h6>\n<h6><i class=\"icon-tiny fa fa-check accent-color\"><\/i> \u00c9diteur de photos<\/h6>\n<h6><del><i class=\"icon-tiny fa fa-check accent-color\"><\/i> Planification<\/del><\/h6>\n<h6><del><i class=\"icon-tiny fa fa-check accent-color\"><\/i>\u00a0Passerelle Whatsapp<\/del><\/h6>\n<h6><del><i class=\"icon-tiny fa fa-check accent-color\"><\/i>\u00a0SMS Gateway<\/del><\/h6>\n<h6><del><i class=\"icon-tiny fa fa-check accent-color\"><\/i> Plugins WordPress<\/del><\/h6>\n<h6><i class=\"icon-tiny fa fa-check accent-color\"><\/i> Service Clients<\/h6>\n\t<\/div>\n<\/div>\n\n\n\n<\/div><\/div><div class=\"pricing-column highlight accent-color\">\n\t\t\t<h3>Business<span class=\"highlight-reason\">Recommand\u00e9<\/span><\/h3>\n          <div class=\"pricing-column-content\">\n\t\t\t<h4> <span class=\"dollar-sign\">\u20ac<\/span> 199 <\/h4>\n\t\t\t<span class=\"interval\">Pour toujours<\/span>\n<div class=\"wpb_text_column wpb_content_element\" >\n\t<div class=\"wpb_wrapper\">\n\t\t<h6><a class=\"nectar-button n-sc-button large accent-color has-icon regular-button\"  href=\"https:\/\/sendapp.live\/fr\/produit\/sendapp-business\/\" data-color-override=\"false\" data-hover-color-override=\"false\" data-hover-text-color-override=\"#fff\"><span>Acheter<\/span><i class=\"icon-button-arrow\"><\/i><\/a><\/h6>\n<h6><i class=\"icon-tiny fa fa-check accent-color\"><\/i> Envois illimit\u00e9s<\/h6>\n<h6><i class=\"icon-tiny fa fa-check accent-color\"><\/i> Pour toujours<\/h6>\n<h6><i class=\"icon-tiny fa fa-check accent-color\"><\/i> Annuaire des contacts<\/h6>\n<h6><i class=\"icon-tiny fa fa-check accent-color\"><\/i> Envoyer un rapport<\/h6>\n<h6><i class=\"icon-tiny fa fa-check accent-color\"><\/i> R\u00e9ponse automatique<\/h6>\n<h6><i class=\"icon-tiny fa fa-check accent-color\"><\/i> Galerie de photos<\/h6>\n<h6><i class=\"icon-tiny fa fa-check accent-color\"><\/i> Photo libre de droits<\/h6>\n<h6><i class=\"icon-tiny fa fa-check accent-color\"><\/i> \u00c9diteur de photos<\/h6>\n<h6><i class=\"icon-tiny fa fa-check accent-color\"><\/i> Planification<\/h6>\n<h6><del><i class=\"icon-tiny fa fa-check accent-color\"><\/i> Passerelle Whatsapp<\/del><\/h6>\n<h6><i class=\"icon-tiny fa fa-check accent-color\"><\/i> SMS Gateway<\/h6>\n<h6><del><i class=\"icon-tiny fa fa-check accent-color\"><\/i> Plugins WordPress<\/del><\/h6>\n<h6><i class=\"icon-tiny fa fa-check accent-color\"><\/i> Service Clients<\/h6>\n\t<\/div>\n<\/div>\n\n\n\n<\/div><\/div><div class=\"pricing-column no-highlight accent-color\">\n\t\t\t<h3>Connect<\/h3>\n          <div class=\"pricing-column-content\">\n\t\t\t<h4> <span class=\"dollar-sign\">\u20ac<\/span> 299 <\/h4>\n\t\t\t<span class=\"interval\">Pour toujours<\/span>\n<div class=\"wpb_text_column wpb_content_element\" >\n\t<div class=\"wpb_wrapper\">\n\t\t<h6><a class=\"nectar-button n-sc-button large accent-color has-icon regular-button\"  href=\"https:\/\/sendapp.live\/fr\/produit\/sendapp-web-connect\/\" data-color-override=\"false\" data-hover-color-override=\"false\" data-hover-text-color-override=\"#fff\"><span>Acheter<\/span><i class=\"icon-button-arrow\"><\/i><\/a><\/h6>\n<h6><i class=\"icon-tiny fa fa-check accent-color\"><\/i> Envois illimit\u00e9s<\/h6>\n<h6><i class=\"icon-tiny fa fa-check accent-color\"><\/i> Pour toujours<\/h6>\n<h6><i class=\"icon-tiny fa fa-check accent-color\"><\/i> Annuaire des contacts<\/h6>\n<h6><i class=\"icon-tiny fa fa-check accent-color\"><\/i> Envoyer un rapport<\/h6>\n<h6><i class=\"icon-tiny fa fa-check accent-color\"><\/i> R\u00e9ponse automatique<\/h6>\n<h6><i class=\"icon-tiny fa fa-check accent-color\"><\/i> Galerie de photos<\/h6>\n<h6><i class=\"icon-tiny fa fa-check accent-color\"><\/i> Photo libre de droits<\/h6>\n<h6><i class=\"icon-tiny fa fa-check accent-color\"><\/i> \u00c9diteur de photos<\/h6>\n<h6><i class=\"icon-tiny fa fa-check accent-color\"><\/i> Planification<\/h6>\n<h6><i class=\"icon-tiny fa fa-check accent-color\"><\/i>\u00a0Passerelle Whatsapp<\/h6>\n<h6><i class=\"icon-tiny fa fa-check accent-color\"><\/i>\u00a0SMS Gateway<\/h6>\n<h6><i class=\"icon-tiny fa fa-check accent-color\"><\/i> Plugins WordPress<\/h6>\n<h6><i class=\"icon-tiny fa fa-check accent-color\"><\/i> Service Clients<\/h6>\n\t<\/div>\n<\/div>\n\n\n\n<\/div><\/div><\/div>\n\t\t\t<\/div> \n\t\t<\/div>\n\t<\/div> \n<\/div><\/div>","protected":false},"excerpt":{"rendered":"Envoyez des messages WhatsApp en masse avec SendApp pour vos campagnes marketing Si vous recherchez un moyen efficace d&#039;envoyer des messages \u00e0 plusieurs contacts sur WhatsApp, alors SendApp pourrait \u00eatre...","protected":false},"author":1,"featured_media":0,"parent":0,"menu_order":0,"comment_status":"closed","ping_status":"closed","template":"","meta":{"_daim_seo_power":"","_daim_enable_ail":"","footnotes":""},"class_list":["post-30124","page","type-page","status-publish"],"yoast_head":"<!-- This site is optimized with the Yoast SEO Premium plugin v27.5 (Yoast SEO v27.5) - https:\/\/yoast.com\/product\/yoast-seo-premium-wordpress\/ -->\n<title>invii multipli whatsapp<\/title>\n<meta name=\"description\" content=\"Invii multipli whatsapp. Experience the convenience of SendApp for your marketing needs. Easily send mass WhatsApp messages and automate marketing campaigns.\" \/>\n<meta name=\"robots\" content=\"index, follow, max-snippet:-1, max-image-preview:large, max-video-preview:-1\" \/>\n<link rel=\"canonical\" href=\"https:\/\/sendapp.live\/fr\/soumissions-multiples-par-whatsapp\/\" \/>\n<meta property=\"og:locale\" content=\"fr_FR\" \/>\n<meta property=\"og:type\" content=\"article\" \/>\n<meta property=\"og:title\" content=\"invii multipli whatsapp\" \/>\n<meta property=\"og:description\" content=\"Invii multipli whatsapp. Experience the convenience of SendApp for your marketing needs. Easily send mass WhatsApp messages and automate marketing campaigns.\" \/>\n<meta property=\"og:url\" content=\"https:\/\/sendapp.live\/fr\/soumissions-multiples-par-whatsapp\/\" \/>\n<meta property=\"og:site_name\" content=\"SendApp - Software Whatsapp Marketing\" \/>\n<meta property=\"article:publisher\" content=\"https:\/\/www.facebook.com\/sendapp.live\" \/>\n<meta property=\"article:modified_time\" content=\"2024-11-18T15:58:49+00:00\" \/>\n<meta name=\"twitter:card\" content=\"summary_large_image\" \/>\n<meta name=\"twitter:site\" content=\"@sendapp_live\" \/>\n<meta name=\"twitter:label1\" content=\"Dur\u00e9e de lecture estim\u00e9e\" \/>\n\t<meta name=\"twitter:data1\" content=\"6 minutes\" \/>\n<script type=\"application\/ld+json\" class=\"yoast-schema-graph\">{\"@context\":\"https:\\\/\\\/schema.org\",\"@graph\":[{\"@type\":\"WebPage\",\"@id\":\"https:\\\/\\\/sendapp.live\\\/it\\\/invii-multipli-whatsapp\\\/\",\"url\":\"https:\\\/\\\/sendapp.live\\\/it\\\/invii-multipli-whatsapp\\\/\",\"name\":\"invii multipli whatsapp\",\"isPartOf\":{\"@id\":\"https:\\\/\\\/sendapp.live\\\/it\\\/#website\"},\"datePublished\":\"2024-06-20T17:53:37+00:00\",\"dateModified\":\"2024-11-18T15:58:49+00:00\",\"description\":\"Invii multipli whatsapp. Experience the convenience of SendApp for your marketing needs. Easily send mass WhatsApp messages and automate marketing campaigns.\",\"breadcrumb\":{\"@id\":\"https:\\\/\\\/sendapp.live\\\/it\\\/invii-multipli-whatsapp\\\/#breadcrumb\"},\"inLanguage\":\"fr-FR\",\"potentialAction\":[{\"@type\":\"ReadAction\",\"target\":[\"https:\\\/\\\/sendapp.live\\\/it\\\/invii-multipli-whatsapp\\\/\"]}]},{\"@type\":\"BreadcrumbList\",\"@id\":\"https:\\\/\\\/sendapp.live\\\/it\\\/invii-multipli-whatsapp\\\/#breadcrumb\",\"itemListElement\":[{\"@type\":\"ListItem\",\"position\":1,\"name\":\"Home\",\"item\":\"https:\\\/\\\/sendapp.live\\\/\"},{\"@type\":\"ListItem\",\"position\":2,\"name\":\"invii multipli whatsapp\"}]},{\"@type\":\"WebSite\",\"@id\":\"https:\\\/\\\/sendapp.live\\\/it\\\/#website\",\"url\":\"https:\\\/\\\/sendapp.live\\\/it\\\/\",\"name\":\"SendApp\",\"description\":\"Automate Your Messages &amp; Grow Your Business\",\"publisher\":{\"@id\":\"https:\\\/\\\/sendapp.live\\\/it\\\/#organization\"},\"alternateName\":\"SendApp WhatsApp Marketing\",\"potentialAction\":[{\"@type\":\"SearchAction\",\"target\":{\"@type\":\"EntryPoint\",\"urlTemplate\":\"https:\\\/\\\/sendapp.live\\\/it\\\/?s={search_term_string}\"},\"query-input\":{\"@type\":\"PropertyValueSpecification\",\"valueRequired\":true,\"valueName\":\"search_term_string\"}}],\"inLanguage\":\"fr-FR\"},{\"@type\":\"Organization\",\"@id\":\"https:\\\/\\\/sendapp.live\\\/it\\\/#organization\",\"name\":\"SendApp\",\"url\":\"https:\\\/\\\/sendapp.live\\\/it\\\/\",\"logo\":{\"@type\":\"ImageObject\",\"inLanguage\":\"fr-FR\",\"@id\":\"https:\\\/\\\/sendapp.live\\\/it\\\/#\\\/schema\\\/logo\\\/image\\\/\",\"url\":\"https:\\\/\\\/sendapp.live\\\/wp-content\\\/uploads\\\/2025\\\/04\\\/Logo-Sendapp-300x60-1.png\",\"contentUrl\":\"https:\\\/\\\/sendapp.live\\\/wp-content\\\/uploads\\\/2025\\\/04\\\/Logo-Sendapp-300x60-1.png\",\"width\":300,\"height\":60,\"caption\":\"SendApp\"},\"image\":{\"@id\":\"https:\\\/\\\/sendapp.live\\\/it\\\/#\\\/schema\\\/logo\\\/image\\\/\"},\"sameAs\":[\"https:\\\/\\\/www.facebook.com\\\/sendapp.live\",\"https:\\\/\\\/x.com\\\/sendapp_live\",\"https:\\\/\\\/www.instagram.com\\\/sendapp.live\",\"https:\\\/\\\/www.youtube.com\\\/channel\\\/UC2gaLpi0-OJLG4CFbOr6mLw\",\"https:\\\/\\\/it.trustpilot.com\\\/review\\\/sendapp.live\"],\"description\":\"Piattaforma italiana di WhatsApp Marketing con API ufficiali Meta. Assistente AI, campagne massive, SMS Gateway gratuito, Google Calendar, automazioni. Da \u20ac16\\\/mese senza markup sui messaggi.\",\"email\":\"info@sendapp.live\",\"foundingDate\":\"2016-07-25\"}]}<\/script>\n<!-- \/ Yoast SEO Premium plugin. -->","yoast_head_json":{"title":"soumissions multiples par whatsapp","description":"Envoi multiple par whatsapp. Faites l'exp\u00e9rience de la commodit\u00e9 de SendApp pour vos besoins en marketing. Envoyez facilement des messages WhatsApp en masse et automatisez vos campagnes marketing.","robots":{"index":"index","follow":"follow","max-snippet":"max-snippet:-1","max-image-preview":"max-image-preview:large","max-video-preview":"max-video-preview:-1"},"canonical":"https:\/\/sendapp.live\/fr\/soumissions-multiples-par-whatsapp\/","og_locale":"fr_FR","og_type":"article","og_title":"invii multipli whatsapp","og_description":"Invii multipli whatsapp. Experience the convenience of SendApp for your marketing needs. Easily send mass WhatsApp messages and automate marketing campaigns.","og_url":"https:\/\/sendapp.live\/fr\/soumissions-multiples-par-whatsapp\/","og_site_name":"SendApp - Software Whatsapp Marketing","article_publisher":"https:\/\/www.facebook.com\/sendapp.live","article_modified_time":"2024-11-18T15:58:49+00:00","twitter_card":"summary_large_image","twitter_site":"@sendapp_live","twitter_misc":{"Dur\u00e9e de lecture estim\u00e9e":"6 minutes"},"schema":{"@context":"https:\/\/schema.org","@graph":[{"@type":"WebPage","@id":"https:\/\/sendapp.live\/it\/invii-multipli-whatsapp\/","url":"https:\/\/sendapp.live\/it\/invii-multipli-whatsapp\/","name":"soumissions multiples par whatsapp","isPartOf":{"@id":"https:\/\/sendapp.live\/it\/#website"},"datePublished":"2024-06-20T17:53:37+00:00","dateModified":"2024-11-18T15:58:49+00:00","description":"Envoi multiple par whatsapp. Faites l'exp\u00e9rience de la commodit\u00e9 de SendApp pour vos besoins en marketing. Envoyez facilement des messages WhatsApp en masse et automatisez vos campagnes marketing.","breadcrumb":{"@id":"https:\/\/sendapp.live\/it\/invii-multipli-whatsapp\/#breadcrumb"},"inLanguage":"fr-FR","potentialAction":[{"@type":"ReadAction","target":["https:\/\/sendapp.live\/it\/invii-multipli-whatsapp\/"]}]},{"@type":"BreadcrumbList","@id":"https:\/\/sendapp.live\/it\/invii-multipli-whatsapp\/#breadcrumb","itemListElement":[{"@type":"ListItem","position":1,"name":"Home","item":"https:\/\/sendapp.live\/"},{"@type":"ListItem","position":2,"name":"invii multipli whatsapp"}]},{"@type":"WebSite","@id":"https:\/\/sendapp.live\/it\/#website","url":"https:\/\/sendapp.live\/it\/","name":"EnvoyerApp","description":"Automatisez vos messages et d\u00e9veloppez votre activit\u00e9","publisher":{"@id":"https:\/\/sendapp.live\/it\/#organization"},"alternateName":"SendApp WhatsApp Marketing","potentialAction":[{"@type":"SearchAction","target":{"@type":"EntryPoint","urlTemplate":"https:\/\/sendapp.live\/it\/?s={search_term_string}"},"query-input":{"@type":"PropertyValueSpecification","valueRequired":true,"valueName":"search_term_string"}}],"inLanguage":"fr-FR"},{"@type":"Organization","@id":"https:\/\/sendapp.live\/it\/#organization","name":"EnvoyerApp","url":"https:\/\/sendapp.live\/it\/","logo":{"@type":"ImageObject","inLanguage":"fr-FR","@id":"https:\/\/sendapp.live\/it\/#\/schema\/logo\/image\/","url":"https:\/\/sendapp.live\/wp-content\/uploads\/2025\/04\/Logo-Sendapp-300x60-1.png","contentUrl":"https:\/\/sendapp.live\/wp-content\/uploads\/2025\/04\/Logo-Sendapp-300x60-1.png","width":300,"height":60,"caption":"SendApp"},"image":{"@id":"https:\/\/sendapp.live\/it\/#\/schema\/logo\/image\/"},"sameAs":["https:\/\/www.facebook.com\/sendapp.live","https:\/\/x.com\/sendapp_live","https:\/\/www.instagram.com\/sendapp.live","https:\/\/www.youtube.com\/channel\/UC2gaLpi0-OJLG4CFbOr6mLw","https:\/\/it.trustpilot.com\/review\/sendapp.live"],"description":"Plateforme italienne de marketing WhatsApp avec API Meta officielle. Assistant IA, campagnes de masse, passerelle SMS gratuite, Google Agenda, automatisations. \u00c0 partir de 16 \u20ac\/mois sans majoration de prix.","email":"info@sendapp.live","foundingDate":"2016-07-25"}]}},"_links":{"self":[{"href":"https:\/\/sendapp.live\/fr\/wp-json\/wp\/v2\/pages\/30124","targetHints":{"allow":["GET"]}}],"collection":[{"href":"https:\/\/sendapp.live\/fr\/wp-json\/wp\/v2\/pages"}],"about":[{"href":"https:\/\/sendapp.live\/fr\/wp-json\/wp\/v2\/types\/page"}],"author":[{"embeddable":true,"href":"https:\/\/sendapp.live\/fr\/wp-json\/wp\/v2\/users\/1"}],"replies":[{"embeddable":true,"href":"https:\/\/sendapp.live\/fr\/wp-json\/wp\/v2\/comments?post=30124"}],"version-history":[{"count":6,"href":"https:\/\/sendapp.live\/fr\/wp-json\/wp\/v2\/pages\/30124\/revisions"}],"predecessor-version":[{"id":30235,"href":"https:\/\/sendapp.live\/fr\/wp-json\/wp\/v2\/pages\/30124\/revisions\/30235"}],"wp:attachment":[{"href":"https:\/\/sendapp.live\/fr\/wp-json\/wp\/v2\/media?parent=30124"}],"curies":[{"name":"wp","href":"https:\/\/api.w.org\/{rel}","templated":true}]}}