{"id":30127,"date":"2024-06-20T19:55:37","date_gmt":"2024-06-20T17:55:37","guid":{"rendered":"https:\/\/sendapp.live\/?page_id=30127"},"modified":"2024-06-24T15:49:54","modified_gmt":"2024-06-24T13:49:54","slug":"whatsapp-bulk-sender","status":"publish","type":"page","link":"https:\/\/sendapp.live\/fr\/whatsapp-bulk-sender\/","title":{"rendered":"whatsapp bulk sender"},"content":{"rendered":"<div id=\"fws_69e238c252168\"  data-column-margin=\"default\" data-midnight=\"dark\" data-top-percent=\"5%\" data-bottom-percent=\"5%\"  class=\"wpb_row vc_row-fluid vc_row  right_padding_5pct left_padding_5pct\"  style=\"padding-top: calc(100vw * 0.05); padding-bottom: calc(100vw * 0.05); \"><div class=\"row-bg-wrap\" data-bg-animation=\"none\" data-bg-animation-delay=\"\" data-bg-overlay=\"false\"><div class=\"inner-wrap row-bg-layer\" ><div class=\"row-bg viewport-desktop\"  style=\"\"><\/div><\/div><\/div><div class=\"row_col_wrap_12 col span_12 dark left\">\n\t<div  class=\"vc_col-sm-12 wpb_column column_container vc_column_container col no-extra-padding inherit_tablet inherit_phone\"  data-padding-pos=\"all\" data-has-bg-color=\"false\" data-bg-color=\"\" data-bg-opacity=\"1\" data-animation=\"\" data-delay=\"0\" >\n\t\t<div class=\"vc_column-inner\" >\n\t\t\t<div class=\"wpb_wrapper\">\n\t\t\t\t<h1 style=\"font-size: 65px;color: #4b5b75;text-align: center;font-family:Raleway;font-weight:400;font-style:normal\" class=\"vc_custom_heading vc_do_custom_heading vc_custom_1719235433564\" >WhatsApp Bulk Sender avec SendApp<\/h1>\n\t\t\t<\/div> \n\t\t<\/div>\n\t<\/div> \n<\/div><\/div>\n\t\t<div id=\"fws_69e238c25283c\"  data-column-margin=\"default\" data-midnight=\"dark\"  class=\"wpb_row vc_row-fluid vc_row\"  style=\"padding-top: 0px; padding-bottom: 0px; \"><div class=\"row-bg-wrap\" data-bg-animation=\"none\" data-bg-animation-delay=\"\" data-bg-overlay=\"false\"><div class=\"inner-wrap row-bg-layer\" ><div class=\"row-bg viewport-desktop\"  style=\"\"><\/div><\/div><\/div><div class=\"row_col_wrap_12 col span_12 dark left\">\n\t<div  class=\"vc_col-sm-12 wpb_column column_container vc_column_container col no-extra-padding inherit_tablet inherit_phone\"  data-padding-pos=\"all\" data-has-bg-color=\"false\" data-bg-color=\"\" data-bg-opacity=\"1\" data-animation=\"\" data-delay=\"0\" >\n\t\t<div class=\"vc_column-inner\" >\n\t\t\t<div class=\"wpb_wrapper\">\n\t\t\t\t\n<div class=\"wpb_text_column wpb_content_element\" >\n\t<div class=\"wpb_wrapper\">\n\t\t<p><a href=\"https:\/\/sendapp.live\/fr\/sendapp-desktop-prix\/\">envoyer l&#039;application<\/a> SendApp est un logiciel qui vous permet d&#039;envoyer des messages en masse sur WhatsApp rapidement et efficacement. Cette plateforme innovante vous permet d&#039;organiser vos listes de contacts, de suivre les performances d&#039;envoi et d&#039;optimiser l&#039;efficacit\u00e9 de vos campagnes marketing WhatsApp. Dans cet article, nous allons d\u00e9couvrir le fonctionnement de SendApp et ses avantages pour l&#039;envoi massif de messages sur WhatsApp.<\/p>\n<h2>Introduction \u00e0 SendApp pour l&#039;envoi de messages en masse sur WhatsApp<\/h2>\n<p>Sendapp est un outil complet qui facilite l&#039;envoi de messages group\u00e9s sur WhatsApp. Gr\u00e2ce \u00e0 son interface intuitive et \u00e0 ses nombreuses fonctionnalit\u00e9s, il est devenu un outil essentiel pour les entreprises souhaitant atteindre leurs clients directement et efficacement.<\/p>\n<h2>Comment fonctionne le logiciel <a href=\"https:\/\/sendapp.live\/fr\/sendapp-desktop-prix\/\" target=\"_blank\" rel=\"noopener\">EnvoyerApp<\/a> envoyer plusieurs messages<\/h2>\n<p>Sendapp utilise l&#039;API WhatsApp pour automatiser l&#039;envoi de messages en masse. Les utilisateurs peuvent cr\u00e9er des campagnes marketing personnalis\u00e9es, organiser leurs listes de contacts et suivre les performances de leurs campagnes directement depuis la plateforme.<\/p>\n<h2>Avantages de l&#039;utilisation de sendapp pour envoyer des messages en masse sur WhatsApp<\/h2>\n<p>Les avantages d&#039;utiliser sendapp sont nombreux : vous gagnez du temps et de l&#039;\u00e9nergie lors de l&#039;envoi de plusieurs messages, vous pouvez atteindre un large public rapidement et efficacement et vous pouvez suivre l&#039;avancement de vos campagnes en temps r\u00e9el.<\/p>\n<h2>\u00c9tapes pour envoyer des messages en masse sur WhatsApp avec <a href=\"https:\/\/sendapp.live\/fr\/sendapp-desktop-prix\/\" target=\"_blank\" rel=\"noopener\">EnvoyerApp<\/a><\/h2>\n<p>Pour envoyer des messages group\u00e9s sur WhatsApp avec SendApp, cr\u00e9ez simplement un compte, importez une liste de contacts, cr\u00e9ez un message personnalis\u00e9 et programmez l&#039;envoi. SendApp s&#039;occupe du reste, garantissant une livraison efficace et pr\u00e9cise de vos messages.<\/p>\n<h2>Configuration du compte <a href=\"https:\/\/sendapp.live\/fr\/sendapp-desktop-prix\/\" target=\"_blank\" rel=\"noopener\">EnvoyerApp <\/a>envoyer plusieurs messages<\/h2>\n<p>Cr\u00e9er un compte SendApp est simple et rapide. Les utilisateurs peuvent personnaliser leurs param\u00e8tres, g\u00e9rer leurs listes de contacts et suivre les performances de leurs campagnes directement depuis le tableau de bord SendApp.<\/p>\n<h2>Comment organiser les listes de contacts pour SendApp sur WhatsApp<\/h2>\n<p>Organiser vos listes de contacts sur SendApp est essentiel au succ\u00e8s de vos campagnes marketing. Les utilisateurs peuvent cr\u00e9er des groupes de contacts selon des crit\u00e8res sp\u00e9cifiques, tels que les centres d&#039;int\u00e9r\u00eat ou les donn\u00e9es d\u00e9mographiques, pour envoyer des messages cibl\u00e9s et personnalis\u00e9s.<\/p>\n<h2>Surveillez et analysez plusieurs envois avec sendapp sur <a href=\"https:\/\/it.wikipedia.org\/wiki\/WhatsApp\" target=\"_blank\" rel=\"noopener\">WhatsApp<\/a><\/h2>\n<p>Sendapp permet aux utilisateurs de suivre et d&#039;analyser les performances des envois group\u00e9s sur WhatsApp. Gr\u00e2ce \u00e0 des rapports d\u00e9taill\u00e9s et des statistiques en temps r\u00e9el, vous pouvez \u00e9valuer l&#039;efficacit\u00e9 de vos campagnes et ajuster vos actions pour optimiser leurs r\u00e9sultats.<\/p>\n<h2>Limitations et restrictions lors de l&#039;envoi d&#039;e-mails en masse avec sendapp<\/h2>\n<p>Il est important de noter que l&#039;envoi de messages en masse sur WhatsApp \u00e0 l&#039;aide de sendapp est soumis \u00e0 certaines limitations et restrictions, telles que le respect des politiques anti-spam de WhatsApp et le respect des limites d&#039;envoi quotidiennes.<\/p>\n<h2>Conseils pour maximiser l&#039;efficacit\u00e9 des envois multiples sur <a href=\"https:\/\/it.wikipedia.org\/wiki\/WhatsApp\" target=\"_blank\" rel=\"noopener\">WhatsApp<\/a><\/h2>\n<p>Pour maximiser l&#039;efficacit\u00e9 des envois multiples sur <a href=\"https:\/\/it.wikipedia.org\/wiki\/WhatsApp\" target=\"_blank\" rel=\"noopener\">WhatsApp<\/a> avec <a href=\"https:\/\/sendapp.live\/fr\/sendapp-desktop-prix\/\" target=\"_blank\" rel=\"noopener\">EnvoyerApp<\/a>, il est conseill\u00e9 de cr\u00e9er des messages personnalis\u00e9s, de segmenter les listes de contacts en fonction de crit\u00e8res pr\u00e9cis et de surveiller en permanence les performances de vos campagnes pour apporter d&#039;\u00e9ventuelles corrections.<\/p>\n<p>En conclusion, sendapp est un outil puissant et polyvalent qui vous permet d&#039;envoyer des messages en masse sur WhatsApp de mani\u00e8re efficace et professionnelle. Gr\u00e2ce \u00e0 ses nombreuses fonctionnalit\u00e9s et \u00e0 sa simplicit\u00e9 d&#039;utilisation, sendapp s&#039;est impos\u00e9 comme l&#039;une des meilleures solutions du march\u00e9 pour les entreprises souhaitant exploiter pleinement le potentiel de WhatsApp en mati\u00e8re de marketing et de communication.<\/p>\n\t<\/div>\n<\/div>\n\n\n\n\n\t\t\t<\/div> \n\t\t<\/div>\n\t<\/div> \n<\/div><\/div>\n\t\t<div id=\"price\"  data-column-margin=\"default\" data-midnight=\"dark\" data-top-percent=\"4%\" data-bottom-percent=\"7%\"  class=\"wpb_row vc_row-fluid vc_row full-width-section\"  style=\"padding-top: calc(100vw * 0.04); padding-bottom: calc(100vw * 0.07); \"><div class=\"row-bg-wrap\" data-bg-animation=\"none\" data-bg-animation-delay=\"\" data-bg-overlay=\"false\"><div class=\"inner-wrap row-bg-layer\" ><div class=\"row-bg viewport-desktop\"  style=\"\"><\/div><\/div><\/div><div class=\"row_col_wrap_12 col span_12 dark left\">\n\t<div  class=\"vc_col-sm-12 wpb_column column_container vc_column_container col no-extra-padding inherit_tablet inherit_phone\"  data-padding-pos=\"all\" data-has-bg-color=\"false\" data-bg-color=\"\" data-bg-opacity=\"1\" data-animation=\"\" data-delay=\"0\" >\n\t\t<div class=\"vc_column-inner\" >\n\t\t\t<div class=\"wpb_wrapper\">\n\t\t\t\t<div id=\"fws_69e238c253009\" data-midnight=\"\" data-column-margin=\"default\" class=\"wpb_row vc_row-fluid vc_row inner_row\"  style=\"\"><div class=\"row-bg-wrap\"> <div class=\"row-bg\" ><\/div> <\/div><div class=\"row_col_wrap_12_inner col span_12  left\">\n\t<div  class=\"vc_col-sm-12 wpb_column column_container vc_column_container col child_column centered-text has-animation no-extra-padding inherit_tablet inherit_phone\"   data-padding-pos=\"all\" data-has-bg-color=\"false\" data-bg-color=\"\" data-bg-opacity=\"1\" data-animation=\"fade-in\" data-delay=\"0\" >\n\t\t<div class=\"vc_column-inner\" >\n\t\t<div class=\"wpb_wrapper\">\n\t\t\t\n<div class=\"wpb_text_column wpb_content_element  vc_custom_1712152870190\" >\n\t<div class=\"wpb_wrapper\">\n\t\t<section class=\"main-section main-section-full main-section-slim\">\n<h1 class=\"row\">Une tarification simple et transparente<\/h1>\n<h3 class=\"row\">Pas de frais et pas de frais par message.<\/h3>\n<p><span style=\"color: #999999;\">Le prix varie en fonction des fonctionnalit\u00e9s incluses et du nombre d'envois automatiques.<\/span><\/p>\n<\/section>\n\t<\/div>\n<\/div>\n\n\n\n\n\t\t<\/div> \n\t<\/div>\n\t<\/div> \n<\/div><\/div><div class=\"row pricing-table four-cols\" data-style=\"flat-alternative\"><div class=\"pricing-column no-highlight accent-color\">\n\t\t\t<h3>Free<\/h3>\n          <div class=\"pricing-column-content\">\n\t\t\t<h4> <span class=\"dollar-sign\">\u20ac<\/span> 0 <\/h4>\n\t\t\t<span class=\"interval\">7 jours<\/span>\n<div class=\"wpb_text_column wpb_content_element\" >\n\t<div class=\"wpb_wrapper\">\n\t\t<h6><a class=\"nectar-button n-sc-button large accent-color has-icon regular-button\"  href=\"https:\/\/sendapp.live\/fr\/produit\/sendapp-gratuit\/\" data-color-override=\"false\" data-hover-color-override=\"false\" data-hover-text-color-override=\"#fff\"><span>T\u00e9l\u00e9chargements<\/span><i class=\"icon-button-arrow\"><\/i><\/a><\/h6>\n<h6><i class=\"icon-tiny fa fa-check accent-color\"><\/i> 20 Envoi automatique<\/h6>\n<h6><i class=\"icon-tiny fa fa-check accent-color\"><\/i> 7 jours<\/h6>\n<h6><i class=\"icon-tiny fa fa-check accent-color\"><\/i> Annuaire des contacts<\/h6>\n<h6><i class=\"icon-tiny fa fa-check accent-color\"><\/i> Envoyer un rapport<\/h6>\n<h6><i class=\"icon-tiny fa fa-check accent-color\"><\/i> R\u00e9ponse automatique<\/h6>\n<h6><i class=\"icon-tiny fa fa-check accent-color\"><\/i> Galerie de photos<\/h6>\n<h6><i class=\"icon-tiny fa fa-check accent-color\"><\/i> Photo libre de droits<\/h6>\n<h6><i class=\"icon-tiny fa fa-check accent-color\"><\/i> \u00c9diteur de photos<\/h6>\n<h6><del><i class=\"icon-tiny fa fa-check accent-color\"><\/i> Planification<\/del><\/h6>\n<h6><del><i class=\"icon-tiny fa fa-check accent-color\"><\/i>\u00a0 Passerelle Whatsapp<\/del><\/h6>\n<h6><del><i class=\"icon-tiny fa fa-check accent-color\"><\/i>\u00a0 SMS Gateway<\/del><\/h6>\n<h6><del><i class=\"icon-tiny fa fa-check accent-color\"><\/i> Plugins WordPress<\/del><\/h6>\n<h6><del><i class=\"icon-tiny fa fa-check accent-color\"><\/i> Service Clients<\/del><\/h6>\n\t<\/div>\n<\/div>\n\n\n\n<\/div><\/div><div class=\"pricing-column no-highlight accent-color\">\n\t\t\t<h3>Pro<\/h3>\n          <div class=\"pricing-column-content\">\n\t\t\t<h4> <span class=\"dollar-sign\">\u20ac<\/span> 90 <\/h4>\n\t\t\t<span class=\"interval\">Pour toujours<\/span>\n<div class=\"wpb_text_column wpb_content_element\" >\n\t<div class=\"wpb_wrapper\">\n\t\t<h6><a class=\"nectar-button n-sc-button large accent-color has-icon regular-button\"  href=\"https:\/\/sendapp.live\/fr\/produit\/sendapp-professional\/\" data-color-override=\"false\" data-hover-color-override=\"false\" data-hover-text-color-override=\"#fff\"><span>Acheter<\/span><i class=\"icon-button-arrow\"><\/i><\/a><\/h6>\n<h6><i class=\"icon-tiny fa fa-check accent-color\"><\/i> 200 envois automatiques<\/h6>\n<h6><i class=\"icon-tiny fa fa-check accent-color\"><\/i> Pour toujours<\/h6>\n<h6><i class=\"icon-tiny fa fa-check accent-color\"><\/i> Annuaire des contacts<\/h6>\n<h6><i class=\"icon-tiny fa fa-check accent-color\"><\/i> Envoyer un rapport<\/h6>\n<h6><del><i class=\"icon-tiny fa fa-check accent-color\"><\/i> R\u00e9ponse automatique<\/del><\/h6>\n<h6><i class=\"icon-tiny fa fa-check accent-color\"><\/i> Galerie de photos<\/h6>\n<h6><i class=\"icon-tiny fa fa-check accent-color\"><\/i> Photo libre de droits<\/h6>\n<h6><i class=\"icon-tiny fa fa-check accent-color\"><\/i> \u00c9diteur de photos<\/h6>\n<h6><del><i class=\"icon-tiny fa fa-check accent-color\"><\/i> Planification<\/del><\/h6>\n<h6><del><i class=\"icon-tiny fa fa-check accent-color\"><\/i>\u00a0Passerelle Whatsapp<\/del><\/h6>\n<h6><del><i class=\"icon-tiny fa fa-check accent-color\"><\/i>\u00a0SMS Gateway<\/del><\/h6>\n<h6><del><i class=\"icon-tiny fa fa-check accent-color\"><\/i> Plugins WordPress<\/del><\/h6>\n<h6><i class=\"icon-tiny fa fa-check accent-color\"><\/i> Service Clients<\/h6>\n\t<\/div>\n<\/div>\n\n\n\n<\/div><\/div><div class=\"pricing-column highlight accent-color\">\n\t\t\t<h3>Business<span class=\"highlight-reason\">Recommand\u00e9<\/span><\/h3>\n          <div class=\"pricing-column-content\">\n\t\t\t<h4> <span class=\"dollar-sign\">\u20ac<\/span> 199 <\/h4>\n\t\t\t<span class=\"interval\">Pour toujours<\/span>\n<div class=\"wpb_text_column wpb_content_element\" >\n\t<div class=\"wpb_wrapper\">\n\t\t<h6><a class=\"nectar-button n-sc-button large accent-color has-icon regular-button\"  href=\"https:\/\/sendapp.live\/fr\/produit\/sendapp-business\/\" data-color-override=\"false\" data-hover-color-override=\"false\" data-hover-text-color-override=\"#fff\"><span>Acheter<\/span><i class=\"icon-button-arrow\"><\/i><\/a><\/h6>\n<h6><i class=\"icon-tiny fa fa-check accent-color\"><\/i> Envois illimit\u00e9s<\/h6>\n<h6><i class=\"icon-tiny fa fa-check accent-color\"><\/i> Pour toujours<\/h6>\n<h6><i class=\"icon-tiny fa fa-check accent-color\"><\/i> Annuaire des contacts<\/h6>\n<h6><i class=\"icon-tiny fa fa-check accent-color\"><\/i> Envoyer un rapport<\/h6>\n<h6><i class=\"icon-tiny fa fa-check accent-color\"><\/i> R\u00e9ponse automatique<\/h6>\n<h6><i class=\"icon-tiny fa fa-check accent-color\"><\/i> Galerie de photos<\/h6>\n<h6><i class=\"icon-tiny fa fa-check accent-color\"><\/i> Photo libre de droits<\/h6>\n<h6><i class=\"icon-tiny fa fa-check accent-color\"><\/i> \u00c9diteur de photos<\/h6>\n<h6><i class=\"icon-tiny fa fa-check accent-color\"><\/i> Planification<\/h6>\n<h6><del><i class=\"icon-tiny fa fa-check accent-color\"><\/i> Passerelle Whatsapp<\/del><\/h6>\n<h6><i class=\"icon-tiny fa fa-check accent-color\"><\/i> SMS Gateway<\/h6>\n<h6><del><i class=\"icon-tiny fa fa-check accent-color\"><\/i> Plugins WordPress<\/del><\/h6>\n<h6><i class=\"icon-tiny fa fa-check accent-color\"><\/i> Service Clients<\/h6>\n\t<\/div>\n<\/div>\n\n\n\n<\/div><\/div><div class=\"pricing-column no-highlight accent-color\">\n\t\t\t<h3>Connect<\/h3>\n          <div class=\"pricing-column-content\">\n\t\t\t<h4> <span class=\"dollar-sign\">\u20ac<\/span> 299 <\/h4>\n\t\t\t<span class=\"interval\">Pour toujours<\/span>\n<div class=\"wpb_text_column wpb_content_element\" >\n\t<div class=\"wpb_wrapper\">\n\t\t<h6><a class=\"nectar-button n-sc-button large accent-color has-icon regular-button\"  href=\"https:\/\/sendapp.live\/fr\/produit\/sendapp-web-connect\/\" data-color-override=\"false\" data-hover-color-override=\"false\" data-hover-text-color-override=\"#fff\"><span>Acheter<\/span><i class=\"icon-button-arrow\"><\/i><\/a><\/h6>\n<h6><i class=\"icon-tiny fa fa-check accent-color\"><\/i> Envois illimit\u00e9s<\/h6>\n<h6><i class=\"icon-tiny fa fa-check accent-color\"><\/i> Pour toujours<\/h6>\n<h6><i class=\"icon-tiny fa fa-check accent-color\"><\/i> Annuaire des contacts<\/h6>\n<h6><i class=\"icon-tiny fa fa-check accent-color\"><\/i> Envoyer un rapport<\/h6>\n<h6><i class=\"icon-tiny fa fa-check accent-color\"><\/i> R\u00e9ponse automatique<\/h6>\n<h6><i class=\"icon-tiny fa fa-check accent-color\"><\/i> Galerie de photos<\/h6>\n<h6><i class=\"icon-tiny fa fa-check accent-color\"><\/i> Photo libre de droits<\/h6>\n<h6><i class=\"icon-tiny fa fa-check accent-color\"><\/i> \u00c9diteur de photos<\/h6>\n<h6><i class=\"icon-tiny fa fa-check accent-color\"><\/i> Planification<\/h6>\n<h6><i class=\"icon-tiny fa fa-check accent-color\"><\/i>\u00a0Passerelle Whatsapp<\/h6>\n<h6><i class=\"icon-tiny fa fa-check accent-color\"><\/i>\u00a0SMS Gateway<\/h6>\n<h6><i class=\"icon-tiny fa fa-check accent-color\"><\/i> Plugins WordPress<\/h6>\n<h6><i class=\"icon-tiny fa fa-check accent-color\"><\/i> Service Clients<\/h6>\n\t<\/div>\n<\/div>\n\n\n\n<\/div><\/div><\/div>\n\t\t\t<\/div> \n\t\t<\/div>\n\t<\/div> \n<\/div><\/div>","protected":false},"excerpt":{"rendered":"Envoi group\u00e9 de messages WhatsApp avec SendApp. SendApp est un logiciel qui vous permet d&#039;envoyer des messages group\u00e9s sur WhatsApp rapidement et efficacement. Cette plateforme innovante vous permet d&#039;organiser...","protected":false},"author":1,"featured_media":0,"parent":0,"menu_order":0,"comment_status":"closed","ping_status":"closed","template":"","meta":{"_daim_seo_power":"","_daim_enable_ail":"","footnotes":""},"class_list":["post-30127","page","type-page","status-publish"],"yoast_head":"<!-- This site is optimized with the Yoast SEO Premium plugin v27.3 (Yoast SEO v27.3) - https:\/\/yoast.com\/product\/yoast-seo-premium-wordpress\/ -->\n<title>WhatsApp Bulk Sender con SendApp<\/title>\n<meta name=\"robots\" content=\"index, follow, max-snippet:-1, max-image-preview:large, max-video-preview:-1\" \/>\n<link rel=\"canonical\" href=\"https:\/\/sendapp.live\/fr\/whatsapp-bulk-sender\/\" \/>\n<meta property=\"og:locale\" content=\"fr_FR\" \/>\n<meta property=\"og:type\" content=\"article\" \/>\n<meta property=\"og:title\" content=\"whatsapp bulk sender\" \/>\n<meta property=\"og:url\" content=\"https:\/\/sendapp.live\/fr\/whatsapp-bulk-sender\/\" \/>\n<meta property=\"og:site_name\" content=\"SendApp - Software Whatsapp Marketing\" \/>\n<meta property=\"article:publisher\" content=\"https:\/\/www.facebook.com\/sendapp.live\" \/>\n<meta property=\"article:modified_time\" content=\"2024-06-24T13:49:54+00:00\" \/>\n<meta name=\"twitter:card\" content=\"summary_large_image\" \/>\n<meta name=\"twitter:site\" content=\"@sendapp_live\" \/>\n<meta name=\"twitter:label1\" content=\"Dur\u00e9e de lecture estim\u00e9e\" \/>\n\t<meta name=\"twitter:data1\" content=\"6 minutes\" \/>\n<script type=\"application\/ld+json\" class=\"yoast-schema-graph\">{\"@context\":\"https:\\\/\\\/schema.org\",\"@graph\":[{\"@type\":\"WebPage\",\"@id\":\"https:\\\/\\\/sendapp.live\\\/en\\\/whatsapp-bulk-sender\\\/\",\"url\":\"https:\\\/\\\/sendapp.live\\\/en\\\/whatsapp-bulk-sender\\\/\",\"name\":\"WhatsApp Bulk Sender con SendApp\",\"isPartOf\":{\"@id\":\"https:\\\/\\\/sendapp.live\\\/it\\\/#website\"},\"datePublished\":\"2024-06-20T17:55:37+00:00\",\"dateModified\":\"2024-06-24T13:49:54+00:00\",\"breadcrumb\":{\"@id\":\"https:\\\/\\\/sendapp.live\\\/en\\\/whatsapp-bulk-sender\\\/#breadcrumb\"},\"inLanguage\":\"fr-FR\",\"potentialAction\":[{\"@type\":\"ReadAction\",\"target\":[\"https:\\\/\\\/sendapp.live\\\/en\\\/whatsapp-bulk-sender\\\/\"]}]},{\"@type\":\"BreadcrumbList\",\"@id\":\"https:\\\/\\\/sendapp.live\\\/en\\\/whatsapp-bulk-sender\\\/#breadcrumb\",\"itemListElement\":[{\"@type\":\"ListItem\",\"position\":1,\"name\":\"Home\",\"item\":\"https:\\\/\\\/sendapp.live\\\/\"},{\"@type\":\"ListItem\",\"position\":2,\"name\":\"whatsapp bulk sender\"}]},{\"@type\":\"WebSite\",\"@id\":\"https:\\\/\\\/sendapp.live\\\/it\\\/#website\",\"url\":\"https:\\\/\\\/sendapp.live\\\/it\\\/\",\"name\":\"SendApp\",\"description\":\"Automate Your Messages &amp; Grow Your Business\",\"publisher\":{\"@id\":\"https:\\\/\\\/sendapp.live\\\/it\\\/#organization\"},\"alternateName\":\"SendApp WhatsApp Marketing\",\"potentialAction\":[{\"@type\":\"SearchAction\",\"target\":{\"@type\":\"EntryPoint\",\"urlTemplate\":\"https:\\\/\\\/sendapp.live\\\/it\\\/?s={search_term_string}\"},\"query-input\":{\"@type\":\"PropertyValueSpecification\",\"valueRequired\":true,\"valueName\":\"search_term_string\"}}],\"inLanguage\":\"fr-FR\"},{\"@type\":\"Organization\",\"@id\":\"https:\\\/\\\/sendapp.live\\\/it\\\/#organization\",\"name\":\"SendApp\",\"url\":\"https:\\\/\\\/sendapp.live\\\/it\\\/\",\"logo\":{\"@type\":\"ImageObject\",\"inLanguage\":\"fr-FR\",\"@id\":\"https:\\\/\\\/sendapp.live\\\/it\\\/#\\\/schema\\\/logo\\\/image\\\/\",\"url\":\"https:\\\/\\\/sendapp.live\\\/wp-content\\\/uploads\\\/2025\\\/04\\\/Logo-Sendapp-300x60-1.png\",\"contentUrl\":\"https:\\\/\\\/sendapp.live\\\/wp-content\\\/uploads\\\/2025\\\/04\\\/Logo-Sendapp-300x60-1.png\",\"width\":300,\"height\":60,\"caption\":\"SendApp\"},\"image\":{\"@id\":\"https:\\\/\\\/sendapp.live\\\/it\\\/#\\\/schema\\\/logo\\\/image\\\/\"},\"sameAs\":[\"https:\\\/\\\/www.facebook.com\\\/sendapp.live\",\"https:\\\/\\\/x.com\\\/sendapp_live\",\"https:\\\/\\\/www.instagram.com\\\/sendapp.live\",\"https:\\\/\\\/www.youtube.com\\\/channel\\\/UC2gaLpi0-OJLG4CFbOr6mLw\",\"https:\\\/\\\/it.trustpilot.com\\\/review\\\/sendapp.live\"],\"description\":\"Piattaforma italiana di WhatsApp Marketing con API ufficiali Meta. Assistente AI, campagne massive, SMS Gateway gratuito, Google Calendar, automazioni. Da \u20ac16\\\/mese senza markup sui messaggi.\",\"email\":\"info@sendapp.live\",\"foundingDate\":\"2016-07-25\"}]}<\/script>\n<!-- \/ Yoast SEO Premium plugin. -->","yoast_head_json":{"title":"WhatsApp Bulk Sender avec SendApp","robots":{"index":"index","follow":"follow","max-snippet":"max-snippet:-1","max-image-preview":"max-image-preview:large","max-video-preview":"max-video-preview:-1"},"canonical":"https:\/\/sendapp.live\/fr\/whatsapp-bulk-sender\/","og_locale":"fr_FR","og_type":"article","og_title":"whatsapp bulk sender","og_url":"https:\/\/sendapp.live\/fr\/whatsapp-bulk-sender\/","og_site_name":"SendApp - Software Whatsapp Marketing","article_publisher":"https:\/\/www.facebook.com\/sendapp.live","article_modified_time":"2024-06-24T13:49:54+00:00","twitter_card":"summary_large_image","twitter_site":"@sendapp_live","twitter_misc":{"Dur\u00e9e de lecture estim\u00e9e":"6 minutes"},"schema":{"@context":"https:\/\/schema.org","@graph":[{"@type":"WebPage","@id":"https:\/\/sendapp.live\/en\/whatsapp-bulk-sender\/","url":"https:\/\/sendapp.live\/en\/whatsapp-bulk-sender\/","name":"WhatsApp Bulk Sender avec SendApp","isPartOf":{"@id":"https:\/\/sendapp.live\/it\/#website"},"datePublished":"2024-06-20T17:55:37+00:00","dateModified":"2024-06-24T13:49:54+00:00","breadcrumb":{"@id":"https:\/\/sendapp.live\/en\/whatsapp-bulk-sender\/#breadcrumb"},"inLanguage":"fr-FR","potentialAction":[{"@type":"ReadAction","target":["https:\/\/sendapp.live\/en\/whatsapp-bulk-sender\/"]}]},{"@type":"BreadcrumbList","@id":"https:\/\/sendapp.live\/en\/whatsapp-bulk-sender\/#breadcrumb","itemListElement":[{"@type":"ListItem","position":1,"name":"Home","item":"https:\/\/sendapp.live\/"},{"@type":"ListItem","position":2,"name":"whatsapp bulk sender"}]},{"@type":"WebSite","@id":"https:\/\/sendapp.live\/it\/#website","url":"https:\/\/sendapp.live\/it\/","name":"EnvoyerApp","description":"Automatisez vos messages et d\u00e9veloppez votre activit\u00e9","publisher":{"@id":"https:\/\/sendapp.live\/it\/#organization"},"alternateName":"SendApp WhatsApp Marketing","potentialAction":[{"@type":"SearchAction","target":{"@type":"EntryPoint","urlTemplate":"https:\/\/sendapp.live\/it\/?s={search_term_string}"},"query-input":{"@type":"PropertyValueSpecification","valueRequired":true,"valueName":"search_term_string"}}],"inLanguage":"fr-FR"},{"@type":"Organization","@id":"https:\/\/sendapp.live\/it\/#organization","name":"EnvoyerApp","url":"https:\/\/sendapp.live\/it\/","logo":{"@type":"ImageObject","inLanguage":"fr-FR","@id":"https:\/\/sendapp.live\/it\/#\/schema\/logo\/image\/","url":"https:\/\/sendapp.live\/wp-content\/uploads\/2025\/04\/Logo-Sendapp-300x60-1.png","contentUrl":"https:\/\/sendapp.live\/wp-content\/uploads\/2025\/04\/Logo-Sendapp-300x60-1.png","width":300,"height":60,"caption":"SendApp"},"image":{"@id":"https:\/\/sendapp.live\/it\/#\/schema\/logo\/image\/"},"sameAs":["https:\/\/www.facebook.com\/sendapp.live","https:\/\/x.com\/sendapp_live","https:\/\/www.instagram.com\/sendapp.live","https:\/\/www.youtube.com\/channel\/UC2gaLpi0-OJLG4CFbOr6mLw","https:\/\/it.trustpilot.com\/review\/sendapp.live"],"description":"Plateforme italienne de marketing WhatsApp avec API Meta officielle. Assistant IA, campagnes de masse, passerelle SMS gratuite, Google Agenda, automatisations. \u00c0 partir de 16 \u20ac\/mois sans majoration de prix.","email":"info@sendapp.live","foundingDate":"2016-07-25"}]}},"_links":{"self":[{"href":"https:\/\/sendapp.live\/fr\/wp-json\/wp\/v2\/pages\/30127","targetHints":{"allow":["GET"]}}],"collection":[{"href":"https:\/\/sendapp.live\/fr\/wp-json\/wp\/v2\/pages"}],"about":[{"href":"https:\/\/sendapp.live\/fr\/wp-json\/wp\/v2\/types\/page"}],"author":[{"embeddable":true,"href":"https:\/\/sendapp.live\/fr\/wp-json\/wp\/v2\/users\/1"}],"replies":[{"embeddable":true,"href":"https:\/\/sendapp.live\/fr\/wp-json\/wp\/v2\/comments?post=30127"}],"version-history":[{"count":11,"href":"https:\/\/sendapp.live\/fr\/wp-json\/wp\/v2\/pages\/30127\/revisions"}],"predecessor-version":[{"id":30231,"href":"https:\/\/sendapp.live\/fr\/wp-json\/wp\/v2\/pages\/30127\/revisions\/30231"}],"wp:attachment":[{"href":"https:\/\/sendapp.live\/fr\/wp-json\/wp\/v2\/media?parent=30127"}],"curies":[{"name":"wp","href":"https:\/\/api.w.org\/{rel}","templated":true}]}}